{"id":540597,"date":"2025-10-15T02:39:26","date_gmt":"2025-10-15T00:39:26","guid":{"rendered":"https:\/\/perle-in.com\/produit\/bouteille-deau-guzzle-de-820-ml-en-acier-inoxydable-certifie-rcs\/"},"modified":"2025-10-19T05:47:44","modified_gmt":"2025-10-19T03:47:44","slug":"bouteille-deau-guzzle-de-820-ml-en-acier-inoxydable-certifie-rcs","status":"publish","type":"product","link":"https:\/\/perle-in.com\/en\/product\/bouteille-deau-guzzle-de-820-ml-en-acier-inoxydable-certifie-rcs\/","title":{"rendered":"Bouteille d&#8217;eau Guzzle de 820\u00a0ml en acier inoxydable certifi\u00e9 RCS"},"content":{"rendered":"","protected":false},"excerpt":{"rendered":"<p>La Guzzle est une bouteille d&#8217;eau recycl\u00e9e au design \u00e9pur\u00e9, dot\u00e9e d&#8217;un couvercle \u00e0 visser pour faciliter l&#8217;ouverture et la fermeture. La bouteille \u00e0 simple paroi est parfaite pour les moments de grande soif, puisqu&#8217;elle contient pas moins de 820\u00a0ml. La bouteille est fabriqu\u00e9e en acier inoxydable recycl\u00e9 certifi\u00e9 RCS et est donc robuste avec une longue dur\u00e9e de vie. En outre, la bouteille offre suffisamment de possibilit\u00e9s pour afficher de mani\u00e8re unique n&#8217;importe quel logo ou message.<\/p>","protected":false},"featured_media":540564,"template":"","meta":{"_eb_attr":""},"product_brand":[],"product_cat":[174,173],"product_tag":[3224,276,275,175,837,274,192,3377,2884,836],"class_list":{"0":"post-540597","1":"product","2":"type-product","3":"status-publish","4":"has-post-thumbnail","6":"product_cat-bouteilles-deau","7":"product_cat-drinkware","8":"product_tag-articles-pour-boissons","9":"product_tag-boire","10":"product_tag-boissons","11":"product_tag-bouteille","12":"product_tag-durable","13":"product_tag-eau","14":"product_tag-gourde","15":"product_tag-isolee","16":"product_tag-rcs","17":"product_tag-recycle","18":"pa_couleurs-argent","19":"pa_couleurs-blanc","20":"pa_couleurs-noir","21":"pa_green-points-3218","22":"pa_matiere-acier-inoxydable-recycle-plastique-pp-recycle","24":"first","25":"instock","26":"sale","27":"shipping-taxable","28":"purchasable","29":"product-type-variable"},"yoast_head":"<!-- This site is optimized with the Yoast SEO plugin v27.4 - https:\/\/yoast.com\/product\/yoast-seo-wordpress\/ -->\n<title>Bouteille d&#039;eau Guzzle de 820\u00a0ml en acier inoxydable certifi\u00e9 RCS - PERLE IN<\/title>\n<meta name=\"robots\" content=\"noindex, follow, max-snippet:-1, max-image-preview:large, max-video-preview:-1\" \/>\n<meta property=\"og:locale\" content=\"en_US\" \/>\n<meta property=\"og:type\" content=\"article\" \/>\n<meta property=\"og:title\" content=\"Bouteille d&#039;eau Guzzle de 820\u00a0ml en acier inoxydable certifi\u00e9 RCS - PERLE IN\" \/>\n<meta property=\"og:description\" content=\"La Guzzle est une bouteille d&#039;eau recycl\u00e9e au design \u00e9pur\u00e9, dot\u00e9e d&#039;un couvercle \u00e0 visser pour faciliter l&#039;ouverture et la fermeture. La bouteille \u00e0 simple paroi est parfaite pour les moments de grande soif, puisqu&#039;elle contient pas moins de 820\u00a0ml. La bouteille est fabriqu\u00e9e en acier inoxydable recycl\u00e9 certifi\u00e9 RCS et est donc robuste avec une longue dur\u00e9e de vie. En outre, la bouteille offre suffisamment de possibilit\u00e9s pour afficher de mani\u00e8re unique n&#039;importe quel logo ou message.\" \/>\n<meta property=\"og:url\" content=\"https:\/\/perle-in.com\/en\/product\/bouteille-deau-guzzle-de-820-ml-en-acier-inoxydable-certifie-rcs\/\" \/>\n<meta property=\"og:site_name\" content=\"PERLE IN\" \/>\n<meta property=\"article:modified_time\" content=\"2025-10-19T03:47:44+00:00\" \/>\n<meta property=\"og:image\" content=\"https:\/\/perle-in.com\/wp-content\/uploads\/2025\/10\/10079101-1.jpg\" \/>\n\t<meta property=\"og:image:width\" content=\"1600\" \/>\n\t<meta property=\"og:image:height\" content=\"1600\" \/>\n\t<meta property=\"og:image:type\" content=\"image\/jpeg\" \/>\n<meta name=\"twitter:card\" content=\"summary_large_image\" \/>\n<script type=\"application\/ld+json\" class=\"yoast-schema-graph\">{\"@context\":\"https:\\\/\\\/schema.org\",\"@graph\":[{\"@type\":\"WebPage\",\"@id\":\"https:\\\/\\\/perle-in.com\\\/produit\\\/bouteille-deau-guzzle-de-820-ml-en-acier-inoxydable-certifie-rcs\\\/\",\"url\":\"https:\\\/\\\/perle-in.com\\\/produit\\\/bouteille-deau-guzzle-de-820-ml-en-acier-inoxydable-certifie-rcs\\\/\",\"name\":\"Bouteille d'eau Guzzle de 820\u00a0ml en acier inoxydable certifi\u00e9 RCS - PERLE IN\",\"isPartOf\":{\"@id\":\"https:\\\/\\\/perle-in.com\\\/#website\"},\"primaryImageOfPage\":{\"@id\":\"https:\\\/\\\/perle-in.com\\\/produit\\\/bouteille-deau-guzzle-de-820-ml-en-acier-inoxydable-certifie-rcs\\\/#primaryimage\"},\"image\":{\"@id\":\"https:\\\/\\\/perle-in.com\\\/produit\\\/bouteille-deau-guzzle-de-820-ml-en-acier-inoxydable-certifie-rcs\\\/#primaryimage\"},\"thumbnailUrl\":\"https:\\\/\\\/perle-in.com\\\/wp-content\\\/uploads\\\/2025\\\/10\\\/10079101-1.jpg\",\"datePublished\":\"2025-10-15T00:39:26+00:00\",\"dateModified\":\"2025-10-19T03:47:44+00:00\",\"breadcrumb\":{\"@id\":\"https:\\\/\\\/perle-in.com\\\/produit\\\/bouteille-deau-guzzle-de-820-ml-en-acier-inoxydable-certifie-rcs\\\/#breadcrumb\"},\"inLanguage\":\"en-CA\",\"potentialAction\":[{\"@type\":\"ReadAction\",\"target\":[\"https:\\\/\\\/perle-in.com\\\/produit\\\/bouteille-deau-guzzle-de-820-ml-en-acier-inoxydable-certifie-rcs\\\/\"]}]},{\"@type\":\"ImageObject\",\"inLanguage\":\"en-CA\",\"@id\":\"https:\\\/\\\/perle-in.com\\\/produit\\\/bouteille-deau-guzzle-de-820-ml-en-acier-inoxydable-certifie-rcs\\\/#primaryimage\",\"url\":\"https:\\\/\\\/perle-in.com\\\/wp-content\\\/uploads\\\/2025\\\/10\\\/10079101-1.jpg\",\"contentUrl\":\"https:\\\/\\\/perle-in.com\\\/wp-content\\\/uploads\\\/2025\\\/10\\\/10079101-1.jpg\",\"width\":1600,\"height\":1600},{\"@type\":\"BreadcrumbList\",\"@id\":\"https:\\\/\\\/perle-in.com\\\/produit\\\/bouteille-deau-guzzle-de-820-ml-en-acier-inoxydable-certifie-rcs\\\/#breadcrumb\",\"itemListElement\":[{\"@type\":\"ListItem\",\"position\":1,\"name\":\"Accueil\",\"item\":\"https:\\\/\\\/perle-in.com\\\/\"},{\"@type\":\"ListItem\",\"position\":2,\"name\":\"Boutique\",\"item\":\"https:\\\/\\\/perle-in.com\\\/boutique\\\/\"},{\"@type\":\"ListItem\",\"position\":3,\"name\":\"Bouteille d&#8217;eau Guzzle de 820\u00a0ml en acier inoxydable certifi\u00e9 RCS\"}]},{\"@type\":\"WebSite\",\"@id\":\"https:\\\/\\\/perle-in.com\\\/#website\",\"url\":\"https:\\\/\\\/perle-in.com\\\/\",\"name\":\"PERLE IN\",\"description\":\"\",\"publisher\":{\"@id\":\"https:\\\/\\\/perle-in.com\\\/#organization\"},\"potentialAction\":[{\"@type\":\"SearchAction\",\"target\":{\"@type\":\"EntryPoint\",\"urlTemplate\":\"https:\\\/\\\/perle-in.com\\\/?s={search_term_string}\"},\"query-input\":{\"@type\":\"PropertyValueSpecification\",\"valueRequired\":true,\"valueName\":\"search_term_string\"}}],\"inLanguage\":\"en-CA\"},{\"@type\":\"Organization\",\"@id\":\"https:\\\/\\\/perle-in.com\\\/#organization\",\"name\":\"PERLE IN\",\"url\":\"https:\\\/\\\/perle-in.com\\\/\",\"logo\":{\"@type\":\"ImageObject\",\"inLanguage\":\"en-CA\",\"@id\":\"https:\\\/\\\/perle-in.com\\\/#\\\/schema\\\/logo\\\/image\\\/\",\"url\":\"https:\\\/\\\/perle-in.com\\\/wp-content\\\/uploads\\\/2022\\\/12\\\/LOGO-PERLE-IN-COULEUR@3x.webp\",\"contentUrl\":\"https:\\\/\\\/perle-in.com\\\/wp-content\\\/uploads\\\/2022\\\/12\\\/LOGO-PERLE-IN-COULEUR@3x.webp\",\"width\":1600,\"height\":490,\"caption\":\"PERLE IN\"},\"image\":{\"@id\":\"https:\\\/\\\/perle-in.com\\\/#\\\/schema\\\/logo\\\/image\\\/\"}}]}<\/script>\n<!-- \/ Yoast SEO plugin. -->","yoast_head_json":{"title":"Bouteille d'eau Guzzle de 820\u00a0ml en acier inoxydable certifi\u00e9 RCS - PERLE IN","robots":{"index":"noindex","follow":"follow","max-snippet":"max-snippet:-1","max-image-preview":"max-image-preview:large","max-video-preview":"max-video-preview:-1"},"og_locale":"en_US","og_type":"article","og_title":"Bouteille d'eau Guzzle de 820\u00a0ml en acier inoxydable certifi\u00e9 RCS - PERLE IN","og_description":"La Guzzle est une bouteille d'eau recycl\u00e9e au design \u00e9pur\u00e9, dot\u00e9e d'un couvercle \u00e0 visser pour faciliter l'ouverture et la fermeture. La bouteille \u00e0 simple paroi est parfaite pour les moments de grande soif, puisqu'elle contient pas moins de 820\u00a0ml. La bouteille est fabriqu\u00e9e en acier inoxydable recycl\u00e9 certifi\u00e9 RCS et est donc robuste avec une longue dur\u00e9e de vie. En outre, la bouteille offre suffisamment de possibilit\u00e9s pour afficher de mani\u00e8re unique n'importe quel logo ou message.","og_url":"https:\/\/perle-in.com\/en\/product\/bouteille-deau-guzzle-de-820-ml-en-acier-inoxydable-certifie-rcs\/","og_site_name":"PERLE IN","article_modified_time":"2025-10-19T03:47:44+00:00","og_image":[{"width":1600,"height":1600,"url":"https:\/\/perle-in.com\/wp-content\/uploads\/2025\/10\/10079101-1.jpg","type":"image\/jpeg"}],"twitter_card":"summary_large_image","schema":{"@context":"https:\/\/schema.org","@graph":[{"@type":"WebPage","@id":"https:\/\/perle-in.com\/produit\/bouteille-deau-guzzle-de-820-ml-en-acier-inoxydable-certifie-rcs\/","url":"https:\/\/perle-in.com\/produit\/bouteille-deau-guzzle-de-820-ml-en-acier-inoxydable-certifie-rcs\/","name":"Bouteille d'eau Guzzle de 820\u00a0ml en acier inoxydable certifi\u00e9 RCS - PERLE IN","isPartOf":{"@id":"https:\/\/perle-in.com\/#website"},"primaryImageOfPage":{"@id":"https:\/\/perle-in.com\/produit\/bouteille-deau-guzzle-de-820-ml-en-acier-inoxydable-certifie-rcs\/#primaryimage"},"image":{"@id":"https:\/\/perle-in.com\/produit\/bouteille-deau-guzzle-de-820-ml-en-acier-inoxydable-certifie-rcs\/#primaryimage"},"thumbnailUrl":"https:\/\/perle-in.com\/wp-content\/uploads\/2025\/10\/10079101-1.jpg","datePublished":"2025-10-15T00:39:26+00:00","dateModified":"2025-10-19T03:47:44+00:00","breadcrumb":{"@id":"https:\/\/perle-in.com\/produit\/bouteille-deau-guzzle-de-820-ml-en-acier-inoxydable-certifie-rcs\/#breadcrumb"},"inLanguage":"en-CA","potentialAction":[{"@type":"ReadAction","target":["https:\/\/perle-in.com\/produit\/bouteille-deau-guzzle-de-820-ml-en-acier-inoxydable-certifie-rcs\/"]}]},{"@type":"ImageObject","inLanguage":"en-CA","@id":"https:\/\/perle-in.com\/produit\/bouteille-deau-guzzle-de-820-ml-en-acier-inoxydable-certifie-rcs\/#primaryimage","url":"https:\/\/perle-in.com\/wp-content\/uploads\/2025\/10\/10079101-1.jpg","contentUrl":"https:\/\/perle-in.com\/wp-content\/uploads\/2025\/10\/10079101-1.jpg","width":1600,"height":1600},{"@type":"BreadcrumbList","@id":"https:\/\/perle-in.com\/produit\/bouteille-deau-guzzle-de-820-ml-en-acier-inoxydable-certifie-rcs\/#breadcrumb","itemListElement":[{"@type":"ListItem","position":1,"name":"Accueil","item":"https:\/\/perle-in.com\/"},{"@type":"ListItem","position":2,"name":"Boutique","item":"https:\/\/perle-in.com\/boutique\/"},{"@type":"ListItem","position":3,"name":"Bouteille d&#8217;eau Guzzle de 820\u00a0ml en acier inoxydable certifi\u00e9 RCS"}]},{"@type":"WebSite","@id":"https:\/\/perle-in.com\/#website","url":"https:\/\/perle-in.com\/","name":"PERLE IN","description":"","publisher":{"@id":"https:\/\/perle-in.com\/#organization"},"potentialAction":[{"@type":"SearchAction","target":{"@type":"EntryPoint","urlTemplate":"https:\/\/perle-in.com\/?s={search_term_string}"},"query-input":{"@type":"PropertyValueSpecification","valueRequired":true,"valueName":"search_term_string"}}],"inLanguage":"en-CA"},{"@type":"Organization","@id":"https:\/\/perle-in.com\/#organization","name":"PERLE IN","url":"https:\/\/perle-in.com\/","logo":{"@type":"ImageObject","inLanguage":"en-CA","@id":"https:\/\/perle-in.com\/#\/schema\/logo\/image\/","url":"https:\/\/perle-in.com\/wp-content\/uploads\/2022\/12\/LOGO-PERLE-IN-COULEUR@3x.webp","contentUrl":"https:\/\/perle-in.com\/wp-content\/uploads\/2022\/12\/LOGO-PERLE-IN-COULEUR@3x.webp","width":1600,"height":490,"caption":"PERLE IN"},"image":{"@id":"https:\/\/perle-in.com\/#\/schema\/logo\/image\/"}}]}},"jetpack_sharing_enabled":true,"_links":{"self":[{"href":"https:\/\/perle-in.com\/en\/wp-json\/wp\/v2\/product\/540597","targetHints":{"allow":["GET"]}}],"collection":[{"href":"https:\/\/perle-in.com\/en\/wp-json\/wp\/v2\/product"}],"about":[{"href":"https:\/\/perle-in.com\/en\/wp-json\/wp\/v2\/types\/product"}],"version-history":[{"count":0,"href":"https:\/\/perle-in.com\/en\/wp-json\/wp\/v2\/product\/540597\/revisions"}],"wp:featuredmedia":[{"embeddable":true,"href":"https:\/\/perle-in.com\/en\/wp-json\/wp\/v2\/media\/540564"}],"wp:attachment":[{"href":"https:\/\/perle-in.com\/en\/wp-json\/wp\/v2\/media?parent=540597"}],"wp:term":[{"taxonomy":"product_brand","embeddable":true,"href":"https:\/\/perle-in.com\/en\/wp-json\/wp\/v2\/product_brand?post=540597"},{"taxonomy":"product_cat","embeddable":true,"href":"https:\/\/perle-in.com\/en\/wp-json\/wp\/v2\/product_cat?post=540597"},{"taxonomy":"product_tag","embeddable":true,"href":"https:\/\/perle-in.com\/en\/wp-json\/wp\/v2\/product_tag?post=540597"}],"curies":[{"name":"wp","href":"https:\/\/api.w.org\/{rel}","templated":true}]}}