{"id":540481,"date":"2025-10-15T02:37:53","date_gmt":"2025-10-15T00:37:53","guid":{"rendered":"https:\/\/perle-in.com\/produit\/bouteille-isotherme-sous-vide-cove-de-500-ml-en-cuivre-et-acier-inoxydable-recycle-certifie-rcs\/"},"modified":"2025-10-19T05:47:32","modified_gmt":"2025-10-19T03:47:32","slug":"bouteille-isotherme-sous-vide-cove-de-500-ml-en-cuivre-et-acier-inoxydable-recycle-certifie-rcs","status":"publish","type":"product","link":"https:\/\/perle-in.com\/en\/product\/bouteille-isotherme-sous-vide-cove-de-500-ml-en-cuivre-et-acier-inoxydable-recycle-certifie-rcs\/","title":{"rendered":"Bouteille isotherme sous vide Cove de 500\u00a0ml en cuivre et acier inoxydable recycl\u00e9 certifi\u00e9 RCS\u00a0"},"content":{"rendered":"","protected":false},"excerpt":{"rendered":"<p>Bouteille en acier inoxydable recycl\u00e9 certifi\u00e9e RCS, isol\u00e9e sous vide, au design embl\u00e9matique. Dot\u00e9e d&#8217;une base qui s&#8217;adapte \u00e0 la plupart des porte-gobelets, cette bouteille d&#8217;eau \u00e0 l&#8217;allure \u00e9l\u00e9gante est un article promotionnel parfait. Test\u00e9 et approuv\u00e9 en vertu de la l\u00e9gislation allemande sur la s\u00e9curit\u00e9 alimentaire (LFGB), et test\u00e9 pour la teneur en phtalates conform\u00e9ment \u00e0 la r\u00e9glementation REACH. Capacit\u00e9 de 500 ml. Livr\u00e9e dans un coffret cadeau en carton recycl\u00e9. Garde les boissons chaudes pendant 12 heures et froides pendant 24 heures.<\/p>","protected":false},"featured_media":540440,"template":"","meta":{"_eb_attr":""},"product_brand":[],"product_cat":[257,173],"product_tag":[3224,276,275,175,837,274,192,3377,2884,836],"class_list":{"0":"post-540481","1":"product","2":"type-product","3":"status-publish","4":"has-post-thumbnail","6":"product_cat-bouteilles-isothermes","7":"product_cat-drinkware","8":"product_tag-articles-pour-boissons","9":"product_tag-boire","10":"product_tag-boissons","11":"product_tag-bouteille","12":"product_tag-durable","13":"product_tag-eau","14":"product_tag-gourde","15":"product_tag-isolee","16":"product_tag-rcs","17":"product_tag-recycle","18":"pa_couleurs-argent","19":"pa_couleurs-blanc","20":"pa_couleurs-bleu-hale","21":"pa_couleurs-marine","22":"pa_couleurs-noir","23":"pa_couleurs-rouge","24":"pa_couleurs-titane","25":"pa_couleurs-vert-bruyere","26":"pa_green-points-3218","27":"pa_matiere-acier-inoxydable-recycle-plastique-pp-recycle","29":"first","30":"instock","31":"shipping-taxable","32":"purchasable","33":"product-type-variable"},"yoast_head":"<!-- This site is optimized with the Yoast SEO plugin v27.4 - https:\/\/yoast.com\/product\/yoast-seo-wordpress\/ -->\n<title>Bouteille isotherme sous vide Cove de 500\u00a0ml en cuivre et acier inoxydable recycl\u00e9 certifi\u00e9 RCS\u00a0 - PERLE IN<\/title>\n<meta name=\"robots\" content=\"noindex, follow, max-snippet:-1, max-image-preview:large, max-video-preview:-1\" \/>\n<meta property=\"og:locale\" content=\"en_US\" \/>\n<meta property=\"og:type\" content=\"article\" \/>\n<meta property=\"og:title\" content=\"Bouteille isotherme sous vide Cove de 500\u00a0ml en cuivre et acier inoxydable recycl\u00e9 certifi\u00e9 RCS\u00a0 - PERLE IN\" \/>\n<meta property=\"og:description\" content=\"Bouteille en acier inoxydable recycl\u00e9 certifi\u00e9e RCS, isol\u00e9e sous vide, au design embl\u00e9matique. Dot\u00e9e d&#039;une base qui s&#039;adapte \u00e0 la plupart des porte-gobelets, cette bouteille d&#039;eau \u00e0 l&#039;allure \u00e9l\u00e9gante est un article promotionnel parfait. Test\u00e9 et approuv\u00e9 en vertu de la l\u00e9gislation allemande sur la s\u00e9curit\u00e9 alimentaire (LFGB), et test\u00e9 pour la teneur en phtalates conform\u00e9ment \u00e0 la r\u00e9glementation REACH. Capacit\u00e9 de 500 ml. Livr\u00e9e dans un coffret cadeau en carton recycl\u00e9. Garde les boissons chaudes pendant 12 heures et froides pendant 24 heures.\" \/>\n<meta property=\"og:url\" content=\"https:\/\/perle-in.com\/en\/product\/bouteille-isotherme-sous-vide-cove-de-500-ml-en-cuivre-et-acier-inoxydable-recycle-certifie-rcs\/\" \/>\n<meta property=\"og:site_name\" content=\"PERLE IN\" \/>\n<meta property=\"article:modified_time\" content=\"2025-10-19T03:47:32+00:00\" \/>\n<meta property=\"og:image\" content=\"https:\/\/perle-in.com\/wp-content\/uploads\/2025\/10\/10079001-1.jpg\" \/>\n\t<meta property=\"og:image:width\" content=\"1600\" \/>\n\t<meta property=\"og:image:height\" content=\"1600\" \/>\n\t<meta property=\"og:image:type\" content=\"image\/jpeg\" \/>\n<meta name=\"twitter:card\" content=\"summary_large_image\" \/>\n<script type=\"application\/ld+json\" class=\"yoast-schema-graph\">{\"@context\":\"https:\\\/\\\/schema.org\",\"@graph\":[{\"@type\":\"WebPage\",\"@id\":\"https:\\\/\\\/perle-in.com\\\/produit\\\/bouteille-isotherme-sous-vide-cove-de-500-ml-en-cuivre-et-acier-inoxydable-recycle-certifie-rcs\\\/\",\"url\":\"https:\\\/\\\/perle-in.com\\\/produit\\\/bouteille-isotherme-sous-vide-cove-de-500-ml-en-cuivre-et-acier-inoxydable-recycle-certifie-rcs\\\/\",\"name\":\"Bouteille isotherme sous vide Cove de 500\u00a0ml en cuivre et acier inoxydable recycl\u00e9 certifi\u00e9 RCS\u00a0 - PERLE IN\",\"isPartOf\":{\"@id\":\"https:\\\/\\\/perle-in.com\\\/#website\"},\"primaryImageOfPage\":{\"@id\":\"https:\\\/\\\/perle-in.com\\\/produit\\\/bouteille-isotherme-sous-vide-cove-de-500-ml-en-cuivre-et-acier-inoxydable-recycle-certifie-rcs\\\/#primaryimage\"},\"image\":{\"@id\":\"https:\\\/\\\/perle-in.com\\\/produit\\\/bouteille-isotherme-sous-vide-cove-de-500-ml-en-cuivre-et-acier-inoxydable-recycle-certifie-rcs\\\/#primaryimage\"},\"thumbnailUrl\":\"https:\\\/\\\/perle-in.com\\\/wp-content\\\/uploads\\\/2025\\\/10\\\/10079001-1.jpg\",\"datePublished\":\"2025-10-15T00:37:53+00:00\",\"dateModified\":\"2025-10-19T03:47:32+00:00\",\"breadcrumb\":{\"@id\":\"https:\\\/\\\/perle-in.com\\\/produit\\\/bouteille-isotherme-sous-vide-cove-de-500-ml-en-cuivre-et-acier-inoxydable-recycle-certifie-rcs\\\/#breadcrumb\"},\"inLanguage\":\"en-CA\",\"potentialAction\":[{\"@type\":\"ReadAction\",\"target\":[\"https:\\\/\\\/perle-in.com\\\/produit\\\/bouteille-isotherme-sous-vide-cove-de-500-ml-en-cuivre-et-acier-inoxydable-recycle-certifie-rcs\\\/\"]}]},{\"@type\":\"ImageObject\",\"inLanguage\":\"en-CA\",\"@id\":\"https:\\\/\\\/perle-in.com\\\/produit\\\/bouteille-isotherme-sous-vide-cove-de-500-ml-en-cuivre-et-acier-inoxydable-recycle-certifie-rcs\\\/#primaryimage\",\"url\":\"https:\\\/\\\/perle-in.com\\\/wp-content\\\/uploads\\\/2025\\\/10\\\/10079001-1.jpg\",\"contentUrl\":\"https:\\\/\\\/perle-in.com\\\/wp-content\\\/uploads\\\/2025\\\/10\\\/10079001-1.jpg\",\"width\":1600,\"height\":1600},{\"@type\":\"BreadcrumbList\",\"@id\":\"https:\\\/\\\/perle-in.com\\\/produit\\\/bouteille-isotherme-sous-vide-cove-de-500-ml-en-cuivre-et-acier-inoxydable-recycle-certifie-rcs\\\/#breadcrumb\",\"itemListElement\":[{\"@type\":\"ListItem\",\"position\":1,\"name\":\"Accueil\",\"item\":\"https:\\\/\\\/perle-in.com\\\/\"},{\"@type\":\"ListItem\",\"position\":2,\"name\":\"Boutique\",\"item\":\"https:\\\/\\\/perle-in.com\\\/boutique\\\/\"},{\"@type\":\"ListItem\",\"position\":3,\"name\":\"Bouteille isotherme sous vide Cove de 500\u00a0ml en cuivre et acier inoxydable recycl\u00e9 certifi\u00e9 RCS\u00a0\"}]},{\"@type\":\"WebSite\",\"@id\":\"https:\\\/\\\/perle-in.com\\\/#website\",\"url\":\"https:\\\/\\\/perle-in.com\\\/\",\"name\":\"PERLE IN\",\"description\":\"\",\"publisher\":{\"@id\":\"https:\\\/\\\/perle-in.com\\\/#organization\"},\"potentialAction\":[{\"@type\":\"SearchAction\",\"target\":{\"@type\":\"EntryPoint\",\"urlTemplate\":\"https:\\\/\\\/perle-in.com\\\/?s={search_term_string}\"},\"query-input\":{\"@type\":\"PropertyValueSpecification\",\"valueRequired\":true,\"valueName\":\"search_term_string\"}}],\"inLanguage\":\"en-CA\"},{\"@type\":\"Organization\",\"@id\":\"https:\\\/\\\/perle-in.com\\\/#organization\",\"name\":\"PERLE IN\",\"url\":\"https:\\\/\\\/perle-in.com\\\/\",\"logo\":{\"@type\":\"ImageObject\",\"inLanguage\":\"en-CA\",\"@id\":\"https:\\\/\\\/perle-in.com\\\/#\\\/schema\\\/logo\\\/image\\\/\",\"url\":\"https:\\\/\\\/perle-in.com\\\/wp-content\\\/uploads\\\/2022\\\/12\\\/LOGO-PERLE-IN-COULEUR@3x.webp\",\"contentUrl\":\"https:\\\/\\\/perle-in.com\\\/wp-content\\\/uploads\\\/2022\\\/12\\\/LOGO-PERLE-IN-COULEUR@3x.webp\",\"width\":1600,\"height\":490,\"caption\":\"PERLE IN\"},\"image\":{\"@id\":\"https:\\\/\\\/perle-in.com\\\/#\\\/schema\\\/logo\\\/image\\\/\"}}]}<\/script>\n<!-- \/ Yoast SEO plugin. -->","yoast_head_json":{"title":"Bouteille isotherme sous vide Cove de 500\u00a0ml en cuivre et acier inoxydable recycl\u00e9 certifi\u00e9 RCS\u00a0 - PERLE IN","robots":{"index":"noindex","follow":"follow","max-snippet":"max-snippet:-1","max-image-preview":"max-image-preview:large","max-video-preview":"max-video-preview:-1"},"og_locale":"en_US","og_type":"article","og_title":"Bouteille isotherme sous vide Cove de 500\u00a0ml en cuivre et acier inoxydable recycl\u00e9 certifi\u00e9 RCS\u00a0 - PERLE IN","og_description":"Bouteille en acier inoxydable recycl\u00e9 certifi\u00e9e RCS, isol\u00e9e sous vide, au design embl\u00e9matique. Dot\u00e9e d'une base qui s'adapte \u00e0 la plupart des porte-gobelets, cette bouteille d'eau \u00e0 l'allure \u00e9l\u00e9gante est un article promotionnel parfait. Test\u00e9 et approuv\u00e9 en vertu de la l\u00e9gislation allemande sur la s\u00e9curit\u00e9 alimentaire (LFGB), et test\u00e9 pour la teneur en phtalates conform\u00e9ment \u00e0 la r\u00e9glementation REACH. Capacit\u00e9 de 500 ml. Livr\u00e9e dans un coffret cadeau en carton recycl\u00e9. Garde les boissons chaudes pendant 12 heures et froides pendant 24 heures.","og_url":"https:\/\/perle-in.com\/en\/product\/bouteille-isotherme-sous-vide-cove-de-500-ml-en-cuivre-et-acier-inoxydable-recycle-certifie-rcs\/","og_site_name":"PERLE IN","article_modified_time":"2025-10-19T03:47:32+00:00","og_image":[{"width":1600,"height":1600,"url":"https:\/\/perle-in.com\/wp-content\/uploads\/2025\/10\/10079001-1.jpg","type":"image\/jpeg"}],"twitter_card":"summary_large_image","schema":{"@context":"https:\/\/schema.org","@graph":[{"@type":"WebPage","@id":"https:\/\/perle-in.com\/produit\/bouteille-isotherme-sous-vide-cove-de-500-ml-en-cuivre-et-acier-inoxydable-recycle-certifie-rcs\/","url":"https:\/\/perle-in.com\/produit\/bouteille-isotherme-sous-vide-cove-de-500-ml-en-cuivre-et-acier-inoxydable-recycle-certifie-rcs\/","name":"Bouteille isotherme sous vide Cove de 500\u00a0ml en cuivre et acier inoxydable recycl\u00e9 certifi\u00e9 RCS\u00a0 - PERLE IN","isPartOf":{"@id":"https:\/\/perle-in.com\/#website"},"primaryImageOfPage":{"@id":"https:\/\/perle-in.com\/produit\/bouteille-isotherme-sous-vide-cove-de-500-ml-en-cuivre-et-acier-inoxydable-recycle-certifie-rcs\/#primaryimage"},"image":{"@id":"https:\/\/perle-in.com\/produit\/bouteille-isotherme-sous-vide-cove-de-500-ml-en-cuivre-et-acier-inoxydable-recycle-certifie-rcs\/#primaryimage"},"thumbnailUrl":"https:\/\/perle-in.com\/wp-content\/uploads\/2025\/10\/10079001-1.jpg","datePublished":"2025-10-15T00:37:53+00:00","dateModified":"2025-10-19T03:47:32+00:00","breadcrumb":{"@id":"https:\/\/perle-in.com\/produit\/bouteille-isotherme-sous-vide-cove-de-500-ml-en-cuivre-et-acier-inoxydable-recycle-certifie-rcs\/#breadcrumb"},"inLanguage":"en-CA","potentialAction":[{"@type":"ReadAction","target":["https:\/\/perle-in.com\/produit\/bouteille-isotherme-sous-vide-cove-de-500-ml-en-cuivre-et-acier-inoxydable-recycle-certifie-rcs\/"]}]},{"@type":"ImageObject","inLanguage":"en-CA","@id":"https:\/\/perle-in.com\/produit\/bouteille-isotherme-sous-vide-cove-de-500-ml-en-cuivre-et-acier-inoxydable-recycle-certifie-rcs\/#primaryimage","url":"https:\/\/perle-in.com\/wp-content\/uploads\/2025\/10\/10079001-1.jpg","contentUrl":"https:\/\/perle-in.com\/wp-content\/uploads\/2025\/10\/10079001-1.jpg","width":1600,"height":1600},{"@type":"BreadcrumbList","@id":"https:\/\/perle-in.com\/produit\/bouteille-isotherme-sous-vide-cove-de-500-ml-en-cuivre-et-acier-inoxydable-recycle-certifie-rcs\/#breadcrumb","itemListElement":[{"@type":"ListItem","position":1,"name":"Accueil","item":"https:\/\/perle-in.com\/"},{"@type":"ListItem","position":2,"name":"Boutique","item":"https:\/\/perle-in.com\/boutique\/"},{"@type":"ListItem","position":3,"name":"Bouteille isotherme sous vide Cove de 500\u00a0ml en cuivre et acier inoxydable recycl\u00e9 certifi\u00e9 RCS\u00a0"}]},{"@type":"WebSite","@id":"https:\/\/perle-in.com\/#website","url":"https:\/\/perle-in.com\/","name":"PERLE IN","description":"","publisher":{"@id":"https:\/\/perle-in.com\/#organization"},"potentialAction":[{"@type":"SearchAction","target":{"@type":"EntryPoint","urlTemplate":"https:\/\/perle-in.com\/?s={search_term_string}"},"query-input":{"@type":"PropertyValueSpecification","valueRequired":true,"valueName":"search_term_string"}}],"inLanguage":"en-CA"},{"@type":"Organization","@id":"https:\/\/perle-in.com\/#organization","name":"PERLE IN","url":"https:\/\/perle-in.com\/","logo":{"@type":"ImageObject","inLanguage":"en-CA","@id":"https:\/\/perle-in.com\/#\/schema\/logo\/image\/","url":"https:\/\/perle-in.com\/wp-content\/uploads\/2022\/12\/LOGO-PERLE-IN-COULEUR@3x.webp","contentUrl":"https:\/\/perle-in.com\/wp-content\/uploads\/2022\/12\/LOGO-PERLE-IN-COULEUR@3x.webp","width":1600,"height":490,"caption":"PERLE IN"},"image":{"@id":"https:\/\/perle-in.com\/#\/schema\/logo\/image\/"}}]}},"jetpack_sharing_enabled":true,"_links":{"self":[{"href":"https:\/\/perle-in.com\/en\/wp-json\/wp\/v2\/product\/540481","targetHints":{"allow":["GET"]}}],"collection":[{"href":"https:\/\/perle-in.com\/en\/wp-json\/wp\/v2\/product"}],"about":[{"href":"https:\/\/perle-in.com\/en\/wp-json\/wp\/v2\/types\/product"}],"version-history":[{"count":0,"href":"https:\/\/perle-in.com\/en\/wp-json\/wp\/v2\/product\/540481\/revisions"}],"wp:featuredmedia":[{"embeddable":true,"href":"https:\/\/perle-in.com\/en\/wp-json\/wp\/v2\/media\/540440"}],"wp:attachment":[{"href":"https:\/\/perle-in.com\/en\/wp-json\/wp\/v2\/media?parent=540481"}],"wp:term":[{"taxonomy":"product_brand","embeddable":true,"href":"https:\/\/perle-in.com\/en\/wp-json\/wp\/v2\/product_brand?post=540481"},{"taxonomy":"product_cat","embeddable":true,"href":"https:\/\/perle-in.com\/en\/wp-json\/wp\/v2\/product_cat?post=540481"},{"taxonomy":"product_tag","embeddable":true,"href":"https:\/\/perle-in.com\/en\/wp-json\/wp\/v2\/product_tag?post=540481"}],"curies":[{"name":"wp","href":"https:\/\/api.w.org\/{rel}","templated":true}]}}