{"id":540199,"date":"2025-10-15T02:31:02","date_gmt":"2025-10-15T00:31:02","guid":{"rendered":"https:\/\/perle-in.com\/produit\/lunch-box-a-double-paroi-de-480-ml-supo\/"},"modified":"2025-10-19T05:47:41","modified_gmt":"2025-10-19T03:47:41","slug":"lunch-box-a-double-paroi-de-480-ml-supo","status":"publish","type":"product","link":"https:\/\/perle-in.com\/en\/product\/lunch-box-a-double-paroi-de-480-ml-supo\/","title":{"rendered":"Lunch box \u00e0 double paroi de 480\u00a0ml Supo"},"content":{"rendered":"","protected":false},"excerpt":{"rendered":"<p>La lunch box Supo \u00e0 double paroi est fabriqu\u00e9e en acier inoxydable recycl\u00e9, ce qui en fait un choix plus durable que les bo\u00eetes repas jetables et en plastique. Chaque lunch box est emball\u00e9e dans une bo\u00eete en papier kraft recycl\u00e9. Cet article ne passe pas au lave-vaisselle ni au micro-ondes. Capacit\u00e9\u00a0: 480\u00a0ml.<\/p>","protected":false},"featured_media":540189,"template":"","meta":{"_eb_attr":""},"product_brand":[],"product_cat":[1232,150],"product_tag":[2729,3110,3012,3111,3112,880,3375,2728],"class_list":{"0":"post-540199","1":"product","2":"type-product","3":"status-publish","4":"has-post-thumbnail","6":"product_cat-boites-repas","7":"product_cat-maison-et-cuisine","8":"product_tag-boite","9":"product_tag-boite-a-dejeuner","10":"product_tag-boite-a-lunch","11":"product_tag-lunch-box","12":"product_tag-lunchbox","13":"product_tag-nourriture","14":"product_tag-panier-repas","15":"product_tag-repas","16":"pa_couleurs-argent","17":"pa_couleurs-blanc","18":"pa_green-points-3218","19":"pa_marque-seasons","20":"pa_matiere-acier-inoxydable-recycle-plastique-pp-recycle","22":"first","23":"outofstock","24":"sale","25":"shipping-taxable","26":"purchasable","27":"product-type-variable"},"yoast_head":"<!-- This site is optimized with the Yoast SEO plugin v27.4 - https:\/\/yoast.com\/product\/yoast-seo-wordpress\/ -->\n<title>Lunch box \u00e0 double paroi de 480\u00a0ml Supo - PERLE IN<\/title>\n<meta name=\"robots\" content=\"noindex, follow, max-snippet:-1, max-image-preview:large, max-video-preview:-1\" \/>\n<meta property=\"og:locale\" content=\"en_US\" \/>\n<meta property=\"og:type\" content=\"article\" \/>\n<meta property=\"og:title\" content=\"Lunch box \u00e0 double paroi de 480\u00a0ml Supo - PERLE IN\" \/>\n<meta property=\"og:description\" content=\"La lunch box Supo \u00e0 double paroi est fabriqu\u00e9e en acier inoxydable recycl\u00e9, ce qui en fait un choix plus durable que les bo\u00eetes repas jetables et en plastique. Chaque lunch box est emball\u00e9e dans une bo\u00eete en papier kraft recycl\u00e9. Cet article ne passe pas au lave-vaisselle ni au micro-ondes. Capacit\u00e9\u00a0: 480\u00a0ml.\" \/>\n<meta property=\"og:url\" content=\"https:\/\/perle-in.com\/en\/product\/lunch-box-a-double-paroi-de-480-ml-supo\/\" \/>\n<meta property=\"og:site_name\" content=\"PERLE IN\" \/>\n<meta property=\"article:modified_time\" content=\"2025-10-19T03:47:41+00:00\" \/>\n<meta property=\"og:image\" content=\"https:\/\/perle-in.com\/wp-content\/uploads\/2025\/10\/11336401-1.jpg\" \/>\n\t<meta property=\"og:image:width\" content=\"1600\" \/>\n\t<meta property=\"og:image:height\" content=\"1600\" \/>\n\t<meta property=\"og:image:type\" content=\"image\/jpeg\" \/>\n<meta name=\"twitter:card\" content=\"summary_large_image\" \/>\n<script type=\"application\/ld+json\" class=\"yoast-schema-graph\">{\"@context\":\"https:\\\/\\\/schema.org\",\"@graph\":[{\"@type\":\"WebPage\",\"@id\":\"https:\\\/\\\/perle-in.com\\\/produit\\\/lunch-box-a-double-paroi-de-480-ml-supo\\\/\",\"url\":\"https:\\\/\\\/perle-in.com\\\/produit\\\/lunch-box-a-double-paroi-de-480-ml-supo\\\/\",\"name\":\"Lunch box \u00e0 double paroi de 480\u00a0ml Supo - PERLE IN\",\"isPartOf\":{\"@id\":\"https:\\\/\\\/perle-in.com\\\/#website\"},\"primaryImageOfPage\":{\"@id\":\"https:\\\/\\\/perle-in.com\\\/produit\\\/lunch-box-a-double-paroi-de-480-ml-supo\\\/#primaryimage\"},\"image\":{\"@id\":\"https:\\\/\\\/perle-in.com\\\/produit\\\/lunch-box-a-double-paroi-de-480-ml-supo\\\/#primaryimage\"},\"thumbnailUrl\":\"https:\\\/\\\/perle-in.com\\\/wp-content\\\/uploads\\\/2025\\\/10\\\/11336401-1.jpg\",\"datePublished\":\"2025-10-15T00:31:02+00:00\",\"dateModified\":\"2025-10-19T03:47:41+00:00\",\"breadcrumb\":{\"@id\":\"https:\\\/\\\/perle-in.com\\\/produit\\\/lunch-box-a-double-paroi-de-480-ml-supo\\\/#breadcrumb\"},\"inLanguage\":\"en-CA\",\"potentialAction\":[{\"@type\":\"ReadAction\",\"target\":[\"https:\\\/\\\/perle-in.com\\\/produit\\\/lunch-box-a-double-paroi-de-480-ml-supo\\\/\"]}]},{\"@type\":\"ImageObject\",\"inLanguage\":\"en-CA\",\"@id\":\"https:\\\/\\\/perle-in.com\\\/produit\\\/lunch-box-a-double-paroi-de-480-ml-supo\\\/#primaryimage\",\"url\":\"https:\\\/\\\/perle-in.com\\\/wp-content\\\/uploads\\\/2025\\\/10\\\/11336401-1.jpg\",\"contentUrl\":\"https:\\\/\\\/perle-in.com\\\/wp-content\\\/uploads\\\/2025\\\/10\\\/11336401-1.jpg\",\"width\":1600,\"height\":1600},{\"@type\":\"BreadcrumbList\",\"@id\":\"https:\\\/\\\/perle-in.com\\\/produit\\\/lunch-box-a-double-paroi-de-480-ml-supo\\\/#breadcrumb\",\"itemListElement\":[{\"@type\":\"ListItem\",\"position\":1,\"name\":\"Accueil\",\"item\":\"https:\\\/\\\/perle-in.com\\\/\"},{\"@type\":\"ListItem\",\"position\":2,\"name\":\"Boutique\",\"item\":\"https:\\\/\\\/perle-in.com\\\/boutique\\\/\"},{\"@type\":\"ListItem\",\"position\":3,\"name\":\"Lunch box \u00e0 double paroi de 480\u00a0ml Supo\"}]},{\"@type\":\"WebSite\",\"@id\":\"https:\\\/\\\/perle-in.com\\\/#website\",\"url\":\"https:\\\/\\\/perle-in.com\\\/\",\"name\":\"PERLE IN\",\"description\":\"\",\"publisher\":{\"@id\":\"https:\\\/\\\/perle-in.com\\\/#organization\"},\"potentialAction\":[{\"@type\":\"SearchAction\",\"target\":{\"@type\":\"EntryPoint\",\"urlTemplate\":\"https:\\\/\\\/perle-in.com\\\/?s={search_term_string}\"},\"query-input\":{\"@type\":\"PropertyValueSpecification\",\"valueRequired\":true,\"valueName\":\"search_term_string\"}}],\"inLanguage\":\"en-CA\"},{\"@type\":\"Organization\",\"@id\":\"https:\\\/\\\/perle-in.com\\\/#organization\",\"name\":\"PERLE IN\",\"url\":\"https:\\\/\\\/perle-in.com\\\/\",\"logo\":{\"@type\":\"ImageObject\",\"inLanguage\":\"en-CA\",\"@id\":\"https:\\\/\\\/perle-in.com\\\/#\\\/schema\\\/logo\\\/image\\\/\",\"url\":\"https:\\\/\\\/perle-in.com\\\/wp-content\\\/uploads\\\/2022\\\/12\\\/LOGO-PERLE-IN-COULEUR@3x.webp\",\"contentUrl\":\"https:\\\/\\\/perle-in.com\\\/wp-content\\\/uploads\\\/2022\\\/12\\\/LOGO-PERLE-IN-COULEUR@3x.webp\",\"width\":1600,\"height\":490,\"caption\":\"PERLE IN\"},\"image\":{\"@id\":\"https:\\\/\\\/perle-in.com\\\/#\\\/schema\\\/logo\\\/image\\\/\"}}]}<\/script>\n<!-- \/ Yoast SEO plugin. -->","yoast_head_json":{"title":"Lunch box \u00e0 double paroi de 480\u00a0ml Supo - PERLE IN","robots":{"index":"noindex","follow":"follow","max-snippet":"max-snippet:-1","max-image-preview":"max-image-preview:large","max-video-preview":"max-video-preview:-1"},"og_locale":"en_US","og_type":"article","og_title":"Lunch box \u00e0 double paroi de 480\u00a0ml Supo - PERLE IN","og_description":"La lunch box Supo \u00e0 double paroi est fabriqu\u00e9e en acier inoxydable recycl\u00e9, ce qui en fait un choix plus durable que les bo\u00eetes repas jetables et en plastique. Chaque lunch box est emball\u00e9e dans une bo\u00eete en papier kraft recycl\u00e9. Cet article ne passe pas au lave-vaisselle ni au micro-ondes. Capacit\u00e9\u00a0: 480\u00a0ml.","og_url":"https:\/\/perle-in.com\/en\/product\/lunch-box-a-double-paroi-de-480-ml-supo\/","og_site_name":"PERLE IN","article_modified_time":"2025-10-19T03:47:41+00:00","og_image":[{"width":1600,"height":1600,"url":"https:\/\/perle-in.com\/wp-content\/uploads\/2025\/10\/11336401-1.jpg","type":"image\/jpeg"}],"twitter_card":"summary_large_image","schema":{"@context":"https:\/\/schema.org","@graph":[{"@type":"WebPage","@id":"https:\/\/perle-in.com\/produit\/lunch-box-a-double-paroi-de-480-ml-supo\/","url":"https:\/\/perle-in.com\/produit\/lunch-box-a-double-paroi-de-480-ml-supo\/","name":"Lunch box \u00e0 double paroi de 480\u00a0ml Supo - PERLE IN","isPartOf":{"@id":"https:\/\/perle-in.com\/#website"},"primaryImageOfPage":{"@id":"https:\/\/perle-in.com\/produit\/lunch-box-a-double-paroi-de-480-ml-supo\/#primaryimage"},"image":{"@id":"https:\/\/perle-in.com\/produit\/lunch-box-a-double-paroi-de-480-ml-supo\/#primaryimage"},"thumbnailUrl":"https:\/\/perle-in.com\/wp-content\/uploads\/2025\/10\/11336401-1.jpg","datePublished":"2025-10-15T00:31:02+00:00","dateModified":"2025-10-19T03:47:41+00:00","breadcrumb":{"@id":"https:\/\/perle-in.com\/produit\/lunch-box-a-double-paroi-de-480-ml-supo\/#breadcrumb"},"inLanguage":"en-CA","potentialAction":[{"@type":"ReadAction","target":["https:\/\/perle-in.com\/produit\/lunch-box-a-double-paroi-de-480-ml-supo\/"]}]},{"@type":"ImageObject","inLanguage":"en-CA","@id":"https:\/\/perle-in.com\/produit\/lunch-box-a-double-paroi-de-480-ml-supo\/#primaryimage","url":"https:\/\/perle-in.com\/wp-content\/uploads\/2025\/10\/11336401-1.jpg","contentUrl":"https:\/\/perle-in.com\/wp-content\/uploads\/2025\/10\/11336401-1.jpg","width":1600,"height":1600},{"@type":"BreadcrumbList","@id":"https:\/\/perle-in.com\/produit\/lunch-box-a-double-paroi-de-480-ml-supo\/#breadcrumb","itemListElement":[{"@type":"ListItem","position":1,"name":"Accueil","item":"https:\/\/perle-in.com\/"},{"@type":"ListItem","position":2,"name":"Boutique","item":"https:\/\/perle-in.com\/boutique\/"},{"@type":"ListItem","position":3,"name":"Lunch box \u00e0 double paroi de 480\u00a0ml Supo"}]},{"@type":"WebSite","@id":"https:\/\/perle-in.com\/#website","url":"https:\/\/perle-in.com\/","name":"PERLE IN","description":"","publisher":{"@id":"https:\/\/perle-in.com\/#organization"},"potentialAction":[{"@type":"SearchAction","target":{"@type":"EntryPoint","urlTemplate":"https:\/\/perle-in.com\/?s={search_term_string}"},"query-input":{"@type":"PropertyValueSpecification","valueRequired":true,"valueName":"search_term_string"}}],"inLanguage":"en-CA"},{"@type":"Organization","@id":"https:\/\/perle-in.com\/#organization","name":"PERLE IN","url":"https:\/\/perle-in.com\/","logo":{"@type":"ImageObject","inLanguage":"en-CA","@id":"https:\/\/perle-in.com\/#\/schema\/logo\/image\/","url":"https:\/\/perle-in.com\/wp-content\/uploads\/2022\/12\/LOGO-PERLE-IN-COULEUR@3x.webp","contentUrl":"https:\/\/perle-in.com\/wp-content\/uploads\/2022\/12\/LOGO-PERLE-IN-COULEUR@3x.webp","width":1600,"height":490,"caption":"PERLE IN"},"image":{"@id":"https:\/\/perle-in.com\/#\/schema\/logo\/image\/"}}]}},"jetpack_sharing_enabled":true,"_links":{"self":[{"href":"https:\/\/perle-in.com\/en\/wp-json\/wp\/v2\/product\/540199","targetHints":{"allow":["GET"]}}],"collection":[{"href":"https:\/\/perle-in.com\/en\/wp-json\/wp\/v2\/product"}],"about":[{"href":"https:\/\/perle-in.com\/en\/wp-json\/wp\/v2\/types\/product"}],"version-history":[{"count":0,"href":"https:\/\/perle-in.com\/en\/wp-json\/wp\/v2\/product\/540199\/revisions"}],"wp:featuredmedia":[{"embeddable":true,"href":"https:\/\/perle-in.com\/en\/wp-json\/wp\/v2\/media\/540189"}],"wp:attachment":[{"href":"https:\/\/perle-in.com\/en\/wp-json\/wp\/v2\/media?parent=540199"}],"wp:term":[{"taxonomy":"product_brand","embeddable":true,"href":"https:\/\/perle-in.com\/en\/wp-json\/wp\/v2\/product_brand?post=540199"},{"taxonomy":"product_cat","embeddable":true,"href":"https:\/\/perle-in.com\/en\/wp-json\/wp\/v2\/product_cat?post=540199"},{"taxonomy":"product_tag","embeddable":true,"href":"https:\/\/perle-in.com\/en\/wp-json\/wp\/v2\/product_tag?post=540199"}],"curies":[{"name":"wp","href":"https:\/\/api.w.org\/{rel}","templated":true}]}}