{"id":540168,"date":"2025-10-15T02:28:52","date_gmt":"2025-10-15T00:28:52","guid":{"rendered":"https:\/\/perle-in.com\/produit\/lunettes-de-soleil-kafo\/"},"modified":"2025-10-19T05:47:14","modified_gmt":"2025-10-19T03:47:14","slug":"lunettes-de-soleil-kafo","status":"publish","type":"product","link":"https:\/\/perle-in.com\/en\/product\/lunettes-de-soleil-kafo\/","title":{"rendered":"Lunettes de soleil Kafo"},"content":{"rendered":"","protected":false},"excerpt":{"rendered":"<p>Ces lunettes de soleil r\u00e9tro sont le cadeau id\u00e9al pour les festivals d\u2019\u00e9t\u00e9, \u00e9v\u00e9nements ou autres activit\u00e9s en ext\u00e9rieur par temps ensoleill\u00e9. Le cadre est fabriqu\u00e9 \u00e0 partir d\u2019un m\u00e9lange de plastique et de fibres de caf\u00e9, ce qui r\u00e9duit l\u2019utilisation de plastiques vierges. Les branches l\u00e9g\u00e8res et confortables sont \u00e9galement fabriqu\u00e9es \u00e0 partir de fibres de caf\u00e9 provenant de sources durables, respectueuses de l\u2019environnement et socialement responsables. Ces lunettes sont conformes \u00e0 la norme EN ISO 12312-1 et sont dot\u00e9es de verres UV400 class\u00e9s dans la cat\u00e9gorie 3, ce qui en fait le choix id\u00e9al pour une protection contre les rayons du soleil.<\/p>","protected":false},"featured_media":540163,"template":"","meta":{"_eb_attr":""},"product_brand":[],"product_cat":[212,129],"product_tag":[213,214,2516],"class_list":{"0":"post-540168","1":"product","2":"type-product","3":"status-publish","4":"has-post-thumbnail","6":"product_cat-lunettes-de-soleil","7":"product_cat-sport-et-loisirs","8":"product_tag-lunettes","9":"product_tag-lunettes-de-soleil","10":"product_tag-soleil","11":"pa_couleurs-marron-cafe-noir","12":"pa_matiere-plastique-pp-fibre-de-cafe","14":"first","15":"instock","16":"shipping-taxable","17":"purchasable","18":"product-type-variable"},"yoast_head":"<!-- This site is optimized with the Yoast SEO plugin v27.4 - https:\/\/yoast.com\/product\/yoast-seo-wordpress\/ -->\n<title>Lunettes de soleil Kafo - PERLE IN<\/title>\n<meta name=\"robots\" content=\"noindex, follow, max-snippet:-1, max-image-preview:large, max-video-preview:-1\" \/>\n<meta property=\"og:locale\" content=\"en_US\" \/>\n<meta property=\"og:type\" content=\"article\" \/>\n<meta property=\"og:title\" content=\"Lunettes de soleil Kafo - PERLE IN\" \/>\n<meta property=\"og:description\" content=\"Ces lunettes de soleil r\u00e9tro sont le cadeau id\u00e9al pour les festivals d\u2019\u00e9t\u00e9, \u00e9v\u00e9nements ou autres activit\u00e9s en ext\u00e9rieur par temps ensoleill\u00e9. Le cadre est fabriqu\u00e9 \u00e0 partir d\u2019un m\u00e9lange de plastique et de fibres de caf\u00e9, ce qui r\u00e9duit l\u2019utilisation de plastiques vierges. Les branches l\u00e9g\u00e8res et confortables sont \u00e9galement fabriqu\u00e9es \u00e0 partir de fibres de caf\u00e9 provenant de sources durables, respectueuses de l\u2019environnement et socialement responsables. Ces lunettes sont conformes \u00e0 la norme EN ISO 12312-1 et sont dot\u00e9es de verres UV400 class\u00e9s dans la cat\u00e9gorie 3, ce qui en fait le choix id\u00e9al pour une protection contre les rayons du soleil.\" \/>\n<meta property=\"og:url\" content=\"https:\/\/perle-in.com\/en\/product\/lunettes-de-soleil-kafo\/\" \/>\n<meta property=\"og:site_name\" content=\"PERLE IN\" \/>\n<meta property=\"article:modified_time\" content=\"2025-10-19T03:47:14+00:00\" \/>\n<meta property=\"og:image\" content=\"https:\/\/perle-in.com\/wp-content\/uploads\/2025\/10\/12704306-1.jpg\" \/>\n\t<meta property=\"og:image:width\" content=\"1600\" \/>\n\t<meta property=\"og:image:height\" content=\"1600\" \/>\n\t<meta property=\"og:image:type\" content=\"image\/jpeg\" \/>\n<meta name=\"twitter:card\" content=\"summary_large_image\" \/>\n<script type=\"application\/ld+json\" class=\"yoast-schema-graph\">{\"@context\":\"https:\\\/\\\/schema.org\",\"@graph\":[{\"@type\":\"WebPage\",\"@id\":\"https:\\\/\\\/perle-in.com\\\/produit\\\/lunettes-de-soleil-kafo\\\/\",\"url\":\"https:\\\/\\\/perle-in.com\\\/produit\\\/lunettes-de-soleil-kafo\\\/\",\"name\":\"Lunettes de soleil Kafo - PERLE IN\",\"isPartOf\":{\"@id\":\"https:\\\/\\\/perle-in.com\\\/#website\"},\"primaryImageOfPage\":{\"@id\":\"https:\\\/\\\/perle-in.com\\\/produit\\\/lunettes-de-soleil-kafo\\\/#primaryimage\"},\"image\":{\"@id\":\"https:\\\/\\\/perle-in.com\\\/produit\\\/lunettes-de-soleil-kafo\\\/#primaryimage\"},\"thumbnailUrl\":\"https:\\\/\\\/perle-in.com\\\/wp-content\\\/uploads\\\/2025\\\/10\\\/12704306-1.jpg\",\"datePublished\":\"2025-10-15T00:28:52+00:00\",\"dateModified\":\"2025-10-19T03:47:14+00:00\",\"breadcrumb\":{\"@id\":\"https:\\\/\\\/perle-in.com\\\/produit\\\/lunettes-de-soleil-kafo\\\/#breadcrumb\"},\"inLanguage\":\"en-CA\",\"potentialAction\":[{\"@type\":\"ReadAction\",\"target\":[\"https:\\\/\\\/perle-in.com\\\/produit\\\/lunettes-de-soleil-kafo\\\/\"]}]},{\"@type\":\"ImageObject\",\"inLanguage\":\"en-CA\",\"@id\":\"https:\\\/\\\/perle-in.com\\\/produit\\\/lunettes-de-soleil-kafo\\\/#primaryimage\",\"url\":\"https:\\\/\\\/perle-in.com\\\/wp-content\\\/uploads\\\/2025\\\/10\\\/12704306-1.jpg\",\"contentUrl\":\"https:\\\/\\\/perle-in.com\\\/wp-content\\\/uploads\\\/2025\\\/10\\\/12704306-1.jpg\",\"width\":1600,\"height\":1600},{\"@type\":\"BreadcrumbList\",\"@id\":\"https:\\\/\\\/perle-in.com\\\/produit\\\/lunettes-de-soleil-kafo\\\/#breadcrumb\",\"itemListElement\":[{\"@type\":\"ListItem\",\"position\":1,\"name\":\"Accueil\",\"item\":\"https:\\\/\\\/perle-in.com\\\/\"},{\"@type\":\"ListItem\",\"position\":2,\"name\":\"Boutique\",\"item\":\"https:\\\/\\\/perle-in.com\\\/boutique\\\/\"},{\"@type\":\"ListItem\",\"position\":3,\"name\":\"Lunettes de soleil Kafo\"}]},{\"@type\":\"WebSite\",\"@id\":\"https:\\\/\\\/perle-in.com\\\/#website\",\"url\":\"https:\\\/\\\/perle-in.com\\\/\",\"name\":\"PERLE IN\",\"description\":\"\",\"publisher\":{\"@id\":\"https:\\\/\\\/perle-in.com\\\/#organization\"},\"potentialAction\":[{\"@type\":\"SearchAction\",\"target\":{\"@type\":\"EntryPoint\",\"urlTemplate\":\"https:\\\/\\\/perle-in.com\\\/?s={search_term_string}\"},\"query-input\":{\"@type\":\"PropertyValueSpecification\",\"valueRequired\":true,\"valueName\":\"search_term_string\"}}],\"inLanguage\":\"en-CA\"},{\"@type\":\"Organization\",\"@id\":\"https:\\\/\\\/perle-in.com\\\/#organization\",\"name\":\"PERLE IN\",\"url\":\"https:\\\/\\\/perle-in.com\\\/\",\"logo\":{\"@type\":\"ImageObject\",\"inLanguage\":\"en-CA\",\"@id\":\"https:\\\/\\\/perle-in.com\\\/#\\\/schema\\\/logo\\\/image\\\/\",\"url\":\"https:\\\/\\\/perle-in.com\\\/wp-content\\\/uploads\\\/2022\\\/12\\\/LOGO-PERLE-IN-COULEUR@3x.webp\",\"contentUrl\":\"https:\\\/\\\/perle-in.com\\\/wp-content\\\/uploads\\\/2022\\\/12\\\/LOGO-PERLE-IN-COULEUR@3x.webp\",\"width\":1600,\"height\":490,\"caption\":\"PERLE IN\"},\"image\":{\"@id\":\"https:\\\/\\\/perle-in.com\\\/#\\\/schema\\\/logo\\\/image\\\/\"}}]}<\/script>\n<!-- \/ Yoast SEO plugin. -->","yoast_head_json":{"title":"Lunettes de soleil Kafo - PERLE IN","robots":{"index":"noindex","follow":"follow","max-snippet":"max-snippet:-1","max-image-preview":"max-image-preview:large","max-video-preview":"max-video-preview:-1"},"og_locale":"en_US","og_type":"article","og_title":"Lunettes de soleil Kafo - PERLE IN","og_description":"Ces lunettes de soleil r\u00e9tro sont le cadeau id\u00e9al pour les festivals d\u2019\u00e9t\u00e9, \u00e9v\u00e9nements ou autres activit\u00e9s en ext\u00e9rieur par temps ensoleill\u00e9. Le cadre est fabriqu\u00e9 \u00e0 partir d\u2019un m\u00e9lange de plastique et de fibres de caf\u00e9, ce qui r\u00e9duit l\u2019utilisation de plastiques vierges. Les branches l\u00e9g\u00e8res et confortables sont \u00e9galement fabriqu\u00e9es \u00e0 partir de fibres de caf\u00e9 provenant de sources durables, respectueuses de l\u2019environnement et socialement responsables. Ces lunettes sont conformes \u00e0 la norme EN ISO 12312-1 et sont dot\u00e9es de verres UV400 class\u00e9s dans la cat\u00e9gorie 3, ce qui en fait le choix id\u00e9al pour une protection contre les rayons du soleil.","og_url":"https:\/\/perle-in.com\/en\/product\/lunettes-de-soleil-kafo\/","og_site_name":"PERLE IN","article_modified_time":"2025-10-19T03:47:14+00:00","og_image":[{"width":1600,"height":1600,"url":"https:\/\/perle-in.com\/wp-content\/uploads\/2025\/10\/12704306-1.jpg","type":"image\/jpeg"}],"twitter_card":"summary_large_image","schema":{"@context":"https:\/\/schema.org","@graph":[{"@type":"WebPage","@id":"https:\/\/perle-in.com\/produit\/lunettes-de-soleil-kafo\/","url":"https:\/\/perle-in.com\/produit\/lunettes-de-soleil-kafo\/","name":"Lunettes de soleil Kafo - PERLE IN","isPartOf":{"@id":"https:\/\/perle-in.com\/#website"},"primaryImageOfPage":{"@id":"https:\/\/perle-in.com\/produit\/lunettes-de-soleil-kafo\/#primaryimage"},"image":{"@id":"https:\/\/perle-in.com\/produit\/lunettes-de-soleil-kafo\/#primaryimage"},"thumbnailUrl":"https:\/\/perle-in.com\/wp-content\/uploads\/2025\/10\/12704306-1.jpg","datePublished":"2025-10-15T00:28:52+00:00","dateModified":"2025-10-19T03:47:14+00:00","breadcrumb":{"@id":"https:\/\/perle-in.com\/produit\/lunettes-de-soleil-kafo\/#breadcrumb"},"inLanguage":"en-CA","potentialAction":[{"@type":"ReadAction","target":["https:\/\/perle-in.com\/produit\/lunettes-de-soleil-kafo\/"]}]},{"@type":"ImageObject","inLanguage":"en-CA","@id":"https:\/\/perle-in.com\/produit\/lunettes-de-soleil-kafo\/#primaryimage","url":"https:\/\/perle-in.com\/wp-content\/uploads\/2025\/10\/12704306-1.jpg","contentUrl":"https:\/\/perle-in.com\/wp-content\/uploads\/2025\/10\/12704306-1.jpg","width":1600,"height":1600},{"@type":"BreadcrumbList","@id":"https:\/\/perle-in.com\/produit\/lunettes-de-soleil-kafo\/#breadcrumb","itemListElement":[{"@type":"ListItem","position":1,"name":"Accueil","item":"https:\/\/perle-in.com\/"},{"@type":"ListItem","position":2,"name":"Boutique","item":"https:\/\/perle-in.com\/boutique\/"},{"@type":"ListItem","position":3,"name":"Lunettes de soleil Kafo"}]},{"@type":"WebSite","@id":"https:\/\/perle-in.com\/#website","url":"https:\/\/perle-in.com\/","name":"PERLE IN","description":"","publisher":{"@id":"https:\/\/perle-in.com\/#organization"},"potentialAction":[{"@type":"SearchAction","target":{"@type":"EntryPoint","urlTemplate":"https:\/\/perle-in.com\/?s={search_term_string}"},"query-input":{"@type":"PropertyValueSpecification","valueRequired":true,"valueName":"search_term_string"}}],"inLanguage":"en-CA"},{"@type":"Organization","@id":"https:\/\/perle-in.com\/#organization","name":"PERLE IN","url":"https:\/\/perle-in.com\/","logo":{"@type":"ImageObject","inLanguage":"en-CA","@id":"https:\/\/perle-in.com\/#\/schema\/logo\/image\/","url":"https:\/\/perle-in.com\/wp-content\/uploads\/2022\/12\/LOGO-PERLE-IN-COULEUR@3x.webp","contentUrl":"https:\/\/perle-in.com\/wp-content\/uploads\/2022\/12\/LOGO-PERLE-IN-COULEUR@3x.webp","width":1600,"height":490,"caption":"PERLE IN"},"image":{"@id":"https:\/\/perle-in.com\/#\/schema\/logo\/image\/"}}]}},"jetpack_sharing_enabled":true,"_links":{"self":[{"href":"https:\/\/perle-in.com\/en\/wp-json\/wp\/v2\/product\/540168","targetHints":{"allow":["GET"]}}],"collection":[{"href":"https:\/\/perle-in.com\/en\/wp-json\/wp\/v2\/product"}],"about":[{"href":"https:\/\/perle-in.com\/en\/wp-json\/wp\/v2\/types\/product"}],"version-history":[{"count":0,"href":"https:\/\/perle-in.com\/en\/wp-json\/wp\/v2\/product\/540168\/revisions"}],"wp:featuredmedia":[{"embeddable":true,"href":"https:\/\/perle-in.com\/en\/wp-json\/wp\/v2\/media\/540163"}],"wp:attachment":[{"href":"https:\/\/perle-in.com\/en\/wp-json\/wp\/v2\/media?parent=540168"}],"wp:term":[{"taxonomy":"product_brand","embeddable":true,"href":"https:\/\/perle-in.com\/en\/wp-json\/wp\/v2\/product_brand?post=540168"},{"taxonomy":"product_cat","embeddable":true,"href":"https:\/\/perle-in.com\/en\/wp-json\/wp\/v2\/product_cat?post=540168"},{"taxonomy":"product_tag","embeddable":true,"href":"https:\/\/perle-in.com\/en\/wp-json\/wp\/v2\/product_tag?post=540168"}],"curies":[{"name":"wp","href":"https:\/\/api.w.org\/{rel}","templated":true}]}}