{"id":540097,"date":"2025-10-15T02:25:51","date_gmt":"2025-10-15T00:25:51","guid":{"rendered":"https:\/\/perle-in.com\/produit\/ensemble-stylo-a-bille-et-carnet-de-notes-skribo\/"},"modified":"2025-10-19T05:47:13","modified_gmt":"2025-10-19T03:47:13","slug":"ensemble-stylo-a-bille-et-carnet-de-notes-skribo","status":"publish","type":"product","link":"https:\/\/perle-in.com\/en\/product\/ensemble-stylo-a-bille-et-carnet-de-notes-skribo\/","title":{"rendered":"Ensemble stylo \u00e0 bille et carnet de notes Skribo"},"content":{"rendered":"","protected":false},"excerpt":{"rendered":"<p>L&#8217;ensemble stylo bille et carnet de notes Skribo certifi\u00e9 RCS est partiellement fabriqu\u00e9 \u00e0 partir de polyester recycl\u00e9 post-consommation, ce qui en fait un choix plus durable puisqu&#8217;il contribue \u00e0 r\u00e9duire l&#8217;utilisation de mati\u00e8res premi\u00e8res vierges. Il comprend un stylo bille \u00e0 encre bleue et 80\u00a0feuilles lign\u00e9es de couleur cr\u00e8me avec du papier recycl\u00e9 de 80\u00a0g\/m2 provenant de sources durables. La longueur d&#8217;\u00e9criture du stylo est de 1\u00a0000\u00a0m\u00e8tres.<\/p>","protected":false},"featured_media":540054,"template":"","meta":{"_eb_attr":""},"product_brand":[],"product_cat":[587,4196],"product_tag":[1513,837,2683,2884,836,3162,561],"class_list":{"0":"post-540097","1":"product","2":"type-product","3":"status-publish","4":"has-post-thumbnail","6":"product_cat-bloc-notes-couverture-rigide","7":"product_cat-blocs-notes-et-papeterie-personnalisee","8":"product_tag-carnet","9":"product_tag-durable","10":"product_tag-ecriture","11":"product_tag-rcs","12":"product_tag-recycle","13":"product_tag-set","14":"product_tag-stylo","15":"pa_couleurs-gris","16":"pa_couleurs-marine","17":"pa_couleurs-noir","18":"pa_green-points-1501","20":"first","21":"instock","22":"shipping-taxable","23":"purchasable","24":"product-type-variable"},"yoast_head":"<!-- This site is optimized with the Yoast SEO plugin v27.4 - https:\/\/yoast.com\/product\/yoast-seo-wordpress\/ -->\n<title>Ensemble stylo \u00e0 bille et carnet de notes Skribo - PERLE IN<\/title>\n<meta name=\"robots\" content=\"noindex, follow, max-snippet:-1, max-image-preview:large, max-video-preview:-1\" \/>\n<meta property=\"og:locale\" content=\"en_US\" \/>\n<meta property=\"og:type\" content=\"article\" \/>\n<meta property=\"og:title\" content=\"Ensemble stylo \u00e0 bille et carnet de notes Skribo - PERLE IN\" \/>\n<meta property=\"og:description\" content=\"L&#039;ensemble stylo bille et carnet de notes Skribo certifi\u00e9 RCS est partiellement fabriqu\u00e9 \u00e0 partir de polyester recycl\u00e9 post-consommation, ce qui en fait un choix plus durable puisqu&#039;il contribue \u00e0 r\u00e9duire l&#039;utilisation de mati\u00e8res premi\u00e8res vierges. Il comprend un stylo bille \u00e0 encre bleue et 80\u00a0feuilles lign\u00e9es de couleur cr\u00e8me avec du papier recycl\u00e9 de 80\u00a0g\/m2 provenant de sources durables. La longueur d&#039;\u00e9criture du stylo est de 1\u00a0000\u00a0m\u00e8tres.\" \/>\n<meta property=\"og:url\" content=\"https:\/\/perle-in.com\/en\/product\/ensemble-stylo-a-bille-et-carnet-de-notes-skribo\/\" \/>\n<meta property=\"og:site_name\" content=\"PERLE IN\" \/>\n<meta property=\"article:modified_time\" content=\"2025-10-19T03:47:13+00:00\" \/>\n<meta property=\"og:image\" content=\"https:\/\/perle-in.com\/wp-content\/uploads\/2025\/10\/10787355-1.jpg\" \/>\n\t<meta property=\"og:image:width\" content=\"1600\" \/>\n\t<meta property=\"og:image:height\" content=\"1600\" \/>\n\t<meta property=\"og:image:type\" content=\"image\/jpeg\" \/>\n<meta name=\"twitter:card\" content=\"summary_large_image\" \/>\n<script type=\"application\/ld+json\" class=\"yoast-schema-graph\">{\"@context\":\"https:\\\/\\\/schema.org\",\"@graph\":[{\"@type\":\"WebPage\",\"@id\":\"https:\\\/\\\/perle-in.com\\\/en\\\/product\\\/ensemble-stylo-a-bille-et-carnet-de-notes-skribo\\\/\",\"url\":\"https:\\\/\\\/perle-in.com\\\/en\\\/product\\\/ensemble-stylo-a-bille-et-carnet-de-notes-skribo\\\/\",\"name\":\"Ensemble stylo \u00e0 bille et carnet de notes Skribo - PERLE IN\",\"isPartOf\":{\"@id\":\"https:\\\/\\\/perle-in.com\\\/#website\"},\"primaryImageOfPage\":{\"@id\":\"https:\\\/\\\/perle-in.com\\\/en\\\/product\\\/ensemble-stylo-a-bille-et-carnet-de-notes-skribo\\\/#primaryimage\"},\"image\":{\"@id\":\"https:\\\/\\\/perle-in.com\\\/en\\\/product\\\/ensemble-stylo-a-bille-et-carnet-de-notes-skribo\\\/#primaryimage\"},\"thumbnailUrl\":\"https:\\\/\\\/perle-in.com\\\/wp-content\\\/uploads\\\/2025\\\/10\\\/10787355-1.jpg\",\"datePublished\":\"2025-10-15T00:25:51+00:00\",\"dateModified\":\"2025-10-19T03:47:13+00:00\",\"breadcrumb\":{\"@id\":\"https:\\\/\\\/perle-in.com\\\/en\\\/product\\\/ensemble-stylo-a-bille-et-carnet-de-notes-skribo\\\/#breadcrumb\"},\"inLanguage\":\"en-CA\",\"potentialAction\":[{\"@type\":\"ReadAction\",\"target\":[\"https:\\\/\\\/perle-in.com\\\/en\\\/product\\\/ensemble-stylo-a-bille-et-carnet-de-notes-skribo\\\/\"]}]},{\"@type\":\"ImageObject\",\"inLanguage\":\"en-CA\",\"@id\":\"https:\\\/\\\/perle-in.com\\\/en\\\/product\\\/ensemble-stylo-a-bille-et-carnet-de-notes-skribo\\\/#primaryimage\",\"url\":\"https:\\\/\\\/perle-in.com\\\/wp-content\\\/uploads\\\/2025\\\/10\\\/10787355-1.jpg\",\"contentUrl\":\"https:\\\/\\\/perle-in.com\\\/wp-content\\\/uploads\\\/2025\\\/10\\\/10787355-1.jpg\",\"width\":1600,\"height\":1600},{\"@type\":\"BreadcrumbList\",\"@id\":\"https:\\\/\\\/perle-in.com\\\/en\\\/product\\\/ensemble-stylo-a-bille-et-carnet-de-notes-skribo\\\/#breadcrumb\",\"itemListElement\":[{\"@type\":\"ListItem\",\"position\":1,\"name\":\"Accueil\",\"item\":\"https:\\\/\\\/perle-in.com\\\/\"},{\"@type\":\"ListItem\",\"position\":2,\"name\":\"Boutique\",\"item\":\"https:\\\/\\\/perle-in.com\\\/boutique\\\/\"},{\"@type\":\"ListItem\",\"position\":3,\"name\":\"Ensemble stylo \u00e0 bille et carnet de notes Skribo\"}]},{\"@type\":\"WebSite\",\"@id\":\"https:\\\/\\\/perle-in.com\\\/#website\",\"url\":\"https:\\\/\\\/perle-in.com\\\/\",\"name\":\"PERLE IN\",\"description\":\"\",\"publisher\":{\"@id\":\"https:\\\/\\\/perle-in.com\\\/#organization\"},\"potentialAction\":[{\"@type\":\"SearchAction\",\"target\":{\"@type\":\"EntryPoint\",\"urlTemplate\":\"https:\\\/\\\/perle-in.com\\\/?s={search_term_string}\"},\"query-input\":{\"@type\":\"PropertyValueSpecification\",\"valueRequired\":true,\"valueName\":\"search_term_string\"}}],\"inLanguage\":\"en-CA\"},{\"@type\":\"Organization\",\"@id\":\"https:\\\/\\\/perle-in.com\\\/#organization\",\"name\":\"PERLE IN\",\"url\":\"https:\\\/\\\/perle-in.com\\\/\",\"logo\":{\"@type\":\"ImageObject\",\"inLanguage\":\"en-CA\",\"@id\":\"https:\\\/\\\/perle-in.com\\\/#\\\/schema\\\/logo\\\/image\\\/\",\"url\":\"https:\\\/\\\/perle-in.com\\\/wp-content\\\/uploads\\\/2022\\\/12\\\/LOGO-PERLE-IN-COULEUR@3x.webp\",\"contentUrl\":\"https:\\\/\\\/perle-in.com\\\/wp-content\\\/uploads\\\/2022\\\/12\\\/LOGO-PERLE-IN-COULEUR@3x.webp\",\"width\":1600,\"height\":490,\"caption\":\"PERLE IN\"},\"image\":{\"@id\":\"https:\\\/\\\/perle-in.com\\\/#\\\/schema\\\/logo\\\/image\\\/\"}}]}<\/script>\n<!-- \/ Yoast SEO plugin. -->","yoast_head_json":{"title":"Ensemble stylo \u00e0 bille et carnet de notes Skribo - PERLE IN","robots":{"index":"noindex","follow":"follow","max-snippet":"max-snippet:-1","max-image-preview":"max-image-preview:large","max-video-preview":"max-video-preview:-1"},"og_locale":"en_US","og_type":"article","og_title":"Ensemble stylo \u00e0 bille et carnet de notes Skribo - PERLE IN","og_description":"L'ensemble stylo bille et carnet de notes Skribo certifi\u00e9 RCS est partiellement fabriqu\u00e9 \u00e0 partir de polyester recycl\u00e9 post-consommation, ce qui en fait un choix plus durable puisqu'il contribue \u00e0 r\u00e9duire l'utilisation de mati\u00e8res premi\u00e8res vierges. Il comprend un stylo bille \u00e0 encre bleue et 80\u00a0feuilles lign\u00e9es de couleur cr\u00e8me avec du papier recycl\u00e9 de 80\u00a0g\/m2 provenant de sources durables. La longueur d'\u00e9criture du stylo est de 1\u00a0000\u00a0m\u00e8tres.","og_url":"https:\/\/perle-in.com\/en\/product\/ensemble-stylo-a-bille-et-carnet-de-notes-skribo\/","og_site_name":"PERLE IN","article_modified_time":"2025-10-19T03:47:13+00:00","og_image":[{"width":1600,"height":1600,"url":"https:\/\/perle-in.com\/wp-content\/uploads\/2025\/10\/10787355-1.jpg","type":"image\/jpeg"}],"twitter_card":"summary_large_image","schema":{"@context":"https:\/\/schema.org","@graph":[{"@type":"WebPage","@id":"https:\/\/perle-in.com\/en\/product\/ensemble-stylo-a-bille-et-carnet-de-notes-skribo\/","url":"https:\/\/perle-in.com\/en\/product\/ensemble-stylo-a-bille-et-carnet-de-notes-skribo\/","name":"Ensemble stylo \u00e0 bille et carnet de notes Skribo - PERLE IN","isPartOf":{"@id":"https:\/\/perle-in.com\/#website"},"primaryImageOfPage":{"@id":"https:\/\/perle-in.com\/en\/product\/ensemble-stylo-a-bille-et-carnet-de-notes-skribo\/#primaryimage"},"image":{"@id":"https:\/\/perle-in.com\/en\/product\/ensemble-stylo-a-bille-et-carnet-de-notes-skribo\/#primaryimage"},"thumbnailUrl":"https:\/\/perle-in.com\/wp-content\/uploads\/2025\/10\/10787355-1.jpg","datePublished":"2025-10-15T00:25:51+00:00","dateModified":"2025-10-19T03:47:13+00:00","breadcrumb":{"@id":"https:\/\/perle-in.com\/en\/product\/ensemble-stylo-a-bille-et-carnet-de-notes-skribo\/#breadcrumb"},"inLanguage":"en-CA","potentialAction":[{"@type":"ReadAction","target":["https:\/\/perle-in.com\/en\/product\/ensemble-stylo-a-bille-et-carnet-de-notes-skribo\/"]}]},{"@type":"ImageObject","inLanguage":"en-CA","@id":"https:\/\/perle-in.com\/en\/product\/ensemble-stylo-a-bille-et-carnet-de-notes-skribo\/#primaryimage","url":"https:\/\/perle-in.com\/wp-content\/uploads\/2025\/10\/10787355-1.jpg","contentUrl":"https:\/\/perle-in.com\/wp-content\/uploads\/2025\/10\/10787355-1.jpg","width":1600,"height":1600},{"@type":"BreadcrumbList","@id":"https:\/\/perle-in.com\/en\/product\/ensemble-stylo-a-bille-et-carnet-de-notes-skribo\/#breadcrumb","itemListElement":[{"@type":"ListItem","position":1,"name":"Accueil","item":"https:\/\/perle-in.com\/"},{"@type":"ListItem","position":2,"name":"Boutique","item":"https:\/\/perle-in.com\/boutique\/"},{"@type":"ListItem","position":3,"name":"Ensemble stylo \u00e0 bille et carnet de notes Skribo"}]},{"@type":"WebSite","@id":"https:\/\/perle-in.com\/#website","url":"https:\/\/perle-in.com\/","name":"PERLE IN","description":"","publisher":{"@id":"https:\/\/perle-in.com\/#organization"},"potentialAction":[{"@type":"SearchAction","target":{"@type":"EntryPoint","urlTemplate":"https:\/\/perle-in.com\/?s={search_term_string}"},"query-input":{"@type":"PropertyValueSpecification","valueRequired":true,"valueName":"search_term_string"}}],"inLanguage":"en-CA"},{"@type":"Organization","@id":"https:\/\/perle-in.com\/#organization","name":"PERLE IN","url":"https:\/\/perle-in.com\/","logo":{"@type":"ImageObject","inLanguage":"en-CA","@id":"https:\/\/perle-in.com\/#\/schema\/logo\/image\/","url":"https:\/\/perle-in.com\/wp-content\/uploads\/2022\/12\/LOGO-PERLE-IN-COULEUR@3x.webp","contentUrl":"https:\/\/perle-in.com\/wp-content\/uploads\/2022\/12\/LOGO-PERLE-IN-COULEUR@3x.webp","width":1600,"height":490,"caption":"PERLE IN"},"image":{"@id":"https:\/\/perle-in.com\/#\/schema\/logo\/image\/"}}]}},"jetpack_sharing_enabled":true,"_links":{"self":[{"href":"https:\/\/perle-in.com\/en\/wp-json\/wp\/v2\/product\/540097","targetHints":{"allow":["GET"]}}],"collection":[{"href":"https:\/\/perle-in.com\/en\/wp-json\/wp\/v2\/product"}],"about":[{"href":"https:\/\/perle-in.com\/en\/wp-json\/wp\/v2\/types\/product"}],"version-history":[{"count":0,"href":"https:\/\/perle-in.com\/en\/wp-json\/wp\/v2\/product\/540097\/revisions"}],"wp:featuredmedia":[{"embeddable":true,"href":"https:\/\/perle-in.com\/en\/wp-json\/wp\/v2\/media\/540054"}],"wp:attachment":[{"href":"https:\/\/perle-in.com\/en\/wp-json\/wp\/v2\/media?parent=540097"}],"wp:term":[{"taxonomy":"product_brand","embeddable":true,"href":"https:\/\/perle-in.com\/en\/wp-json\/wp\/v2\/product_brand?post=540097"},{"taxonomy":"product_cat","embeddable":true,"href":"https:\/\/perle-in.com\/en\/wp-json\/wp\/v2\/product_cat?post=540097"},{"taxonomy":"product_tag","embeddable":true,"href":"https:\/\/perle-in.com\/en\/wp-json\/wp\/v2\/product_tag?post=540097"}],"curies":[{"name":"wp","href":"https:\/\/api.w.org\/{rel}","templated":true}]}}