{"id":540017,"date":"2025-10-15T02:23:45","date_gmt":"2025-10-15T00:23:45","guid":{"rendered":"https:\/\/perle-in.com\/produit\/bouteille-deau-oregon-de-400-ml-en-plastique-recycle-avec-mousqueton\/"},"modified":"2025-10-19T05:47:13","modified_gmt":"2025-10-19T03:47:13","slug":"bouteille-deau-oregon-de-400-ml-en-plastique-recycle-avec-mousqueton","status":"publish","type":"product","link":"https:\/\/perle-in.com\/en\/product\/bouteille-deau-oregon-de-400-ml-en-plastique-recycle-avec-mousqueton\/","title":{"rendered":"Bouteille d&#8217;eau Oregon de 400 ml en plastique recycl\u00e9 avec mousqueton"},"content":{"rendered":"","protected":false},"excerpt":{"rendered":"<p>Rester hydrat\u00e9 \u00e0 tout moment est possible avec cette gourde durable et l\u00e9g\u00e8re de 400\u00a0ml en plastique recycl\u00e9 certifi\u00e9 RCS. C&#8217;est le compagnon id\u00e9al pour l&#8217;exercice, les excursions d&#8217;une journ\u00e9e ou au bureau. La bouteille Oregon \u00e0 paroi simple a un effet de finition mate et offre beaucoup d&#8217;espace pour ajouter tout type de logo. Attachez solidement le mousqueton (ne convient pas pour l&#8217;escalade) \u00e0 un sac pour \u00e9viter de le perdre. Sans BPA, test\u00e9 et approuv\u00e9 par la l\u00e9gislation allemande sur la s\u00e9curit\u00e9 alimentaire (LFGB), et test\u00e9 pour la teneur en phtalates conform\u00e9ment \u00e0 la r\u00e9glementation REACH. Le couvercle et le corps sont compos\u00e9s \u00e0 100\u00a0% de plastique recycl\u00e9.<\/p>","protected":false},"featured_media":539997,"template":"","meta":{"_eb_attr":""},"product_brand":[],"product_cat":[174,173],"product_tag":[3224,276,275,175,837,274,836],"class_list":{"0":"post-540017","1":"product","2":"type-product","3":"status-publish","4":"has-post-thumbnail","6":"product_cat-bouteilles-deau","7":"product_cat-drinkware","8":"product_tag-articles-pour-boissons","9":"product_tag-boire","10":"product_tag-boissons","11":"product_tag-bouteille","12":"product_tag-durable","13":"product_tag-eau","14":"product_tag-recycle","15":"pa_couleurs-blanc","16":"pa_couleurs-bleu","17":"pa_couleurs-noir","18":"pa_couleurs-orange","19":"pa_couleurs-rouge","20":"pa_couleurs-vert","21":"pa_green-points-2910","22":"pa_matiere-plastique-recycle-pet","24":"first","25":"instock","26":"shipping-taxable","27":"purchasable","28":"product-type-variable"},"yoast_head":"<!-- This site is optimized with the Yoast SEO plugin v27.4 - https:\/\/yoast.com\/product\/yoast-seo-wordpress\/ -->\n<title>Bouteille d&#039;eau Oregon de 400 ml en plastique recycl\u00e9 avec mousqueton - PERLE IN<\/title>\n<meta name=\"robots\" content=\"noindex, follow, max-snippet:-1, max-image-preview:large, max-video-preview:-1\" \/>\n<meta property=\"og:locale\" content=\"en_US\" \/>\n<meta property=\"og:type\" content=\"article\" \/>\n<meta property=\"og:title\" content=\"Bouteille d&#039;eau Oregon de 400 ml en plastique recycl\u00e9 avec mousqueton - PERLE IN\" \/>\n<meta property=\"og:description\" content=\"Rester hydrat\u00e9 \u00e0 tout moment est possible avec cette gourde durable et l\u00e9g\u00e8re de 400\u00a0ml en plastique recycl\u00e9 certifi\u00e9 RCS. C&#039;est le compagnon id\u00e9al pour l&#039;exercice, les excursions d&#039;une journ\u00e9e ou au bureau. La bouteille Oregon \u00e0 paroi simple a un effet de finition mate et offre beaucoup d&#039;espace pour ajouter tout type de logo. Attachez solidement le mousqueton (ne convient pas pour l&#039;escalade) \u00e0 un sac pour \u00e9viter de le perdre. Sans BPA, test\u00e9 et approuv\u00e9 par la l\u00e9gislation allemande sur la s\u00e9curit\u00e9 alimentaire (LFGB), et test\u00e9 pour la teneur en phtalates conform\u00e9ment \u00e0 la r\u00e9glementation REACH. Le couvercle et le corps sont compos\u00e9s \u00e0 100\u00a0% de plastique recycl\u00e9.\" \/>\n<meta property=\"og:url\" content=\"https:\/\/perle-in.com\/en\/product\/bouteille-deau-oregon-de-400-ml-en-plastique-recycle-avec-mousqueton\/\" \/>\n<meta property=\"og:site_name\" content=\"PERLE IN\" \/>\n<meta property=\"article:modified_time\" content=\"2025-10-19T03:47:13+00:00\" \/>\n<meta property=\"og:image\" content=\"https:\/\/perle-in.com\/wp-content\/uploads\/2025\/10\/10077801-1.jpg\" \/>\n\t<meta property=\"og:image:width\" content=\"1600\" \/>\n\t<meta property=\"og:image:height\" content=\"1600\" \/>\n\t<meta property=\"og:image:type\" content=\"image\/jpeg\" \/>\n<meta name=\"twitter:card\" content=\"summary_large_image\" \/>\n<script type=\"application\/ld+json\" class=\"yoast-schema-graph\">{\"@context\":\"https:\\\/\\\/schema.org\",\"@graph\":[{\"@type\":\"WebPage\",\"@id\":\"https:\\\/\\\/perle-in.com\\\/produit\\\/bouteille-deau-oregon-de-400-ml-en-plastique-recycle-avec-mousqueton\\\/\",\"url\":\"https:\\\/\\\/perle-in.com\\\/produit\\\/bouteille-deau-oregon-de-400-ml-en-plastique-recycle-avec-mousqueton\\\/\",\"name\":\"Bouteille d'eau Oregon de 400 ml en plastique recycl\u00e9 avec mousqueton - PERLE IN\",\"isPartOf\":{\"@id\":\"https:\\\/\\\/perle-in.com\\\/#website\"},\"primaryImageOfPage\":{\"@id\":\"https:\\\/\\\/perle-in.com\\\/produit\\\/bouteille-deau-oregon-de-400-ml-en-plastique-recycle-avec-mousqueton\\\/#primaryimage\"},\"image\":{\"@id\":\"https:\\\/\\\/perle-in.com\\\/produit\\\/bouteille-deau-oregon-de-400-ml-en-plastique-recycle-avec-mousqueton\\\/#primaryimage\"},\"thumbnailUrl\":\"https:\\\/\\\/perle-in.com\\\/wp-content\\\/uploads\\\/2025\\\/10\\\/10077801-1.jpg\",\"datePublished\":\"2025-10-15T00:23:45+00:00\",\"dateModified\":\"2025-10-19T03:47:13+00:00\",\"breadcrumb\":{\"@id\":\"https:\\\/\\\/perle-in.com\\\/produit\\\/bouteille-deau-oregon-de-400-ml-en-plastique-recycle-avec-mousqueton\\\/#breadcrumb\"},\"inLanguage\":\"en-CA\",\"potentialAction\":[{\"@type\":\"ReadAction\",\"target\":[\"https:\\\/\\\/perle-in.com\\\/produit\\\/bouteille-deau-oregon-de-400-ml-en-plastique-recycle-avec-mousqueton\\\/\"]}]},{\"@type\":\"ImageObject\",\"inLanguage\":\"en-CA\",\"@id\":\"https:\\\/\\\/perle-in.com\\\/produit\\\/bouteille-deau-oregon-de-400-ml-en-plastique-recycle-avec-mousqueton\\\/#primaryimage\",\"url\":\"https:\\\/\\\/perle-in.com\\\/wp-content\\\/uploads\\\/2025\\\/10\\\/10077801-1.jpg\",\"contentUrl\":\"https:\\\/\\\/perle-in.com\\\/wp-content\\\/uploads\\\/2025\\\/10\\\/10077801-1.jpg\",\"width\":1600,\"height\":1600},{\"@type\":\"BreadcrumbList\",\"@id\":\"https:\\\/\\\/perle-in.com\\\/produit\\\/bouteille-deau-oregon-de-400-ml-en-plastique-recycle-avec-mousqueton\\\/#breadcrumb\",\"itemListElement\":[{\"@type\":\"ListItem\",\"position\":1,\"name\":\"Accueil\",\"item\":\"https:\\\/\\\/perle-in.com\\\/\"},{\"@type\":\"ListItem\",\"position\":2,\"name\":\"Boutique\",\"item\":\"https:\\\/\\\/perle-in.com\\\/boutique\\\/\"},{\"@type\":\"ListItem\",\"position\":3,\"name\":\"Bouteille d&#8217;eau Oregon de 400 ml en plastique recycl\u00e9 avec mousqueton\"}]},{\"@type\":\"WebSite\",\"@id\":\"https:\\\/\\\/perle-in.com\\\/#website\",\"url\":\"https:\\\/\\\/perle-in.com\\\/\",\"name\":\"PERLE IN\",\"description\":\"\",\"publisher\":{\"@id\":\"https:\\\/\\\/perle-in.com\\\/#organization\"},\"potentialAction\":[{\"@type\":\"SearchAction\",\"target\":{\"@type\":\"EntryPoint\",\"urlTemplate\":\"https:\\\/\\\/perle-in.com\\\/?s={search_term_string}\"},\"query-input\":{\"@type\":\"PropertyValueSpecification\",\"valueRequired\":true,\"valueName\":\"search_term_string\"}}],\"inLanguage\":\"en-CA\"},{\"@type\":\"Organization\",\"@id\":\"https:\\\/\\\/perle-in.com\\\/#organization\",\"name\":\"PERLE IN\",\"url\":\"https:\\\/\\\/perle-in.com\\\/\",\"logo\":{\"@type\":\"ImageObject\",\"inLanguage\":\"en-CA\",\"@id\":\"https:\\\/\\\/perle-in.com\\\/#\\\/schema\\\/logo\\\/image\\\/\",\"url\":\"https:\\\/\\\/perle-in.com\\\/wp-content\\\/uploads\\\/2022\\\/12\\\/LOGO-PERLE-IN-COULEUR@3x.webp\",\"contentUrl\":\"https:\\\/\\\/perle-in.com\\\/wp-content\\\/uploads\\\/2022\\\/12\\\/LOGO-PERLE-IN-COULEUR@3x.webp\",\"width\":1600,\"height\":490,\"caption\":\"PERLE IN\"},\"image\":{\"@id\":\"https:\\\/\\\/perle-in.com\\\/#\\\/schema\\\/logo\\\/image\\\/\"}}]}<\/script>\n<!-- \/ Yoast SEO plugin. -->","yoast_head_json":{"title":"Bouteille d'eau Oregon de 400 ml en plastique recycl\u00e9 avec mousqueton - PERLE IN","robots":{"index":"noindex","follow":"follow","max-snippet":"max-snippet:-1","max-image-preview":"max-image-preview:large","max-video-preview":"max-video-preview:-1"},"og_locale":"en_US","og_type":"article","og_title":"Bouteille d'eau Oregon de 400 ml en plastique recycl\u00e9 avec mousqueton - PERLE IN","og_description":"Rester hydrat\u00e9 \u00e0 tout moment est possible avec cette gourde durable et l\u00e9g\u00e8re de 400\u00a0ml en plastique recycl\u00e9 certifi\u00e9 RCS. C'est le compagnon id\u00e9al pour l'exercice, les excursions d'une journ\u00e9e ou au bureau. La bouteille Oregon \u00e0 paroi simple a un effet de finition mate et offre beaucoup d'espace pour ajouter tout type de logo. Attachez solidement le mousqueton (ne convient pas pour l'escalade) \u00e0 un sac pour \u00e9viter de le perdre. Sans BPA, test\u00e9 et approuv\u00e9 par la l\u00e9gislation allemande sur la s\u00e9curit\u00e9 alimentaire (LFGB), et test\u00e9 pour la teneur en phtalates conform\u00e9ment \u00e0 la r\u00e9glementation REACH. Le couvercle et le corps sont compos\u00e9s \u00e0 100\u00a0% de plastique recycl\u00e9.","og_url":"https:\/\/perle-in.com\/en\/product\/bouteille-deau-oregon-de-400-ml-en-plastique-recycle-avec-mousqueton\/","og_site_name":"PERLE IN","article_modified_time":"2025-10-19T03:47:13+00:00","og_image":[{"width":1600,"height":1600,"url":"https:\/\/perle-in.com\/wp-content\/uploads\/2025\/10\/10077801-1.jpg","type":"image\/jpeg"}],"twitter_card":"summary_large_image","schema":{"@context":"https:\/\/schema.org","@graph":[{"@type":"WebPage","@id":"https:\/\/perle-in.com\/produit\/bouteille-deau-oregon-de-400-ml-en-plastique-recycle-avec-mousqueton\/","url":"https:\/\/perle-in.com\/produit\/bouteille-deau-oregon-de-400-ml-en-plastique-recycle-avec-mousqueton\/","name":"Bouteille d'eau Oregon de 400 ml en plastique recycl\u00e9 avec mousqueton - PERLE IN","isPartOf":{"@id":"https:\/\/perle-in.com\/#website"},"primaryImageOfPage":{"@id":"https:\/\/perle-in.com\/produit\/bouteille-deau-oregon-de-400-ml-en-plastique-recycle-avec-mousqueton\/#primaryimage"},"image":{"@id":"https:\/\/perle-in.com\/produit\/bouteille-deau-oregon-de-400-ml-en-plastique-recycle-avec-mousqueton\/#primaryimage"},"thumbnailUrl":"https:\/\/perle-in.com\/wp-content\/uploads\/2025\/10\/10077801-1.jpg","datePublished":"2025-10-15T00:23:45+00:00","dateModified":"2025-10-19T03:47:13+00:00","breadcrumb":{"@id":"https:\/\/perle-in.com\/produit\/bouteille-deau-oregon-de-400-ml-en-plastique-recycle-avec-mousqueton\/#breadcrumb"},"inLanguage":"en-CA","potentialAction":[{"@type":"ReadAction","target":["https:\/\/perle-in.com\/produit\/bouteille-deau-oregon-de-400-ml-en-plastique-recycle-avec-mousqueton\/"]}]},{"@type":"ImageObject","inLanguage":"en-CA","@id":"https:\/\/perle-in.com\/produit\/bouteille-deau-oregon-de-400-ml-en-plastique-recycle-avec-mousqueton\/#primaryimage","url":"https:\/\/perle-in.com\/wp-content\/uploads\/2025\/10\/10077801-1.jpg","contentUrl":"https:\/\/perle-in.com\/wp-content\/uploads\/2025\/10\/10077801-1.jpg","width":1600,"height":1600},{"@type":"BreadcrumbList","@id":"https:\/\/perle-in.com\/produit\/bouteille-deau-oregon-de-400-ml-en-plastique-recycle-avec-mousqueton\/#breadcrumb","itemListElement":[{"@type":"ListItem","position":1,"name":"Accueil","item":"https:\/\/perle-in.com\/"},{"@type":"ListItem","position":2,"name":"Boutique","item":"https:\/\/perle-in.com\/boutique\/"},{"@type":"ListItem","position":3,"name":"Bouteille d&#8217;eau Oregon de 400 ml en plastique recycl\u00e9 avec mousqueton"}]},{"@type":"WebSite","@id":"https:\/\/perle-in.com\/#website","url":"https:\/\/perle-in.com\/","name":"PERLE IN","description":"","publisher":{"@id":"https:\/\/perle-in.com\/#organization"},"potentialAction":[{"@type":"SearchAction","target":{"@type":"EntryPoint","urlTemplate":"https:\/\/perle-in.com\/?s={search_term_string}"},"query-input":{"@type":"PropertyValueSpecification","valueRequired":true,"valueName":"search_term_string"}}],"inLanguage":"en-CA"},{"@type":"Organization","@id":"https:\/\/perle-in.com\/#organization","name":"PERLE IN","url":"https:\/\/perle-in.com\/","logo":{"@type":"ImageObject","inLanguage":"en-CA","@id":"https:\/\/perle-in.com\/#\/schema\/logo\/image\/","url":"https:\/\/perle-in.com\/wp-content\/uploads\/2022\/12\/LOGO-PERLE-IN-COULEUR@3x.webp","contentUrl":"https:\/\/perle-in.com\/wp-content\/uploads\/2022\/12\/LOGO-PERLE-IN-COULEUR@3x.webp","width":1600,"height":490,"caption":"PERLE IN"},"image":{"@id":"https:\/\/perle-in.com\/#\/schema\/logo\/image\/"}}]}},"jetpack_sharing_enabled":true,"_links":{"self":[{"href":"https:\/\/perle-in.com\/en\/wp-json\/wp\/v2\/product\/540017","targetHints":{"allow":["GET"]}}],"collection":[{"href":"https:\/\/perle-in.com\/en\/wp-json\/wp\/v2\/product"}],"about":[{"href":"https:\/\/perle-in.com\/en\/wp-json\/wp\/v2\/types\/product"}],"version-history":[{"count":0,"href":"https:\/\/perle-in.com\/en\/wp-json\/wp\/v2\/product\/540017\/revisions"}],"wp:featuredmedia":[{"embeddable":true,"href":"https:\/\/perle-in.com\/en\/wp-json\/wp\/v2\/media\/539997"}],"wp:attachment":[{"href":"https:\/\/perle-in.com\/en\/wp-json\/wp\/v2\/media?parent=540017"}],"wp:term":[{"taxonomy":"product_brand","embeddable":true,"href":"https:\/\/perle-in.com\/en\/wp-json\/wp\/v2\/product_brand?post=540017"},{"taxonomy":"product_cat","embeddable":true,"href":"https:\/\/perle-in.com\/en\/wp-json\/wp\/v2\/product_cat?post=540017"},{"taxonomy":"product_tag","embeddable":true,"href":"https:\/\/perle-in.com\/en\/wp-json\/wp\/v2\/product_tag?post=540017"}],"curies":[{"name":"wp","href":"https:\/\/api.w.org\/{rel}","templated":true}]}}