{"id":539755,"date":"2025-10-15T02:16:31","date_gmt":"2025-10-15T00:16:31","guid":{"rendered":"https:\/\/perle-in.com\/produit\/gobelet-avec-isolation-elwood-de-410-ml-en-acier-inoxydable-recycle-certifie-rcs\/"},"modified":"2025-10-19T05:47:11","modified_gmt":"2025-10-19T03:47:11","slug":"gobelet-avec-isolation-elwood-de-410-ml-en-acier-inoxydable-recycle-certifie-rcs","status":"publish","type":"product","link":"https:\/\/perle-in.com\/en\/product\/gobelet-avec-isolation-elwood-de-410-ml-en-acier-inoxydable-recycle-certifie-rcs\/","title":{"rendered":"Gobelet avec isolation Elwood de 410\u00a0ml en acier inoxydable recycl\u00e9 certifi\u00e9 RCS"},"content":{"rendered":"","protected":false},"excerpt":{"rendered":"<p>Que ce soit pour boire un caf\u00e9 le matin en voyage ou pour d\u00e9guster une bonne tasse de th\u00e9 au bureau, le gobelet avec isolation Elwood en acier inoxydable recycl\u00e9 certifi\u00e9 RCS offre la solution. La double paroi isol\u00e9e du gobelet garde les boissons froides ou chaudes pendant longtemps. Les boissons sont faciles \u00e0 boire gr\u00e2ce au couvercle \u00e0 glissi\u00e8re tournante. La combinaison de l&#8217;acier inoxydable et du plastique rend le gobelet tr\u00e8s solide, r\u00e9sistant \u00e0 la corrosion et facile \u00e0 nettoyer. Capacit\u00e9\u00a0: 410\u00a0ml.<\/p>","protected":false},"featured_media":539746,"template":"","meta":{"_eb_attr":""},"product_brand":[],"product_cat":[173,1209],"product_tag":[275,225,837,308,196,2884,836,227],"class_list":{"0":"post-539755","1":"product","2":"type-product","3":"status-publish","4":"has-post-thumbnail","6":"product_cat-drinkware","7":"product_cat-mugs-pour-voyager","8":"product_tag-boissons","9":"product_tag-cafe","10":"product_tag-durable","11":"product_tag-gobelet","12":"product_tag-isolant","13":"product_tag-rcs","14":"product_tag-recycle","15":"product_tag-the","16":"pa_couleurs-blanc","17":"pa_couleurs-bleu","18":"pa_couleurs-noir","19":"pa_couleurs-rouge","20":"pa_green-points-3125","21":"pa_matiere-acier-inoxydable-recycle-plastique-recycle","23":"first","24":"instock","25":"shipping-taxable","26":"purchasable","27":"product-type-variable"},"yoast_head":"<!-- This site is optimized with the Yoast SEO plugin v27.4 - https:\/\/yoast.com\/product\/yoast-seo-wordpress\/ -->\n<title>Gobelet avec isolation Elwood de 410\u00a0ml en acier inoxydable recycl\u00e9 certifi\u00e9 RCS - PERLE IN<\/title>\n<meta name=\"robots\" content=\"noindex, follow, max-snippet:-1, max-image-preview:large, max-video-preview:-1\" \/>\n<meta property=\"og:locale\" content=\"en_US\" \/>\n<meta property=\"og:type\" content=\"article\" \/>\n<meta property=\"og:title\" content=\"Gobelet avec isolation Elwood de 410\u00a0ml en acier inoxydable recycl\u00e9 certifi\u00e9 RCS - PERLE IN\" \/>\n<meta property=\"og:description\" content=\"Que ce soit pour boire un caf\u00e9 le matin en voyage ou pour d\u00e9guster une bonne tasse de th\u00e9 au bureau, le gobelet avec isolation Elwood en acier inoxydable recycl\u00e9 certifi\u00e9 RCS offre la solution. La double paroi isol\u00e9e du gobelet garde les boissons froides ou chaudes pendant longtemps. Les boissons sont faciles \u00e0 boire gr\u00e2ce au couvercle \u00e0 glissi\u00e8re tournante. La combinaison de l&#039;acier inoxydable et du plastique rend le gobelet tr\u00e8s solide, r\u00e9sistant \u00e0 la corrosion et facile \u00e0 nettoyer. Capacit\u00e9\u00a0: 410\u00a0ml.\" \/>\n<meta property=\"og:url\" content=\"https:\/\/perle-in.com\/en\/product\/gobelet-avec-isolation-elwood-de-410-ml-en-acier-inoxydable-recycle-certifie-rcs\/\" \/>\n<meta property=\"og:site_name\" content=\"PERLE IN\" \/>\n<meta property=\"article:modified_time\" content=\"2025-10-19T03:47:11+00:00\" \/>\n<meta property=\"og:image\" content=\"https:\/\/perle-in.com\/wp-content\/uploads\/2025\/10\/10076301-1.jpg\" \/>\n\t<meta property=\"og:image:width\" content=\"1600\" \/>\n\t<meta property=\"og:image:height\" content=\"1600\" \/>\n\t<meta property=\"og:image:type\" content=\"image\/jpeg\" \/>\n<meta name=\"twitter:card\" content=\"summary_large_image\" \/>\n<script type=\"application\/ld+json\" class=\"yoast-schema-graph\">{\"@context\":\"https:\\\/\\\/schema.org\",\"@graph\":[{\"@type\":\"WebPage\",\"@id\":\"https:\\\/\\\/perle-in.com\\\/produit\\\/gobelet-avec-isolation-elwood-de-410-ml-en-acier-inoxydable-recycle-certifie-rcs\\\/\",\"url\":\"https:\\\/\\\/perle-in.com\\\/produit\\\/gobelet-avec-isolation-elwood-de-410-ml-en-acier-inoxydable-recycle-certifie-rcs\\\/\",\"name\":\"Gobelet avec isolation Elwood de 410\u00a0ml en acier inoxydable recycl\u00e9 certifi\u00e9 RCS - PERLE IN\",\"isPartOf\":{\"@id\":\"https:\\\/\\\/perle-in.com\\\/#website\"},\"primaryImageOfPage\":{\"@id\":\"https:\\\/\\\/perle-in.com\\\/produit\\\/gobelet-avec-isolation-elwood-de-410-ml-en-acier-inoxydable-recycle-certifie-rcs\\\/#primaryimage\"},\"image\":{\"@id\":\"https:\\\/\\\/perle-in.com\\\/produit\\\/gobelet-avec-isolation-elwood-de-410-ml-en-acier-inoxydable-recycle-certifie-rcs\\\/#primaryimage\"},\"thumbnailUrl\":\"https:\\\/\\\/perle-in.com\\\/wp-content\\\/uploads\\\/2025\\\/10\\\/10076301-1.jpg\",\"datePublished\":\"2025-10-15T00:16:31+00:00\",\"dateModified\":\"2025-10-19T03:47:11+00:00\",\"breadcrumb\":{\"@id\":\"https:\\\/\\\/perle-in.com\\\/produit\\\/gobelet-avec-isolation-elwood-de-410-ml-en-acier-inoxydable-recycle-certifie-rcs\\\/#breadcrumb\"},\"inLanguage\":\"en-CA\",\"potentialAction\":[{\"@type\":\"ReadAction\",\"target\":[\"https:\\\/\\\/perle-in.com\\\/produit\\\/gobelet-avec-isolation-elwood-de-410-ml-en-acier-inoxydable-recycle-certifie-rcs\\\/\"]}]},{\"@type\":\"ImageObject\",\"inLanguage\":\"en-CA\",\"@id\":\"https:\\\/\\\/perle-in.com\\\/produit\\\/gobelet-avec-isolation-elwood-de-410-ml-en-acier-inoxydable-recycle-certifie-rcs\\\/#primaryimage\",\"url\":\"https:\\\/\\\/perle-in.com\\\/wp-content\\\/uploads\\\/2025\\\/10\\\/10076301-1.jpg\",\"contentUrl\":\"https:\\\/\\\/perle-in.com\\\/wp-content\\\/uploads\\\/2025\\\/10\\\/10076301-1.jpg\",\"width\":1600,\"height\":1600},{\"@type\":\"BreadcrumbList\",\"@id\":\"https:\\\/\\\/perle-in.com\\\/produit\\\/gobelet-avec-isolation-elwood-de-410-ml-en-acier-inoxydable-recycle-certifie-rcs\\\/#breadcrumb\",\"itemListElement\":[{\"@type\":\"ListItem\",\"position\":1,\"name\":\"Accueil\",\"item\":\"https:\\\/\\\/perle-in.com\\\/\"},{\"@type\":\"ListItem\",\"position\":2,\"name\":\"Boutique\",\"item\":\"https:\\\/\\\/perle-in.com\\\/boutique\\\/\"},{\"@type\":\"ListItem\",\"position\":3,\"name\":\"Gobelet avec isolation Elwood de 410\u00a0ml en acier inoxydable recycl\u00e9 certifi\u00e9 RCS\"}]},{\"@type\":\"WebSite\",\"@id\":\"https:\\\/\\\/perle-in.com\\\/#website\",\"url\":\"https:\\\/\\\/perle-in.com\\\/\",\"name\":\"PERLE IN\",\"description\":\"\",\"publisher\":{\"@id\":\"https:\\\/\\\/perle-in.com\\\/#organization\"},\"potentialAction\":[{\"@type\":\"SearchAction\",\"target\":{\"@type\":\"EntryPoint\",\"urlTemplate\":\"https:\\\/\\\/perle-in.com\\\/?s={search_term_string}\"},\"query-input\":{\"@type\":\"PropertyValueSpecification\",\"valueRequired\":true,\"valueName\":\"search_term_string\"}}],\"inLanguage\":\"en-CA\"},{\"@type\":\"Organization\",\"@id\":\"https:\\\/\\\/perle-in.com\\\/#organization\",\"name\":\"PERLE IN\",\"url\":\"https:\\\/\\\/perle-in.com\\\/\",\"logo\":{\"@type\":\"ImageObject\",\"inLanguage\":\"en-CA\",\"@id\":\"https:\\\/\\\/perle-in.com\\\/#\\\/schema\\\/logo\\\/image\\\/\",\"url\":\"https:\\\/\\\/perle-in.com\\\/wp-content\\\/uploads\\\/2022\\\/12\\\/LOGO-PERLE-IN-COULEUR@3x.webp\",\"contentUrl\":\"https:\\\/\\\/perle-in.com\\\/wp-content\\\/uploads\\\/2022\\\/12\\\/LOGO-PERLE-IN-COULEUR@3x.webp\",\"width\":1600,\"height\":490,\"caption\":\"PERLE IN\"},\"image\":{\"@id\":\"https:\\\/\\\/perle-in.com\\\/#\\\/schema\\\/logo\\\/image\\\/\"}}]}<\/script>\n<!-- \/ Yoast SEO plugin. -->","yoast_head_json":{"title":"Gobelet avec isolation Elwood de 410\u00a0ml en acier inoxydable recycl\u00e9 certifi\u00e9 RCS - PERLE IN","robots":{"index":"noindex","follow":"follow","max-snippet":"max-snippet:-1","max-image-preview":"max-image-preview:large","max-video-preview":"max-video-preview:-1"},"og_locale":"en_US","og_type":"article","og_title":"Gobelet avec isolation Elwood de 410\u00a0ml en acier inoxydable recycl\u00e9 certifi\u00e9 RCS - PERLE IN","og_description":"Que ce soit pour boire un caf\u00e9 le matin en voyage ou pour d\u00e9guster une bonne tasse de th\u00e9 au bureau, le gobelet avec isolation Elwood en acier inoxydable recycl\u00e9 certifi\u00e9 RCS offre la solution. La double paroi isol\u00e9e du gobelet garde les boissons froides ou chaudes pendant longtemps. Les boissons sont faciles \u00e0 boire gr\u00e2ce au couvercle \u00e0 glissi\u00e8re tournante. La combinaison de l'acier inoxydable et du plastique rend le gobelet tr\u00e8s solide, r\u00e9sistant \u00e0 la corrosion et facile \u00e0 nettoyer. Capacit\u00e9\u00a0: 410\u00a0ml.","og_url":"https:\/\/perle-in.com\/en\/product\/gobelet-avec-isolation-elwood-de-410-ml-en-acier-inoxydable-recycle-certifie-rcs\/","og_site_name":"PERLE IN","article_modified_time":"2025-10-19T03:47:11+00:00","og_image":[{"width":1600,"height":1600,"url":"https:\/\/perle-in.com\/wp-content\/uploads\/2025\/10\/10076301-1.jpg","type":"image\/jpeg"}],"twitter_card":"summary_large_image","schema":{"@context":"https:\/\/schema.org","@graph":[{"@type":"WebPage","@id":"https:\/\/perle-in.com\/produit\/gobelet-avec-isolation-elwood-de-410-ml-en-acier-inoxydable-recycle-certifie-rcs\/","url":"https:\/\/perle-in.com\/produit\/gobelet-avec-isolation-elwood-de-410-ml-en-acier-inoxydable-recycle-certifie-rcs\/","name":"Gobelet avec isolation Elwood de 410\u00a0ml en acier inoxydable recycl\u00e9 certifi\u00e9 RCS - PERLE IN","isPartOf":{"@id":"https:\/\/perle-in.com\/#website"},"primaryImageOfPage":{"@id":"https:\/\/perle-in.com\/produit\/gobelet-avec-isolation-elwood-de-410-ml-en-acier-inoxydable-recycle-certifie-rcs\/#primaryimage"},"image":{"@id":"https:\/\/perle-in.com\/produit\/gobelet-avec-isolation-elwood-de-410-ml-en-acier-inoxydable-recycle-certifie-rcs\/#primaryimage"},"thumbnailUrl":"https:\/\/perle-in.com\/wp-content\/uploads\/2025\/10\/10076301-1.jpg","datePublished":"2025-10-15T00:16:31+00:00","dateModified":"2025-10-19T03:47:11+00:00","breadcrumb":{"@id":"https:\/\/perle-in.com\/produit\/gobelet-avec-isolation-elwood-de-410-ml-en-acier-inoxydable-recycle-certifie-rcs\/#breadcrumb"},"inLanguage":"en-CA","potentialAction":[{"@type":"ReadAction","target":["https:\/\/perle-in.com\/produit\/gobelet-avec-isolation-elwood-de-410-ml-en-acier-inoxydable-recycle-certifie-rcs\/"]}]},{"@type":"ImageObject","inLanguage":"en-CA","@id":"https:\/\/perle-in.com\/produit\/gobelet-avec-isolation-elwood-de-410-ml-en-acier-inoxydable-recycle-certifie-rcs\/#primaryimage","url":"https:\/\/perle-in.com\/wp-content\/uploads\/2025\/10\/10076301-1.jpg","contentUrl":"https:\/\/perle-in.com\/wp-content\/uploads\/2025\/10\/10076301-1.jpg","width":1600,"height":1600},{"@type":"BreadcrumbList","@id":"https:\/\/perle-in.com\/produit\/gobelet-avec-isolation-elwood-de-410-ml-en-acier-inoxydable-recycle-certifie-rcs\/#breadcrumb","itemListElement":[{"@type":"ListItem","position":1,"name":"Accueil","item":"https:\/\/perle-in.com\/"},{"@type":"ListItem","position":2,"name":"Boutique","item":"https:\/\/perle-in.com\/boutique\/"},{"@type":"ListItem","position":3,"name":"Gobelet avec isolation Elwood de 410\u00a0ml en acier inoxydable recycl\u00e9 certifi\u00e9 RCS"}]},{"@type":"WebSite","@id":"https:\/\/perle-in.com\/#website","url":"https:\/\/perle-in.com\/","name":"PERLE IN","description":"","publisher":{"@id":"https:\/\/perle-in.com\/#organization"},"potentialAction":[{"@type":"SearchAction","target":{"@type":"EntryPoint","urlTemplate":"https:\/\/perle-in.com\/?s={search_term_string}"},"query-input":{"@type":"PropertyValueSpecification","valueRequired":true,"valueName":"search_term_string"}}],"inLanguage":"en-CA"},{"@type":"Organization","@id":"https:\/\/perle-in.com\/#organization","name":"PERLE IN","url":"https:\/\/perle-in.com\/","logo":{"@type":"ImageObject","inLanguage":"en-CA","@id":"https:\/\/perle-in.com\/#\/schema\/logo\/image\/","url":"https:\/\/perle-in.com\/wp-content\/uploads\/2022\/12\/LOGO-PERLE-IN-COULEUR@3x.webp","contentUrl":"https:\/\/perle-in.com\/wp-content\/uploads\/2022\/12\/LOGO-PERLE-IN-COULEUR@3x.webp","width":1600,"height":490,"caption":"PERLE IN"},"image":{"@id":"https:\/\/perle-in.com\/#\/schema\/logo\/image\/"}}]}},"jetpack_sharing_enabled":true,"_links":{"self":[{"href":"https:\/\/perle-in.com\/en\/wp-json\/wp\/v2\/product\/539755","targetHints":{"allow":["GET"]}}],"collection":[{"href":"https:\/\/perle-in.com\/en\/wp-json\/wp\/v2\/product"}],"about":[{"href":"https:\/\/perle-in.com\/en\/wp-json\/wp\/v2\/types\/product"}],"version-history":[{"count":0,"href":"https:\/\/perle-in.com\/en\/wp-json\/wp\/v2\/product\/539755\/revisions"}],"wp:featuredmedia":[{"embeddable":true,"href":"https:\/\/perle-in.com\/en\/wp-json\/wp\/v2\/media\/539746"}],"wp:attachment":[{"href":"https:\/\/perle-in.com\/en\/wp-json\/wp\/v2\/media?parent=539755"}],"wp:term":[{"taxonomy":"product_brand","embeddable":true,"href":"https:\/\/perle-in.com\/en\/wp-json\/wp\/v2\/product_brand?post=539755"},{"taxonomy":"product_cat","embeddable":true,"href":"https:\/\/perle-in.com\/en\/wp-json\/wp\/v2\/product_cat?post=539755"},{"taxonomy":"product_tag","embeddable":true,"href":"https:\/\/perle-in.com\/en\/wp-json\/wp\/v2\/product_tag?post=539755"}],"curies":[{"name":"wp","href":"https:\/\/api.w.org\/{rel}","templated":true}]}}