{"id":539709,"date":"2025-10-15T02:14:03","date_gmt":"2025-10-15T00:14:03","guid":{"rendered":"https:\/\/perle-in.com\/produit\/haut-parleur-solaire-bluetooth-solo-de-3-w-ipx5-en-plastique-recycle-certifie-rcs-avec-mousqueton\/"},"modified":"2025-10-19T05:47:11","modified_gmt":"2025-10-19T03:47:11","slug":"haut-parleur-solaire-bluetooth-solo-de-3-w-ipx5-en-plastique-recycle-certifie-rcs-avec-mousqueton","status":"publish","type":"product","link":"https:\/\/perle-in.com\/en\/product\/haut-parleur-solaire-bluetooth-solo-de-3-w-ipx5-en-plastique-recycle-certifie-rcs-avec-mousqueton\/","title":{"rendered":"Haut-parleur solaire Bluetooth\u00ae Solo de 3\u00a0W IPX5 en plastique recycl\u00e9 certifi\u00e9 RCS avec mousqueton"},"content":{"rendered":"","protected":false},"excerpt":{"rendered":"<p>Boostez votre musique avec cette enceinte solaire Bluetooth\u00ae recycl\u00e9e certifi\u00e9e RCS de 3\u00a0W avec lampe de poche\u00a0! Elle peut jouer de la musique, des podcasts, etc. \u00e0 partir de n&#8217;importe quel appareil compatible Bluetooth\u00ae, ce qui en fait un compagnon de voyage id\u00e9al. L&#8217;enceinte est dot\u00e9e de commandes musicales int\u00e9gr\u00e9es et d&#8217;un microphone pour les appels t\u00e9l\u00e9phoniques en d\u00e9placement, ainsi que d&#8217;une lampe de poche pratique. Le mousqueton fourni permet de l&#8217;attacher facilement \u00e0 un sac \u00e0 dos, par exemple, et l&#8217;indice IPX5 prot\u00e8ge l&#8217;enceinte contre les fortes pluies. Gr\u00e2ce \u00e0 sa batterie Li-ion de 400\u00a0mAh, vous pouvez profiter de 3 \u00e0 4\u00a0heures de musique \u00e0 volume maximal. Le temps de charge est de 2\u00a0heures par c\u00e2ble et d&#8217;environ 6\u00a0heures par panneau solaire (en fonction de la luminosit\u00e9 et de la constance de la lumi\u00e8re du soleil). L&#8217;autonomie de la lampe de poche est de 10\u00a0heures lorsque la fonction haut-parleur est d\u00e9sactiv\u00e9e. La port\u00e9e du Bluetooth\u00ae 5.3 est d&#8217;environ 10\u00a0m\u00e8tres. Livr\u00e9 avec un manuel d&#8217;utilisation et un c\u00e2ble de charge USB-A vers type-C de 30\u00a0cm, et emball\u00e9 dans une bo\u00eete en papier Kraft 100\u00a0% recycl\u00e9.<\/p>","protected":false},"featured_media":539699,"template":"","meta":{"_eb_attr":""},"product_brand":[],"product_cat":[817,667],"product_tag":[818,837,1657,819,822,2884,836,3066],"class_list":{"0":"post-539709","1":"product","2":"type-product","3":"status-publish","4":"has-post-thumbnail","6":"product_cat-enceintes","7":"product_cat-technologie","8":"product_tag-bluetooth","9":"product_tag-durable","10":"product_tag-enceintes","11":"product_tag-haut-parleur","12":"product_tag-musique","13":"product_tag-rcs","14":"product_tag-recycle","15":"product_tag-solaire","16":"pa_couleurs-noir","17":"pa_green-points-2910","18":"pa_matiere-plastique-recycle-abs","20":"first","21":"instock","22":"shipping-taxable","23":"purchasable","24":"product-type-variable"},"yoast_head":"<!-- This site is optimized with the Yoast SEO plugin v27.4 - https:\/\/yoast.com\/product\/yoast-seo-wordpress\/ -->\n<title>Haut-parleur solaire Bluetooth\u00ae Solo de 3\u00a0W IPX5 en plastique recycl\u00e9 certifi\u00e9 RCS avec mousqueton - PERLE IN<\/title>\n<meta name=\"robots\" content=\"noindex, follow, max-snippet:-1, max-image-preview:large, max-video-preview:-1\" \/>\n<meta property=\"og:locale\" content=\"en_US\" \/>\n<meta property=\"og:type\" content=\"article\" \/>\n<meta property=\"og:title\" content=\"Haut-parleur solaire Bluetooth\u00ae Solo de 3\u00a0W IPX5 en plastique recycl\u00e9 certifi\u00e9 RCS avec mousqueton - PERLE IN\" \/>\n<meta property=\"og:description\" content=\"Boostez votre musique avec cette enceinte solaire Bluetooth\u00ae recycl\u00e9e certifi\u00e9e RCS de 3\u00a0W avec lampe de poche\u00a0! Elle peut jouer de la musique, des podcasts, etc. \u00e0 partir de n&#039;importe quel appareil compatible Bluetooth\u00ae, ce qui en fait un compagnon de voyage id\u00e9al. L&#039;enceinte est dot\u00e9e de commandes musicales int\u00e9gr\u00e9es et d&#039;un microphone pour les appels t\u00e9l\u00e9phoniques en d\u00e9placement, ainsi que d&#039;une lampe de poche pratique. Le mousqueton fourni permet de l&#039;attacher facilement \u00e0 un sac \u00e0 dos, par exemple, et l&#039;indice IPX5 prot\u00e8ge l&#039;enceinte contre les fortes pluies. Gr\u00e2ce \u00e0 sa batterie Li-ion de 400\u00a0mAh, vous pouvez profiter de 3 \u00e0 4\u00a0heures de musique \u00e0 volume maximal. Le temps de charge est de 2\u00a0heures par c\u00e2ble et d&#039;environ 6\u00a0heures par panneau solaire (en fonction de la luminosit\u00e9 et de la constance de la lumi\u00e8re du soleil). L&#039;autonomie de la lampe de poche est de 10\u00a0heures lorsque la fonction haut-parleur est d\u00e9sactiv\u00e9e. La port\u00e9e du Bluetooth\u00ae 5.3 est d&#039;environ 10\u00a0m\u00e8tres. Livr\u00e9 avec un manuel d&#039;utilisation et un c\u00e2ble de charge USB-A vers type-C de 30\u00a0cm, et emball\u00e9 dans une bo\u00eete en papier Kraft 100\u00a0% recycl\u00e9.\" \/>\n<meta property=\"og:url\" content=\"https:\/\/perle-in.com\/en\/product\/haut-parleur-solaire-bluetooth-solo-de-3-w-ipx5-en-plastique-recycle-certifie-rcs-avec-mousqueton\/\" \/>\n<meta property=\"og:site_name\" content=\"PERLE IN\" \/>\n<meta property=\"article:modified_time\" content=\"2025-10-19T03:47:11+00:00\" \/>\n<meta property=\"og:image\" content=\"https:\/\/perle-in.com\/wp-content\/uploads\/2025\/10\/12434790-1.jpg\" \/>\n\t<meta property=\"og:image:width\" content=\"1600\" \/>\n\t<meta property=\"og:image:height\" content=\"1600\" \/>\n\t<meta property=\"og:image:type\" content=\"image\/jpeg\" \/>\n<meta name=\"twitter:card\" content=\"summary_large_image\" \/>\n<script type=\"application\/ld+json\" class=\"yoast-schema-graph\">{\"@context\":\"https:\\\/\\\/schema.org\",\"@graph\":[{\"@type\":\"WebPage\",\"@id\":\"https:\\\/\\\/perle-in.com\\\/produit\\\/haut-parleur-solaire-bluetooth-solo-de-3-w-ipx5-en-plastique-recycle-certifie-rcs-avec-mousqueton\\\/\",\"url\":\"https:\\\/\\\/perle-in.com\\\/produit\\\/haut-parleur-solaire-bluetooth-solo-de-3-w-ipx5-en-plastique-recycle-certifie-rcs-avec-mousqueton\\\/\",\"name\":\"Haut-parleur solaire Bluetooth\u00ae Solo de 3\u00a0W IPX5 en plastique recycl\u00e9 certifi\u00e9 RCS avec mousqueton - PERLE IN\",\"isPartOf\":{\"@id\":\"https:\\\/\\\/perle-in.com\\\/#website\"},\"primaryImageOfPage\":{\"@id\":\"https:\\\/\\\/perle-in.com\\\/produit\\\/haut-parleur-solaire-bluetooth-solo-de-3-w-ipx5-en-plastique-recycle-certifie-rcs-avec-mousqueton\\\/#primaryimage\"},\"image\":{\"@id\":\"https:\\\/\\\/perle-in.com\\\/produit\\\/haut-parleur-solaire-bluetooth-solo-de-3-w-ipx5-en-plastique-recycle-certifie-rcs-avec-mousqueton\\\/#primaryimage\"},\"thumbnailUrl\":\"https:\\\/\\\/perle-in.com\\\/wp-content\\\/uploads\\\/2025\\\/10\\\/12434790-1.jpg\",\"datePublished\":\"2025-10-15T00:14:03+00:00\",\"dateModified\":\"2025-10-19T03:47:11+00:00\",\"breadcrumb\":{\"@id\":\"https:\\\/\\\/perle-in.com\\\/produit\\\/haut-parleur-solaire-bluetooth-solo-de-3-w-ipx5-en-plastique-recycle-certifie-rcs-avec-mousqueton\\\/#breadcrumb\"},\"inLanguage\":\"en-CA\",\"potentialAction\":[{\"@type\":\"ReadAction\",\"target\":[\"https:\\\/\\\/perle-in.com\\\/produit\\\/haut-parleur-solaire-bluetooth-solo-de-3-w-ipx5-en-plastique-recycle-certifie-rcs-avec-mousqueton\\\/\"]}]},{\"@type\":\"ImageObject\",\"inLanguage\":\"en-CA\",\"@id\":\"https:\\\/\\\/perle-in.com\\\/produit\\\/haut-parleur-solaire-bluetooth-solo-de-3-w-ipx5-en-plastique-recycle-certifie-rcs-avec-mousqueton\\\/#primaryimage\",\"url\":\"https:\\\/\\\/perle-in.com\\\/wp-content\\\/uploads\\\/2025\\\/10\\\/12434790-1.jpg\",\"contentUrl\":\"https:\\\/\\\/perle-in.com\\\/wp-content\\\/uploads\\\/2025\\\/10\\\/12434790-1.jpg\",\"width\":1600,\"height\":1600},{\"@type\":\"BreadcrumbList\",\"@id\":\"https:\\\/\\\/perle-in.com\\\/produit\\\/haut-parleur-solaire-bluetooth-solo-de-3-w-ipx5-en-plastique-recycle-certifie-rcs-avec-mousqueton\\\/#breadcrumb\",\"itemListElement\":[{\"@type\":\"ListItem\",\"position\":1,\"name\":\"Accueil\",\"item\":\"https:\\\/\\\/perle-in.com\\\/\"},{\"@type\":\"ListItem\",\"position\":2,\"name\":\"Boutique\",\"item\":\"https:\\\/\\\/perle-in.com\\\/boutique\\\/\"},{\"@type\":\"ListItem\",\"position\":3,\"name\":\"Haut-parleur solaire Bluetooth\u00ae Solo de 3\u00a0W IPX5 en plastique recycl\u00e9 certifi\u00e9 RCS avec mousqueton\"}]},{\"@type\":\"WebSite\",\"@id\":\"https:\\\/\\\/perle-in.com\\\/#website\",\"url\":\"https:\\\/\\\/perle-in.com\\\/\",\"name\":\"PERLE IN\",\"description\":\"\",\"publisher\":{\"@id\":\"https:\\\/\\\/perle-in.com\\\/#organization\"},\"potentialAction\":[{\"@type\":\"SearchAction\",\"target\":{\"@type\":\"EntryPoint\",\"urlTemplate\":\"https:\\\/\\\/perle-in.com\\\/?s={search_term_string}\"},\"query-input\":{\"@type\":\"PropertyValueSpecification\",\"valueRequired\":true,\"valueName\":\"search_term_string\"}}],\"inLanguage\":\"en-CA\"},{\"@type\":\"Organization\",\"@id\":\"https:\\\/\\\/perle-in.com\\\/#organization\",\"name\":\"PERLE IN\",\"url\":\"https:\\\/\\\/perle-in.com\\\/\",\"logo\":{\"@type\":\"ImageObject\",\"inLanguage\":\"en-CA\",\"@id\":\"https:\\\/\\\/perle-in.com\\\/#\\\/schema\\\/logo\\\/image\\\/\",\"url\":\"https:\\\/\\\/perle-in.com\\\/wp-content\\\/uploads\\\/2022\\\/12\\\/LOGO-PERLE-IN-COULEUR@3x.webp\",\"contentUrl\":\"https:\\\/\\\/perle-in.com\\\/wp-content\\\/uploads\\\/2022\\\/12\\\/LOGO-PERLE-IN-COULEUR@3x.webp\",\"width\":1600,\"height\":490,\"caption\":\"PERLE IN\"},\"image\":{\"@id\":\"https:\\\/\\\/perle-in.com\\\/#\\\/schema\\\/logo\\\/image\\\/\"}}]}<\/script>\n<!-- \/ Yoast SEO plugin. -->","yoast_head_json":{"title":"Haut-parleur solaire Bluetooth\u00ae Solo de 3\u00a0W IPX5 en plastique recycl\u00e9 certifi\u00e9 RCS avec mousqueton - PERLE IN","robots":{"index":"noindex","follow":"follow","max-snippet":"max-snippet:-1","max-image-preview":"max-image-preview:large","max-video-preview":"max-video-preview:-1"},"og_locale":"en_US","og_type":"article","og_title":"Haut-parleur solaire Bluetooth\u00ae Solo de 3\u00a0W IPX5 en plastique recycl\u00e9 certifi\u00e9 RCS avec mousqueton - PERLE IN","og_description":"Boostez votre musique avec cette enceinte solaire Bluetooth\u00ae recycl\u00e9e certifi\u00e9e RCS de 3\u00a0W avec lampe de poche\u00a0! Elle peut jouer de la musique, des podcasts, etc. \u00e0 partir de n'importe quel appareil compatible Bluetooth\u00ae, ce qui en fait un compagnon de voyage id\u00e9al. L'enceinte est dot\u00e9e de commandes musicales int\u00e9gr\u00e9es et d'un microphone pour les appels t\u00e9l\u00e9phoniques en d\u00e9placement, ainsi que d'une lampe de poche pratique. Le mousqueton fourni permet de l'attacher facilement \u00e0 un sac \u00e0 dos, par exemple, et l'indice IPX5 prot\u00e8ge l'enceinte contre les fortes pluies. Gr\u00e2ce \u00e0 sa batterie Li-ion de 400\u00a0mAh, vous pouvez profiter de 3 \u00e0 4\u00a0heures de musique \u00e0 volume maximal. Le temps de charge est de 2\u00a0heures par c\u00e2ble et d'environ 6\u00a0heures par panneau solaire (en fonction de la luminosit\u00e9 et de la constance de la lumi\u00e8re du soleil). L'autonomie de la lampe de poche est de 10\u00a0heures lorsque la fonction haut-parleur est d\u00e9sactiv\u00e9e. La port\u00e9e du Bluetooth\u00ae 5.3 est d'environ 10\u00a0m\u00e8tres. Livr\u00e9 avec un manuel d'utilisation et un c\u00e2ble de charge USB-A vers type-C de 30\u00a0cm, et emball\u00e9 dans une bo\u00eete en papier Kraft 100\u00a0% recycl\u00e9.","og_url":"https:\/\/perle-in.com\/en\/product\/haut-parleur-solaire-bluetooth-solo-de-3-w-ipx5-en-plastique-recycle-certifie-rcs-avec-mousqueton\/","og_site_name":"PERLE IN","article_modified_time":"2025-10-19T03:47:11+00:00","og_image":[{"width":1600,"height":1600,"url":"https:\/\/perle-in.com\/wp-content\/uploads\/2025\/10\/12434790-1.jpg","type":"image\/jpeg"}],"twitter_card":"summary_large_image","schema":{"@context":"https:\/\/schema.org","@graph":[{"@type":"WebPage","@id":"https:\/\/perle-in.com\/produit\/haut-parleur-solaire-bluetooth-solo-de-3-w-ipx5-en-plastique-recycle-certifie-rcs-avec-mousqueton\/","url":"https:\/\/perle-in.com\/produit\/haut-parleur-solaire-bluetooth-solo-de-3-w-ipx5-en-plastique-recycle-certifie-rcs-avec-mousqueton\/","name":"Haut-parleur solaire Bluetooth\u00ae Solo de 3\u00a0W IPX5 en plastique recycl\u00e9 certifi\u00e9 RCS avec mousqueton - PERLE IN","isPartOf":{"@id":"https:\/\/perle-in.com\/#website"},"primaryImageOfPage":{"@id":"https:\/\/perle-in.com\/produit\/haut-parleur-solaire-bluetooth-solo-de-3-w-ipx5-en-plastique-recycle-certifie-rcs-avec-mousqueton\/#primaryimage"},"image":{"@id":"https:\/\/perle-in.com\/produit\/haut-parleur-solaire-bluetooth-solo-de-3-w-ipx5-en-plastique-recycle-certifie-rcs-avec-mousqueton\/#primaryimage"},"thumbnailUrl":"https:\/\/perle-in.com\/wp-content\/uploads\/2025\/10\/12434790-1.jpg","datePublished":"2025-10-15T00:14:03+00:00","dateModified":"2025-10-19T03:47:11+00:00","breadcrumb":{"@id":"https:\/\/perle-in.com\/produit\/haut-parleur-solaire-bluetooth-solo-de-3-w-ipx5-en-plastique-recycle-certifie-rcs-avec-mousqueton\/#breadcrumb"},"inLanguage":"en-CA","potentialAction":[{"@type":"ReadAction","target":["https:\/\/perle-in.com\/produit\/haut-parleur-solaire-bluetooth-solo-de-3-w-ipx5-en-plastique-recycle-certifie-rcs-avec-mousqueton\/"]}]},{"@type":"ImageObject","inLanguage":"en-CA","@id":"https:\/\/perle-in.com\/produit\/haut-parleur-solaire-bluetooth-solo-de-3-w-ipx5-en-plastique-recycle-certifie-rcs-avec-mousqueton\/#primaryimage","url":"https:\/\/perle-in.com\/wp-content\/uploads\/2025\/10\/12434790-1.jpg","contentUrl":"https:\/\/perle-in.com\/wp-content\/uploads\/2025\/10\/12434790-1.jpg","width":1600,"height":1600},{"@type":"BreadcrumbList","@id":"https:\/\/perle-in.com\/produit\/haut-parleur-solaire-bluetooth-solo-de-3-w-ipx5-en-plastique-recycle-certifie-rcs-avec-mousqueton\/#breadcrumb","itemListElement":[{"@type":"ListItem","position":1,"name":"Accueil","item":"https:\/\/perle-in.com\/"},{"@type":"ListItem","position":2,"name":"Boutique","item":"https:\/\/perle-in.com\/boutique\/"},{"@type":"ListItem","position":3,"name":"Haut-parleur solaire Bluetooth\u00ae Solo de 3\u00a0W IPX5 en plastique recycl\u00e9 certifi\u00e9 RCS avec mousqueton"}]},{"@type":"WebSite","@id":"https:\/\/perle-in.com\/#website","url":"https:\/\/perle-in.com\/","name":"PERLE IN","description":"","publisher":{"@id":"https:\/\/perle-in.com\/#organization"},"potentialAction":[{"@type":"SearchAction","target":{"@type":"EntryPoint","urlTemplate":"https:\/\/perle-in.com\/?s={search_term_string}"},"query-input":{"@type":"PropertyValueSpecification","valueRequired":true,"valueName":"search_term_string"}}],"inLanguage":"en-CA"},{"@type":"Organization","@id":"https:\/\/perle-in.com\/#organization","name":"PERLE IN","url":"https:\/\/perle-in.com\/","logo":{"@type":"ImageObject","inLanguage":"en-CA","@id":"https:\/\/perle-in.com\/#\/schema\/logo\/image\/","url":"https:\/\/perle-in.com\/wp-content\/uploads\/2022\/12\/LOGO-PERLE-IN-COULEUR@3x.webp","contentUrl":"https:\/\/perle-in.com\/wp-content\/uploads\/2022\/12\/LOGO-PERLE-IN-COULEUR@3x.webp","width":1600,"height":490,"caption":"PERLE IN"},"image":{"@id":"https:\/\/perle-in.com\/#\/schema\/logo\/image\/"}}]}},"jetpack_sharing_enabled":true,"_links":{"self":[{"href":"https:\/\/perle-in.com\/en\/wp-json\/wp\/v2\/product\/539709","targetHints":{"allow":["GET"]}}],"collection":[{"href":"https:\/\/perle-in.com\/en\/wp-json\/wp\/v2\/product"}],"about":[{"href":"https:\/\/perle-in.com\/en\/wp-json\/wp\/v2\/types\/product"}],"version-history":[{"count":0,"href":"https:\/\/perle-in.com\/en\/wp-json\/wp\/v2\/product\/539709\/revisions"}],"wp:featuredmedia":[{"embeddable":true,"href":"https:\/\/perle-in.com\/en\/wp-json\/wp\/v2\/media\/539699"}],"wp:attachment":[{"href":"https:\/\/perle-in.com\/en\/wp-json\/wp\/v2\/media?parent=539709"}],"wp:term":[{"taxonomy":"product_brand","embeddable":true,"href":"https:\/\/perle-in.com\/en\/wp-json\/wp\/v2\/product_brand?post=539709"},{"taxonomy":"product_cat","embeddable":true,"href":"https:\/\/perle-in.com\/en\/wp-json\/wp\/v2\/product_cat?post=539709"},{"taxonomy":"product_tag","embeddable":true,"href":"https:\/\/perle-in.com\/en\/wp-json\/wp\/v2\/product_tag?post=539709"}],"curies":[{"name":"wp","href":"https:\/\/api.w.org\/{rel}","templated":true}]}}