{"id":539697,"date":"2025-10-15T02:12:29","date_gmt":"2025-10-15T00:12:29","guid":{"rendered":"https:\/\/perle-in.com\/produit\/batterie-de-secours-soldy-solaire-a-dynamo-en-plastique-recycle-rcs-de-10-000-mah\/"},"modified":"2025-10-19T05:47:11","modified_gmt":"2025-10-19T03:47:11","slug":"batterie-de-secours-soldy-solaire-a-dynamo-en-plastique-recycle-rcs-de-10-000-mah","status":"publish","type":"product","link":"https:\/\/perle-in.com\/en\/product\/batterie-de-secours-soldy-solaire-a-dynamo-en-plastique-recycle-rcs-de-10-000-mah\/","title":{"rendered":"Batterie de secours Soldy solaire \u00e0 dynamo en plastique recycl\u00e9 RCS de 10\u00a0000\u00a0mAh"},"content":{"rendered":"","protected":false},"excerpt":{"rendered":"<p>La batterie de secours solaire Soldy de10 000 mAh \u00e0 dynamo en plastique recycl\u00e9 certifi\u00e9 RCS est le compagnon de charge id\u00e9al pour les activit\u00e9s de plein air. Elle est \u00e9quip\u00e9e d&#8217;une dynamo \u00e0 manivelle qui permet de produire de l&#8217;\u00e9lectricit\u00e9 manuellement en cas de panne de courant et d&#8217;absence de lumi\u00e8re solaire. La batterie de secours peut \u00e9galement \u00eatre charg\u00e9e via le port Type-C ou le port micro USB de l&#8217;appareil. Gr\u00e2ce aux c\u00e2bles de charge int\u00e9gr\u00e9s avec connecteurs Type-C, iOS, USB-A et micro USB, cette batterie de secours vous permet de charger la plupart des smartphones, appareils photo, banques d&#8217;alimentation, oreillettes, etc. La batterie de secours a une puissance de sortie maximale de 2,4\u00a0A par port. La puissance d&#8217;entr\u00e9e est limit\u00e9e \u00e0 2\u00a0A. Fournie avec un manuel d&#8217;utilisation et un c\u00e2ble de charge USB-A vers Type-C de 30\u00a0cm, et emball\u00e9e dans une bo\u00eete en papier Kraft 100\u00a0% recycl\u00e9.<\/p>","protected":false},"featured_media":539688,"template":"","meta":{"_eb_attr":""},"product_brand":[],"product_cat":[811,667],"product_tag":[812,814,815,837,2884,836,3066],"class_list":{"0":"post-539697","1":"product","2":"type-product","3":"status-publish","4":"has-post-thumbnail","6":"product_cat-batteries-externes","7":"product_cat-technologie","8":"product_tag-batterie-de-secours","9":"product_tag-chargement","10":"product_tag-chargeur","11":"product_tag-durable","12":"product_tag-rcs","13":"product_tag-recycle","14":"product_tag-solaire","15":"pa_couleurs-vert-militaire","16":"pa_green-points-2910","17":"pa_matiere-plastique-recycle-abs","19":"first","20":"instock","21":"shipping-taxable","22":"purchasable","23":"product-type-variable"},"yoast_head":"<!-- This site is optimized with the Yoast SEO plugin v27.4 - https:\/\/yoast.com\/product\/yoast-seo-wordpress\/ -->\n<title>Batterie de secours Soldy solaire \u00e0 dynamo en plastique recycl\u00e9 RCS de 10\u00a0000\u00a0mAh - PERLE IN<\/title>\n<meta name=\"robots\" content=\"noindex, follow, max-snippet:-1, max-image-preview:large, max-video-preview:-1\" \/>\n<meta property=\"og:locale\" content=\"en_US\" \/>\n<meta property=\"og:type\" content=\"article\" \/>\n<meta property=\"og:title\" content=\"Batterie de secours Soldy solaire \u00e0 dynamo en plastique recycl\u00e9 RCS de 10\u00a0000\u00a0mAh - PERLE IN\" \/>\n<meta property=\"og:description\" content=\"La batterie de secours solaire Soldy de10 000 mAh \u00e0 dynamo en plastique recycl\u00e9 certifi\u00e9 RCS est le compagnon de charge id\u00e9al pour les activit\u00e9s de plein air. Elle est \u00e9quip\u00e9e d&#039;une dynamo \u00e0 manivelle qui permet de produire de l&#039;\u00e9lectricit\u00e9 manuellement en cas de panne de courant et d&#039;absence de lumi\u00e8re solaire. La batterie de secours peut \u00e9galement \u00eatre charg\u00e9e via le port Type-C ou le port micro USB de l&#039;appareil. Gr\u00e2ce aux c\u00e2bles de charge int\u00e9gr\u00e9s avec connecteurs Type-C, iOS, USB-A et micro USB, cette batterie de secours vous permet de charger la plupart des smartphones, appareils photo, banques d&#039;alimentation, oreillettes, etc. La batterie de secours a une puissance de sortie maximale de 2,4\u00a0A par port. La puissance d&#039;entr\u00e9e est limit\u00e9e \u00e0 2\u00a0A. Fournie avec un manuel d&#039;utilisation et un c\u00e2ble de charge USB-A vers Type-C de 30\u00a0cm, et emball\u00e9e dans une bo\u00eete en papier Kraft 100\u00a0% recycl\u00e9.\" \/>\n<meta property=\"og:url\" content=\"https:\/\/perle-in.com\/en\/product\/batterie-de-secours-soldy-solaire-a-dynamo-en-plastique-recycle-rcs-de-10-000-mah\/\" \/>\n<meta property=\"og:site_name\" content=\"PERLE IN\" \/>\n<meta property=\"article:modified_time\" content=\"2025-10-19T03:47:11+00:00\" \/>\n<meta property=\"og:image\" content=\"https:\/\/perle-in.com\/wp-content\/uploads\/2025\/10\/12434664-1.jpg\" \/>\n\t<meta property=\"og:image:width\" content=\"1600\" \/>\n\t<meta property=\"og:image:height\" content=\"1600\" \/>\n\t<meta property=\"og:image:type\" content=\"image\/jpeg\" \/>\n<meta name=\"twitter:card\" content=\"summary_large_image\" \/>\n<script type=\"application\/ld+json\" class=\"yoast-schema-graph\">{\"@context\":\"https:\\\/\\\/schema.org\",\"@graph\":[{\"@type\":\"WebPage\",\"@id\":\"https:\\\/\\\/perle-in.com\\\/produit\\\/batterie-de-secours-soldy-solaire-a-dynamo-en-plastique-recycle-rcs-de-10-000-mah\\\/\",\"url\":\"https:\\\/\\\/perle-in.com\\\/produit\\\/batterie-de-secours-soldy-solaire-a-dynamo-en-plastique-recycle-rcs-de-10-000-mah\\\/\",\"name\":\"Batterie de secours Soldy solaire \u00e0 dynamo en plastique recycl\u00e9 RCS de 10\u00a0000\u00a0mAh - PERLE IN\",\"isPartOf\":{\"@id\":\"https:\\\/\\\/perle-in.com\\\/#website\"},\"primaryImageOfPage\":{\"@id\":\"https:\\\/\\\/perle-in.com\\\/produit\\\/batterie-de-secours-soldy-solaire-a-dynamo-en-plastique-recycle-rcs-de-10-000-mah\\\/#primaryimage\"},\"image\":{\"@id\":\"https:\\\/\\\/perle-in.com\\\/produit\\\/batterie-de-secours-soldy-solaire-a-dynamo-en-plastique-recycle-rcs-de-10-000-mah\\\/#primaryimage\"},\"thumbnailUrl\":\"https:\\\/\\\/perle-in.com\\\/wp-content\\\/uploads\\\/2025\\\/10\\\/12434664-1.jpg\",\"datePublished\":\"2025-10-15T00:12:29+00:00\",\"dateModified\":\"2025-10-19T03:47:11+00:00\",\"breadcrumb\":{\"@id\":\"https:\\\/\\\/perle-in.com\\\/produit\\\/batterie-de-secours-soldy-solaire-a-dynamo-en-plastique-recycle-rcs-de-10-000-mah\\\/#breadcrumb\"},\"inLanguage\":\"en-CA\",\"potentialAction\":[{\"@type\":\"ReadAction\",\"target\":[\"https:\\\/\\\/perle-in.com\\\/produit\\\/batterie-de-secours-soldy-solaire-a-dynamo-en-plastique-recycle-rcs-de-10-000-mah\\\/\"]}]},{\"@type\":\"ImageObject\",\"inLanguage\":\"en-CA\",\"@id\":\"https:\\\/\\\/perle-in.com\\\/produit\\\/batterie-de-secours-soldy-solaire-a-dynamo-en-plastique-recycle-rcs-de-10-000-mah\\\/#primaryimage\",\"url\":\"https:\\\/\\\/perle-in.com\\\/wp-content\\\/uploads\\\/2025\\\/10\\\/12434664-1.jpg\",\"contentUrl\":\"https:\\\/\\\/perle-in.com\\\/wp-content\\\/uploads\\\/2025\\\/10\\\/12434664-1.jpg\",\"width\":1600,\"height\":1600},{\"@type\":\"BreadcrumbList\",\"@id\":\"https:\\\/\\\/perle-in.com\\\/produit\\\/batterie-de-secours-soldy-solaire-a-dynamo-en-plastique-recycle-rcs-de-10-000-mah\\\/#breadcrumb\",\"itemListElement\":[{\"@type\":\"ListItem\",\"position\":1,\"name\":\"Accueil\",\"item\":\"https:\\\/\\\/perle-in.com\\\/\"},{\"@type\":\"ListItem\",\"position\":2,\"name\":\"Boutique\",\"item\":\"https:\\\/\\\/perle-in.com\\\/boutique\\\/\"},{\"@type\":\"ListItem\",\"position\":3,\"name\":\"Batterie de secours Soldy solaire \u00e0 dynamo en plastique recycl\u00e9 RCS de 10\u00a0000\u00a0mAh\"}]},{\"@type\":\"WebSite\",\"@id\":\"https:\\\/\\\/perle-in.com\\\/#website\",\"url\":\"https:\\\/\\\/perle-in.com\\\/\",\"name\":\"PERLE IN\",\"description\":\"\",\"publisher\":{\"@id\":\"https:\\\/\\\/perle-in.com\\\/#organization\"},\"potentialAction\":[{\"@type\":\"SearchAction\",\"target\":{\"@type\":\"EntryPoint\",\"urlTemplate\":\"https:\\\/\\\/perle-in.com\\\/?s={search_term_string}\"},\"query-input\":{\"@type\":\"PropertyValueSpecification\",\"valueRequired\":true,\"valueName\":\"search_term_string\"}}],\"inLanguage\":\"en-CA\"},{\"@type\":\"Organization\",\"@id\":\"https:\\\/\\\/perle-in.com\\\/#organization\",\"name\":\"PERLE IN\",\"url\":\"https:\\\/\\\/perle-in.com\\\/\",\"logo\":{\"@type\":\"ImageObject\",\"inLanguage\":\"en-CA\",\"@id\":\"https:\\\/\\\/perle-in.com\\\/#\\\/schema\\\/logo\\\/image\\\/\",\"url\":\"https:\\\/\\\/perle-in.com\\\/wp-content\\\/uploads\\\/2022\\\/12\\\/LOGO-PERLE-IN-COULEUR@3x.webp\",\"contentUrl\":\"https:\\\/\\\/perle-in.com\\\/wp-content\\\/uploads\\\/2022\\\/12\\\/LOGO-PERLE-IN-COULEUR@3x.webp\",\"width\":1600,\"height\":490,\"caption\":\"PERLE IN\"},\"image\":{\"@id\":\"https:\\\/\\\/perle-in.com\\\/#\\\/schema\\\/logo\\\/image\\\/\"}}]}<\/script>\n<!-- \/ Yoast SEO plugin. -->","yoast_head_json":{"title":"Batterie de secours Soldy solaire \u00e0 dynamo en plastique recycl\u00e9 RCS de 10\u00a0000\u00a0mAh - PERLE IN","robots":{"index":"noindex","follow":"follow","max-snippet":"max-snippet:-1","max-image-preview":"max-image-preview:large","max-video-preview":"max-video-preview:-1"},"og_locale":"en_US","og_type":"article","og_title":"Batterie de secours Soldy solaire \u00e0 dynamo en plastique recycl\u00e9 RCS de 10\u00a0000\u00a0mAh - PERLE IN","og_description":"La batterie de secours solaire Soldy de10 000 mAh \u00e0 dynamo en plastique recycl\u00e9 certifi\u00e9 RCS est le compagnon de charge id\u00e9al pour les activit\u00e9s de plein air. Elle est \u00e9quip\u00e9e d'une dynamo \u00e0 manivelle qui permet de produire de l'\u00e9lectricit\u00e9 manuellement en cas de panne de courant et d'absence de lumi\u00e8re solaire. La batterie de secours peut \u00e9galement \u00eatre charg\u00e9e via le port Type-C ou le port micro USB de l'appareil. Gr\u00e2ce aux c\u00e2bles de charge int\u00e9gr\u00e9s avec connecteurs Type-C, iOS, USB-A et micro USB, cette batterie de secours vous permet de charger la plupart des smartphones, appareils photo, banques d'alimentation, oreillettes, etc. La batterie de secours a une puissance de sortie maximale de 2,4\u00a0A par port. La puissance d'entr\u00e9e est limit\u00e9e \u00e0 2\u00a0A. Fournie avec un manuel d'utilisation et un c\u00e2ble de charge USB-A vers Type-C de 30\u00a0cm, et emball\u00e9e dans une bo\u00eete en papier Kraft 100\u00a0% recycl\u00e9.","og_url":"https:\/\/perle-in.com\/en\/product\/batterie-de-secours-soldy-solaire-a-dynamo-en-plastique-recycle-rcs-de-10-000-mah\/","og_site_name":"PERLE IN","article_modified_time":"2025-10-19T03:47:11+00:00","og_image":[{"width":1600,"height":1600,"url":"https:\/\/perle-in.com\/wp-content\/uploads\/2025\/10\/12434664-1.jpg","type":"image\/jpeg"}],"twitter_card":"summary_large_image","schema":{"@context":"https:\/\/schema.org","@graph":[{"@type":"WebPage","@id":"https:\/\/perle-in.com\/produit\/batterie-de-secours-soldy-solaire-a-dynamo-en-plastique-recycle-rcs-de-10-000-mah\/","url":"https:\/\/perle-in.com\/produit\/batterie-de-secours-soldy-solaire-a-dynamo-en-plastique-recycle-rcs-de-10-000-mah\/","name":"Batterie de secours Soldy solaire \u00e0 dynamo en plastique recycl\u00e9 RCS de 10\u00a0000\u00a0mAh - PERLE IN","isPartOf":{"@id":"https:\/\/perle-in.com\/#website"},"primaryImageOfPage":{"@id":"https:\/\/perle-in.com\/produit\/batterie-de-secours-soldy-solaire-a-dynamo-en-plastique-recycle-rcs-de-10-000-mah\/#primaryimage"},"image":{"@id":"https:\/\/perle-in.com\/produit\/batterie-de-secours-soldy-solaire-a-dynamo-en-plastique-recycle-rcs-de-10-000-mah\/#primaryimage"},"thumbnailUrl":"https:\/\/perle-in.com\/wp-content\/uploads\/2025\/10\/12434664-1.jpg","datePublished":"2025-10-15T00:12:29+00:00","dateModified":"2025-10-19T03:47:11+00:00","breadcrumb":{"@id":"https:\/\/perle-in.com\/produit\/batterie-de-secours-soldy-solaire-a-dynamo-en-plastique-recycle-rcs-de-10-000-mah\/#breadcrumb"},"inLanguage":"en-CA","potentialAction":[{"@type":"ReadAction","target":["https:\/\/perle-in.com\/produit\/batterie-de-secours-soldy-solaire-a-dynamo-en-plastique-recycle-rcs-de-10-000-mah\/"]}]},{"@type":"ImageObject","inLanguage":"en-CA","@id":"https:\/\/perle-in.com\/produit\/batterie-de-secours-soldy-solaire-a-dynamo-en-plastique-recycle-rcs-de-10-000-mah\/#primaryimage","url":"https:\/\/perle-in.com\/wp-content\/uploads\/2025\/10\/12434664-1.jpg","contentUrl":"https:\/\/perle-in.com\/wp-content\/uploads\/2025\/10\/12434664-1.jpg","width":1600,"height":1600},{"@type":"BreadcrumbList","@id":"https:\/\/perle-in.com\/produit\/batterie-de-secours-soldy-solaire-a-dynamo-en-plastique-recycle-rcs-de-10-000-mah\/#breadcrumb","itemListElement":[{"@type":"ListItem","position":1,"name":"Accueil","item":"https:\/\/perle-in.com\/"},{"@type":"ListItem","position":2,"name":"Boutique","item":"https:\/\/perle-in.com\/boutique\/"},{"@type":"ListItem","position":3,"name":"Batterie de secours Soldy solaire \u00e0 dynamo en plastique recycl\u00e9 RCS de 10\u00a0000\u00a0mAh"}]},{"@type":"WebSite","@id":"https:\/\/perle-in.com\/#website","url":"https:\/\/perle-in.com\/","name":"PERLE IN","description":"","publisher":{"@id":"https:\/\/perle-in.com\/#organization"},"potentialAction":[{"@type":"SearchAction","target":{"@type":"EntryPoint","urlTemplate":"https:\/\/perle-in.com\/?s={search_term_string}"},"query-input":{"@type":"PropertyValueSpecification","valueRequired":true,"valueName":"search_term_string"}}],"inLanguage":"en-CA"},{"@type":"Organization","@id":"https:\/\/perle-in.com\/#organization","name":"PERLE IN","url":"https:\/\/perle-in.com\/","logo":{"@type":"ImageObject","inLanguage":"en-CA","@id":"https:\/\/perle-in.com\/#\/schema\/logo\/image\/","url":"https:\/\/perle-in.com\/wp-content\/uploads\/2022\/12\/LOGO-PERLE-IN-COULEUR@3x.webp","contentUrl":"https:\/\/perle-in.com\/wp-content\/uploads\/2022\/12\/LOGO-PERLE-IN-COULEUR@3x.webp","width":1600,"height":490,"caption":"PERLE IN"},"image":{"@id":"https:\/\/perle-in.com\/#\/schema\/logo\/image\/"}}]}},"jetpack_sharing_enabled":true,"_links":{"self":[{"href":"https:\/\/perle-in.com\/en\/wp-json\/wp\/v2\/product\/539697","targetHints":{"allow":["GET"]}}],"collection":[{"href":"https:\/\/perle-in.com\/en\/wp-json\/wp\/v2\/product"}],"about":[{"href":"https:\/\/perle-in.com\/en\/wp-json\/wp\/v2\/types\/product"}],"version-history":[{"count":0,"href":"https:\/\/perle-in.com\/en\/wp-json\/wp\/v2\/product\/539697\/revisions"}],"wp:featuredmedia":[{"embeddable":true,"href":"https:\/\/perle-in.com\/en\/wp-json\/wp\/v2\/media\/539688"}],"wp:attachment":[{"href":"https:\/\/perle-in.com\/en\/wp-json\/wp\/v2\/media?parent=539697"}],"wp:term":[{"taxonomy":"product_brand","embeddable":true,"href":"https:\/\/perle-in.com\/en\/wp-json\/wp\/v2\/product_brand?post=539697"},{"taxonomy":"product_cat","embeddable":true,"href":"https:\/\/perle-in.com\/en\/wp-json\/wp\/v2\/product_cat?post=539697"},{"taxonomy":"product_tag","embeddable":true,"href":"https:\/\/perle-in.com\/en\/wp-json\/wp\/v2\/product_tag?post=539697"}],"curies":[{"name":"wp","href":"https:\/\/api.w.org\/{rel}","templated":true}]}}