{"id":539686,"date":"2025-10-15T02:11:36","date_gmt":"2025-10-15T00:11:36","guid":{"rendered":"https:\/\/perle-in.com\/produit\/cable-de-charge-rapide-connect-6-en-1-de-45-w-en-aluminium-recycle-certifie-rcs\/"},"modified":"2025-10-19T05:47:11","modified_gmt":"2025-10-19T03:47:11","slug":"cable-de-charge-rapide-connect-6-en-1-de-45-w-en-aluminium-recycle-certifie-rcs","status":"publish","type":"product","link":"https:\/\/perle-in.com\/en\/product\/cable-de-charge-rapide-connect-6-en-1-de-45-w-en-aluminium-recycle-certifie-rcs\/","title":{"rendered":"C\u00e2ble de charge rapide Connect 6-en-1 de 45\u00a0W en aluminium recycl\u00e9 certifi\u00e9 RCS"},"content":{"rendered":"","protected":false},"excerpt":{"rendered":"<p>Le c\u00e2ble de charge rapide et de transfert de donn\u00e9es Connect de 45\u00a0W, dot\u00e9 d&#8217;un \u00e9l\u00e9gant bo\u00eetier en aluminium recycl\u00e9 et d&#8217;une tresse en RPET, offre de multiples solutions de charge\u00a0: entr\u00e9e type-C et USB-A et sortie type-C\/iOS\/micro USB. Gr\u00e2ce \u00e0 tous ces connecteurs, ce c\u00e2ble vous permet de charger la plupart des smartphones, appareils photo, batteries de secours, \u00e9couteurs et m\u00eame les ordinateurs portables type-C (jusqu&#8217;\u00e0 45\u00a0W). Le c\u00e2ble a une puissance de sortie maximale de 2,25\u00a0A. La longueur du c\u00e2ble est de 25\u00a0cm. Livr\u00e9 dans une bo\u00eete en papier Kraft 100\u00a0% recycl\u00e9 avec un autocollant color\u00e9.<\/p>","protected":false},"featured_media":539678,"template":"","meta":{"_eb_attr":""},"product_brand":[],"product_cat":[1206,667],"product_tag":[1983,816,798,837,2762,836,986,2796],"class_list":{"0":"post-539686","1":"product","2":"type-product","3":"status-publish","4":"has-post-thumbnail","6":"product_cat-cables","7":"product_cat-technologie","8":"product_tag-cable","9":"product_tag-charge","10":"product_tag-donnees","11":"product_tag-durable","12":"product_tag-recharge","13":"product_tag-recycle","14":"product_tag-rpet","15":"product_tag-transfert","16":"pa_couleurs-noir","17":"pa_green-points-2910","18":"pa_marque-tekio","19":"pa_matiere-tpe-recycle-aluminium-recycle","21":"first","22":"instock","23":"shipping-taxable","24":"purchasable","25":"product-type-variable"},"yoast_head":"<!-- This site is optimized with the Yoast SEO plugin v27.4 - https:\/\/yoast.com\/product\/yoast-seo-wordpress\/ -->\n<title>C\u00e2ble de charge rapide Connect 6-en-1 de 45\u00a0W en aluminium recycl\u00e9 certifi\u00e9 RCS - PERLE IN<\/title>\n<meta name=\"robots\" content=\"noindex, follow, max-snippet:-1, max-image-preview:large, max-video-preview:-1\" \/>\n<meta property=\"og:locale\" content=\"en_US\" \/>\n<meta property=\"og:type\" content=\"article\" \/>\n<meta property=\"og:title\" content=\"C\u00e2ble de charge rapide Connect 6-en-1 de 45\u00a0W en aluminium recycl\u00e9 certifi\u00e9 RCS - PERLE IN\" \/>\n<meta property=\"og:description\" content=\"Le c\u00e2ble de charge rapide et de transfert de donn\u00e9es Connect de 45\u00a0W, dot\u00e9 d&#039;un \u00e9l\u00e9gant bo\u00eetier en aluminium recycl\u00e9 et d&#039;une tresse en RPET, offre de multiples solutions de charge\u00a0: entr\u00e9e type-C et USB-A et sortie type-C\/iOS\/micro USB. Gr\u00e2ce \u00e0 tous ces connecteurs, ce c\u00e2ble vous permet de charger la plupart des smartphones, appareils photo, batteries de secours, \u00e9couteurs et m\u00eame les ordinateurs portables type-C (jusqu&#039;\u00e0 45\u00a0W). Le c\u00e2ble a une puissance de sortie maximale de 2,25\u00a0A. La longueur du c\u00e2ble est de 25\u00a0cm. Livr\u00e9 dans une bo\u00eete en papier Kraft 100\u00a0% recycl\u00e9 avec un autocollant color\u00e9.\" \/>\n<meta property=\"og:url\" content=\"https:\/\/perle-in.com\/en\/product\/cable-de-charge-rapide-connect-6-en-1-de-45-w-en-aluminium-recycle-certifie-rcs\/\" \/>\n<meta property=\"og:site_name\" content=\"PERLE IN\" \/>\n<meta property=\"article:modified_time\" content=\"2025-10-19T03:47:11+00:00\" \/>\n<meta property=\"og:image\" content=\"https:\/\/perle-in.com\/wp-content\/uploads\/2025\/10\/12434590-1.jpg\" \/>\n\t<meta property=\"og:image:width\" content=\"1600\" \/>\n\t<meta property=\"og:image:height\" content=\"1600\" \/>\n\t<meta property=\"og:image:type\" content=\"image\/jpeg\" \/>\n<meta name=\"twitter:card\" content=\"summary_large_image\" \/>\n<script type=\"application\/ld+json\" class=\"yoast-schema-graph\">{\"@context\":\"https:\\\/\\\/schema.org\",\"@graph\":[{\"@type\":\"WebPage\",\"@id\":\"https:\\\/\\\/perle-in.com\\\/produit\\\/cable-de-charge-rapide-connect-6-en-1-de-45-w-en-aluminium-recycle-certifie-rcs\\\/\",\"url\":\"https:\\\/\\\/perle-in.com\\\/produit\\\/cable-de-charge-rapide-connect-6-en-1-de-45-w-en-aluminium-recycle-certifie-rcs\\\/\",\"name\":\"C\u00e2ble de charge rapide Connect 6-en-1 de 45\u00a0W en aluminium recycl\u00e9 certifi\u00e9 RCS - PERLE IN\",\"isPartOf\":{\"@id\":\"https:\\\/\\\/perle-in.com\\\/#website\"},\"primaryImageOfPage\":{\"@id\":\"https:\\\/\\\/perle-in.com\\\/produit\\\/cable-de-charge-rapide-connect-6-en-1-de-45-w-en-aluminium-recycle-certifie-rcs\\\/#primaryimage\"},\"image\":{\"@id\":\"https:\\\/\\\/perle-in.com\\\/produit\\\/cable-de-charge-rapide-connect-6-en-1-de-45-w-en-aluminium-recycle-certifie-rcs\\\/#primaryimage\"},\"thumbnailUrl\":\"https:\\\/\\\/perle-in.com\\\/wp-content\\\/uploads\\\/2025\\\/10\\\/12434590-1.jpg\",\"datePublished\":\"2025-10-15T00:11:36+00:00\",\"dateModified\":\"2025-10-19T03:47:11+00:00\",\"breadcrumb\":{\"@id\":\"https:\\\/\\\/perle-in.com\\\/produit\\\/cable-de-charge-rapide-connect-6-en-1-de-45-w-en-aluminium-recycle-certifie-rcs\\\/#breadcrumb\"},\"inLanguage\":\"en-CA\",\"potentialAction\":[{\"@type\":\"ReadAction\",\"target\":[\"https:\\\/\\\/perle-in.com\\\/produit\\\/cable-de-charge-rapide-connect-6-en-1-de-45-w-en-aluminium-recycle-certifie-rcs\\\/\"]}]},{\"@type\":\"ImageObject\",\"inLanguage\":\"en-CA\",\"@id\":\"https:\\\/\\\/perle-in.com\\\/produit\\\/cable-de-charge-rapide-connect-6-en-1-de-45-w-en-aluminium-recycle-certifie-rcs\\\/#primaryimage\",\"url\":\"https:\\\/\\\/perle-in.com\\\/wp-content\\\/uploads\\\/2025\\\/10\\\/12434590-1.jpg\",\"contentUrl\":\"https:\\\/\\\/perle-in.com\\\/wp-content\\\/uploads\\\/2025\\\/10\\\/12434590-1.jpg\",\"width\":1600,\"height\":1600},{\"@type\":\"BreadcrumbList\",\"@id\":\"https:\\\/\\\/perle-in.com\\\/produit\\\/cable-de-charge-rapide-connect-6-en-1-de-45-w-en-aluminium-recycle-certifie-rcs\\\/#breadcrumb\",\"itemListElement\":[{\"@type\":\"ListItem\",\"position\":1,\"name\":\"Accueil\",\"item\":\"https:\\\/\\\/perle-in.com\\\/\"},{\"@type\":\"ListItem\",\"position\":2,\"name\":\"Boutique\",\"item\":\"https:\\\/\\\/perle-in.com\\\/boutique\\\/\"},{\"@type\":\"ListItem\",\"position\":3,\"name\":\"C\u00e2ble de charge rapide Connect 6-en-1 de 45\u00a0W en aluminium recycl\u00e9 certifi\u00e9 RCS\"}]},{\"@type\":\"WebSite\",\"@id\":\"https:\\\/\\\/perle-in.com\\\/#website\",\"url\":\"https:\\\/\\\/perle-in.com\\\/\",\"name\":\"PERLE IN\",\"description\":\"\",\"publisher\":{\"@id\":\"https:\\\/\\\/perle-in.com\\\/#organization\"},\"potentialAction\":[{\"@type\":\"SearchAction\",\"target\":{\"@type\":\"EntryPoint\",\"urlTemplate\":\"https:\\\/\\\/perle-in.com\\\/?s={search_term_string}\"},\"query-input\":{\"@type\":\"PropertyValueSpecification\",\"valueRequired\":true,\"valueName\":\"search_term_string\"}}],\"inLanguage\":\"en-CA\"},{\"@type\":\"Organization\",\"@id\":\"https:\\\/\\\/perle-in.com\\\/#organization\",\"name\":\"PERLE IN\",\"url\":\"https:\\\/\\\/perle-in.com\\\/\",\"logo\":{\"@type\":\"ImageObject\",\"inLanguage\":\"en-CA\",\"@id\":\"https:\\\/\\\/perle-in.com\\\/#\\\/schema\\\/logo\\\/image\\\/\",\"url\":\"https:\\\/\\\/perle-in.com\\\/wp-content\\\/uploads\\\/2022\\\/12\\\/LOGO-PERLE-IN-COULEUR@3x.webp\",\"contentUrl\":\"https:\\\/\\\/perle-in.com\\\/wp-content\\\/uploads\\\/2022\\\/12\\\/LOGO-PERLE-IN-COULEUR@3x.webp\",\"width\":1600,\"height\":490,\"caption\":\"PERLE IN\"},\"image\":{\"@id\":\"https:\\\/\\\/perle-in.com\\\/#\\\/schema\\\/logo\\\/image\\\/\"}}]}<\/script>\n<!-- \/ Yoast SEO plugin. -->","yoast_head_json":{"title":"C\u00e2ble de charge rapide Connect 6-en-1 de 45\u00a0W en aluminium recycl\u00e9 certifi\u00e9 RCS - PERLE IN","robots":{"index":"noindex","follow":"follow","max-snippet":"max-snippet:-1","max-image-preview":"max-image-preview:large","max-video-preview":"max-video-preview:-1"},"og_locale":"en_US","og_type":"article","og_title":"C\u00e2ble de charge rapide Connect 6-en-1 de 45\u00a0W en aluminium recycl\u00e9 certifi\u00e9 RCS - PERLE IN","og_description":"Le c\u00e2ble de charge rapide et de transfert de donn\u00e9es Connect de 45\u00a0W, dot\u00e9 d'un \u00e9l\u00e9gant bo\u00eetier en aluminium recycl\u00e9 et d'une tresse en RPET, offre de multiples solutions de charge\u00a0: entr\u00e9e type-C et USB-A et sortie type-C\/iOS\/micro USB. Gr\u00e2ce \u00e0 tous ces connecteurs, ce c\u00e2ble vous permet de charger la plupart des smartphones, appareils photo, batteries de secours, \u00e9couteurs et m\u00eame les ordinateurs portables type-C (jusqu'\u00e0 45\u00a0W). Le c\u00e2ble a une puissance de sortie maximale de 2,25\u00a0A. La longueur du c\u00e2ble est de 25\u00a0cm. Livr\u00e9 dans une bo\u00eete en papier Kraft 100\u00a0% recycl\u00e9 avec un autocollant color\u00e9.","og_url":"https:\/\/perle-in.com\/en\/product\/cable-de-charge-rapide-connect-6-en-1-de-45-w-en-aluminium-recycle-certifie-rcs\/","og_site_name":"PERLE IN","article_modified_time":"2025-10-19T03:47:11+00:00","og_image":[{"width":1600,"height":1600,"url":"https:\/\/perle-in.com\/wp-content\/uploads\/2025\/10\/12434590-1.jpg","type":"image\/jpeg"}],"twitter_card":"summary_large_image","schema":{"@context":"https:\/\/schema.org","@graph":[{"@type":"WebPage","@id":"https:\/\/perle-in.com\/produit\/cable-de-charge-rapide-connect-6-en-1-de-45-w-en-aluminium-recycle-certifie-rcs\/","url":"https:\/\/perle-in.com\/produit\/cable-de-charge-rapide-connect-6-en-1-de-45-w-en-aluminium-recycle-certifie-rcs\/","name":"C\u00e2ble de charge rapide Connect 6-en-1 de 45\u00a0W en aluminium recycl\u00e9 certifi\u00e9 RCS - PERLE IN","isPartOf":{"@id":"https:\/\/perle-in.com\/#website"},"primaryImageOfPage":{"@id":"https:\/\/perle-in.com\/produit\/cable-de-charge-rapide-connect-6-en-1-de-45-w-en-aluminium-recycle-certifie-rcs\/#primaryimage"},"image":{"@id":"https:\/\/perle-in.com\/produit\/cable-de-charge-rapide-connect-6-en-1-de-45-w-en-aluminium-recycle-certifie-rcs\/#primaryimage"},"thumbnailUrl":"https:\/\/perle-in.com\/wp-content\/uploads\/2025\/10\/12434590-1.jpg","datePublished":"2025-10-15T00:11:36+00:00","dateModified":"2025-10-19T03:47:11+00:00","breadcrumb":{"@id":"https:\/\/perle-in.com\/produit\/cable-de-charge-rapide-connect-6-en-1-de-45-w-en-aluminium-recycle-certifie-rcs\/#breadcrumb"},"inLanguage":"en-CA","potentialAction":[{"@type":"ReadAction","target":["https:\/\/perle-in.com\/produit\/cable-de-charge-rapide-connect-6-en-1-de-45-w-en-aluminium-recycle-certifie-rcs\/"]}]},{"@type":"ImageObject","inLanguage":"en-CA","@id":"https:\/\/perle-in.com\/produit\/cable-de-charge-rapide-connect-6-en-1-de-45-w-en-aluminium-recycle-certifie-rcs\/#primaryimage","url":"https:\/\/perle-in.com\/wp-content\/uploads\/2025\/10\/12434590-1.jpg","contentUrl":"https:\/\/perle-in.com\/wp-content\/uploads\/2025\/10\/12434590-1.jpg","width":1600,"height":1600},{"@type":"BreadcrumbList","@id":"https:\/\/perle-in.com\/produit\/cable-de-charge-rapide-connect-6-en-1-de-45-w-en-aluminium-recycle-certifie-rcs\/#breadcrumb","itemListElement":[{"@type":"ListItem","position":1,"name":"Accueil","item":"https:\/\/perle-in.com\/"},{"@type":"ListItem","position":2,"name":"Boutique","item":"https:\/\/perle-in.com\/boutique\/"},{"@type":"ListItem","position":3,"name":"C\u00e2ble de charge rapide Connect 6-en-1 de 45\u00a0W en aluminium recycl\u00e9 certifi\u00e9 RCS"}]},{"@type":"WebSite","@id":"https:\/\/perle-in.com\/#website","url":"https:\/\/perle-in.com\/","name":"PERLE IN","description":"","publisher":{"@id":"https:\/\/perle-in.com\/#organization"},"potentialAction":[{"@type":"SearchAction","target":{"@type":"EntryPoint","urlTemplate":"https:\/\/perle-in.com\/?s={search_term_string}"},"query-input":{"@type":"PropertyValueSpecification","valueRequired":true,"valueName":"search_term_string"}}],"inLanguage":"en-CA"},{"@type":"Organization","@id":"https:\/\/perle-in.com\/#organization","name":"PERLE IN","url":"https:\/\/perle-in.com\/","logo":{"@type":"ImageObject","inLanguage":"en-CA","@id":"https:\/\/perle-in.com\/#\/schema\/logo\/image\/","url":"https:\/\/perle-in.com\/wp-content\/uploads\/2022\/12\/LOGO-PERLE-IN-COULEUR@3x.webp","contentUrl":"https:\/\/perle-in.com\/wp-content\/uploads\/2022\/12\/LOGO-PERLE-IN-COULEUR@3x.webp","width":1600,"height":490,"caption":"PERLE IN"},"image":{"@id":"https:\/\/perle-in.com\/#\/schema\/logo\/image\/"}}]}},"jetpack_sharing_enabled":true,"_links":{"self":[{"href":"https:\/\/perle-in.com\/en\/wp-json\/wp\/v2\/product\/539686","targetHints":{"allow":["GET"]}}],"collection":[{"href":"https:\/\/perle-in.com\/en\/wp-json\/wp\/v2\/product"}],"about":[{"href":"https:\/\/perle-in.com\/en\/wp-json\/wp\/v2\/types\/product"}],"version-history":[{"count":0,"href":"https:\/\/perle-in.com\/en\/wp-json\/wp\/v2\/product\/539686\/revisions"}],"wp:featuredmedia":[{"embeddable":true,"href":"https:\/\/perle-in.com\/en\/wp-json\/wp\/v2\/media\/539678"}],"wp:attachment":[{"href":"https:\/\/perle-in.com\/en\/wp-json\/wp\/v2\/media?parent=539686"}],"wp:term":[{"taxonomy":"product_brand","embeddable":true,"href":"https:\/\/perle-in.com\/en\/wp-json\/wp\/v2\/product_brand?post=539686"},{"taxonomy":"product_cat","embeddable":true,"href":"https:\/\/perle-in.com\/en\/wp-json\/wp\/v2\/product_cat?post=539686"},{"taxonomy":"product_tag","embeddable":true,"href":"https:\/\/perle-in.com\/en\/wp-json\/wp\/v2\/product_tag?post=539686"}],"curies":[{"name":"wp","href":"https:\/\/api.w.org\/{rel}","templated":true}]}}