{"id":539664,"date":"2025-10-15T02:10:00","date_gmt":"2025-10-15T00:10:00","guid":{"rendered":"https:\/\/perle-in.com\/produit\/socle-de-charge-sans-fil-loop-de-15-w-a-double-bobine-en-plastique-recycle-certifie-rcs\/"},"modified":"2025-10-19T05:47:10","modified_gmt":"2025-10-19T03:47:10","slug":"socle-de-charge-sans-fil-loop-de-15-w-a-double-bobine-en-plastique-recycle-certifie-rcs","status":"publish","type":"product","link":"https:\/\/perle-in.com\/en\/product\/socle-de-charge-sans-fil-loop-de-15-w-a-double-bobine-en-plastique-recycle-certifie-rcs\/","title":{"rendered":"Socle de charge sans fil Loop de 15\u00a0W \u00e0 double bobine en plastique recycl\u00e9 certifi\u00e9 RCS"},"content":{"rendered":"","protected":false},"excerpt":{"rendered":"<p>Le socle de charge sans fil Loop de 15\u00a0W \u00e0 double bobine fabriqu\u00e9 \u00e0 partir de plastique recycl\u00e9 RCS est un atout pour tout bureau ou table de nuit. Le support est \u00e9quip\u00e9 d&#8217;une base antid\u00e9rapante en caoutchouc pour \u00e9viter que l&#8217;appareil ne glisse. Gr\u00e2ce aux doubles bobines, un appareil compatible sans fil peut \u00eatre charg\u00e9 rapidement en orientation portrait ou paysage. Compatible avec tous les appareils Qi (iPhone\u00a08 ou sup\u00e9rieur et appareils Android prenant en charge la charge sans fil). Fonctionnalit\u00e9s FOD int\u00e9gr\u00e9es (Foreign Object Detection) pour identifier les objets ind\u00e9sirables et assurer un processus de charge en douceur. Fourni avec un mode d&#8217;emploi et un c\u00e2ble de charge USB-A vers type-C de 100\u00a0cm, et emball\u00e9 dans une bo\u00eete en papier Kraft 100\u00a0% recycl\u00e9. Certaines housses\/\u00e9tuis de t\u00e9l\u00e9phone peuvent avoir un impact sur la capacit\u00e9 de chargement sans fil.<\/p>","protected":false},"featured_media":539656,"template":"","meta":{"_eb_attr":""},"product_brand":[],"product_cat":[1205,667],"product_tag":[816,815,837,2884,836,1019,1973,671],"class_list":{"0":"post-539664","1":"product","2":"type-product","3":"status-publish","4":"has-post-thumbnail","6":"product_cat-chargeurs-sans-fil","7":"product_cat-technologie","8":"product_tag-charge","9":"product_tag-chargeur","10":"product_tag-durable","11":"product_tag-rcs","12":"product_tag-recycle","13":"product_tag-sans-fil","14":"product_tag-support","15":"product_tag-telephone","16":"pa_couleurs-noir","17":"pa_green-points-2910","18":"pa_matiere-plastique-recycle-abs","20":"first","21":"instock","22":"shipping-taxable","23":"purchasable","24":"product-type-variable"},"yoast_head":"<!-- This site is optimized with the Yoast SEO plugin v27.4 - https:\/\/yoast.com\/product\/yoast-seo-wordpress\/ -->\n<title>Socle de charge sans fil Loop de 15\u00a0W \u00e0 double bobine en plastique recycl\u00e9 certifi\u00e9 RCS - PERLE IN<\/title>\n<meta name=\"robots\" content=\"noindex, follow, max-snippet:-1, max-image-preview:large, max-video-preview:-1\" \/>\n<meta property=\"og:locale\" content=\"en_US\" \/>\n<meta property=\"og:type\" content=\"article\" \/>\n<meta property=\"og:title\" content=\"Socle de charge sans fil Loop de 15\u00a0W \u00e0 double bobine en plastique recycl\u00e9 certifi\u00e9 RCS - PERLE IN\" \/>\n<meta property=\"og:description\" content=\"Le socle de charge sans fil Loop de 15\u00a0W \u00e0 double bobine fabriqu\u00e9 \u00e0 partir de plastique recycl\u00e9 RCS est un atout pour tout bureau ou table de nuit. Le support est \u00e9quip\u00e9 d&#039;une base antid\u00e9rapante en caoutchouc pour \u00e9viter que l&#039;appareil ne glisse. Gr\u00e2ce aux doubles bobines, un appareil compatible sans fil peut \u00eatre charg\u00e9 rapidement en orientation portrait ou paysage. Compatible avec tous les appareils Qi (iPhone\u00a08 ou sup\u00e9rieur et appareils Android prenant en charge la charge sans fil). Fonctionnalit\u00e9s FOD int\u00e9gr\u00e9es (Foreign Object Detection) pour identifier les objets ind\u00e9sirables et assurer un processus de charge en douceur. Fourni avec un mode d&#039;emploi et un c\u00e2ble de charge USB-A vers type-C de 100\u00a0cm, et emball\u00e9 dans une bo\u00eete en papier Kraft 100\u00a0% recycl\u00e9. Certaines housses\/\u00e9tuis de t\u00e9l\u00e9phone peuvent avoir un impact sur la capacit\u00e9 de chargement sans fil.\" \/>\n<meta property=\"og:url\" content=\"https:\/\/perle-in.com\/en\/product\/socle-de-charge-sans-fil-loop-de-15-w-a-double-bobine-en-plastique-recycle-certifie-rcs\/\" \/>\n<meta property=\"og:site_name\" content=\"PERLE IN\" \/>\n<meta property=\"article:modified_time\" content=\"2025-10-19T03:47:10+00:00\" \/>\n<meta property=\"og:image\" content=\"https:\/\/perle-in.com\/wp-content\/uploads\/2025\/10\/12434090-1.jpg\" \/>\n\t<meta property=\"og:image:width\" content=\"1600\" \/>\n\t<meta property=\"og:image:height\" content=\"1600\" \/>\n\t<meta property=\"og:image:type\" content=\"image\/jpeg\" \/>\n<meta name=\"twitter:card\" content=\"summary_large_image\" \/>\n<script type=\"application\/ld+json\" class=\"yoast-schema-graph\">{\"@context\":\"https:\\\/\\\/schema.org\",\"@graph\":[{\"@type\":\"WebPage\",\"@id\":\"https:\\\/\\\/perle-in.com\\\/produit\\\/socle-de-charge-sans-fil-loop-de-15-w-a-double-bobine-en-plastique-recycle-certifie-rcs\\\/\",\"url\":\"https:\\\/\\\/perle-in.com\\\/produit\\\/socle-de-charge-sans-fil-loop-de-15-w-a-double-bobine-en-plastique-recycle-certifie-rcs\\\/\",\"name\":\"Socle de charge sans fil Loop de 15\u00a0W \u00e0 double bobine en plastique recycl\u00e9 certifi\u00e9 RCS - PERLE IN\",\"isPartOf\":{\"@id\":\"https:\\\/\\\/perle-in.com\\\/#website\"},\"primaryImageOfPage\":{\"@id\":\"https:\\\/\\\/perle-in.com\\\/produit\\\/socle-de-charge-sans-fil-loop-de-15-w-a-double-bobine-en-plastique-recycle-certifie-rcs\\\/#primaryimage\"},\"image\":{\"@id\":\"https:\\\/\\\/perle-in.com\\\/produit\\\/socle-de-charge-sans-fil-loop-de-15-w-a-double-bobine-en-plastique-recycle-certifie-rcs\\\/#primaryimage\"},\"thumbnailUrl\":\"https:\\\/\\\/perle-in.com\\\/wp-content\\\/uploads\\\/2025\\\/10\\\/12434090-1.jpg\",\"datePublished\":\"2025-10-15T00:10:00+00:00\",\"dateModified\":\"2025-10-19T03:47:10+00:00\",\"breadcrumb\":{\"@id\":\"https:\\\/\\\/perle-in.com\\\/produit\\\/socle-de-charge-sans-fil-loop-de-15-w-a-double-bobine-en-plastique-recycle-certifie-rcs\\\/#breadcrumb\"},\"inLanguage\":\"en-CA\",\"potentialAction\":[{\"@type\":\"ReadAction\",\"target\":[\"https:\\\/\\\/perle-in.com\\\/produit\\\/socle-de-charge-sans-fil-loop-de-15-w-a-double-bobine-en-plastique-recycle-certifie-rcs\\\/\"]}]},{\"@type\":\"ImageObject\",\"inLanguage\":\"en-CA\",\"@id\":\"https:\\\/\\\/perle-in.com\\\/produit\\\/socle-de-charge-sans-fil-loop-de-15-w-a-double-bobine-en-plastique-recycle-certifie-rcs\\\/#primaryimage\",\"url\":\"https:\\\/\\\/perle-in.com\\\/wp-content\\\/uploads\\\/2025\\\/10\\\/12434090-1.jpg\",\"contentUrl\":\"https:\\\/\\\/perle-in.com\\\/wp-content\\\/uploads\\\/2025\\\/10\\\/12434090-1.jpg\",\"width\":1600,\"height\":1600},{\"@type\":\"BreadcrumbList\",\"@id\":\"https:\\\/\\\/perle-in.com\\\/produit\\\/socle-de-charge-sans-fil-loop-de-15-w-a-double-bobine-en-plastique-recycle-certifie-rcs\\\/#breadcrumb\",\"itemListElement\":[{\"@type\":\"ListItem\",\"position\":1,\"name\":\"Accueil\",\"item\":\"https:\\\/\\\/perle-in.com\\\/\"},{\"@type\":\"ListItem\",\"position\":2,\"name\":\"Boutique\",\"item\":\"https:\\\/\\\/perle-in.com\\\/boutique\\\/\"},{\"@type\":\"ListItem\",\"position\":3,\"name\":\"Socle de charge sans fil Loop de 15\u00a0W \u00e0 double bobine en plastique recycl\u00e9 certifi\u00e9 RCS\"}]},{\"@type\":\"WebSite\",\"@id\":\"https:\\\/\\\/perle-in.com\\\/#website\",\"url\":\"https:\\\/\\\/perle-in.com\\\/\",\"name\":\"PERLE IN\",\"description\":\"\",\"publisher\":{\"@id\":\"https:\\\/\\\/perle-in.com\\\/#organization\"},\"potentialAction\":[{\"@type\":\"SearchAction\",\"target\":{\"@type\":\"EntryPoint\",\"urlTemplate\":\"https:\\\/\\\/perle-in.com\\\/?s={search_term_string}\"},\"query-input\":{\"@type\":\"PropertyValueSpecification\",\"valueRequired\":true,\"valueName\":\"search_term_string\"}}],\"inLanguage\":\"en-CA\"},{\"@type\":\"Organization\",\"@id\":\"https:\\\/\\\/perle-in.com\\\/#organization\",\"name\":\"PERLE IN\",\"url\":\"https:\\\/\\\/perle-in.com\\\/\",\"logo\":{\"@type\":\"ImageObject\",\"inLanguage\":\"en-CA\",\"@id\":\"https:\\\/\\\/perle-in.com\\\/#\\\/schema\\\/logo\\\/image\\\/\",\"url\":\"https:\\\/\\\/perle-in.com\\\/wp-content\\\/uploads\\\/2022\\\/12\\\/LOGO-PERLE-IN-COULEUR@3x.webp\",\"contentUrl\":\"https:\\\/\\\/perle-in.com\\\/wp-content\\\/uploads\\\/2022\\\/12\\\/LOGO-PERLE-IN-COULEUR@3x.webp\",\"width\":1600,\"height\":490,\"caption\":\"PERLE IN\"},\"image\":{\"@id\":\"https:\\\/\\\/perle-in.com\\\/#\\\/schema\\\/logo\\\/image\\\/\"}}]}<\/script>\n<!-- \/ Yoast SEO plugin. -->","yoast_head_json":{"title":"Socle de charge sans fil Loop de 15\u00a0W \u00e0 double bobine en plastique recycl\u00e9 certifi\u00e9 RCS - PERLE IN","robots":{"index":"noindex","follow":"follow","max-snippet":"max-snippet:-1","max-image-preview":"max-image-preview:large","max-video-preview":"max-video-preview:-1"},"og_locale":"en_US","og_type":"article","og_title":"Socle de charge sans fil Loop de 15\u00a0W \u00e0 double bobine en plastique recycl\u00e9 certifi\u00e9 RCS - PERLE IN","og_description":"Le socle de charge sans fil Loop de 15\u00a0W \u00e0 double bobine fabriqu\u00e9 \u00e0 partir de plastique recycl\u00e9 RCS est un atout pour tout bureau ou table de nuit. Le support est \u00e9quip\u00e9 d'une base antid\u00e9rapante en caoutchouc pour \u00e9viter que l'appareil ne glisse. Gr\u00e2ce aux doubles bobines, un appareil compatible sans fil peut \u00eatre charg\u00e9 rapidement en orientation portrait ou paysage. Compatible avec tous les appareils Qi (iPhone\u00a08 ou sup\u00e9rieur et appareils Android prenant en charge la charge sans fil). Fonctionnalit\u00e9s FOD int\u00e9gr\u00e9es (Foreign Object Detection) pour identifier les objets ind\u00e9sirables et assurer un processus de charge en douceur. Fourni avec un mode d'emploi et un c\u00e2ble de charge USB-A vers type-C de 100\u00a0cm, et emball\u00e9 dans une bo\u00eete en papier Kraft 100\u00a0% recycl\u00e9. Certaines housses\/\u00e9tuis de t\u00e9l\u00e9phone peuvent avoir un impact sur la capacit\u00e9 de chargement sans fil.","og_url":"https:\/\/perle-in.com\/en\/product\/socle-de-charge-sans-fil-loop-de-15-w-a-double-bobine-en-plastique-recycle-certifie-rcs\/","og_site_name":"PERLE IN","article_modified_time":"2025-10-19T03:47:10+00:00","og_image":[{"width":1600,"height":1600,"url":"https:\/\/perle-in.com\/wp-content\/uploads\/2025\/10\/12434090-1.jpg","type":"image\/jpeg"}],"twitter_card":"summary_large_image","schema":{"@context":"https:\/\/schema.org","@graph":[{"@type":"WebPage","@id":"https:\/\/perle-in.com\/produit\/socle-de-charge-sans-fil-loop-de-15-w-a-double-bobine-en-plastique-recycle-certifie-rcs\/","url":"https:\/\/perle-in.com\/produit\/socle-de-charge-sans-fil-loop-de-15-w-a-double-bobine-en-plastique-recycle-certifie-rcs\/","name":"Socle de charge sans fil Loop de 15\u00a0W \u00e0 double bobine en plastique recycl\u00e9 certifi\u00e9 RCS - PERLE IN","isPartOf":{"@id":"https:\/\/perle-in.com\/#website"},"primaryImageOfPage":{"@id":"https:\/\/perle-in.com\/produit\/socle-de-charge-sans-fil-loop-de-15-w-a-double-bobine-en-plastique-recycle-certifie-rcs\/#primaryimage"},"image":{"@id":"https:\/\/perle-in.com\/produit\/socle-de-charge-sans-fil-loop-de-15-w-a-double-bobine-en-plastique-recycle-certifie-rcs\/#primaryimage"},"thumbnailUrl":"https:\/\/perle-in.com\/wp-content\/uploads\/2025\/10\/12434090-1.jpg","datePublished":"2025-10-15T00:10:00+00:00","dateModified":"2025-10-19T03:47:10+00:00","breadcrumb":{"@id":"https:\/\/perle-in.com\/produit\/socle-de-charge-sans-fil-loop-de-15-w-a-double-bobine-en-plastique-recycle-certifie-rcs\/#breadcrumb"},"inLanguage":"en-CA","potentialAction":[{"@type":"ReadAction","target":["https:\/\/perle-in.com\/produit\/socle-de-charge-sans-fil-loop-de-15-w-a-double-bobine-en-plastique-recycle-certifie-rcs\/"]}]},{"@type":"ImageObject","inLanguage":"en-CA","@id":"https:\/\/perle-in.com\/produit\/socle-de-charge-sans-fil-loop-de-15-w-a-double-bobine-en-plastique-recycle-certifie-rcs\/#primaryimage","url":"https:\/\/perle-in.com\/wp-content\/uploads\/2025\/10\/12434090-1.jpg","contentUrl":"https:\/\/perle-in.com\/wp-content\/uploads\/2025\/10\/12434090-1.jpg","width":1600,"height":1600},{"@type":"BreadcrumbList","@id":"https:\/\/perle-in.com\/produit\/socle-de-charge-sans-fil-loop-de-15-w-a-double-bobine-en-plastique-recycle-certifie-rcs\/#breadcrumb","itemListElement":[{"@type":"ListItem","position":1,"name":"Accueil","item":"https:\/\/perle-in.com\/"},{"@type":"ListItem","position":2,"name":"Boutique","item":"https:\/\/perle-in.com\/boutique\/"},{"@type":"ListItem","position":3,"name":"Socle de charge sans fil Loop de 15\u00a0W \u00e0 double bobine en plastique recycl\u00e9 certifi\u00e9 RCS"}]},{"@type":"WebSite","@id":"https:\/\/perle-in.com\/#website","url":"https:\/\/perle-in.com\/","name":"PERLE IN","description":"","publisher":{"@id":"https:\/\/perle-in.com\/#organization"},"potentialAction":[{"@type":"SearchAction","target":{"@type":"EntryPoint","urlTemplate":"https:\/\/perle-in.com\/?s={search_term_string}"},"query-input":{"@type":"PropertyValueSpecification","valueRequired":true,"valueName":"search_term_string"}}],"inLanguage":"en-CA"},{"@type":"Organization","@id":"https:\/\/perle-in.com\/#organization","name":"PERLE IN","url":"https:\/\/perle-in.com\/","logo":{"@type":"ImageObject","inLanguage":"en-CA","@id":"https:\/\/perle-in.com\/#\/schema\/logo\/image\/","url":"https:\/\/perle-in.com\/wp-content\/uploads\/2022\/12\/LOGO-PERLE-IN-COULEUR@3x.webp","contentUrl":"https:\/\/perle-in.com\/wp-content\/uploads\/2022\/12\/LOGO-PERLE-IN-COULEUR@3x.webp","width":1600,"height":490,"caption":"PERLE IN"},"image":{"@id":"https:\/\/perle-in.com\/#\/schema\/logo\/image\/"}}]}},"jetpack_sharing_enabled":true,"_links":{"self":[{"href":"https:\/\/perle-in.com\/en\/wp-json\/wp\/v2\/product\/539664","targetHints":{"allow":["GET"]}}],"collection":[{"href":"https:\/\/perle-in.com\/en\/wp-json\/wp\/v2\/product"}],"about":[{"href":"https:\/\/perle-in.com\/en\/wp-json\/wp\/v2\/types\/product"}],"version-history":[{"count":0,"href":"https:\/\/perle-in.com\/en\/wp-json\/wp\/v2\/product\/539664\/revisions"}],"wp:featuredmedia":[{"embeddable":true,"href":"https:\/\/perle-in.com\/en\/wp-json\/wp\/v2\/media\/539656"}],"wp:attachment":[{"href":"https:\/\/perle-in.com\/en\/wp-json\/wp\/v2\/media?parent=539664"}],"wp:term":[{"taxonomy":"product_brand","embeddable":true,"href":"https:\/\/perle-in.com\/en\/wp-json\/wp\/v2\/product_brand?post=539664"},{"taxonomy":"product_cat","embeddable":true,"href":"https:\/\/perle-in.com\/en\/wp-json\/wp\/v2\/product_cat?post=539664"},{"taxonomy":"product_tag","embeddable":true,"href":"https:\/\/perle-in.com\/en\/wp-json\/wp\/v2\/product_tag?post=539664"}],"curies":[{"name":"wp","href":"https:\/\/api.w.org\/{rel}","templated":true}]}}