{"id":539654,"date":"2025-10-15T02:09:33","date_gmt":"2025-10-15T00:09:33","guid":{"rendered":"https:\/\/perle-in.com\/produit\/metre-a-mesurer-rule-de-5-m-en-plastique-recycle-certifie-rcs\/"},"modified":"2025-10-19T05:47:10","modified_gmt":"2025-10-19T03:47:10","slug":"metre-a-mesurer-rule-de-5-m-en-plastique-recycle-certifie-rcs","status":"publish","type":"product","link":"https:\/\/perle-in.com\/en\/product\/metre-a-mesurer-rule-de-5-m-en-plastique-recycle-certifie-rcs\/","title":{"rendered":"M\u00e8tre \u00e0 mesurer Rule de 5\u00a0m en plastique recycl\u00e9 certifi\u00e9 RCS"},"content":{"rendered":"","protected":false},"excerpt":{"rendered":"<p>M\u00e8tre ruban en acier et en fer de 5\u00a0m\u00e8tres comprenant une pince de ceinture en fer et un bracelet en polyester. Affiche les centim\u00e8tres et les pouces. L&#8217;\u00e9tui est compos\u00e9 de 17\u00a0% de plastique recycl\u00e9 certifi\u00e9 RCS et de 3\u00a0% de TPE recycl\u00e9. La norme RCS (Recycled Claim Standard) v\u00e9rifie le contenu recycl\u00e9 d&#8217;un produit tout au long de la cha\u00eene d&#8217;approvisionnement. Emball\u00e9 dans un coffret cadeau STAC provenant de sources durables.<\/p>","protected":false},"featured_media":539644,"template":"","meta":{"_eb_attr":""},"product_brand":[],"product_cat":[1244,438],"product_tag":[837,3074,3351,453,2884,836,3352,2892],"class_list":{"0":"post-539654","1":"product","2":"type-product","3":"status-publish","4":"has-post-thumbnail","6":"product_cat-metres-ruban","7":"product_cat-outils-et-accessoires-pour-la-voiture","8":"product_tag-durable","9":"product_tag-mesure","10":"product_tag-metre","11":"product_tag-outil","12":"product_tag-rcs","13":"product_tag-recycle","14":"product_tag-ruban","15":"product_tag-stac","16":"pa_couleurs-jaune","17":"pa_green-points-3218","18":"pa_marque-stac","19":"pa_matiere-acier-inoxydable-recycle-plastique-recycle-abs","21":"first","22":"instock","23":"shipping-taxable","24":"purchasable","25":"product-type-variable"},"yoast_head":"<!-- This site is optimized with the Yoast SEO plugin v27.4 - https:\/\/yoast.com\/product\/yoast-seo-wordpress\/ -->\n<title>M\u00e8tre \u00e0 mesurer Rule de 5\u00a0m en plastique recycl\u00e9 certifi\u00e9 RCS - PERLE IN<\/title>\n<meta name=\"robots\" content=\"noindex, follow, max-snippet:-1, max-image-preview:large, max-video-preview:-1\" \/>\n<meta property=\"og:locale\" content=\"en_US\" \/>\n<meta property=\"og:type\" content=\"article\" \/>\n<meta property=\"og:title\" content=\"M\u00e8tre \u00e0 mesurer Rule de 5\u00a0m en plastique recycl\u00e9 certifi\u00e9 RCS - PERLE IN\" \/>\n<meta property=\"og:description\" content=\"M\u00e8tre ruban en acier et en fer de 5\u00a0m\u00e8tres comprenant une pince de ceinture en fer et un bracelet en polyester. Affiche les centim\u00e8tres et les pouces. L&#039;\u00e9tui est compos\u00e9 de 17\u00a0% de plastique recycl\u00e9 certifi\u00e9 RCS et de 3\u00a0% de TPE recycl\u00e9. La norme RCS (Recycled Claim Standard) v\u00e9rifie le contenu recycl\u00e9 d&#039;un produit tout au long de la cha\u00eene d&#039;approvisionnement. Emball\u00e9 dans un coffret cadeau STAC provenant de sources durables.\" \/>\n<meta property=\"og:url\" content=\"https:\/\/perle-in.com\/en\/product\/metre-a-mesurer-rule-de-5-m-en-plastique-recycle-certifie-rcs\/\" \/>\n<meta property=\"og:site_name\" content=\"PERLE IN\" \/>\n<meta property=\"article:modified_time\" content=\"2025-10-19T03:47:10+00:00\" \/>\n<meta property=\"og:image\" content=\"https:\/\/perle-in.com\/wp-content\/uploads\/2025\/10\/10458111-1.jpg\" \/>\n\t<meta property=\"og:image:width\" content=\"1600\" \/>\n\t<meta property=\"og:image:height\" content=\"1600\" \/>\n\t<meta property=\"og:image:type\" content=\"image\/jpeg\" \/>\n<meta name=\"twitter:card\" content=\"summary_large_image\" \/>\n<script type=\"application\/ld+json\" class=\"yoast-schema-graph\">{\"@context\":\"https:\\\/\\\/schema.org\",\"@graph\":[{\"@type\":\"WebPage\",\"@id\":\"https:\\\/\\\/perle-in.com\\\/produit\\\/metre-a-mesurer-rule-de-5-m-en-plastique-recycle-certifie-rcs\\\/\",\"url\":\"https:\\\/\\\/perle-in.com\\\/produit\\\/metre-a-mesurer-rule-de-5-m-en-plastique-recycle-certifie-rcs\\\/\",\"name\":\"M\u00e8tre \u00e0 mesurer Rule de 5\u00a0m en plastique recycl\u00e9 certifi\u00e9 RCS - PERLE IN\",\"isPartOf\":{\"@id\":\"https:\\\/\\\/perle-in.com\\\/#website\"},\"primaryImageOfPage\":{\"@id\":\"https:\\\/\\\/perle-in.com\\\/produit\\\/metre-a-mesurer-rule-de-5-m-en-plastique-recycle-certifie-rcs\\\/#primaryimage\"},\"image\":{\"@id\":\"https:\\\/\\\/perle-in.com\\\/produit\\\/metre-a-mesurer-rule-de-5-m-en-plastique-recycle-certifie-rcs\\\/#primaryimage\"},\"thumbnailUrl\":\"https:\\\/\\\/perle-in.com\\\/wp-content\\\/uploads\\\/2025\\\/10\\\/10458111-1.jpg\",\"datePublished\":\"2025-10-15T00:09:33+00:00\",\"dateModified\":\"2025-10-19T03:47:10+00:00\",\"breadcrumb\":{\"@id\":\"https:\\\/\\\/perle-in.com\\\/produit\\\/metre-a-mesurer-rule-de-5-m-en-plastique-recycle-certifie-rcs\\\/#breadcrumb\"},\"inLanguage\":\"en-CA\",\"potentialAction\":[{\"@type\":\"ReadAction\",\"target\":[\"https:\\\/\\\/perle-in.com\\\/produit\\\/metre-a-mesurer-rule-de-5-m-en-plastique-recycle-certifie-rcs\\\/\"]}]},{\"@type\":\"ImageObject\",\"inLanguage\":\"en-CA\",\"@id\":\"https:\\\/\\\/perle-in.com\\\/produit\\\/metre-a-mesurer-rule-de-5-m-en-plastique-recycle-certifie-rcs\\\/#primaryimage\",\"url\":\"https:\\\/\\\/perle-in.com\\\/wp-content\\\/uploads\\\/2025\\\/10\\\/10458111-1.jpg\",\"contentUrl\":\"https:\\\/\\\/perle-in.com\\\/wp-content\\\/uploads\\\/2025\\\/10\\\/10458111-1.jpg\",\"width\":1600,\"height\":1600},{\"@type\":\"BreadcrumbList\",\"@id\":\"https:\\\/\\\/perle-in.com\\\/produit\\\/metre-a-mesurer-rule-de-5-m-en-plastique-recycle-certifie-rcs\\\/#breadcrumb\",\"itemListElement\":[{\"@type\":\"ListItem\",\"position\":1,\"name\":\"Accueil\",\"item\":\"https:\\\/\\\/perle-in.com\\\/\"},{\"@type\":\"ListItem\",\"position\":2,\"name\":\"Boutique\",\"item\":\"https:\\\/\\\/perle-in.com\\\/boutique\\\/\"},{\"@type\":\"ListItem\",\"position\":3,\"name\":\"M\u00e8tre \u00e0 mesurer Rule de 5\u00a0m en plastique recycl\u00e9 certifi\u00e9 RCS\"}]},{\"@type\":\"WebSite\",\"@id\":\"https:\\\/\\\/perle-in.com\\\/#website\",\"url\":\"https:\\\/\\\/perle-in.com\\\/\",\"name\":\"PERLE IN\",\"description\":\"\",\"publisher\":{\"@id\":\"https:\\\/\\\/perle-in.com\\\/#organization\"},\"potentialAction\":[{\"@type\":\"SearchAction\",\"target\":{\"@type\":\"EntryPoint\",\"urlTemplate\":\"https:\\\/\\\/perle-in.com\\\/?s={search_term_string}\"},\"query-input\":{\"@type\":\"PropertyValueSpecification\",\"valueRequired\":true,\"valueName\":\"search_term_string\"}}],\"inLanguage\":\"en-CA\"},{\"@type\":\"Organization\",\"@id\":\"https:\\\/\\\/perle-in.com\\\/#organization\",\"name\":\"PERLE IN\",\"url\":\"https:\\\/\\\/perle-in.com\\\/\",\"logo\":{\"@type\":\"ImageObject\",\"inLanguage\":\"en-CA\",\"@id\":\"https:\\\/\\\/perle-in.com\\\/#\\\/schema\\\/logo\\\/image\\\/\",\"url\":\"https:\\\/\\\/perle-in.com\\\/wp-content\\\/uploads\\\/2022\\\/12\\\/LOGO-PERLE-IN-COULEUR@3x.webp\",\"contentUrl\":\"https:\\\/\\\/perle-in.com\\\/wp-content\\\/uploads\\\/2022\\\/12\\\/LOGO-PERLE-IN-COULEUR@3x.webp\",\"width\":1600,\"height\":490,\"caption\":\"PERLE IN\"},\"image\":{\"@id\":\"https:\\\/\\\/perle-in.com\\\/#\\\/schema\\\/logo\\\/image\\\/\"}}]}<\/script>\n<!-- \/ Yoast SEO plugin. -->","yoast_head_json":{"title":"M\u00e8tre \u00e0 mesurer Rule de 5\u00a0m en plastique recycl\u00e9 certifi\u00e9 RCS - PERLE IN","robots":{"index":"noindex","follow":"follow","max-snippet":"max-snippet:-1","max-image-preview":"max-image-preview:large","max-video-preview":"max-video-preview:-1"},"og_locale":"en_US","og_type":"article","og_title":"M\u00e8tre \u00e0 mesurer Rule de 5\u00a0m en plastique recycl\u00e9 certifi\u00e9 RCS - PERLE IN","og_description":"M\u00e8tre ruban en acier et en fer de 5\u00a0m\u00e8tres comprenant une pince de ceinture en fer et un bracelet en polyester. Affiche les centim\u00e8tres et les pouces. L'\u00e9tui est compos\u00e9 de 17\u00a0% de plastique recycl\u00e9 certifi\u00e9 RCS et de 3\u00a0% de TPE recycl\u00e9. La norme RCS (Recycled Claim Standard) v\u00e9rifie le contenu recycl\u00e9 d'un produit tout au long de la cha\u00eene d'approvisionnement. Emball\u00e9 dans un coffret cadeau STAC provenant de sources durables.","og_url":"https:\/\/perle-in.com\/en\/product\/metre-a-mesurer-rule-de-5-m-en-plastique-recycle-certifie-rcs\/","og_site_name":"PERLE IN","article_modified_time":"2025-10-19T03:47:10+00:00","og_image":[{"width":1600,"height":1600,"url":"https:\/\/perle-in.com\/wp-content\/uploads\/2025\/10\/10458111-1.jpg","type":"image\/jpeg"}],"twitter_card":"summary_large_image","schema":{"@context":"https:\/\/schema.org","@graph":[{"@type":"WebPage","@id":"https:\/\/perle-in.com\/produit\/metre-a-mesurer-rule-de-5-m-en-plastique-recycle-certifie-rcs\/","url":"https:\/\/perle-in.com\/produit\/metre-a-mesurer-rule-de-5-m-en-plastique-recycle-certifie-rcs\/","name":"M\u00e8tre \u00e0 mesurer Rule de 5\u00a0m en plastique recycl\u00e9 certifi\u00e9 RCS - PERLE IN","isPartOf":{"@id":"https:\/\/perle-in.com\/#website"},"primaryImageOfPage":{"@id":"https:\/\/perle-in.com\/produit\/metre-a-mesurer-rule-de-5-m-en-plastique-recycle-certifie-rcs\/#primaryimage"},"image":{"@id":"https:\/\/perle-in.com\/produit\/metre-a-mesurer-rule-de-5-m-en-plastique-recycle-certifie-rcs\/#primaryimage"},"thumbnailUrl":"https:\/\/perle-in.com\/wp-content\/uploads\/2025\/10\/10458111-1.jpg","datePublished":"2025-10-15T00:09:33+00:00","dateModified":"2025-10-19T03:47:10+00:00","breadcrumb":{"@id":"https:\/\/perle-in.com\/produit\/metre-a-mesurer-rule-de-5-m-en-plastique-recycle-certifie-rcs\/#breadcrumb"},"inLanguage":"en-CA","potentialAction":[{"@type":"ReadAction","target":["https:\/\/perle-in.com\/produit\/metre-a-mesurer-rule-de-5-m-en-plastique-recycle-certifie-rcs\/"]}]},{"@type":"ImageObject","inLanguage":"en-CA","@id":"https:\/\/perle-in.com\/produit\/metre-a-mesurer-rule-de-5-m-en-plastique-recycle-certifie-rcs\/#primaryimage","url":"https:\/\/perle-in.com\/wp-content\/uploads\/2025\/10\/10458111-1.jpg","contentUrl":"https:\/\/perle-in.com\/wp-content\/uploads\/2025\/10\/10458111-1.jpg","width":1600,"height":1600},{"@type":"BreadcrumbList","@id":"https:\/\/perle-in.com\/produit\/metre-a-mesurer-rule-de-5-m-en-plastique-recycle-certifie-rcs\/#breadcrumb","itemListElement":[{"@type":"ListItem","position":1,"name":"Accueil","item":"https:\/\/perle-in.com\/"},{"@type":"ListItem","position":2,"name":"Boutique","item":"https:\/\/perle-in.com\/boutique\/"},{"@type":"ListItem","position":3,"name":"M\u00e8tre \u00e0 mesurer Rule de 5\u00a0m en plastique recycl\u00e9 certifi\u00e9 RCS"}]},{"@type":"WebSite","@id":"https:\/\/perle-in.com\/#website","url":"https:\/\/perle-in.com\/","name":"PERLE IN","description":"","publisher":{"@id":"https:\/\/perle-in.com\/#organization"},"potentialAction":[{"@type":"SearchAction","target":{"@type":"EntryPoint","urlTemplate":"https:\/\/perle-in.com\/?s={search_term_string}"},"query-input":{"@type":"PropertyValueSpecification","valueRequired":true,"valueName":"search_term_string"}}],"inLanguage":"en-CA"},{"@type":"Organization","@id":"https:\/\/perle-in.com\/#organization","name":"PERLE IN","url":"https:\/\/perle-in.com\/","logo":{"@type":"ImageObject","inLanguage":"en-CA","@id":"https:\/\/perle-in.com\/#\/schema\/logo\/image\/","url":"https:\/\/perle-in.com\/wp-content\/uploads\/2022\/12\/LOGO-PERLE-IN-COULEUR@3x.webp","contentUrl":"https:\/\/perle-in.com\/wp-content\/uploads\/2022\/12\/LOGO-PERLE-IN-COULEUR@3x.webp","width":1600,"height":490,"caption":"PERLE IN"},"image":{"@id":"https:\/\/perle-in.com\/#\/schema\/logo\/image\/"}}]}},"jetpack_sharing_enabled":true,"_links":{"self":[{"href":"https:\/\/perle-in.com\/en\/wp-json\/wp\/v2\/product\/539654","targetHints":{"allow":["GET"]}}],"collection":[{"href":"https:\/\/perle-in.com\/en\/wp-json\/wp\/v2\/product"}],"about":[{"href":"https:\/\/perle-in.com\/en\/wp-json\/wp\/v2\/types\/product"}],"version-history":[{"count":0,"href":"https:\/\/perle-in.com\/en\/wp-json\/wp\/v2\/product\/539654\/revisions"}],"wp:featuredmedia":[{"embeddable":true,"href":"https:\/\/perle-in.com\/en\/wp-json\/wp\/v2\/media\/539644"}],"wp:attachment":[{"href":"https:\/\/perle-in.com\/en\/wp-json\/wp\/v2\/media?parent=539654"}],"wp:term":[{"taxonomy":"product_brand","embeddable":true,"href":"https:\/\/perle-in.com\/en\/wp-json\/wp\/v2\/product_brand?post=539654"},{"taxonomy":"product_cat","embeddable":true,"href":"https:\/\/perle-in.com\/en\/wp-json\/wp\/v2\/product_cat?post=539654"},{"taxonomy":"product_tag","embeddable":true,"href":"https:\/\/perle-in.com\/en\/wp-json\/wp\/v2\/product_tag?post=539654"}],"curies":[{"name":"wp","href":"https:\/\/api.w.org\/{rel}","templated":true}]}}