{"id":539630,"date":"2025-10-15T02:08:34","date_gmt":"2025-10-15T00:08:34","guid":{"rendered":"https:\/\/perle-in.com\/produit\/ensemble-doutils-spike-24-pieces-en-plastique-recycle-certifie-rcs-avec-pochette-en-liege\/"},"modified":"2025-10-19T05:47:21","modified_gmt":"2025-10-19T03:47:21","slug":"ensemble-doutils-spike-24-pieces-en-plastique-recycle-certifie-rcs-avec-pochette-en-liege","status":"publish","type":"product","link":"https:\/\/perle-in.com\/en\/product\/ensemble-doutils-spike-24-pieces-en-plastique-recycle-certifie-rcs-avec-pochette-en-liege\/","title":{"rendered":"Ensemble d&#8217;outils Spike 24\u00a0pi\u00e8ces en plastique recycl\u00e9 certifi\u00e9 RCS avec pochette en li\u00e8ge"},"content":{"rendered":"","protected":false},"excerpt":{"rendered":"<p>Le  kit d&#8217;outils Spike allie la praticit\u00e9, la durabilit\u00e9 et le d\u00e9veloppement durable dans un seul et m\u00eame ensemble. Sa pochette de rangement en li\u00e8ge est non seulement attrayante sur le plan visuel, mais aussi respectueuse de l&#8217;environnement, sans compromis sur la qualit\u00e9 ou les performances. \u00c0 l&#8217;int\u00e9rieur de la pochette, vous trouverez un ensemble de 24\u00a0outils essentiels fabriqu\u00e9s en acier au carbone et en plastique recycl\u00e9 certifi\u00e9 RCS\u00a0: 1\u00a0couteau pour des coupes nettes et des d\u00e9coupes pr\u00e9cises, 6\u00a0tournevis de pr\u00e9cision pour les t\u00e2ches d\u00e9licates, 10\u00a0embouts de vissage, 1\u00a0manche de tournevis \u00e0 prise confortable, 1\u00a0barre d&#8217;extension pour les zones difficiles d&#8217;acc\u00e8s, 4\u00a0douilles pour diverses applications et 1\u00a0pince \u00e0 long bec pour saisir et plier. Le li\u00e8ge \u00e9tant un produit naturel, la couleur et la taille peuvent l\u00e9g\u00e8rement varier selon l&#8217;article, ce qui peut avoir un impact sur l&#8217;aspect final du produit. Emball\u00e9 dans un coffret cadeau STAC provenant de sources durables.<\/p>","protected":false},"featured_media":539622,"template":"","meta":{"_eb_attr":""},"product_brand":[],"product_cat":[438,531],"product_tag":[497,837,1573,717,1630,453,454,2943,2892,3312],"class_list":{"0":"post-539630","1":"product","2":"type-product","3":"status-publish","4":"has-post-thumbnail","6":"product_cat-outils-et-accessoires-pour-la-voiture","7":"product_cat-sets-doutils","8":"product_tag-couteau","9":"product_tag-durable","10":"product_tag-ensemble","11":"product_tag-kit","12":"product_tag-liege","13":"product_tag-outil","14":"product_tag-outils","15":"product_tag-pince","16":"product_tag-stac","17":"product_tag-tournevis","18":"pa_couleurs-naturel","19":"pa_marque-stac","20":"pa_matiere-acier-au-carbone-plastique-pp-recycle","22":"first","23":"instock","24":"sale","25":"shipping-taxable","26":"purchasable","27":"product-type-variable"},"yoast_head":"<!-- This site is optimized with the Yoast SEO plugin v27.4 - https:\/\/yoast.com\/product\/yoast-seo-wordpress\/ -->\n<title>Ensemble d&#039;outils Spike 24\u00a0pi\u00e8ces en plastique recycl\u00e9 certifi\u00e9 RCS avec pochette en li\u00e8ge - PERLE IN<\/title>\n<meta name=\"robots\" content=\"noindex, follow, max-snippet:-1, max-image-preview:large, max-video-preview:-1\" \/>\n<meta property=\"og:locale\" content=\"en_US\" \/>\n<meta property=\"og:type\" content=\"article\" \/>\n<meta property=\"og:title\" content=\"Ensemble d&#039;outils Spike 24\u00a0pi\u00e8ces en plastique recycl\u00e9 certifi\u00e9 RCS avec pochette en li\u00e8ge - PERLE IN\" \/>\n<meta property=\"og:description\" content=\"Le kit d&#039;outils Spike allie la praticit\u00e9, la durabilit\u00e9 et le d\u00e9veloppement durable dans un seul et m\u00eame ensemble. Sa pochette de rangement en li\u00e8ge est non seulement attrayante sur le plan visuel, mais aussi respectueuse de l&#039;environnement, sans compromis sur la qualit\u00e9 ou les performances. \u00c0 l&#039;int\u00e9rieur de la pochette, vous trouverez un ensemble de 24\u00a0outils essentiels fabriqu\u00e9s en acier au carbone et en plastique recycl\u00e9 certifi\u00e9 RCS\u00a0: 1\u00a0couteau pour des coupes nettes et des d\u00e9coupes pr\u00e9cises, 6\u00a0tournevis de pr\u00e9cision pour les t\u00e2ches d\u00e9licates, 10\u00a0embouts de vissage, 1\u00a0manche de tournevis \u00e0 prise confortable, 1\u00a0barre d&#039;extension pour les zones difficiles d&#039;acc\u00e8s, 4\u00a0douilles pour diverses applications et 1\u00a0pince \u00e0 long bec pour saisir et plier. Le li\u00e8ge \u00e9tant un produit naturel, la couleur et la taille peuvent l\u00e9g\u00e8rement varier selon l&#039;article, ce qui peut avoir un impact sur l&#039;aspect final du produit. Emball\u00e9 dans un coffret cadeau STAC provenant de sources durables.\" \/>\n<meta property=\"og:url\" content=\"https:\/\/perle-in.com\/en\/product\/ensemble-doutils-spike-24-pieces-en-plastique-recycle-certifie-rcs-avec-pochette-en-liege\/\" \/>\n<meta property=\"og:site_name\" content=\"PERLE IN\" \/>\n<meta property=\"article:modified_time\" content=\"2025-10-19T03:47:21+00:00\" \/>\n<meta property=\"og:image\" content=\"https:\/\/perle-in.com\/wp-content\/uploads\/2025\/10\/10457906-1.jpg\" \/>\n\t<meta property=\"og:image:width\" content=\"1600\" \/>\n\t<meta property=\"og:image:height\" content=\"1600\" \/>\n\t<meta property=\"og:image:type\" content=\"image\/jpeg\" \/>\n<meta name=\"twitter:card\" content=\"summary_large_image\" \/>\n<script type=\"application\/ld+json\" class=\"yoast-schema-graph\">{\"@context\":\"https:\\\/\\\/schema.org\",\"@graph\":[{\"@type\":\"WebPage\",\"@id\":\"https:\\\/\\\/perle-in.com\\\/produit\\\/ensemble-doutils-spike-24-pieces-en-plastique-recycle-certifie-rcs-avec-pochette-en-liege\\\/\",\"url\":\"https:\\\/\\\/perle-in.com\\\/produit\\\/ensemble-doutils-spike-24-pieces-en-plastique-recycle-certifie-rcs-avec-pochette-en-liege\\\/\",\"name\":\"Ensemble d'outils Spike 24\u00a0pi\u00e8ces en plastique recycl\u00e9 certifi\u00e9 RCS avec pochette en li\u00e8ge - PERLE IN\",\"isPartOf\":{\"@id\":\"https:\\\/\\\/perle-in.com\\\/#website\"},\"primaryImageOfPage\":{\"@id\":\"https:\\\/\\\/perle-in.com\\\/produit\\\/ensemble-doutils-spike-24-pieces-en-plastique-recycle-certifie-rcs-avec-pochette-en-liege\\\/#primaryimage\"},\"image\":{\"@id\":\"https:\\\/\\\/perle-in.com\\\/produit\\\/ensemble-doutils-spike-24-pieces-en-plastique-recycle-certifie-rcs-avec-pochette-en-liege\\\/#primaryimage\"},\"thumbnailUrl\":\"https:\\\/\\\/perle-in.com\\\/wp-content\\\/uploads\\\/2025\\\/10\\\/10457906-1.jpg\",\"datePublished\":\"2025-10-15T00:08:34+00:00\",\"dateModified\":\"2025-10-19T03:47:21+00:00\",\"breadcrumb\":{\"@id\":\"https:\\\/\\\/perle-in.com\\\/produit\\\/ensemble-doutils-spike-24-pieces-en-plastique-recycle-certifie-rcs-avec-pochette-en-liege\\\/#breadcrumb\"},\"inLanguage\":\"en-CA\",\"potentialAction\":[{\"@type\":\"ReadAction\",\"target\":[\"https:\\\/\\\/perle-in.com\\\/produit\\\/ensemble-doutils-spike-24-pieces-en-plastique-recycle-certifie-rcs-avec-pochette-en-liege\\\/\"]}]},{\"@type\":\"ImageObject\",\"inLanguage\":\"en-CA\",\"@id\":\"https:\\\/\\\/perle-in.com\\\/produit\\\/ensemble-doutils-spike-24-pieces-en-plastique-recycle-certifie-rcs-avec-pochette-en-liege\\\/#primaryimage\",\"url\":\"https:\\\/\\\/perle-in.com\\\/wp-content\\\/uploads\\\/2025\\\/10\\\/10457906-1.jpg\",\"contentUrl\":\"https:\\\/\\\/perle-in.com\\\/wp-content\\\/uploads\\\/2025\\\/10\\\/10457906-1.jpg\",\"width\":1600,\"height\":1600},{\"@type\":\"BreadcrumbList\",\"@id\":\"https:\\\/\\\/perle-in.com\\\/produit\\\/ensemble-doutils-spike-24-pieces-en-plastique-recycle-certifie-rcs-avec-pochette-en-liege\\\/#breadcrumb\",\"itemListElement\":[{\"@type\":\"ListItem\",\"position\":1,\"name\":\"Accueil\",\"item\":\"https:\\\/\\\/perle-in.com\\\/\"},{\"@type\":\"ListItem\",\"position\":2,\"name\":\"Boutique\",\"item\":\"https:\\\/\\\/perle-in.com\\\/boutique\\\/\"},{\"@type\":\"ListItem\",\"position\":3,\"name\":\"Ensemble d&#8217;outils Spike 24\u00a0pi\u00e8ces en plastique recycl\u00e9 certifi\u00e9 RCS avec pochette en li\u00e8ge\"}]},{\"@type\":\"WebSite\",\"@id\":\"https:\\\/\\\/perle-in.com\\\/#website\",\"url\":\"https:\\\/\\\/perle-in.com\\\/\",\"name\":\"PERLE IN\",\"description\":\"\",\"publisher\":{\"@id\":\"https:\\\/\\\/perle-in.com\\\/#organization\"},\"potentialAction\":[{\"@type\":\"SearchAction\",\"target\":{\"@type\":\"EntryPoint\",\"urlTemplate\":\"https:\\\/\\\/perle-in.com\\\/?s={search_term_string}\"},\"query-input\":{\"@type\":\"PropertyValueSpecification\",\"valueRequired\":true,\"valueName\":\"search_term_string\"}}],\"inLanguage\":\"en-CA\"},{\"@type\":\"Organization\",\"@id\":\"https:\\\/\\\/perle-in.com\\\/#organization\",\"name\":\"PERLE IN\",\"url\":\"https:\\\/\\\/perle-in.com\\\/\",\"logo\":{\"@type\":\"ImageObject\",\"inLanguage\":\"en-CA\",\"@id\":\"https:\\\/\\\/perle-in.com\\\/#\\\/schema\\\/logo\\\/image\\\/\",\"url\":\"https:\\\/\\\/perle-in.com\\\/wp-content\\\/uploads\\\/2022\\\/12\\\/LOGO-PERLE-IN-COULEUR@3x.webp\",\"contentUrl\":\"https:\\\/\\\/perle-in.com\\\/wp-content\\\/uploads\\\/2022\\\/12\\\/LOGO-PERLE-IN-COULEUR@3x.webp\",\"width\":1600,\"height\":490,\"caption\":\"PERLE IN\"},\"image\":{\"@id\":\"https:\\\/\\\/perle-in.com\\\/#\\\/schema\\\/logo\\\/image\\\/\"}}]}<\/script>\n<!-- \/ Yoast SEO plugin. -->","yoast_head_json":{"title":"Ensemble d'outils Spike 24\u00a0pi\u00e8ces en plastique recycl\u00e9 certifi\u00e9 RCS avec pochette en li\u00e8ge - PERLE IN","robots":{"index":"noindex","follow":"follow","max-snippet":"max-snippet:-1","max-image-preview":"max-image-preview:large","max-video-preview":"max-video-preview:-1"},"og_locale":"en_US","og_type":"article","og_title":"Ensemble d'outils Spike 24\u00a0pi\u00e8ces en plastique recycl\u00e9 certifi\u00e9 RCS avec pochette en li\u00e8ge - PERLE IN","og_description":"Le kit d'outils Spike allie la praticit\u00e9, la durabilit\u00e9 et le d\u00e9veloppement durable dans un seul et m\u00eame ensemble. Sa pochette de rangement en li\u00e8ge est non seulement attrayante sur le plan visuel, mais aussi respectueuse de l'environnement, sans compromis sur la qualit\u00e9 ou les performances. \u00c0 l'int\u00e9rieur de la pochette, vous trouverez un ensemble de 24\u00a0outils essentiels fabriqu\u00e9s en acier au carbone et en plastique recycl\u00e9 certifi\u00e9 RCS\u00a0: 1\u00a0couteau pour des coupes nettes et des d\u00e9coupes pr\u00e9cises, 6\u00a0tournevis de pr\u00e9cision pour les t\u00e2ches d\u00e9licates, 10\u00a0embouts de vissage, 1\u00a0manche de tournevis \u00e0 prise confortable, 1\u00a0barre d'extension pour les zones difficiles d'acc\u00e8s, 4\u00a0douilles pour diverses applications et 1\u00a0pince \u00e0 long bec pour saisir et plier. Le li\u00e8ge \u00e9tant un produit naturel, la couleur et la taille peuvent l\u00e9g\u00e8rement varier selon l'article, ce qui peut avoir un impact sur l'aspect final du produit. Emball\u00e9 dans un coffret cadeau STAC provenant de sources durables.","og_url":"https:\/\/perle-in.com\/en\/product\/ensemble-doutils-spike-24-pieces-en-plastique-recycle-certifie-rcs-avec-pochette-en-liege\/","og_site_name":"PERLE IN","article_modified_time":"2025-10-19T03:47:21+00:00","og_image":[{"width":1600,"height":1600,"url":"https:\/\/perle-in.com\/wp-content\/uploads\/2025\/10\/10457906-1.jpg","type":"image\/jpeg"}],"twitter_card":"summary_large_image","schema":{"@context":"https:\/\/schema.org","@graph":[{"@type":"WebPage","@id":"https:\/\/perle-in.com\/produit\/ensemble-doutils-spike-24-pieces-en-plastique-recycle-certifie-rcs-avec-pochette-en-liege\/","url":"https:\/\/perle-in.com\/produit\/ensemble-doutils-spike-24-pieces-en-plastique-recycle-certifie-rcs-avec-pochette-en-liege\/","name":"Ensemble d'outils Spike 24\u00a0pi\u00e8ces en plastique recycl\u00e9 certifi\u00e9 RCS avec pochette en li\u00e8ge - PERLE IN","isPartOf":{"@id":"https:\/\/perle-in.com\/#website"},"primaryImageOfPage":{"@id":"https:\/\/perle-in.com\/produit\/ensemble-doutils-spike-24-pieces-en-plastique-recycle-certifie-rcs-avec-pochette-en-liege\/#primaryimage"},"image":{"@id":"https:\/\/perle-in.com\/produit\/ensemble-doutils-spike-24-pieces-en-plastique-recycle-certifie-rcs-avec-pochette-en-liege\/#primaryimage"},"thumbnailUrl":"https:\/\/perle-in.com\/wp-content\/uploads\/2025\/10\/10457906-1.jpg","datePublished":"2025-10-15T00:08:34+00:00","dateModified":"2025-10-19T03:47:21+00:00","breadcrumb":{"@id":"https:\/\/perle-in.com\/produit\/ensemble-doutils-spike-24-pieces-en-plastique-recycle-certifie-rcs-avec-pochette-en-liege\/#breadcrumb"},"inLanguage":"en-CA","potentialAction":[{"@type":"ReadAction","target":["https:\/\/perle-in.com\/produit\/ensemble-doutils-spike-24-pieces-en-plastique-recycle-certifie-rcs-avec-pochette-en-liege\/"]}]},{"@type":"ImageObject","inLanguage":"en-CA","@id":"https:\/\/perle-in.com\/produit\/ensemble-doutils-spike-24-pieces-en-plastique-recycle-certifie-rcs-avec-pochette-en-liege\/#primaryimage","url":"https:\/\/perle-in.com\/wp-content\/uploads\/2025\/10\/10457906-1.jpg","contentUrl":"https:\/\/perle-in.com\/wp-content\/uploads\/2025\/10\/10457906-1.jpg","width":1600,"height":1600},{"@type":"BreadcrumbList","@id":"https:\/\/perle-in.com\/produit\/ensemble-doutils-spike-24-pieces-en-plastique-recycle-certifie-rcs-avec-pochette-en-liege\/#breadcrumb","itemListElement":[{"@type":"ListItem","position":1,"name":"Accueil","item":"https:\/\/perle-in.com\/"},{"@type":"ListItem","position":2,"name":"Boutique","item":"https:\/\/perle-in.com\/boutique\/"},{"@type":"ListItem","position":3,"name":"Ensemble d&#8217;outils Spike 24\u00a0pi\u00e8ces en plastique recycl\u00e9 certifi\u00e9 RCS avec pochette en li\u00e8ge"}]},{"@type":"WebSite","@id":"https:\/\/perle-in.com\/#website","url":"https:\/\/perle-in.com\/","name":"PERLE IN","description":"","publisher":{"@id":"https:\/\/perle-in.com\/#organization"},"potentialAction":[{"@type":"SearchAction","target":{"@type":"EntryPoint","urlTemplate":"https:\/\/perle-in.com\/?s={search_term_string}"},"query-input":{"@type":"PropertyValueSpecification","valueRequired":true,"valueName":"search_term_string"}}],"inLanguage":"en-CA"},{"@type":"Organization","@id":"https:\/\/perle-in.com\/#organization","name":"PERLE IN","url":"https:\/\/perle-in.com\/","logo":{"@type":"ImageObject","inLanguage":"en-CA","@id":"https:\/\/perle-in.com\/#\/schema\/logo\/image\/","url":"https:\/\/perle-in.com\/wp-content\/uploads\/2022\/12\/LOGO-PERLE-IN-COULEUR@3x.webp","contentUrl":"https:\/\/perle-in.com\/wp-content\/uploads\/2022\/12\/LOGO-PERLE-IN-COULEUR@3x.webp","width":1600,"height":490,"caption":"PERLE IN"},"image":{"@id":"https:\/\/perle-in.com\/#\/schema\/logo\/image\/"}}]}},"jetpack_sharing_enabled":true,"_links":{"self":[{"href":"https:\/\/perle-in.com\/en\/wp-json\/wp\/v2\/product\/539630","targetHints":{"allow":["GET"]}}],"collection":[{"href":"https:\/\/perle-in.com\/en\/wp-json\/wp\/v2\/product"}],"about":[{"href":"https:\/\/perle-in.com\/en\/wp-json\/wp\/v2\/types\/product"}],"version-history":[{"count":0,"href":"https:\/\/perle-in.com\/en\/wp-json\/wp\/v2\/product\/539630\/revisions"}],"wp:featuredmedia":[{"embeddable":true,"href":"https:\/\/perle-in.com\/en\/wp-json\/wp\/v2\/media\/539622"}],"wp:attachment":[{"href":"https:\/\/perle-in.com\/en\/wp-json\/wp\/v2\/media?parent=539630"}],"wp:term":[{"taxonomy":"product_brand","embeddable":true,"href":"https:\/\/perle-in.com\/en\/wp-json\/wp\/v2\/product_brand?post=539630"},{"taxonomy":"product_cat","embeddable":true,"href":"https:\/\/perle-in.com\/en\/wp-json\/wp\/v2\/product_cat?post=539630"},{"taxonomy":"product_tag","embeddable":true,"href":"https:\/\/perle-in.com\/en\/wp-json\/wp\/v2\/product_tag?post=539630"}],"curies":[{"name":"wp","href":"https:\/\/api.w.org\/{rel}","templated":true}]}}