{"id":539620,"date":"2025-10-15T02:08:07","date_gmt":"2025-10-15T00:08:07","guid":{"rendered":"https:\/\/perle-in.com\/produit\/ensemble-doutils-rivet-19-pieces-en-bambou-plastique-recycle\/"},"modified":"2025-10-19T05:47:20","modified_gmt":"2025-10-19T03:47:20","slug":"ensemble-doutils-rivet-19-pieces-en-bambou-plastique-recycle","status":"publish","type":"product","link":"https:\/\/perle-in.com\/en\/product\/ensemble-doutils-rivet-19-pieces-en-bambou-plastique-recycle\/","title":{"rendered":"Ensemble d&#8217;outils Rivet 19\u00a0pi\u00e8ces en bambou\/plastique recycl\u00e9"},"content":{"rendered":"","protected":false},"excerpt":{"rendered":"<p>Faites l&#8217;exp\u00e9rience d&#8217;un m\u00e9lange parfait de durabilit\u00e9 et de fonctionnalit\u00e9 avec le  kit d&#8217;outils Rivet. Cette bo\u00eete \u00e0 outils au design soign\u00e9 est non seulement attrayante sur le plan visuel, mais aussi respectueuse de l&#8217;environnement, sans compromis sur la qualit\u00e9 ou les performances. La r\u00e9sistance et la durabilit\u00e9 naturelles du bambou garantissent la protection de vos outils pour les ann\u00e9es \u00e0 venir. \u00c0 l&#8217;int\u00e9rieur de la mallette, vous trouverez un ensemble de 19\u00a0outils essentiels fabriqu\u00e9s \u00e0 partir d&#8217;acier au carbone et de plastique recycl\u00e9\u00a0: 1\u00a0long manche \u00e0 articulation, 4\u00a0douilles de haute qualit\u00e9 pour diverses applications, 1\u00a0barre d&#8217;extension pour les zones difficiles d&#8217;acc\u00e8s, 10\u00a0embouts de tournevis de pr\u00e9cision pour toutes les t\u00e2ches, et 3\u00a0cl\u00e9s hexagonales pour l&#8217;assemblage de meubles. Que vous soyez bricoleur ou professionnel, ces outils sont con\u00e7us pour \u00eatre fiables et r\u00e9sister \u00e0 une utilisation rigoureuse. Le bambou \u00e9tant un produit naturel, la couleur et la taille peuvent l\u00e9g\u00e8rement varier selon l&#8217;article, ce qui peut avoir un impact sur l&#8217;aspect final du produit. Emball\u00e9 dans un coffret cadeau STAC provenant de sources durables.<\/p>","protected":false},"featured_media":539613,"template":"","meta":{"_eb_attr":""},"product_brand":[],"product_cat":[438,531],"product_tag":[1128,3343,837,1573,717,454,2892,3312],"class_list":{"0":"post-539620","1":"product","2":"type-product","3":"status-publish","4":"has-post-thumbnail","6":"product_cat-outils-et-accessoires-pour-la-voiture","7":"product_cat-sets-doutils","8":"product_tag-bambou","9":"product_tag-cles-hexagonales","10":"product_tag-durable","11":"product_tag-ensemble","12":"product_tag-kit","13":"product_tag-outils","14":"product_tag-stac","15":"product_tag-tournevis","16":"pa_couleurs-naturel","17":"pa_marque-stac","18":"pa_matiere-bambou-plastique-pp-recycle-acier-au-carbone","20":"first","21":"instock","22":"sale","23":"shipping-taxable","24":"purchasable","25":"product-type-variable"},"yoast_head":"<!-- This site is optimized with the Yoast SEO plugin v27.4 - https:\/\/yoast.com\/product\/yoast-seo-wordpress\/ -->\n<title>Ensemble d&#039;outils Rivet 19\u00a0pi\u00e8ces en bambou\/plastique recycl\u00e9 - PERLE IN<\/title>\n<meta name=\"robots\" content=\"noindex, follow, max-snippet:-1, max-image-preview:large, max-video-preview:-1\" \/>\n<meta property=\"og:locale\" content=\"en_US\" \/>\n<meta property=\"og:type\" content=\"article\" \/>\n<meta property=\"og:title\" content=\"Ensemble d&#039;outils Rivet 19\u00a0pi\u00e8ces en bambou\/plastique recycl\u00e9 - PERLE IN\" \/>\n<meta property=\"og:description\" content=\"Faites l&#039;exp\u00e9rience d&#039;un m\u00e9lange parfait de durabilit\u00e9 et de fonctionnalit\u00e9 avec le kit d&#039;outils Rivet. Cette bo\u00eete \u00e0 outils au design soign\u00e9 est non seulement attrayante sur le plan visuel, mais aussi respectueuse de l&#039;environnement, sans compromis sur la qualit\u00e9 ou les performances. La r\u00e9sistance et la durabilit\u00e9 naturelles du bambou garantissent la protection de vos outils pour les ann\u00e9es \u00e0 venir. \u00c0 l&#039;int\u00e9rieur de la mallette, vous trouverez un ensemble de 19\u00a0outils essentiels fabriqu\u00e9s \u00e0 partir d&#039;acier au carbone et de plastique recycl\u00e9\u00a0: 1\u00a0long manche \u00e0 articulation, 4\u00a0douilles de haute qualit\u00e9 pour diverses applications, 1\u00a0barre d&#039;extension pour les zones difficiles d&#039;acc\u00e8s, 10\u00a0embouts de tournevis de pr\u00e9cision pour toutes les t\u00e2ches, et 3\u00a0cl\u00e9s hexagonales pour l&#039;assemblage de meubles. Que vous soyez bricoleur ou professionnel, ces outils sont con\u00e7us pour \u00eatre fiables et r\u00e9sister \u00e0 une utilisation rigoureuse. Le bambou \u00e9tant un produit naturel, la couleur et la taille peuvent l\u00e9g\u00e8rement varier selon l&#039;article, ce qui peut avoir un impact sur l&#039;aspect final du produit. Emball\u00e9 dans un coffret cadeau STAC provenant de sources durables.\" \/>\n<meta property=\"og:url\" content=\"https:\/\/perle-in.com\/en\/product\/ensemble-doutils-rivet-19-pieces-en-bambou-plastique-recycle\/\" \/>\n<meta property=\"og:site_name\" content=\"PERLE IN\" \/>\n<meta property=\"article:modified_time\" content=\"2025-10-19T03:47:20+00:00\" \/>\n<meta property=\"og:image\" content=\"https:\/\/perle-in.com\/wp-content\/uploads\/2025\/10\/10457806-1.jpg\" \/>\n\t<meta property=\"og:image:width\" content=\"1600\" \/>\n\t<meta property=\"og:image:height\" content=\"1600\" \/>\n\t<meta property=\"og:image:type\" content=\"image\/jpeg\" \/>\n<meta name=\"twitter:card\" content=\"summary_large_image\" \/>\n<script type=\"application\/ld+json\" class=\"yoast-schema-graph\">{\"@context\":\"https:\\\/\\\/schema.org\",\"@graph\":[{\"@type\":\"WebPage\",\"@id\":\"https:\\\/\\\/perle-in.com\\\/produit\\\/ensemble-doutils-rivet-19-pieces-en-bambou-plastique-recycle\\\/\",\"url\":\"https:\\\/\\\/perle-in.com\\\/produit\\\/ensemble-doutils-rivet-19-pieces-en-bambou-plastique-recycle\\\/\",\"name\":\"Ensemble d'outils Rivet 19\u00a0pi\u00e8ces en bambou\\\/plastique recycl\u00e9 - PERLE IN\",\"isPartOf\":{\"@id\":\"https:\\\/\\\/perle-in.com\\\/#website\"},\"primaryImageOfPage\":{\"@id\":\"https:\\\/\\\/perle-in.com\\\/produit\\\/ensemble-doutils-rivet-19-pieces-en-bambou-plastique-recycle\\\/#primaryimage\"},\"image\":{\"@id\":\"https:\\\/\\\/perle-in.com\\\/produit\\\/ensemble-doutils-rivet-19-pieces-en-bambou-plastique-recycle\\\/#primaryimage\"},\"thumbnailUrl\":\"https:\\\/\\\/perle-in.com\\\/wp-content\\\/uploads\\\/2025\\\/10\\\/10457806-1.jpg\",\"datePublished\":\"2025-10-15T00:08:07+00:00\",\"dateModified\":\"2025-10-19T03:47:20+00:00\",\"breadcrumb\":{\"@id\":\"https:\\\/\\\/perle-in.com\\\/produit\\\/ensemble-doutils-rivet-19-pieces-en-bambou-plastique-recycle\\\/#breadcrumb\"},\"inLanguage\":\"en-CA\",\"potentialAction\":[{\"@type\":\"ReadAction\",\"target\":[\"https:\\\/\\\/perle-in.com\\\/produit\\\/ensemble-doutils-rivet-19-pieces-en-bambou-plastique-recycle\\\/\"]}]},{\"@type\":\"ImageObject\",\"inLanguage\":\"en-CA\",\"@id\":\"https:\\\/\\\/perle-in.com\\\/produit\\\/ensemble-doutils-rivet-19-pieces-en-bambou-plastique-recycle\\\/#primaryimage\",\"url\":\"https:\\\/\\\/perle-in.com\\\/wp-content\\\/uploads\\\/2025\\\/10\\\/10457806-1.jpg\",\"contentUrl\":\"https:\\\/\\\/perle-in.com\\\/wp-content\\\/uploads\\\/2025\\\/10\\\/10457806-1.jpg\",\"width\":1600,\"height\":1600},{\"@type\":\"BreadcrumbList\",\"@id\":\"https:\\\/\\\/perle-in.com\\\/produit\\\/ensemble-doutils-rivet-19-pieces-en-bambou-plastique-recycle\\\/#breadcrumb\",\"itemListElement\":[{\"@type\":\"ListItem\",\"position\":1,\"name\":\"Accueil\",\"item\":\"https:\\\/\\\/perle-in.com\\\/\"},{\"@type\":\"ListItem\",\"position\":2,\"name\":\"Boutique\",\"item\":\"https:\\\/\\\/perle-in.com\\\/boutique\\\/\"},{\"@type\":\"ListItem\",\"position\":3,\"name\":\"Ensemble d&#8217;outils Rivet 19\u00a0pi\u00e8ces en bambou\\\/plastique recycl\u00e9\"}]},{\"@type\":\"WebSite\",\"@id\":\"https:\\\/\\\/perle-in.com\\\/#website\",\"url\":\"https:\\\/\\\/perle-in.com\\\/\",\"name\":\"PERLE IN\",\"description\":\"\",\"publisher\":{\"@id\":\"https:\\\/\\\/perle-in.com\\\/#organization\"},\"potentialAction\":[{\"@type\":\"SearchAction\",\"target\":{\"@type\":\"EntryPoint\",\"urlTemplate\":\"https:\\\/\\\/perle-in.com\\\/?s={search_term_string}\"},\"query-input\":{\"@type\":\"PropertyValueSpecification\",\"valueRequired\":true,\"valueName\":\"search_term_string\"}}],\"inLanguage\":\"en-CA\"},{\"@type\":\"Organization\",\"@id\":\"https:\\\/\\\/perle-in.com\\\/#organization\",\"name\":\"PERLE IN\",\"url\":\"https:\\\/\\\/perle-in.com\\\/\",\"logo\":{\"@type\":\"ImageObject\",\"inLanguage\":\"en-CA\",\"@id\":\"https:\\\/\\\/perle-in.com\\\/#\\\/schema\\\/logo\\\/image\\\/\",\"url\":\"https:\\\/\\\/perle-in.com\\\/wp-content\\\/uploads\\\/2022\\\/12\\\/LOGO-PERLE-IN-COULEUR@3x.webp\",\"contentUrl\":\"https:\\\/\\\/perle-in.com\\\/wp-content\\\/uploads\\\/2022\\\/12\\\/LOGO-PERLE-IN-COULEUR@3x.webp\",\"width\":1600,\"height\":490,\"caption\":\"PERLE IN\"},\"image\":{\"@id\":\"https:\\\/\\\/perle-in.com\\\/#\\\/schema\\\/logo\\\/image\\\/\"}}]}<\/script>\n<!-- \/ Yoast SEO plugin. -->","yoast_head_json":{"title":"Ensemble d'outils Rivet 19\u00a0pi\u00e8ces en bambou\/plastique recycl\u00e9 - PERLE IN","robots":{"index":"noindex","follow":"follow","max-snippet":"max-snippet:-1","max-image-preview":"max-image-preview:large","max-video-preview":"max-video-preview:-1"},"og_locale":"en_US","og_type":"article","og_title":"Ensemble d'outils Rivet 19\u00a0pi\u00e8ces en bambou\/plastique recycl\u00e9 - PERLE IN","og_description":"Faites l'exp\u00e9rience d'un m\u00e9lange parfait de durabilit\u00e9 et de fonctionnalit\u00e9 avec le kit d'outils Rivet. Cette bo\u00eete \u00e0 outils au design soign\u00e9 est non seulement attrayante sur le plan visuel, mais aussi respectueuse de l'environnement, sans compromis sur la qualit\u00e9 ou les performances. La r\u00e9sistance et la durabilit\u00e9 naturelles du bambou garantissent la protection de vos outils pour les ann\u00e9es \u00e0 venir. \u00c0 l'int\u00e9rieur de la mallette, vous trouverez un ensemble de 19\u00a0outils essentiels fabriqu\u00e9s \u00e0 partir d'acier au carbone et de plastique recycl\u00e9\u00a0: 1\u00a0long manche \u00e0 articulation, 4\u00a0douilles de haute qualit\u00e9 pour diverses applications, 1\u00a0barre d'extension pour les zones difficiles d'acc\u00e8s, 10\u00a0embouts de tournevis de pr\u00e9cision pour toutes les t\u00e2ches, et 3\u00a0cl\u00e9s hexagonales pour l'assemblage de meubles. Que vous soyez bricoleur ou professionnel, ces outils sont con\u00e7us pour \u00eatre fiables et r\u00e9sister \u00e0 une utilisation rigoureuse. Le bambou \u00e9tant un produit naturel, la couleur et la taille peuvent l\u00e9g\u00e8rement varier selon l'article, ce qui peut avoir un impact sur l'aspect final du produit. Emball\u00e9 dans un coffret cadeau STAC provenant de sources durables.","og_url":"https:\/\/perle-in.com\/en\/product\/ensemble-doutils-rivet-19-pieces-en-bambou-plastique-recycle\/","og_site_name":"PERLE IN","article_modified_time":"2025-10-19T03:47:20+00:00","og_image":[{"width":1600,"height":1600,"url":"https:\/\/perle-in.com\/wp-content\/uploads\/2025\/10\/10457806-1.jpg","type":"image\/jpeg"}],"twitter_card":"summary_large_image","schema":{"@context":"https:\/\/schema.org","@graph":[{"@type":"WebPage","@id":"https:\/\/perle-in.com\/produit\/ensemble-doutils-rivet-19-pieces-en-bambou-plastique-recycle\/","url":"https:\/\/perle-in.com\/produit\/ensemble-doutils-rivet-19-pieces-en-bambou-plastique-recycle\/","name":"Ensemble d'outils Rivet 19\u00a0pi\u00e8ces en bambou\/plastique recycl\u00e9 - PERLE IN","isPartOf":{"@id":"https:\/\/perle-in.com\/#website"},"primaryImageOfPage":{"@id":"https:\/\/perle-in.com\/produit\/ensemble-doutils-rivet-19-pieces-en-bambou-plastique-recycle\/#primaryimage"},"image":{"@id":"https:\/\/perle-in.com\/produit\/ensemble-doutils-rivet-19-pieces-en-bambou-plastique-recycle\/#primaryimage"},"thumbnailUrl":"https:\/\/perle-in.com\/wp-content\/uploads\/2025\/10\/10457806-1.jpg","datePublished":"2025-10-15T00:08:07+00:00","dateModified":"2025-10-19T03:47:20+00:00","breadcrumb":{"@id":"https:\/\/perle-in.com\/produit\/ensemble-doutils-rivet-19-pieces-en-bambou-plastique-recycle\/#breadcrumb"},"inLanguage":"en-CA","potentialAction":[{"@type":"ReadAction","target":["https:\/\/perle-in.com\/produit\/ensemble-doutils-rivet-19-pieces-en-bambou-plastique-recycle\/"]}]},{"@type":"ImageObject","inLanguage":"en-CA","@id":"https:\/\/perle-in.com\/produit\/ensemble-doutils-rivet-19-pieces-en-bambou-plastique-recycle\/#primaryimage","url":"https:\/\/perle-in.com\/wp-content\/uploads\/2025\/10\/10457806-1.jpg","contentUrl":"https:\/\/perle-in.com\/wp-content\/uploads\/2025\/10\/10457806-1.jpg","width":1600,"height":1600},{"@type":"BreadcrumbList","@id":"https:\/\/perle-in.com\/produit\/ensemble-doutils-rivet-19-pieces-en-bambou-plastique-recycle\/#breadcrumb","itemListElement":[{"@type":"ListItem","position":1,"name":"Accueil","item":"https:\/\/perle-in.com\/"},{"@type":"ListItem","position":2,"name":"Boutique","item":"https:\/\/perle-in.com\/boutique\/"},{"@type":"ListItem","position":3,"name":"Ensemble d&#8217;outils Rivet 19\u00a0pi\u00e8ces en bambou\/plastique recycl\u00e9"}]},{"@type":"WebSite","@id":"https:\/\/perle-in.com\/#website","url":"https:\/\/perle-in.com\/","name":"PERLE IN","description":"","publisher":{"@id":"https:\/\/perle-in.com\/#organization"},"potentialAction":[{"@type":"SearchAction","target":{"@type":"EntryPoint","urlTemplate":"https:\/\/perle-in.com\/?s={search_term_string}"},"query-input":{"@type":"PropertyValueSpecification","valueRequired":true,"valueName":"search_term_string"}}],"inLanguage":"en-CA"},{"@type":"Organization","@id":"https:\/\/perle-in.com\/#organization","name":"PERLE IN","url":"https:\/\/perle-in.com\/","logo":{"@type":"ImageObject","inLanguage":"en-CA","@id":"https:\/\/perle-in.com\/#\/schema\/logo\/image\/","url":"https:\/\/perle-in.com\/wp-content\/uploads\/2022\/12\/LOGO-PERLE-IN-COULEUR@3x.webp","contentUrl":"https:\/\/perle-in.com\/wp-content\/uploads\/2022\/12\/LOGO-PERLE-IN-COULEUR@3x.webp","width":1600,"height":490,"caption":"PERLE IN"},"image":{"@id":"https:\/\/perle-in.com\/#\/schema\/logo\/image\/"}}]}},"jetpack_sharing_enabled":true,"_links":{"self":[{"href":"https:\/\/perle-in.com\/en\/wp-json\/wp\/v2\/product\/539620","targetHints":{"allow":["GET"]}}],"collection":[{"href":"https:\/\/perle-in.com\/en\/wp-json\/wp\/v2\/product"}],"about":[{"href":"https:\/\/perle-in.com\/en\/wp-json\/wp\/v2\/types\/product"}],"version-history":[{"count":0,"href":"https:\/\/perle-in.com\/en\/wp-json\/wp\/v2\/product\/539620\/revisions"}],"wp:featuredmedia":[{"embeddable":true,"href":"https:\/\/perle-in.com\/en\/wp-json\/wp\/v2\/media\/539613"}],"wp:attachment":[{"href":"https:\/\/perle-in.com\/en\/wp-json\/wp\/v2\/media?parent=539620"}],"wp:term":[{"taxonomy":"product_brand","embeddable":true,"href":"https:\/\/perle-in.com\/en\/wp-json\/wp\/v2\/product_brand?post=539620"},{"taxonomy":"product_cat","embeddable":true,"href":"https:\/\/perle-in.com\/en\/wp-json\/wp\/v2\/product_cat?post=539620"},{"taxonomy":"product_tag","embeddable":true,"href":"https:\/\/perle-in.com\/en\/wp-json\/wp\/v2\/product_tag?post=539620"}],"curies":[{"name":"wp","href":"https:\/\/api.w.org\/{rel}","templated":true}]}}