{"id":539547,"date":"2025-10-15T02:04:36","date_gmt":"2025-10-15T00:04:36","guid":{"rendered":"https:\/\/perle-in.com\/produit\/ouvre-bouteille-et-canette-tao-en-aluminium-recycle-certifie-rcs-avec-porte-cles\/"},"modified":"2025-10-19T05:47:09","modified_gmt":"2025-10-19T03:47:09","slug":"ouvre-bouteille-et-canette-tao-en-aluminium-recycle-certifie-rcs-avec-porte-cles","status":"publish","type":"product","link":"https:\/\/perle-in.com\/en\/product\/ouvre-bouteille-et-canette-tao-en-aluminium-recycle-certifie-rcs-avec-porte-cles\/","title":{"rendered":"Ouvre-bouteille et canette Tao en aluminium recycl\u00e9 certifi\u00e9 RCS avec porte-cl\u00e9s"},"content":{"rendered":"","protected":false},"excerpt":{"rendered":"<p>L&#8217;ouvre-bouteille et ouvre-bo\u00eete Tao l\u00e9ger et robuste avec porte-cl\u00e9s est fabriqu\u00e9 en aluminium recycl\u00e9 certifi\u00e9 RCS \u00e0 83\u00a0%. La norme RCS (Recycled Claim Standard) v\u00e9rifie le contenu recycl\u00e9 d&#8217;un produit tout au long de la cha\u00eene d&#8217;approvisionnement. Disponible dans une vari\u00e9t\u00e9 de couleurs vives avec une finition m\u00e9tallique, ce qui permet \u00e0 un logo imprim\u00e9 de bien ressortir.<\/p>","protected":false},"featured_media":539536,"template":"","meta":{"_eb_attr":""},"product_brand":[],"product_cat":[400,409],"product_tag":[837,3339,1739,1949,1021,2884,836],"class_list":{"0":"post-539547","1":"product","2":"type-product","3":"status-publish","4":"has-post-thumbnail","6":"product_cat-accessoires","7":"product_cat-porte-cls","8":"product_tag-durable","9":"product_tag-ouvre-boite","10":"product_tag-ouvre-bouteille","11":"product_tag-porte-cle","12":"product_tag-porte-cles","13":"product_tag-rcs","14":"product_tag-recycle","15":"pa_couleurs-argent","16":"pa_couleurs-bleu-royal","17":"pa_couleurs-noir","18":"pa_couleurs-rouge","19":"pa_couleurs-vert","20":"pa_green-points-2910","21":"pa_matiere-aluminium-recycle","23":"first","24":"instock","25":"shipping-taxable","26":"purchasable","27":"product-type-variable"},"yoast_head":"<!-- This site is optimized with the Yoast SEO plugin v27.4 - https:\/\/yoast.com\/product\/yoast-seo-wordpress\/ -->\n<title>Ouvre-bouteille et canette Tao en aluminium recycl\u00e9 certifi\u00e9 RCS avec porte-cl\u00e9s - PERLE IN<\/title>\n<meta name=\"robots\" content=\"noindex, follow, max-snippet:-1, max-image-preview:large, max-video-preview:-1\" \/>\n<meta property=\"og:locale\" content=\"en_US\" \/>\n<meta property=\"og:type\" content=\"article\" \/>\n<meta property=\"og:title\" content=\"Ouvre-bouteille et canette Tao en aluminium recycl\u00e9 certifi\u00e9 RCS avec porte-cl\u00e9s - PERLE IN\" \/>\n<meta property=\"og:description\" content=\"L&#039;ouvre-bouteille et ouvre-bo\u00eete Tao l\u00e9ger et robuste avec porte-cl\u00e9s est fabriqu\u00e9 en aluminium recycl\u00e9 certifi\u00e9 RCS \u00e0 83\u00a0%. La norme RCS (Recycled Claim Standard) v\u00e9rifie le contenu recycl\u00e9 d&#039;un produit tout au long de la cha\u00eene d&#039;approvisionnement. Disponible dans une vari\u00e9t\u00e9 de couleurs vives avec une finition m\u00e9tallique, ce qui permet \u00e0 un logo imprim\u00e9 de bien ressortir.\" \/>\n<meta property=\"og:url\" content=\"https:\/\/perle-in.com\/en\/product\/ouvre-bouteille-et-canette-tao-en-aluminium-recycle-certifie-rcs-avec-porte-cles\/\" \/>\n<meta property=\"og:site_name\" content=\"PERLE IN\" \/>\n<meta property=\"article:modified_time\" content=\"2025-10-19T03:47:09+00:00\" \/>\n<meta property=\"og:image\" content=\"https:\/\/perle-in.com\/wp-content\/uploads\/2025\/10\/10457121-1.jpg\" \/>\n\t<meta property=\"og:image:width\" content=\"1600\" \/>\n\t<meta property=\"og:image:height\" content=\"1600\" \/>\n\t<meta property=\"og:image:type\" content=\"image\/jpeg\" \/>\n<meta name=\"twitter:card\" content=\"summary_large_image\" \/>\n<script type=\"application\/ld+json\" class=\"yoast-schema-graph\">{\"@context\":\"https:\\\/\\\/schema.org\",\"@graph\":[{\"@type\":\"WebPage\",\"@id\":\"https:\\\/\\\/perle-in.com\\\/produit\\\/ouvre-bouteille-et-canette-tao-en-aluminium-recycle-certifie-rcs-avec-porte-cles\\\/\",\"url\":\"https:\\\/\\\/perle-in.com\\\/produit\\\/ouvre-bouteille-et-canette-tao-en-aluminium-recycle-certifie-rcs-avec-porte-cles\\\/\",\"name\":\"Ouvre-bouteille et canette Tao en aluminium recycl\u00e9 certifi\u00e9 RCS avec porte-cl\u00e9s - PERLE IN\",\"isPartOf\":{\"@id\":\"https:\\\/\\\/perle-in.com\\\/#website\"},\"primaryImageOfPage\":{\"@id\":\"https:\\\/\\\/perle-in.com\\\/produit\\\/ouvre-bouteille-et-canette-tao-en-aluminium-recycle-certifie-rcs-avec-porte-cles\\\/#primaryimage\"},\"image\":{\"@id\":\"https:\\\/\\\/perle-in.com\\\/produit\\\/ouvre-bouteille-et-canette-tao-en-aluminium-recycle-certifie-rcs-avec-porte-cles\\\/#primaryimage\"},\"thumbnailUrl\":\"https:\\\/\\\/perle-in.com\\\/wp-content\\\/uploads\\\/2025\\\/10\\\/10457121-1.jpg\",\"datePublished\":\"2025-10-15T00:04:36+00:00\",\"dateModified\":\"2025-10-19T03:47:09+00:00\",\"breadcrumb\":{\"@id\":\"https:\\\/\\\/perle-in.com\\\/produit\\\/ouvre-bouteille-et-canette-tao-en-aluminium-recycle-certifie-rcs-avec-porte-cles\\\/#breadcrumb\"},\"inLanguage\":\"en-CA\",\"potentialAction\":[{\"@type\":\"ReadAction\",\"target\":[\"https:\\\/\\\/perle-in.com\\\/produit\\\/ouvre-bouteille-et-canette-tao-en-aluminium-recycle-certifie-rcs-avec-porte-cles\\\/\"]}]},{\"@type\":\"ImageObject\",\"inLanguage\":\"en-CA\",\"@id\":\"https:\\\/\\\/perle-in.com\\\/produit\\\/ouvre-bouteille-et-canette-tao-en-aluminium-recycle-certifie-rcs-avec-porte-cles\\\/#primaryimage\",\"url\":\"https:\\\/\\\/perle-in.com\\\/wp-content\\\/uploads\\\/2025\\\/10\\\/10457121-1.jpg\",\"contentUrl\":\"https:\\\/\\\/perle-in.com\\\/wp-content\\\/uploads\\\/2025\\\/10\\\/10457121-1.jpg\",\"width\":1600,\"height\":1600},{\"@type\":\"BreadcrumbList\",\"@id\":\"https:\\\/\\\/perle-in.com\\\/produit\\\/ouvre-bouteille-et-canette-tao-en-aluminium-recycle-certifie-rcs-avec-porte-cles\\\/#breadcrumb\",\"itemListElement\":[{\"@type\":\"ListItem\",\"position\":1,\"name\":\"Accueil\",\"item\":\"https:\\\/\\\/perle-in.com\\\/\"},{\"@type\":\"ListItem\",\"position\":2,\"name\":\"Boutique\",\"item\":\"https:\\\/\\\/perle-in.com\\\/boutique\\\/\"},{\"@type\":\"ListItem\",\"position\":3,\"name\":\"Ouvre-bouteille et canette Tao en aluminium recycl\u00e9 certifi\u00e9 RCS avec porte-cl\u00e9s\"}]},{\"@type\":\"WebSite\",\"@id\":\"https:\\\/\\\/perle-in.com\\\/#website\",\"url\":\"https:\\\/\\\/perle-in.com\\\/\",\"name\":\"PERLE IN\",\"description\":\"\",\"publisher\":{\"@id\":\"https:\\\/\\\/perle-in.com\\\/#organization\"},\"potentialAction\":[{\"@type\":\"SearchAction\",\"target\":{\"@type\":\"EntryPoint\",\"urlTemplate\":\"https:\\\/\\\/perle-in.com\\\/?s={search_term_string}\"},\"query-input\":{\"@type\":\"PropertyValueSpecification\",\"valueRequired\":true,\"valueName\":\"search_term_string\"}}],\"inLanguage\":\"en-CA\"},{\"@type\":\"Organization\",\"@id\":\"https:\\\/\\\/perle-in.com\\\/#organization\",\"name\":\"PERLE IN\",\"url\":\"https:\\\/\\\/perle-in.com\\\/\",\"logo\":{\"@type\":\"ImageObject\",\"inLanguage\":\"en-CA\",\"@id\":\"https:\\\/\\\/perle-in.com\\\/#\\\/schema\\\/logo\\\/image\\\/\",\"url\":\"https:\\\/\\\/perle-in.com\\\/wp-content\\\/uploads\\\/2022\\\/12\\\/LOGO-PERLE-IN-COULEUR@3x.webp\",\"contentUrl\":\"https:\\\/\\\/perle-in.com\\\/wp-content\\\/uploads\\\/2022\\\/12\\\/LOGO-PERLE-IN-COULEUR@3x.webp\",\"width\":1600,\"height\":490,\"caption\":\"PERLE IN\"},\"image\":{\"@id\":\"https:\\\/\\\/perle-in.com\\\/#\\\/schema\\\/logo\\\/image\\\/\"}}]}<\/script>\n<!-- \/ Yoast SEO plugin. -->","yoast_head_json":{"title":"Ouvre-bouteille et canette Tao en aluminium recycl\u00e9 certifi\u00e9 RCS avec porte-cl\u00e9s - PERLE IN","robots":{"index":"noindex","follow":"follow","max-snippet":"max-snippet:-1","max-image-preview":"max-image-preview:large","max-video-preview":"max-video-preview:-1"},"og_locale":"en_US","og_type":"article","og_title":"Ouvre-bouteille et canette Tao en aluminium recycl\u00e9 certifi\u00e9 RCS avec porte-cl\u00e9s - PERLE IN","og_description":"L'ouvre-bouteille et ouvre-bo\u00eete Tao l\u00e9ger et robuste avec porte-cl\u00e9s est fabriqu\u00e9 en aluminium recycl\u00e9 certifi\u00e9 RCS \u00e0 83\u00a0%. La norme RCS (Recycled Claim Standard) v\u00e9rifie le contenu recycl\u00e9 d'un produit tout au long de la cha\u00eene d'approvisionnement. Disponible dans une vari\u00e9t\u00e9 de couleurs vives avec une finition m\u00e9tallique, ce qui permet \u00e0 un logo imprim\u00e9 de bien ressortir.","og_url":"https:\/\/perle-in.com\/en\/product\/ouvre-bouteille-et-canette-tao-en-aluminium-recycle-certifie-rcs-avec-porte-cles\/","og_site_name":"PERLE IN","article_modified_time":"2025-10-19T03:47:09+00:00","og_image":[{"width":1600,"height":1600,"url":"https:\/\/perle-in.com\/wp-content\/uploads\/2025\/10\/10457121-1.jpg","type":"image\/jpeg"}],"twitter_card":"summary_large_image","schema":{"@context":"https:\/\/schema.org","@graph":[{"@type":"WebPage","@id":"https:\/\/perle-in.com\/produit\/ouvre-bouteille-et-canette-tao-en-aluminium-recycle-certifie-rcs-avec-porte-cles\/","url":"https:\/\/perle-in.com\/produit\/ouvre-bouteille-et-canette-tao-en-aluminium-recycle-certifie-rcs-avec-porte-cles\/","name":"Ouvre-bouteille et canette Tao en aluminium recycl\u00e9 certifi\u00e9 RCS avec porte-cl\u00e9s - PERLE IN","isPartOf":{"@id":"https:\/\/perle-in.com\/#website"},"primaryImageOfPage":{"@id":"https:\/\/perle-in.com\/produit\/ouvre-bouteille-et-canette-tao-en-aluminium-recycle-certifie-rcs-avec-porte-cles\/#primaryimage"},"image":{"@id":"https:\/\/perle-in.com\/produit\/ouvre-bouteille-et-canette-tao-en-aluminium-recycle-certifie-rcs-avec-porte-cles\/#primaryimage"},"thumbnailUrl":"https:\/\/perle-in.com\/wp-content\/uploads\/2025\/10\/10457121-1.jpg","datePublished":"2025-10-15T00:04:36+00:00","dateModified":"2025-10-19T03:47:09+00:00","breadcrumb":{"@id":"https:\/\/perle-in.com\/produit\/ouvre-bouteille-et-canette-tao-en-aluminium-recycle-certifie-rcs-avec-porte-cles\/#breadcrumb"},"inLanguage":"en-CA","potentialAction":[{"@type":"ReadAction","target":["https:\/\/perle-in.com\/produit\/ouvre-bouteille-et-canette-tao-en-aluminium-recycle-certifie-rcs-avec-porte-cles\/"]}]},{"@type":"ImageObject","inLanguage":"en-CA","@id":"https:\/\/perle-in.com\/produit\/ouvre-bouteille-et-canette-tao-en-aluminium-recycle-certifie-rcs-avec-porte-cles\/#primaryimage","url":"https:\/\/perle-in.com\/wp-content\/uploads\/2025\/10\/10457121-1.jpg","contentUrl":"https:\/\/perle-in.com\/wp-content\/uploads\/2025\/10\/10457121-1.jpg","width":1600,"height":1600},{"@type":"BreadcrumbList","@id":"https:\/\/perle-in.com\/produit\/ouvre-bouteille-et-canette-tao-en-aluminium-recycle-certifie-rcs-avec-porte-cles\/#breadcrumb","itemListElement":[{"@type":"ListItem","position":1,"name":"Accueil","item":"https:\/\/perle-in.com\/"},{"@type":"ListItem","position":2,"name":"Boutique","item":"https:\/\/perle-in.com\/boutique\/"},{"@type":"ListItem","position":3,"name":"Ouvre-bouteille et canette Tao en aluminium recycl\u00e9 certifi\u00e9 RCS avec porte-cl\u00e9s"}]},{"@type":"WebSite","@id":"https:\/\/perle-in.com\/#website","url":"https:\/\/perle-in.com\/","name":"PERLE IN","description":"","publisher":{"@id":"https:\/\/perle-in.com\/#organization"},"potentialAction":[{"@type":"SearchAction","target":{"@type":"EntryPoint","urlTemplate":"https:\/\/perle-in.com\/?s={search_term_string}"},"query-input":{"@type":"PropertyValueSpecification","valueRequired":true,"valueName":"search_term_string"}}],"inLanguage":"en-CA"},{"@type":"Organization","@id":"https:\/\/perle-in.com\/#organization","name":"PERLE IN","url":"https:\/\/perle-in.com\/","logo":{"@type":"ImageObject","inLanguage":"en-CA","@id":"https:\/\/perle-in.com\/#\/schema\/logo\/image\/","url":"https:\/\/perle-in.com\/wp-content\/uploads\/2022\/12\/LOGO-PERLE-IN-COULEUR@3x.webp","contentUrl":"https:\/\/perle-in.com\/wp-content\/uploads\/2022\/12\/LOGO-PERLE-IN-COULEUR@3x.webp","width":1600,"height":490,"caption":"PERLE IN"},"image":{"@id":"https:\/\/perle-in.com\/#\/schema\/logo\/image\/"}}]}},"jetpack_sharing_enabled":true,"_links":{"self":[{"href":"https:\/\/perle-in.com\/en\/wp-json\/wp\/v2\/product\/539547","targetHints":{"allow":["GET"]}}],"collection":[{"href":"https:\/\/perle-in.com\/en\/wp-json\/wp\/v2\/product"}],"about":[{"href":"https:\/\/perle-in.com\/en\/wp-json\/wp\/v2\/types\/product"}],"version-history":[{"count":0,"href":"https:\/\/perle-in.com\/en\/wp-json\/wp\/v2\/product\/539547\/revisions"}],"wp:featuredmedia":[{"embeddable":true,"href":"https:\/\/perle-in.com\/en\/wp-json\/wp\/v2\/media\/539536"}],"wp:attachment":[{"href":"https:\/\/perle-in.com\/en\/wp-json\/wp\/v2\/media?parent=539547"}],"wp:term":[{"taxonomy":"product_brand","embeddable":true,"href":"https:\/\/perle-in.com\/en\/wp-json\/wp\/v2\/product_brand?post=539547"},{"taxonomy":"product_cat","embeddable":true,"href":"https:\/\/perle-in.com\/en\/wp-json\/wp\/v2\/product_cat?post=539547"},{"taxonomy":"product_tag","embeddable":true,"href":"https:\/\/perle-in.com\/en\/wp-json\/wp\/v2\/product_tag?post=539547"}],"curies":[{"name":"wp","href":"https:\/\/api.w.org\/{rel}","templated":true}]}}