{"id":539517,"date":"2025-10-15T02:01:24","date_gmt":"2025-10-15T00:01:24","guid":{"rendered":"https:\/\/perle-in.com\/produit\/distributeur-de-savon-pour-les-mains-de-200-ml-et-ensemble-de-bougies-parfumees-de-150g-wellmark-discovery\/"},"modified":"2025-10-19T05:47:09","modified_gmt":"2025-10-19T03:47:09","slug":"distributeur-de-savon-pour-les-mains-de-200-ml-et-ensemble-de-bougies-parfumees-de-150g-wellmark-discovery","status":"publish","type":"product","link":"https:\/\/perle-in.com\/en\/product\/distributeur-de-savon-pour-les-mains-de-200-ml-et-ensemble-de-bougies-parfumees-de-150g-wellmark-discovery\/","title":{"rendered":"Distributeur de savon pour les mains de 200\u00a0ml et ensemble de bougies parfum\u00e9es de 150g Wellmark Discovery"},"content":{"rendered":"","protected":false},"excerpt":{"rendered":"<p>Ce bel ensemble se compose d&#8217;un distributeur de savon pour les mains et d&#8217;une bougie parfum\u00e9e avec un joli parfum de bambou. Le savon pour les mains est livr\u00e9 dans une bouteille en verre de 250\u00a0ml avec distributeur et est biod\u00e9gradable et exempt de parab\u00e8nes, d&#8217;huile de palme, de PEG, de SLS et de SLES. La bougie parfum\u00e9e (150\u00a0g) est fabriqu\u00e9e \u00e0 partir de cire de colza et br\u00fble compl\u00e8tement, ce qui rend le pot r\u00e9utilisable. Fabriqu\u00e9 aux Pays-Bas.<\/p>","protected":false},"featured_media":539510,"template":"","meta":{"_eb_attr":""},"product_brand":[],"product_cat":[1104,390],"product_tag":[3334,3335,1520,3338,3337,3326],"class_list":{"0":"post-539517","1":"product","2":"type-product","3":"status-publish","4":"has-post-thumbnail","6":"product_cat-hygiene-personnelle","7":"product_cat-sant-et-hygine-personnelle","8":"product_tag-bougie","9":"product_tag-bougies","10":"product_tag-coffret-cadeau","11":"product_tag-parfume","12":"product_tag-savon-pour-les-mains","13":"product_tag-wellmark","14":"pa_couleurs-ambre-chine","15":"pa_marque-wellmark","16":"pa_pays-d-origine-pays-bas","18":"first","19":"instock","20":"shipping-taxable","21":"purchasable","22":"product-type-variable"},"yoast_head":"<!-- This site is optimized with the Yoast SEO plugin v27.4 - https:\/\/yoast.com\/product\/yoast-seo-wordpress\/ -->\n<title>Distributeur de savon pour les mains de 200\u00a0ml et ensemble de bougies parfum\u00e9es de 150g Wellmark Discovery - PERLE IN<\/title>\n<meta name=\"robots\" content=\"noindex, follow, max-snippet:-1, max-image-preview:large, max-video-preview:-1\" \/>\n<meta property=\"og:locale\" content=\"en_US\" \/>\n<meta property=\"og:type\" content=\"article\" \/>\n<meta property=\"og:title\" content=\"Distributeur de savon pour les mains de 200\u00a0ml et ensemble de bougies parfum\u00e9es de 150g Wellmark Discovery - PERLE IN\" \/>\n<meta property=\"og:description\" content=\"Ce bel ensemble se compose d&#039;un distributeur de savon pour les mains et d&#039;une bougie parfum\u00e9e avec un joli parfum de bambou. Le savon pour les mains est livr\u00e9 dans une bouteille en verre de 250\u00a0ml avec distributeur et est biod\u00e9gradable et exempt de parab\u00e8nes, d&#039;huile de palme, de PEG, de SLS et de SLES. La bougie parfum\u00e9e (150\u00a0g) est fabriqu\u00e9e \u00e0 partir de cire de colza et br\u00fble compl\u00e8tement, ce qui rend le pot r\u00e9utilisable. Fabriqu\u00e9 aux Pays-Bas.\" \/>\n<meta property=\"og:url\" content=\"https:\/\/perle-in.com\/en\/product\/distributeur-de-savon-pour-les-mains-de-200-ml-et-ensemble-de-bougies-parfumees-de-150g-wellmark-discovery\/\" \/>\n<meta property=\"og:site_name\" content=\"PERLE IN\" \/>\n<meta property=\"article:modified_time\" content=\"2025-10-19T03:47:09+00:00\" \/>\n<meta property=\"og:image\" content=\"https:\/\/perle-in.com\/wp-content\/uploads\/2025\/10\/12630811-1.jpg\" \/>\n\t<meta property=\"og:image:width\" content=\"1600\" \/>\n\t<meta property=\"og:image:height\" content=\"1600\" \/>\n\t<meta property=\"og:image:type\" content=\"image\/jpeg\" \/>\n<meta name=\"twitter:card\" content=\"summary_large_image\" \/>\n<script type=\"application\/ld+json\" class=\"yoast-schema-graph\">{\"@context\":\"https:\\\/\\\/schema.org\",\"@graph\":[{\"@type\":\"WebPage\",\"@id\":\"https:\\\/\\\/perle-in.com\\\/en\\\/product\\\/distributeur-de-savon-pour-les-mains-de-200-ml-et-ensemble-de-bougies-parfumees-de-150g-wellmark-discovery\\\/\",\"url\":\"https:\\\/\\\/perle-in.com\\\/en\\\/product\\\/distributeur-de-savon-pour-les-mains-de-200-ml-et-ensemble-de-bougies-parfumees-de-150g-wellmark-discovery\\\/\",\"name\":\"Distributeur de savon pour les mains de 200\u00a0ml et ensemble de bougies parfum\u00e9es de 150g Wellmark Discovery - PERLE IN\",\"isPartOf\":{\"@id\":\"https:\\\/\\\/perle-in.com\\\/#website\"},\"primaryImageOfPage\":{\"@id\":\"https:\\\/\\\/perle-in.com\\\/en\\\/product\\\/distributeur-de-savon-pour-les-mains-de-200-ml-et-ensemble-de-bougies-parfumees-de-150g-wellmark-discovery\\\/#primaryimage\"},\"image\":{\"@id\":\"https:\\\/\\\/perle-in.com\\\/en\\\/product\\\/distributeur-de-savon-pour-les-mains-de-200-ml-et-ensemble-de-bougies-parfumees-de-150g-wellmark-discovery\\\/#primaryimage\"},\"thumbnailUrl\":\"https:\\\/\\\/perle-in.com\\\/wp-content\\\/uploads\\\/2025\\\/10\\\/12630811-1.jpg\",\"datePublished\":\"2025-10-15T00:01:24+00:00\",\"dateModified\":\"2025-10-19T03:47:09+00:00\",\"breadcrumb\":{\"@id\":\"https:\\\/\\\/perle-in.com\\\/en\\\/product\\\/distributeur-de-savon-pour-les-mains-de-200-ml-et-ensemble-de-bougies-parfumees-de-150g-wellmark-discovery\\\/#breadcrumb\"},\"inLanguage\":\"en-CA\",\"potentialAction\":[{\"@type\":\"ReadAction\",\"target\":[\"https:\\\/\\\/perle-in.com\\\/en\\\/product\\\/distributeur-de-savon-pour-les-mains-de-200-ml-et-ensemble-de-bougies-parfumees-de-150g-wellmark-discovery\\\/\"]}]},{\"@type\":\"ImageObject\",\"inLanguage\":\"en-CA\",\"@id\":\"https:\\\/\\\/perle-in.com\\\/en\\\/product\\\/distributeur-de-savon-pour-les-mains-de-200-ml-et-ensemble-de-bougies-parfumees-de-150g-wellmark-discovery\\\/#primaryimage\",\"url\":\"https:\\\/\\\/perle-in.com\\\/wp-content\\\/uploads\\\/2025\\\/10\\\/12630811-1.jpg\",\"contentUrl\":\"https:\\\/\\\/perle-in.com\\\/wp-content\\\/uploads\\\/2025\\\/10\\\/12630811-1.jpg\",\"width\":1600,\"height\":1600},{\"@type\":\"BreadcrumbList\",\"@id\":\"https:\\\/\\\/perle-in.com\\\/en\\\/product\\\/distributeur-de-savon-pour-les-mains-de-200-ml-et-ensemble-de-bougies-parfumees-de-150g-wellmark-discovery\\\/#breadcrumb\",\"itemListElement\":[{\"@type\":\"ListItem\",\"position\":1,\"name\":\"Accueil\",\"item\":\"https:\\\/\\\/perle-in.com\\\/\"},{\"@type\":\"ListItem\",\"position\":2,\"name\":\"Boutique\",\"item\":\"https:\\\/\\\/perle-in.com\\\/boutique\\\/\"},{\"@type\":\"ListItem\",\"position\":3,\"name\":\"Distributeur de savon pour les mains de 200\u00a0ml et ensemble de bougies parfum\u00e9es de 150g Wellmark Discovery\"}]},{\"@type\":\"WebSite\",\"@id\":\"https:\\\/\\\/perle-in.com\\\/#website\",\"url\":\"https:\\\/\\\/perle-in.com\\\/\",\"name\":\"PERLE IN\",\"description\":\"\",\"publisher\":{\"@id\":\"https:\\\/\\\/perle-in.com\\\/#organization\"},\"potentialAction\":[{\"@type\":\"SearchAction\",\"target\":{\"@type\":\"EntryPoint\",\"urlTemplate\":\"https:\\\/\\\/perle-in.com\\\/?s={search_term_string}\"},\"query-input\":{\"@type\":\"PropertyValueSpecification\",\"valueRequired\":true,\"valueName\":\"search_term_string\"}}],\"inLanguage\":\"en-CA\"},{\"@type\":\"Organization\",\"@id\":\"https:\\\/\\\/perle-in.com\\\/#organization\",\"name\":\"PERLE IN\",\"url\":\"https:\\\/\\\/perle-in.com\\\/\",\"logo\":{\"@type\":\"ImageObject\",\"inLanguage\":\"en-CA\",\"@id\":\"https:\\\/\\\/perle-in.com\\\/#\\\/schema\\\/logo\\\/image\\\/\",\"url\":\"https:\\\/\\\/perle-in.com\\\/wp-content\\\/uploads\\\/2022\\\/12\\\/LOGO-PERLE-IN-COULEUR@3x.webp\",\"contentUrl\":\"https:\\\/\\\/perle-in.com\\\/wp-content\\\/uploads\\\/2022\\\/12\\\/LOGO-PERLE-IN-COULEUR@3x.webp\",\"width\":1600,\"height\":490,\"caption\":\"PERLE IN\"},\"image\":{\"@id\":\"https:\\\/\\\/perle-in.com\\\/#\\\/schema\\\/logo\\\/image\\\/\"}}]}<\/script>\n<!-- \/ Yoast SEO plugin. -->","yoast_head_json":{"title":"Distributeur de savon pour les mains de 200\u00a0ml et ensemble de bougies parfum\u00e9es de 150g Wellmark Discovery - PERLE IN","robots":{"index":"noindex","follow":"follow","max-snippet":"max-snippet:-1","max-image-preview":"max-image-preview:large","max-video-preview":"max-video-preview:-1"},"og_locale":"en_US","og_type":"article","og_title":"Distributeur de savon pour les mains de 200\u00a0ml et ensemble de bougies parfum\u00e9es de 150g Wellmark Discovery - PERLE IN","og_description":"Ce bel ensemble se compose d'un distributeur de savon pour les mains et d'une bougie parfum\u00e9e avec un joli parfum de bambou. Le savon pour les mains est livr\u00e9 dans une bouteille en verre de 250\u00a0ml avec distributeur et est biod\u00e9gradable et exempt de parab\u00e8nes, d'huile de palme, de PEG, de SLS et de SLES. La bougie parfum\u00e9e (150\u00a0g) est fabriqu\u00e9e \u00e0 partir de cire de colza et br\u00fble compl\u00e8tement, ce qui rend le pot r\u00e9utilisable. Fabriqu\u00e9 aux Pays-Bas.","og_url":"https:\/\/perle-in.com\/en\/product\/distributeur-de-savon-pour-les-mains-de-200-ml-et-ensemble-de-bougies-parfumees-de-150g-wellmark-discovery\/","og_site_name":"PERLE IN","article_modified_time":"2025-10-19T03:47:09+00:00","og_image":[{"width":1600,"height":1600,"url":"https:\/\/perle-in.com\/wp-content\/uploads\/2025\/10\/12630811-1.jpg","type":"image\/jpeg"}],"twitter_card":"summary_large_image","schema":{"@context":"https:\/\/schema.org","@graph":[{"@type":"WebPage","@id":"https:\/\/perle-in.com\/en\/product\/distributeur-de-savon-pour-les-mains-de-200-ml-et-ensemble-de-bougies-parfumees-de-150g-wellmark-discovery\/","url":"https:\/\/perle-in.com\/en\/product\/distributeur-de-savon-pour-les-mains-de-200-ml-et-ensemble-de-bougies-parfumees-de-150g-wellmark-discovery\/","name":"Distributeur de savon pour les mains de 200\u00a0ml et ensemble de bougies parfum\u00e9es de 150g Wellmark Discovery - PERLE IN","isPartOf":{"@id":"https:\/\/perle-in.com\/#website"},"primaryImageOfPage":{"@id":"https:\/\/perle-in.com\/en\/product\/distributeur-de-savon-pour-les-mains-de-200-ml-et-ensemble-de-bougies-parfumees-de-150g-wellmark-discovery\/#primaryimage"},"image":{"@id":"https:\/\/perle-in.com\/en\/product\/distributeur-de-savon-pour-les-mains-de-200-ml-et-ensemble-de-bougies-parfumees-de-150g-wellmark-discovery\/#primaryimage"},"thumbnailUrl":"https:\/\/perle-in.com\/wp-content\/uploads\/2025\/10\/12630811-1.jpg","datePublished":"2025-10-15T00:01:24+00:00","dateModified":"2025-10-19T03:47:09+00:00","breadcrumb":{"@id":"https:\/\/perle-in.com\/en\/product\/distributeur-de-savon-pour-les-mains-de-200-ml-et-ensemble-de-bougies-parfumees-de-150g-wellmark-discovery\/#breadcrumb"},"inLanguage":"en-CA","potentialAction":[{"@type":"ReadAction","target":["https:\/\/perle-in.com\/en\/product\/distributeur-de-savon-pour-les-mains-de-200-ml-et-ensemble-de-bougies-parfumees-de-150g-wellmark-discovery\/"]}]},{"@type":"ImageObject","inLanguage":"en-CA","@id":"https:\/\/perle-in.com\/en\/product\/distributeur-de-savon-pour-les-mains-de-200-ml-et-ensemble-de-bougies-parfumees-de-150g-wellmark-discovery\/#primaryimage","url":"https:\/\/perle-in.com\/wp-content\/uploads\/2025\/10\/12630811-1.jpg","contentUrl":"https:\/\/perle-in.com\/wp-content\/uploads\/2025\/10\/12630811-1.jpg","width":1600,"height":1600},{"@type":"BreadcrumbList","@id":"https:\/\/perle-in.com\/en\/product\/distributeur-de-savon-pour-les-mains-de-200-ml-et-ensemble-de-bougies-parfumees-de-150g-wellmark-discovery\/#breadcrumb","itemListElement":[{"@type":"ListItem","position":1,"name":"Accueil","item":"https:\/\/perle-in.com\/"},{"@type":"ListItem","position":2,"name":"Boutique","item":"https:\/\/perle-in.com\/boutique\/"},{"@type":"ListItem","position":3,"name":"Distributeur de savon pour les mains de 200\u00a0ml et ensemble de bougies parfum\u00e9es de 150g Wellmark Discovery"}]},{"@type":"WebSite","@id":"https:\/\/perle-in.com\/#website","url":"https:\/\/perle-in.com\/","name":"PERLE IN","description":"","publisher":{"@id":"https:\/\/perle-in.com\/#organization"},"potentialAction":[{"@type":"SearchAction","target":{"@type":"EntryPoint","urlTemplate":"https:\/\/perle-in.com\/?s={search_term_string}"},"query-input":{"@type":"PropertyValueSpecification","valueRequired":true,"valueName":"search_term_string"}}],"inLanguage":"en-CA"},{"@type":"Organization","@id":"https:\/\/perle-in.com\/#organization","name":"PERLE IN","url":"https:\/\/perle-in.com\/","logo":{"@type":"ImageObject","inLanguage":"en-CA","@id":"https:\/\/perle-in.com\/#\/schema\/logo\/image\/","url":"https:\/\/perle-in.com\/wp-content\/uploads\/2022\/12\/LOGO-PERLE-IN-COULEUR@3x.webp","contentUrl":"https:\/\/perle-in.com\/wp-content\/uploads\/2022\/12\/LOGO-PERLE-IN-COULEUR@3x.webp","width":1600,"height":490,"caption":"PERLE IN"},"image":{"@id":"https:\/\/perle-in.com\/#\/schema\/logo\/image\/"}}]}},"jetpack_sharing_enabled":true,"_links":{"self":[{"href":"https:\/\/perle-in.com\/en\/wp-json\/wp\/v2\/product\/539517","targetHints":{"allow":["GET"]}}],"collection":[{"href":"https:\/\/perle-in.com\/en\/wp-json\/wp\/v2\/product"}],"about":[{"href":"https:\/\/perle-in.com\/en\/wp-json\/wp\/v2\/types\/product"}],"version-history":[{"count":0,"href":"https:\/\/perle-in.com\/en\/wp-json\/wp\/v2\/product\/539517\/revisions"}],"wp:featuredmedia":[{"embeddable":true,"href":"https:\/\/perle-in.com\/en\/wp-json\/wp\/v2\/media\/539510"}],"wp:attachment":[{"href":"https:\/\/perle-in.com\/en\/wp-json\/wp\/v2\/media?parent=539517"}],"wp:term":[{"taxonomy":"product_brand","embeddable":true,"href":"https:\/\/perle-in.com\/en\/wp-json\/wp\/v2\/product_brand?post=539517"},{"taxonomy":"product_cat","embeddable":true,"href":"https:\/\/perle-in.com\/en\/wp-json\/wp\/v2\/product_cat?post=539517"},{"taxonomy":"product_tag","embeddable":true,"href":"https:\/\/perle-in.com\/en\/wp-json\/wp\/v2\/product_tag?post=539517"}],"curies":[{"name":"wp","href":"https:\/\/api.w.org\/{rel}","templated":true}]}}