{"id":539508,"date":"2025-10-15T02:00:51","date_gmt":"2025-10-15T00:00:51","guid":{"rendered":"https:\/\/perle-in.com\/produit\/bougie-parfumee-wellmark-let-s-get-cozy-de-650-g-parfum-bois-de-cedre\/"},"modified":"2025-10-19T05:47:09","modified_gmt":"2025-10-19T03:47:09","slug":"bougie-parfumee-wellmark-let-s-get-cozy-de-650-g-parfum-bois-de-cedre","status":"publish","type":"product","link":"https:\/\/perle-in.com\/en\/product\/bougie-parfumee-wellmark-let-s-get-cozy-de-650-g-parfum-bois-de-cedre\/","title":{"rendered":"Bougie parfum\u00e9e WELLmark Let&#8217; s Get Cozy de 650\u00a0g &#8211; parfum bois de c\u00e8dre"},"content":{"rendered":"","protected":false},"excerpt":{"rendered":"<p>Cette belle bougie parfum\u00e9e (650\u00a0g) est fabriqu\u00e9e \u00e0 la main aux Pays-Bas \u00e0 100\u00a0% \u00e0 partir de cire de colza. L&#8217;\u00e9l\u00e9gant pot en verre cr\u00e9e une atmosph\u00e8re chaleureuse \u00e0 la maison. En outre, la bougie r\u00e9pand un parfum chaleureux de bois de c\u00e8dre dans toute la pi\u00e8ce.<\/p>","protected":false},"featured_media":539500,"template":"","meta":{"_eb_attr":""},"product_brand":[],"product_cat":[1104,390],"product_tag":[3334,3335,3336,3326],"class_list":{"0":"post-539508","1":"product","2":"type-product","3":"status-publish","4":"has-post-thumbnail","6":"product_cat-hygiene-personnelle","7":"product_cat-sant-et-hygine-personnelle","8":"product_tag-bougie","9":"product_tag-bougies","10":"product_tag-parfum","11":"product_tag-wellmark","12":"pa_couleurs-ambre-chine","13":"pa_marque-wellmark","14":"pa_pays-d-origine-pays-bas","16":"first","17":"instock","18":"shipping-taxable","19":"purchasable","20":"product-type-variable"},"yoast_head":"<!-- This site is optimized with the Yoast SEO plugin v27.4 - https:\/\/yoast.com\/product\/yoast-seo-wordpress\/ -->\n<title>Bougie parfum\u00e9e WELLmark Let&#039; s Get Cozy de 650\u00a0g - parfum bois de c\u00e8dre - PERLE IN<\/title>\n<meta name=\"robots\" content=\"noindex, follow, max-snippet:-1, max-image-preview:large, max-video-preview:-1\" \/>\n<meta property=\"og:locale\" content=\"en_US\" \/>\n<meta property=\"og:type\" content=\"article\" \/>\n<meta property=\"og:title\" content=\"Bougie parfum\u00e9e WELLmark Let&#039; s Get Cozy de 650\u00a0g - parfum bois de c\u00e8dre - PERLE IN\" \/>\n<meta property=\"og:description\" content=\"Cette belle bougie parfum\u00e9e (650\u00a0g) est fabriqu\u00e9e \u00e0 la main aux Pays-Bas \u00e0 100\u00a0% \u00e0 partir de cire de colza. L&#039;\u00e9l\u00e9gant pot en verre cr\u00e9e une atmosph\u00e8re chaleureuse \u00e0 la maison. En outre, la bougie r\u00e9pand un parfum chaleureux de bois de c\u00e8dre dans toute la pi\u00e8ce.\" \/>\n<meta property=\"og:url\" content=\"https:\/\/perle-in.com\/en\/product\/bougie-parfumee-wellmark-let-s-get-cozy-de-650-g-parfum-bois-de-cedre\/\" \/>\n<meta property=\"og:site_name\" content=\"PERLE IN\" \/>\n<meta property=\"article:modified_time\" content=\"2025-10-19T03:47:09+00:00\" \/>\n<meta property=\"og:image\" content=\"https:\/\/perle-in.com\/wp-content\/uploads\/2025\/10\/11324011-1.jpg\" \/>\n\t<meta property=\"og:image:width\" content=\"1600\" \/>\n\t<meta property=\"og:image:height\" content=\"1600\" \/>\n\t<meta property=\"og:image:type\" content=\"image\/jpeg\" \/>\n<meta name=\"twitter:card\" content=\"summary_large_image\" \/>\n<script type=\"application\/ld+json\" class=\"yoast-schema-graph\">{\"@context\":\"https:\\\/\\\/schema.org\",\"@graph\":[{\"@type\":\"WebPage\",\"@id\":\"https:\\\/\\\/perle-in.com\\\/produit\\\/bougie-parfumee-wellmark-let-s-get-cozy-de-650-g-parfum-bois-de-cedre\\\/\",\"url\":\"https:\\\/\\\/perle-in.com\\\/produit\\\/bougie-parfumee-wellmark-let-s-get-cozy-de-650-g-parfum-bois-de-cedre\\\/\",\"name\":\"Bougie parfum\u00e9e WELLmark Let' s Get Cozy de 650\u00a0g - parfum bois de c\u00e8dre - PERLE IN\",\"isPartOf\":{\"@id\":\"https:\\\/\\\/perle-in.com\\\/#website\"},\"primaryImageOfPage\":{\"@id\":\"https:\\\/\\\/perle-in.com\\\/produit\\\/bougie-parfumee-wellmark-let-s-get-cozy-de-650-g-parfum-bois-de-cedre\\\/#primaryimage\"},\"image\":{\"@id\":\"https:\\\/\\\/perle-in.com\\\/produit\\\/bougie-parfumee-wellmark-let-s-get-cozy-de-650-g-parfum-bois-de-cedre\\\/#primaryimage\"},\"thumbnailUrl\":\"https:\\\/\\\/perle-in.com\\\/wp-content\\\/uploads\\\/2025\\\/10\\\/11324011-1.jpg\",\"datePublished\":\"2025-10-15T00:00:51+00:00\",\"dateModified\":\"2025-10-19T03:47:09+00:00\",\"breadcrumb\":{\"@id\":\"https:\\\/\\\/perle-in.com\\\/produit\\\/bougie-parfumee-wellmark-let-s-get-cozy-de-650-g-parfum-bois-de-cedre\\\/#breadcrumb\"},\"inLanguage\":\"en-CA\",\"potentialAction\":[{\"@type\":\"ReadAction\",\"target\":[\"https:\\\/\\\/perle-in.com\\\/produit\\\/bougie-parfumee-wellmark-let-s-get-cozy-de-650-g-parfum-bois-de-cedre\\\/\"]}]},{\"@type\":\"ImageObject\",\"inLanguage\":\"en-CA\",\"@id\":\"https:\\\/\\\/perle-in.com\\\/produit\\\/bougie-parfumee-wellmark-let-s-get-cozy-de-650-g-parfum-bois-de-cedre\\\/#primaryimage\",\"url\":\"https:\\\/\\\/perle-in.com\\\/wp-content\\\/uploads\\\/2025\\\/10\\\/11324011-1.jpg\",\"contentUrl\":\"https:\\\/\\\/perle-in.com\\\/wp-content\\\/uploads\\\/2025\\\/10\\\/11324011-1.jpg\",\"width\":1600,\"height\":1600},{\"@type\":\"BreadcrumbList\",\"@id\":\"https:\\\/\\\/perle-in.com\\\/produit\\\/bougie-parfumee-wellmark-let-s-get-cozy-de-650-g-parfum-bois-de-cedre\\\/#breadcrumb\",\"itemListElement\":[{\"@type\":\"ListItem\",\"position\":1,\"name\":\"Accueil\",\"item\":\"https:\\\/\\\/perle-in.com\\\/\"},{\"@type\":\"ListItem\",\"position\":2,\"name\":\"Boutique\",\"item\":\"https:\\\/\\\/perle-in.com\\\/boutique\\\/\"},{\"@type\":\"ListItem\",\"position\":3,\"name\":\"Bougie parfum\u00e9e WELLmark Let&#8217; s Get Cozy de 650\u00a0g &#8211; parfum bois de c\u00e8dre\"}]},{\"@type\":\"WebSite\",\"@id\":\"https:\\\/\\\/perle-in.com\\\/#website\",\"url\":\"https:\\\/\\\/perle-in.com\\\/\",\"name\":\"PERLE IN\",\"description\":\"\",\"publisher\":{\"@id\":\"https:\\\/\\\/perle-in.com\\\/#organization\"},\"potentialAction\":[{\"@type\":\"SearchAction\",\"target\":{\"@type\":\"EntryPoint\",\"urlTemplate\":\"https:\\\/\\\/perle-in.com\\\/?s={search_term_string}\"},\"query-input\":{\"@type\":\"PropertyValueSpecification\",\"valueRequired\":true,\"valueName\":\"search_term_string\"}}],\"inLanguage\":\"en-CA\"},{\"@type\":\"Organization\",\"@id\":\"https:\\\/\\\/perle-in.com\\\/#organization\",\"name\":\"PERLE IN\",\"url\":\"https:\\\/\\\/perle-in.com\\\/\",\"logo\":{\"@type\":\"ImageObject\",\"inLanguage\":\"en-CA\",\"@id\":\"https:\\\/\\\/perle-in.com\\\/#\\\/schema\\\/logo\\\/image\\\/\",\"url\":\"https:\\\/\\\/perle-in.com\\\/wp-content\\\/uploads\\\/2022\\\/12\\\/LOGO-PERLE-IN-COULEUR@3x.webp\",\"contentUrl\":\"https:\\\/\\\/perle-in.com\\\/wp-content\\\/uploads\\\/2022\\\/12\\\/LOGO-PERLE-IN-COULEUR@3x.webp\",\"width\":1600,\"height\":490,\"caption\":\"PERLE IN\"},\"image\":{\"@id\":\"https:\\\/\\\/perle-in.com\\\/#\\\/schema\\\/logo\\\/image\\\/\"}}]}<\/script>\n<!-- \/ Yoast SEO plugin. -->","yoast_head_json":{"title":"Bougie parfum\u00e9e WELLmark Let' s Get Cozy de 650\u00a0g - parfum bois de c\u00e8dre - PERLE IN","robots":{"index":"noindex","follow":"follow","max-snippet":"max-snippet:-1","max-image-preview":"max-image-preview:large","max-video-preview":"max-video-preview:-1"},"og_locale":"en_US","og_type":"article","og_title":"Bougie parfum\u00e9e WELLmark Let' s Get Cozy de 650\u00a0g - parfum bois de c\u00e8dre - PERLE IN","og_description":"Cette belle bougie parfum\u00e9e (650\u00a0g) est fabriqu\u00e9e \u00e0 la main aux Pays-Bas \u00e0 100\u00a0% \u00e0 partir de cire de colza. L'\u00e9l\u00e9gant pot en verre cr\u00e9e une atmosph\u00e8re chaleureuse \u00e0 la maison. En outre, la bougie r\u00e9pand un parfum chaleureux de bois de c\u00e8dre dans toute la pi\u00e8ce.","og_url":"https:\/\/perle-in.com\/en\/product\/bougie-parfumee-wellmark-let-s-get-cozy-de-650-g-parfum-bois-de-cedre\/","og_site_name":"PERLE IN","article_modified_time":"2025-10-19T03:47:09+00:00","og_image":[{"width":1600,"height":1600,"url":"https:\/\/perle-in.com\/wp-content\/uploads\/2025\/10\/11324011-1.jpg","type":"image\/jpeg"}],"twitter_card":"summary_large_image","schema":{"@context":"https:\/\/schema.org","@graph":[{"@type":"WebPage","@id":"https:\/\/perle-in.com\/produit\/bougie-parfumee-wellmark-let-s-get-cozy-de-650-g-parfum-bois-de-cedre\/","url":"https:\/\/perle-in.com\/produit\/bougie-parfumee-wellmark-let-s-get-cozy-de-650-g-parfum-bois-de-cedre\/","name":"Bougie parfum\u00e9e WELLmark Let' s Get Cozy de 650\u00a0g - parfum bois de c\u00e8dre - PERLE IN","isPartOf":{"@id":"https:\/\/perle-in.com\/#website"},"primaryImageOfPage":{"@id":"https:\/\/perle-in.com\/produit\/bougie-parfumee-wellmark-let-s-get-cozy-de-650-g-parfum-bois-de-cedre\/#primaryimage"},"image":{"@id":"https:\/\/perle-in.com\/produit\/bougie-parfumee-wellmark-let-s-get-cozy-de-650-g-parfum-bois-de-cedre\/#primaryimage"},"thumbnailUrl":"https:\/\/perle-in.com\/wp-content\/uploads\/2025\/10\/11324011-1.jpg","datePublished":"2025-10-15T00:00:51+00:00","dateModified":"2025-10-19T03:47:09+00:00","breadcrumb":{"@id":"https:\/\/perle-in.com\/produit\/bougie-parfumee-wellmark-let-s-get-cozy-de-650-g-parfum-bois-de-cedre\/#breadcrumb"},"inLanguage":"en-CA","potentialAction":[{"@type":"ReadAction","target":["https:\/\/perle-in.com\/produit\/bougie-parfumee-wellmark-let-s-get-cozy-de-650-g-parfum-bois-de-cedre\/"]}]},{"@type":"ImageObject","inLanguage":"en-CA","@id":"https:\/\/perle-in.com\/produit\/bougie-parfumee-wellmark-let-s-get-cozy-de-650-g-parfum-bois-de-cedre\/#primaryimage","url":"https:\/\/perle-in.com\/wp-content\/uploads\/2025\/10\/11324011-1.jpg","contentUrl":"https:\/\/perle-in.com\/wp-content\/uploads\/2025\/10\/11324011-1.jpg","width":1600,"height":1600},{"@type":"BreadcrumbList","@id":"https:\/\/perle-in.com\/produit\/bougie-parfumee-wellmark-let-s-get-cozy-de-650-g-parfum-bois-de-cedre\/#breadcrumb","itemListElement":[{"@type":"ListItem","position":1,"name":"Accueil","item":"https:\/\/perle-in.com\/"},{"@type":"ListItem","position":2,"name":"Boutique","item":"https:\/\/perle-in.com\/boutique\/"},{"@type":"ListItem","position":3,"name":"Bougie parfum\u00e9e WELLmark Let&#8217; s Get Cozy de 650\u00a0g &#8211; parfum bois de c\u00e8dre"}]},{"@type":"WebSite","@id":"https:\/\/perle-in.com\/#website","url":"https:\/\/perle-in.com\/","name":"PERLE IN","description":"","publisher":{"@id":"https:\/\/perle-in.com\/#organization"},"potentialAction":[{"@type":"SearchAction","target":{"@type":"EntryPoint","urlTemplate":"https:\/\/perle-in.com\/?s={search_term_string}"},"query-input":{"@type":"PropertyValueSpecification","valueRequired":true,"valueName":"search_term_string"}}],"inLanguage":"en-CA"},{"@type":"Organization","@id":"https:\/\/perle-in.com\/#organization","name":"PERLE IN","url":"https:\/\/perle-in.com\/","logo":{"@type":"ImageObject","inLanguage":"en-CA","@id":"https:\/\/perle-in.com\/#\/schema\/logo\/image\/","url":"https:\/\/perle-in.com\/wp-content\/uploads\/2022\/12\/LOGO-PERLE-IN-COULEUR@3x.webp","contentUrl":"https:\/\/perle-in.com\/wp-content\/uploads\/2022\/12\/LOGO-PERLE-IN-COULEUR@3x.webp","width":1600,"height":490,"caption":"PERLE IN"},"image":{"@id":"https:\/\/perle-in.com\/#\/schema\/logo\/image\/"}}]}},"jetpack_sharing_enabled":true,"_links":{"self":[{"href":"https:\/\/perle-in.com\/en\/wp-json\/wp\/v2\/product\/539508","targetHints":{"allow":["GET"]}}],"collection":[{"href":"https:\/\/perle-in.com\/en\/wp-json\/wp\/v2\/product"}],"about":[{"href":"https:\/\/perle-in.com\/en\/wp-json\/wp\/v2\/types\/product"}],"version-history":[{"count":0,"href":"https:\/\/perle-in.com\/en\/wp-json\/wp\/v2\/product\/539508\/revisions"}],"wp:featuredmedia":[{"embeddable":true,"href":"https:\/\/perle-in.com\/en\/wp-json\/wp\/v2\/media\/539500"}],"wp:attachment":[{"href":"https:\/\/perle-in.com\/en\/wp-json\/wp\/v2\/media?parent=539508"}],"wp:term":[{"taxonomy":"product_brand","embeddable":true,"href":"https:\/\/perle-in.com\/en\/wp-json\/wp\/v2\/product_brand?post=539508"},{"taxonomy":"product_cat","embeddable":true,"href":"https:\/\/perle-in.com\/en\/wp-json\/wp\/v2\/product_cat?post=539508"},{"taxonomy":"product_tag","embeddable":true,"href":"https:\/\/perle-in.com\/en\/wp-json\/wp\/v2\/product_tag?post=539508"}],"curies":[{"name":"wp","href":"https:\/\/api.w.org\/{rel}","templated":true}]}}