{"id":539488,"date":"2025-10-15T01:56:17","date_gmt":"2025-10-14T23:56:17","guid":{"rendered":"https:\/\/perle-in.com\/produit\/distributeur-de-lotion-pour-les-mains-wellmarksoft-hands-de-250-ml\/"},"modified":"2025-10-19T05:47:17","modified_gmt":"2025-10-19T03:47:17","slug":"distributeur-de-lotion-pour-les-mains-wellmarksoft-hands-de-250-ml","status":"publish","type":"product","link":"https:\/\/perle-in.com\/en\/product\/distributeur-de-lotion-pour-les-mains-wellmarksoft-hands-de-250-ml\/","title":{"rendered":"Distributeur de lotion pour les mains WELLmarkSoft Hands de 250\u00a0ml"},"content":{"rendered":"","protected":false},"excerpt":{"rendered":"<p>Distributeur en verre \u00e9l\u00e9gant (250\u00a0ml) pour la salle de bain, la cuisine ou les toilettes. Ce distributeur de luxe est rempli et fourni avec une cr\u00e8me pour les mains v\u00e9g\u00e9talienne avec un parfum agr\u00e9able de bambou qui nettoie et prend soin de vos mains. Le joli verre brun accompagn\u00e9 de la pompe en laiton et du texte \u00abSoft hands kind heart\u00bb enrichit tout int\u00e9rieur. Une fois termin\u00e9, le distributeur peut \u00eatre facilement recharg\u00e9. Fabriqu\u00e9 aux Pays-Bas.<\/p>","protected":false},"featured_media":539479,"template":"","meta":{"_eb_attr":""},"product_brand":[],"product_cat":[1104,390],"product_tag":[3331,861,3333,3332,3330,3031,3329,1844,3326],"class_list":{"0":"post-539488","1":"product","2":"type-product","3":"status-publish","4":"has-post-thumbnail","6":"product_cat-hygiene-personnelle","7":"product_cat-sant-et-hygine-personnelle","8":"product_tag-creme","9":"product_tag-cuisine","10":"product_tag-distributeur","11":"product_tag-lotion","12":"product_tag-main","13":"product_tag-salle-de-bain","14":"product_tag-savon","15":"product_tag-toilette","16":"product_tag-wellmark","17":"pa_couleurs-ambre-chine","18":"pa_marque-wellmark","19":"pa_pays-d-origine-pays-bas","21":"first","22":"instock","23":"sale","24":"shipping-taxable","25":"purchasable","26":"product-type-variable"},"yoast_head":"<!-- This site is optimized with the Yoast SEO plugin v27.4 - https:\/\/yoast.com\/product\/yoast-seo-wordpress\/ -->\n<title>Distributeur de lotion pour les mains WELLmarkSoft Hands de 250\u00a0ml - PERLE IN<\/title>\n<meta name=\"robots\" content=\"noindex, follow, max-snippet:-1, max-image-preview:large, max-video-preview:-1\" \/>\n<meta property=\"og:locale\" content=\"en_US\" \/>\n<meta property=\"og:type\" content=\"article\" \/>\n<meta property=\"og:title\" content=\"Distributeur de lotion pour les mains WELLmarkSoft Hands de 250\u00a0ml - PERLE IN\" \/>\n<meta property=\"og:description\" content=\"Distributeur en verre \u00e9l\u00e9gant (250\u00a0ml) pour la salle de bain, la cuisine ou les toilettes. Ce distributeur de luxe est rempli et fourni avec une cr\u00e8me pour les mains v\u00e9g\u00e9talienne avec un parfum agr\u00e9able de bambou qui nettoie et prend soin de vos mains. Le joli verre brun accompagn\u00e9 de la pompe en laiton et du texte \u00abSoft hands kind heart\u00bb enrichit tout int\u00e9rieur. Une fois termin\u00e9, le distributeur peut \u00eatre facilement recharg\u00e9. Fabriqu\u00e9 aux Pays-Bas.\" \/>\n<meta property=\"og:url\" content=\"https:\/\/perle-in.com\/en\/product\/distributeur-de-lotion-pour-les-mains-wellmarksoft-hands-de-250-ml\/\" \/>\n<meta property=\"og:site_name\" content=\"PERLE IN\" \/>\n<meta property=\"article:modified_time\" content=\"2025-10-19T03:47:17+00:00\" \/>\n<meta property=\"og:image\" content=\"https:\/\/perle-in.com\/wp-content\/uploads\/2025\/10\/12630911-1.jpg\" \/>\n\t<meta property=\"og:image:width\" content=\"1600\" \/>\n\t<meta property=\"og:image:height\" content=\"1600\" \/>\n\t<meta property=\"og:image:type\" content=\"image\/jpeg\" \/>\n<meta name=\"twitter:card\" content=\"summary_large_image\" \/>\n<script type=\"application\/ld+json\" class=\"yoast-schema-graph\">{\"@context\":\"https:\\\/\\\/schema.org\",\"@graph\":[{\"@type\":\"WebPage\",\"@id\":\"https:\\\/\\\/perle-in.com\\\/en\\\/product\\\/distributeur-de-lotion-pour-les-mains-wellmarksoft-hands-de-250-ml\\\/\",\"url\":\"https:\\\/\\\/perle-in.com\\\/en\\\/product\\\/distributeur-de-lotion-pour-les-mains-wellmarksoft-hands-de-250-ml\\\/\",\"name\":\"Distributeur de lotion pour les mains WELLmarkSoft Hands de 250\u00a0ml - PERLE IN\",\"isPartOf\":{\"@id\":\"https:\\\/\\\/perle-in.com\\\/#website\"},\"primaryImageOfPage\":{\"@id\":\"https:\\\/\\\/perle-in.com\\\/en\\\/product\\\/distributeur-de-lotion-pour-les-mains-wellmarksoft-hands-de-250-ml\\\/#primaryimage\"},\"image\":{\"@id\":\"https:\\\/\\\/perle-in.com\\\/en\\\/product\\\/distributeur-de-lotion-pour-les-mains-wellmarksoft-hands-de-250-ml\\\/#primaryimage\"},\"thumbnailUrl\":\"https:\\\/\\\/perle-in.com\\\/wp-content\\\/uploads\\\/2025\\\/10\\\/12630911-1.jpg\",\"datePublished\":\"2025-10-14T23:56:17+00:00\",\"dateModified\":\"2025-10-19T03:47:17+00:00\",\"breadcrumb\":{\"@id\":\"https:\\\/\\\/perle-in.com\\\/en\\\/product\\\/distributeur-de-lotion-pour-les-mains-wellmarksoft-hands-de-250-ml\\\/#breadcrumb\"},\"inLanguage\":\"en-CA\",\"potentialAction\":[{\"@type\":\"ReadAction\",\"target\":[\"https:\\\/\\\/perle-in.com\\\/en\\\/product\\\/distributeur-de-lotion-pour-les-mains-wellmarksoft-hands-de-250-ml\\\/\"]}]},{\"@type\":\"ImageObject\",\"inLanguage\":\"en-CA\",\"@id\":\"https:\\\/\\\/perle-in.com\\\/en\\\/product\\\/distributeur-de-lotion-pour-les-mains-wellmarksoft-hands-de-250-ml\\\/#primaryimage\",\"url\":\"https:\\\/\\\/perle-in.com\\\/wp-content\\\/uploads\\\/2025\\\/10\\\/12630911-1.jpg\",\"contentUrl\":\"https:\\\/\\\/perle-in.com\\\/wp-content\\\/uploads\\\/2025\\\/10\\\/12630911-1.jpg\",\"width\":1600,\"height\":1600},{\"@type\":\"BreadcrumbList\",\"@id\":\"https:\\\/\\\/perle-in.com\\\/en\\\/product\\\/distributeur-de-lotion-pour-les-mains-wellmarksoft-hands-de-250-ml\\\/#breadcrumb\",\"itemListElement\":[{\"@type\":\"ListItem\",\"position\":1,\"name\":\"Accueil\",\"item\":\"https:\\\/\\\/perle-in.com\\\/\"},{\"@type\":\"ListItem\",\"position\":2,\"name\":\"Boutique\",\"item\":\"https:\\\/\\\/perle-in.com\\\/boutique\\\/\"},{\"@type\":\"ListItem\",\"position\":3,\"name\":\"Distributeur de lotion pour les mains WELLmarkSoft Hands de 250\u00a0ml\"}]},{\"@type\":\"WebSite\",\"@id\":\"https:\\\/\\\/perle-in.com\\\/#website\",\"url\":\"https:\\\/\\\/perle-in.com\\\/\",\"name\":\"PERLE IN\",\"description\":\"\",\"publisher\":{\"@id\":\"https:\\\/\\\/perle-in.com\\\/#organization\"},\"potentialAction\":[{\"@type\":\"SearchAction\",\"target\":{\"@type\":\"EntryPoint\",\"urlTemplate\":\"https:\\\/\\\/perle-in.com\\\/?s={search_term_string}\"},\"query-input\":{\"@type\":\"PropertyValueSpecification\",\"valueRequired\":true,\"valueName\":\"search_term_string\"}}],\"inLanguage\":\"en-CA\"},{\"@type\":\"Organization\",\"@id\":\"https:\\\/\\\/perle-in.com\\\/#organization\",\"name\":\"PERLE IN\",\"url\":\"https:\\\/\\\/perle-in.com\\\/\",\"logo\":{\"@type\":\"ImageObject\",\"inLanguage\":\"en-CA\",\"@id\":\"https:\\\/\\\/perle-in.com\\\/#\\\/schema\\\/logo\\\/image\\\/\",\"url\":\"https:\\\/\\\/perle-in.com\\\/wp-content\\\/uploads\\\/2022\\\/12\\\/LOGO-PERLE-IN-COULEUR@3x.webp\",\"contentUrl\":\"https:\\\/\\\/perle-in.com\\\/wp-content\\\/uploads\\\/2022\\\/12\\\/LOGO-PERLE-IN-COULEUR@3x.webp\",\"width\":1600,\"height\":490,\"caption\":\"PERLE IN\"},\"image\":{\"@id\":\"https:\\\/\\\/perle-in.com\\\/#\\\/schema\\\/logo\\\/image\\\/\"}}]}<\/script>\n<!-- \/ Yoast SEO plugin. -->","yoast_head_json":{"title":"Distributeur de lotion pour les mains WELLmarkSoft Hands de 250\u00a0ml - PERLE IN","robots":{"index":"noindex","follow":"follow","max-snippet":"max-snippet:-1","max-image-preview":"max-image-preview:large","max-video-preview":"max-video-preview:-1"},"og_locale":"en_US","og_type":"article","og_title":"Distributeur de lotion pour les mains WELLmarkSoft Hands de 250\u00a0ml - PERLE IN","og_description":"Distributeur en verre \u00e9l\u00e9gant (250\u00a0ml) pour la salle de bain, la cuisine ou les toilettes. Ce distributeur de luxe est rempli et fourni avec une cr\u00e8me pour les mains v\u00e9g\u00e9talienne avec un parfum agr\u00e9able de bambou qui nettoie et prend soin de vos mains. Le joli verre brun accompagn\u00e9 de la pompe en laiton et du texte \u00abSoft hands kind heart\u00bb enrichit tout int\u00e9rieur. Une fois termin\u00e9, le distributeur peut \u00eatre facilement recharg\u00e9. Fabriqu\u00e9 aux Pays-Bas.","og_url":"https:\/\/perle-in.com\/en\/product\/distributeur-de-lotion-pour-les-mains-wellmarksoft-hands-de-250-ml\/","og_site_name":"PERLE IN","article_modified_time":"2025-10-19T03:47:17+00:00","og_image":[{"width":1600,"height":1600,"url":"https:\/\/perle-in.com\/wp-content\/uploads\/2025\/10\/12630911-1.jpg","type":"image\/jpeg"}],"twitter_card":"summary_large_image","schema":{"@context":"https:\/\/schema.org","@graph":[{"@type":"WebPage","@id":"https:\/\/perle-in.com\/en\/product\/distributeur-de-lotion-pour-les-mains-wellmarksoft-hands-de-250-ml\/","url":"https:\/\/perle-in.com\/en\/product\/distributeur-de-lotion-pour-les-mains-wellmarksoft-hands-de-250-ml\/","name":"Distributeur de lotion pour les mains WELLmarkSoft Hands de 250\u00a0ml - PERLE IN","isPartOf":{"@id":"https:\/\/perle-in.com\/#website"},"primaryImageOfPage":{"@id":"https:\/\/perle-in.com\/en\/product\/distributeur-de-lotion-pour-les-mains-wellmarksoft-hands-de-250-ml\/#primaryimage"},"image":{"@id":"https:\/\/perle-in.com\/en\/product\/distributeur-de-lotion-pour-les-mains-wellmarksoft-hands-de-250-ml\/#primaryimage"},"thumbnailUrl":"https:\/\/perle-in.com\/wp-content\/uploads\/2025\/10\/12630911-1.jpg","datePublished":"2025-10-14T23:56:17+00:00","dateModified":"2025-10-19T03:47:17+00:00","breadcrumb":{"@id":"https:\/\/perle-in.com\/en\/product\/distributeur-de-lotion-pour-les-mains-wellmarksoft-hands-de-250-ml\/#breadcrumb"},"inLanguage":"en-CA","potentialAction":[{"@type":"ReadAction","target":["https:\/\/perle-in.com\/en\/product\/distributeur-de-lotion-pour-les-mains-wellmarksoft-hands-de-250-ml\/"]}]},{"@type":"ImageObject","inLanguage":"en-CA","@id":"https:\/\/perle-in.com\/en\/product\/distributeur-de-lotion-pour-les-mains-wellmarksoft-hands-de-250-ml\/#primaryimage","url":"https:\/\/perle-in.com\/wp-content\/uploads\/2025\/10\/12630911-1.jpg","contentUrl":"https:\/\/perle-in.com\/wp-content\/uploads\/2025\/10\/12630911-1.jpg","width":1600,"height":1600},{"@type":"BreadcrumbList","@id":"https:\/\/perle-in.com\/en\/product\/distributeur-de-lotion-pour-les-mains-wellmarksoft-hands-de-250-ml\/#breadcrumb","itemListElement":[{"@type":"ListItem","position":1,"name":"Accueil","item":"https:\/\/perle-in.com\/"},{"@type":"ListItem","position":2,"name":"Boutique","item":"https:\/\/perle-in.com\/boutique\/"},{"@type":"ListItem","position":3,"name":"Distributeur de lotion pour les mains WELLmarkSoft Hands de 250\u00a0ml"}]},{"@type":"WebSite","@id":"https:\/\/perle-in.com\/#website","url":"https:\/\/perle-in.com\/","name":"PERLE IN","description":"","publisher":{"@id":"https:\/\/perle-in.com\/#organization"},"potentialAction":[{"@type":"SearchAction","target":{"@type":"EntryPoint","urlTemplate":"https:\/\/perle-in.com\/?s={search_term_string}"},"query-input":{"@type":"PropertyValueSpecification","valueRequired":true,"valueName":"search_term_string"}}],"inLanguage":"en-CA"},{"@type":"Organization","@id":"https:\/\/perle-in.com\/#organization","name":"PERLE IN","url":"https:\/\/perle-in.com\/","logo":{"@type":"ImageObject","inLanguage":"en-CA","@id":"https:\/\/perle-in.com\/#\/schema\/logo\/image\/","url":"https:\/\/perle-in.com\/wp-content\/uploads\/2022\/12\/LOGO-PERLE-IN-COULEUR@3x.webp","contentUrl":"https:\/\/perle-in.com\/wp-content\/uploads\/2022\/12\/LOGO-PERLE-IN-COULEUR@3x.webp","width":1600,"height":490,"caption":"PERLE IN"},"image":{"@id":"https:\/\/perle-in.com\/#\/schema\/logo\/image\/"}}]}},"jetpack_sharing_enabled":true,"_links":{"self":[{"href":"https:\/\/perle-in.com\/en\/wp-json\/wp\/v2\/product\/539488","targetHints":{"allow":["GET"]}}],"collection":[{"href":"https:\/\/perle-in.com\/en\/wp-json\/wp\/v2\/product"}],"about":[{"href":"https:\/\/perle-in.com\/en\/wp-json\/wp\/v2\/types\/product"}],"version-history":[{"count":0,"href":"https:\/\/perle-in.com\/en\/wp-json\/wp\/v2\/product\/539488\/revisions"}],"wp:featuredmedia":[{"embeddable":true,"href":"https:\/\/perle-in.com\/en\/wp-json\/wp\/v2\/media\/539479"}],"wp:attachment":[{"href":"https:\/\/perle-in.com\/en\/wp-json\/wp\/v2\/media?parent=539488"}],"wp:term":[{"taxonomy":"product_brand","embeddable":true,"href":"https:\/\/perle-in.com\/en\/wp-json\/wp\/v2\/product_brand?post=539488"},{"taxonomy":"product_cat","embeddable":true,"href":"https:\/\/perle-in.com\/en\/wp-json\/wp\/v2\/product_cat?post=539488"},{"taxonomy":"product_tag","embeddable":true,"href":"https:\/\/perle-in.com\/en\/wp-json\/wp\/v2\/product_tag?post=539488"}],"curies":[{"name":"wp","href":"https:\/\/api.w.org\/{rel}","templated":true}]}}