{"id":539466,"date":"2025-10-15T01:55:19","date_gmt":"2025-10-14T23:55:19","guid":{"rendered":"https:\/\/perle-in.com\/produit\/coffret-cadeau-avec-sel-de-bain-wellmark-just-relax-avec-3-pieces-de-200-ml\/"},"modified":"2025-10-19T05:47:08","modified_gmt":"2025-10-19T03:47:08","slug":"coffret-cadeau-avec-sel-de-bain-wellmark-just-relax-avec-3-pieces-de-200-ml","status":"publish","type":"product","link":"https:\/\/perle-in.com\/en\/product\/coffret-cadeau-avec-sel-de-bain-wellmark-just-relax-avec-3-pieces-de-200-ml\/","title":{"rendered":"Coffret cadeau avec sel de bain WELLmark Just Relax avec 3\u00a0pi\u00e8ces de 200\u00a0ml"},"content":{"rendered":"","protected":false},"excerpt":{"rendered":"<p>Coffret cadeau \u00ab Just Relax\u00bb avec 3\u00a0x\u00a0200\u00a0ml de sel de bain de la mer Morte dans une bouteille en verre transparent avec bouchon en acier de couleur laiton. Chaque bouteille a une odeur diff\u00e9rente\u00a0: Roses, lavande et camomille. Pas de baignoire \u00e0 la maison\u00a0? Le sel de bain peut \u00e9galement \u00eatre utilis\u00e9 pour rafra\u00eechir et d\u00e9tendre les pieds fatigu\u00e9s. Le cadeau parfait pour chaque occasion \u00e0 un prix abordable. Fabriqu\u00e9 aux Pays-Bas.<\/p>","protected":false},"featured_media":539457,"template":"","meta":{"_eb_attr":""},"product_brand":[],"product_cat":[1104,390],"product_tag":[3120,3122,3031,2785,3327,3326],"class_list":{"0":"post-539466","1":"product","2":"type-product","3":"status-publish","4":"has-post-thumbnail","6":"product_cat-hygiene-personnelle","7":"product_cat-sant-et-hygine-personnelle","8":"product_tag-bain","9":"product_tag-douche","10":"product_tag-salle-de-bain","11":"product_tag-sel","12":"product_tag-sel-de-bain","13":"product_tag-wellmark","14":"pa_couleurs-translucide","15":"pa_marque-wellmark","16":"pa_pays-d-origine-pays-bas","18":"first","19":"instock","20":"shipping-taxable","21":"purchasable","22":"product-type-variable"},"yoast_head":"<!-- This site is optimized with the Yoast SEO plugin v27.4 - https:\/\/yoast.com\/product\/yoast-seo-wordpress\/ -->\n<title>Coffret cadeau avec sel de bain WELLmark Just Relax avec 3\u00a0pi\u00e8ces de 200\u00a0ml - PERLE IN<\/title>\n<meta name=\"robots\" content=\"noindex, follow, max-snippet:-1, max-image-preview:large, max-video-preview:-1\" \/>\n<meta property=\"og:locale\" content=\"en_US\" \/>\n<meta property=\"og:type\" content=\"article\" \/>\n<meta property=\"og:title\" content=\"Coffret cadeau avec sel de bain WELLmark Just Relax avec 3\u00a0pi\u00e8ces de 200\u00a0ml - PERLE IN\" \/>\n<meta property=\"og:description\" content=\"Coffret cadeau \u00ab Just Relax\u00bb avec 3\u00a0x\u00a0200\u00a0ml de sel de bain de la mer Morte dans une bouteille en verre transparent avec bouchon en acier de couleur laiton. Chaque bouteille a une odeur diff\u00e9rente\u00a0: Roses, lavande et camomille. Pas de baignoire \u00e0 la maison\u00a0? Le sel de bain peut \u00e9galement \u00eatre utilis\u00e9 pour rafra\u00eechir et d\u00e9tendre les pieds fatigu\u00e9s. Le cadeau parfait pour chaque occasion \u00e0 un prix abordable. Fabriqu\u00e9 aux Pays-Bas.\" \/>\n<meta property=\"og:url\" content=\"https:\/\/perle-in.com\/en\/product\/coffret-cadeau-avec-sel-de-bain-wellmark-just-relax-avec-3-pieces-de-200-ml\/\" \/>\n<meta property=\"og:site_name\" content=\"PERLE IN\" \/>\n<meta property=\"article:modified_time\" content=\"2025-10-19T03:47:08+00:00\" \/>\n<meta property=\"og:image\" content=\"https:\/\/perle-in.com\/wp-content\/uploads\/2025\/10\/12630601-1.jpg\" \/>\n\t<meta property=\"og:image:width\" content=\"1600\" \/>\n\t<meta property=\"og:image:height\" content=\"1600\" \/>\n\t<meta property=\"og:image:type\" content=\"image\/jpeg\" \/>\n<meta name=\"twitter:card\" content=\"summary_large_image\" \/>\n<script type=\"application\/ld+json\" class=\"yoast-schema-graph\">{\"@context\":\"https:\\\/\\\/schema.org\",\"@graph\":[{\"@type\":\"WebPage\",\"@id\":\"https:\\\/\\\/perle-in.com\\\/en\\\/product\\\/coffret-cadeau-avec-sel-de-bain-wellmark-just-relax-avec-3-pieces-de-200-ml\\\/\",\"url\":\"https:\\\/\\\/perle-in.com\\\/en\\\/product\\\/coffret-cadeau-avec-sel-de-bain-wellmark-just-relax-avec-3-pieces-de-200-ml\\\/\",\"name\":\"Coffret cadeau avec sel de bain WELLmark Just Relax avec 3\u00a0pi\u00e8ces de 200\u00a0ml - PERLE IN\",\"isPartOf\":{\"@id\":\"https:\\\/\\\/perle-in.com\\\/#website\"},\"primaryImageOfPage\":{\"@id\":\"https:\\\/\\\/perle-in.com\\\/en\\\/product\\\/coffret-cadeau-avec-sel-de-bain-wellmark-just-relax-avec-3-pieces-de-200-ml\\\/#primaryimage\"},\"image\":{\"@id\":\"https:\\\/\\\/perle-in.com\\\/en\\\/product\\\/coffret-cadeau-avec-sel-de-bain-wellmark-just-relax-avec-3-pieces-de-200-ml\\\/#primaryimage\"},\"thumbnailUrl\":\"https:\\\/\\\/perle-in.com\\\/wp-content\\\/uploads\\\/2025\\\/10\\\/12630601-1.jpg\",\"datePublished\":\"2025-10-14T23:55:19+00:00\",\"dateModified\":\"2025-10-19T03:47:08+00:00\",\"breadcrumb\":{\"@id\":\"https:\\\/\\\/perle-in.com\\\/en\\\/product\\\/coffret-cadeau-avec-sel-de-bain-wellmark-just-relax-avec-3-pieces-de-200-ml\\\/#breadcrumb\"},\"inLanguage\":\"en-CA\",\"potentialAction\":[{\"@type\":\"ReadAction\",\"target\":[\"https:\\\/\\\/perle-in.com\\\/en\\\/product\\\/coffret-cadeau-avec-sel-de-bain-wellmark-just-relax-avec-3-pieces-de-200-ml\\\/\"]}]},{\"@type\":\"ImageObject\",\"inLanguage\":\"en-CA\",\"@id\":\"https:\\\/\\\/perle-in.com\\\/en\\\/product\\\/coffret-cadeau-avec-sel-de-bain-wellmark-just-relax-avec-3-pieces-de-200-ml\\\/#primaryimage\",\"url\":\"https:\\\/\\\/perle-in.com\\\/wp-content\\\/uploads\\\/2025\\\/10\\\/12630601-1.jpg\",\"contentUrl\":\"https:\\\/\\\/perle-in.com\\\/wp-content\\\/uploads\\\/2025\\\/10\\\/12630601-1.jpg\",\"width\":1600,\"height\":1600},{\"@type\":\"BreadcrumbList\",\"@id\":\"https:\\\/\\\/perle-in.com\\\/en\\\/product\\\/coffret-cadeau-avec-sel-de-bain-wellmark-just-relax-avec-3-pieces-de-200-ml\\\/#breadcrumb\",\"itemListElement\":[{\"@type\":\"ListItem\",\"position\":1,\"name\":\"Accueil\",\"item\":\"https:\\\/\\\/perle-in.com\\\/\"},{\"@type\":\"ListItem\",\"position\":2,\"name\":\"Boutique\",\"item\":\"https:\\\/\\\/perle-in.com\\\/boutique\\\/\"},{\"@type\":\"ListItem\",\"position\":3,\"name\":\"Coffret cadeau avec sel de bain WELLmark Just Relax avec 3\u00a0pi\u00e8ces de 200\u00a0ml\"}]},{\"@type\":\"WebSite\",\"@id\":\"https:\\\/\\\/perle-in.com\\\/#website\",\"url\":\"https:\\\/\\\/perle-in.com\\\/\",\"name\":\"PERLE IN\",\"description\":\"\",\"publisher\":{\"@id\":\"https:\\\/\\\/perle-in.com\\\/#organization\"},\"potentialAction\":[{\"@type\":\"SearchAction\",\"target\":{\"@type\":\"EntryPoint\",\"urlTemplate\":\"https:\\\/\\\/perle-in.com\\\/?s={search_term_string}\"},\"query-input\":{\"@type\":\"PropertyValueSpecification\",\"valueRequired\":true,\"valueName\":\"search_term_string\"}}],\"inLanguage\":\"en-CA\"},{\"@type\":\"Organization\",\"@id\":\"https:\\\/\\\/perle-in.com\\\/#organization\",\"name\":\"PERLE IN\",\"url\":\"https:\\\/\\\/perle-in.com\\\/\",\"logo\":{\"@type\":\"ImageObject\",\"inLanguage\":\"en-CA\",\"@id\":\"https:\\\/\\\/perle-in.com\\\/#\\\/schema\\\/logo\\\/image\\\/\",\"url\":\"https:\\\/\\\/perle-in.com\\\/wp-content\\\/uploads\\\/2022\\\/12\\\/LOGO-PERLE-IN-COULEUR@3x.webp\",\"contentUrl\":\"https:\\\/\\\/perle-in.com\\\/wp-content\\\/uploads\\\/2022\\\/12\\\/LOGO-PERLE-IN-COULEUR@3x.webp\",\"width\":1600,\"height\":490,\"caption\":\"PERLE IN\"},\"image\":{\"@id\":\"https:\\\/\\\/perle-in.com\\\/#\\\/schema\\\/logo\\\/image\\\/\"}}]}<\/script>\n<!-- \/ Yoast SEO plugin. -->","yoast_head_json":{"title":"Coffret cadeau avec sel de bain WELLmark Just Relax avec 3\u00a0pi\u00e8ces de 200\u00a0ml - PERLE IN","robots":{"index":"noindex","follow":"follow","max-snippet":"max-snippet:-1","max-image-preview":"max-image-preview:large","max-video-preview":"max-video-preview:-1"},"og_locale":"en_US","og_type":"article","og_title":"Coffret cadeau avec sel de bain WELLmark Just Relax avec 3\u00a0pi\u00e8ces de 200\u00a0ml - PERLE IN","og_description":"Coffret cadeau \u00ab Just Relax\u00bb avec 3\u00a0x\u00a0200\u00a0ml de sel de bain de la mer Morte dans une bouteille en verre transparent avec bouchon en acier de couleur laiton. Chaque bouteille a une odeur diff\u00e9rente\u00a0: Roses, lavande et camomille. Pas de baignoire \u00e0 la maison\u00a0? Le sel de bain peut \u00e9galement \u00eatre utilis\u00e9 pour rafra\u00eechir et d\u00e9tendre les pieds fatigu\u00e9s. Le cadeau parfait pour chaque occasion \u00e0 un prix abordable. Fabriqu\u00e9 aux Pays-Bas.","og_url":"https:\/\/perle-in.com\/en\/product\/coffret-cadeau-avec-sel-de-bain-wellmark-just-relax-avec-3-pieces-de-200-ml\/","og_site_name":"PERLE IN","article_modified_time":"2025-10-19T03:47:08+00:00","og_image":[{"width":1600,"height":1600,"url":"https:\/\/perle-in.com\/wp-content\/uploads\/2025\/10\/12630601-1.jpg","type":"image\/jpeg"}],"twitter_card":"summary_large_image","schema":{"@context":"https:\/\/schema.org","@graph":[{"@type":"WebPage","@id":"https:\/\/perle-in.com\/en\/product\/coffret-cadeau-avec-sel-de-bain-wellmark-just-relax-avec-3-pieces-de-200-ml\/","url":"https:\/\/perle-in.com\/en\/product\/coffret-cadeau-avec-sel-de-bain-wellmark-just-relax-avec-3-pieces-de-200-ml\/","name":"Coffret cadeau avec sel de bain WELLmark Just Relax avec 3\u00a0pi\u00e8ces de 200\u00a0ml - PERLE IN","isPartOf":{"@id":"https:\/\/perle-in.com\/#website"},"primaryImageOfPage":{"@id":"https:\/\/perle-in.com\/en\/product\/coffret-cadeau-avec-sel-de-bain-wellmark-just-relax-avec-3-pieces-de-200-ml\/#primaryimage"},"image":{"@id":"https:\/\/perle-in.com\/en\/product\/coffret-cadeau-avec-sel-de-bain-wellmark-just-relax-avec-3-pieces-de-200-ml\/#primaryimage"},"thumbnailUrl":"https:\/\/perle-in.com\/wp-content\/uploads\/2025\/10\/12630601-1.jpg","datePublished":"2025-10-14T23:55:19+00:00","dateModified":"2025-10-19T03:47:08+00:00","breadcrumb":{"@id":"https:\/\/perle-in.com\/en\/product\/coffret-cadeau-avec-sel-de-bain-wellmark-just-relax-avec-3-pieces-de-200-ml\/#breadcrumb"},"inLanguage":"en-CA","potentialAction":[{"@type":"ReadAction","target":["https:\/\/perle-in.com\/en\/product\/coffret-cadeau-avec-sel-de-bain-wellmark-just-relax-avec-3-pieces-de-200-ml\/"]}]},{"@type":"ImageObject","inLanguage":"en-CA","@id":"https:\/\/perle-in.com\/en\/product\/coffret-cadeau-avec-sel-de-bain-wellmark-just-relax-avec-3-pieces-de-200-ml\/#primaryimage","url":"https:\/\/perle-in.com\/wp-content\/uploads\/2025\/10\/12630601-1.jpg","contentUrl":"https:\/\/perle-in.com\/wp-content\/uploads\/2025\/10\/12630601-1.jpg","width":1600,"height":1600},{"@type":"BreadcrumbList","@id":"https:\/\/perle-in.com\/en\/product\/coffret-cadeau-avec-sel-de-bain-wellmark-just-relax-avec-3-pieces-de-200-ml\/#breadcrumb","itemListElement":[{"@type":"ListItem","position":1,"name":"Accueil","item":"https:\/\/perle-in.com\/"},{"@type":"ListItem","position":2,"name":"Boutique","item":"https:\/\/perle-in.com\/boutique\/"},{"@type":"ListItem","position":3,"name":"Coffret cadeau avec sel de bain WELLmark Just Relax avec 3\u00a0pi\u00e8ces de 200\u00a0ml"}]},{"@type":"WebSite","@id":"https:\/\/perle-in.com\/#website","url":"https:\/\/perle-in.com\/","name":"PERLE IN","description":"","publisher":{"@id":"https:\/\/perle-in.com\/#organization"},"potentialAction":[{"@type":"SearchAction","target":{"@type":"EntryPoint","urlTemplate":"https:\/\/perle-in.com\/?s={search_term_string}"},"query-input":{"@type":"PropertyValueSpecification","valueRequired":true,"valueName":"search_term_string"}}],"inLanguage":"en-CA"},{"@type":"Organization","@id":"https:\/\/perle-in.com\/#organization","name":"PERLE IN","url":"https:\/\/perle-in.com\/","logo":{"@type":"ImageObject","inLanguage":"en-CA","@id":"https:\/\/perle-in.com\/#\/schema\/logo\/image\/","url":"https:\/\/perle-in.com\/wp-content\/uploads\/2022\/12\/LOGO-PERLE-IN-COULEUR@3x.webp","contentUrl":"https:\/\/perle-in.com\/wp-content\/uploads\/2022\/12\/LOGO-PERLE-IN-COULEUR@3x.webp","width":1600,"height":490,"caption":"PERLE IN"},"image":{"@id":"https:\/\/perle-in.com\/#\/schema\/logo\/image\/"}}]}},"jetpack_sharing_enabled":true,"_links":{"self":[{"href":"https:\/\/perle-in.com\/en\/wp-json\/wp\/v2\/product\/539466","targetHints":{"allow":["GET"]}}],"collection":[{"href":"https:\/\/perle-in.com\/en\/wp-json\/wp\/v2\/product"}],"about":[{"href":"https:\/\/perle-in.com\/en\/wp-json\/wp\/v2\/types\/product"}],"version-history":[{"count":0,"href":"https:\/\/perle-in.com\/en\/wp-json\/wp\/v2\/product\/539466\/revisions"}],"wp:featuredmedia":[{"embeddable":true,"href":"https:\/\/perle-in.com\/en\/wp-json\/wp\/v2\/media\/539457"}],"wp:attachment":[{"href":"https:\/\/perle-in.com\/en\/wp-json\/wp\/v2\/media?parent=539466"}],"wp:term":[{"taxonomy":"product_brand","embeddable":true,"href":"https:\/\/perle-in.com\/en\/wp-json\/wp\/v2\/product_brand?post=539466"},{"taxonomy":"product_cat","embeddable":true,"href":"https:\/\/perle-in.com\/en\/wp-json\/wp\/v2\/product_cat?post=539466"},{"taxonomy":"product_tag","embeddable":true,"href":"https:\/\/perle-in.com\/en\/wp-json\/wp\/v2\/product_tag?post=539466"}],"curies":[{"name":"wp","href":"https:\/\/api.w.org\/{rel}","templated":true}]}}