{"id":539444,"date":"2025-10-15T01:54:44","date_gmt":"2025-10-14T23:54:44","guid":{"rendered":"https:\/\/perle-in.com\/produit\/bouteille-de-sport-baseline-de-500-ml-recyclee-avec-couvercle-rabattable\/"},"modified":"2025-10-19T05:46:48","modified_gmt":"2025-10-19T03:46:48","slug":"bouteille-de-sport-baseline-de-500-ml-recyclee-avec-couvercle-rabattable","status":"publish","type":"product","link":"https:\/\/perle-in.com\/en\/product\/bouteille-de-sport-baseline-de-500-ml-recyclee-avec-couvercle-rabattable\/","title":{"rendered":"Bouteille de sport Baseline de 500\u00a0ml recycl\u00e9e avec couvercle rabattable"},"content":{"rendered":"","protected":false},"excerpt":{"rendered":"<p>Cette bouteille de sport \u00e0 paroi unique transforme les bouteilles de lait en plastique \u00e0 usage unique en un objet qui peut \u00eatre utilis\u00e9 \u00e0 maintes reprises. La bouteille est munie d&#8217;un couvercle anti-\u00e9claboussures avec fermeture \u00e0 glissi\u00e8re et d&#8217;une capacit\u00e9 de 500\u00a0ml. En raison de la nature du plastique recycl\u00e9, les nuances de couleur peuvent varier l\u00e9g\u00e8rement et il peut y avoir des taches de couleur. Fabriqu\u00e9 au Royaume-Uni.<\/p>","protected":false},"featured_media":539427,"template":"","meta":{"_eb_attr":""},"product_brand":[],"product_cat":[202,173],"product_tag":[3224,275,175,837,274,836,203],"class_list":{"0":"post-539444","1":"product","2":"type-product","3":"status-publish","4":"has-post-thumbnail","6":"product_cat-bouteilles-de-sport","7":"product_cat-drinkware","8":"product_tag-articles-pour-boissons","9":"product_tag-boissons","10":"product_tag-bouteille","11":"product_tag-durable","12":"product_tag-eau","13":"product_tag-recycle","14":"product_tag-sport","15":"pa_couleurs-blanc-bleu","16":"pa_couleurs-blanc-noir","17":"pa_couleurs-blanc-rouge","18":"pa_couleurs-blanc-vert","19":"pa_couleurs-bleu-bleu","20":"pa_couleurs-naturel-bleu","21":"pa_couleurs-noir-blanc","22":"pa_couleurs-noir-noir","23":"pa_couleurs-noir-orange","24":"pa_couleurs-noir-vert-eau","25":"pa_couleurs-rouge-rouge","26":"pa_couleurs-vert-vert","27":"pa_green-points-2914","28":"pa_matiere-plastique-recycle-hdpe-plastique-pp","29":"pa_pays-d-origine-angleterre","31":"first","32":"instock","33":"shipping-taxable","34":"purchasable","35":"product-type-variable"},"yoast_head":"<!-- This site is optimized with the Yoast SEO plugin v27.4 - https:\/\/yoast.com\/product\/yoast-seo-wordpress\/ -->\n<title>Bouteille de sport Baseline de 500\u00a0ml recycl\u00e9e avec couvercle rabattable - PERLE IN<\/title>\n<meta name=\"robots\" content=\"noindex, follow, max-snippet:-1, max-image-preview:large, max-video-preview:-1\" \/>\n<meta property=\"og:locale\" content=\"en_US\" \/>\n<meta property=\"og:type\" content=\"article\" \/>\n<meta property=\"og:title\" content=\"Bouteille de sport Baseline de 500\u00a0ml recycl\u00e9e avec couvercle rabattable - PERLE IN\" \/>\n<meta property=\"og:description\" content=\"Cette bouteille de sport \u00e0 paroi unique transforme les bouteilles de lait en plastique \u00e0 usage unique en un objet qui peut \u00eatre utilis\u00e9 \u00e0 maintes reprises. La bouteille est munie d&#039;un couvercle anti-\u00e9claboussures avec fermeture \u00e0 glissi\u00e8re et d&#039;une capacit\u00e9 de 500\u00a0ml. En raison de la nature du plastique recycl\u00e9, les nuances de couleur peuvent varier l\u00e9g\u00e8rement et il peut y avoir des taches de couleur. Fabriqu\u00e9 au Royaume-Uni.\" \/>\n<meta property=\"og:url\" content=\"https:\/\/perle-in.com\/en\/product\/bouteille-de-sport-baseline-de-500-ml-recyclee-avec-couvercle-rabattable\/\" \/>\n<meta property=\"og:site_name\" content=\"PERLE IN\" \/>\n<meta property=\"article:modified_time\" content=\"2025-10-19T03:46:48+00:00\" \/>\n<meta property=\"og:image\" content=\"https:\/\/perle-in.com\/wp-content\/uploads\/2025\/10\/21046101-1.jpg\" \/>\n\t<meta property=\"og:image:width\" content=\"1600\" \/>\n\t<meta property=\"og:image:height\" content=\"1600\" \/>\n\t<meta property=\"og:image:type\" content=\"image\/jpeg\" \/>\n<meta name=\"twitter:card\" content=\"summary_large_image\" \/>\n<script type=\"application\/ld+json\" class=\"yoast-schema-graph\">{\"@context\":\"https:\\\/\\\/schema.org\",\"@graph\":[{\"@type\":\"WebPage\",\"@id\":\"https:\\\/\\\/perle-in.com\\\/produit\\\/bouteille-de-sport-baseline-de-500-ml-recyclee-avec-couvercle-rabattable\\\/\",\"url\":\"https:\\\/\\\/perle-in.com\\\/produit\\\/bouteille-de-sport-baseline-de-500-ml-recyclee-avec-couvercle-rabattable\\\/\",\"name\":\"Bouteille de sport Baseline de 500\u00a0ml recycl\u00e9e avec couvercle rabattable - PERLE IN\",\"isPartOf\":{\"@id\":\"https:\\\/\\\/perle-in.com\\\/#website\"},\"primaryImageOfPage\":{\"@id\":\"https:\\\/\\\/perle-in.com\\\/produit\\\/bouteille-de-sport-baseline-de-500-ml-recyclee-avec-couvercle-rabattable\\\/#primaryimage\"},\"image\":{\"@id\":\"https:\\\/\\\/perle-in.com\\\/produit\\\/bouteille-de-sport-baseline-de-500-ml-recyclee-avec-couvercle-rabattable\\\/#primaryimage\"},\"thumbnailUrl\":\"https:\\\/\\\/perle-in.com\\\/wp-content\\\/uploads\\\/2025\\\/10\\\/21046101-1.jpg\",\"datePublished\":\"2025-10-14T23:54:44+00:00\",\"dateModified\":\"2025-10-19T03:46:48+00:00\",\"breadcrumb\":{\"@id\":\"https:\\\/\\\/perle-in.com\\\/produit\\\/bouteille-de-sport-baseline-de-500-ml-recyclee-avec-couvercle-rabattable\\\/#breadcrumb\"},\"inLanguage\":\"en-CA\",\"potentialAction\":[{\"@type\":\"ReadAction\",\"target\":[\"https:\\\/\\\/perle-in.com\\\/produit\\\/bouteille-de-sport-baseline-de-500-ml-recyclee-avec-couvercle-rabattable\\\/\"]}]},{\"@type\":\"ImageObject\",\"inLanguage\":\"en-CA\",\"@id\":\"https:\\\/\\\/perle-in.com\\\/produit\\\/bouteille-de-sport-baseline-de-500-ml-recyclee-avec-couvercle-rabattable\\\/#primaryimage\",\"url\":\"https:\\\/\\\/perle-in.com\\\/wp-content\\\/uploads\\\/2025\\\/10\\\/21046101-1.jpg\",\"contentUrl\":\"https:\\\/\\\/perle-in.com\\\/wp-content\\\/uploads\\\/2025\\\/10\\\/21046101-1.jpg\",\"width\":1600,\"height\":1600},{\"@type\":\"BreadcrumbList\",\"@id\":\"https:\\\/\\\/perle-in.com\\\/produit\\\/bouteille-de-sport-baseline-de-500-ml-recyclee-avec-couvercle-rabattable\\\/#breadcrumb\",\"itemListElement\":[{\"@type\":\"ListItem\",\"position\":1,\"name\":\"Accueil\",\"item\":\"https:\\\/\\\/perle-in.com\\\/\"},{\"@type\":\"ListItem\",\"position\":2,\"name\":\"Boutique\",\"item\":\"https:\\\/\\\/perle-in.com\\\/boutique\\\/\"},{\"@type\":\"ListItem\",\"position\":3,\"name\":\"Bouteille de sport Baseline de 500\u00a0ml recycl\u00e9e avec couvercle rabattable\"}]},{\"@type\":\"WebSite\",\"@id\":\"https:\\\/\\\/perle-in.com\\\/#website\",\"url\":\"https:\\\/\\\/perle-in.com\\\/\",\"name\":\"PERLE IN\",\"description\":\"\",\"publisher\":{\"@id\":\"https:\\\/\\\/perle-in.com\\\/#organization\"},\"potentialAction\":[{\"@type\":\"SearchAction\",\"target\":{\"@type\":\"EntryPoint\",\"urlTemplate\":\"https:\\\/\\\/perle-in.com\\\/?s={search_term_string}\"},\"query-input\":{\"@type\":\"PropertyValueSpecification\",\"valueRequired\":true,\"valueName\":\"search_term_string\"}}],\"inLanguage\":\"en-CA\"},{\"@type\":\"Organization\",\"@id\":\"https:\\\/\\\/perle-in.com\\\/#organization\",\"name\":\"PERLE IN\",\"url\":\"https:\\\/\\\/perle-in.com\\\/\",\"logo\":{\"@type\":\"ImageObject\",\"inLanguage\":\"en-CA\",\"@id\":\"https:\\\/\\\/perle-in.com\\\/#\\\/schema\\\/logo\\\/image\\\/\",\"url\":\"https:\\\/\\\/perle-in.com\\\/wp-content\\\/uploads\\\/2022\\\/12\\\/LOGO-PERLE-IN-COULEUR@3x.webp\",\"contentUrl\":\"https:\\\/\\\/perle-in.com\\\/wp-content\\\/uploads\\\/2022\\\/12\\\/LOGO-PERLE-IN-COULEUR@3x.webp\",\"width\":1600,\"height\":490,\"caption\":\"PERLE IN\"},\"image\":{\"@id\":\"https:\\\/\\\/perle-in.com\\\/#\\\/schema\\\/logo\\\/image\\\/\"}}]}<\/script>\n<!-- \/ Yoast SEO plugin. -->","yoast_head_json":{"title":"Bouteille de sport Baseline de 500\u00a0ml recycl\u00e9e avec couvercle rabattable - PERLE IN","robots":{"index":"noindex","follow":"follow","max-snippet":"max-snippet:-1","max-image-preview":"max-image-preview:large","max-video-preview":"max-video-preview:-1"},"og_locale":"en_US","og_type":"article","og_title":"Bouteille de sport Baseline de 500\u00a0ml recycl\u00e9e avec couvercle rabattable - PERLE IN","og_description":"Cette bouteille de sport \u00e0 paroi unique transforme les bouteilles de lait en plastique \u00e0 usage unique en un objet qui peut \u00eatre utilis\u00e9 \u00e0 maintes reprises. La bouteille est munie d'un couvercle anti-\u00e9claboussures avec fermeture \u00e0 glissi\u00e8re et d'une capacit\u00e9 de 500\u00a0ml. En raison de la nature du plastique recycl\u00e9, les nuances de couleur peuvent varier l\u00e9g\u00e8rement et il peut y avoir des taches de couleur. Fabriqu\u00e9 au Royaume-Uni.","og_url":"https:\/\/perle-in.com\/en\/product\/bouteille-de-sport-baseline-de-500-ml-recyclee-avec-couvercle-rabattable\/","og_site_name":"PERLE IN","article_modified_time":"2025-10-19T03:46:48+00:00","og_image":[{"width":1600,"height":1600,"url":"https:\/\/perle-in.com\/wp-content\/uploads\/2025\/10\/21046101-1.jpg","type":"image\/jpeg"}],"twitter_card":"summary_large_image","schema":{"@context":"https:\/\/schema.org","@graph":[{"@type":"WebPage","@id":"https:\/\/perle-in.com\/produit\/bouteille-de-sport-baseline-de-500-ml-recyclee-avec-couvercle-rabattable\/","url":"https:\/\/perle-in.com\/produit\/bouteille-de-sport-baseline-de-500-ml-recyclee-avec-couvercle-rabattable\/","name":"Bouteille de sport Baseline de 500\u00a0ml recycl\u00e9e avec couvercle rabattable - PERLE IN","isPartOf":{"@id":"https:\/\/perle-in.com\/#website"},"primaryImageOfPage":{"@id":"https:\/\/perle-in.com\/produit\/bouteille-de-sport-baseline-de-500-ml-recyclee-avec-couvercle-rabattable\/#primaryimage"},"image":{"@id":"https:\/\/perle-in.com\/produit\/bouteille-de-sport-baseline-de-500-ml-recyclee-avec-couvercle-rabattable\/#primaryimage"},"thumbnailUrl":"https:\/\/perle-in.com\/wp-content\/uploads\/2025\/10\/21046101-1.jpg","datePublished":"2025-10-14T23:54:44+00:00","dateModified":"2025-10-19T03:46:48+00:00","breadcrumb":{"@id":"https:\/\/perle-in.com\/produit\/bouteille-de-sport-baseline-de-500-ml-recyclee-avec-couvercle-rabattable\/#breadcrumb"},"inLanguage":"en-CA","potentialAction":[{"@type":"ReadAction","target":["https:\/\/perle-in.com\/produit\/bouteille-de-sport-baseline-de-500-ml-recyclee-avec-couvercle-rabattable\/"]}]},{"@type":"ImageObject","inLanguage":"en-CA","@id":"https:\/\/perle-in.com\/produit\/bouteille-de-sport-baseline-de-500-ml-recyclee-avec-couvercle-rabattable\/#primaryimage","url":"https:\/\/perle-in.com\/wp-content\/uploads\/2025\/10\/21046101-1.jpg","contentUrl":"https:\/\/perle-in.com\/wp-content\/uploads\/2025\/10\/21046101-1.jpg","width":1600,"height":1600},{"@type":"BreadcrumbList","@id":"https:\/\/perle-in.com\/produit\/bouteille-de-sport-baseline-de-500-ml-recyclee-avec-couvercle-rabattable\/#breadcrumb","itemListElement":[{"@type":"ListItem","position":1,"name":"Accueil","item":"https:\/\/perle-in.com\/"},{"@type":"ListItem","position":2,"name":"Boutique","item":"https:\/\/perle-in.com\/boutique\/"},{"@type":"ListItem","position":3,"name":"Bouteille de sport Baseline de 500\u00a0ml recycl\u00e9e avec couvercle rabattable"}]},{"@type":"WebSite","@id":"https:\/\/perle-in.com\/#website","url":"https:\/\/perle-in.com\/","name":"PERLE IN","description":"","publisher":{"@id":"https:\/\/perle-in.com\/#organization"},"potentialAction":[{"@type":"SearchAction","target":{"@type":"EntryPoint","urlTemplate":"https:\/\/perle-in.com\/?s={search_term_string}"},"query-input":{"@type":"PropertyValueSpecification","valueRequired":true,"valueName":"search_term_string"}}],"inLanguage":"en-CA"},{"@type":"Organization","@id":"https:\/\/perle-in.com\/#organization","name":"PERLE IN","url":"https:\/\/perle-in.com\/","logo":{"@type":"ImageObject","inLanguage":"en-CA","@id":"https:\/\/perle-in.com\/#\/schema\/logo\/image\/","url":"https:\/\/perle-in.com\/wp-content\/uploads\/2022\/12\/LOGO-PERLE-IN-COULEUR@3x.webp","contentUrl":"https:\/\/perle-in.com\/wp-content\/uploads\/2022\/12\/LOGO-PERLE-IN-COULEUR@3x.webp","width":1600,"height":490,"caption":"PERLE IN"},"image":{"@id":"https:\/\/perle-in.com\/#\/schema\/logo\/image\/"}}]}},"jetpack_sharing_enabled":true,"_links":{"self":[{"href":"https:\/\/perle-in.com\/en\/wp-json\/wp\/v2\/product\/539444","targetHints":{"allow":["GET"]}}],"collection":[{"href":"https:\/\/perle-in.com\/en\/wp-json\/wp\/v2\/product"}],"about":[{"href":"https:\/\/perle-in.com\/en\/wp-json\/wp\/v2\/types\/product"}],"version-history":[{"count":0,"href":"https:\/\/perle-in.com\/en\/wp-json\/wp\/v2\/product\/539444\/revisions"}],"wp:featuredmedia":[{"embeddable":true,"href":"https:\/\/perle-in.com\/en\/wp-json\/wp\/v2\/media\/539427"}],"wp:attachment":[{"href":"https:\/\/perle-in.com\/en\/wp-json\/wp\/v2\/media?parent=539444"}],"wp:term":[{"taxonomy":"product_brand","embeddable":true,"href":"https:\/\/perle-in.com\/en\/wp-json\/wp\/v2\/product_brand?post=539444"},{"taxonomy":"product_cat","embeddable":true,"href":"https:\/\/perle-in.com\/en\/wp-json\/wp\/v2\/product_cat?post=539444"},{"taxonomy":"product_tag","embeddable":true,"href":"https:\/\/perle-in.com\/en\/wp-json\/wp\/v2\/product_tag?post=539444"}],"curies":[{"name":"wp","href":"https:\/\/api.w.org\/{rel}","templated":true}]}}