{"id":539351,"date":"2025-10-15T01:49:09","date_gmt":"2025-10-14T23:49:09","guid":{"rendered":"https:\/\/perle-in.com\/produit\/bouteille-deau-mepal-ellipse-de-500-ml\/"},"modified":"2025-10-19T05:46:47","modified_gmt":"2025-10-19T03:46:47","slug":"bouteille-deau-mepal-ellipse-de-500-ml","status":"publish","type":"product","link":"https:\/\/perle-in.com\/en\/product\/bouteille-deau-mepal-ellipse-de-500-ml\/","title":{"rendered":"Bouteille d&#8217;eau Mepal Ellipse de 500\u00a0ml"},"content":{"rendered":"","protected":false},"excerpt":{"rendered":"<p>Respectueuse de l&#8217;environnement et rentable, cette bouteille d&#8217;eau tendance de Mepal est parfaite pour une utilisation au travail, pendant le sport ou les activit\u00e9s de loisirs. Le bouchon vert peut \u00eatre facilement d\u00e9viss\u00e9 et dispose d&#8217;une boucle pour un transport facile. La bouteille d&#8217;eau Ellipse est exempte de BPA et de phtalate, convient au lave-vaisselle (sans la bande \u00e9lastique) et est 100\u00a0% \u00e9tanche. Conservez la bouteille sans le bouchon apr\u00e8s le nettoyage. Le bouchon peut \u00eatre facilement fix\u00e9 \u00e0 la bouteille \u00e0 l&#8217;aide de la boucle, de sorte que vous ne le perdrez pas. Lorsqu&#8217;elle est utilis\u00e9e pour des boissons gazeuses, \u00e9vitez de remplir la bouteille \u00e0 ras bord.<\/p>","protected":false},"featured_media":539346,"template":"","meta":{"_eb_attr":""},"product_brand":[],"product_cat":[174,173],"product_tag":[275,175,837,274,2727],"class_list":{"0":"post-539351","1":"product","2":"type-product","3":"status-publish","4":"has-post-thumbnail","6":"product_cat-bouteilles-deau","7":"product_cat-drinkware","8":"product_tag-boissons","9":"product_tag-bouteille","10":"product_tag-durable","11":"product_tag-eau","12":"product_tag-mepal","13":"pa_couleurs-charbon","14":"pa_couleurs-sauge","15":"pa_green-points-2680","16":"pa_marque-mepal","17":"pa_matiere-plastique-abs-plastique-pctg","18":"pa_pays-d-origine-pays-bas","20":"first","21":"instock","22":"shipping-taxable","23":"purchasable","24":"product-type-variable"},"yoast_head":"<!-- This site is optimized with the Yoast SEO plugin v27.4 - https:\/\/yoast.com\/product\/yoast-seo-wordpress\/ -->\n<title>Bouteille d&#039;eau Mepal Ellipse de 500\u00a0ml - PERLE IN<\/title>\n<meta name=\"robots\" content=\"noindex, follow, max-snippet:-1, max-image-preview:large, max-video-preview:-1\" \/>\n<meta property=\"og:locale\" content=\"en_US\" \/>\n<meta property=\"og:type\" content=\"article\" \/>\n<meta property=\"og:title\" content=\"Bouteille d&#039;eau Mepal Ellipse de 500\u00a0ml - PERLE IN\" \/>\n<meta property=\"og:description\" content=\"Respectueuse de l&#039;environnement et rentable, cette bouteille d&#039;eau tendance de Mepal est parfaite pour une utilisation au travail, pendant le sport ou les activit\u00e9s de loisirs. Le bouchon vert peut \u00eatre facilement d\u00e9viss\u00e9 et dispose d&#039;une boucle pour un transport facile. La bouteille d&#039;eau Ellipse est exempte de BPA et de phtalate, convient au lave-vaisselle (sans la bande \u00e9lastique) et est 100\u00a0% \u00e9tanche. Conservez la bouteille sans le bouchon apr\u00e8s le nettoyage. Le bouchon peut \u00eatre facilement fix\u00e9 \u00e0 la bouteille \u00e0 l&#039;aide de la boucle, de sorte que vous ne le perdrez pas. Lorsqu&#039;elle est utilis\u00e9e pour des boissons gazeuses, \u00e9vitez de remplir la bouteille \u00e0 ras bord.\" \/>\n<meta property=\"og:url\" content=\"https:\/\/perle-in.com\/en\/product\/bouteille-deau-mepal-ellipse-de-500-ml\/\" \/>\n<meta property=\"og:site_name\" content=\"PERLE IN\" \/>\n<meta property=\"article:modified_time\" content=\"2025-10-19T03:46:47+00:00\" \/>\n<meta property=\"og:image\" content=\"https:\/\/perle-in.com\/wp-content\/uploads\/2025\/10\/10075862-1.jpg\" \/>\n\t<meta property=\"og:image:width\" content=\"1600\" \/>\n\t<meta property=\"og:image:height\" content=\"1600\" \/>\n\t<meta property=\"og:image:type\" content=\"image\/jpeg\" \/>\n<meta name=\"twitter:card\" content=\"summary_large_image\" \/>\n<script type=\"application\/ld+json\" class=\"yoast-schema-graph\">{\"@context\":\"https:\\\/\\\/schema.org\",\"@graph\":[{\"@type\":\"WebPage\",\"@id\":\"https:\\\/\\\/perle-in.com\\\/produit\\\/bouteille-deau-mepal-ellipse-de-500-ml\\\/\",\"url\":\"https:\\\/\\\/perle-in.com\\\/produit\\\/bouteille-deau-mepal-ellipse-de-500-ml\\\/\",\"name\":\"Bouteille d'eau Mepal Ellipse de 500\u00a0ml - PERLE IN\",\"isPartOf\":{\"@id\":\"https:\\\/\\\/perle-in.com\\\/#website\"},\"primaryImageOfPage\":{\"@id\":\"https:\\\/\\\/perle-in.com\\\/produit\\\/bouteille-deau-mepal-ellipse-de-500-ml\\\/#primaryimage\"},\"image\":{\"@id\":\"https:\\\/\\\/perle-in.com\\\/produit\\\/bouteille-deau-mepal-ellipse-de-500-ml\\\/#primaryimage\"},\"thumbnailUrl\":\"https:\\\/\\\/perle-in.com\\\/wp-content\\\/uploads\\\/2025\\\/10\\\/10075862-1.jpg\",\"datePublished\":\"2025-10-14T23:49:09+00:00\",\"dateModified\":\"2025-10-19T03:46:47+00:00\",\"breadcrumb\":{\"@id\":\"https:\\\/\\\/perle-in.com\\\/produit\\\/bouteille-deau-mepal-ellipse-de-500-ml\\\/#breadcrumb\"},\"inLanguage\":\"en-CA\",\"potentialAction\":[{\"@type\":\"ReadAction\",\"target\":[\"https:\\\/\\\/perle-in.com\\\/produit\\\/bouteille-deau-mepal-ellipse-de-500-ml\\\/\"]}]},{\"@type\":\"ImageObject\",\"inLanguage\":\"en-CA\",\"@id\":\"https:\\\/\\\/perle-in.com\\\/produit\\\/bouteille-deau-mepal-ellipse-de-500-ml\\\/#primaryimage\",\"url\":\"https:\\\/\\\/perle-in.com\\\/wp-content\\\/uploads\\\/2025\\\/10\\\/10075862-1.jpg\",\"contentUrl\":\"https:\\\/\\\/perle-in.com\\\/wp-content\\\/uploads\\\/2025\\\/10\\\/10075862-1.jpg\",\"width\":1600,\"height\":1600},{\"@type\":\"BreadcrumbList\",\"@id\":\"https:\\\/\\\/perle-in.com\\\/produit\\\/bouteille-deau-mepal-ellipse-de-500-ml\\\/#breadcrumb\",\"itemListElement\":[{\"@type\":\"ListItem\",\"position\":1,\"name\":\"Accueil\",\"item\":\"https:\\\/\\\/perle-in.com\\\/\"},{\"@type\":\"ListItem\",\"position\":2,\"name\":\"Boutique\",\"item\":\"https:\\\/\\\/perle-in.com\\\/boutique\\\/\"},{\"@type\":\"ListItem\",\"position\":3,\"name\":\"Bouteille d&#8217;eau Mepal Ellipse de 500\u00a0ml\"}]},{\"@type\":\"WebSite\",\"@id\":\"https:\\\/\\\/perle-in.com\\\/#website\",\"url\":\"https:\\\/\\\/perle-in.com\\\/\",\"name\":\"PERLE IN\",\"description\":\"\",\"publisher\":{\"@id\":\"https:\\\/\\\/perle-in.com\\\/#organization\"},\"potentialAction\":[{\"@type\":\"SearchAction\",\"target\":{\"@type\":\"EntryPoint\",\"urlTemplate\":\"https:\\\/\\\/perle-in.com\\\/?s={search_term_string}\"},\"query-input\":{\"@type\":\"PropertyValueSpecification\",\"valueRequired\":true,\"valueName\":\"search_term_string\"}}],\"inLanguage\":\"en-CA\"},{\"@type\":\"Organization\",\"@id\":\"https:\\\/\\\/perle-in.com\\\/#organization\",\"name\":\"PERLE IN\",\"url\":\"https:\\\/\\\/perle-in.com\\\/\",\"logo\":{\"@type\":\"ImageObject\",\"inLanguage\":\"en-CA\",\"@id\":\"https:\\\/\\\/perle-in.com\\\/#\\\/schema\\\/logo\\\/image\\\/\",\"url\":\"https:\\\/\\\/perle-in.com\\\/wp-content\\\/uploads\\\/2022\\\/12\\\/LOGO-PERLE-IN-COULEUR@3x.webp\",\"contentUrl\":\"https:\\\/\\\/perle-in.com\\\/wp-content\\\/uploads\\\/2022\\\/12\\\/LOGO-PERLE-IN-COULEUR@3x.webp\",\"width\":1600,\"height\":490,\"caption\":\"PERLE IN\"},\"image\":{\"@id\":\"https:\\\/\\\/perle-in.com\\\/#\\\/schema\\\/logo\\\/image\\\/\"}}]}<\/script>\n<!-- \/ Yoast SEO plugin. -->","yoast_head_json":{"title":"Bouteille d'eau Mepal Ellipse de 500\u00a0ml - PERLE IN","robots":{"index":"noindex","follow":"follow","max-snippet":"max-snippet:-1","max-image-preview":"max-image-preview:large","max-video-preview":"max-video-preview:-1"},"og_locale":"en_US","og_type":"article","og_title":"Bouteille d'eau Mepal Ellipse de 500\u00a0ml - PERLE IN","og_description":"Respectueuse de l'environnement et rentable, cette bouteille d'eau tendance de Mepal est parfaite pour une utilisation au travail, pendant le sport ou les activit\u00e9s de loisirs. Le bouchon vert peut \u00eatre facilement d\u00e9viss\u00e9 et dispose d'une boucle pour un transport facile. La bouteille d'eau Ellipse est exempte de BPA et de phtalate, convient au lave-vaisselle (sans la bande \u00e9lastique) et est 100\u00a0% \u00e9tanche. Conservez la bouteille sans le bouchon apr\u00e8s le nettoyage. Le bouchon peut \u00eatre facilement fix\u00e9 \u00e0 la bouteille \u00e0 l'aide de la boucle, de sorte que vous ne le perdrez pas. Lorsqu'elle est utilis\u00e9e pour des boissons gazeuses, \u00e9vitez de remplir la bouteille \u00e0 ras bord.","og_url":"https:\/\/perle-in.com\/en\/product\/bouteille-deau-mepal-ellipse-de-500-ml\/","og_site_name":"PERLE IN","article_modified_time":"2025-10-19T03:46:47+00:00","og_image":[{"width":1600,"height":1600,"url":"https:\/\/perle-in.com\/wp-content\/uploads\/2025\/10\/10075862-1.jpg","type":"image\/jpeg"}],"twitter_card":"summary_large_image","schema":{"@context":"https:\/\/schema.org","@graph":[{"@type":"WebPage","@id":"https:\/\/perle-in.com\/produit\/bouteille-deau-mepal-ellipse-de-500-ml\/","url":"https:\/\/perle-in.com\/produit\/bouteille-deau-mepal-ellipse-de-500-ml\/","name":"Bouteille d'eau Mepal Ellipse de 500\u00a0ml - PERLE IN","isPartOf":{"@id":"https:\/\/perle-in.com\/#website"},"primaryImageOfPage":{"@id":"https:\/\/perle-in.com\/produit\/bouteille-deau-mepal-ellipse-de-500-ml\/#primaryimage"},"image":{"@id":"https:\/\/perle-in.com\/produit\/bouteille-deau-mepal-ellipse-de-500-ml\/#primaryimage"},"thumbnailUrl":"https:\/\/perle-in.com\/wp-content\/uploads\/2025\/10\/10075862-1.jpg","datePublished":"2025-10-14T23:49:09+00:00","dateModified":"2025-10-19T03:46:47+00:00","breadcrumb":{"@id":"https:\/\/perle-in.com\/produit\/bouteille-deau-mepal-ellipse-de-500-ml\/#breadcrumb"},"inLanguage":"en-CA","potentialAction":[{"@type":"ReadAction","target":["https:\/\/perle-in.com\/produit\/bouteille-deau-mepal-ellipse-de-500-ml\/"]}]},{"@type":"ImageObject","inLanguage":"en-CA","@id":"https:\/\/perle-in.com\/produit\/bouteille-deau-mepal-ellipse-de-500-ml\/#primaryimage","url":"https:\/\/perle-in.com\/wp-content\/uploads\/2025\/10\/10075862-1.jpg","contentUrl":"https:\/\/perle-in.com\/wp-content\/uploads\/2025\/10\/10075862-1.jpg","width":1600,"height":1600},{"@type":"BreadcrumbList","@id":"https:\/\/perle-in.com\/produit\/bouteille-deau-mepal-ellipse-de-500-ml\/#breadcrumb","itemListElement":[{"@type":"ListItem","position":1,"name":"Accueil","item":"https:\/\/perle-in.com\/"},{"@type":"ListItem","position":2,"name":"Boutique","item":"https:\/\/perle-in.com\/boutique\/"},{"@type":"ListItem","position":3,"name":"Bouteille d&#8217;eau Mepal Ellipse de 500\u00a0ml"}]},{"@type":"WebSite","@id":"https:\/\/perle-in.com\/#website","url":"https:\/\/perle-in.com\/","name":"PERLE IN","description":"","publisher":{"@id":"https:\/\/perle-in.com\/#organization"},"potentialAction":[{"@type":"SearchAction","target":{"@type":"EntryPoint","urlTemplate":"https:\/\/perle-in.com\/?s={search_term_string}"},"query-input":{"@type":"PropertyValueSpecification","valueRequired":true,"valueName":"search_term_string"}}],"inLanguage":"en-CA"},{"@type":"Organization","@id":"https:\/\/perle-in.com\/#organization","name":"PERLE IN","url":"https:\/\/perle-in.com\/","logo":{"@type":"ImageObject","inLanguage":"en-CA","@id":"https:\/\/perle-in.com\/#\/schema\/logo\/image\/","url":"https:\/\/perle-in.com\/wp-content\/uploads\/2022\/12\/LOGO-PERLE-IN-COULEUR@3x.webp","contentUrl":"https:\/\/perle-in.com\/wp-content\/uploads\/2022\/12\/LOGO-PERLE-IN-COULEUR@3x.webp","width":1600,"height":490,"caption":"PERLE IN"},"image":{"@id":"https:\/\/perle-in.com\/#\/schema\/logo\/image\/"}}]}},"jetpack_sharing_enabled":true,"_links":{"self":[{"href":"https:\/\/perle-in.com\/en\/wp-json\/wp\/v2\/product\/539351","targetHints":{"allow":["GET"]}}],"collection":[{"href":"https:\/\/perle-in.com\/en\/wp-json\/wp\/v2\/product"}],"about":[{"href":"https:\/\/perle-in.com\/en\/wp-json\/wp\/v2\/types\/product"}],"version-history":[{"count":0,"href":"https:\/\/perle-in.com\/en\/wp-json\/wp\/v2\/product\/539351\/revisions"}],"wp:featuredmedia":[{"embeddable":true,"href":"https:\/\/perle-in.com\/en\/wp-json\/wp\/v2\/media\/539346"}],"wp:attachment":[{"href":"https:\/\/perle-in.com\/en\/wp-json\/wp\/v2\/media?parent=539351"}],"wp:term":[{"taxonomy":"product_brand","embeddable":true,"href":"https:\/\/perle-in.com\/en\/wp-json\/wp\/v2\/product_brand?post=539351"},{"taxonomy":"product_cat","embeddable":true,"href":"https:\/\/perle-in.com\/en\/wp-json\/wp\/v2\/product_cat?post=539351"},{"taxonomy":"product_tag","embeddable":true,"href":"https:\/\/perle-in.com\/en\/wp-json\/wp\/v2\/product_tag?post=539351"}],"curies":[{"name":"wp","href":"https:\/\/api.w.org\/{rel}","templated":true}]}}