{"id":539329,"date":"2025-10-15T01:47:15","date_gmt":"2025-10-14T23:47:15","guid":{"rendered":"https:\/\/perle-in.com\/produit\/bouteille-deau-a-vin-camelbak-horizon-de-750-ml-avec-isolation-sous-vide\/"},"modified":"2025-10-19T05:47:03","modified_gmt":"2025-10-19T03:47:03","slug":"bouteille-deau-a-vin-camelbak-horizon-de-750-ml-avec-isolation-sous-vide","status":"publish","type":"product","link":"https:\/\/perle-in.com\/en\/product\/bouteille-deau-a-vin-camelbak-horizon-de-750-ml-avec-isolation-sous-vide\/","title":{"rendered":"Bouteille d&#8217;eau\/\u00e0 vin CamelBak\u00ae Horizon de 750\u00a0ml avec isolation sous vide"},"content":{"rendered":"","protected":false},"excerpt":{"rendered":"<p>D\u00e9gustez votre vin avec la bouteille de vin Horizon de 750\u00a0ml . La construction \u00e0 double paroi iavec isolation par le vide maintient la temp\u00e9rature id\u00e9ale de votre vin pr\u00e9f\u00e9r\u00e9 et emp\u00eache la condensation avec sa finition de rev\u00eatement en poudre externe. Que vous profitiez d&#8217;un pique-nique \u00e0 l&#8217;ext\u00e9rieur ou que vous organisiez un d\u00eener, cette bouteille de vin est con\u00e7ue pour garder votre vin froid pendant 35\u00a0heures, et si vous utilisez la bouteille pour du vin chaud, elle restera chaude pendant 25\u00a0heures. Avec une capacit\u00e9 g\u00e9n\u00e9reuse de 750\u00a0ml, elle peut contenir une bouteille de vin pleine. Garantie \u00e0 vie pour les d\u00e9fauts de fabrication. Base en silicone antid\u00e9rapante. Sans BPA, BPS et BPF.<\/p>","protected":false},"featured_media":539321,"template":"","meta":{"_eb_attr":""},"product_brand":[],"product_cat":[257,173],"product_tag":[275,175,359,308,2646,230,2986,1728],"class_list":{"0":"post-539329","1":"product","2":"type-product","3":"status-publish","4":"has-post-thumbnail","6":"product_cat-bouteilles-isothermes","7":"product_cat-drinkware","8":"product_tag-boissons","9":"product_tag-bouteille","10":"product_tag-camelbak","11":"product_tag-gobelet","12":"product_tag-isolation","13":"product_tag-tasse","14":"product_tag-ustensiles","15":"product_tag-vin","16":"pa_couleurs-noir","18":"first","19":"instock","20":"sale","21":"shipping-taxable","22":"purchasable","23":"product-type-variable"},"yoast_head":"<!-- This site is optimized with the Yoast SEO plugin v27.4 - https:\/\/yoast.com\/product\/yoast-seo-wordpress\/ -->\n<title>Bouteille d&#039;eau\/\u00e0 vin CamelBak\u00ae Horizon de 750\u00a0ml avec isolation sous vide - PERLE IN<\/title>\n<meta name=\"robots\" content=\"noindex, follow, max-snippet:-1, max-image-preview:large, max-video-preview:-1\" \/>\n<meta property=\"og:locale\" content=\"en_US\" \/>\n<meta property=\"og:type\" content=\"article\" \/>\n<meta property=\"og:title\" content=\"Bouteille d&#039;eau\/\u00e0 vin CamelBak\u00ae Horizon de 750\u00a0ml avec isolation sous vide - PERLE IN\" \/>\n<meta property=\"og:description\" content=\"D\u00e9gustez votre vin avec la bouteille de vin Horizon de 750\u00a0ml . La construction \u00e0 double paroi iavec isolation par le vide maintient la temp\u00e9rature id\u00e9ale de votre vin pr\u00e9f\u00e9r\u00e9 et emp\u00eache la condensation avec sa finition de rev\u00eatement en poudre externe. Que vous profitiez d&#039;un pique-nique \u00e0 l&#039;ext\u00e9rieur ou que vous organisiez un d\u00eener, cette bouteille de vin est con\u00e7ue pour garder votre vin froid pendant 35\u00a0heures, et si vous utilisez la bouteille pour du vin chaud, elle restera chaude pendant 25\u00a0heures. Avec une capacit\u00e9 g\u00e9n\u00e9reuse de 750\u00a0ml, elle peut contenir une bouteille de vin pleine. Garantie \u00e0 vie pour les d\u00e9fauts de fabrication. Base en silicone antid\u00e9rapante. Sans BPA, BPS et BPF.\" \/>\n<meta property=\"og:url\" content=\"https:\/\/perle-in.com\/en\/product\/bouteille-deau-a-vin-camelbak-horizon-de-750-ml-avec-isolation-sous-vide\/\" \/>\n<meta property=\"og:site_name\" content=\"PERLE IN\" \/>\n<meta property=\"article:modified_time\" content=\"2025-10-19T03:47:03+00:00\" \/>\n<meta property=\"og:image\" content=\"https:\/\/perle-in.com\/wp-content\/uploads\/2025\/10\/10075790-1.jpg\" \/>\n\t<meta property=\"og:image:width\" content=\"1600\" \/>\n\t<meta property=\"og:image:height\" content=\"1600\" \/>\n\t<meta property=\"og:image:type\" content=\"image\/jpeg\" \/>\n<meta name=\"twitter:card\" content=\"summary_large_image\" \/>\n<script type=\"application\/ld+json\" class=\"yoast-schema-graph\">{\"@context\":\"https:\\\/\\\/schema.org\",\"@graph\":[{\"@type\":\"WebPage\",\"@id\":\"https:\\\/\\\/perle-in.com\\\/produit\\\/bouteille-deau-a-vin-camelbak-horizon-de-750-ml-avec-isolation-sous-vide\\\/\",\"url\":\"https:\\\/\\\/perle-in.com\\\/produit\\\/bouteille-deau-a-vin-camelbak-horizon-de-750-ml-avec-isolation-sous-vide\\\/\",\"name\":\"Bouteille d'eau\\\/\u00e0 vin CamelBak\u00ae Horizon de 750\u00a0ml avec isolation sous vide - PERLE IN\",\"isPartOf\":{\"@id\":\"https:\\\/\\\/perle-in.com\\\/#website\"},\"primaryImageOfPage\":{\"@id\":\"https:\\\/\\\/perle-in.com\\\/produit\\\/bouteille-deau-a-vin-camelbak-horizon-de-750-ml-avec-isolation-sous-vide\\\/#primaryimage\"},\"image\":{\"@id\":\"https:\\\/\\\/perle-in.com\\\/produit\\\/bouteille-deau-a-vin-camelbak-horizon-de-750-ml-avec-isolation-sous-vide\\\/#primaryimage\"},\"thumbnailUrl\":\"https:\\\/\\\/perle-in.com\\\/wp-content\\\/uploads\\\/2025\\\/10\\\/10075790-1.jpg\",\"datePublished\":\"2025-10-14T23:47:15+00:00\",\"dateModified\":\"2025-10-19T03:47:03+00:00\",\"breadcrumb\":{\"@id\":\"https:\\\/\\\/perle-in.com\\\/produit\\\/bouteille-deau-a-vin-camelbak-horizon-de-750-ml-avec-isolation-sous-vide\\\/#breadcrumb\"},\"inLanguage\":\"en-CA\",\"potentialAction\":[{\"@type\":\"ReadAction\",\"target\":[\"https:\\\/\\\/perle-in.com\\\/produit\\\/bouteille-deau-a-vin-camelbak-horizon-de-750-ml-avec-isolation-sous-vide\\\/\"]}]},{\"@type\":\"ImageObject\",\"inLanguage\":\"en-CA\",\"@id\":\"https:\\\/\\\/perle-in.com\\\/produit\\\/bouteille-deau-a-vin-camelbak-horizon-de-750-ml-avec-isolation-sous-vide\\\/#primaryimage\",\"url\":\"https:\\\/\\\/perle-in.com\\\/wp-content\\\/uploads\\\/2025\\\/10\\\/10075790-1.jpg\",\"contentUrl\":\"https:\\\/\\\/perle-in.com\\\/wp-content\\\/uploads\\\/2025\\\/10\\\/10075790-1.jpg\",\"width\":1600,\"height\":1600},{\"@type\":\"BreadcrumbList\",\"@id\":\"https:\\\/\\\/perle-in.com\\\/produit\\\/bouteille-deau-a-vin-camelbak-horizon-de-750-ml-avec-isolation-sous-vide\\\/#breadcrumb\",\"itemListElement\":[{\"@type\":\"ListItem\",\"position\":1,\"name\":\"Accueil\",\"item\":\"https:\\\/\\\/perle-in.com\\\/\"},{\"@type\":\"ListItem\",\"position\":2,\"name\":\"Boutique\",\"item\":\"https:\\\/\\\/perle-in.com\\\/boutique\\\/\"},{\"@type\":\"ListItem\",\"position\":3,\"name\":\"Bouteille d&#8217;eau\\\/\u00e0 vin CamelBak\u00ae Horizon de 750\u00a0ml avec isolation sous vide\"}]},{\"@type\":\"WebSite\",\"@id\":\"https:\\\/\\\/perle-in.com\\\/#website\",\"url\":\"https:\\\/\\\/perle-in.com\\\/\",\"name\":\"PERLE IN\",\"description\":\"\",\"publisher\":{\"@id\":\"https:\\\/\\\/perle-in.com\\\/#organization\"},\"potentialAction\":[{\"@type\":\"SearchAction\",\"target\":{\"@type\":\"EntryPoint\",\"urlTemplate\":\"https:\\\/\\\/perle-in.com\\\/?s={search_term_string}\"},\"query-input\":{\"@type\":\"PropertyValueSpecification\",\"valueRequired\":true,\"valueName\":\"search_term_string\"}}],\"inLanguage\":\"en-CA\"},{\"@type\":\"Organization\",\"@id\":\"https:\\\/\\\/perle-in.com\\\/#organization\",\"name\":\"PERLE IN\",\"url\":\"https:\\\/\\\/perle-in.com\\\/\",\"logo\":{\"@type\":\"ImageObject\",\"inLanguage\":\"en-CA\",\"@id\":\"https:\\\/\\\/perle-in.com\\\/#\\\/schema\\\/logo\\\/image\\\/\",\"url\":\"https:\\\/\\\/perle-in.com\\\/wp-content\\\/uploads\\\/2022\\\/12\\\/LOGO-PERLE-IN-COULEUR@3x.webp\",\"contentUrl\":\"https:\\\/\\\/perle-in.com\\\/wp-content\\\/uploads\\\/2022\\\/12\\\/LOGO-PERLE-IN-COULEUR@3x.webp\",\"width\":1600,\"height\":490,\"caption\":\"PERLE IN\"},\"image\":{\"@id\":\"https:\\\/\\\/perle-in.com\\\/#\\\/schema\\\/logo\\\/image\\\/\"}}]}<\/script>\n<!-- \/ Yoast SEO plugin. -->","yoast_head_json":{"title":"Bouteille d'eau\/\u00e0 vin CamelBak\u00ae Horizon de 750\u00a0ml avec isolation sous vide - PERLE IN","robots":{"index":"noindex","follow":"follow","max-snippet":"max-snippet:-1","max-image-preview":"max-image-preview:large","max-video-preview":"max-video-preview:-1"},"og_locale":"en_US","og_type":"article","og_title":"Bouteille d'eau\/\u00e0 vin CamelBak\u00ae Horizon de 750\u00a0ml avec isolation sous vide - PERLE IN","og_description":"D\u00e9gustez votre vin avec la bouteille de vin Horizon de 750\u00a0ml . La construction \u00e0 double paroi iavec isolation par le vide maintient la temp\u00e9rature id\u00e9ale de votre vin pr\u00e9f\u00e9r\u00e9 et emp\u00eache la condensation avec sa finition de rev\u00eatement en poudre externe. Que vous profitiez d'un pique-nique \u00e0 l'ext\u00e9rieur ou que vous organisiez un d\u00eener, cette bouteille de vin est con\u00e7ue pour garder votre vin froid pendant 35\u00a0heures, et si vous utilisez la bouteille pour du vin chaud, elle restera chaude pendant 25\u00a0heures. Avec une capacit\u00e9 g\u00e9n\u00e9reuse de 750\u00a0ml, elle peut contenir une bouteille de vin pleine. Garantie \u00e0 vie pour les d\u00e9fauts de fabrication. Base en silicone antid\u00e9rapante. Sans BPA, BPS et BPF.","og_url":"https:\/\/perle-in.com\/en\/product\/bouteille-deau-a-vin-camelbak-horizon-de-750-ml-avec-isolation-sous-vide\/","og_site_name":"PERLE IN","article_modified_time":"2025-10-19T03:47:03+00:00","og_image":[{"width":1600,"height":1600,"url":"https:\/\/perle-in.com\/wp-content\/uploads\/2025\/10\/10075790-1.jpg","type":"image\/jpeg"}],"twitter_card":"summary_large_image","schema":{"@context":"https:\/\/schema.org","@graph":[{"@type":"WebPage","@id":"https:\/\/perle-in.com\/produit\/bouteille-deau-a-vin-camelbak-horizon-de-750-ml-avec-isolation-sous-vide\/","url":"https:\/\/perle-in.com\/produit\/bouteille-deau-a-vin-camelbak-horizon-de-750-ml-avec-isolation-sous-vide\/","name":"Bouteille d'eau\/\u00e0 vin CamelBak\u00ae Horizon de 750\u00a0ml avec isolation sous vide - PERLE IN","isPartOf":{"@id":"https:\/\/perle-in.com\/#website"},"primaryImageOfPage":{"@id":"https:\/\/perle-in.com\/produit\/bouteille-deau-a-vin-camelbak-horizon-de-750-ml-avec-isolation-sous-vide\/#primaryimage"},"image":{"@id":"https:\/\/perle-in.com\/produit\/bouteille-deau-a-vin-camelbak-horizon-de-750-ml-avec-isolation-sous-vide\/#primaryimage"},"thumbnailUrl":"https:\/\/perle-in.com\/wp-content\/uploads\/2025\/10\/10075790-1.jpg","datePublished":"2025-10-14T23:47:15+00:00","dateModified":"2025-10-19T03:47:03+00:00","breadcrumb":{"@id":"https:\/\/perle-in.com\/produit\/bouteille-deau-a-vin-camelbak-horizon-de-750-ml-avec-isolation-sous-vide\/#breadcrumb"},"inLanguage":"en-CA","potentialAction":[{"@type":"ReadAction","target":["https:\/\/perle-in.com\/produit\/bouteille-deau-a-vin-camelbak-horizon-de-750-ml-avec-isolation-sous-vide\/"]}]},{"@type":"ImageObject","inLanguage":"en-CA","@id":"https:\/\/perle-in.com\/produit\/bouteille-deau-a-vin-camelbak-horizon-de-750-ml-avec-isolation-sous-vide\/#primaryimage","url":"https:\/\/perle-in.com\/wp-content\/uploads\/2025\/10\/10075790-1.jpg","contentUrl":"https:\/\/perle-in.com\/wp-content\/uploads\/2025\/10\/10075790-1.jpg","width":1600,"height":1600},{"@type":"BreadcrumbList","@id":"https:\/\/perle-in.com\/produit\/bouteille-deau-a-vin-camelbak-horizon-de-750-ml-avec-isolation-sous-vide\/#breadcrumb","itemListElement":[{"@type":"ListItem","position":1,"name":"Accueil","item":"https:\/\/perle-in.com\/"},{"@type":"ListItem","position":2,"name":"Boutique","item":"https:\/\/perle-in.com\/boutique\/"},{"@type":"ListItem","position":3,"name":"Bouteille d&#8217;eau\/\u00e0 vin CamelBak\u00ae Horizon de 750\u00a0ml avec isolation sous vide"}]},{"@type":"WebSite","@id":"https:\/\/perle-in.com\/#website","url":"https:\/\/perle-in.com\/","name":"PERLE IN","description":"","publisher":{"@id":"https:\/\/perle-in.com\/#organization"},"potentialAction":[{"@type":"SearchAction","target":{"@type":"EntryPoint","urlTemplate":"https:\/\/perle-in.com\/?s={search_term_string}"},"query-input":{"@type":"PropertyValueSpecification","valueRequired":true,"valueName":"search_term_string"}}],"inLanguage":"en-CA"},{"@type":"Organization","@id":"https:\/\/perle-in.com\/#organization","name":"PERLE IN","url":"https:\/\/perle-in.com\/","logo":{"@type":"ImageObject","inLanguage":"en-CA","@id":"https:\/\/perle-in.com\/#\/schema\/logo\/image\/","url":"https:\/\/perle-in.com\/wp-content\/uploads\/2022\/12\/LOGO-PERLE-IN-COULEUR@3x.webp","contentUrl":"https:\/\/perle-in.com\/wp-content\/uploads\/2022\/12\/LOGO-PERLE-IN-COULEUR@3x.webp","width":1600,"height":490,"caption":"PERLE IN"},"image":{"@id":"https:\/\/perle-in.com\/#\/schema\/logo\/image\/"}}]}},"jetpack_sharing_enabled":true,"_links":{"self":[{"href":"https:\/\/perle-in.com\/en\/wp-json\/wp\/v2\/product\/539329","targetHints":{"allow":["GET"]}}],"collection":[{"href":"https:\/\/perle-in.com\/en\/wp-json\/wp\/v2\/product"}],"about":[{"href":"https:\/\/perle-in.com\/en\/wp-json\/wp\/v2\/types\/product"}],"version-history":[{"count":0,"href":"https:\/\/perle-in.com\/en\/wp-json\/wp\/v2\/product\/539329\/revisions"}],"wp:featuredmedia":[{"embeddable":true,"href":"https:\/\/perle-in.com\/en\/wp-json\/wp\/v2\/media\/539321"}],"wp:attachment":[{"href":"https:\/\/perle-in.com\/en\/wp-json\/wp\/v2\/media?parent=539329"}],"wp:term":[{"taxonomy":"product_brand","embeddable":true,"href":"https:\/\/perle-in.com\/en\/wp-json\/wp\/v2\/product_brand?post=539329"},{"taxonomy":"product_cat","embeddable":true,"href":"https:\/\/perle-in.com\/en\/wp-json\/wp\/v2\/product_cat?post=539329"},{"taxonomy":"product_tag","embeddable":true,"href":"https:\/\/perle-in.com\/en\/wp-json\/wp\/v2\/product_tag?post=539329"}],"curies":[{"name":"wp","href":"https:\/\/api.w.org\/{rel}","templated":true}]}}