{"id":539311,"date":"2025-10-15T01:45:50","date_gmt":"2025-10-14T23:45:50","guid":{"rendered":"https:\/\/perle-in.com\/produit\/gobelet-avec-isolation-par-le-vide-camelbak-forge-flow-de-500-ml\/"},"modified":"2025-10-19T05:47:01","modified_gmt":"2025-10-19T03:47:01","slug":"gobelet-avec-isolation-par-le-vide-camelbak-forge-flow-de-500-ml","status":"publish","type":"product","link":"https:\/\/perle-in.com\/en\/product\/gobelet-avec-isolation-par-le-vide-camelbak-forge-flow-de-500-ml\/","title":{"rendered":"Gobelet avec isolation par le vide CamelBak\u00ae Forge Flow de 500\u00a0ml"},"content":{"rendered":"","protected":false},"excerpt":{"rendered":"<p>Le gobelet avec isolation par le vide CamelBak\u00ae Forge Flow de 500\u00a0ml est \u00e9tanche, auto-obturant et \u00e9quip\u00e9 d&#8217;un couvercle \u00e0 d\u00e9bit r\u00e9gulier pour une utilisation facile. Fabriqu\u00e9 en acier inoxydable et dot\u00e9 d&#8217;une base en silicone antid\u00e9rapante, il garde les boissons chaudes pendant 6\u00a0heures et froides pendant 11\u00a0heures. Le corps et le couvercle du gobelet passent au lave-vaisselle pour un nettoyage en toute simplicit\u00e9. Les amateurs de th\u00e9 peuvent \u00e9galement l&#8217;utiliser avec un infuseur, ce qui en fait le compagnon de voyage id\u00e9al. Design \u00e9l\u00e9gant qui s&#8217;adapte \u00e0 la plupart des porte-gobelets. Agr\u00e9mentez vos aventures quotidiennes gr\u00e2ce \u00e0 ce mug de voyage durable et \u00e9l\u00e9gant. Sans BPA, BPS et BPF.<\/p>","protected":false},"featured_media":539306,"template":"","meta":{"_eb_attr":""},"product_brand":[],"product_cat":[173,189],"product_tag":[275,225,3313,359,308,165,190,227],"class_list":{"0":"post-539311","1":"product","2":"type-product","3":"status-publish","4":"has-post-thumbnail","6":"product_cat-drinkware","7":"product_cat-mugs-isothermes","8":"product_tag-boissons","9":"product_tag-cafe","10":"product_tag-camel-bak","11":"product_tag-camelbak","12":"product_tag-gobelet","13":"product_tag-isotherme","14":"product_tag-mug","15":"product_tag-the","16":"pa_couleurs-noir","18":"first","19":"instock","20":"sale","21":"shipping-taxable","22":"purchasable","23":"product-type-variable"},"yoast_head":"<!-- This site is optimized with the Yoast SEO plugin v27.4 - https:\/\/yoast.com\/product\/yoast-seo-wordpress\/ -->\n<title>Gobelet avec isolation par le vide CamelBak\u00ae Forge Flow de 500\u00a0ml - PERLE IN<\/title>\n<meta name=\"robots\" content=\"noindex, follow, max-snippet:-1, max-image-preview:large, max-video-preview:-1\" \/>\n<meta property=\"og:locale\" content=\"en_US\" \/>\n<meta property=\"og:type\" content=\"article\" \/>\n<meta property=\"og:title\" content=\"Gobelet avec isolation par le vide CamelBak\u00ae Forge Flow de 500\u00a0ml - PERLE IN\" \/>\n<meta property=\"og:description\" content=\"Le gobelet avec isolation par le vide CamelBak\u00ae Forge Flow de 500\u00a0ml est \u00e9tanche, auto-obturant et \u00e9quip\u00e9 d&#039;un couvercle \u00e0 d\u00e9bit r\u00e9gulier pour une utilisation facile. Fabriqu\u00e9 en acier inoxydable et dot\u00e9 d&#039;une base en silicone antid\u00e9rapante, il garde les boissons chaudes pendant 6\u00a0heures et froides pendant 11\u00a0heures. Le corps et le couvercle du gobelet passent au lave-vaisselle pour un nettoyage en toute simplicit\u00e9. Les amateurs de th\u00e9 peuvent \u00e9galement l&#039;utiliser avec un infuseur, ce qui en fait le compagnon de voyage id\u00e9al. Design \u00e9l\u00e9gant qui s&#039;adapte \u00e0 la plupart des porte-gobelets. Agr\u00e9mentez vos aventures quotidiennes gr\u00e2ce \u00e0 ce mug de voyage durable et \u00e9l\u00e9gant. Sans BPA, BPS et BPF.\" \/>\n<meta property=\"og:url\" content=\"https:\/\/perle-in.com\/en\/product\/gobelet-avec-isolation-par-le-vide-camelbak-forge-flow-de-500-ml\/\" \/>\n<meta property=\"og:site_name\" content=\"PERLE IN\" \/>\n<meta property=\"article:modified_time\" content=\"2025-10-19T03:47:01+00:00\" \/>\n<meta property=\"og:image\" content=\"https:\/\/perle-in.com\/wp-content\/uploads\/2025\/10\/10075590-1.jpg\" \/>\n\t<meta property=\"og:image:width\" content=\"1600\" \/>\n\t<meta property=\"og:image:height\" content=\"1600\" \/>\n\t<meta property=\"og:image:type\" content=\"image\/jpeg\" \/>\n<meta name=\"twitter:card\" content=\"summary_large_image\" \/>\n<script type=\"application\/ld+json\" class=\"yoast-schema-graph\">{\"@context\":\"https:\\\/\\\/schema.org\",\"@graph\":[{\"@type\":\"WebPage\",\"@id\":\"https:\\\/\\\/perle-in.com\\\/produit\\\/gobelet-avec-isolation-par-le-vide-camelbak-forge-flow-de-500-ml\\\/\",\"url\":\"https:\\\/\\\/perle-in.com\\\/produit\\\/gobelet-avec-isolation-par-le-vide-camelbak-forge-flow-de-500-ml\\\/\",\"name\":\"Gobelet avec isolation par le vide CamelBak\u00ae Forge Flow de 500\u00a0ml - PERLE IN\",\"isPartOf\":{\"@id\":\"https:\\\/\\\/perle-in.com\\\/#website\"},\"primaryImageOfPage\":{\"@id\":\"https:\\\/\\\/perle-in.com\\\/produit\\\/gobelet-avec-isolation-par-le-vide-camelbak-forge-flow-de-500-ml\\\/#primaryimage\"},\"image\":{\"@id\":\"https:\\\/\\\/perle-in.com\\\/produit\\\/gobelet-avec-isolation-par-le-vide-camelbak-forge-flow-de-500-ml\\\/#primaryimage\"},\"thumbnailUrl\":\"https:\\\/\\\/perle-in.com\\\/wp-content\\\/uploads\\\/2025\\\/10\\\/10075590-1.jpg\",\"datePublished\":\"2025-10-14T23:45:50+00:00\",\"dateModified\":\"2025-10-19T03:47:01+00:00\",\"breadcrumb\":{\"@id\":\"https:\\\/\\\/perle-in.com\\\/produit\\\/gobelet-avec-isolation-par-le-vide-camelbak-forge-flow-de-500-ml\\\/#breadcrumb\"},\"inLanguage\":\"en-CA\",\"potentialAction\":[{\"@type\":\"ReadAction\",\"target\":[\"https:\\\/\\\/perle-in.com\\\/produit\\\/gobelet-avec-isolation-par-le-vide-camelbak-forge-flow-de-500-ml\\\/\"]}]},{\"@type\":\"ImageObject\",\"inLanguage\":\"en-CA\",\"@id\":\"https:\\\/\\\/perle-in.com\\\/produit\\\/gobelet-avec-isolation-par-le-vide-camelbak-forge-flow-de-500-ml\\\/#primaryimage\",\"url\":\"https:\\\/\\\/perle-in.com\\\/wp-content\\\/uploads\\\/2025\\\/10\\\/10075590-1.jpg\",\"contentUrl\":\"https:\\\/\\\/perle-in.com\\\/wp-content\\\/uploads\\\/2025\\\/10\\\/10075590-1.jpg\",\"width\":1600,\"height\":1600},{\"@type\":\"BreadcrumbList\",\"@id\":\"https:\\\/\\\/perle-in.com\\\/produit\\\/gobelet-avec-isolation-par-le-vide-camelbak-forge-flow-de-500-ml\\\/#breadcrumb\",\"itemListElement\":[{\"@type\":\"ListItem\",\"position\":1,\"name\":\"Accueil\",\"item\":\"https:\\\/\\\/perle-in.com\\\/\"},{\"@type\":\"ListItem\",\"position\":2,\"name\":\"Boutique\",\"item\":\"https:\\\/\\\/perle-in.com\\\/boutique\\\/\"},{\"@type\":\"ListItem\",\"position\":3,\"name\":\"Gobelet avec isolation par le vide CamelBak\u00ae Forge Flow de 500\u00a0ml\"}]},{\"@type\":\"WebSite\",\"@id\":\"https:\\\/\\\/perle-in.com\\\/#website\",\"url\":\"https:\\\/\\\/perle-in.com\\\/\",\"name\":\"PERLE IN\",\"description\":\"\",\"publisher\":{\"@id\":\"https:\\\/\\\/perle-in.com\\\/#organization\"},\"potentialAction\":[{\"@type\":\"SearchAction\",\"target\":{\"@type\":\"EntryPoint\",\"urlTemplate\":\"https:\\\/\\\/perle-in.com\\\/?s={search_term_string}\"},\"query-input\":{\"@type\":\"PropertyValueSpecification\",\"valueRequired\":true,\"valueName\":\"search_term_string\"}}],\"inLanguage\":\"en-CA\"},{\"@type\":\"Organization\",\"@id\":\"https:\\\/\\\/perle-in.com\\\/#organization\",\"name\":\"PERLE IN\",\"url\":\"https:\\\/\\\/perle-in.com\\\/\",\"logo\":{\"@type\":\"ImageObject\",\"inLanguage\":\"en-CA\",\"@id\":\"https:\\\/\\\/perle-in.com\\\/#\\\/schema\\\/logo\\\/image\\\/\",\"url\":\"https:\\\/\\\/perle-in.com\\\/wp-content\\\/uploads\\\/2022\\\/12\\\/LOGO-PERLE-IN-COULEUR@3x.webp\",\"contentUrl\":\"https:\\\/\\\/perle-in.com\\\/wp-content\\\/uploads\\\/2022\\\/12\\\/LOGO-PERLE-IN-COULEUR@3x.webp\",\"width\":1600,\"height\":490,\"caption\":\"PERLE IN\"},\"image\":{\"@id\":\"https:\\\/\\\/perle-in.com\\\/#\\\/schema\\\/logo\\\/image\\\/\"}}]}<\/script>\n<!-- \/ Yoast SEO plugin. -->","yoast_head_json":{"title":"Gobelet avec isolation par le vide CamelBak\u00ae Forge Flow de 500\u00a0ml - PERLE IN","robots":{"index":"noindex","follow":"follow","max-snippet":"max-snippet:-1","max-image-preview":"max-image-preview:large","max-video-preview":"max-video-preview:-1"},"og_locale":"en_US","og_type":"article","og_title":"Gobelet avec isolation par le vide CamelBak\u00ae Forge Flow de 500\u00a0ml - PERLE IN","og_description":"Le gobelet avec isolation par le vide CamelBak\u00ae Forge Flow de 500\u00a0ml est \u00e9tanche, auto-obturant et \u00e9quip\u00e9 d'un couvercle \u00e0 d\u00e9bit r\u00e9gulier pour une utilisation facile. Fabriqu\u00e9 en acier inoxydable et dot\u00e9 d'une base en silicone antid\u00e9rapante, il garde les boissons chaudes pendant 6\u00a0heures et froides pendant 11\u00a0heures. Le corps et le couvercle du gobelet passent au lave-vaisselle pour un nettoyage en toute simplicit\u00e9. Les amateurs de th\u00e9 peuvent \u00e9galement l'utiliser avec un infuseur, ce qui en fait le compagnon de voyage id\u00e9al. Design \u00e9l\u00e9gant qui s'adapte \u00e0 la plupart des porte-gobelets. Agr\u00e9mentez vos aventures quotidiennes gr\u00e2ce \u00e0 ce mug de voyage durable et \u00e9l\u00e9gant. Sans BPA, BPS et BPF.","og_url":"https:\/\/perle-in.com\/en\/product\/gobelet-avec-isolation-par-le-vide-camelbak-forge-flow-de-500-ml\/","og_site_name":"PERLE IN","article_modified_time":"2025-10-19T03:47:01+00:00","og_image":[{"width":1600,"height":1600,"url":"https:\/\/perle-in.com\/wp-content\/uploads\/2025\/10\/10075590-1.jpg","type":"image\/jpeg"}],"twitter_card":"summary_large_image","schema":{"@context":"https:\/\/schema.org","@graph":[{"@type":"WebPage","@id":"https:\/\/perle-in.com\/produit\/gobelet-avec-isolation-par-le-vide-camelbak-forge-flow-de-500-ml\/","url":"https:\/\/perle-in.com\/produit\/gobelet-avec-isolation-par-le-vide-camelbak-forge-flow-de-500-ml\/","name":"Gobelet avec isolation par le vide CamelBak\u00ae Forge Flow de 500\u00a0ml - PERLE IN","isPartOf":{"@id":"https:\/\/perle-in.com\/#website"},"primaryImageOfPage":{"@id":"https:\/\/perle-in.com\/produit\/gobelet-avec-isolation-par-le-vide-camelbak-forge-flow-de-500-ml\/#primaryimage"},"image":{"@id":"https:\/\/perle-in.com\/produit\/gobelet-avec-isolation-par-le-vide-camelbak-forge-flow-de-500-ml\/#primaryimage"},"thumbnailUrl":"https:\/\/perle-in.com\/wp-content\/uploads\/2025\/10\/10075590-1.jpg","datePublished":"2025-10-14T23:45:50+00:00","dateModified":"2025-10-19T03:47:01+00:00","breadcrumb":{"@id":"https:\/\/perle-in.com\/produit\/gobelet-avec-isolation-par-le-vide-camelbak-forge-flow-de-500-ml\/#breadcrumb"},"inLanguage":"en-CA","potentialAction":[{"@type":"ReadAction","target":["https:\/\/perle-in.com\/produit\/gobelet-avec-isolation-par-le-vide-camelbak-forge-flow-de-500-ml\/"]}]},{"@type":"ImageObject","inLanguage":"en-CA","@id":"https:\/\/perle-in.com\/produit\/gobelet-avec-isolation-par-le-vide-camelbak-forge-flow-de-500-ml\/#primaryimage","url":"https:\/\/perle-in.com\/wp-content\/uploads\/2025\/10\/10075590-1.jpg","contentUrl":"https:\/\/perle-in.com\/wp-content\/uploads\/2025\/10\/10075590-1.jpg","width":1600,"height":1600},{"@type":"BreadcrumbList","@id":"https:\/\/perle-in.com\/produit\/gobelet-avec-isolation-par-le-vide-camelbak-forge-flow-de-500-ml\/#breadcrumb","itemListElement":[{"@type":"ListItem","position":1,"name":"Accueil","item":"https:\/\/perle-in.com\/"},{"@type":"ListItem","position":2,"name":"Boutique","item":"https:\/\/perle-in.com\/boutique\/"},{"@type":"ListItem","position":3,"name":"Gobelet avec isolation par le vide CamelBak\u00ae Forge Flow de 500\u00a0ml"}]},{"@type":"WebSite","@id":"https:\/\/perle-in.com\/#website","url":"https:\/\/perle-in.com\/","name":"PERLE IN","description":"","publisher":{"@id":"https:\/\/perle-in.com\/#organization"},"potentialAction":[{"@type":"SearchAction","target":{"@type":"EntryPoint","urlTemplate":"https:\/\/perle-in.com\/?s={search_term_string}"},"query-input":{"@type":"PropertyValueSpecification","valueRequired":true,"valueName":"search_term_string"}}],"inLanguage":"en-CA"},{"@type":"Organization","@id":"https:\/\/perle-in.com\/#organization","name":"PERLE IN","url":"https:\/\/perle-in.com\/","logo":{"@type":"ImageObject","inLanguage":"en-CA","@id":"https:\/\/perle-in.com\/#\/schema\/logo\/image\/","url":"https:\/\/perle-in.com\/wp-content\/uploads\/2022\/12\/LOGO-PERLE-IN-COULEUR@3x.webp","contentUrl":"https:\/\/perle-in.com\/wp-content\/uploads\/2022\/12\/LOGO-PERLE-IN-COULEUR@3x.webp","width":1600,"height":490,"caption":"PERLE IN"},"image":{"@id":"https:\/\/perle-in.com\/#\/schema\/logo\/image\/"}}]}},"jetpack_sharing_enabled":true,"_links":{"self":[{"href":"https:\/\/perle-in.com\/en\/wp-json\/wp\/v2\/product\/539311","targetHints":{"allow":["GET"]}}],"collection":[{"href":"https:\/\/perle-in.com\/en\/wp-json\/wp\/v2\/product"}],"about":[{"href":"https:\/\/perle-in.com\/en\/wp-json\/wp\/v2\/types\/product"}],"version-history":[{"count":0,"href":"https:\/\/perle-in.com\/en\/wp-json\/wp\/v2\/product\/539311\/revisions"}],"wp:featuredmedia":[{"embeddable":true,"href":"https:\/\/perle-in.com\/en\/wp-json\/wp\/v2\/media\/539306"}],"wp:attachment":[{"href":"https:\/\/perle-in.com\/en\/wp-json\/wp\/v2\/media?parent=539311"}],"wp:term":[{"taxonomy":"product_brand","embeddable":true,"href":"https:\/\/perle-in.com\/en\/wp-json\/wp\/v2\/product_brand?post=539311"},{"taxonomy":"product_cat","embeddable":true,"href":"https:\/\/perle-in.com\/en\/wp-json\/wp\/v2\/product_cat?post=539311"},{"taxonomy":"product_tag","embeddable":true,"href":"https:\/\/perle-in.com\/en\/wp-json\/wp\/v2\/product_tag?post=539311"}],"curies":[{"name":"wp","href":"https:\/\/api.w.org\/{rel}","templated":true}]}}