{"id":539303,"date":"2025-10-15T01:44:54","date_gmt":"2025-10-14T23:44:54","guid":{"rendered":"https:\/\/perle-in.com\/produit\/jeu-de-tournevis-octo-8-en-1-rcs-en-plastique-recycle-avec-torche\/"},"modified":"2025-10-19T05:46:59","modified_gmt":"2025-10-19T03:46:59","slug":"jeu-de-tournevis-octo-8-en-1-rcs-en-plastique-recycle-avec-torche","status":"publish","type":"product","link":"https:\/\/perle-in.com\/en\/product\/jeu-de-tournevis-octo-8-en-1-rcs-en-plastique-recycle-avec-torche\/","title":{"rendered":"Jeu de tournevis Octo 8-en-1 RCS en plastique recycl\u00e9 avec torche"},"content":{"rendered":"","protected":false},"excerpt":{"rendered":"<p>Ensemble de tournevis compact 8-en-1 avec lampe de poche en plastique recycl\u00e9 certifi\u00e9 RCS (20\u00a0%). La norme RCS (Recycled Claim Standard) v\u00e9rifie le contenu recycl\u00e9 d&#8217;un produit tout au long de la cha\u00eene d&#8217;approvisionnement. Cet outil pratique comprend 2\u00a0lampes LED, 3\u00a0t\u00eates cruciformes et 3\u00a0t\u00eates plates. Livr\u00e9 avec trois\u00a0piles LR44. Emball\u00e9 dans un coffret cadeau STAC provenant de sources durables.<\/p>","protected":false},"featured_media":539294,"template":"","meta":{"_eb_attr":""},"product_brand":[],"product_cat":[438,531],"product_tag":[837,2884,836,536,3312],"class_list":{"0":"post-539303","1":"product","2":"type-product","3":"status-publish","4":"has-post-thumbnail","6":"product_cat-outils-et-accessoires-pour-la-voiture","7":"product_cat-sets-doutils","8":"product_tag-durable","9":"product_tag-rcs","10":"product_tag-recycle","11":"product_tag-torche","12":"product_tag-tournevis","13":"pa_couleurs-jaune","14":"pa_couleurs-noir","15":"pa_green-points-3218","16":"pa_marque-stac","17":"pa_matiere-plastique-recycle-abs","19":"first","20":"instock","21":"sale","22":"shipping-taxable","23":"purchasable","24":"product-type-variable"},"yoast_head":"<!-- This site is optimized with the Yoast SEO plugin v27.4 - https:\/\/yoast.com\/product\/yoast-seo-wordpress\/ -->\n<title>Jeu de tournevis Octo 8-en-1 RCS en plastique recycl\u00e9 avec torche - PERLE IN<\/title>\n<meta name=\"robots\" content=\"noindex, follow, max-snippet:-1, max-image-preview:large, max-video-preview:-1\" \/>\n<meta property=\"og:locale\" content=\"en_US\" \/>\n<meta property=\"og:type\" content=\"article\" \/>\n<meta property=\"og:title\" content=\"Jeu de tournevis Octo 8-en-1 RCS en plastique recycl\u00e9 avec torche - PERLE IN\" \/>\n<meta property=\"og:description\" content=\"Ensemble de tournevis compact 8-en-1 avec lampe de poche en plastique recycl\u00e9 certifi\u00e9 RCS (20\u00a0%). La norme RCS (Recycled Claim Standard) v\u00e9rifie le contenu recycl\u00e9 d&#039;un produit tout au long de la cha\u00eene d&#039;approvisionnement. Cet outil pratique comprend 2\u00a0lampes LED, 3\u00a0t\u00eates cruciformes et 3\u00a0t\u00eates plates. Livr\u00e9 avec trois\u00a0piles LR44. Emball\u00e9 dans un coffret cadeau STAC provenant de sources durables.\" \/>\n<meta property=\"og:url\" content=\"https:\/\/perle-in.com\/en\/product\/jeu-de-tournevis-octo-8-en-1-rcs-en-plastique-recycle-avec-torche\/\" \/>\n<meta property=\"og:site_name\" content=\"PERLE IN\" \/>\n<meta property=\"article:modified_time\" content=\"2025-10-19T03:46:59+00:00\" \/>\n<meta property=\"og:image\" content=\"https:\/\/perle-in.com\/wp-content\/uploads\/2025\/10\/10456911-1.jpg\" \/>\n\t<meta property=\"og:image:width\" content=\"1600\" \/>\n\t<meta property=\"og:image:height\" content=\"1600\" \/>\n\t<meta property=\"og:image:type\" content=\"image\/jpeg\" \/>\n<meta name=\"twitter:card\" content=\"summary_large_image\" \/>\n<script type=\"application\/ld+json\" class=\"yoast-schema-graph\">{\"@context\":\"https:\\\/\\\/schema.org\",\"@graph\":[{\"@type\":\"WebPage\",\"@id\":\"https:\\\/\\\/perle-in.com\\\/produit\\\/jeu-de-tournevis-octo-8-en-1-rcs-en-plastique-recycle-avec-torche\\\/\",\"url\":\"https:\\\/\\\/perle-in.com\\\/produit\\\/jeu-de-tournevis-octo-8-en-1-rcs-en-plastique-recycle-avec-torche\\\/\",\"name\":\"Jeu de tournevis Octo 8-en-1 RCS en plastique recycl\u00e9 avec torche - PERLE IN\",\"isPartOf\":{\"@id\":\"https:\\\/\\\/perle-in.com\\\/#website\"},\"primaryImageOfPage\":{\"@id\":\"https:\\\/\\\/perle-in.com\\\/produit\\\/jeu-de-tournevis-octo-8-en-1-rcs-en-plastique-recycle-avec-torche\\\/#primaryimage\"},\"image\":{\"@id\":\"https:\\\/\\\/perle-in.com\\\/produit\\\/jeu-de-tournevis-octo-8-en-1-rcs-en-plastique-recycle-avec-torche\\\/#primaryimage\"},\"thumbnailUrl\":\"https:\\\/\\\/perle-in.com\\\/wp-content\\\/uploads\\\/2025\\\/10\\\/10456911-1.jpg\",\"datePublished\":\"2025-10-14T23:44:54+00:00\",\"dateModified\":\"2025-10-19T03:46:59+00:00\",\"breadcrumb\":{\"@id\":\"https:\\\/\\\/perle-in.com\\\/produit\\\/jeu-de-tournevis-octo-8-en-1-rcs-en-plastique-recycle-avec-torche\\\/#breadcrumb\"},\"inLanguage\":\"en-CA\",\"potentialAction\":[{\"@type\":\"ReadAction\",\"target\":[\"https:\\\/\\\/perle-in.com\\\/produit\\\/jeu-de-tournevis-octo-8-en-1-rcs-en-plastique-recycle-avec-torche\\\/\"]}]},{\"@type\":\"ImageObject\",\"inLanguage\":\"en-CA\",\"@id\":\"https:\\\/\\\/perle-in.com\\\/produit\\\/jeu-de-tournevis-octo-8-en-1-rcs-en-plastique-recycle-avec-torche\\\/#primaryimage\",\"url\":\"https:\\\/\\\/perle-in.com\\\/wp-content\\\/uploads\\\/2025\\\/10\\\/10456911-1.jpg\",\"contentUrl\":\"https:\\\/\\\/perle-in.com\\\/wp-content\\\/uploads\\\/2025\\\/10\\\/10456911-1.jpg\",\"width\":1600,\"height\":1600},{\"@type\":\"BreadcrumbList\",\"@id\":\"https:\\\/\\\/perle-in.com\\\/produit\\\/jeu-de-tournevis-octo-8-en-1-rcs-en-plastique-recycle-avec-torche\\\/#breadcrumb\",\"itemListElement\":[{\"@type\":\"ListItem\",\"position\":1,\"name\":\"Accueil\",\"item\":\"https:\\\/\\\/perle-in.com\\\/\"},{\"@type\":\"ListItem\",\"position\":2,\"name\":\"Boutique\",\"item\":\"https:\\\/\\\/perle-in.com\\\/boutique\\\/\"},{\"@type\":\"ListItem\",\"position\":3,\"name\":\"Jeu de tournevis Octo 8-en-1 RCS en plastique recycl\u00e9 avec torche\"}]},{\"@type\":\"WebSite\",\"@id\":\"https:\\\/\\\/perle-in.com\\\/#website\",\"url\":\"https:\\\/\\\/perle-in.com\\\/\",\"name\":\"PERLE IN\",\"description\":\"\",\"publisher\":{\"@id\":\"https:\\\/\\\/perle-in.com\\\/#organization\"},\"potentialAction\":[{\"@type\":\"SearchAction\",\"target\":{\"@type\":\"EntryPoint\",\"urlTemplate\":\"https:\\\/\\\/perle-in.com\\\/?s={search_term_string}\"},\"query-input\":{\"@type\":\"PropertyValueSpecification\",\"valueRequired\":true,\"valueName\":\"search_term_string\"}}],\"inLanguage\":\"en-CA\"},{\"@type\":\"Organization\",\"@id\":\"https:\\\/\\\/perle-in.com\\\/#organization\",\"name\":\"PERLE IN\",\"url\":\"https:\\\/\\\/perle-in.com\\\/\",\"logo\":{\"@type\":\"ImageObject\",\"inLanguage\":\"en-CA\",\"@id\":\"https:\\\/\\\/perle-in.com\\\/#\\\/schema\\\/logo\\\/image\\\/\",\"url\":\"https:\\\/\\\/perle-in.com\\\/wp-content\\\/uploads\\\/2022\\\/12\\\/LOGO-PERLE-IN-COULEUR@3x.webp\",\"contentUrl\":\"https:\\\/\\\/perle-in.com\\\/wp-content\\\/uploads\\\/2022\\\/12\\\/LOGO-PERLE-IN-COULEUR@3x.webp\",\"width\":1600,\"height\":490,\"caption\":\"PERLE IN\"},\"image\":{\"@id\":\"https:\\\/\\\/perle-in.com\\\/#\\\/schema\\\/logo\\\/image\\\/\"}}]}<\/script>\n<!-- \/ Yoast SEO plugin. -->","yoast_head_json":{"title":"Jeu de tournevis Octo 8-en-1 RCS en plastique recycl\u00e9 avec torche - PERLE IN","robots":{"index":"noindex","follow":"follow","max-snippet":"max-snippet:-1","max-image-preview":"max-image-preview:large","max-video-preview":"max-video-preview:-1"},"og_locale":"en_US","og_type":"article","og_title":"Jeu de tournevis Octo 8-en-1 RCS en plastique recycl\u00e9 avec torche - PERLE IN","og_description":"Ensemble de tournevis compact 8-en-1 avec lampe de poche en plastique recycl\u00e9 certifi\u00e9 RCS (20\u00a0%). La norme RCS (Recycled Claim Standard) v\u00e9rifie le contenu recycl\u00e9 d'un produit tout au long de la cha\u00eene d'approvisionnement. Cet outil pratique comprend 2\u00a0lampes LED, 3\u00a0t\u00eates cruciformes et 3\u00a0t\u00eates plates. Livr\u00e9 avec trois\u00a0piles LR44. Emball\u00e9 dans un coffret cadeau STAC provenant de sources durables.","og_url":"https:\/\/perle-in.com\/en\/product\/jeu-de-tournevis-octo-8-en-1-rcs-en-plastique-recycle-avec-torche\/","og_site_name":"PERLE IN","article_modified_time":"2025-10-19T03:46:59+00:00","og_image":[{"width":1600,"height":1600,"url":"https:\/\/perle-in.com\/wp-content\/uploads\/2025\/10\/10456911-1.jpg","type":"image\/jpeg"}],"twitter_card":"summary_large_image","schema":{"@context":"https:\/\/schema.org","@graph":[{"@type":"WebPage","@id":"https:\/\/perle-in.com\/produit\/jeu-de-tournevis-octo-8-en-1-rcs-en-plastique-recycle-avec-torche\/","url":"https:\/\/perle-in.com\/produit\/jeu-de-tournevis-octo-8-en-1-rcs-en-plastique-recycle-avec-torche\/","name":"Jeu de tournevis Octo 8-en-1 RCS en plastique recycl\u00e9 avec torche - PERLE IN","isPartOf":{"@id":"https:\/\/perle-in.com\/#website"},"primaryImageOfPage":{"@id":"https:\/\/perle-in.com\/produit\/jeu-de-tournevis-octo-8-en-1-rcs-en-plastique-recycle-avec-torche\/#primaryimage"},"image":{"@id":"https:\/\/perle-in.com\/produit\/jeu-de-tournevis-octo-8-en-1-rcs-en-plastique-recycle-avec-torche\/#primaryimage"},"thumbnailUrl":"https:\/\/perle-in.com\/wp-content\/uploads\/2025\/10\/10456911-1.jpg","datePublished":"2025-10-14T23:44:54+00:00","dateModified":"2025-10-19T03:46:59+00:00","breadcrumb":{"@id":"https:\/\/perle-in.com\/produit\/jeu-de-tournevis-octo-8-en-1-rcs-en-plastique-recycle-avec-torche\/#breadcrumb"},"inLanguage":"en-CA","potentialAction":[{"@type":"ReadAction","target":["https:\/\/perle-in.com\/produit\/jeu-de-tournevis-octo-8-en-1-rcs-en-plastique-recycle-avec-torche\/"]}]},{"@type":"ImageObject","inLanguage":"en-CA","@id":"https:\/\/perle-in.com\/produit\/jeu-de-tournevis-octo-8-en-1-rcs-en-plastique-recycle-avec-torche\/#primaryimage","url":"https:\/\/perle-in.com\/wp-content\/uploads\/2025\/10\/10456911-1.jpg","contentUrl":"https:\/\/perle-in.com\/wp-content\/uploads\/2025\/10\/10456911-1.jpg","width":1600,"height":1600},{"@type":"BreadcrumbList","@id":"https:\/\/perle-in.com\/produit\/jeu-de-tournevis-octo-8-en-1-rcs-en-plastique-recycle-avec-torche\/#breadcrumb","itemListElement":[{"@type":"ListItem","position":1,"name":"Accueil","item":"https:\/\/perle-in.com\/"},{"@type":"ListItem","position":2,"name":"Boutique","item":"https:\/\/perle-in.com\/boutique\/"},{"@type":"ListItem","position":3,"name":"Jeu de tournevis Octo 8-en-1 RCS en plastique recycl\u00e9 avec torche"}]},{"@type":"WebSite","@id":"https:\/\/perle-in.com\/#website","url":"https:\/\/perle-in.com\/","name":"PERLE IN","description":"","publisher":{"@id":"https:\/\/perle-in.com\/#organization"},"potentialAction":[{"@type":"SearchAction","target":{"@type":"EntryPoint","urlTemplate":"https:\/\/perle-in.com\/?s={search_term_string}"},"query-input":{"@type":"PropertyValueSpecification","valueRequired":true,"valueName":"search_term_string"}}],"inLanguage":"en-CA"},{"@type":"Organization","@id":"https:\/\/perle-in.com\/#organization","name":"PERLE IN","url":"https:\/\/perle-in.com\/","logo":{"@type":"ImageObject","inLanguage":"en-CA","@id":"https:\/\/perle-in.com\/#\/schema\/logo\/image\/","url":"https:\/\/perle-in.com\/wp-content\/uploads\/2022\/12\/LOGO-PERLE-IN-COULEUR@3x.webp","contentUrl":"https:\/\/perle-in.com\/wp-content\/uploads\/2022\/12\/LOGO-PERLE-IN-COULEUR@3x.webp","width":1600,"height":490,"caption":"PERLE IN"},"image":{"@id":"https:\/\/perle-in.com\/#\/schema\/logo\/image\/"}}]}},"jetpack_sharing_enabled":true,"_links":{"self":[{"href":"https:\/\/perle-in.com\/en\/wp-json\/wp\/v2\/product\/539303","targetHints":{"allow":["GET"]}}],"collection":[{"href":"https:\/\/perle-in.com\/en\/wp-json\/wp\/v2\/product"}],"about":[{"href":"https:\/\/perle-in.com\/en\/wp-json\/wp\/v2\/types\/product"}],"version-history":[{"count":0,"href":"https:\/\/perle-in.com\/en\/wp-json\/wp\/v2\/product\/539303\/revisions"}],"wp:featuredmedia":[{"embeddable":true,"href":"https:\/\/perle-in.com\/en\/wp-json\/wp\/v2\/media\/539294"}],"wp:attachment":[{"href":"https:\/\/perle-in.com\/en\/wp-json\/wp\/v2\/media?parent=539303"}],"wp:term":[{"taxonomy":"product_brand","embeddable":true,"href":"https:\/\/perle-in.com\/en\/wp-json\/wp\/v2\/product_brand?post=539303"},{"taxonomy":"product_cat","embeddable":true,"href":"https:\/\/perle-in.com\/en\/wp-json\/wp\/v2\/product_cat?post=539303"},{"taxonomy":"product_tag","embeddable":true,"href":"https:\/\/perle-in.com\/en\/wp-json\/wp\/v2\/product_tag?post=539303"}],"curies":[{"name":"wp","href":"https:\/\/api.w.org\/{rel}","templated":true}]}}