{"id":539270,"date":"2025-10-15T01:43:03","date_gmt":"2025-10-14T23:43:03","guid":{"rendered":"https:\/\/perle-in.com\/produit\/bouteille-deau-big-ocean-bottle-de-1-000-ml-avec-isolation-par-le-vide\/"},"modified":"2025-10-19T05:46:58","modified_gmt":"2025-10-19T03:46:58","slug":"bouteille-deau-big-ocean-bottle-de-1-000-ml-avec-isolation-par-le-vide","status":"publish","type":"product","link":"https:\/\/perle-in.com\/en\/product\/bouteille-deau-big-ocean-bottle-de-1-000-ml-avec-isolation-par-le-vide\/","title":{"rendered":"Bouteille d&#8217;eau Big Ocean Bottle de 1\u00a0000\u00a0ml avec isolation par le vide"},"content":{"rendered":"","protected":false},"excerpt":{"rendered":"<p>Plus c&#8217;est grand, mieux c&#8217;est quand il s&#8217;agit d&#8217;hydratation. La bouteille Big Ocean Bottle (BOB) , en acier inoxydable, a une capacit\u00e9 de 1\u00a0litre et garde les boissons chaudes pendant huit\u00a0heures et froides pendant dix-huit\u00a0heures, gr\u00e2ce \u00e0 l&#8217;isolation par le vide. La bouteille a un ext\u00e9rieur anti-condensation et contient de l&#8217;acier inoxydable recycl\u00e9 et du plastique recycl\u00e9 provenant des oc\u00e9ans. Une bouteille permet de recueillir 1\u00a0000 bouteilles en plastique et am\u00e9liore les moyens de subsistance dans les communaut\u00e9s c\u00f4ti\u00e8res. La puce intelligente NFC permet de collecter plus de plastique \u00e0 chaque recharge. La bouteille a une double ouverture pour faciliter le nettoyage et le remplissage, ainsi qu&#8217;un joint anti-fuite et une boucle de transport facile. La bouteille passe au lave-vaisselle et ne contient pas de BPA.<\/p>","protected":false},"featured_media":539259,"template":"","meta":{"_eb_attr":""},"product_brand":[],"product_cat":[257,173],"product_tag":[275,175,837,274,165,3168,3306,2754],"class_list":{"0":"post-539270","1":"product","2":"type-product","3":"status-publish","4":"has-post-thumbnail","6":"product_cat-bouteilles-isothermes","7":"product_cat-drinkware","8":"product_tag-boissons","9":"product_tag-bouteille","10":"product_tag-durable","11":"product_tag-eau","12":"product_tag-isotherme","13":"product_tag-ocean","14":"product_tag-ocean-bottle","15":"product_tag-recyclee","16":"pa_couleurs-bleu-ciel","17":"pa_couleurs-bleu-ocean","18":"pa_couleurs-gris-roche","19":"pa_couleurs-noir-obsidienne","20":"pa_couleurs-orange-soleil","21":"pa_couleurs-vert-foret","22":"pa_green-points-2893","23":"pa_marque-ocean-bottle","24":"pa_matiere-acier-inoxydable-recycle-25-plastique-pet-et-50-plastique-recycle-pet-et-25-silicone","26":"first","27":"instock","28":"sale","29":"shipping-taxable","30":"purchasable","31":"product-type-variable"},"yoast_head":"<!-- This site is optimized with the Yoast SEO plugin v27.4 - https:\/\/yoast.com\/product\/yoast-seo-wordpress\/ -->\n<title>Bouteille d&#039;eau Big Ocean Bottle de 1\u00a0000\u00a0ml avec isolation par le vide - PERLE IN<\/title>\n<meta name=\"robots\" content=\"noindex, follow, max-snippet:-1, max-image-preview:large, max-video-preview:-1\" \/>\n<meta property=\"og:locale\" content=\"en_US\" \/>\n<meta property=\"og:type\" content=\"article\" \/>\n<meta property=\"og:title\" content=\"Bouteille d&#039;eau Big Ocean Bottle de 1\u00a0000\u00a0ml avec isolation par le vide - PERLE IN\" \/>\n<meta property=\"og:description\" content=\"Plus c&#039;est grand, mieux c&#039;est quand il s&#039;agit d&#039;hydratation. La bouteille Big Ocean Bottle (BOB) , en acier inoxydable, a une capacit\u00e9 de 1\u00a0litre et garde les boissons chaudes pendant huit\u00a0heures et froides pendant dix-huit\u00a0heures, gr\u00e2ce \u00e0 l&#039;isolation par le vide. La bouteille a un ext\u00e9rieur anti-condensation et contient de l&#039;acier inoxydable recycl\u00e9 et du plastique recycl\u00e9 provenant des oc\u00e9ans. Une bouteille permet de recueillir 1\u00a0000 bouteilles en plastique et am\u00e9liore les moyens de subsistance dans les communaut\u00e9s c\u00f4ti\u00e8res. La puce intelligente NFC permet de collecter plus de plastique \u00e0 chaque recharge. La bouteille a une double ouverture pour faciliter le nettoyage et le remplissage, ainsi qu&#039;un joint anti-fuite et une boucle de transport facile. La bouteille passe au lave-vaisselle et ne contient pas de BPA.\" \/>\n<meta property=\"og:url\" content=\"https:\/\/perle-in.com\/en\/product\/bouteille-deau-big-ocean-bottle-de-1-000-ml-avec-isolation-par-le-vide\/\" \/>\n<meta property=\"og:site_name\" content=\"PERLE IN\" \/>\n<meta property=\"article:modified_time\" content=\"2025-10-19T03:46:58+00:00\" \/>\n<meta property=\"og:image\" content=\"https:\/\/perle-in.com\/wp-content\/uploads\/2025\/10\/10075330-1.jpg\" \/>\n\t<meta property=\"og:image:width\" content=\"1600\" \/>\n\t<meta property=\"og:image:height\" content=\"1600\" \/>\n\t<meta property=\"og:image:type\" content=\"image\/jpeg\" \/>\n<meta name=\"twitter:card\" content=\"summary_large_image\" \/>\n<script type=\"application\/ld+json\" class=\"yoast-schema-graph\">{\"@context\":\"https:\\\/\\\/schema.org\",\"@graph\":[{\"@type\":\"WebPage\",\"@id\":\"https:\\\/\\\/perle-in.com\\\/produit\\\/bouteille-deau-big-ocean-bottle-de-1-000-ml-avec-isolation-par-le-vide\\\/\",\"url\":\"https:\\\/\\\/perle-in.com\\\/produit\\\/bouteille-deau-big-ocean-bottle-de-1-000-ml-avec-isolation-par-le-vide\\\/\",\"name\":\"Bouteille d'eau Big Ocean Bottle de 1\u00a0000\u00a0ml avec isolation par le vide - PERLE IN\",\"isPartOf\":{\"@id\":\"https:\\\/\\\/perle-in.com\\\/#website\"},\"primaryImageOfPage\":{\"@id\":\"https:\\\/\\\/perle-in.com\\\/produit\\\/bouteille-deau-big-ocean-bottle-de-1-000-ml-avec-isolation-par-le-vide\\\/#primaryimage\"},\"image\":{\"@id\":\"https:\\\/\\\/perle-in.com\\\/produit\\\/bouteille-deau-big-ocean-bottle-de-1-000-ml-avec-isolation-par-le-vide\\\/#primaryimage\"},\"thumbnailUrl\":\"https:\\\/\\\/perle-in.com\\\/wp-content\\\/uploads\\\/2025\\\/10\\\/10075330-1.jpg\",\"datePublished\":\"2025-10-14T23:43:03+00:00\",\"dateModified\":\"2025-10-19T03:46:58+00:00\",\"breadcrumb\":{\"@id\":\"https:\\\/\\\/perle-in.com\\\/produit\\\/bouteille-deau-big-ocean-bottle-de-1-000-ml-avec-isolation-par-le-vide\\\/#breadcrumb\"},\"inLanguage\":\"en-CA\",\"potentialAction\":[{\"@type\":\"ReadAction\",\"target\":[\"https:\\\/\\\/perle-in.com\\\/produit\\\/bouteille-deau-big-ocean-bottle-de-1-000-ml-avec-isolation-par-le-vide\\\/\"]}]},{\"@type\":\"ImageObject\",\"inLanguage\":\"en-CA\",\"@id\":\"https:\\\/\\\/perle-in.com\\\/produit\\\/bouteille-deau-big-ocean-bottle-de-1-000-ml-avec-isolation-par-le-vide\\\/#primaryimage\",\"url\":\"https:\\\/\\\/perle-in.com\\\/wp-content\\\/uploads\\\/2025\\\/10\\\/10075330-1.jpg\",\"contentUrl\":\"https:\\\/\\\/perle-in.com\\\/wp-content\\\/uploads\\\/2025\\\/10\\\/10075330-1.jpg\",\"width\":1600,\"height\":1600},{\"@type\":\"BreadcrumbList\",\"@id\":\"https:\\\/\\\/perle-in.com\\\/produit\\\/bouteille-deau-big-ocean-bottle-de-1-000-ml-avec-isolation-par-le-vide\\\/#breadcrumb\",\"itemListElement\":[{\"@type\":\"ListItem\",\"position\":1,\"name\":\"Accueil\",\"item\":\"https:\\\/\\\/perle-in.com\\\/\"},{\"@type\":\"ListItem\",\"position\":2,\"name\":\"Boutique\",\"item\":\"https:\\\/\\\/perle-in.com\\\/boutique\\\/\"},{\"@type\":\"ListItem\",\"position\":3,\"name\":\"Bouteille d&#8217;eau Big Ocean Bottle de 1\u00a0000\u00a0ml avec isolation par le vide\"}]},{\"@type\":\"WebSite\",\"@id\":\"https:\\\/\\\/perle-in.com\\\/#website\",\"url\":\"https:\\\/\\\/perle-in.com\\\/\",\"name\":\"PERLE IN\",\"description\":\"\",\"publisher\":{\"@id\":\"https:\\\/\\\/perle-in.com\\\/#organization\"},\"potentialAction\":[{\"@type\":\"SearchAction\",\"target\":{\"@type\":\"EntryPoint\",\"urlTemplate\":\"https:\\\/\\\/perle-in.com\\\/?s={search_term_string}\"},\"query-input\":{\"@type\":\"PropertyValueSpecification\",\"valueRequired\":true,\"valueName\":\"search_term_string\"}}],\"inLanguage\":\"en-CA\"},{\"@type\":\"Organization\",\"@id\":\"https:\\\/\\\/perle-in.com\\\/#organization\",\"name\":\"PERLE IN\",\"url\":\"https:\\\/\\\/perle-in.com\\\/\",\"logo\":{\"@type\":\"ImageObject\",\"inLanguage\":\"en-CA\",\"@id\":\"https:\\\/\\\/perle-in.com\\\/#\\\/schema\\\/logo\\\/image\\\/\",\"url\":\"https:\\\/\\\/perle-in.com\\\/wp-content\\\/uploads\\\/2022\\\/12\\\/LOGO-PERLE-IN-COULEUR@3x.webp\",\"contentUrl\":\"https:\\\/\\\/perle-in.com\\\/wp-content\\\/uploads\\\/2022\\\/12\\\/LOGO-PERLE-IN-COULEUR@3x.webp\",\"width\":1600,\"height\":490,\"caption\":\"PERLE IN\"},\"image\":{\"@id\":\"https:\\\/\\\/perle-in.com\\\/#\\\/schema\\\/logo\\\/image\\\/\"}}]}<\/script>\n<!-- \/ Yoast SEO plugin. -->","yoast_head_json":{"title":"Bouteille d'eau Big Ocean Bottle de 1\u00a0000\u00a0ml avec isolation par le vide - PERLE IN","robots":{"index":"noindex","follow":"follow","max-snippet":"max-snippet:-1","max-image-preview":"max-image-preview:large","max-video-preview":"max-video-preview:-1"},"og_locale":"en_US","og_type":"article","og_title":"Bouteille d'eau Big Ocean Bottle de 1\u00a0000\u00a0ml avec isolation par le vide - PERLE IN","og_description":"Plus c'est grand, mieux c'est quand il s'agit d'hydratation. La bouteille Big Ocean Bottle (BOB) , en acier inoxydable, a une capacit\u00e9 de 1\u00a0litre et garde les boissons chaudes pendant huit\u00a0heures et froides pendant dix-huit\u00a0heures, gr\u00e2ce \u00e0 l'isolation par le vide. La bouteille a un ext\u00e9rieur anti-condensation et contient de l'acier inoxydable recycl\u00e9 et du plastique recycl\u00e9 provenant des oc\u00e9ans. Une bouteille permet de recueillir 1\u00a0000 bouteilles en plastique et am\u00e9liore les moyens de subsistance dans les communaut\u00e9s c\u00f4ti\u00e8res. La puce intelligente NFC permet de collecter plus de plastique \u00e0 chaque recharge. La bouteille a une double ouverture pour faciliter le nettoyage et le remplissage, ainsi qu'un joint anti-fuite et une boucle de transport facile. La bouteille passe au lave-vaisselle et ne contient pas de BPA.","og_url":"https:\/\/perle-in.com\/en\/product\/bouteille-deau-big-ocean-bottle-de-1-000-ml-avec-isolation-par-le-vide\/","og_site_name":"PERLE IN","article_modified_time":"2025-10-19T03:46:58+00:00","og_image":[{"width":1600,"height":1600,"url":"https:\/\/perle-in.com\/wp-content\/uploads\/2025\/10\/10075330-1.jpg","type":"image\/jpeg"}],"twitter_card":"summary_large_image","schema":{"@context":"https:\/\/schema.org","@graph":[{"@type":"WebPage","@id":"https:\/\/perle-in.com\/produit\/bouteille-deau-big-ocean-bottle-de-1-000-ml-avec-isolation-par-le-vide\/","url":"https:\/\/perle-in.com\/produit\/bouteille-deau-big-ocean-bottle-de-1-000-ml-avec-isolation-par-le-vide\/","name":"Bouteille d'eau Big Ocean Bottle de 1\u00a0000\u00a0ml avec isolation par le vide - PERLE IN","isPartOf":{"@id":"https:\/\/perle-in.com\/#website"},"primaryImageOfPage":{"@id":"https:\/\/perle-in.com\/produit\/bouteille-deau-big-ocean-bottle-de-1-000-ml-avec-isolation-par-le-vide\/#primaryimage"},"image":{"@id":"https:\/\/perle-in.com\/produit\/bouteille-deau-big-ocean-bottle-de-1-000-ml-avec-isolation-par-le-vide\/#primaryimage"},"thumbnailUrl":"https:\/\/perle-in.com\/wp-content\/uploads\/2025\/10\/10075330-1.jpg","datePublished":"2025-10-14T23:43:03+00:00","dateModified":"2025-10-19T03:46:58+00:00","breadcrumb":{"@id":"https:\/\/perle-in.com\/produit\/bouteille-deau-big-ocean-bottle-de-1-000-ml-avec-isolation-par-le-vide\/#breadcrumb"},"inLanguage":"en-CA","potentialAction":[{"@type":"ReadAction","target":["https:\/\/perle-in.com\/produit\/bouteille-deau-big-ocean-bottle-de-1-000-ml-avec-isolation-par-le-vide\/"]}]},{"@type":"ImageObject","inLanguage":"en-CA","@id":"https:\/\/perle-in.com\/produit\/bouteille-deau-big-ocean-bottle-de-1-000-ml-avec-isolation-par-le-vide\/#primaryimage","url":"https:\/\/perle-in.com\/wp-content\/uploads\/2025\/10\/10075330-1.jpg","contentUrl":"https:\/\/perle-in.com\/wp-content\/uploads\/2025\/10\/10075330-1.jpg","width":1600,"height":1600},{"@type":"BreadcrumbList","@id":"https:\/\/perle-in.com\/produit\/bouteille-deau-big-ocean-bottle-de-1-000-ml-avec-isolation-par-le-vide\/#breadcrumb","itemListElement":[{"@type":"ListItem","position":1,"name":"Accueil","item":"https:\/\/perle-in.com\/"},{"@type":"ListItem","position":2,"name":"Boutique","item":"https:\/\/perle-in.com\/boutique\/"},{"@type":"ListItem","position":3,"name":"Bouteille d&#8217;eau Big Ocean Bottle de 1\u00a0000\u00a0ml avec isolation par le vide"}]},{"@type":"WebSite","@id":"https:\/\/perle-in.com\/#website","url":"https:\/\/perle-in.com\/","name":"PERLE IN","description":"","publisher":{"@id":"https:\/\/perle-in.com\/#organization"},"potentialAction":[{"@type":"SearchAction","target":{"@type":"EntryPoint","urlTemplate":"https:\/\/perle-in.com\/?s={search_term_string}"},"query-input":{"@type":"PropertyValueSpecification","valueRequired":true,"valueName":"search_term_string"}}],"inLanguage":"en-CA"},{"@type":"Organization","@id":"https:\/\/perle-in.com\/#organization","name":"PERLE IN","url":"https:\/\/perle-in.com\/","logo":{"@type":"ImageObject","inLanguage":"en-CA","@id":"https:\/\/perle-in.com\/#\/schema\/logo\/image\/","url":"https:\/\/perle-in.com\/wp-content\/uploads\/2022\/12\/LOGO-PERLE-IN-COULEUR@3x.webp","contentUrl":"https:\/\/perle-in.com\/wp-content\/uploads\/2022\/12\/LOGO-PERLE-IN-COULEUR@3x.webp","width":1600,"height":490,"caption":"PERLE IN"},"image":{"@id":"https:\/\/perle-in.com\/#\/schema\/logo\/image\/"}}]}},"jetpack_sharing_enabled":true,"_links":{"self":[{"href":"https:\/\/perle-in.com\/en\/wp-json\/wp\/v2\/product\/539270","targetHints":{"allow":["GET"]}}],"collection":[{"href":"https:\/\/perle-in.com\/en\/wp-json\/wp\/v2\/product"}],"about":[{"href":"https:\/\/perle-in.com\/en\/wp-json\/wp\/v2\/types\/product"}],"version-history":[{"count":0,"href":"https:\/\/perle-in.com\/en\/wp-json\/wp\/v2\/product\/539270\/revisions"}],"wp:featuredmedia":[{"embeddable":true,"href":"https:\/\/perle-in.com\/en\/wp-json\/wp\/v2\/media\/539259"}],"wp:attachment":[{"href":"https:\/\/perle-in.com\/en\/wp-json\/wp\/v2\/media?parent=539270"}],"wp:term":[{"taxonomy":"product_brand","embeddable":true,"href":"https:\/\/perle-in.com\/en\/wp-json\/wp\/v2\/product_brand?post=539270"},{"taxonomy":"product_cat","embeddable":true,"href":"https:\/\/perle-in.com\/en\/wp-json\/wp\/v2\/product_cat?post=539270"},{"taxonomy":"product_tag","embeddable":true,"href":"https:\/\/perle-in.com\/en\/wp-json\/wp\/v2\/product_tag?post=539270"}],"curies":[{"name":"wp","href":"https:\/\/api.w.org\/{rel}","templated":true}]}}