{"id":539234,"date":"2025-10-15T01:41:38","date_gmt":"2025-10-14T23:41:38","guid":{"rendered":"https:\/\/perle-in.com\/produit\/haut-parleur-bluetooth-omni-3-w-ipx4-rcs-en-plastique-recycle\/"},"modified":"2025-10-19T05:46:46","modified_gmt":"2025-10-19T03:46:46","slug":"haut-parleur-bluetooth-omni-3-w-ipx4-rcs-en-plastique-recycle","status":"publish","type":"product","link":"https:\/\/perle-in.com\/en\/product\/haut-parleur-bluetooth-omni-3-w-ipx4-rcs-en-plastique-recycle\/","title":{"rendered":"Haut-parleur Bluetooth\u00ae Omni 3\u00a0W IPX4 RCS en plastique recycl\u00e9"},"content":{"rendered":"","protected":false},"excerpt":{"rendered":"<p>L&#8217;enceinte Bluetooth\u00ae recycl\u00e9e certifi\u00e9e RCS de 3\u00a0W permet de lire de la musique, des podcasts, etc. \u00e0 partir de n&#8217;importe quel appareil compatible Bluetooth\u00ae, ce qui en fait un compagnon id\u00e9al pour toutes les occasions. Gr\u00e2ce au mousqueton fourni, l&#8217;enceinte peut \u00eatre facilement attach\u00e9e \u00e0 un sac \u00e0 dos, et l&#8217;indice de protection IPX4 la prot\u00e8ge contre les pluies occasionnelles. Profitez d&#8217;une\u00a0heure et demie de musique au volume maximum gr\u00e2ce \u00e0 sa batterie Li-ion de 300\u00a0mAh. Le temps de charge est d&#8217;environ 1,5\u00a0heure. La port\u00e9e du Bluetooth\u00ae 5.0 est d&#8217;environ 10\u00a0m\u00e8tres. Livr\u00e9e avec un manuel d&#8217;utilisation, un mousqueton, un c\u00e2ble de charge USB-A vers type-C de 50\u00a0cm, et emball\u00e9e dans une bo\u00eete en papier Kraft 100\u00a0% recycl\u00e9.<\/p>","protected":false},"featured_media":539226,"template":"","meta":{"_eb_attr":""},"product_brand":[],"product_cat":[817,667],"product_tag":[818,837,3297,819,3298,822,2884],"class_list":{"0":"post-539234","1":"product","2":"type-product","3":"status-publish","4":"has-post-thumbnail","6":"product_cat-enceintes","7":"product_cat-technologie","8":"product_tag-bluetooth","9":"product_tag-durable","10":"product_tag-enceintes-recyclees","11":"product_tag-haut-parleur","12":"product_tag-ipx4","13":"product_tag-musique","14":"product_tag-rcs","15":"pa_couleurs-noir","16":"pa_green-points-2910","17":"pa_matiere-plastique-recycle-abs","19":"first","20":"instock","21":"shipping-taxable","22":"purchasable","23":"product-type-variable"},"yoast_head":"<!-- This site is optimized with the Yoast SEO plugin v27.4 - https:\/\/yoast.com\/product\/yoast-seo-wordpress\/ -->\n<title>Haut-parleur Bluetooth\u00ae Omni 3\u00a0W IPX4 RCS en plastique recycl\u00e9 - PERLE IN<\/title>\n<meta name=\"robots\" content=\"noindex, follow, max-snippet:-1, max-image-preview:large, max-video-preview:-1\" \/>\n<meta property=\"og:locale\" content=\"en_US\" \/>\n<meta property=\"og:type\" content=\"article\" \/>\n<meta property=\"og:title\" content=\"Haut-parleur Bluetooth\u00ae Omni 3\u00a0W IPX4 RCS en plastique recycl\u00e9 - PERLE IN\" \/>\n<meta property=\"og:description\" content=\"L&#039;enceinte Bluetooth\u00ae recycl\u00e9e certifi\u00e9e RCS de 3\u00a0W permet de lire de la musique, des podcasts, etc. \u00e0 partir de n&#039;importe quel appareil compatible Bluetooth\u00ae, ce qui en fait un compagnon id\u00e9al pour toutes les occasions. Gr\u00e2ce au mousqueton fourni, l&#039;enceinte peut \u00eatre facilement attach\u00e9e \u00e0 un sac \u00e0 dos, et l&#039;indice de protection IPX4 la prot\u00e8ge contre les pluies occasionnelles. Profitez d&#039;une\u00a0heure et demie de musique au volume maximum gr\u00e2ce \u00e0 sa batterie Li-ion de 300\u00a0mAh. Le temps de charge est d&#039;environ 1,5\u00a0heure. La port\u00e9e du Bluetooth\u00ae 5.0 est d&#039;environ 10\u00a0m\u00e8tres. Livr\u00e9e avec un manuel d&#039;utilisation, un mousqueton, un c\u00e2ble de charge USB-A vers type-C de 50\u00a0cm, et emball\u00e9e dans une bo\u00eete en papier Kraft 100\u00a0% recycl\u00e9.\" \/>\n<meta property=\"og:url\" content=\"https:\/\/perle-in.com\/en\/product\/haut-parleur-bluetooth-omni-3-w-ipx4-rcs-en-plastique-recycle\/\" \/>\n<meta property=\"og:site_name\" content=\"PERLE IN\" \/>\n<meta property=\"article:modified_time\" content=\"2025-10-19T03:46:46+00:00\" \/>\n<meta property=\"og:image\" content=\"https:\/\/perle-in.com\/wp-content\/uploads\/2025\/10\/12433390-1.jpg\" \/>\n\t<meta property=\"og:image:width\" content=\"1600\" \/>\n\t<meta property=\"og:image:height\" content=\"1600\" \/>\n\t<meta property=\"og:image:type\" content=\"image\/jpeg\" \/>\n<meta name=\"twitter:card\" content=\"summary_large_image\" \/>\n<script type=\"application\/ld+json\" class=\"yoast-schema-graph\">{\"@context\":\"https:\\\/\\\/schema.org\",\"@graph\":[{\"@type\":\"WebPage\",\"@id\":\"https:\\\/\\\/perle-in.com\\\/produit\\\/haut-parleur-bluetooth-omni-3-w-ipx4-rcs-en-plastique-recycle\\\/\",\"url\":\"https:\\\/\\\/perle-in.com\\\/produit\\\/haut-parleur-bluetooth-omni-3-w-ipx4-rcs-en-plastique-recycle\\\/\",\"name\":\"Haut-parleur Bluetooth\u00ae Omni 3\u00a0W IPX4 RCS en plastique recycl\u00e9 - PERLE IN\",\"isPartOf\":{\"@id\":\"https:\\\/\\\/perle-in.com\\\/#website\"},\"primaryImageOfPage\":{\"@id\":\"https:\\\/\\\/perle-in.com\\\/produit\\\/haut-parleur-bluetooth-omni-3-w-ipx4-rcs-en-plastique-recycle\\\/#primaryimage\"},\"image\":{\"@id\":\"https:\\\/\\\/perle-in.com\\\/produit\\\/haut-parleur-bluetooth-omni-3-w-ipx4-rcs-en-plastique-recycle\\\/#primaryimage\"},\"thumbnailUrl\":\"https:\\\/\\\/perle-in.com\\\/wp-content\\\/uploads\\\/2025\\\/10\\\/12433390-1.jpg\",\"datePublished\":\"2025-10-14T23:41:38+00:00\",\"dateModified\":\"2025-10-19T03:46:46+00:00\",\"breadcrumb\":{\"@id\":\"https:\\\/\\\/perle-in.com\\\/produit\\\/haut-parleur-bluetooth-omni-3-w-ipx4-rcs-en-plastique-recycle\\\/#breadcrumb\"},\"inLanguage\":\"en-CA\",\"potentialAction\":[{\"@type\":\"ReadAction\",\"target\":[\"https:\\\/\\\/perle-in.com\\\/produit\\\/haut-parleur-bluetooth-omni-3-w-ipx4-rcs-en-plastique-recycle\\\/\"]}]},{\"@type\":\"ImageObject\",\"inLanguage\":\"en-CA\",\"@id\":\"https:\\\/\\\/perle-in.com\\\/produit\\\/haut-parleur-bluetooth-omni-3-w-ipx4-rcs-en-plastique-recycle\\\/#primaryimage\",\"url\":\"https:\\\/\\\/perle-in.com\\\/wp-content\\\/uploads\\\/2025\\\/10\\\/12433390-1.jpg\",\"contentUrl\":\"https:\\\/\\\/perle-in.com\\\/wp-content\\\/uploads\\\/2025\\\/10\\\/12433390-1.jpg\",\"width\":1600,\"height\":1600},{\"@type\":\"BreadcrumbList\",\"@id\":\"https:\\\/\\\/perle-in.com\\\/produit\\\/haut-parleur-bluetooth-omni-3-w-ipx4-rcs-en-plastique-recycle\\\/#breadcrumb\",\"itemListElement\":[{\"@type\":\"ListItem\",\"position\":1,\"name\":\"Accueil\",\"item\":\"https:\\\/\\\/perle-in.com\\\/\"},{\"@type\":\"ListItem\",\"position\":2,\"name\":\"Boutique\",\"item\":\"https:\\\/\\\/perle-in.com\\\/boutique\\\/\"},{\"@type\":\"ListItem\",\"position\":3,\"name\":\"Haut-parleur Bluetooth\u00ae Omni 3\u00a0W IPX4 RCS en plastique recycl\u00e9\"}]},{\"@type\":\"WebSite\",\"@id\":\"https:\\\/\\\/perle-in.com\\\/#website\",\"url\":\"https:\\\/\\\/perle-in.com\\\/\",\"name\":\"PERLE IN\",\"description\":\"\",\"publisher\":{\"@id\":\"https:\\\/\\\/perle-in.com\\\/#organization\"},\"potentialAction\":[{\"@type\":\"SearchAction\",\"target\":{\"@type\":\"EntryPoint\",\"urlTemplate\":\"https:\\\/\\\/perle-in.com\\\/?s={search_term_string}\"},\"query-input\":{\"@type\":\"PropertyValueSpecification\",\"valueRequired\":true,\"valueName\":\"search_term_string\"}}],\"inLanguage\":\"en-CA\"},{\"@type\":\"Organization\",\"@id\":\"https:\\\/\\\/perle-in.com\\\/#organization\",\"name\":\"PERLE IN\",\"url\":\"https:\\\/\\\/perle-in.com\\\/\",\"logo\":{\"@type\":\"ImageObject\",\"inLanguage\":\"en-CA\",\"@id\":\"https:\\\/\\\/perle-in.com\\\/#\\\/schema\\\/logo\\\/image\\\/\",\"url\":\"https:\\\/\\\/perle-in.com\\\/wp-content\\\/uploads\\\/2022\\\/12\\\/LOGO-PERLE-IN-COULEUR@3x.webp\",\"contentUrl\":\"https:\\\/\\\/perle-in.com\\\/wp-content\\\/uploads\\\/2022\\\/12\\\/LOGO-PERLE-IN-COULEUR@3x.webp\",\"width\":1600,\"height\":490,\"caption\":\"PERLE IN\"},\"image\":{\"@id\":\"https:\\\/\\\/perle-in.com\\\/#\\\/schema\\\/logo\\\/image\\\/\"}}]}<\/script>\n<!-- \/ Yoast SEO plugin. -->","yoast_head_json":{"title":"Haut-parleur Bluetooth\u00ae Omni 3\u00a0W IPX4 RCS en plastique recycl\u00e9 - PERLE IN","robots":{"index":"noindex","follow":"follow","max-snippet":"max-snippet:-1","max-image-preview":"max-image-preview:large","max-video-preview":"max-video-preview:-1"},"og_locale":"en_US","og_type":"article","og_title":"Haut-parleur Bluetooth\u00ae Omni 3\u00a0W IPX4 RCS en plastique recycl\u00e9 - PERLE IN","og_description":"L'enceinte Bluetooth\u00ae recycl\u00e9e certifi\u00e9e RCS de 3\u00a0W permet de lire de la musique, des podcasts, etc. \u00e0 partir de n'importe quel appareil compatible Bluetooth\u00ae, ce qui en fait un compagnon id\u00e9al pour toutes les occasions. Gr\u00e2ce au mousqueton fourni, l'enceinte peut \u00eatre facilement attach\u00e9e \u00e0 un sac \u00e0 dos, et l'indice de protection IPX4 la prot\u00e8ge contre les pluies occasionnelles. Profitez d'une\u00a0heure et demie de musique au volume maximum gr\u00e2ce \u00e0 sa batterie Li-ion de 300\u00a0mAh. Le temps de charge est d'environ 1,5\u00a0heure. La port\u00e9e du Bluetooth\u00ae 5.0 est d'environ 10\u00a0m\u00e8tres. Livr\u00e9e avec un manuel d'utilisation, un mousqueton, un c\u00e2ble de charge USB-A vers type-C de 50\u00a0cm, et emball\u00e9e dans une bo\u00eete en papier Kraft 100\u00a0% recycl\u00e9.","og_url":"https:\/\/perle-in.com\/en\/product\/haut-parleur-bluetooth-omni-3-w-ipx4-rcs-en-plastique-recycle\/","og_site_name":"PERLE IN","article_modified_time":"2025-10-19T03:46:46+00:00","og_image":[{"width":1600,"height":1600,"url":"https:\/\/perle-in.com\/wp-content\/uploads\/2025\/10\/12433390-1.jpg","type":"image\/jpeg"}],"twitter_card":"summary_large_image","schema":{"@context":"https:\/\/schema.org","@graph":[{"@type":"WebPage","@id":"https:\/\/perle-in.com\/produit\/haut-parleur-bluetooth-omni-3-w-ipx4-rcs-en-plastique-recycle\/","url":"https:\/\/perle-in.com\/produit\/haut-parleur-bluetooth-omni-3-w-ipx4-rcs-en-plastique-recycle\/","name":"Haut-parleur Bluetooth\u00ae Omni 3\u00a0W IPX4 RCS en plastique recycl\u00e9 - PERLE IN","isPartOf":{"@id":"https:\/\/perle-in.com\/#website"},"primaryImageOfPage":{"@id":"https:\/\/perle-in.com\/produit\/haut-parleur-bluetooth-omni-3-w-ipx4-rcs-en-plastique-recycle\/#primaryimage"},"image":{"@id":"https:\/\/perle-in.com\/produit\/haut-parleur-bluetooth-omni-3-w-ipx4-rcs-en-plastique-recycle\/#primaryimage"},"thumbnailUrl":"https:\/\/perle-in.com\/wp-content\/uploads\/2025\/10\/12433390-1.jpg","datePublished":"2025-10-14T23:41:38+00:00","dateModified":"2025-10-19T03:46:46+00:00","breadcrumb":{"@id":"https:\/\/perle-in.com\/produit\/haut-parleur-bluetooth-omni-3-w-ipx4-rcs-en-plastique-recycle\/#breadcrumb"},"inLanguage":"en-CA","potentialAction":[{"@type":"ReadAction","target":["https:\/\/perle-in.com\/produit\/haut-parleur-bluetooth-omni-3-w-ipx4-rcs-en-plastique-recycle\/"]}]},{"@type":"ImageObject","inLanguage":"en-CA","@id":"https:\/\/perle-in.com\/produit\/haut-parleur-bluetooth-omni-3-w-ipx4-rcs-en-plastique-recycle\/#primaryimage","url":"https:\/\/perle-in.com\/wp-content\/uploads\/2025\/10\/12433390-1.jpg","contentUrl":"https:\/\/perle-in.com\/wp-content\/uploads\/2025\/10\/12433390-1.jpg","width":1600,"height":1600},{"@type":"BreadcrumbList","@id":"https:\/\/perle-in.com\/produit\/haut-parleur-bluetooth-omni-3-w-ipx4-rcs-en-plastique-recycle\/#breadcrumb","itemListElement":[{"@type":"ListItem","position":1,"name":"Accueil","item":"https:\/\/perle-in.com\/"},{"@type":"ListItem","position":2,"name":"Boutique","item":"https:\/\/perle-in.com\/boutique\/"},{"@type":"ListItem","position":3,"name":"Haut-parleur Bluetooth\u00ae Omni 3\u00a0W IPX4 RCS en plastique recycl\u00e9"}]},{"@type":"WebSite","@id":"https:\/\/perle-in.com\/#website","url":"https:\/\/perle-in.com\/","name":"PERLE IN","description":"","publisher":{"@id":"https:\/\/perle-in.com\/#organization"},"potentialAction":[{"@type":"SearchAction","target":{"@type":"EntryPoint","urlTemplate":"https:\/\/perle-in.com\/?s={search_term_string}"},"query-input":{"@type":"PropertyValueSpecification","valueRequired":true,"valueName":"search_term_string"}}],"inLanguage":"en-CA"},{"@type":"Organization","@id":"https:\/\/perle-in.com\/#organization","name":"PERLE IN","url":"https:\/\/perle-in.com\/","logo":{"@type":"ImageObject","inLanguage":"en-CA","@id":"https:\/\/perle-in.com\/#\/schema\/logo\/image\/","url":"https:\/\/perle-in.com\/wp-content\/uploads\/2022\/12\/LOGO-PERLE-IN-COULEUR@3x.webp","contentUrl":"https:\/\/perle-in.com\/wp-content\/uploads\/2022\/12\/LOGO-PERLE-IN-COULEUR@3x.webp","width":1600,"height":490,"caption":"PERLE IN"},"image":{"@id":"https:\/\/perle-in.com\/#\/schema\/logo\/image\/"}}]}},"jetpack_sharing_enabled":true,"_links":{"self":[{"href":"https:\/\/perle-in.com\/en\/wp-json\/wp\/v2\/product\/539234","targetHints":{"allow":["GET"]}}],"collection":[{"href":"https:\/\/perle-in.com\/en\/wp-json\/wp\/v2\/product"}],"about":[{"href":"https:\/\/perle-in.com\/en\/wp-json\/wp\/v2\/types\/product"}],"version-history":[{"count":0,"href":"https:\/\/perle-in.com\/en\/wp-json\/wp\/v2\/product\/539234\/revisions"}],"wp:featuredmedia":[{"embeddable":true,"href":"https:\/\/perle-in.com\/en\/wp-json\/wp\/v2\/media\/539226"}],"wp:attachment":[{"href":"https:\/\/perle-in.com\/en\/wp-json\/wp\/v2\/media?parent=539234"}],"wp:term":[{"taxonomy":"product_brand","embeddable":true,"href":"https:\/\/perle-in.com\/en\/wp-json\/wp\/v2\/product_brand?post=539234"},{"taxonomy":"product_cat","embeddable":true,"href":"https:\/\/perle-in.com\/en\/wp-json\/wp\/v2\/product_cat?post=539234"},{"taxonomy":"product_tag","embeddable":true,"href":"https:\/\/perle-in.com\/en\/wp-json\/wp\/v2\/product_tag?post=539234"}],"curies":[{"name":"wp","href":"https:\/\/api.w.org\/{rel}","templated":true}]}}