{"id":539196,"date":"2025-10-15T01:40:09","date_gmt":"2025-10-14T23:40:09","guid":{"rendered":"https:\/\/perle-in.com\/produit\/shaker-a-cocktail-camelbak-horizon-de-600-ml-avec-isolation-sous-vide\/"},"modified":"2025-10-19T05:46:57","modified_gmt":"2025-10-19T03:46:57","slug":"shaker-a-cocktail-camelbak-horizon-de-600-ml-avec-isolation-sous-vide","status":"publish","type":"product","link":"https:\/\/perle-in.com\/en\/product\/shaker-a-cocktail-camelbak-horizon-de-600-ml-avec-isolation-sous-vide\/","title":{"rendered":"Shaker \u00e0 cocktail CamelBak\u00ae Horizon de 600\u00a0ml avec isolation sous vide"},"content":{"rendered":"","protected":false},"excerpt":{"rendered":"<p>Le shaker \u00e0 cocktail Horizon de 600\u00a0ml est votre compagnon id\u00e9al pour un moment joyeux \u00e0 profiter de cocktails. Ce shaker de style classique est dot\u00e9 d&#8217;un design \u00e9tanche et portable qui vous permet de m\u00e9langer vos boissons pr\u00e9f\u00e9r\u00e9es n&#8217;importe o\u00f9. La construction en acier inoxydable avec isolation par le vide conserve vos cocktails au froid pendant 14\u00a0heures. Fabriqu\u00e9 avec une finition de rev\u00eatement en poudre durable et facile \u00e0 nettoyer pour \u00e9viter la condensation \u00e0 l&#8217;ext\u00e9rieur du shaker. Ce shaker est livr\u00e9 avec un couvercle qui fait aussi office de jigger, avec des marquages de mesure. Il est parfait pour vos aventures en plein air et pour pratiquer la mixologie en d\u00e9placement. Garantie \u00e0 vie pour les d\u00e9fauts de fabrication. Base en silicone antid\u00e9rapante. Sans BPA, BPS et BPF.<\/p>","protected":false},"featured_media":539187,"template":"","meta":{"_eb_attr":""},"product_brand":[],"product_cat":[460,150],"product_tag":[275,359,3252,308,2646,2740,230,2986],"class_list":{"0":"post-539196","1":"product","2":"type-product","3":"status-publish","4":"has-post-thumbnail","6":"product_cat-accessoires-pour-la-maison","7":"product_cat-maison-et-cuisine","8":"product_tag-boissons","9":"product_tag-camelbak","10":"product_tag-cocktail","11":"product_tag-gobelet","12":"product_tag-isolation","13":"product_tag-shaker","14":"product_tag-tasse","15":"product_tag-ustensiles","16":"pa_couleurs-blanc","17":"pa_couleurs-noir","19":"first","20":"instock","21":"sale","22":"shipping-taxable","23":"purchasable","24":"product-type-variable"},"yoast_head":"<!-- This site is optimized with the Yoast SEO plugin v27.4 - https:\/\/yoast.com\/product\/yoast-seo-wordpress\/ -->\n<title>Shaker \u00e0 cocktail CamelBak\u00ae Horizon de 600\u00a0ml avec isolation sous vide - PERLE IN<\/title>\n<meta name=\"robots\" content=\"noindex, follow, max-snippet:-1, max-image-preview:large, max-video-preview:-1\" \/>\n<meta property=\"og:locale\" content=\"en_US\" \/>\n<meta property=\"og:type\" content=\"article\" \/>\n<meta property=\"og:title\" content=\"Shaker \u00e0 cocktail CamelBak\u00ae Horizon de 600\u00a0ml avec isolation sous vide - PERLE IN\" \/>\n<meta property=\"og:description\" content=\"Le shaker \u00e0 cocktail Horizon de 600\u00a0ml est votre compagnon id\u00e9al pour un moment joyeux \u00e0 profiter de cocktails. Ce shaker de style classique est dot\u00e9 d&#039;un design \u00e9tanche et portable qui vous permet de m\u00e9langer vos boissons pr\u00e9f\u00e9r\u00e9es n&#039;importe o\u00f9. La construction en acier inoxydable avec isolation par le vide conserve vos cocktails au froid pendant 14\u00a0heures. Fabriqu\u00e9 avec une finition de rev\u00eatement en poudre durable et facile \u00e0 nettoyer pour \u00e9viter la condensation \u00e0 l&#039;ext\u00e9rieur du shaker. Ce shaker est livr\u00e9 avec un couvercle qui fait aussi office de jigger, avec des marquages de mesure. Il est parfait pour vos aventures en plein air et pour pratiquer la mixologie en d\u00e9placement. Garantie \u00e0 vie pour les d\u00e9fauts de fabrication. Base en silicone antid\u00e9rapante. Sans BPA, BPS et BPF.\" \/>\n<meta property=\"og:url\" content=\"https:\/\/perle-in.com\/en\/product\/shaker-a-cocktail-camelbak-horizon-de-600-ml-avec-isolation-sous-vide\/\" \/>\n<meta property=\"og:site_name\" content=\"PERLE IN\" \/>\n<meta property=\"article:modified_time\" content=\"2025-10-19T03:46:57+00:00\" \/>\n<meta property=\"og:image\" content=\"https:\/\/perle-in.com\/wp-content\/uploads\/2025\/10\/10074801-1.jpg\" \/>\n\t<meta property=\"og:image:width\" content=\"1600\" \/>\n\t<meta property=\"og:image:height\" content=\"1600\" \/>\n\t<meta property=\"og:image:type\" content=\"image\/jpeg\" \/>\n<meta name=\"twitter:card\" content=\"summary_large_image\" \/>\n<script type=\"application\/ld+json\" class=\"yoast-schema-graph\">{\"@context\":\"https:\\\/\\\/schema.org\",\"@graph\":[{\"@type\":\"WebPage\",\"@id\":\"https:\\\/\\\/perle-in.com\\\/produit\\\/shaker-a-cocktail-camelbak-horizon-de-600-ml-avec-isolation-sous-vide\\\/\",\"url\":\"https:\\\/\\\/perle-in.com\\\/produit\\\/shaker-a-cocktail-camelbak-horizon-de-600-ml-avec-isolation-sous-vide\\\/\",\"name\":\"Shaker \u00e0 cocktail CamelBak\u00ae Horizon de 600\u00a0ml avec isolation sous vide - PERLE IN\",\"isPartOf\":{\"@id\":\"https:\\\/\\\/perle-in.com\\\/#website\"},\"primaryImageOfPage\":{\"@id\":\"https:\\\/\\\/perle-in.com\\\/produit\\\/shaker-a-cocktail-camelbak-horizon-de-600-ml-avec-isolation-sous-vide\\\/#primaryimage\"},\"image\":{\"@id\":\"https:\\\/\\\/perle-in.com\\\/produit\\\/shaker-a-cocktail-camelbak-horizon-de-600-ml-avec-isolation-sous-vide\\\/#primaryimage\"},\"thumbnailUrl\":\"https:\\\/\\\/perle-in.com\\\/wp-content\\\/uploads\\\/2025\\\/10\\\/10074801-1.jpg\",\"datePublished\":\"2025-10-14T23:40:09+00:00\",\"dateModified\":\"2025-10-19T03:46:57+00:00\",\"breadcrumb\":{\"@id\":\"https:\\\/\\\/perle-in.com\\\/produit\\\/shaker-a-cocktail-camelbak-horizon-de-600-ml-avec-isolation-sous-vide\\\/#breadcrumb\"},\"inLanguage\":\"en-CA\",\"potentialAction\":[{\"@type\":\"ReadAction\",\"target\":[\"https:\\\/\\\/perle-in.com\\\/produit\\\/shaker-a-cocktail-camelbak-horizon-de-600-ml-avec-isolation-sous-vide\\\/\"]}]},{\"@type\":\"ImageObject\",\"inLanguage\":\"en-CA\",\"@id\":\"https:\\\/\\\/perle-in.com\\\/produit\\\/shaker-a-cocktail-camelbak-horizon-de-600-ml-avec-isolation-sous-vide\\\/#primaryimage\",\"url\":\"https:\\\/\\\/perle-in.com\\\/wp-content\\\/uploads\\\/2025\\\/10\\\/10074801-1.jpg\",\"contentUrl\":\"https:\\\/\\\/perle-in.com\\\/wp-content\\\/uploads\\\/2025\\\/10\\\/10074801-1.jpg\",\"width\":1600,\"height\":1600},{\"@type\":\"BreadcrumbList\",\"@id\":\"https:\\\/\\\/perle-in.com\\\/produit\\\/shaker-a-cocktail-camelbak-horizon-de-600-ml-avec-isolation-sous-vide\\\/#breadcrumb\",\"itemListElement\":[{\"@type\":\"ListItem\",\"position\":1,\"name\":\"Accueil\",\"item\":\"https:\\\/\\\/perle-in.com\\\/\"},{\"@type\":\"ListItem\",\"position\":2,\"name\":\"Boutique\",\"item\":\"https:\\\/\\\/perle-in.com\\\/boutique\\\/\"},{\"@type\":\"ListItem\",\"position\":3,\"name\":\"Shaker \u00e0 cocktail CamelBak\u00ae Horizon de 600\u00a0ml avec isolation sous vide\"}]},{\"@type\":\"WebSite\",\"@id\":\"https:\\\/\\\/perle-in.com\\\/#website\",\"url\":\"https:\\\/\\\/perle-in.com\\\/\",\"name\":\"PERLE IN\",\"description\":\"\",\"publisher\":{\"@id\":\"https:\\\/\\\/perle-in.com\\\/#organization\"},\"potentialAction\":[{\"@type\":\"SearchAction\",\"target\":{\"@type\":\"EntryPoint\",\"urlTemplate\":\"https:\\\/\\\/perle-in.com\\\/?s={search_term_string}\"},\"query-input\":{\"@type\":\"PropertyValueSpecification\",\"valueRequired\":true,\"valueName\":\"search_term_string\"}}],\"inLanguage\":\"en-CA\"},{\"@type\":\"Organization\",\"@id\":\"https:\\\/\\\/perle-in.com\\\/#organization\",\"name\":\"PERLE IN\",\"url\":\"https:\\\/\\\/perle-in.com\\\/\",\"logo\":{\"@type\":\"ImageObject\",\"inLanguage\":\"en-CA\",\"@id\":\"https:\\\/\\\/perle-in.com\\\/#\\\/schema\\\/logo\\\/image\\\/\",\"url\":\"https:\\\/\\\/perle-in.com\\\/wp-content\\\/uploads\\\/2022\\\/12\\\/LOGO-PERLE-IN-COULEUR@3x.webp\",\"contentUrl\":\"https:\\\/\\\/perle-in.com\\\/wp-content\\\/uploads\\\/2022\\\/12\\\/LOGO-PERLE-IN-COULEUR@3x.webp\",\"width\":1600,\"height\":490,\"caption\":\"PERLE IN\"},\"image\":{\"@id\":\"https:\\\/\\\/perle-in.com\\\/#\\\/schema\\\/logo\\\/image\\\/\"}}]}<\/script>\n<!-- \/ Yoast SEO plugin. -->","yoast_head_json":{"title":"Shaker \u00e0 cocktail CamelBak\u00ae Horizon de 600\u00a0ml avec isolation sous vide - PERLE IN","robots":{"index":"noindex","follow":"follow","max-snippet":"max-snippet:-1","max-image-preview":"max-image-preview:large","max-video-preview":"max-video-preview:-1"},"og_locale":"en_US","og_type":"article","og_title":"Shaker \u00e0 cocktail CamelBak\u00ae Horizon de 600\u00a0ml avec isolation sous vide - PERLE IN","og_description":"Le shaker \u00e0 cocktail Horizon de 600\u00a0ml est votre compagnon id\u00e9al pour un moment joyeux \u00e0 profiter de cocktails. Ce shaker de style classique est dot\u00e9 d'un design \u00e9tanche et portable qui vous permet de m\u00e9langer vos boissons pr\u00e9f\u00e9r\u00e9es n'importe o\u00f9. La construction en acier inoxydable avec isolation par le vide conserve vos cocktails au froid pendant 14\u00a0heures. Fabriqu\u00e9 avec une finition de rev\u00eatement en poudre durable et facile \u00e0 nettoyer pour \u00e9viter la condensation \u00e0 l'ext\u00e9rieur du shaker. Ce shaker est livr\u00e9 avec un couvercle qui fait aussi office de jigger, avec des marquages de mesure. Il est parfait pour vos aventures en plein air et pour pratiquer la mixologie en d\u00e9placement. Garantie \u00e0 vie pour les d\u00e9fauts de fabrication. Base en silicone antid\u00e9rapante. Sans BPA, BPS et BPF.","og_url":"https:\/\/perle-in.com\/en\/product\/shaker-a-cocktail-camelbak-horizon-de-600-ml-avec-isolation-sous-vide\/","og_site_name":"PERLE IN","article_modified_time":"2025-10-19T03:46:57+00:00","og_image":[{"width":1600,"height":1600,"url":"https:\/\/perle-in.com\/wp-content\/uploads\/2025\/10\/10074801-1.jpg","type":"image\/jpeg"}],"twitter_card":"summary_large_image","schema":{"@context":"https:\/\/schema.org","@graph":[{"@type":"WebPage","@id":"https:\/\/perle-in.com\/produit\/shaker-a-cocktail-camelbak-horizon-de-600-ml-avec-isolation-sous-vide\/","url":"https:\/\/perle-in.com\/produit\/shaker-a-cocktail-camelbak-horizon-de-600-ml-avec-isolation-sous-vide\/","name":"Shaker \u00e0 cocktail CamelBak\u00ae Horizon de 600\u00a0ml avec isolation sous vide - PERLE IN","isPartOf":{"@id":"https:\/\/perle-in.com\/#website"},"primaryImageOfPage":{"@id":"https:\/\/perle-in.com\/produit\/shaker-a-cocktail-camelbak-horizon-de-600-ml-avec-isolation-sous-vide\/#primaryimage"},"image":{"@id":"https:\/\/perle-in.com\/produit\/shaker-a-cocktail-camelbak-horizon-de-600-ml-avec-isolation-sous-vide\/#primaryimage"},"thumbnailUrl":"https:\/\/perle-in.com\/wp-content\/uploads\/2025\/10\/10074801-1.jpg","datePublished":"2025-10-14T23:40:09+00:00","dateModified":"2025-10-19T03:46:57+00:00","breadcrumb":{"@id":"https:\/\/perle-in.com\/produit\/shaker-a-cocktail-camelbak-horizon-de-600-ml-avec-isolation-sous-vide\/#breadcrumb"},"inLanguage":"en-CA","potentialAction":[{"@type":"ReadAction","target":["https:\/\/perle-in.com\/produit\/shaker-a-cocktail-camelbak-horizon-de-600-ml-avec-isolation-sous-vide\/"]}]},{"@type":"ImageObject","inLanguage":"en-CA","@id":"https:\/\/perle-in.com\/produit\/shaker-a-cocktail-camelbak-horizon-de-600-ml-avec-isolation-sous-vide\/#primaryimage","url":"https:\/\/perle-in.com\/wp-content\/uploads\/2025\/10\/10074801-1.jpg","contentUrl":"https:\/\/perle-in.com\/wp-content\/uploads\/2025\/10\/10074801-1.jpg","width":1600,"height":1600},{"@type":"BreadcrumbList","@id":"https:\/\/perle-in.com\/produit\/shaker-a-cocktail-camelbak-horizon-de-600-ml-avec-isolation-sous-vide\/#breadcrumb","itemListElement":[{"@type":"ListItem","position":1,"name":"Accueil","item":"https:\/\/perle-in.com\/"},{"@type":"ListItem","position":2,"name":"Boutique","item":"https:\/\/perle-in.com\/boutique\/"},{"@type":"ListItem","position":3,"name":"Shaker \u00e0 cocktail CamelBak\u00ae Horizon de 600\u00a0ml avec isolation sous vide"}]},{"@type":"WebSite","@id":"https:\/\/perle-in.com\/#website","url":"https:\/\/perle-in.com\/","name":"PERLE IN","description":"","publisher":{"@id":"https:\/\/perle-in.com\/#organization"},"potentialAction":[{"@type":"SearchAction","target":{"@type":"EntryPoint","urlTemplate":"https:\/\/perle-in.com\/?s={search_term_string}"},"query-input":{"@type":"PropertyValueSpecification","valueRequired":true,"valueName":"search_term_string"}}],"inLanguage":"en-CA"},{"@type":"Organization","@id":"https:\/\/perle-in.com\/#organization","name":"PERLE IN","url":"https:\/\/perle-in.com\/","logo":{"@type":"ImageObject","inLanguage":"en-CA","@id":"https:\/\/perle-in.com\/#\/schema\/logo\/image\/","url":"https:\/\/perle-in.com\/wp-content\/uploads\/2022\/12\/LOGO-PERLE-IN-COULEUR@3x.webp","contentUrl":"https:\/\/perle-in.com\/wp-content\/uploads\/2022\/12\/LOGO-PERLE-IN-COULEUR@3x.webp","width":1600,"height":490,"caption":"PERLE IN"},"image":{"@id":"https:\/\/perle-in.com\/#\/schema\/logo\/image\/"}}]}},"jetpack_sharing_enabled":true,"_links":{"self":[{"href":"https:\/\/perle-in.com\/en\/wp-json\/wp\/v2\/product\/539196","targetHints":{"allow":["GET"]}}],"collection":[{"href":"https:\/\/perle-in.com\/en\/wp-json\/wp\/v2\/product"}],"about":[{"href":"https:\/\/perle-in.com\/en\/wp-json\/wp\/v2\/types\/product"}],"version-history":[{"count":0,"href":"https:\/\/perle-in.com\/en\/wp-json\/wp\/v2\/product\/539196\/revisions"}],"wp:featuredmedia":[{"embeddable":true,"href":"https:\/\/perle-in.com\/en\/wp-json\/wp\/v2\/media\/539187"}],"wp:attachment":[{"href":"https:\/\/perle-in.com\/en\/wp-json\/wp\/v2\/media?parent=539196"}],"wp:term":[{"taxonomy":"product_brand","embeddable":true,"href":"https:\/\/perle-in.com\/en\/wp-json\/wp\/v2\/product_brand?post=539196"},{"taxonomy":"product_cat","embeddable":true,"href":"https:\/\/perle-in.com\/en\/wp-json\/wp\/v2\/product_cat?post=539196"},{"taxonomy":"product_tag","embeddable":true,"href":"https:\/\/perle-in.com\/en\/wp-json\/wp\/v2\/product_tag?post=539196"}],"curies":[{"name":"wp","href":"https:\/\/api.w.org\/{rel}","templated":true}]}}