{"id":539184,"date":"2025-10-15T01:39:29","date_gmt":"2025-10-14T23:39:29","guid":{"rendered":"https:\/\/perle-in.com\/produit\/gobelet-a-vin-camelbak-horizon-de-350-ml-avec-isolation-sous-vide\/"},"modified":"2025-10-19T05:46:55","modified_gmt":"2025-10-19T03:46:55","slug":"gobelet-a-vin-camelbak-horizon-de-350-ml-avec-isolation-sous-vide","status":"publish","type":"product","link":"https:\/\/perle-in.com\/en\/product\/gobelet-a-vin-camelbak-horizon-de-350-ml-avec-isolation-sous-vide\/","title":{"rendered":"Gobelet \u00e0 vin CamelBak\u00ae Horizon de 350\u00a0ml avec isolation sous vide"},"content":{"rendered":"","protected":false},"excerpt":{"rendered":"<p>Faites l&#8217;exp\u00e9rience de boire du vin avec le gobelet \u00e0 vin Horizon de 350\u00a0ml. La construction avec isolation sous vide \u00e0 double paroi garde le vin froid pendant 6\u00a0heures, et si vous utilisez le gobelet pour le vin chaud, il restera chaud pendant 4\u00a0heures. L&#8217;int\u00e9rieur en forme de bol rehausse l&#8217;ar\u00f4me et la saveur du vin, offrant une exp\u00e9rience de consommation agr\u00e9able. Le couvercle tri-mode avec fonction anti-d\u00e9versement assure le contr\u00f4le du d\u00e9bit. Avec un rev\u00eatement en poudre durable et un design tendance, il est con\u00e7u pour emp\u00eacher la condensation \u00e0 l&#8217;ext\u00e9rieur du gobelet. Garantie \u00e0 vie pour les d\u00e9fauts de fabrication. Base en silicone antid\u00e9rapante. Sans BPA, BPS et BPF.<\/p>","protected":false},"featured_media":539174,"template":"","meta":{"_eb_attr":""},"product_brand":[],"product_cat":[257,173],"product_tag":[275,359,308,2646,230,2986,1728],"class_list":{"0":"post-539184","1":"product","2":"type-product","3":"status-publish","4":"has-post-thumbnail","6":"product_cat-bouteilles-isothermes","7":"product_cat-drinkware","8":"product_tag-boissons","9":"product_tag-camelbak","10":"product_tag-gobelet","11":"product_tag-isolation","12":"product_tag-tasse","13":"product_tag-ustensiles","14":"product_tag-vin","15":"pa_couleurs-blanc","16":"pa_couleurs-noir","18":"first","19":"instock","20":"sale","21":"shipping-taxable","22":"purchasable","23":"product-type-variable"},"yoast_head":"<!-- This site is optimized with the Yoast SEO plugin v27.4 - https:\/\/yoast.com\/product\/yoast-seo-wordpress\/ -->\n<title>Gobelet \u00e0 vin CamelBak\u00ae Horizon de 350\u00a0ml avec isolation sous vide - PERLE IN<\/title>\n<meta name=\"robots\" content=\"noindex, follow, max-snippet:-1, max-image-preview:large, max-video-preview:-1\" \/>\n<meta property=\"og:locale\" content=\"en_US\" \/>\n<meta property=\"og:type\" content=\"article\" \/>\n<meta property=\"og:title\" content=\"Gobelet \u00e0 vin CamelBak\u00ae Horizon de 350\u00a0ml avec isolation sous vide - PERLE IN\" \/>\n<meta property=\"og:description\" content=\"Faites l&#039;exp\u00e9rience de boire du vin avec le gobelet \u00e0 vin Horizon de 350\u00a0ml. La construction avec isolation sous vide \u00e0 double paroi garde le vin froid pendant 6\u00a0heures, et si vous utilisez le gobelet pour le vin chaud, il restera chaud pendant 4\u00a0heures. L&#039;int\u00e9rieur en forme de bol rehausse l&#039;ar\u00f4me et la saveur du vin, offrant une exp\u00e9rience de consommation agr\u00e9able. Le couvercle tri-mode avec fonction anti-d\u00e9versement assure le contr\u00f4le du d\u00e9bit. Avec un rev\u00eatement en poudre durable et un design tendance, il est con\u00e7u pour emp\u00eacher la condensation \u00e0 l&#039;ext\u00e9rieur du gobelet. Garantie \u00e0 vie pour les d\u00e9fauts de fabrication. Base en silicone antid\u00e9rapante. Sans BPA, BPS et BPF.\" \/>\n<meta property=\"og:url\" content=\"https:\/\/perle-in.com\/en\/product\/gobelet-a-vin-camelbak-horizon-de-350-ml-avec-isolation-sous-vide\/\" \/>\n<meta property=\"og:site_name\" content=\"PERLE IN\" \/>\n<meta property=\"article:modified_time\" content=\"2025-10-19T03:46:55+00:00\" \/>\n<meta property=\"og:image\" content=\"https:\/\/perle-in.com\/wp-content\/uploads\/2025\/10\/10075001-1.jpg\" \/>\n\t<meta property=\"og:image:width\" content=\"1600\" \/>\n\t<meta property=\"og:image:height\" content=\"1600\" \/>\n\t<meta property=\"og:image:type\" content=\"image\/jpeg\" \/>\n<meta name=\"twitter:card\" content=\"summary_large_image\" \/>\n<script type=\"application\/ld+json\" class=\"yoast-schema-graph\">{\"@context\":\"https:\\\/\\\/schema.org\",\"@graph\":[{\"@type\":\"WebPage\",\"@id\":\"https:\\\/\\\/perle-in.com\\\/en\\\/product\\\/gobelet-a-vin-camelbak-horizon-de-350-ml-avec-isolation-sous-vide\\\/\",\"url\":\"https:\\\/\\\/perle-in.com\\\/en\\\/product\\\/gobelet-a-vin-camelbak-horizon-de-350-ml-avec-isolation-sous-vide\\\/\",\"name\":\"Gobelet \u00e0 vin CamelBak\u00ae Horizon de 350\u00a0ml avec isolation sous vide - PERLE IN\",\"isPartOf\":{\"@id\":\"https:\\\/\\\/perle-in.com\\\/#website\"},\"primaryImageOfPage\":{\"@id\":\"https:\\\/\\\/perle-in.com\\\/en\\\/product\\\/gobelet-a-vin-camelbak-horizon-de-350-ml-avec-isolation-sous-vide\\\/#primaryimage\"},\"image\":{\"@id\":\"https:\\\/\\\/perle-in.com\\\/en\\\/product\\\/gobelet-a-vin-camelbak-horizon-de-350-ml-avec-isolation-sous-vide\\\/#primaryimage\"},\"thumbnailUrl\":\"https:\\\/\\\/perle-in.com\\\/wp-content\\\/uploads\\\/2025\\\/10\\\/10075001-1.jpg\",\"datePublished\":\"2025-10-14T23:39:29+00:00\",\"dateModified\":\"2025-10-19T03:46:55+00:00\",\"breadcrumb\":{\"@id\":\"https:\\\/\\\/perle-in.com\\\/en\\\/product\\\/gobelet-a-vin-camelbak-horizon-de-350-ml-avec-isolation-sous-vide\\\/#breadcrumb\"},\"inLanguage\":\"en-CA\",\"potentialAction\":[{\"@type\":\"ReadAction\",\"target\":[\"https:\\\/\\\/perle-in.com\\\/en\\\/product\\\/gobelet-a-vin-camelbak-horizon-de-350-ml-avec-isolation-sous-vide\\\/\"]}]},{\"@type\":\"ImageObject\",\"inLanguage\":\"en-CA\",\"@id\":\"https:\\\/\\\/perle-in.com\\\/en\\\/product\\\/gobelet-a-vin-camelbak-horizon-de-350-ml-avec-isolation-sous-vide\\\/#primaryimage\",\"url\":\"https:\\\/\\\/perle-in.com\\\/wp-content\\\/uploads\\\/2025\\\/10\\\/10075001-1.jpg\",\"contentUrl\":\"https:\\\/\\\/perle-in.com\\\/wp-content\\\/uploads\\\/2025\\\/10\\\/10075001-1.jpg\",\"width\":1600,\"height\":1600},{\"@type\":\"BreadcrumbList\",\"@id\":\"https:\\\/\\\/perle-in.com\\\/en\\\/product\\\/gobelet-a-vin-camelbak-horizon-de-350-ml-avec-isolation-sous-vide\\\/#breadcrumb\",\"itemListElement\":[{\"@type\":\"ListItem\",\"position\":1,\"name\":\"Accueil\",\"item\":\"https:\\\/\\\/perle-in.com\\\/\"},{\"@type\":\"ListItem\",\"position\":2,\"name\":\"Boutique\",\"item\":\"https:\\\/\\\/perle-in.com\\\/boutique\\\/\"},{\"@type\":\"ListItem\",\"position\":3,\"name\":\"Gobelet \u00e0 vin CamelBak\u00ae Horizon de 350\u00a0ml avec isolation sous vide\"}]},{\"@type\":\"WebSite\",\"@id\":\"https:\\\/\\\/perle-in.com\\\/#website\",\"url\":\"https:\\\/\\\/perle-in.com\\\/\",\"name\":\"PERLE IN\",\"description\":\"\",\"publisher\":{\"@id\":\"https:\\\/\\\/perle-in.com\\\/#organization\"},\"potentialAction\":[{\"@type\":\"SearchAction\",\"target\":{\"@type\":\"EntryPoint\",\"urlTemplate\":\"https:\\\/\\\/perle-in.com\\\/?s={search_term_string}\"},\"query-input\":{\"@type\":\"PropertyValueSpecification\",\"valueRequired\":true,\"valueName\":\"search_term_string\"}}],\"inLanguage\":\"en-CA\"},{\"@type\":\"Organization\",\"@id\":\"https:\\\/\\\/perle-in.com\\\/#organization\",\"name\":\"PERLE IN\",\"url\":\"https:\\\/\\\/perle-in.com\\\/\",\"logo\":{\"@type\":\"ImageObject\",\"inLanguage\":\"en-CA\",\"@id\":\"https:\\\/\\\/perle-in.com\\\/#\\\/schema\\\/logo\\\/image\\\/\",\"url\":\"https:\\\/\\\/perle-in.com\\\/wp-content\\\/uploads\\\/2022\\\/12\\\/LOGO-PERLE-IN-COULEUR@3x.webp\",\"contentUrl\":\"https:\\\/\\\/perle-in.com\\\/wp-content\\\/uploads\\\/2022\\\/12\\\/LOGO-PERLE-IN-COULEUR@3x.webp\",\"width\":1600,\"height\":490,\"caption\":\"PERLE IN\"},\"image\":{\"@id\":\"https:\\\/\\\/perle-in.com\\\/#\\\/schema\\\/logo\\\/image\\\/\"}}]}<\/script>\n<!-- \/ Yoast SEO plugin. -->","yoast_head_json":{"title":"Gobelet \u00e0 vin CamelBak\u00ae Horizon de 350\u00a0ml avec isolation sous vide - PERLE IN","robots":{"index":"noindex","follow":"follow","max-snippet":"max-snippet:-1","max-image-preview":"max-image-preview:large","max-video-preview":"max-video-preview:-1"},"og_locale":"en_US","og_type":"article","og_title":"Gobelet \u00e0 vin CamelBak\u00ae Horizon de 350\u00a0ml avec isolation sous vide - PERLE IN","og_description":"Faites l'exp\u00e9rience de boire du vin avec le gobelet \u00e0 vin Horizon de 350\u00a0ml. La construction avec isolation sous vide \u00e0 double paroi garde le vin froid pendant 6\u00a0heures, et si vous utilisez le gobelet pour le vin chaud, il restera chaud pendant 4\u00a0heures. L'int\u00e9rieur en forme de bol rehausse l'ar\u00f4me et la saveur du vin, offrant une exp\u00e9rience de consommation agr\u00e9able. Le couvercle tri-mode avec fonction anti-d\u00e9versement assure le contr\u00f4le du d\u00e9bit. Avec un rev\u00eatement en poudre durable et un design tendance, il est con\u00e7u pour emp\u00eacher la condensation \u00e0 l'ext\u00e9rieur du gobelet. Garantie \u00e0 vie pour les d\u00e9fauts de fabrication. Base en silicone antid\u00e9rapante. Sans BPA, BPS et BPF.","og_url":"https:\/\/perle-in.com\/en\/product\/gobelet-a-vin-camelbak-horizon-de-350-ml-avec-isolation-sous-vide\/","og_site_name":"PERLE IN","article_modified_time":"2025-10-19T03:46:55+00:00","og_image":[{"width":1600,"height":1600,"url":"https:\/\/perle-in.com\/wp-content\/uploads\/2025\/10\/10075001-1.jpg","type":"image\/jpeg"}],"twitter_card":"summary_large_image","schema":{"@context":"https:\/\/schema.org","@graph":[{"@type":"WebPage","@id":"https:\/\/perle-in.com\/en\/product\/gobelet-a-vin-camelbak-horizon-de-350-ml-avec-isolation-sous-vide\/","url":"https:\/\/perle-in.com\/en\/product\/gobelet-a-vin-camelbak-horizon-de-350-ml-avec-isolation-sous-vide\/","name":"Gobelet \u00e0 vin CamelBak\u00ae Horizon de 350\u00a0ml avec isolation sous vide - PERLE IN","isPartOf":{"@id":"https:\/\/perle-in.com\/#website"},"primaryImageOfPage":{"@id":"https:\/\/perle-in.com\/en\/product\/gobelet-a-vin-camelbak-horizon-de-350-ml-avec-isolation-sous-vide\/#primaryimage"},"image":{"@id":"https:\/\/perle-in.com\/en\/product\/gobelet-a-vin-camelbak-horizon-de-350-ml-avec-isolation-sous-vide\/#primaryimage"},"thumbnailUrl":"https:\/\/perle-in.com\/wp-content\/uploads\/2025\/10\/10075001-1.jpg","datePublished":"2025-10-14T23:39:29+00:00","dateModified":"2025-10-19T03:46:55+00:00","breadcrumb":{"@id":"https:\/\/perle-in.com\/en\/product\/gobelet-a-vin-camelbak-horizon-de-350-ml-avec-isolation-sous-vide\/#breadcrumb"},"inLanguage":"en-CA","potentialAction":[{"@type":"ReadAction","target":["https:\/\/perle-in.com\/en\/product\/gobelet-a-vin-camelbak-horizon-de-350-ml-avec-isolation-sous-vide\/"]}]},{"@type":"ImageObject","inLanguage":"en-CA","@id":"https:\/\/perle-in.com\/en\/product\/gobelet-a-vin-camelbak-horizon-de-350-ml-avec-isolation-sous-vide\/#primaryimage","url":"https:\/\/perle-in.com\/wp-content\/uploads\/2025\/10\/10075001-1.jpg","contentUrl":"https:\/\/perle-in.com\/wp-content\/uploads\/2025\/10\/10075001-1.jpg","width":1600,"height":1600},{"@type":"BreadcrumbList","@id":"https:\/\/perle-in.com\/en\/product\/gobelet-a-vin-camelbak-horizon-de-350-ml-avec-isolation-sous-vide\/#breadcrumb","itemListElement":[{"@type":"ListItem","position":1,"name":"Accueil","item":"https:\/\/perle-in.com\/"},{"@type":"ListItem","position":2,"name":"Boutique","item":"https:\/\/perle-in.com\/boutique\/"},{"@type":"ListItem","position":3,"name":"Gobelet \u00e0 vin CamelBak\u00ae Horizon de 350\u00a0ml avec isolation sous vide"}]},{"@type":"WebSite","@id":"https:\/\/perle-in.com\/#website","url":"https:\/\/perle-in.com\/","name":"PERLE IN","description":"","publisher":{"@id":"https:\/\/perle-in.com\/#organization"},"potentialAction":[{"@type":"SearchAction","target":{"@type":"EntryPoint","urlTemplate":"https:\/\/perle-in.com\/?s={search_term_string}"},"query-input":{"@type":"PropertyValueSpecification","valueRequired":true,"valueName":"search_term_string"}}],"inLanguage":"en-CA"},{"@type":"Organization","@id":"https:\/\/perle-in.com\/#organization","name":"PERLE IN","url":"https:\/\/perle-in.com\/","logo":{"@type":"ImageObject","inLanguage":"en-CA","@id":"https:\/\/perle-in.com\/#\/schema\/logo\/image\/","url":"https:\/\/perle-in.com\/wp-content\/uploads\/2022\/12\/LOGO-PERLE-IN-COULEUR@3x.webp","contentUrl":"https:\/\/perle-in.com\/wp-content\/uploads\/2022\/12\/LOGO-PERLE-IN-COULEUR@3x.webp","width":1600,"height":490,"caption":"PERLE IN"},"image":{"@id":"https:\/\/perle-in.com\/#\/schema\/logo\/image\/"}}]}},"jetpack_sharing_enabled":true,"_links":{"self":[{"href":"https:\/\/perle-in.com\/en\/wp-json\/wp\/v2\/product\/539184","targetHints":{"allow":["GET"]}}],"collection":[{"href":"https:\/\/perle-in.com\/en\/wp-json\/wp\/v2\/product"}],"about":[{"href":"https:\/\/perle-in.com\/en\/wp-json\/wp\/v2\/types\/product"}],"version-history":[{"count":0,"href":"https:\/\/perle-in.com\/en\/wp-json\/wp\/v2\/product\/539184\/revisions"}],"wp:featuredmedia":[{"embeddable":true,"href":"https:\/\/perle-in.com\/en\/wp-json\/wp\/v2\/media\/539174"}],"wp:attachment":[{"href":"https:\/\/perle-in.com\/en\/wp-json\/wp\/v2\/media?parent=539184"}],"wp:term":[{"taxonomy":"product_brand","embeddable":true,"href":"https:\/\/perle-in.com\/en\/wp-json\/wp\/v2\/product_brand?post=539184"},{"taxonomy":"product_cat","embeddable":true,"href":"https:\/\/perle-in.com\/en\/wp-json\/wp\/v2\/product_cat?post=539184"},{"taxonomy":"product_tag","embeddable":true,"href":"https:\/\/perle-in.com\/en\/wp-json\/wp\/v2\/product_tag?post=539184"}],"curies":[{"name":"wp","href":"https:\/\/api.w.org\/{rel}","templated":true}]}}