{"id":539171,"date":"2025-10-15T01:38:21","date_gmt":"2025-10-14T23:38:21","guid":{"rendered":"https:\/\/perle-in.com\/produit\/gobelet-avec-isolation-sous-vide-camelbak-horizon-rocks-de-300-ml\/"},"modified":"2025-10-19T05:46:46","modified_gmt":"2025-10-19T03:46:46","slug":"gobelet-avec-isolation-sous-vide-camelbak-horizon-rocks-de-300-ml","status":"publish","type":"product","link":"https:\/\/perle-in.com\/en\/product\/gobelet-avec-isolation-sous-vide-camelbak-horizon-rocks-de-300-ml\/","title":{"rendered":"Gobelet avec isolation sous vide CamelBak\u00ae Horizon Rocks de 300\u00a0ml"},"content":{"rendered":"","protected":false},"excerpt":{"rendered":"<p>Fabriqu\u00e9 en acier inoxydable avec isolation par le vide \u00e0 double paroi, le gobelet Horizon Rocks de 300\u00a0ml garde vos boissons chaudes pendant 3\u00a0heures ou froides pendant 5\u00a0heures. Le couvercle tri-mode avec fonction anti-d\u00e9versement assure le contr\u00f4le du d\u00e9bit. Avec un rev\u00eatement en poudre durable et un design tendance, il est con\u00e7u pour emp\u00eacher la condensation \u00e0 l&#8217;ext\u00e9rieur du gobelet. Large ouverture pour faciliter le nettoyage et le remplissage. Garantie \u00e0 vie pour les d\u00e9fauts de fabrication. Base en silicone antid\u00e9rapante. Sans BPA, BPS et BPF.<\/p>","protected":false},"featured_media":539161,"template":"","meta":{"_eb_attr":""},"product_brand":[],"product_cat":[173,189],"product_tag":[275,225,359,308,2646,230,227,2986],"class_list":{"0":"post-539171","1":"product","2":"type-product","3":"status-publish","4":"has-post-thumbnail","6":"product_cat-drinkware","7":"product_cat-mugs-isothermes","8":"product_tag-boissons","9":"product_tag-cafe","10":"product_tag-camelbak","11":"product_tag-gobelet","12":"product_tag-isolation","13":"product_tag-tasse","14":"product_tag-the","15":"product_tag-ustensiles","16":"pa_couleurs-blanc","17":"pa_couleurs-noir","19":"first","20":"instock","21":"shipping-taxable","22":"purchasable","23":"product-type-variable"},"yoast_head":"<!-- This site is optimized with the Yoast SEO plugin v27.4 - https:\/\/yoast.com\/product\/yoast-seo-wordpress\/ -->\n<title>Gobelet avec isolation sous vide CamelBak\u00ae Horizon Rocks de 300\u00a0ml - PERLE IN<\/title>\n<meta name=\"robots\" content=\"noindex, follow, max-snippet:-1, max-image-preview:large, max-video-preview:-1\" \/>\n<meta property=\"og:locale\" content=\"en_US\" \/>\n<meta property=\"og:type\" content=\"article\" \/>\n<meta property=\"og:title\" content=\"Gobelet avec isolation sous vide CamelBak\u00ae Horizon Rocks de 300\u00a0ml - PERLE IN\" \/>\n<meta property=\"og:description\" content=\"Fabriqu\u00e9 en acier inoxydable avec isolation par le vide \u00e0 double paroi, le gobelet Horizon Rocks de 300\u00a0ml garde vos boissons chaudes pendant 3\u00a0heures ou froides pendant 5\u00a0heures. Le couvercle tri-mode avec fonction anti-d\u00e9versement assure le contr\u00f4le du d\u00e9bit. Avec un rev\u00eatement en poudre durable et un design tendance, il est con\u00e7u pour emp\u00eacher la condensation \u00e0 l&#039;ext\u00e9rieur du gobelet. Large ouverture pour faciliter le nettoyage et le remplissage. Garantie \u00e0 vie pour les d\u00e9fauts de fabrication. Base en silicone antid\u00e9rapante. Sans BPA, BPS et BPF.\" \/>\n<meta property=\"og:url\" content=\"https:\/\/perle-in.com\/en\/product\/gobelet-avec-isolation-sous-vide-camelbak-horizon-rocks-de-300-ml\/\" \/>\n<meta property=\"og:site_name\" content=\"PERLE IN\" \/>\n<meta property=\"article:modified_time\" content=\"2025-10-19T03:46:46+00:00\" \/>\n<meta property=\"og:image\" content=\"https:\/\/perle-in.com\/wp-content\/uploads\/2025\/10\/10074901-1.jpg\" \/>\n\t<meta property=\"og:image:width\" content=\"1600\" \/>\n\t<meta property=\"og:image:height\" content=\"1600\" \/>\n\t<meta property=\"og:image:type\" content=\"image\/jpeg\" \/>\n<meta name=\"twitter:card\" content=\"summary_large_image\" \/>\n<script type=\"application\/ld+json\" class=\"yoast-schema-graph\">{\"@context\":\"https:\\\/\\\/schema.org\",\"@graph\":[{\"@type\":\"WebPage\",\"@id\":\"https:\\\/\\\/perle-in.com\\\/produit\\\/gobelet-avec-isolation-sous-vide-camelbak-horizon-rocks-de-300-ml\\\/\",\"url\":\"https:\\\/\\\/perle-in.com\\\/produit\\\/gobelet-avec-isolation-sous-vide-camelbak-horizon-rocks-de-300-ml\\\/\",\"name\":\"Gobelet avec isolation sous vide CamelBak\u00ae Horizon Rocks de 300\u00a0ml - PERLE IN\",\"isPartOf\":{\"@id\":\"https:\\\/\\\/perle-in.com\\\/#website\"},\"primaryImageOfPage\":{\"@id\":\"https:\\\/\\\/perle-in.com\\\/produit\\\/gobelet-avec-isolation-sous-vide-camelbak-horizon-rocks-de-300-ml\\\/#primaryimage\"},\"image\":{\"@id\":\"https:\\\/\\\/perle-in.com\\\/produit\\\/gobelet-avec-isolation-sous-vide-camelbak-horizon-rocks-de-300-ml\\\/#primaryimage\"},\"thumbnailUrl\":\"https:\\\/\\\/perle-in.com\\\/wp-content\\\/uploads\\\/2025\\\/10\\\/10074901-1.jpg\",\"datePublished\":\"2025-10-14T23:38:21+00:00\",\"dateModified\":\"2025-10-19T03:46:46+00:00\",\"breadcrumb\":{\"@id\":\"https:\\\/\\\/perle-in.com\\\/produit\\\/gobelet-avec-isolation-sous-vide-camelbak-horizon-rocks-de-300-ml\\\/#breadcrumb\"},\"inLanguage\":\"en-CA\",\"potentialAction\":[{\"@type\":\"ReadAction\",\"target\":[\"https:\\\/\\\/perle-in.com\\\/produit\\\/gobelet-avec-isolation-sous-vide-camelbak-horizon-rocks-de-300-ml\\\/\"]}]},{\"@type\":\"ImageObject\",\"inLanguage\":\"en-CA\",\"@id\":\"https:\\\/\\\/perle-in.com\\\/produit\\\/gobelet-avec-isolation-sous-vide-camelbak-horizon-rocks-de-300-ml\\\/#primaryimage\",\"url\":\"https:\\\/\\\/perle-in.com\\\/wp-content\\\/uploads\\\/2025\\\/10\\\/10074901-1.jpg\",\"contentUrl\":\"https:\\\/\\\/perle-in.com\\\/wp-content\\\/uploads\\\/2025\\\/10\\\/10074901-1.jpg\",\"width\":1600,\"height\":1600},{\"@type\":\"BreadcrumbList\",\"@id\":\"https:\\\/\\\/perle-in.com\\\/produit\\\/gobelet-avec-isolation-sous-vide-camelbak-horizon-rocks-de-300-ml\\\/#breadcrumb\",\"itemListElement\":[{\"@type\":\"ListItem\",\"position\":1,\"name\":\"Accueil\",\"item\":\"https:\\\/\\\/perle-in.com\\\/\"},{\"@type\":\"ListItem\",\"position\":2,\"name\":\"Boutique\",\"item\":\"https:\\\/\\\/perle-in.com\\\/boutique\\\/\"},{\"@type\":\"ListItem\",\"position\":3,\"name\":\"Gobelet avec isolation sous vide CamelBak\u00ae Horizon Rocks de 300\u00a0ml\"}]},{\"@type\":\"WebSite\",\"@id\":\"https:\\\/\\\/perle-in.com\\\/#website\",\"url\":\"https:\\\/\\\/perle-in.com\\\/\",\"name\":\"PERLE IN\",\"description\":\"\",\"publisher\":{\"@id\":\"https:\\\/\\\/perle-in.com\\\/#organization\"},\"potentialAction\":[{\"@type\":\"SearchAction\",\"target\":{\"@type\":\"EntryPoint\",\"urlTemplate\":\"https:\\\/\\\/perle-in.com\\\/?s={search_term_string}\"},\"query-input\":{\"@type\":\"PropertyValueSpecification\",\"valueRequired\":true,\"valueName\":\"search_term_string\"}}],\"inLanguage\":\"en-CA\"},{\"@type\":\"Organization\",\"@id\":\"https:\\\/\\\/perle-in.com\\\/#organization\",\"name\":\"PERLE IN\",\"url\":\"https:\\\/\\\/perle-in.com\\\/\",\"logo\":{\"@type\":\"ImageObject\",\"inLanguage\":\"en-CA\",\"@id\":\"https:\\\/\\\/perle-in.com\\\/#\\\/schema\\\/logo\\\/image\\\/\",\"url\":\"https:\\\/\\\/perle-in.com\\\/wp-content\\\/uploads\\\/2022\\\/12\\\/LOGO-PERLE-IN-COULEUR@3x.webp\",\"contentUrl\":\"https:\\\/\\\/perle-in.com\\\/wp-content\\\/uploads\\\/2022\\\/12\\\/LOGO-PERLE-IN-COULEUR@3x.webp\",\"width\":1600,\"height\":490,\"caption\":\"PERLE IN\"},\"image\":{\"@id\":\"https:\\\/\\\/perle-in.com\\\/#\\\/schema\\\/logo\\\/image\\\/\"}}]}<\/script>\n<!-- \/ Yoast SEO plugin. -->","yoast_head_json":{"title":"Gobelet avec isolation sous vide CamelBak\u00ae Horizon Rocks de 300\u00a0ml - PERLE IN","robots":{"index":"noindex","follow":"follow","max-snippet":"max-snippet:-1","max-image-preview":"max-image-preview:large","max-video-preview":"max-video-preview:-1"},"og_locale":"en_US","og_type":"article","og_title":"Gobelet avec isolation sous vide CamelBak\u00ae Horizon Rocks de 300\u00a0ml - PERLE IN","og_description":"Fabriqu\u00e9 en acier inoxydable avec isolation par le vide \u00e0 double paroi, le gobelet Horizon Rocks de 300\u00a0ml garde vos boissons chaudes pendant 3\u00a0heures ou froides pendant 5\u00a0heures. Le couvercle tri-mode avec fonction anti-d\u00e9versement assure le contr\u00f4le du d\u00e9bit. Avec un rev\u00eatement en poudre durable et un design tendance, il est con\u00e7u pour emp\u00eacher la condensation \u00e0 l'ext\u00e9rieur du gobelet. Large ouverture pour faciliter le nettoyage et le remplissage. Garantie \u00e0 vie pour les d\u00e9fauts de fabrication. Base en silicone antid\u00e9rapante. Sans BPA, BPS et BPF.","og_url":"https:\/\/perle-in.com\/en\/product\/gobelet-avec-isolation-sous-vide-camelbak-horizon-rocks-de-300-ml\/","og_site_name":"PERLE IN","article_modified_time":"2025-10-19T03:46:46+00:00","og_image":[{"width":1600,"height":1600,"url":"https:\/\/perle-in.com\/wp-content\/uploads\/2025\/10\/10074901-1.jpg","type":"image\/jpeg"}],"twitter_card":"summary_large_image","schema":{"@context":"https:\/\/schema.org","@graph":[{"@type":"WebPage","@id":"https:\/\/perle-in.com\/produit\/gobelet-avec-isolation-sous-vide-camelbak-horizon-rocks-de-300-ml\/","url":"https:\/\/perle-in.com\/produit\/gobelet-avec-isolation-sous-vide-camelbak-horizon-rocks-de-300-ml\/","name":"Gobelet avec isolation sous vide CamelBak\u00ae Horizon Rocks de 300\u00a0ml - PERLE IN","isPartOf":{"@id":"https:\/\/perle-in.com\/#website"},"primaryImageOfPage":{"@id":"https:\/\/perle-in.com\/produit\/gobelet-avec-isolation-sous-vide-camelbak-horizon-rocks-de-300-ml\/#primaryimage"},"image":{"@id":"https:\/\/perle-in.com\/produit\/gobelet-avec-isolation-sous-vide-camelbak-horizon-rocks-de-300-ml\/#primaryimage"},"thumbnailUrl":"https:\/\/perle-in.com\/wp-content\/uploads\/2025\/10\/10074901-1.jpg","datePublished":"2025-10-14T23:38:21+00:00","dateModified":"2025-10-19T03:46:46+00:00","breadcrumb":{"@id":"https:\/\/perle-in.com\/produit\/gobelet-avec-isolation-sous-vide-camelbak-horizon-rocks-de-300-ml\/#breadcrumb"},"inLanguage":"en-CA","potentialAction":[{"@type":"ReadAction","target":["https:\/\/perle-in.com\/produit\/gobelet-avec-isolation-sous-vide-camelbak-horizon-rocks-de-300-ml\/"]}]},{"@type":"ImageObject","inLanguage":"en-CA","@id":"https:\/\/perle-in.com\/produit\/gobelet-avec-isolation-sous-vide-camelbak-horizon-rocks-de-300-ml\/#primaryimage","url":"https:\/\/perle-in.com\/wp-content\/uploads\/2025\/10\/10074901-1.jpg","contentUrl":"https:\/\/perle-in.com\/wp-content\/uploads\/2025\/10\/10074901-1.jpg","width":1600,"height":1600},{"@type":"BreadcrumbList","@id":"https:\/\/perle-in.com\/produit\/gobelet-avec-isolation-sous-vide-camelbak-horizon-rocks-de-300-ml\/#breadcrumb","itemListElement":[{"@type":"ListItem","position":1,"name":"Accueil","item":"https:\/\/perle-in.com\/"},{"@type":"ListItem","position":2,"name":"Boutique","item":"https:\/\/perle-in.com\/boutique\/"},{"@type":"ListItem","position":3,"name":"Gobelet avec isolation sous vide CamelBak\u00ae Horizon Rocks de 300\u00a0ml"}]},{"@type":"WebSite","@id":"https:\/\/perle-in.com\/#website","url":"https:\/\/perle-in.com\/","name":"PERLE IN","description":"","publisher":{"@id":"https:\/\/perle-in.com\/#organization"},"potentialAction":[{"@type":"SearchAction","target":{"@type":"EntryPoint","urlTemplate":"https:\/\/perle-in.com\/?s={search_term_string}"},"query-input":{"@type":"PropertyValueSpecification","valueRequired":true,"valueName":"search_term_string"}}],"inLanguage":"en-CA"},{"@type":"Organization","@id":"https:\/\/perle-in.com\/#organization","name":"PERLE IN","url":"https:\/\/perle-in.com\/","logo":{"@type":"ImageObject","inLanguage":"en-CA","@id":"https:\/\/perle-in.com\/#\/schema\/logo\/image\/","url":"https:\/\/perle-in.com\/wp-content\/uploads\/2022\/12\/LOGO-PERLE-IN-COULEUR@3x.webp","contentUrl":"https:\/\/perle-in.com\/wp-content\/uploads\/2022\/12\/LOGO-PERLE-IN-COULEUR@3x.webp","width":1600,"height":490,"caption":"PERLE IN"},"image":{"@id":"https:\/\/perle-in.com\/#\/schema\/logo\/image\/"}}]}},"jetpack_sharing_enabled":true,"_links":{"self":[{"href":"https:\/\/perle-in.com\/en\/wp-json\/wp\/v2\/product\/539171","targetHints":{"allow":["GET"]}}],"collection":[{"href":"https:\/\/perle-in.com\/en\/wp-json\/wp\/v2\/product"}],"about":[{"href":"https:\/\/perle-in.com\/en\/wp-json\/wp\/v2\/types\/product"}],"version-history":[{"count":0,"href":"https:\/\/perle-in.com\/en\/wp-json\/wp\/v2\/product\/539171\/revisions"}],"wp:featuredmedia":[{"embeddable":true,"href":"https:\/\/perle-in.com\/en\/wp-json\/wp\/v2\/media\/539161"}],"wp:attachment":[{"href":"https:\/\/perle-in.com\/en\/wp-json\/wp\/v2\/media?parent=539171"}],"wp:term":[{"taxonomy":"product_brand","embeddable":true,"href":"https:\/\/perle-in.com\/en\/wp-json\/wp\/v2\/product_brand?post=539171"},{"taxonomy":"product_cat","embeddable":true,"href":"https:\/\/perle-in.com\/en\/wp-json\/wp\/v2\/product_cat?post=539171"},{"taxonomy":"product_tag","embeddable":true,"href":"https:\/\/perle-in.com\/en\/wp-json\/wp\/v2\/product_tag?post=539171"}],"curies":[{"name":"wp","href":"https:\/\/api.w.org\/{rel}","templated":true}]}}