{"id":539112,"date":"2025-10-15T01:34:51","date_gmt":"2025-10-14T23:34:51","guid":{"rendered":"https:\/\/perle-in.com\/produit\/sac-shopping-aqua-de-14-l-pour-ordinateur-portable-14-recycle-certifie-grs-resistant-a-leau\/"},"modified":"2025-10-19T05:46:45","modified_gmt":"2025-10-19T03:46:45","slug":"sac-shopping-aqua-de-14-l-pour-ordinateur-portable-14-recycle-certifie-grs-resistant-a-leau","status":"publish","type":"product","link":"https:\/\/perle-in.com\/en\/product\/sac-shopping-aqua-de-14-l-pour-ordinateur-portable-14-recycle-certifie-grs-resistant-a-leau\/","title":{"rendered":"Sac shopping Aqua de 14\u00a0L pour ordinateur portable 14&#8243; recycl\u00e9 certifi\u00e9 GRS r\u00e9sistant \u00e0 l&#8217;eau"},"content":{"rendered":"","protected":false},"excerpt":{"rendered":"<p>Sac shopping r\u00e9sistant \u00e0 l&#8217;eau pour ordinateur portable fabriqu\u00e9 \u00e0 partir de mat\u00e9riaux recycl\u00e9s GRS, y compris les fermetures \u00e9clair. Il dispose d&#8217;une pochette pour tablette d\u00e9di\u00e9e, d&#8217;un compartiment pour ordinateur portable de 14\u00a0pouces, de plusieurs poches pour l&#8217;organisation, d&#8217;une poche avant avec panneau d&#8217;organisation, de poign\u00e9es r\u00e9glables de 35\u00a0cm de long et d&#8217;une sangle pour les bagages. Les mat\u00e9riaux recycl\u00e9s GRS comprennent le tissu principal, la doublure, la sangle et les fermetures \u00e9clair. Capacit\u00e9\u00a0: 14\u00a0litres. Sans PVC.<\/p>","protected":false},"featured_media":539102,"template":"","meta":{"_eb_attr":""},"product_brand":[],"product_cat":[159,959],"product_tag":[837,274,961,2654,784,836,3264,282,904],"class_list":{"0":"post-539112","1":"product","2":"type-product","3":"status-publish","4":"has-post-thumbnail","6":"product_cat-sacs","7":"product_cat-sacs-de-shopping","8":"product_tag-durable","9":"product_tag-eau","10":"product_tag-fourre-tout","11":"product_tag-grs","12":"product_tag-ordinateur-portable","13":"product_tag-recycle","14":"product_tag-resistant","15":"product_tag-sac","16":"product_tag-shopping","17":"pa_couleurs-noir","18":"pa_green-points-2652","19":"pa_matiere-600d-polyester-recycle-certifie-grs","21":"first","22":"instock","23":"shipping-taxable","24":"purchasable","25":"product-type-variable"},"yoast_head":"<!-- This site is optimized with the Yoast SEO plugin v27.4 - https:\/\/yoast.com\/product\/yoast-seo-wordpress\/ -->\n<title>Sac shopping Aqua de 14\u00a0L pour ordinateur portable 14&quot; recycl\u00e9 certifi\u00e9 GRS r\u00e9sistant \u00e0 l&#039;eau - PERLE IN<\/title>\n<meta name=\"robots\" content=\"noindex, follow, max-snippet:-1, max-image-preview:large, max-video-preview:-1\" \/>\n<meta property=\"og:locale\" content=\"en_US\" \/>\n<meta property=\"og:type\" content=\"article\" \/>\n<meta property=\"og:title\" content=\"Sac shopping Aqua de 14\u00a0L pour ordinateur portable 14&quot; recycl\u00e9 certifi\u00e9 GRS r\u00e9sistant \u00e0 l&#039;eau - PERLE IN\" \/>\n<meta property=\"og:description\" content=\"Sac shopping r\u00e9sistant \u00e0 l&#039;eau pour ordinateur portable fabriqu\u00e9 \u00e0 partir de mat\u00e9riaux recycl\u00e9s GRS, y compris les fermetures \u00e9clair. Il dispose d&#039;une pochette pour tablette d\u00e9di\u00e9e, d&#039;un compartiment pour ordinateur portable de 14\u00a0pouces, de plusieurs poches pour l&#039;organisation, d&#039;une poche avant avec panneau d&#039;organisation, de poign\u00e9es r\u00e9glables de 35\u00a0cm de long et d&#039;une sangle pour les bagages. Les mat\u00e9riaux recycl\u00e9s GRS comprennent le tissu principal, la doublure, la sangle et les fermetures \u00e9clair. Capacit\u00e9\u00a0: 14\u00a0litres. Sans PVC.\" \/>\n<meta property=\"og:url\" content=\"https:\/\/perle-in.com\/en\/product\/sac-shopping-aqua-de-14-l-pour-ordinateur-portable-14-recycle-certifie-grs-resistant-a-leau\/\" \/>\n<meta property=\"og:site_name\" content=\"PERLE IN\" \/>\n<meta property=\"article:modified_time\" content=\"2025-10-19T03:46:45+00:00\" \/>\n<meta property=\"og:image\" content=\"https:\/\/perle-in.com\/wp-content\/uploads\/2025\/10\/13003890-1.jpg\" \/>\n\t<meta property=\"og:image:width\" content=\"1600\" \/>\n\t<meta property=\"og:image:height\" content=\"1600\" \/>\n\t<meta property=\"og:image:type\" content=\"image\/jpeg\" \/>\n<meta name=\"twitter:card\" content=\"summary_large_image\" \/>\n<script type=\"application\/ld+json\" class=\"yoast-schema-graph\">{\"@context\":\"https:\\\/\\\/schema.org\",\"@graph\":[{\"@type\":\"WebPage\",\"@id\":\"https:\\\/\\\/perle-in.com\\\/produit\\\/sac-shopping-aqua-de-14-l-pour-ordinateur-portable-14-recycle-certifie-grs-resistant-a-leau\\\/\",\"url\":\"https:\\\/\\\/perle-in.com\\\/produit\\\/sac-shopping-aqua-de-14-l-pour-ordinateur-portable-14-recycle-certifie-grs-resistant-a-leau\\\/\",\"name\":\"Sac shopping Aqua de 14\u00a0L pour ordinateur portable 14\\\" recycl\u00e9 certifi\u00e9 GRS r\u00e9sistant \u00e0 l'eau - PERLE IN\",\"isPartOf\":{\"@id\":\"https:\\\/\\\/perle-in.com\\\/#website\"},\"primaryImageOfPage\":{\"@id\":\"https:\\\/\\\/perle-in.com\\\/produit\\\/sac-shopping-aqua-de-14-l-pour-ordinateur-portable-14-recycle-certifie-grs-resistant-a-leau\\\/#primaryimage\"},\"image\":{\"@id\":\"https:\\\/\\\/perle-in.com\\\/produit\\\/sac-shopping-aqua-de-14-l-pour-ordinateur-portable-14-recycle-certifie-grs-resistant-a-leau\\\/#primaryimage\"},\"thumbnailUrl\":\"https:\\\/\\\/perle-in.com\\\/wp-content\\\/uploads\\\/2025\\\/10\\\/13003890-1.jpg\",\"datePublished\":\"2025-10-14T23:34:51+00:00\",\"dateModified\":\"2025-10-19T03:46:45+00:00\",\"breadcrumb\":{\"@id\":\"https:\\\/\\\/perle-in.com\\\/produit\\\/sac-shopping-aqua-de-14-l-pour-ordinateur-portable-14-recycle-certifie-grs-resistant-a-leau\\\/#breadcrumb\"},\"inLanguage\":\"en-CA\",\"potentialAction\":[{\"@type\":\"ReadAction\",\"target\":[\"https:\\\/\\\/perle-in.com\\\/produit\\\/sac-shopping-aqua-de-14-l-pour-ordinateur-portable-14-recycle-certifie-grs-resistant-a-leau\\\/\"]}]},{\"@type\":\"ImageObject\",\"inLanguage\":\"en-CA\",\"@id\":\"https:\\\/\\\/perle-in.com\\\/produit\\\/sac-shopping-aqua-de-14-l-pour-ordinateur-portable-14-recycle-certifie-grs-resistant-a-leau\\\/#primaryimage\",\"url\":\"https:\\\/\\\/perle-in.com\\\/wp-content\\\/uploads\\\/2025\\\/10\\\/13003890-1.jpg\",\"contentUrl\":\"https:\\\/\\\/perle-in.com\\\/wp-content\\\/uploads\\\/2025\\\/10\\\/13003890-1.jpg\",\"width\":1600,\"height\":1600},{\"@type\":\"BreadcrumbList\",\"@id\":\"https:\\\/\\\/perle-in.com\\\/produit\\\/sac-shopping-aqua-de-14-l-pour-ordinateur-portable-14-recycle-certifie-grs-resistant-a-leau\\\/#breadcrumb\",\"itemListElement\":[{\"@type\":\"ListItem\",\"position\":1,\"name\":\"Accueil\",\"item\":\"https:\\\/\\\/perle-in.com\\\/\"},{\"@type\":\"ListItem\",\"position\":2,\"name\":\"Boutique\",\"item\":\"https:\\\/\\\/perle-in.com\\\/boutique\\\/\"},{\"@type\":\"ListItem\",\"position\":3,\"name\":\"Sac shopping Aqua de 14\u00a0L pour ordinateur portable 14&#8243; recycl\u00e9 certifi\u00e9 GRS r\u00e9sistant \u00e0 l&#8217;eau\"}]},{\"@type\":\"WebSite\",\"@id\":\"https:\\\/\\\/perle-in.com\\\/#website\",\"url\":\"https:\\\/\\\/perle-in.com\\\/\",\"name\":\"PERLE IN\",\"description\":\"\",\"publisher\":{\"@id\":\"https:\\\/\\\/perle-in.com\\\/#organization\"},\"potentialAction\":[{\"@type\":\"SearchAction\",\"target\":{\"@type\":\"EntryPoint\",\"urlTemplate\":\"https:\\\/\\\/perle-in.com\\\/?s={search_term_string}\"},\"query-input\":{\"@type\":\"PropertyValueSpecification\",\"valueRequired\":true,\"valueName\":\"search_term_string\"}}],\"inLanguage\":\"en-CA\"},{\"@type\":\"Organization\",\"@id\":\"https:\\\/\\\/perle-in.com\\\/#organization\",\"name\":\"PERLE IN\",\"url\":\"https:\\\/\\\/perle-in.com\\\/\",\"logo\":{\"@type\":\"ImageObject\",\"inLanguage\":\"en-CA\",\"@id\":\"https:\\\/\\\/perle-in.com\\\/#\\\/schema\\\/logo\\\/image\\\/\",\"url\":\"https:\\\/\\\/perle-in.com\\\/wp-content\\\/uploads\\\/2022\\\/12\\\/LOGO-PERLE-IN-COULEUR@3x.webp\",\"contentUrl\":\"https:\\\/\\\/perle-in.com\\\/wp-content\\\/uploads\\\/2022\\\/12\\\/LOGO-PERLE-IN-COULEUR@3x.webp\",\"width\":1600,\"height\":490,\"caption\":\"PERLE IN\"},\"image\":{\"@id\":\"https:\\\/\\\/perle-in.com\\\/#\\\/schema\\\/logo\\\/image\\\/\"}}]}<\/script>\n<!-- \/ Yoast SEO plugin. -->","yoast_head_json":{"title":"Sac shopping Aqua de 14\u00a0L pour ordinateur portable 14\" recycl\u00e9 certifi\u00e9 GRS r\u00e9sistant \u00e0 l'eau - PERLE IN","robots":{"index":"noindex","follow":"follow","max-snippet":"max-snippet:-1","max-image-preview":"max-image-preview:large","max-video-preview":"max-video-preview:-1"},"og_locale":"en_US","og_type":"article","og_title":"Sac shopping Aqua de 14\u00a0L pour ordinateur portable 14\" recycl\u00e9 certifi\u00e9 GRS r\u00e9sistant \u00e0 l'eau - PERLE IN","og_description":"Sac shopping r\u00e9sistant \u00e0 l'eau pour ordinateur portable fabriqu\u00e9 \u00e0 partir de mat\u00e9riaux recycl\u00e9s GRS, y compris les fermetures \u00e9clair. Il dispose d'une pochette pour tablette d\u00e9di\u00e9e, d'un compartiment pour ordinateur portable de 14\u00a0pouces, de plusieurs poches pour l'organisation, d'une poche avant avec panneau d'organisation, de poign\u00e9es r\u00e9glables de 35\u00a0cm de long et d'une sangle pour les bagages. Les mat\u00e9riaux recycl\u00e9s GRS comprennent le tissu principal, la doublure, la sangle et les fermetures \u00e9clair. Capacit\u00e9\u00a0: 14\u00a0litres. Sans PVC.","og_url":"https:\/\/perle-in.com\/en\/product\/sac-shopping-aqua-de-14-l-pour-ordinateur-portable-14-recycle-certifie-grs-resistant-a-leau\/","og_site_name":"PERLE IN","article_modified_time":"2025-10-19T03:46:45+00:00","og_image":[{"width":1600,"height":1600,"url":"https:\/\/perle-in.com\/wp-content\/uploads\/2025\/10\/13003890-1.jpg","type":"image\/jpeg"}],"twitter_card":"summary_large_image","schema":{"@context":"https:\/\/schema.org","@graph":[{"@type":"WebPage","@id":"https:\/\/perle-in.com\/produit\/sac-shopping-aqua-de-14-l-pour-ordinateur-portable-14-recycle-certifie-grs-resistant-a-leau\/","url":"https:\/\/perle-in.com\/produit\/sac-shopping-aqua-de-14-l-pour-ordinateur-portable-14-recycle-certifie-grs-resistant-a-leau\/","name":"Sac shopping Aqua de 14\u00a0L pour ordinateur portable 14\" recycl\u00e9 certifi\u00e9 GRS r\u00e9sistant \u00e0 l'eau - PERLE IN","isPartOf":{"@id":"https:\/\/perle-in.com\/#website"},"primaryImageOfPage":{"@id":"https:\/\/perle-in.com\/produit\/sac-shopping-aqua-de-14-l-pour-ordinateur-portable-14-recycle-certifie-grs-resistant-a-leau\/#primaryimage"},"image":{"@id":"https:\/\/perle-in.com\/produit\/sac-shopping-aqua-de-14-l-pour-ordinateur-portable-14-recycle-certifie-grs-resistant-a-leau\/#primaryimage"},"thumbnailUrl":"https:\/\/perle-in.com\/wp-content\/uploads\/2025\/10\/13003890-1.jpg","datePublished":"2025-10-14T23:34:51+00:00","dateModified":"2025-10-19T03:46:45+00:00","breadcrumb":{"@id":"https:\/\/perle-in.com\/produit\/sac-shopping-aqua-de-14-l-pour-ordinateur-portable-14-recycle-certifie-grs-resistant-a-leau\/#breadcrumb"},"inLanguage":"en-CA","potentialAction":[{"@type":"ReadAction","target":["https:\/\/perle-in.com\/produit\/sac-shopping-aqua-de-14-l-pour-ordinateur-portable-14-recycle-certifie-grs-resistant-a-leau\/"]}]},{"@type":"ImageObject","inLanguage":"en-CA","@id":"https:\/\/perle-in.com\/produit\/sac-shopping-aqua-de-14-l-pour-ordinateur-portable-14-recycle-certifie-grs-resistant-a-leau\/#primaryimage","url":"https:\/\/perle-in.com\/wp-content\/uploads\/2025\/10\/13003890-1.jpg","contentUrl":"https:\/\/perle-in.com\/wp-content\/uploads\/2025\/10\/13003890-1.jpg","width":1600,"height":1600},{"@type":"BreadcrumbList","@id":"https:\/\/perle-in.com\/produit\/sac-shopping-aqua-de-14-l-pour-ordinateur-portable-14-recycle-certifie-grs-resistant-a-leau\/#breadcrumb","itemListElement":[{"@type":"ListItem","position":1,"name":"Accueil","item":"https:\/\/perle-in.com\/"},{"@type":"ListItem","position":2,"name":"Boutique","item":"https:\/\/perle-in.com\/boutique\/"},{"@type":"ListItem","position":3,"name":"Sac shopping Aqua de 14\u00a0L pour ordinateur portable 14&#8243; recycl\u00e9 certifi\u00e9 GRS r\u00e9sistant \u00e0 l&#8217;eau"}]},{"@type":"WebSite","@id":"https:\/\/perle-in.com\/#website","url":"https:\/\/perle-in.com\/","name":"PERLE IN","description":"","publisher":{"@id":"https:\/\/perle-in.com\/#organization"},"potentialAction":[{"@type":"SearchAction","target":{"@type":"EntryPoint","urlTemplate":"https:\/\/perle-in.com\/?s={search_term_string}"},"query-input":{"@type":"PropertyValueSpecification","valueRequired":true,"valueName":"search_term_string"}}],"inLanguage":"en-CA"},{"@type":"Organization","@id":"https:\/\/perle-in.com\/#organization","name":"PERLE IN","url":"https:\/\/perle-in.com\/","logo":{"@type":"ImageObject","inLanguage":"en-CA","@id":"https:\/\/perle-in.com\/#\/schema\/logo\/image\/","url":"https:\/\/perle-in.com\/wp-content\/uploads\/2022\/12\/LOGO-PERLE-IN-COULEUR@3x.webp","contentUrl":"https:\/\/perle-in.com\/wp-content\/uploads\/2022\/12\/LOGO-PERLE-IN-COULEUR@3x.webp","width":1600,"height":490,"caption":"PERLE IN"},"image":{"@id":"https:\/\/perle-in.com\/#\/schema\/logo\/image\/"}}]}},"jetpack_sharing_enabled":true,"_links":{"self":[{"href":"https:\/\/perle-in.com\/en\/wp-json\/wp\/v2\/product\/539112","targetHints":{"allow":["GET"]}}],"collection":[{"href":"https:\/\/perle-in.com\/en\/wp-json\/wp\/v2\/product"}],"about":[{"href":"https:\/\/perle-in.com\/en\/wp-json\/wp\/v2\/types\/product"}],"version-history":[{"count":0,"href":"https:\/\/perle-in.com\/en\/wp-json\/wp\/v2\/product\/539112\/revisions"}],"wp:featuredmedia":[{"embeddable":true,"href":"https:\/\/perle-in.com\/en\/wp-json\/wp\/v2\/media\/539102"}],"wp:attachment":[{"href":"https:\/\/perle-in.com\/en\/wp-json\/wp\/v2\/media?parent=539112"}],"wp:term":[{"taxonomy":"product_brand","embeddable":true,"href":"https:\/\/perle-in.com\/en\/wp-json\/wp\/v2\/product_brand?post=539112"},{"taxonomy":"product_cat","embeddable":true,"href":"https:\/\/perle-in.com\/en\/wp-json\/wp\/v2\/product_cat?post=539112"},{"taxonomy":"product_tag","embeddable":true,"href":"https:\/\/perle-in.com\/en\/wp-json\/wp\/v2\/product_tag?post=539112"}],"curies":[{"name":"wp","href":"https:\/\/api.w.org\/{rel}","templated":true}]}}