{"id":539100,"date":"2025-10-15T01:34:02","date_gmt":"2025-10-14T23:34:02","guid":{"rendered":"https:\/\/perle-in.com\/produit\/housse-pour-ordinateur-portable-rise-de-156-en-toile-recyclee-certifiee-grs\/"},"modified":"2025-10-19T05:46:45","modified_gmt":"2025-10-19T03:46:45","slug":"housse-pour-ordinateur-portable-rise-de-156-en-toile-recyclee-certifiee-grs","status":"publish","type":"product","link":"https:\/\/perle-in.com\/en\/product\/housse-pour-ordinateur-portable-rise-de-156-en-toile-recyclee-certifiee-grs\/","title":{"rendered":"Housse pour ordinateur portable Rise de 15,6&#8243; en toile recycl\u00e9e certifi\u00e9e GRS"},"content":{"rendered":"","protected":false},"excerpt":{"rendered":"<p>La housse pour ordinateur portable Rise de 15,6\u00a0pouces est fabriqu\u00e9e en polyester recycl\u00e9 900D certifi\u00e9 GRS sur l&#8217;ext\u00e9rieur. Elle est dot\u00e9e d&#8217;une doublure int\u00e9rieure en velours recycl\u00e9 certifi\u00e9 GRS douce pour une protection ultime. L&#8217;arri\u00e8re de la pochette contient un compartiment zipp\u00e9 pour ranger tous les petits objets tels que des cahiers, des documents ou d&#8217;autres petits accessoires. <\/p>","protected":false},"featured_media":539093,"template":"","meta":{"_eb_attr":""},"product_brand":[],"product_cat":[159,1112],"product_tag":[837,2654,1113,784,836,2880],"class_list":{"0":"post-539100","1":"product","2":"type-product","3":"status-publish","4":"has-post-thumbnail","6":"product_cat-sacs","7":"product_cat-sacs-pour-tablette-et-ordinateur-portable","8":"product_tag-durable","9":"product_tag-grs","10":"product_tag-housse","11":"product_tag-ordinateur-portable","12":"product_tag-recycle","13":"product_tag-tekio","14":"pa_couleurs-noir","15":"pa_green-points-2652","16":"pa_marque-tekio","17":"pa_matiere-polyester-recycle-certifie-grs-900d-polyester-recycle-certifie-grs","19":"first","20":"instock","21":"shipping-taxable","22":"purchasable","23":"product-type-variable"},"yoast_head":"<!-- This site is optimized with the Yoast SEO plugin v27.4 - https:\/\/yoast.com\/product\/yoast-seo-wordpress\/ -->\n<title>Housse pour ordinateur portable Rise de 15,6&quot; en toile recycl\u00e9e certifi\u00e9e GRS - PERLE IN<\/title>\n<meta name=\"robots\" content=\"noindex, follow, max-snippet:-1, max-image-preview:large, max-video-preview:-1\" \/>\n<meta property=\"og:locale\" content=\"en_US\" \/>\n<meta property=\"og:type\" content=\"article\" \/>\n<meta property=\"og:title\" content=\"Housse pour ordinateur portable Rise de 15,6&quot; en toile recycl\u00e9e certifi\u00e9e GRS - PERLE IN\" \/>\n<meta property=\"og:description\" content=\"La housse pour ordinateur portable Rise de 15,6\u00a0pouces est fabriqu\u00e9e en polyester recycl\u00e9 900D certifi\u00e9 GRS sur l&#039;ext\u00e9rieur. Elle est dot\u00e9e d&#039;une doublure int\u00e9rieure en velours recycl\u00e9 certifi\u00e9 GRS douce pour une protection ultime. L&#039;arri\u00e8re de la pochette contient un compartiment zipp\u00e9 pour ranger tous les petits objets tels que des cahiers, des documents ou d&#039;autres petits accessoires.\" \/>\n<meta property=\"og:url\" content=\"https:\/\/perle-in.com\/en\/product\/housse-pour-ordinateur-portable-rise-de-156-en-toile-recyclee-certifiee-grs\/\" \/>\n<meta property=\"og:site_name\" content=\"PERLE IN\" \/>\n<meta property=\"article:modified_time\" content=\"2025-10-19T03:46:45+00:00\" \/>\n<meta property=\"og:image\" content=\"https:\/\/perle-in.com\/wp-content\/uploads\/2025\/10\/12069990-1.jpg\" \/>\n\t<meta property=\"og:image:width\" content=\"1600\" \/>\n\t<meta property=\"og:image:height\" content=\"1600\" \/>\n\t<meta property=\"og:image:type\" content=\"image\/jpeg\" \/>\n<meta name=\"twitter:card\" content=\"summary_large_image\" \/>\n<script type=\"application\/ld+json\" class=\"yoast-schema-graph\">{\"@context\":\"https:\\\/\\\/schema.org\",\"@graph\":[{\"@type\":\"WebPage\",\"@id\":\"https:\\\/\\\/perle-in.com\\\/produit\\\/housse-pour-ordinateur-portable-rise-de-156-en-toile-recyclee-certifiee-grs\\\/\",\"url\":\"https:\\\/\\\/perle-in.com\\\/produit\\\/housse-pour-ordinateur-portable-rise-de-156-en-toile-recyclee-certifiee-grs\\\/\",\"name\":\"Housse pour ordinateur portable Rise de 15,6\\\" en toile recycl\u00e9e certifi\u00e9e GRS - PERLE IN\",\"isPartOf\":{\"@id\":\"https:\\\/\\\/perle-in.com\\\/#website\"},\"primaryImageOfPage\":{\"@id\":\"https:\\\/\\\/perle-in.com\\\/produit\\\/housse-pour-ordinateur-portable-rise-de-156-en-toile-recyclee-certifiee-grs\\\/#primaryimage\"},\"image\":{\"@id\":\"https:\\\/\\\/perle-in.com\\\/produit\\\/housse-pour-ordinateur-portable-rise-de-156-en-toile-recyclee-certifiee-grs\\\/#primaryimage\"},\"thumbnailUrl\":\"https:\\\/\\\/perle-in.com\\\/wp-content\\\/uploads\\\/2025\\\/10\\\/12069990-1.jpg\",\"datePublished\":\"2025-10-14T23:34:02+00:00\",\"dateModified\":\"2025-10-19T03:46:45+00:00\",\"breadcrumb\":{\"@id\":\"https:\\\/\\\/perle-in.com\\\/produit\\\/housse-pour-ordinateur-portable-rise-de-156-en-toile-recyclee-certifiee-grs\\\/#breadcrumb\"},\"inLanguage\":\"en-CA\",\"potentialAction\":[{\"@type\":\"ReadAction\",\"target\":[\"https:\\\/\\\/perle-in.com\\\/produit\\\/housse-pour-ordinateur-portable-rise-de-156-en-toile-recyclee-certifiee-grs\\\/\"]}]},{\"@type\":\"ImageObject\",\"inLanguage\":\"en-CA\",\"@id\":\"https:\\\/\\\/perle-in.com\\\/produit\\\/housse-pour-ordinateur-portable-rise-de-156-en-toile-recyclee-certifiee-grs\\\/#primaryimage\",\"url\":\"https:\\\/\\\/perle-in.com\\\/wp-content\\\/uploads\\\/2025\\\/10\\\/12069990-1.jpg\",\"contentUrl\":\"https:\\\/\\\/perle-in.com\\\/wp-content\\\/uploads\\\/2025\\\/10\\\/12069990-1.jpg\",\"width\":1600,\"height\":1600},{\"@type\":\"BreadcrumbList\",\"@id\":\"https:\\\/\\\/perle-in.com\\\/produit\\\/housse-pour-ordinateur-portable-rise-de-156-en-toile-recyclee-certifiee-grs\\\/#breadcrumb\",\"itemListElement\":[{\"@type\":\"ListItem\",\"position\":1,\"name\":\"Accueil\",\"item\":\"https:\\\/\\\/perle-in.com\\\/\"},{\"@type\":\"ListItem\",\"position\":2,\"name\":\"Boutique\",\"item\":\"https:\\\/\\\/perle-in.com\\\/boutique\\\/\"},{\"@type\":\"ListItem\",\"position\":3,\"name\":\"Housse pour ordinateur portable Rise de 15,6&#8243; en toile recycl\u00e9e certifi\u00e9e GRS\"}]},{\"@type\":\"WebSite\",\"@id\":\"https:\\\/\\\/perle-in.com\\\/#website\",\"url\":\"https:\\\/\\\/perle-in.com\\\/\",\"name\":\"PERLE IN\",\"description\":\"\",\"publisher\":{\"@id\":\"https:\\\/\\\/perle-in.com\\\/#organization\"},\"potentialAction\":[{\"@type\":\"SearchAction\",\"target\":{\"@type\":\"EntryPoint\",\"urlTemplate\":\"https:\\\/\\\/perle-in.com\\\/?s={search_term_string}\"},\"query-input\":{\"@type\":\"PropertyValueSpecification\",\"valueRequired\":true,\"valueName\":\"search_term_string\"}}],\"inLanguage\":\"en-CA\"},{\"@type\":\"Organization\",\"@id\":\"https:\\\/\\\/perle-in.com\\\/#organization\",\"name\":\"PERLE IN\",\"url\":\"https:\\\/\\\/perle-in.com\\\/\",\"logo\":{\"@type\":\"ImageObject\",\"inLanguage\":\"en-CA\",\"@id\":\"https:\\\/\\\/perle-in.com\\\/#\\\/schema\\\/logo\\\/image\\\/\",\"url\":\"https:\\\/\\\/perle-in.com\\\/wp-content\\\/uploads\\\/2022\\\/12\\\/LOGO-PERLE-IN-COULEUR@3x.webp\",\"contentUrl\":\"https:\\\/\\\/perle-in.com\\\/wp-content\\\/uploads\\\/2022\\\/12\\\/LOGO-PERLE-IN-COULEUR@3x.webp\",\"width\":1600,\"height\":490,\"caption\":\"PERLE IN\"},\"image\":{\"@id\":\"https:\\\/\\\/perle-in.com\\\/#\\\/schema\\\/logo\\\/image\\\/\"}}]}<\/script>\n<!-- \/ Yoast SEO plugin. -->","yoast_head_json":{"title":"Housse pour ordinateur portable Rise de 15,6\" en toile recycl\u00e9e certifi\u00e9e GRS - PERLE IN","robots":{"index":"noindex","follow":"follow","max-snippet":"max-snippet:-1","max-image-preview":"max-image-preview:large","max-video-preview":"max-video-preview:-1"},"og_locale":"en_US","og_type":"article","og_title":"Housse pour ordinateur portable Rise de 15,6\" en toile recycl\u00e9e certifi\u00e9e GRS - PERLE IN","og_description":"La housse pour ordinateur portable Rise de 15,6\u00a0pouces est fabriqu\u00e9e en polyester recycl\u00e9 900D certifi\u00e9 GRS sur l'ext\u00e9rieur. Elle est dot\u00e9e d'une doublure int\u00e9rieure en velours recycl\u00e9 certifi\u00e9 GRS douce pour une protection ultime. L'arri\u00e8re de la pochette contient un compartiment zipp\u00e9 pour ranger tous les petits objets tels que des cahiers, des documents ou d'autres petits accessoires.","og_url":"https:\/\/perle-in.com\/en\/product\/housse-pour-ordinateur-portable-rise-de-156-en-toile-recyclee-certifiee-grs\/","og_site_name":"PERLE IN","article_modified_time":"2025-10-19T03:46:45+00:00","og_image":[{"width":1600,"height":1600,"url":"https:\/\/perle-in.com\/wp-content\/uploads\/2025\/10\/12069990-1.jpg","type":"image\/jpeg"}],"twitter_card":"summary_large_image","schema":{"@context":"https:\/\/schema.org","@graph":[{"@type":"WebPage","@id":"https:\/\/perle-in.com\/produit\/housse-pour-ordinateur-portable-rise-de-156-en-toile-recyclee-certifiee-grs\/","url":"https:\/\/perle-in.com\/produit\/housse-pour-ordinateur-portable-rise-de-156-en-toile-recyclee-certifiee-grs\/","name":"Housse pour ordinateur portable Rise de 15,6\" en toile recycl\u00e9e certifi\u00e9e GRS - PERLE IN","isPartOf":{"@id":"https:\/\/perle-in.com\/#website"},"primaryImageOfPage":{"@id":"https:\/\/perle-in.com\/produit\/housse-pour-ordinateur-portable-rise-de-156-en-toile-recyclee-certifiee-grs\/#primaryimage"},"image":{"@id":"https:\/\/perle-in.com\/produit\/housse-pour-ordinateur-portable-rise-de-156-en-toile-recyclee-certifiee-grs\/#primaryimage"},"thumbnailUrl":"https:\/\/perle-in.com\/wp-content\/uploads\/2025\/10\/12069990-1.jpg","datePublished":"2025-10-14T23:34:02+00:00","dateModified":"2025-10-19T03:46:45+00:00","breadcrumb":{"@id":"https:\/\/perle-in.com\/produit\/housse-pour-ordinateur-portable-rise-de-156-en-toile-recyclee-certifiee-grs\/#breadcrumb"},"inLanguage":"en-CA","potentialAction":[{"@type":"ReadAction","target":["https:\/\/perle-in.com\/produit\/housse-pour-ordinateur-portable-rise-de-156-en-toile-recyclee-certifiee-grs\/"]}]},{"@type":"ImageObject","inLanguage":"en-CA","@id":"https:\/\/perle-in.com\/produit\/housse-pour-ordinateur-portable-rise-de-156-en-toile-recyclee-certifiee-grs\/#primaryimage","url":"https:\/\/perle-in.com\/wp-content\/uploads\/2025\/10\/12069990-1.jpg","contentUrl":"https:\/\/perle-in.com\/wp-content\/uploads\/2025\/10\/12069990-1.jpg","width":1600,"height":1600},{"@type":"BreadcrumbList","@id":"https:\/\/perle-in.com\/produit\/housse-pour-ordinateur-portable-rise-de-156-en-toile-recyclee-certifiee-grs\/#breadcrumb","itemListElement":[{"@type":"ListItem","position":1,"name":"Accueil","item":"https:\/\/perle-in.com\/"},{"@type":"ListItem","position":2,"name":"Boutique","item":"https:\/\/perle-in.com\/boutique\/"},{"@type":"ListItem","position":3,"name":"Housse pour ordinateur portable Rise de 15,6&#8243; en toile recycl\u00e9e certifi\u00e9e GRS"}]},{"@type":"WebSite","@id":"https:\/\/perle-in.com\/#website","url":"https:\/\/perle-in.com\/","name":"PERLE IN","description":"","publisher":{"@id":"https:\/\/perle-in.com\/#organization"},"potentialAction":[{"@type":"SearchAction","target":{"@type":"EntryPoint","urlTemplate":"https:\/\/perle-in.com\/?s={search_term_string}"},"query-input":{"@type":"PropertyValueSpecification","valueRequired":true,"valueName":"search_term_string"}}],"inLanguage":"en-CA"},{"@type":"Organization","@id":"https:\/\/perle-in.com\/#organization","name":"PERLE IN","url":"https:\/\/perle-in.com\/","logo":{"@type":"ImageObject","inLanguage":"en-CA","@id":"https:\/\/perle-in.com\/#\/schema\/logo\/image\/","url":"https:\/\/perle-in.com\/wp-content\/uploads\/2022\/12\/LOGO-PERLE-IN-COULEUR@3x.webp","contentUrl":"https:\/\/perle-in.com\/wp-content\/uploads\/2022\/12\/LOGO-PERLE-IN-COULEUR@3x.webp","width":1600,"height":490,"caption":"PERLE IN"},"image":{"@id":"https:\/\/perle-in.com\/#\/schema\/logo\/image\/"}}]}},"jetpack_sharing_enabled":true,"_links":{"self":[{"href":"https:\/\/perle-in.com\/en\/wp-json\/wp\/v2\/product\/539100","targetHints":{"allow":["GET"]}}],"collection":[{"href":"https:\/\/perle-in.com\/en\/wp-json\/wp\/v2\/product"}],"about":[{"href":"https:\/\/perle-in.com\/en\/wp-json\/wp\/v2\/types\/product"}],"version-history":[{"count":0,"href":"https:\/\/perle-in.com\/en\/wp-json\/wp\/v2\/product\/539100\/revisions"}],"wp:featuredmedia":[{"embeddable":true,"href":"https:\/\/perle-in.com\/en\/wp-json\/wp\/v2\/media\/539093"}],"wp:attachment":[{"href":"https:\/\/perle-in.com\/en\/wp-json\/wp\/v2\/media?parent=539100"}],"wp:term":[{"taxonomy":"product_brand","embeddable":true,"href":"https:\/\/perle-in.com\/en\/wp-json\/wp\/v2\/product_brand?post=539100"},{"taxonomy":"product_cat","embeddable":true,"href":"https:\/\/perle-in.com\/en\/wp-json\/wp\/v2\/product_cat?post=539100"},{"taxonomy":"product_tag","embeddable":true,"href":"https:\/\/perle-in.com\/en\/wp-json\/wp\/v2\/product_tag?post=539100"}],"curies":[{"name":"wp","href":"https:\/\/api.w.org\/{rel}","templated":true}]}}