{"id":539091,"date":"2025-10-15T01:33:27","date_gmt":"2025-10-14T23:33:27","guid":{"rendered":"https:\/\/perle-in.com\/produit\/pochette-de-rangement-rise-recyclee-certifiee-grs\/"},"modified":"2025-10-19T05:46:45","modified_gmt":"2025-10-19T03:46:45","slug":"pochette-de-rangement-rise-recyclee-certifiee-grs","status":"publish","type":"product","link":"https:\/\/perle-in.com\/en\/product\/pochette-de-rangement-rise-recyclee-certifiee-grs\/","title":{"rendered":"Pochette de rangement Rise recycl\u00e9e certifi\u00e9e GRS"},"content":{"rendered":"","protected":false},"excerpt":{"rendered":"<p>La pochette de rangement Rise est une solution polyvalente et hybride pour organiser tous les articles li\u00e9s \u00e0 la technologie. Fabriqu\u00e9e en polyester 900D durable recycl\u00e9 et certifi\u00e9 GRS et dot\u00e9e d&#8217;une doublure en velvet gomme recycl\u00e9 GRS, cette pochette Hardshell dispose de deux poches manchons, de poches en maille, de bretelles \u00e9lastiques au bas pour les c\u00e2bles et d&#8217;une poche zipp\u00e9e pour les accessoires suppl\u00e9mentaires. Toutes les poches assurent une organisation optimale et la coque dure prot\u00e8ge tous les gadgets de valeur.<\/p>","protected":false},"featured_media":539083,"template":"","meta":{"_eb_attr":""},"product_brand":[],"product_cat":[1241,426,129],"product_tag":[837,2654,2016,836,282,3289,2880],"class_list":{"0":"post-539091","1":"product","2":"type-product","3":"status-publish","4":"has-post-thumbnail","6":"product_cat-accessoires-de-voyage-sport-et-loisirs","7":"product_cat-accessoires-de-voyage","8":"product_cat-sport-et-loisirs","9":"product_tag-durable","10":"product_tag-grs","11":"product_tag-organisateur","12":"product_tag-recycle","13":"product_tag-sac","14":"product_tag-tech","15":"product_tag-tekio","16":"pa_couleurs-noir","17":"pa_green-points-2652","18":"pa_marque-tekio","19":"pa_matiere-polyester-recycle-certifie-grs-900d-polyester-recycle-certifie-grs","21":"first","22":"instock","23":"shipping-taxable","24":"purchasable","25":"product-type-variable"},"yoast_head":"<!-- This site is optimized with the Yoast SEO plugin v27.4 - https:\/\/yoast.com\/product\/yoast-seo-wordpress\/ -->\n<title>Pochette de rangement Rise recycl\u00e9e certifi\u00e9e GRS - PERLE IN<\/title>\n<meta name=\"robots\" content=\"noindex, follow, max-snippet:-1, max-image-preview:large, max-video-preview:-1\" \/>\n<meta property=\"og:locale\" content=\"en_US\" \/>\n<meta property=\"og:type\" content=\"article\" \/>\n<meta property=\"og:title\" content=\"Pochette de rangement Rise recycl\u00e9e certifi\u00e9e GRS - PERLE IN\" \/>\n<meta property=\"og:description\" content=\"La pochette de rangement Rise est une solution polyvalente et hybride pour organiser tous les articles li\u00e9s \u00e0 la technologie. Fabriqu\u00e9e en polyester 900D durable recycl\u00e9 et certifi\u00e9 GRS et dot\u00e9e d&#039;une doublure en velvet gomme recycl\u00e9 GRS, cette pochette Hardshell dispose de deux poches manchons, de poches en maille, de bretelles \u00e9lastiques au bas pour les c\u00e2bles et d&#039;une poche zipp\u00e9e pour les accessoires suppl\u00e9mentaires. Toutes les poches assurent une organisation optimale et la coque dure prot\u00e8ge tous les gadgets de valeur.\" \/>\n<meta property=\"og:url\" content=\"https:\/\/perle-in.com\/en\/product\/pochette-de-rangement-rise-recyclee-certifiee-grs\/\" \/>\n<meta property=\"og:site_name\" content=\"PERLE IN\" \/>\n<meta property=\"article:modified_time\" content=\"2025-10-19T03:46:45+00:00\" \/>\n<meta property=\"og:image\" content=\"https:\/\/perle-in.com\/wp-content\/uploads\/2025\/10\/12069890-1.jpg\" \/>\n\t<meta property=\"og:image:width\" content=\"1600\" \/>\n\t<meta property=\"og:image:height\" content=\"1600\" \/>\n\t<meta property=\"og:image:type\" content=\"image\/jpeg\" \/>\n<meta name=\"twitter:card\" content=\"summary_large_image\" \/>\n<script type=\"application\/ld+json\" class=\"yoast-schema-graph\">{\"@context\":\"https:\\\/\\\/schema.org\",\"@graph\":[{\"@type\":\"WebPage\",\"@id\":\"https:\\\/\\\/perle-in.com\\\/produit\\\/pochette-de-rangement-rise-recyclee-certifiee-grs\\\/\",\"url\":\"https:\\\/\\\/perle-in.com\\\/produit\\\/pochette-de-rangement-rise-recyclee-certifiee-grs\\\/\",\"name\":\"Pochette de rangement Rise recycl\u00e9e certifi\u00e9e GRS - PERLE IN\",\"isPartOf\":{\"@id\":\"https:\\\/\\\/perle-in.com\\\/#website\"},\"primaryImageOfPage\":{\"@id\":\"https:\\\/\\\/perle-in.com\\\/produit\\\/pochette-de-rangement-rise-recyclee-certifiee-grs\\\/#primaryimage\"},\"image\":{\"@id\":\"https:\\\/\\\/perle-in.com\\\/produit\\\/pochette-de-rangement-rise-recyclee-certifiee-grs\\\/#primaryimage\"},\"thumbnailUrl\":\"https:\\\/\\\/perle-in.com\\\/wp-content\\\/uploads\\\/2025\\\/10\\\/12069890-1.jpg\",\"datePublished\":\"2025-10-14T23:33:27+00:00\",\"dateModified\":\"2025-10-19T03:46:45+00:00\",\"breadcrumb\":{\"@id\":\"https:\\\/\\\/perle-in.com\\\/produit\\\/pochette-de-rangement-rise-recyclee-certifiee-grs\\\/#breadcrumb\"},\"inLanguage\":\"en-CA\",\"potentialAction\":[{\"@type\":\"ReadAction\",\"target\":[\"https:\\\/\\\/perle-in.com\\\/produit\\\/pochette-de-rangement-rise-recyclee-certifiee-grs\\\/\"]}]},{\"@type\":\"ImageObject\",\"inLanguage\":\"en-CA\",\"@id\":\"https:\\\/\\\/perle-in.com\\\/produit\\\/pochette-de-rangement-rise-recyclee-certifiee-grs\\\/#primaryimage\",\"url\":\"https:\\\/\\\/perle-in.com\\\/wp-content\\\/uploads\\\/2025\\\/10\\\/12069890-1.jpg\",\"contentUrl\":\"https:\\\/\\\/perle-in.com\\\/wp-content\\\/uploads\\\/2025\\\/10\\\/12069890-1.jpg\",\"width\":1600,\"height\":1600},{\"@type\":\"BreadcrumbList\",\"@id\":\"https:\\\/\\\/perle-in.com\\\/produit\\\/pochette-de-rangement-rise-recyclee-certifiee-grs\\\/#breadcrumb\",\"itemListElement\":[{\"@type\":\"ListItem\",\"position\":1,\"name\":\"Accueil\",\"item\":\"https:\\\/\\\/perle-in.com\\\/\"},{\"@type\":\"ListItem\",\"position\":2,\"name\":\"Boutique\",\"item\":\"https:\\\/\\\/perle-in.com\\\/boutique\\\/\"},{\"@type\":\"ListItem\",\"position\":3,\"name\":\"Pochette de rangement Rise recycl\u00e9e certifi\u00e9e GRS\"}]},{\"@type\":\"WebSite\",\"@id\":\"https:\\\/\\\/perle-in.com\\\/#website\",\"url\":\"https:\\\/\\\/perle-in.com\\\/\",\"name\":\"PERLE IN\",\"description\":\"\",\"publisher\":{\"@id\":\"https:\\\/\\\/perle-in.com\\\/#organization\"},\"potentialAction\":[{\"@type\":\"SearchAction\",\"target\":{\"@type\":\"EntryPoint\",\"urlTemplate\":\"https:\\\/\\\/perle-in.com\\\/?s={search_term_string}\"},\"query-input\":{\"@type\":\"PropertyValueSpecification\",\"valueRequired\":true,\"valueName\":\"search_term_string\"}}],\"inLanguage\":\"en-CA\"},{\"@type\":\"Organization\",\"@id\":\"https:\\\/\\\/perle-in.com\\\/#organization\",\"name\":\"PERLE IN\",\"url\":\"https:\\\/\\\/perle-in.com\\\/\",\"logo\":{\"@type\":\"ImageObject\",\"inLanguage\":\"en-CA\",\"@id\":\"https:\\\/\\\/perle-in.com\\\/#\\\/schema\\\/logo\\\/image\\\/\",\"url\":\"https:\\\/\\\/perle-in.com\\\/wp-content\\\/uploads\\\/2022\\\/12\\\/LOGO-PERLE-IN-COULEUR@3x.webp\",\"contentUrl\":\"https:\\\/\\\/perle-in.com\\\/wp-content\\\/uploads\\\/2022\\\/12\\\/LOGO-PERLE-IN-COULEUR@3x.webp\",\"width\":1600,\"height\":490,\"caption\":\"PERLE IN\"},\"image\":{\"@id\":\"https:\\\/\\\/perle-in.com\\\/#\\\/schema\\\/logo\\\/image\\\/\"}}]}<\/script>\n<!-- \/ Yoast SEO plugin. -->","yoast_head_json":{"title":"Pochette de rangement Rise recycl\u00e9e certifi\u00e9e GRS - PERLE IN","robots":{"index":"noindex","follow":"follow","max-snippet":"max-snippet:-1","max-image-preview":"max-image-preview:large","max-video-preview":"max-video-preview:-1"},"og_locale":"en_US","og_type":"article","og_title":"Pochette de rangement Rise recycl\u00e9e certifi\u00e9e GRS - PERLE IN","og_description":"La pochette de rangement Rise est une solution polyvalente et hybride pour organiser tous les articles li\u00e9s \u00e0 la technologie. Fabriqu\u00e9e en polyester 900D durable recycl\u00e9 et certifi\u00e9 GRS et dot\u00e9e d'une doublure en velvet gomme recycl\u00e9 GRS, cette pochette Hardshell dispose de deux poches manchons, de poches en maille, de bretelles \u00e9lastiques au bas pour les c\u00e2bles et d'une poche zipp\u00e9e pour les accessoires suppl\u00e9mentaires. Toutes les poches assurent une organisation optimale et la coque dure prot\u00e8ge tous les gadgets de valeur.","og_url":"https:\/\/perle-in.com\/en\/product\/pochette-de-rangement-rise-recyclee-certifiee-grs\/","og_site_name":"PERLE IN","article_modified_time":"2025-10-19T03:46:45+00:00","og_image":[{"width":1600,"height":1600,"url":"https:\/\/perle-in.com\/wp-content\/uploads\/2025\/10\/12069890-1.jpg","type":"image\/jpeg"}],"twitter_card":"summary_large_image","schema":{"@context":"https:\/\/schema.org","@graph":[{"@type":"WebPage","@id":"https:\/\/perle-in.com\/produit\/pochette-de-rangement-rise-recyclee-certifiee-grs\/","url":"https:\/\/perle-in.com\/produit\/pochette-de-rangement-rise-recyclee-certifiee-grs\/","name":"Pochette de rangement Rise recycl\u00e9e certifi\u00e9e GRS - PERLE IN","isPartOf":{"@id":"https:\/\/perle-in.com\/#website"},"primaryImageOfPage":{"@id":"https:\/\/perle-in.com\/produit\/pochette-de-rangement-rise-recyclee-certifiee-grs\/#primaryimage"},"image":{"@id":"https:\/\/perle-in.com\/produit\/pochette-de-rangement-rise-recyclee-certifiee-grs\/#primaryimage"},"thumbnailUrl":"https:\/\/perle-in.com\/wp-content\/uploads\/2025\/10\/12069890-1.jpg","datePublished":"2025-10-14T23:33:27+00:00","dateModified":"2025-10-19T03:46:45+00:00","breadcrumb":{"@id":"https:\/\/perle-in.com\/produit\/pochette-de-rangement-rise-recyclee-certifiee-grs\/#breadcrumb"},"inLanguage":"en-CA","potentialAction":[{"@type":"ReadAction","target":["https:\/\/perle-in.com\/produit\/pochette-de-rangement-rise-recyclee-certifiee-grs\/"]}]},{"@type":"ImageObject","inLanguage":"en-CA","@id":"https:\/\/perle-in.com\/produit\/pochette-de-rangement-rise-recyclee-certifiee-grs\/#primaryimage","url":"https:\/\/perle-in.com\/wp-content\/uploads\/2025\/10\/12069890-1.jpg","contentUrl":"https:\/\/perle-in.com\/wp-content\/uploads\/2025\/10\/12069890-1.jpg","width":1600,"height":1600},{"@type":"BreadcrumbList","@id":"https:\/\/perle-in.com\/produit\/pochette-de-rangement-rise-recyclee-certifiee-grs\/#breadcrumb","itemListElement":[{"@type":"ListItem","position":1,"name":"Accueil","item":"https:\/\/perle-in.com\/"},{"@type":"ListItem","position":2,"name":"Boutique","item":"https:\/\/perle-in.com\/boutique\/"},{"@type":"ListItem","position":3,"name":"Pochette de rangement Rise recycl\u00e9e certifi\u00e9e GRS"}]},{"@type":"WebSite","@id":"https:\/\/perle-in.com\/#website","url":"https:\/\/perle-in.com\/","name":"PERLE IN","description":"","publisher":{"@id":"https:\/\/perle-in.com\/#organization"},"potentialAction":[{"@type":"SearchAction","target":{"@type":"EntryPoint","urlTemplate":"https:\/\/perle-in.com\/?s={search_term_string}"},"query-input":{"@type":"PropertyValueSpecification","valueRequired":true,"valueName":"search_term_string"}}],"inLanguage":"en-CA"},{"@type":"Organization","@id":"https:\/\/perle-in.com\/#organization","name":"PERLE IN","url":"https:\/\/perle-in.com\/","logo":{"@type":"ImageObject","inLanguage":"en-CA","@id":"https:\/\/perle-in.com\/#\/schema\/logo\/image\/","url":"https:\/\/perle-in.com\/wp-content\/uploads\/2022\/12\/LOGO-PERLE-IN-COULEUR@3x.webp","contentUrl":"https:\/\/perle-in.com\/wp-content\/uploads\/2022\/12\/LOGO-PERLE-IN-COULEUR@3x.webp","width":1600,"height":490,"caption":"PERLE IN"},"image":{"@id":"https:\/\/perle-in.com\/#\/schema\/logo\/image\/"}}]}},"jetpack_sharing_enabled":true,"_links":{"self":[{"href":"https:\/\/perle-in.com\/en\/wp-json\/wp\/v2\/product\/539091","targetHints":{"allow":["GET"]}}],"collection":[{"href":"https:\/\/perle-in.com\/en\/wp-json\/wp\/v2\/product"}],"about":[{"href":"https:\/\/perle-in.com\/en\/wp-json\/wp\/v2\/types\/product"}],"version-history":[{"count":0,"href":"https:\/\/perle-in.com\/en\/wp-json\/wp\/v2\/product\/539091\/revisions"}],"wp:featuredmedia":[{"embeddable":true,"href":"https:\/\/perle-in.com\/en\/wp-json\/wp\/v2\/media\/539083"}],"wp:attachment":[{"href":"https:\/\/perle-in.com\/en\/wp-json\/wp\/v2\/media?parent=539091"}],"wp:term":[{"taxonomy":"product_brand","embeddable":true,"href":"https:\/\/perle-in.com\/en\/wp-json\/wp\/v2\/product_brand?post=539091"},{"taxonomy":"product_cat","embeddable":true,"href":"https:\/\/perle-in.com\/en\/wp-json\/wp\/v2\/product_cat?post=539091"},{"taxonomy":"product_tag","embeddable":true,"href":"https:\/\/perle-in.com\/en\/wp-json\/wp\/v2\/product_tag?post=539091"}],"curies":[{"name":"wp","href":"https:\/\/api.w.org\/{rel}","templated":true}]}}