{"id":539022,"date":"2025-10-15T01:28:40","date_gmt":"2025-10-14T23:28:40","guid":{"rendered":"https:\/\/perle-in.com\/produit\/stylo-bille-thalaasa-en-plastique-oceanique-encre-noire-2\/"},"modified":"2025-10-19T05:46:44","modified_gmt":"2025-10-19T03:46:44","slug":"stylo-bille-thalaasa-en-plastique-oceanique-encre-noire-2","status":"publish","type":"product","link":"https:\/\/perle-in.com\/en\/product\/stylo-bille-thalaasa-en-plastique-oceanique-encre-noire-2\/","title":{"rendered":"Stylo bille Thalaasa en plastique oc\u00e9anique (encre noire)"},"content":{"rendered":"","protected":false},"excerpt":{"rendered":"<p>Stylo bille fabriqu\u00e9 en plastique oc\u00e9anique. Les d\u00e9chets plastiques utilis\u00e9s dans ce stylo ont \u00e9t\u00e9 collect\u00e9s dans les zones c\u00f4ti\u00e8res et recycl\u00e9s dans un nouveau produit. En choisissant ce type de stylo, nous pouvons promouvoir le concept de recyclage et encourager les particuliers et les entreprises \u00e0 faire des choix plus durables dans leur vie quotidienne. Couleur d&#8217;encre\u00a0: Noire. Taille de la plume\u00a0: 1,0 mm. Longueur d&#8217;\u00e9criture\u00a0: 1000\u00a0m\u00e8tres.<\/p>","protected":false},"featured_media":539012,"template":"","meta":{"_eb_attr":""},"product_brand":[],"product_cat":[552,568],"product_tag":[837,836,561,562],"class_list":{"0":"post-539022","1":"product","2":"type-product","3":"status-publish","4":"has-post-thumbnail","6":"product_cat-stylos-et-ecriture","7":"product_cat-stylos-bille","8":"product_tag-durable","9":"product_tag-recycle","10":"product_tag-stylo","11":"product_tag-stylos","12":"pa_couleurs-blanc-transparent-blanc","13":"pa_couleurs-bleu-translucide-blanc","14":"pa_couleurs-noir-translucide-blanc","15":"pa_couleurs-orange-translucide-blanc","16":"pa_couleurs-rouge-translucide-blanc","17":"pa_couleurs-vert-translucide-blanc","18":"pa_marque-marksman","19":"pa_matiere-plastique-recycle","21":"first","22":"instock","23":"shipping-taxable","24":"purchasable","25":"product-type-variable"},"yoast_head":"<!-- This site is optimized with the Yoast SEO plugin v27.4 - https:\/\/yoast.com\/product\/yoast-seo-wordpress\/ -->\n<title>Stylo bille Thalaasa en plastique oc\u00e9anique (encre noire) - PERLE IN<\/title>\n<meta name=\"robots\" content=\"noindex, follow, max-snippet:-1, max-image-preview:large, max-video-preview:-1\" \/>\n<meta property=\"og:locale\" content=\"en_US\" \/>\n<meta property=\"og:type\" content=\"article\" \/>\n<meta property=\"og:title\" content=\"Stylo bille Thalaasa en plastique oc\u00e9anique (encre noire) - PERLE IN\" \/>\n<meta property=\"og:description\" content=\"Stylo bille fabriqu\u00e9 en plastique oc\u00e9anique. Les d\u00e9chets plastiques utilis\u00e9s dans ce stylo ont \u00e9t\u00e9 collect\u00e9s dans les zones c\u00f4ti\u00e8res et recycl\u00e9s dans un nouveau produit. En choisissant ce type de stylo, nous pouvons promouvoir le concept de recyclage et encourager les particuliers et les entreprises \u00e0 faire des choix plus durables dans leur vie quotidienne. Couleur d&#039;encre\u00a0: Noire. Taille de la plume\u00a0: 1,0 mm. Longueur d&#039;\u00e9criture\u00a0: 1000\u00a0m\u00e8tres.\" \/>\n<meta property=\"og:url\" content=\"https:\/\/perle-in.com\/en\/product\/stylo-bille-thalaasa-en-plastique-oceanique-encre-noire-2\/\" \/>\n<meta property=\"og:site_name\" content=\"PERLE IN\" \/>\n<meta property=\"article:modified_time\" content=\"2025-10-19T03:46:44+00:00\" \/>\n<meta property=\"og:image\" content=\"https:\/\/perle-in.com\/wp-content\/uploads\/2025\/10\/10786101-1.jpg\" \/>\n\t<meta property=\"og:image:width\" content=\"1600\" \/>\n\t<meta property=\"og:image:height\" content=\"1600\" \/>\n\t<meta property=\"og:image:type\" content=\"image\/jpeg\" \/>\n<meta name=\"twitter:card\" content=\"summary_large_image\" \/>\n<script type=\"application\/ld+json\" class=\"yoast-schema-graph\">{\"@context\":\"https:\\\/\\\/schema.org\",\"@graph\":[{\"@type\":\"WebPage\",\"@id\":\"https:\\\/\\\/perle-in.com\\\/produit\\\/stylo-bille-thalaasa-en-plastique-oceanique-encre-noire-2\\\/\",\"url\":\"https:\\\/\\\/perle-in.com\\\/produit\\\/stylo-bille-thalaasa-en-plastique-oceanique-encre-noire-2\\\/\",\"name\":\"Stylo bille Thalaasa en plastique oc\u00e9anique (encre noire) - PERLE IN\",\"isPartOf\":{\"@id\":\"https:\\\/\\\/perle-in.com\\\/#website\"},\"primaryImageOfPage\":{\"@id\":\"https:\\\/\\\/perle-in.com\\\/produit\\\/stylo-bille-thalaasa-en-plastique-oceanique-encre-noire-2\\\/#primaryimage\"},\"image\":{\"@id\":\"https:\\\/\\\/perle-in.com\\\/produit\\\/stylo-bille-thalaasa-en-plastique-oceanique-encre-noire-2\\\/#primaryimage\"},\"thumbnailUrl\":\"https:\\\/\\\/perle-in.com\\\/wp-content\\\/uploads\\\/2025\\\/10\\\/10786101-1.jpg\",\"datePublished\":\"2025-10-14T23:28:40+00:00\",\"dateModified\":\"2025-10-19T03:46:44+00:00\",\"breadcrumb\":{\"@id\":\"https:\\\/\\\/perle-in.com\\\/produit\\\/stylo-bille-thalaasa-en-plastique-oceanique-encre-noire-2\\\/#breadcrumb\"},\"inLanguage\":\"en-CA\",\"potentialAction\":[{\"@type\":\"ReadAction\",\"target\":[\"https:\\\/\\\/perle-in.com\\\/produit\\\/stylo-bille-thalaasa-en-plastique-oceanique-encre-noire-2\\\/\"]}]},{\"@type\":\"ImageObject\",\"inLanguage\":\"en-CA\",\"@id\":\"https:\\\/\\\/perle-in.com\\\/produit\\\/stylo-bille-thalaasa-en-plastique-oceanique-encre-noire-2\\\/#primaryimage\",\"url\":\"https:\\\/\\\/perle-in.com\\\/wp-content\\\/uploads\\\/2025\\\/10\\\/10786101-1.jpg\",\"contentUrl\":\"https:\\\/\\\/perle-in.com\\\/wp-content\\\/uploads\\\/2025\\\/10\\\/10786101-1.jpg\",\"width\":1600,\"height\":1600},{\"@type\":\"BreadcrumbList\",\"@id\":\"https:\\\/\\\/perle-in.com\\\/produit\\\/stylo-bille-thalaasa-en-plastique-oceanique-encre-noire-2\\\/#breadcrumb\",\"itemListElement\":[{\"@type\":\"ListItem\",\"position\":1,\"name\":\"Accueil\",\"item\":\"https:\\\/\\\/perle-in.com\\\/\"},{\"@type\":\"ListItem\",\"position\":2,\"name\":\"Boutique\",\"item\":\"https:\\\/\\\/perle-in.com\\\/boutique\\\/\"},{\"@type\":\"ListItem\",\"position\":3,\"name\":\"Stylo bille Thalaasa en plastique oc\u00e9anique (encre noire)\"}]},{\"@type\":\"WebSite\",\"@id\":\"https:\\\/\\\/perle-in.com\\\/#website\",\"url\":\"https:\\\/\\\/perle-in.com\\\/\",\"name\":\"PERLE IN\",\"description\":\"\",\"publisher\":{\"@id\":\"https:\\\/\\\/perle-in.com\\\/#organization\"},\"potentialAction\":[{\"@type\":\"SearchAction\",\"target\":{\"@type\":\"EntryPoint\",\"urlTemplate\":\"https:\\\/\\\/perle-in.com\\\/?s={search_term_string}\"},\"query-input\":{\"@type\":\"PropertyValueSpecification\",\"valueRequired\":true,\"valueName\":\"search_term_string\"}}],\"inLanguage\":\"en-CA\"},{\"@type\":\"Organization\",\"@id\":\"https:\\\/\\\/perle-in.com\\\/#organization\",\"name\":\"PERLE IN\",\"url\":\"https:\\\/\\\/perle-in.com\\\/\",\"logo\":{\"@type\":\"ImageObject\",\"inLanguage\":\"en-CA\",\"@id\":\"https:\\\/\\\/perle-in.com\\\/#\\\/schema\\\/logo\\\/image\\\/\",\"url\":\"https:\\\/\\\/perle-in.com\\\/wp-content\\\/uploads\\\/2022\\\/12\\\/LOGO-PERLE-IN-COULEUR@3x.webp\",\"contentUrl\":\"https:\\\/\\\/perle-in.com\\\/wp-content\\\/uploads\\\/2022\\\/12\\\/LOGO-PERLE-IN-COULEUR@3x.webp\",\"width\":1600,\"height\":490,\"caption\":\"PERLE IN\"},\"image\":{\"@id\":\"https:\\\/\\\/perle-in.com\\\/#\\\/schema\\\/logo\\\/image\\\/\"}}]}<\/script>\n<!-- \/ Yoast SEO plugin. -->","yoast_head_json":{"title":"Stylo bille Thalaasa en plastique oc\u00e9anique (encre noire) - PERLE IN","robots":{"index":"noindex","follow":"follow","max-snippet":"max-snippet:-1","max-image-preview":"max-image-preview:large","max-video-preview":"max-video-preview:-1"},"og_locale":"en_US","og_type":"article","og_title":"Stylo bille Thalaasa en plastique oc\u00e9anique (encre noire) - PERLE IN","og_description":"Stylo bille fabriqu\u00e9 en plastique oc\u00e9anique. Les d\u00e9chets plastiques utilis\u00e9s dans ce stylo ont \u00e9t\u00e9 collect\u00e9s dans les zones c\u00f4ti\u00e8res et recycl\u00e9s dans un nouveau produit. En choisissant ce type de stylo, nous pouvons promouvoir le concept de recyclage et encourager les particuliers et les entreprises \u00e0 faire des choix plus durables dans leur vie quotidienne. Couleur d'encre\u00a0: Noire. Taille de la plume\u00a0: 1,0 mm. Longueur d'\u00e9criture\u00a0: 1000\u00a0m\u00e8tres.","og_url":"https:\/\/perle-in.com\/en\/product\/stylo-bille-thalaasa-en-plastique-oceanique-encre-noire-2\/","og_site_name":"PERLE IN","article_modified_time":"2025-10-19T03:46:44+00:00","og_image":[{"width":1600,"height":1600,"url":"https:\/\/perle-in.com\/wp-content\/uploads\/2025\/10\/10786101-1.jpg","type":"image\/jpeg"}],"twitter_card":"summary_large_image","schema":{"@context":"https:\/\/schema.org","@graph":[{"@type":"WebPage","@id":"https:\/\/perle-in.com\/produit\/stylo-bille-thalaasa-en-plastique-oceanique-encre-noire-2\/","url":"https:\/\/perle-in.com\/produit\/stylo-bille-thalaasa-en-plastique-oceanique-encre-noire-2\/","name":"Stylo bille Thalaasa en plastique oc\u00e9anique (encre noire) - PERLE IN","isPartOf":{"@id":"https:\/\/perle-in.com\/#website"},"primaryImageOfPage":{"@id":"https:\/\/perle-in.com\/produit\/stylo-bille-thalaasa-en-plastique-oceanique-encre-noire-2\/#primaryimage"},"image":{"@id":"https:\/\/perle-in.com\/produit\/stylo-bille-thalaasa-en-plastique-oceanique-encre-noire-2\/#primaryimage"},"thumbnailUrl":"https:\/\/perle-in.com\/wp-content\/uploads\/2025\/10\/10786101-1.jpg","datePublished":"2025-10-14T23:28:40+00:00","dateModified":"2025-10-19T03:46:44+00:00","breadcrumb":{"@id":"https:\/\/perle-in.com\/produit\/stylo-bille-thalaasa-en-plastique-oceanique-encre-noire-2\/#breadcrumb"},"inLanguage":"en-CA","potentialAction":[{"@type":"ReadAction","target":["https:\/\/perle-in.com\/produit\/stylo-bille-thalaasa-en-plastique-oceanique-encre-noire-2\/"]}]},{"@type":"ImageObject","inLanguage":"en-CA","@id":"https:\/\/perle-in.com\/produit\/stylo-bille-thalaasa-en-plastique-oceanique-encre-noire-2\/#primaryimage","url":"https:\/\/perle-in.com\/wp-content\/uploads\/2025\/10\/10786101-1.jpg","contentUrl":"https:\/\/perle-in.com\/wp-content\/uploads\/2025\/10\/10786101-1.jpg","width":1600,"height":1600},{"@type":"BreadcrumbList","@id":"https:\/\/perle-in.com\/produit\/stylo-bille-thalaasa-en-plastique-oceanique-encre-noire-2\/#breadcrumb","itemListElement":[{"@type":"ListItem","position":1,"name":"Accueil","item":"https:\/\/perle-in.com\/"},{"@type":"ListItem","position":2,"name":"Boutique","item":"https:\/\/perle-in.com\/boutique\/"},{"@type":"ListItem","position":3,"name":"Stylo bille Thalaasa en plastique oc\u00e9anique (encre noire)"}]},{"@type":"WebSite","@id":"https:\/\/perle-in.com\/#website","url":"https:\/\/perle-in.com\/","name":"PERLE IN","description":"","publisher":{"@id":"https:\/\/perle-in.com\/#organization"},"potentialAction":[{"@type":"SearchAction","target":{"@type":"EntryPoint","urlTemplate":"https:\/\/perle-in.com\/?s={search_term_string}"},"query-input":{"@type":"PropertyValueSpecification","valueRequired":true,"valueName":"search_term_string"}}],"inLanguage":"en-CA"},{"@type":"Organization","@id":"https:\/\/perle-in.com\/#organization","name":"PERLE IN","url":"https:\/\/perle-in.com\/","logo":{"@type":"ImageObject","inLanguage":"en-CA","@id":"https:\/\/perle-in.com\/#\/schema\/logo\/image\/","url":"https:\/\/perle-in.com\/wp-content\/uploads\/2022\/12\/LOGO-PERLE-IN-COULEUR@3x.webp","contentUrl":"https:\/\/perle-in.com\/wp-content\/uploads\/2022\/12\/LOGO-PERLE-IN-COULEUR@3x.webp","width":1600,"height":490,"caption":"PERLE IN"},"image":{"@id":"https:\/\/perle-in.com\/#\/schema\/logo\/image\/"}}]}},"jetpack_sharing_enabled":true,"_links":{"self":[{"href":"https:\/\/perle-in.com\/en\/wp-json\/wp\/v2\/product\/539022","targetHints":{"allow":["GET"]}}],"collection":[{"href":"https:\/\/perle-in.com\/en\/wp-json\/wp\/v2\/product"}],"about":[{"href":"https:\/\/perle-in.com\/en\/wp-json\/wp\/v2\/types\/product"}],"version-history":[{"count":0,"href":"https:\/\/perle-in.com\/en\/wp-json\/wp\/v2\/product\/539022\/revisions"}],"wp:featuredmedia":[{"embeddable":true,"href":"https:\/\/perle-in.com\/en\/wp-json\/wp\/v2\/media\/539012"}],"wp:attachment":[{"href":"https:\/\/perle-in.com\/en\/wp-json\/wp\/v2\/media?parent=539022"}],"wp:term":[{"taxonomy":"product_brand","embeddable":true,"href":"https:\/\/perle-in.com\/en\/wp-json\/wp\/v2\/product_brand?post=539022"},{"taxonomy":"product_cat","embeddable":true,"href":"https:\/\/perle-in.com\/en\/wp-json\/wp\/v2\/product_cat?post=539022"},{"taxonomy":"product_tag","embeddable":true,"href":"https:\/\/perle-in.com\/en\/wp-json\/wp\/v2\/product_tag?post=539022"}],"curies":[{"name":"wp","href":"https:\/\/api.w.org\/{rel}","templated":true}]}}