{"id":539005,"date":"2025-10-15T01:27:54","date_gmt":"2025-10-14T23:27:54","guid":{"rendered":"https:\/\/perle-in.com\/produit\/sac-shopping-madras-en-coton-certifie-grs-de-140-g-m2-de-7-l\/"},"modified":"2025-10-19T05:46:44","modified_gmt":"2025-10-19T03:46:44","slug":"sac-shopping-madras-en-coton-certifie-grs-de-140-g-m2-de-7-l","status":"publish","type":"product","link":"https:\/\/perle-in.com\/en\/product\/sac-shopping-madras-en-coton-certifie-grs-de-140-g-m2-de-7-l\/","title":{"rendered":"Sac shopping Madras en coton certifi\u00e9 GRS de 140\u00a0g\/m2 de 7\u00a0L"},"content":{"rendered":"","protected":false},"excerpt":{"rendered":"<p>Le sac shopping Madras fabriqu\u00e9 \u00e0 partir de coton recycl\u00e9 certifi\u00e9 100\u00a0% GRS est le sac parfait pour \u00eatre offert lors de n&#8217;importe quel \u00e9v\u00e9nement, d&#8217;une conf\u00e9rence ou pour \u00eatre utilis\u00e9 comme sac \u00e0 provisions pour les petites courses. La densit\u00e9 de coton de 140\u00a0g\/m\u00b2 de coton rend le sac robuste, durable et adapt\u00e9 pour transporter des articles lourds dans le compartiment principal. Avec ses poign\u00e9es d&#8217;\u00e9paule de 30\u00a0cm de long, ce sac shopping est facile \u00e0 transporter. Les m\u00e9thodes d&#8217;impression disponibles pour ce sac shopping sont \u00e9galement certifi\u00e9es GRS, ce qui garantit que l&#8217;ensemble de la cha\u00eene d&#8217;approvisionnement est transparente et certifi\u00e9e. Fabriqu\u00e9 en Inde. Capacit\u00e9 de charge maximale de 5kg.<\/p>","protected":false},"featured_media":538994,"template":"","meta":{"_eb_attr":""},"product_brand":[],"product_cat":[159,959],"product_tag":[837,961,2654,836,282,904,3086,1779],"class_list":{"0":"post-539005","1":"product","2":"type-product","3":"status-publish","4":"has-post-thumbnail","6":"product_cat-sacs","7":"product_cat-sacs-de-shopping","8":"product_tag-durable","9":"product_tag-fourre-tout","10":"product_tag-grs","11":"product_tag-recycle","12":"product_tag-sac","13":"product_tag-shopping","14":"product_tag-tote-bag","15":"product_tag-totebag","16":"pa_couleurs-blanc","17":"pa_couleurs-bleu-royal","18":"pa_couleurs-marine","19":"pa_couleurs-naturel","20":"pa_couleurs-noir","21":"pa_couleurs-rouge","22":"pa_green-points-2652","23":"pa_matiere-coton-recycle-certifie-grs-140-g-m2","25":"first","26":"instock","27":"shipping-taxable","28":"purchasable","29":"product-type-variable"},"yoast_head":"<!-- This site is optimized with the Yoast SEO plugin v27.4 - https:\/\/yoast.com\/product\/yoast-seo-wordpress\/ -->\n<title>Sac shopping Madras en coton certifi\u00e9 GRS de 140\u00a0g\/m2 de 7\u00a0L - PERLE IN<\/title>\n<meta name=\"robots\" content=\"noindex, follow, max-snippet:-1, max-image-preview:large, max-video-preview:-1\" \/>\n<meta property=\"og:locale\" content=\"en_US\" \/>\n<meta property=\"og:type\" content=\"article\" \/>\n<meta property=\"og:title\" content=\"Sac shopping Madras en coton certifi\u00e9 GRS de 140\u00a0g\/m2 de 7\u00a0L - PERLE IN\" \/>\n<meta property=\"og:description\" content=\"Le sac shopping Madras fabriqu\u00e9 \u00e0 partir de coton recycl\u00e9 certifi\u00e9 100\u00a0% GRS est le sac parfait pour \u00eatre offert lors de n&#039;importe quel \u00e9v\u00e9nement, d&#039;une conf\u00e9rence ou pour \u00eatre utilis\u00e9 comme sac \u00e0 provisions pour les petites courses. La densit\u00e9 de coton de 140\u00a0g\/m\u00b2 de coton rend le sac robuste, durable et adapt\u00e9 pour transporter des articles lourds dans le compartiment principal. Avec ses poign\u00e9es d&#039;\u00e9paule de 30\u00a0cm de long, ce sac shopping est facile \u00e0 transporter. Les m\u00e9thodes d&#039;impression disponibles pour ce sac shopping sont \u00e9galement certifi\u00e9es GRS, ce qui garantit que l&#039;ensemble de la cha\u00eene d&#039;approvisionnement est transparente et certifi\u00e9e. Fabriqu\u00e9 en Inde. Capacit\u00e9 de charge maximale de 5kg.\" \/>\n<meta property=\"og:url\" content=\"https:\/\/perle-in.com\/en\/product\/sac-shopping-madras-en-coton-certifie-grs-de-140-g-m2-de-7-l\/\" \/>\n<meta property=\"og:site_name\" content=\"PERLE IN\" \/>\n<meta property=\"article:modified_time\" content=\"2025-10-19T03:46:44+00:00\" \/>\n<meta property=\"og:image\" content=\"https:\/\/perle-in.com\/wp-content\/uploads\/2025\/10\/12069501-1.jpg\" \/>\n\t<meta property=\"og:image:width\" content=\"1600\" \/>\n\t<meta property=\"og:image:height\" content=\"1600\" \/>\n\t<meta property=\"og:image:type\" content=\"image\/jpeg\" \/>\n<meta name=\"twitter:card\" content=\"summary_large_image\" \/>\n<script type=\"application\/ld+json\" class=\"yoast-schema-graph\">{\"@context\":\"https:\\\/\\\/schema.org\",\"@graph\":[{\"@type\":\"WebPage\",\"@id\":\"https:\\\/\\\/perle-in.com\\\/produit\\\/sac-shopping-madras-en-coton-certifie-grs-de-140-g-m2-de-7-l\\\/\",\"url\":\"https:\\\/\\\/perle-in.com\\\/produit\\\/sac-shopping-madras-en-coton-certifie-grs-de-140-g-m2-de-7-l\\\/\",\"name\":\"Sac shopping Madras en coton certifi\u00e9 GRS de 140\u00a0g\\\/m2 de 7\u00a0L - PERLE IN\",\"isPartOf\":{\"@id\":\"https:\\\/\\\/perle-in.com\\\/#website\"},\"primaryImageOfPage\":{\"@id\":\"https:\\\/\\\/perle-in.com\\\/produit\\\/sac-shopping-madras-en-coton-certifie-grs-de-140-g-m2-de-7-l\\\/#primaryimage\"},\"image\":{\"@id\":\"https:\\\/\\\/perle-in.com\\\/produit\\\/sac-shopping-madras-en-coton-certifie-grs-de-140-g-m2-de-7-l\\\/#primaryimage\"},\"thumbnailUrl\":\"https:\\\/\\\/perle-in.com\\\/wp-content\\\/uploads\\\/2025\\\/10\\\/12069501-1.jpg\",\"datePublished\":\"2025-10-14T23:27:54+00:00\",\"dateModified\":\"2025-10-19T03:46:44+00:00\",\"breadcrumb\":{\"@id\":\"https:\\\/\\\/perle-in.com\\\/produit\\\/sac-shopping-madras-en-coton-certifie-grs-de-140-g-m2-de-7-l\\\/#breadcrumb\"},\"inLanguage\":\"en-CA\",\"potentialAction\":[{\"@type\":\"ReadAction\",\"target\":[\"https:\\\/\\\/perle-in.com\\\/produit\\\/sac-shopping-madras-en-coton-certifie-grs-de-140-g-m2-de-7-l\\\/\"]}]},{\"@type\":\"ImageObject\",\"inLanguage\":\"en-CA\",\"@id\":\"https:\\\/\\\/perle-in.com\\\/produit\\\/sac-shopping-madras-en-coton-certifie-grs-de-140-g-m2-de-7-l\\\/#primaryimage\",\"url\":\"https:\\\/\\\/perle-in.com\\\/wp-content\\\/uploads\\\/2025\\\/10\\\/12069501-1.jpg\",\"contentUrl\":\"https:\\\/\\\/perle-in.com\\\/wp-content\\\/uploads\\\/2025\\\/10\\\/12069501-1.jpg\",\"width\":1600,\"height\":1600},{\"@type\":\"BreadcrumbList\",\"@id\":\"https:\\\/\\\/perle-in.com\\\/produit\\\/sac-shopping-madras-en-coton-certifie-grs-de-140-g-m2-de-7-l\\\/#breadcrumb\",\"itemListElement\":[{\"@type\":\"ListItem\",\"position\":1,\"name\":\"Accueil\",\"item\":\"https:\\\/\\\/perle-in.com\\\/\"},{\"@type\":\"ListItem\",\"position\":2,\"name\":\"Boutique\",\"item\":\"https:\\\/\\\/perle-in.com\\\/boutique\\\/\"},{\"@type\":\"ListItem\",\"position\":3,\"name\":\"Sac shopping Madras en coton certifi\u00e9 GRS de 140\u00a0g\\\/m2 de 7\u00a0L\"}]},{\"@type\":\"WebSite\",\"@id\":\"https:\\\/\\\/perle-in.com\\\/#website\",\"url\":\"https:\\\/\\\/perle-in.com\\\/\",\"name\":\"PERLE IN\",\"description\":\"\",\"publisher\":{\"@id\":\"https:\\\/\\\/perle-in.com\\\/#organization\"},\"potentialAction\":[{\"@type\":\"SearchAction\",\"target\":{\"@type\":\"EntryPoint\",\"urlTemplate\":\"https:\\\/\\\/perle-in.com\\\/?s={search_term_string}\"},\"query-input\":{\"@type\":\"PropertyValueSpecification\",\"valueRequired\":true,\"valueName\":\"search_term_string\"}}],\"inLanguage\":\"en-CA\"},{\"@type\":\"Organization\",\"@id\":\"https:\\\/\\\/perle-in.com\\\/#organization\",\"name\":\"PERLE IN\",\"url\":\"https:\\\/\\\/perle-in.com\\\/\",\"logo\":{\"@type\":\"ImageObject\",\"inLanguage\":\"en-CA\",\"@id\":\"https:\\\/\\\/perle-in.com\\\/#\\\/schema\\\/logo\\\/image\\\/\",\"url\":\"https:\\\/\\\/perle-in.com\\\/wp-content\\\/uploads\\\/2022\\\/12\\\/LOGO-PERLE-IN-COULEUR@3x.webp\",\"contentUrl\":\"https:\\\/\\\/perle-in.com\\\/wp-content\\\/uploads\\\/2022\\\/12\\\/LOGO-PERLE-IN-COULEUR@3x.webp\",\"width\":1600,\"height\":490,\"caption\":\"PERLE IN\"},\"image\":{\"@id\":\"https:\\\/\\\/perle-in.com\\\/#\\\/schema\\\/logo\\\/image\\\/\"}}]}<\/script>\n<!-- \/ Yoast SEO plugin. -->","yoast_head_json":{"title":"Sac shopping Madras en coton certifi\u00e9 GRS de 140\u00a0g\/m2 de 7\u00a0L - PERLE IN","robots":{"index":"noindex","follow":"follow","max-snippet":"max-snippet:-1","max-image-preview":"max-image-preview:large","max-video-preview":"max-video-preview:-1"},"og_locale":"en_US","og_type":"article","og_title":"Sac shopping Madras en coton certifi\u00e9 GRS de 140\u00a0g\/m2 de 7\u00a0L - PERLE IN","og_description":"Le sac shopping Madras fabriqu\u00e9 \u00e0 partir de coton recycl\u00e9 certifi\u00e9 100\u00a0% GRS est le sac parfait pour \u00eatre offert lors de n'importe quel \u00e9v\u00e9nement, d'une conf\u00e9rence ou pour \u00eatre utilis\u00e9 comme sac \u00e0 provisions pour les petites courses. La densit\u00e9 de coton de 140\u00a0g\/m\u00b2 de coton rend le sac robuste, durable et adapt\u00e9 pour transporter des articles lourds dans le compartiment principal. Avec ses poign\u00e9es d'\u00e9paule de 30\u00a0cm de long, ce sac shopping est facile \u00e0 transporter. Les m\u00e9thodes d'impression disponibles pour ce sac shopping sont \u00e9galement certifi\u00e9es GRS, ce qui garantit que l'ensemble de la cha\u00eene d'approvisionnement est transparente et certifi\u00e9e. Fabriqu\u00e9 en Inde. Capacit\u00e9 de charge maximale de 5kg.","og_url":"https:\/\/perle-in.com\/en\/product\/sac-shopping-madras-en-coton-certifie-grs-de-140-g-m2-de-7-l\/","og_site_name":"PERLE IN","article_modified_time":"2025-10-19T03:46:44+00:00","og_image":[{"width":1600,"height":1600,"url":"https:\/\/perle-in.com\/wp-content\/uploads\/2025\/10\/12069501-1.jpg","type":"image\/jpeg"}],"twitter_card":"summary_large_image","schema":{"@context":"https:\/\/schema.org","@graph":[{"@type":"WebPage","@id":"https:\/\/perle-in.com\/produit\/sac-shopping-madras-en-coton-certifie-grs-de-140-g-m2-de-7-l\/","url":"https:\/\/perle-in.com\/produit\/sac-shopping-madras-en-coton-certifie-grs-de-140-g-m2-de-7-l\/","name":"Sac shopping Madras en coton certifi\u00e9 GRS de 140\u00a0g\/m2 de 7\u00a0L - PERLE IN","isPartOf":{"@id":"https:\/\/perle-in.com\/#website"},"primaryImageOfPage":{"@id":"https:\/\/perle-in.com\/produit\/sac-shopping-madras-en-coton-certifie-grs-de-140-g-m2-de-7-l\/#primaryimage"},"image":{"@id":"https:\/\/perle-in.com\/produit\/sac-shopping-madras-en-coton-certifie-grs-de-140-g-m2-de-7-l\/#primaryimage"},"thumbnailUrl":"https:\/\/perle-in.com\/wp-content\/uploads\/2025\/10\/12069501-1.jpg","datePublished":"2025-10-14T23:27:54+00:00","dateModified":"2025-10-19T03:46:44+00:00","breadcrumb":{"@id":"https:\/\/perle-in.com\/produit\/sac-shopping-madras-en-coton-certifie-grs-de-140-g-m2-de-7-l\/#breadcrumb"},"inLanguage":"en-CA","potentialAction":[{"@type":"ReadAction","target":["https:\/\/perle-in.com\/produit\/sac-shopping-madras-en-coton-certifie-grs-de-140-g-m2-de-7-l\/"]}]},{"@type":"ImageObject","inLanguage":"en-CA","@id":"https:\/\/perle-in.com\/produit\/sac-shopping-madras-en-coton-certifie-grs-de-140-g-m2-de-7-l\/#primaryimage","url":"https:\/\/perle-in.com\/wp-content\/uploads\/2025\/10\/12069501-1.jpg","contentUrl":"https:\/\/perle-in.com\/wp-content\/uploads\/2025\/10\/12069501-1.jpg","width":1600,"height":1600},{"@type":"BreadcrumbList","@id":"https:\/\/perle-in.com\/produit\/sac-shopping-madras-en-coton-certifie-grs-de-140-g-m2-de-7-l\/#breadcrumb","itemListElement":[{"@type":"ListItem","position":1,"name":"Accueil","item":"https:\/\/perle-in.com\/"},{"@type":"ListItem","position":2,"name":"Boutique","item":"https:\/\/perle-in.com\/boutique\/"},{"@type":"ListItem","position":3,"name":"Sac shopping Madras en coton certifi\u00e9 GRS de 140\u00a0g\/m2 de 7\u00a0L"}]},{"@type":"WebSite","@id":"https:\/\/perle-in.com\/#website","url":"https:\/\/perle-in.com\/","name":"PERLE IN","description":"","publisher":{"@id":"https:\/\/perle-in.com\/#organization"},"potentialAction":[{"@type":"SearchAction","target":{"@type":"EntryPoint","urlTemplate":"https:\/\/perle-in.com\/?s={search_term_string}"},"query-input":{"@type":"PropertyValueSpecification","valueRequired":true,"valueName":"search_term_string"}}],"inLanguage":"en-CA"},{"@type":"Organization","@id":"https:\/\/perle-in.com\/#organization","name":"PERLE IN","url":"https:\/\/perle-in.com\/","logo":{"@type":"ImageObject","inLanguage":"en-CA","@id":"https:\/\/perle-in.com\/#\/schema\/logo\/image\/","url":"https:\/\/perle-in.com\/wp-content\/uploads\/2022\/12\/LOGO-PERLE-IN-COULEUR@3x.webp","contentUrl":"https:\/\/perle-in.com\/wp-content\/uploads\/2022\/12\/LOGO-PERLE-IN-COULEUR@3x.webp","width":1600,"height":490,"caption":"PERLE IN"},"image":{"@id":"https:\/\/perle-in.com\/#\/schema\/logo\/image\/"}}]}},"jetpack_sharing_enabled":true,"_links":{"self":[{"href":"https:\/\/perle-in.com\/en\/wp-json\/wp\/v2\/product\/539005","targetHints":{"allow":["GET"]}}],"collection":[{"href":"https:\/\/perle-in.com\/en\/wp-json\/wp\/v2\/product"}],"about":[{"href":"https:\/\/perle-in.com\/en\/wp-json\/wp\/v2\/types\/product"}],"version-history":[{"count":0,"href":"https:\/\/perle-in.com\/en\/wp-json\/wp\/v2\/product\/539005\/revisions"}],"wp:featuredmedia":[{"embeddable":true,"href":"https:\/\/perle-in.com\/en\/wp-json\/wp\/v2\/media\/538994"}],"wp:attachment":[{"href":"https:\/\/perle-in.com\/en\/wp-json\/wp\/v2\/media?parent=539005"}],"wp:term":[{"taxonomy":"product_brand","embeddable":true,"href":"https:\/\/perle-in.com\/en\/wp-json\/wp\/v2\/product_brand?post=539005"},{"taxonomy":"product_cat","embeddable":true,"href":"https:\/\/perle-in.com\/en\/wp-json\/wp\/v2\/product_cat?post=539005"},{"taxonomy":"product_tag","embeddable":true,"href":"https:\/\/perle-in.com\/en\/wp-json\/wp\/v2\/product_tag?post=539005"}],"curies":[{"name":"wp","href":"https:\/\/api.w.org\/{rel}","templated":true}]}}