{"id":538984,"date":"2025-10-15T01:26:11","date_gmt":"2025-10-14T23:26:11","guid":{"rendered":"https:\/\/perle-in.com\/produit\/porte-cles-cane-en-bambou-avec-lumiere\/"},"modified":"2025-10-19T05:46:44","modified_gmt":"2025-10-19T03:46:44","slug":"porte-cles-cane-en-bambou-avec-lumiere","status":"publish","type":"product","link":"https:\/\/perle-in.com\/en\/product\/porte-cles-cane-en-bambou-avec-lumiere\/","title":{"rendered":"Porte-cl\u00e9s Cane en bambou avec lumi\u00e8re"},"content":{"rendered":"","protected":false},"excerpt":{"rendered":"<p>Le porte-cl\u00e9s Cane en bambou avec lumi\u00e8re est un accessoire compact et polyvalent con\u00e7u pour vous fournir un \u00e9clairage pratique chaque fois que vous en avez besoin. Tirez simplement sur la ficelle en polyester pour allumer votre lumi\u00e8re. Le porte-cl\u00e9s peut facilement \u00eatre attach\u00e9 avec des cl\u00e9s, \u00e0 un sac \u00e0 dos ou tout autre objet personnel. Le corps est fabriqu\u00e9 en mat\u00e9riau ABS durable, assurant des performances durables, et le bo\u00eetier ext\u00e9rieur est fabriqu\u00e9 \u00e0 partir de bambou, ajoutant une touche de beaut\u00e9 naturelle \u00e0 son design. Livr\u00e9 avec 3\u00a0piles LR41. Capacit\u00e9 d&#8217;\u00e9clairage\u00a0: 1,5\u00a0V\/30\u00a0mAh. <\/p>","protected":false},"featured_media":538979,"template":"","meta":{"_eb_attr":""},"product_brand":[],"product_cat":[532,438],"product_tag":[533,706,1021],"class_list":{"0":"post-538984","1":"product","2":"type-product","3":"status-publish","4":"has-post-thumbnail","6":"product_cat-lampes","7":"product_cat-outils-et-accessoires-pour-la-voiture","8":"product_tag-led","9":"product_tag-lumiere","10":"product_tag-porte-cles","11":"pa_couleurs-naturel","12":"pa_green-points-1692","14":"first","15":"instock","16":"shipping-taxable","17":"purchasable","18":"product-type-variable"},"yoast_head":"<!-- This site is optimized with the Yoast SEO plugin v27.4 - https:\/\/yoast.com\/product\/yoast-seo-wordpress\/ -->\n<title>Porte-cl\u00e9s Cane en bambou avec lumi\u00e8re - PERLE IN<\/title>\n<meta name=\"robots\" content=\"noindex, follow, max-snippet:-1, max-image-preview:large, max-video-preview:-1\" \/>\n<meta property=\"og:locale\" content=\"en_US\" \/>\n<meta property=\"og:type\" content=\"article\" \/>\n<meta property=\"og:title\" content=\"Porte-cl\u00e9s Cane en bambou avec lumi\u00e8re - PERLE IN\" \/>\n<meta property=\"og:description\" content=\"Le porte-cl\u00e9s Cane en bambou avec lumi\u00e8re est un accessoire compact et polyvalent con\u00e7u pour vous fournir un \u00e9clairage pratique chaque fois que vous en avez besoin. Tirez simplement sur la ficelle en polyester pour allumer votre lumi\u00e8re. Le porte-cl\u00e9s peut facilement \u00eatre attach\u00e9 avec des cl\u00e9s, \u00e0 un sac \u00e0 dos ou tout autre objet personnel. Le corps est fabriqu\u00e9 en mat\u00e9riau ABS durable, assurant des performances durables, et le bo\u00eetier ext\u00e9rieur est fabriqu\u00e9 \u00e0 partir de bambou, ajoutant une touche de beaut\u00e9 naturelle \u00e0 son design. Livr\u00e9 avec 3\u00a0piles LR41. Capacit\u00e9 d&#039;\u00e9clairage\u00a0: 1,5\u00a0V\/30\u00a0mAh.\" \/>\n<meta property=\"og:url\" content=\"https:\/\/perle-in.com\/en\/product\/porte-cles-cane-en-bambou-avec-lumiere\/\" \/>\n<meta property=\"og:site_name\" content=\"PERLE IN\" \/>\n<meta property=\"article:modified_time\" content=\"2025-10-19T03:46:44+00:00\" \/>\n<meta property=\"og:image\" content=\"https:\/\/perle-in.com\/wp-content\/uploads\/2025\/10\/10456706-1.jpg\" \/>\n\t<meta property=\"og:image:width\" content=\"1600\" \/>\n\t<meta property=\"og:image:height\" content=\"1600\" \/>\n\t<meta property=\"og:image:type\" content=\"image\/jpeg\" \/>\n<meta name=\"twitter:card\" content=\"summary_large_image\" \/>\n<script type=\"application\/ld+json\" class=\"yoast-schema-graph\">{\"@context\":\"https:\\\/\\\/schema.org\",\"@graph\":[{\"@type\":\"WebPage\",\"@id\":\"https:\\\/\\\/perle-in.com\\\/produit\\\/porte-cles-cane-en-bambou-avec-lumiere\\\/\",\"url\":\"https:\\\/\\\/perle-in.com\\\/produit\\\/porte-cles-cane-en-bambou-avec-lumiere\\\/\",\"name\":\"Porte-cl\u00e9s Cane en bambou avec lumi\u00e8re - PERLE IN\",\"isPartOf\":{\"@id\":\"https:\\\/\\\/perle-in.com\\\/#website\"},\"primaryImageOfPage\":{\"@id\":\"https:\\\/\\\/perle-in.com\\\/produit\\\/porte-cles-cane-en-bambou-avec-lumiere\\\/#primaryimage\"},\"image\":{\"@id\":\"https:\\\/\\\/perle-in.com\\\/produit\\\/porte-cles-cane-en-bambou-avec-lumiere\\\/#primaryimage\"},\"thumbnailUrl\":\"https:\\\/\\\/perle-in.com\\\/wp-content\\\/uploads\\\/2025\\\/10\\\/10456706-1.jpg\",\"datePublished\":\"2025-10-14T23:26:11+00:00\",\"dateModified\":\"2025-10-19T03:46:44+00:00\",\"breadcrumb\":{\"@id\":\"https:\\\/\\\/perle-in.com\\\/produit\\\/porte-cles-cane-en-bambou-avec-lumiere\\\/#breadcrumb\"},\"inLanguage\":\"en-CA\",\"potentialAction\":[{\"@type\":\"ReadAction\",\"target\":[\"https:\\\/\\\/perle-in.com\\\/produit\\\/porte-cles-cane-en-bambou-avec-lumiere\\\/\"]}]},{\"@type\":\"ImageObject\",\"inLanguage\":\"en-CA\",\"@id\":\"https:\\\/\\\/perle-in.com\\\/produit\\\/porte-cles-cane-en-bambou-avec-lumiere\\\/#primaryimage\",\"url\":\"https:\\\/\\\/perle-in.com\\\/wp-content\\\/uploads\\\/2025\\\/10\\\/10456706-1.jpg\",\"contentUrl\":\"https:\\\/\\\/perle-in.com\\\/wp-content\\\/uploads\\\/2025\\\/10\\\/10456706-1.jpg\",\"width\":1600,\"height\":1600},{\"@type\":\"BreadcrumbList\",\"@id\":\"https:\\\/\\\/perle-in.com\\\/produit\\\/porte-cles-cane-en-bambou-avec-lumiere\\\/#breadcrumb\",\"itemListElement\":[{\"@type\":\"ListItem\",\"position\":1,\"name\":\"Accueil\",\"item\":\"https:\\\/\\\/perle-in.com\\\/\"},{\"@type\":\"ListItem\",\"position\":2,\"name\":\"Boutique\",\"item\":\"https:\\\/\\\/perle-in.com\\\/boutique\\\/\"},{\"@type\":\"ListItem\",\"position\":3,\"name\":\"Porte-cl\u00e9s Cane en bambou avec lumi\u00e8re\"}]},{\"@type\":\"WebSite\",\"@id\":\"https:\\\/\\\/perle-in.com\\\/#website\",\"url\":\"https:\\\/\\\/perle-in.com\\\/\",\"name\":\"PERLE IN\",\"description\":\"\",\"publisher\":{\"@id\":\"https:\\\/\\\/perle-in.com\\\/#organization\"},\"potentialAction\":[{\"@type\":\"SearchAction\",\"target\":{\"@type\":\"EntryPoint\",\"urlTemplate\":\"https:\\\/\\\/perle-in.com\\\/?s={search_term_string}\"},\"query-input\":{\"@type\":\"PropertyValueSpecification\",\"valueRequired\":true,\"valueName\":\"search_term_string\"}}],\"inLanguage\":\"en-CA\"},{\"@type\":\"Organization\",\"@id\":\"https:\\\/\\\/perle-in.com\\\/#organization\",\"name\":\"PERLE IN\",\"url\":\"https:\\\/\\\/perle-in.com\\\/\",\"logo\":{\"@type\":\"ImageObject\",\"inLanguage\":\"en-CA\",\"@id\":\"https:\\\/\\\/perle-in.com\\\/#\\\/schema\\\/logo\\\/image\\\/\",\"url\":\"https:\\\/\\\/perle-in.com\\\/wp-content\\\/uploads\\\/2022\\\/12\\\/LOGO-PERLE-IN-COULEUR@3x.webp\",\"contentUrl\":\"https:\\\/\\\/perle-in.com\\\/wp-content\\\/uploads\\\/2022\\\/12\\\/LOGO-PERLE-IN-COULEUR@3x.webp\",\"width\":1600,\"height\":490,\"caption\":\"PERLE IN\"},\"image\":{\"@id\":\"https:\\\/\\\/perle-in.com\\\/#\\\/schema\\\/logo\\\/image\\\/\"}}]}<\/script>\n<!-- \/ Yoast SEO plugin. -->","yoast_head_json":{"title":"Porte-cl\u00e9s Cane en bambou avec lumi\u00e8re - PERLE IN","robots":{"index":"noindex","follow":"follow","max-snippet":"max-snippet:-1","max-image-preview":"max-image-preview:large","max-video-preview":"max-video-preview:-1"},"og_locale":"en_US","og_type":"article","og_title":"Porte-cl\u00e9s Cane en bambou avec lumi\u00e8re - PERLE IN","og_description":"Le porte-cl\u00e9s Cane en bambou avec lumi\u00e8re est un accessoire compact et polyvalent con\u00e7u pour vous fournir un \u00e9clairage pratique chaque fois que vous en avez besoin. Tirez simplement sur la ficelle en polyester pour allumer votre lumi\u00e8re. Le porte-cl\u00e9s peut facilement \u00eatre attach\u00e9 avec des cl\u00e9s, \u00e0 un sac \u00e0 dos ou tout autre objet personnel. Le corps est fabriqu\u00e9 en mat\u00e9riau ABS durable, assurant des performances durables, et le bo\u00eetier ext\u00e9rieur est fabriqu\u00e9 \u00e0 partir de bambou, ajoutant une touche de beaut\u00e9 naturelle \u00e0 son design. Livr\u00e9 avec 3\u00a0piles LR41. Capacit\u00e9 d'\u00e9clairage\u00a0: 1,5\u00a0V\/30\u00a0mAh.","og_url":"https:\/\/perle-in.com\/en\/product\/porte-cles-cane-en-bambou-avec-lumiere\/","og_site_name":"PERLE IN","article_modified_time":"2025-10-19T03:46:44+00:00","og_image":[{"width":1600,"height":1600,"url":"https:\/\/perle-in.com\/wp-content\/uploads\/2025\/10\/10456706-1.jpg","type":"image\/jpeg"}],"twitter_card":"summary_large_image","schema":{"@context":"https:\/\/schema.org","@graph":[{"@type":"WebPage","@id":"https:\/\/perle-in.com\/produit\/porte-cles-cane-en-bambou-avec-lumiere\/","url":"https:\/\/perle-in.com\/produit\/porte-cles-cane-en-bambou-avec-lumiere\/","name":"Porte-cl\u00e9s Cane en bambou avec lumi\u00e8re - PERLE IN","isPartOf":{"@id":"https:\/\/perle-in.com\/#website"},"primaryImageOfPage":{"@id":"https:\/\/perle-in.com\/produit\/porte-cles-cane-en-bambou-avec-lumiere\/#primaryimage"},"image":{"@id":"https:\/\/perle-in.com\/produit\/porte-cles-cane-en-bambou-avec-lumiere\/#primaryimage"},"thumbnailUrl":"https:\/\/perle-in.com\/wp-content\/uploads\/2025\/10\/10456706-1.jpg","datePublished":"2025-10-14T23:26:11+00:00","dateModified":"2025-10-19T03:46:44+00:00","breadcrumb":{"@id":"https:\/\/perle-in.com\/produit\/porte-cles-cane-en-bambou-avec-lumiere\/#breadcrumb"},"inLanguage":"en-CA","potentialAction":[{"@type":"ReadAction","target":["https:\/\/perle-in.com\/produit\/porte-cles-cane-en-bambou-avec-lumiere\/"]}]},{"@type":"ImageObject","inLanguage":"en-CA","@id":"https:\/\/perle-in.com\/produit\/porte-cles-cane-en-bambou-avec-lumiere\/#primaryimage","url":"https:\/\/perle-in.com\/wp-content\/uploads\/2025\/10\/10456706-1.jpg","contentUrl":"https:\/\/perle-in.com\/wp-content\/uploads\/2025\/10\/10456706-1.jpg","width":1600,"height":1600},{"@type":"BreadcrumbList","@id":"https:\/\/perle-in.com\/produit\/porte-cles-cane-en-bambou-avec-lumiere\/#breadcrumb","itemListElement":[{"@type":"ListItem","position":1,"name":"Accueil","item":"https:\/\/perle-in.com\/"},{"@type":"ListItem","position":2,"name":"Boutique","item":"https:\/\/perle-in.com\/boutique\/"},{"@type":"ListItem","position":3,"name":"Porte-cl\u00e9s Cane en bambou avec lumi\u00e8re"}]},{"@type":"WebSite","@id":"https:\/\/perle-in.com\/#website","url":"https:\/\/perle-in.com\/","name":"PERLE IN","description":"","publisher":{"@id":"https:\/\/perle-in.com\/#organization"},"potentialAction":[{"@type":"SearchAction","target":{"@type":"EntryPoint","urlTemplate":"https:\/\/perle-in.com\/?s={search_term_string}"},"query-input":{"@type":"PropertyValueSpecification","valueRequired":true,"valueName":"search_term_string"}}],"inLanguage":"en-CA"},{"@type":"Organization","@id":"https:\/\/perle-in.com\/#organization","name":"PERLE IN","url":"https:\/\/perle-in.com\/","logo":{"@type":"ImageObject","inLanguage":"en-CA","@id":"https:\/\/perle-in.com\/#\/schema\/logo\/image\/","url":"https:\/\/perle-in.com\/wp-content\/uploads\/2022\/12\/LOGO-PERLE-IN-COULEUR@3x.webp","contentUrl":"https:\/\/perle-in.com\/wp-content\/uploads\/2022\/12\/LOGO-PERLE-IN-COULEUR@3x.webp","width":1600,"height":490,"caption":"PERLE IN"},"image":{"@id":"https:\/\/perle-in.com\/#\/schema\/logo\/image\/"}}]}},"jetpack_sharing_enabled":true,"_links":{"self":[{"href":"https:\/\/perle-in.com\/en\/wp-json\/wp\/v2\/product\/538984","targetHints":{"allow":["GET"]}}],"collection":[{"href":"https:\/\/perle-in.com\/en\/wp-json\/wp\/v2\/product"}],"about":[{"href":"https:\/\/perle-in.com\/en\/wp-json\/wp\/v2\/types\/product"}],"version-history":[{"count":0,"href":"https:\/\/perle-in.com\/en\/wp-json\/wp\/v2\/product\/538984\/revisions"}],"wp:featuredmedia":[{"embeddable":true,"href":"https:\/\/perle-in.com\/en\/wp-json\/wp\/v2\/media\/538979"}],"wp:attachment":[{"href":"https:\/\/perle-in.com\/en\/wp-json\/wp\/v2\/media?parent=538984"}],"wp:term":[{"taxonomy":"product_brand","embeddable":true,"href":"https:\/\/perle-in.com\/en\/wp-json\/wp\/v2\/product_brand?post=538984"},{"taxonomy":"product_cat","embeddable":true,"href":"https:\/\/perle-in.com\/en\/wp-json\/wp\/v2\/product_cat?post=538984"},{"taxonomy":"product_tag","embeddable":true,"href":"https:\/\/perle-in.com\/en\/wp-json\/wp\/v2\/product_tag?post=538984"}],"curies":[{"name":"wp","href":"https:\/\/api.w.org\/{rel}","templated":true}]}}