{"id":538977,"date":"2025-10-15T01:25:18","date_gmt":"2025-10-14T23:25:18","guid":{"rendered":"https:\/\/perle-in.com\/produit\/jeu-de-plateau-mugo-3-en-1-en-bois\/"},"modified":"2025-10-19T05:46:43","modified_gmt":"2025-10-19T03:46:43","slug":"jeu-de-plateau-mugo-3-en-1-en-bois","status":"publish","type":"product","link":"https:\/\/perle-in.com\/en\/product\/jeu-de-plateau-mugo-3-en-1-en-bois\/","title":{"rendered":"Jeu de plateau Mugo 3-en-1 en bois"},"content":{"rendered":"","protected":false},"excerpt":{"rendered":"<p>L&#8217;ensemble de jeu 3-en-1 Mugo en bois est un compagnon parfait pour les amateurs de jeux et les familles \u00e0 la recherche de divertissements polyvalents. Ce set combine les jeux intemporels et classiques d&#8217;\u00e9checs, de dames et de backgammon, offrant des heures de d\u00e9fis amusants et strat\u00e9giques. Fabriqu\u00e9e \u00e0 partir de bois de pin de premi\u00e8re qualit\u00e9 provenant de sources responsables, la bo\u00eete a un charme naturel et rustique. Sa construction robuste assure une durabilit\u00e9 durable, tandis que les charni\u00e8res et le verrou en fer ajoutent une touche d&#8217;\u00e9l\u00e9gance et s\u00e9curisent le contenu \u00e0 l&#8217;int\u00e9rieur. De plus, le set comprend deux d\u00e9s en m\u00e9lamine de haute qualit\u00e9. Qu&#8217;il s&#8217;agisse d&#8217;\u00e9laborer des strat\u00e9gies aux \u00e9checs, de participer \u00e0 des comp\u00e9titions de dames ou de s&#8217;engager dans le gameplay tactique du backgammon, cet ensemble offre des possibilit\u00e9s infinies pour cr\u00e9er des souvenirs durables. Livr\u00e9 avec un coffret cadeau en papier Kraft et un manuel d&#8217;instructions. Avertissement ! Ne convient pas aux enfants de moins de trois ans. Petites pi\u00e8ces. Risque d&#8217;\u00e9touffement.<\/p>","protected":false},"featured_media":538971,"template":"","meta":{"_eb_attr":""},"product_brand":[],"product_cat":[1265,1263],"product_tag":[1683,3277,837,1684,1072,1073],"class_list":{"0":"post-538977","1":"product","2":"type-product","3":"status-publish","4":"has-post-thumbnail","6":"product_cat-jeux-d-interieur","7":"product_cat-jeux-et-jouets","8":"product_tag-backgammon","9":"product_tag-dames","10":"product_tag-durable","11":"product_tag-echecs","12":"product_tag-jeu","13":"product_tag-jeux","14":"pa_couleurs-naturel","15":"pa_green-points-1501","17":"first","18":"instock","19":"shipping-taxable","20":"purchasable","21":"product-type-variable"},"yoast_head":"<!-- This site is optimized with the Yoast SEO plugin v27.4 - https:\/\/yoast.com\/product\/yoast-seo-wordpress\/ -->\n<title>Jeu de plateau Mugo 3-en-1 en bois - PERLE IN<\/title>\n<meta name=\"robots\" content=\"noindex, follow, max-snippet:-1, max-image-preview:large, max-video-preview:-1\" \/>\n<meta property=\"og:locale\" content=\"en_US\" \/>\n<meta property=\"og:type\" content=\"article\" \/>\n<meta property=\"og:title\" content=\"Jeu de plateau Mugo 3-en-1 en bois - PERLE IN\" \/>\n<meta property=\"og:description\" content=\"L&#039;ensemble de jeu 3-en-1 Mugo en bois est un compagnon parfait pour les amateurs de jeux et les familles \u00e0 la recherche de divertissements polyvalents. Ce set combine les jeux intemporels et classiques d&#039;\u00e9checs, de dames et de backgammon, offrant des heures de d\u00e9fis amusants et strat\u00e9giques. Fabriqu\u00e9e \u00e0 partir de bois de pin de premi\u00e8re qualit\u00e9 provenant de sources responsables, la bo\u00eete a un charme naturel et rustique. Sa construction robuste assure une durabilit\u00e9 durable, tandis que les charni\u00e8res et le verrou en fer ajoutent une touche d&#039;\u00e9l\u00e9gance et s\u00e9curisent le contenu \u00e0 l&#039;int\u00e9rieur. De plus, le set comprend deux d\u00e9s en m\u00e9lamine de haute qualit\u00e9. Qu&#039;il s&#039;agisse d&#039;\u00e9laborer des strat\u00e9gies aux \u00e9checs, de participer \u00e0 des comp\u00e9titions de dames ou de s&#039;engager dans le gameplay tactique du backgammon, cet ensemble offre des possibilit\u00e9s infinies pour cr\u00e9er des souvenirs durables. Livr\u00e9 avec un coffret cadeau en papier Kraft et un manuel d&#039;instructions. Avertissement ! Ne convient pas aux enfants de moins de trois ans. Petites pi\u00e8ces. Risque d&#039;\u00e9touffement.\" \/>\n<meta property=\"og:url\" content=\"https:\/\/perle-in.com\/en\/product\/jeu-de-plateau-mugo-3-en-1-en-bois\/\" \/>\n<meta property=\"og:site_name\" content=\"PERLE IN\" \/>\n<meta property=\"article:modified_time\" content=\"2025-10-19T03:46:43+00:00\" \/>\n<meta property=\"og:image\" content=\"https:\/\/perle-in.com\/wp-content\/uploads\/2025\/10\/10456506-1.jpg\" \/>\n\t<meta property=\"og:image:width\" content=\"1600\" \/>\n\t<meta property=\"og:image:height\" content=\"1600\" \/>\n\t<meta property=\"og:image:type\" content=\"image\/jpeg\" \/>\n<meta name=\"twitter:card\" content=\"summary_large_image\" \/>\n<script type=\"application\/ld+json\" class=\"yoast-schema-graph\">{\"@context\":\"https:\\\/\\\/schema.org\",\"@graph\":[{\"@type\":\"WebPage\",\"@id\":\"https:\\\/\\\/perle-in.com\\\/produit\\\/jeu-de-plateau-mugo-3-en-1-en-bois\\\/\",\"url\":\"https:\\\/\\\/perle-in.com\\\/produit\\\/jeu-de-plateau-mugo-3-en-1-en-bois\\\/\",\"name\":\"Jeu de plateau Mugo 3-en-1 en bois - PERLE IN\",\"isPartOf\":{\"@id\":\"https:\\\/\\\/perle-in.com\\\/#website\"},\"primaryImageOfPage\":{\"@id\":\"https:\\\/\\\/perle-in.com\\\/produit\\\/jeu-de-plateau-mugo-3-en-1-en-bois\\\/#primaryimage\"},\"image\":{\"@id\":\"https:\\\/\\\/perle-in.com\\\/produit\\\/jeu-de-plateau-mugo-3-en-1-en-bois\\\/#primaryimage\"},\"thumbnailUrl\":\"https:\\\/\\\/perle-in.com\\\/wp-content\\\/uploads\\\/2025\\\/10\\\/10456506-1.jpg\",\"datePublished\":\"2025-10-14T23:25:18+00:00\",\"dateModified\":\"2025-10-19T03:46:43+00:00\",\"breadcrumb\":{\"@id\":\"https:\\\/\\\/perle-in.com\\\/produit\\\/jeu-de-plateau-mugo-3-en-1-en-bois\\\/#breadcrumb\"},\"inLanguage\":\"en-CA\",\"potentialAction\":[{\"@type\":\"ReadAction\",\"target\":[\"https:\\\/\\\/perle-in.com\\\/produit\\\/jeu-de-plateau-mugo-3-en-1-en-bois\\\/\"]}]},{\"@type\":\"ImageObject\",\"inLanguage\":\"en-CA\",\"@id\":\"https:\\\/\\\/perle-in.com\\\/produit\\\/jeu-de-plateau-mugo-3-en-1-en-bois\\\/#primaryimage\",\"url\":\"https:\\\/\\\/perle-in.com\\\/wp-content\\\/uploads\\\/2025\\\/10\\\/10456506-1.jpg\",\"contentUrl\":\"https:\\\/\\\/perle-in.com\\\/wp-content\\\/uploads\\\/2025\\\/10\\\/10456506-1.jpg\",\"width\":1600,\"height\":1600},{\"@type\":\"BreadcrumbList\",\"@id\":\"https:\\\/\\\/perle-in.com\\\/produit\\\/jeu-de-plateau-mugo-3-en-1-en-bois\\\/#breadcrumb\",\"itemListElement\":[{\"@type\":\"ListItem\",\"position\":1,\"name\":\"Accueil\",\"item\":\"https:\\\/\\\/perle-in.com\\\/\"},{\"@type\":\"ListItem\",\"position\":2,\"name\":\"Boutique\",\"item\":\"https:\\\/\\\/perle-in.com\\\/boutique\\\/\"},{\"@type\":\"ListItem\",\"position\":3,\"name\":\"Jeu de plateau Mugo 3-en-1 en bois\"}]},{\"@type\":\"WebSite\",\"@id\":\"https:\\\/\\\/perle-in.com\\\/#website\",\"url\":\"https:\\\/\\\/perle-in.com\\\/\",\"name\":\"PERLE IN\",\"description\":\"\",\"publisher\":{\"@id\":\"https:\\\/\\\/perle-in.com\\\/#organization\"},\"potentialAction\":[{\"@type\":\"SearchAction\",\"target\":{\"@type\":\"EntryPoint\",\"urlTemplate\":\"https:\\\/\\\/perle-in.com\\\/?s={search_term_string}\"},\"query-input\":{\"@type\":\"PropertyValueSpecification\",\"valueRequired\":true,\"valueName\":\"search_term_string\"}}],\"inLanguage\":\"en-CA\"},{\"@type\":\"Organization\",\"@id\":\"https:\\\/\\\/perle-in.com\\\/#organization\",\"name\":\"PERLE IN\",\"url\":\"https:\\\/\\\/perle-in.com\\\/\",\"logo\":{\"@type\":\"ImageObject\",\"inLanguage\":\"en-CA\",\"@id\":\"https:\\\/\\\/perle-in.com\\\/#\\\/schema\\\/logo\\\/image\\\/\",\"url\":\"https:\\\/\\\/perle-in.com\\\/wp-content\\\/uploads\\\/2022\\\/12\\\/LOGO-PERLE-IN-COULEUR@3x.webp\",\"contentUrl\":\"https:\\\/\\\/perle-in.com\\\/wp-content\\\/uploads\\\/2022\\\/12\\\/LOGO-PERLE-IN-COULEUR@3x.webp\",\"width\":1600,\"height\":490,\"caption\":\"PERLE IN\"},\"image\":{\"@id\":\"https:\\\/\\\/perle-in.com\\\/#\\\/schema\\\/logo\\\/image\\\/\"}}]}<\/script>\n<!-- \/ Yoast SEO plugin. -->","yoast_head_json":{"title":"Jeu de plateau Mugo 3-en-1 en bois - PERLE IN","robots":{"index":"noindex","follow":"follow","max-snippet":"max-snippet:-1","max-image-preview":"max-image-preview:large","max-video-preview":"max-video-preview:-1"},"og_locale":"en_US","og_type":"article","og_title":"Jeu de plateau Mugo 3-en-1 en bois - PERLE IN","og_description":"L'ensemble de jeu 3-en-1 Mugo en bois est un compagnon parfait pour les amateurs de jeux et les familles \u00e0 la recherche de divertissements polyvalents. Ce set combine les jeux intemporels et classiques d'\u00e9checs, de dames et de backgammon, offrant des heures de d\u00e9fis amusants et strat\u00e9giques. Fabriqu\u00e9e \u00e0 partir de bois de pin de premi\u00e8re qualit\u00e9 provenant de sources responsables, la bo\u00eete a un charme naturel et rustique. Sa construction robuste assure une durabilit\u00e9 durable, tandis que les charni\u00e8res et le verrou en fer ajoutent une touche d'\u00e9l\u00e9gance et s\u00e9curisent le contenu \u00e0 l'int\u00e9rieur. De plus, le set comprend deux d\u00e9s en m\u00e9lamine de haute qualit\u00e9. Qu'il s'agisse d'\u00e9laborer des strat\u00e9gies aux \u00e9checs, de participer \u00e0 des comp\u00e9titions de dames ou de s'engager dans le gameplay tactique du backgammon, cet ensemble offre des possibilit\u00e9s infinies pour cr\u00e9er des souvenirs durables. Livr\u00e9 avec un coffret cadeau en papier Kraft et un manuel d'instructions. Avertissement ! Ne convient pas aux enfants de moins de trois ans. Petites pi\u00e8ces. Risque d'\u00e9touffement.","og_url":"https:\/\/perle-in.com\/en\/product\/jeu-de-plateau-mugo-3-en-1-en-bois\/","og_site_name":"PERLE IN","article_modified_time":"2025-10-19T03:46:43+00:00","og_image":[{"width":1600,"height":1600,"url":"https:\/\/perle-in.com\/wp-content\/uploads\/2025\/10\/10456506-1.jpg","type":"image\/jpeg"}],"twitter_card":"summary_large_image","schema":{"@context":"https:\/\/schema.org","@graph":[{"@type":"WebPage","@id":"https:\/\/perle-in.com\/produit\/jeu-de-plateau-mugo-3-en-1-en-bois\/","url":"https:\/\/perle-in.com\/produit\/jeu-de-plateau-mugo-3-en-1-en-bois\/","name":"Jeu de plateau Mugo 3-en-1 en bois - PERLE IN","isPartOf":{"@id":"https:\/\/perle-in.com\/#website"},"primaryImageOfPage":{"@id":"https:\/\/perle-in.com\/produit\/jeu-de-plateau-mugo-3-en-1-en-bois\/#primaryimage"},"image":{"@id":"https:\/\/perle-in.com\/produit\/jeu-de-plateau-mugo-3-en-1-en-bois\/#primaryimage"},"thumbnailUrl":"https:\/\/perle-in.com\/wp-content\/uploads\/2025\/10\/10456506-1.jpg","datePublished":"2025-10-14T23:25:18+00:00","dateModified":"2025-10-19T03:46:43+00:00","breadcrumb":{"@id":"https:\/\/perle-in.com\/produit\/jeu-de-plateau-mugo-3-en-1-en-bois\/#breadcrumb"},"inLanguage":"en-CA","potentialAction":[{"@type":"ReadAction","target":["https:\/\/perle-in.com\/produit\/jeu-de-plateau-mugo-3-en-1-en-bois\/"]}]},{"@type":"ImageObject","inLanguage":"en-CA","@id":"https:\/\/perle-in.com\/produit\/jeu-de-plateau-mugo-3-en-1-en-bois\/#primaryimage","url":"https:\/\/perle-in.com\/wp-content\/uploads\/2025\/10\/10456506-1.jpg","contentUrl":"https:\/\/perle-in.com\/wp-content\/uploads\/2025\/10\/10456506-1.jpg","width":1600,"height":1600},{"@type":"BreadcrumbList","@id":"https:\/\/perle-in.com\/produit\/jeu-de-plateau-mugo-3-en-1-en-bois\/#breadcrumb","itemListElement":[{"@type":"ListItem","position":1,"name":"Accueil","item":"https:\/\/perle-in.com\/"},{"@type":"ListItem","position":2,"name":"Boutique","item":"https:\/\/perle-in.com\/boutique\/"},{"@type":"ListItem","position":3,"name":"Jeu de plateau Mugo 3-en-1 en bois"}]},{"@type":"WebSite","@id":"https:\/\/perle-in.com\/#website","url":"https:\/\/perle-in.com\/","name":"PERLE IN","description":"","publisher":{"@id":"https:\/\/perle-in.com\/#organization"},"potentialAction":[{"@type":"SearchAction","target":{"@type":"EntryPoint","urlTemplate":"https:\/\/perle-in.com\/?s={search_term_string}"},"query-input":{"@type":"PropertyValueSpecification","valueRequired":true,"valueName":"search_term_string"}}],"inLanguage":"en-CA"},{"@type":"Organization","@id":"https:\/\/perle-in.com\/#organization","name":"PERLE IN","url":"https:\/\/perle-in.com\/","logo":{"@type":"ImageObject","inLanguage":"en-CA","@id":"https:\/\/perle-in.com\/#\/schema\/logo\/image\/","url":"https:\/\/perle-in.com\/wp-content\/uploads\/2022\/12\/LOGO-PERLE-IN-COULEUR@3x.webp","contentUrl":"https:\/\/perle-in.com\/wp-content\/uploads\/2022\/12\/LOGO-PERLE-IN-COULEUR@3x.webp","width":1600,"height":490,"caption":"PERLE IN"},"image":{"@id":"https:\/\/perle-in.com\/#\/schema\/logo\/image\/"}}]}},"jetpack_sharing_enabled":true,"_links":{"self":[{"href":"https:\/\/perle-in.com\/en\/wp-json\/wp\/v2\/product\/538977","targetHints":{"allow":["GET"]}}],"collection":[{"href":"https:\/\/perle-in.com\/en\/wp-json\/wp\/v2\/product"}],"about":[{"href":"https:\/\/perle-in.com\/en\/wp-json\/wp\/v2\/types\/product"}],"version-history":[{"count":0,"href":"https:\/\/perle-in.com\/en\/wp-json\/wp\/v2\/product\/538977\/revisions"}],"wp:featuredmedia":[{"embeddable":true,"href":"https:\/\/perle-in.com\/en\/wp-json\/wp\/v2\/media\/538971"}],"wp:attachment":[{"href":"https:\/\/perle-in.com\/en\/wp-json\/wp\/v2\/media?parent=538977"}],"wp:term":[{"taxonomy":"product_brand","embeddable":true,"href":"https:\/\/perle-in.com\/en\/wp-json\/wp\/v2\/product_brand?post=538977"},{"taxonomy":"product_cat","embeddable":true,"href":"https:\/\/perle-in.com\/en\/wp-json\/wp\/v2\/product_cat?post=538977"},{"taxonomy":"product_tag","embeddable":true,"href":"https:\/\/perle-in.com\/en\/wp-json\/wp\/v2\/product_tag?post=538977"}],"curies":[{"name":"wp","href":"https:\/\/api.w.org\/{rel}","templated":true}]}}