{"id":538969,"date":"2025-10-15T01:24:50","date_gmt":"2025-10-14T23:24:50","guid":{"rendered":"https:\/\/perle-in.com\/produit\/jeu-de-morpion-strobus-en-bois\/"},"modified":"2025-10-19T05:46:51","modified_gmt":"2025-10-19T03:46:51","slug":"jeu-de-morpion-strobus-en-bois","status":"publish","type":"product","link":"https:\/\/perle-in.com\/en\/product\/jeu-de-morpion-strobus-en-bois\/","title":{"rendered":"Jeu de morpion Strobus en bois"},"content":{"rendered":"","protected":false},"excerpt":{"rendered":"<p>Le jeu de morpion Strobus en bois est un jeu intemporel, strat\u00e9gique et engageant qui rassemble des \u00eatres chers dans une comp\u00e9tition amicale. Fabriqu\u00e9 \u00e0 partir de bois de pin provenant de sources responsables, ce set est non seulement durable, mais aussi un choix plus durable. La bo\u00eete en bois dispose d&#8217;une fermeture coulissante, assurant un acc\u00e8s facile aux composants du jeu tout en les stockant en toute s\u00e9curit\u00e9 lorsqu&#8217;ils ne sont pas utilis\u00e9s. Comprend 5\u00a0balles noires et 5\u00a0balles rouges pour les deux joueurs. Livr\u00e9 avec un coffret cadeau en papier Kraft et un manuel d&#8217;instructions. Avertissement ! Ne convient pas aux enfants de moins de trois ans. Petites boules. Risque d&#8217;\u00e9touffement.<\/p>","protected":false},"featured_media":538961,"template":"","meta":{"_eb_attr":""},"product_brand":[],"product_cat":[1265,1263],"product_tag":[837,1072,1073,3276,1689],"class_list":{"0":"post-538969","1":"product","2":"type-product","3":"status-publish","4":"has-post-thumbnail","6":"product_cat-jeux-d-interieur","7":"product_cat-jeux-et-jouets","8":"product_tag-durable","9":"product_tag-jeu","10":"product_tag-jeux","11":"product_tag-morpions","12":"product_tag-tic-tac-toe","13":"pa_couleurs-naturel","14":"pa_green-points-1501","16":"first","17":"instock","18":"sale","19":"shipping-taxable","20":"purchasable","21":"product-type-variable"},"yoast_head":"<!-- This site is optimized with the Yoast SEO plugin v27.4 - https:\/\/yoast.com\/product\/yoast-seo-wordpress\/ -->\n<title>Jeu de morpion Strobus en bois - PERLE IN<\/title>\n<meta name=\"robots\" content=\"noindex, follow, max-snippet:-1, max-image-preview:large, max-video-preview:-1\" \/>\n<meta property=\"og:locale\" content=\"en_US\" \/>\n<meta property=\"og:type\" content=\"article\" \/>\n<meta property=\"og:title\" content=\"Jeu de morpion Strobus en bois - PERLE IN\" \/>\n<meta property=\"og:description\" content=\"Le jeu de morpion Strobus en bois est un jeu intemporel, strat\u00e9gique et engageant qui rassemble des \u00eatres chers dans une comp\u00e9tition amicale. Fabriqu\u00e9 \u00e0 partir de bois de pin provenant de sources responsables, ce set est non seulement durable, mais aussi un choix plus durable. La bo\u00eete en bois dispose d&#039;une fermeture coulissante, assurant un acc\u00e8s facile aux composants du jeu tout en les stockant en toute s\u00e9curit\u00e9 lorsqu&#039;ils ne sont pas utilis\u00e9s. Comprend 5\u00a0balles noires et 5\u00a0balles rouges pour les deux joueurs. Livr\u00e9 avec un coffret cadeau en papier Kraft et un manuel d&#039;instructions. Avertissement ! Ne convient pas aux enfants de moins de trois ans. Petites boules. Risque d&#039;\u00e9touffement.\" \/>\n<meta property=\"og:url\" content=\"https:\/\/perle-in.com\/en\/product\/jeu-de-morpion-strobus-en-bois\/\" \/>\n<meta property=\"og:site_name\" content=\"PERLE IN\" \/>\n<meta property=\"article:modified_time\" content=\"2025-10-19T03:46:51+00:00\" \/>\n<meta property=\"og:image\" content=\"https:\/\/perle-in.com\/wp-content\/uploads\/2025\/10\/10456406-1.jpg\" \/>\n\t<meta property=\"og:image:width\" content=\"1600\" \/>\n\t<meta property=\"og:image:height\" content=\"1600\" \/>\n\t<meta property=\"og:image:type\" content=\"image\/jpeg\" \/>\n<meta name=\"twitter:card\" content=\"summary_large_image\" \/>\n<script type=\"application\/ld+json\" class=\"yoast-schema-graph\">{\"@context\":\"https:\\\/\\\/schema.org\",\"@graph\":[{\"@type\":\"WebPage\",\"@id\":\"https:\\\/\\\/perle-in.com\\\/produit\\\/jeu-de-morpion-strobus-en-bois\\\/\",\"url\":\"https:\\\/\\\/perle-in.com\\\/produit\\\/jeu-de-morpion-strobus-en-bois\\\/\",\"name\":\"Jeu de morpion Strobus en bois - PERLE IN\",\"isPartOf\":{\"@id\":\"https:\\\/\\\/perle-in.com\\\/#website\"},\"primaryImageOfPage\":{\"@id\":\"https:\\\/\\\/perle-in.com\\\/produit\\\/jeu-de-morpion-strobus-en-bois\\\/#primaryimage\"},\"image\":{\"@id\":\"https:\\\/\\\/perle-in.com\\\/produit\\\/jeu-de-morpion-strobus-en-bois\\\/#primaryimage\"},\"thumbnailUrl\":\"https:\\\/\\\/perle-in.com\\\/wp-content\\\/uploads\\\/2025\\\/10\\\/10456406-1.jpg\",\"datePublished\":\"2025-10-14T23:24:50+00:00\",\"dateModified\":\"2025-10-19T03:46:51+00:00\",\"breadcrumb\":{\"@id\":\"https:\\\/\\\/perle-in.com\\\/produit\\\/jeu-de-morpion-strobus-en-bois\\\/#breadcrumb\"},\"inLanguage\":\"en-CA\",\"potentialAction\":[{\"@type\":\"ReadAction\",\"target\":[\"https:\\\/\\\/perle-in.com\\\/produit\\\/jeu-de-morpion-strobus-en-bois\\\/\"]}]},{\"@type\":\"ImageObject\",\"inLanguage\":\"en-CA\",\"@id\":\"https:\\\/\\\/perle-in.com\\\/produit\\\/jeu-de-morpion-strobus-en-bois\\\/#primaryimage\",\"url\":\"https:\\\/\\\/perle-in.com\\\/wp-content\\\/uploads\\\/2025\\\/10\\\/10456406-1.jpg\",\"contentUrl\":\"https:\\\/\\\/perle-in.com\\\/wp-content\\\/uploads\\\/2025\\\/10\\\/10456406-1.jpg\",\"width\":1600,\"height\":1600},{\"@type\":\"BreadcrumbList\",\"@id\":\"https:\\\/\\\/perle-in.com\\\/produit\\\/jeu-de-morpion-strobus-en-bois\\\/#breadcrumb\",\"itemListElement\":[{\"@type\":\"ListItem\",\"position\":1,\"name\":\"Accueil\",\"item\":\"https:\\\/\\\/perle-in.com\\\/\"},{\"@type\":\"ListItem\",\"position\":2,\"name\":\"Boutique\",\"item\":\"https:\\\/\\\/perle-in.com\\\/boutique\\\/\"},{\"@type\":\"ListItem\",\"position\":3,\"name\":\"Jeu de morpion Strobus en bois\"}]},{\"@type\":\"WebSite\",\"@id\":\"https:\\\/\\\/perle-in.com\\\/#website\",\"url\":\"https:\\\/\\\/perle-in.com\\\/\",\"name\":\"PERLE IN\",\"description\":\"\",\"publisher\":{\"@id\":\"https:\\\/\\\/perle-in.com\\\/#organization\"},\"potentialAction\":[{\"@type\":\"SearchAction\",\"target\":{\"@type\":\"EntryPoint\",\"urlTemplate\":\"https:\\\/\\\/perle-in.com\\\/?s={search_term_string}\"},\"query-input\":{\"@type\":\"PropertyValueSpecification\",\"valueRequired\":true,\"valueName\":\"search_term_string\"}}],\"inLanguage\":\"en-CA\"},{\"@type\":\"Organization\",\"@id\":\"https:\\\/\\\/perle-in.com\\\/#organization\",\"name\":\"PERLE IN\",\"url\":\"https:\\\/\\\/perle-in.com\\\/\",\"logo\":{\"@type\":\"ImageObject\",\"inLanguage\":\"en-CA\",\"@id\":\"https:\\\/\\\/perle-in.com\\\/#\\\/schema\\\/logo\\\/image\\\/\",\"url\":\"https:\\\/\\\/perle-in.com\\\/wp-content\\\/uploads\\\/2022\\\/12\\\/LOGO-PERLE-IN-COULEUR@3x.webp\",\"contentUrl\":\"https:\\\/\\\/perle-in.com\\\/wp-content\\\/uploads\\\/2022\\\/12\\\/LOGO-PERLE-IN-COULEUR@3x.webp\",\"width\":1600,\"height\":490,\"caption\":\"PERLE IN\"},\"image\":{\"@id\":\"https:\\\/\\\/perle-in.com\\\/#\\\/schema\\\/logo\\\/image\\\/\"}}]}<\/script>\n<!-- \/ Yoast SEO plugin. -->","yoast_head_json":{"title":"Jeu de morpion Strobus en bois - PERLE IN","robots":{"index":"noindex","follow":"follow","max-snippet":"max-snippet:-1","max-image-preview":"max-image-preview:large","max-video-preview":"max-video-preview:-1"},"og_locale":"en_US","og_type":"article","og_title":"Jeu de morpion Strobus en bois - PERLE IN","og_description":"Le jeu de morpion Strobus en bois est un jeu intemporel, strat\u00e9gique et engageant qui rassemble des \u00eatres chers dans une comp\u00e9tition amicale. Fabriqu\u00e9 \u00e0 partir de bois de pin provenant de sources responsables, ce set est non seulement durable, mais aussi un choix plus durable. La bo\u00eete en bois dispose d'une fermeture coulissante, assurant un acc\u00e8s facile aux composants du jeu tout en les stockant en toute s\u00e9curit\u00e9 lorsqu'ils ne sont pas utilis\u00e9s. Comprend 5\u00a0balles noires et 5\u00a0balles rouges pour les deux joueurs. Livr\u00e9 avec un coffret cadeau en papier Kraft et un manuel d'instructions. Avertissement ! Ne convient pas aux enfants de moins de trois ans. Petites boules. Risque d'\u00e9touffement.","og_url":"https:\/\/perle-in.com\/en\/product\/jeu-de-morpion-strobus-en-bois\/","og_site_name":"PERLE IN","article_modified_time":"2025-10-19T03:46:51+00:00","og_image":[{"width":1600,"height":1600,"url":"https:\/\/perle-in.com\/wp-content\/uploads\/2025\/10\/10456406-1.jpg","type":"image\/jpeg"}],"twitter_card":"summary_large_image","schema":{"@context":"https:\/\/schema.org","@graph":[{"@type":"WebPage","@id":"https:\/\/perle-in.com\/produit\/jeu-de-morpion-strobus-en-bois\/","url":"https:\/\/perle-in.com\/produit\/jeu-de-morpion-strobus-en-bois\/","name":"Jeu de morpion Strobus en bois - PERLE IN","isPartOf":{"@id":"https:\/\/perle-in.com\/#website"},"primaryImageOfPage":{"@id":"https:\/\/perle-in.com\/produit\/jeu-de-morpion-strobus-en-bois\/#primaryimage"},"image":{"@id":"https:\/\/perle-in.com\/produit\/jeu-de-morpion-strobus-en-bois\/#primaryimage"},"thumbnailUrl":"https:\/\/perle-in.com\/wp-content\/uploads\/2025\/10\/10456406-1.jpg","datePublished":"2025-10-14T23:24:50+00:00","dateModified":"2025-10-19T03:46:51+00:00","breadcrumb":{"@id":"https:\/\/perle-in.com\/produit\/jeu-de-morpion-strobus-en-bois\/#breadcrumb"},"inLanguage":"en-CA","potentialAction":[{"@type":"ReadAction","target":["https:\/\/perle-in.com\/produit\/jeu-de-morpion-strobus-en-bois\/"]}]},{"@type":"ImageObject","inLanguage":"en-CA","@id":"https:\/\/perle-in.com\/produit\/jeu-de-morpion-strobus-en-bois\/#primaryimage","url":"https:\/\/perle-in.com\/wp-content\/uploads\/2025\/10\/10456406-1.jpg","contentUrl":"https:\/\/perle-in.com\/wp-content\/uploads\/2025\/10\/10456406-1.jpg","width":1600,"height":1600},{"@type":"BreadcrumbList","@id":"https:\/\/perle-in.com\/produit\/jeu-de-morpion-strobus-en-bois\/#breadcrumb","itemListElement":[{"@type":"ListItem","position":1,"name":"Accueil","item":"https:\/\/perle-in.com\/"},{"@type":"ListItem","position":2,"name":"Boutique","item":"https:\/\/perle-in.com\/boutique\/"},{"@type":"ListItem","position":3,"name":"Jeu de morpion Strobus en bois"}]},{"@type":"WebSite","@id":"https:\/\/perle-in.com\/#website","url":"https:\/\/perle-in.com\/","name":"PERLE IN","description":"","publisher":{"@id":"https:\/\/perle-in.com\/#organization"},"potentialAction":[{"@type":"SearchAction","target":{"@type":"EntryPoint","urlTemplate":"https:\/\/perle-in.com\/?s={search_term_string}"},"query-input":{"@type":"PropertyValueSpecification","valueRequired":true,"valueName":"search_term_string"}}],"inLanguage":"en-CA"},{"@type":"Organization","@id":"https:\/\/perle-in.com\/#organization","name":"PERLE IN","url":"https:\/\/perle-in.com\/","logo":{"@type":"ImageObject","inLanguage":"en-CA","@id":"https:\/\/perle-in.com\/#\/schema\/logo\/image\/","url":"https:\/\/perle-in.com\/wp-content\/uploads\/2022\/12\/LOGO-PERLE-IN-COULEUR@3x.webp","contentUrl":"https:\/\/perle-in.com\/wp-content\/uploads\/2022\/12\/LOGO-PERLE-IN-COULEUR@3x.webp","width":1600,"height":490,"caption":"PERLE IN"},"image":{"@id":"https:\/\/perle-in.com\/#\/schema\/logo\/image\/"}}]}},"jetpack_sharing_enabled":true,"_links":{"self":[{"href":"https:\/\/perle-in.com\/en\/wp-json\/wp\/v2\/product\/538969","targetHints":{"allow":["GET"]}}],"collection":[{"href":"https:\/\/perle-in.com\/en\/wp-json\/wp\/v2\/product"}],"about":[{"href":"https:\/\/perle-in.com\/en\/wp-json\/wp\/v2\/types\/product"}],"version-history":[{"count":0,"href":"https:\/\/perle-in.com\/en\/wp-json\/wp\/v2\/product\/538969\/revisions"}],"wp:featuredmedia":[{"embeddable":true,"href":"https:\/\/perle-in.com\/en\/wp-json\/wp\/v2\/media\/538961"}],"wp:attachment":[{"href":"https:\/\/perle-in.com\/en\/wp-json\/wp\/v2\/media?parent=538969"}],"wp:term":[{"taxonomy":"product_brand","embeddable":true,"href":"https:\/\/perle-in.com\/en\/wp-json\/wp\/v2\/product_brand?post=538969"},{"taxonomy":"product_cat","embeddable":true,"href":"https:\/\/perle-in.com\/en\/wp-json\/wp\/v2\/product_cat?post=538969"},{"taxonomy":"product_tag","embeddable":true,"href":"https:\/\/perle-in.com\/en\/wp-json\/wp\/v2\/product_tag?post=538969"}],"curies":[{"name":"wp","href":"https:\/\/api.w.org\/{rel}","templated":true}]}}