{"id":538941,"date":"2025-10-15T01:21:47","date_gmt":"2025-10-14T23:21:47","guid":{"rendered":"https:\/\/perle-in.com\/produit\/puzzle-bark-en-bois\/"},"modified":"2025-10-19T05:46:29","modified_gmt":"2025-10-19T03:46:29","slug":"puzzle-bark-en-bois","status":"publish","type":"product","link":"https:\/\/perle-in.com\/en\/product\/puzzle-bark-en-bois\/","title":{"rendered":"Puzzle Bark en bois"},"content":{"rendered":"","protected":false},"excerpt":{"rendered":"<p>D\u00e9couvrez la joie de r\u00e9soudre des \u00e9nigmes avec le puzzle en bois Bark fabriqu\u00e9 avec du bois de h\u00eatre provenant de sources responsables. Il comporte 14\u00a0pi\u00e8ces de puzzle soigneusement con\u00e7ues qui s&#8217;embo\u00eetent pour former une image captivante. Que vous soyez un passionn\u00e9 de puzzle ou \u00e0 la recherche d&#8217;une activit\u00e9 amusante et relaxante, le puzzle Bark est le choix parfait. Livr\u00e9 dans un coffret cadeau en papier kraft. Avertissement ! Ne convient pas aux enfants de moins de trois ans. Petites pi\u00e8ces. Risque d&#8217;\u00e9touffement.<\/p>","protected":false},"featured_media":538933,"template":"","meta":{"_eb_attr":""},"product_brand":[],"product_cat":[1265,1263],"product_tag":[837,1073,3272],"class_list":{"0":"post-538941","1":"product","2":"type-product","3":"status-publish","4":"has-post-thumbnail","6":"product_cat-jeux-d-interieur","7":"product_cat-jeux-et-jouets","8":"product_tag-durable","9":"product_tag-jeux","10":"product_tag-puzzle","11":"pa_couleurs-naturel","12":"pa_green-points-1501","14":"first","15":"instock","16":"shipping-taxable","17":"purchasable","18":"product-type-variable"},"yoast_head":"<!-- This site is optimized with the Yoast SEO plugin v27.4 - https:\/\/yoast.com\/product\/yoast-seo-wordpress\/ -->\n<title>Puzzle Bark en bois - PERLE IN<\/title>\n<meta name=\"robots\" content=\"noindex, follow, max-snippet:-1, max-image-preview:large, max-video-preview:-1\" \/>\n<meta property=\"og:locale\" content=\"en_US\" \/>\n<meta property=\"og:type\" content=\"article\" \/>\n<meta property=\"og:title\" content=\"Puzzle Bark en bois - PERLE IN\" \/>\n<meta property=\"og:description\" content=\"D\u00e9couvrez la joie de r\u00e9soudre des \u00e9nigmes avec le puzzle en bois Bark fabriqu\u00e9 avec du bois de h\u00eatre provenant de sources responsables. Il comporte 14\u00a0pi\u00e8ces de puzzle soigneusement con\u00e7ues qui s&#039;embo\u00eetent pour former une image captivante. Que vous soyez un passionn\u00e9 de puzzle ou \u00e0 la recherche d&#039;une activit\u00e9 amusante et relaxante, le puzzle Bark est le choix parfait. Livr\u00e9 dans un coffret cadeau en papier kraft. Avertissement ! Ne convient pas aux enfants de moins de trois ans. Petites pi\u00e8ces. Risque d&#039;\u00e9touffement.\" \/>\n<meta property=\"og:url\" content=\"https:\/\/perle-in.com\/en\/product\/puzzle-bark-en-bois\/\" \/>\n<meta property=\"og:site_name\" content=\"PERLE IN\" \/>\n<meta property=\"article:modified_time\" content=\"2025-10-19T03:46:29+00:00\" \/>\n<meta property=\"og:image\" content=\"https:\/\/perle-in.com\/wp-content\/uploads\/2025\/10\/10456106-1.jpg\" \/>\n\t<meta property=\"og:image:width\" content=\"1600\" \/>\n\t<meta property=\"og:image:height\" content=\"1600\" \/>\n\t<meta property=\"og:image:type\" content=\"image\/jpeg\" \/>\n<meta name=\"twitter:card\" content=\"summary_large_image\" \/>\n<script type=\"application\/ld+json\" class=\"yoast-schema-graph\">{\"@context\":\"https:\\\/\\\/schema.org\",\"@graph\":[{\"@type\":\"WebPage\",\"@id\":\"https:\\\/\\\/perle-in.com\\\/produit\\\/puzzle-bark-en-bois\\\/\",\"url\":\"https:\\\/\\\/perle-in.com\\\/produit\\\/puzzle-bark-en-bois\\\/\",\"name\":\"Puzzle Bark en bois - PERLE IN\",\"isPartOf\":{\"@id\":\"https:\\\/\\\/perle-in.com\\\/#website\"},\"primaryImageOfPage\":{\"@id\":\"https:\\\/\\\/perle-in.com\\\/produit\\\/puzzle-bark-en-bois\\\/#primaryimage\"},\"image\":{\"@id\":\"https:\\\/\\\/perle-in.com\\\/produit\\\/puzzle-bark-en-bois\\\/#primaryimage\"},\"thumbnailUrl\":\"https:\\\/\\\/perle-in.com\\\/wp-content\\\/uploads\\\/2025\\\/10\\\/10456106-1.jpg\",\"datePublished\":\"2025-10-14T23:21:47+00:00\",\"dateModified\":\"2025-10-19T03:46:29+00:00\",\"breadcrumb\":{\"@id\":\"https:\\\/\\\/perle-in.com\\\/produit\\\/puzzle-bark-en-bois\\\/#breadcrumb\"},\"inLanguage\":\"en-CA\",\"potentialAction\":[{\"@type\":\"ReadAction\",\"target\":[\"https:\\\/\\\/perle-in.com\\\/produit\\\/puzzle-bark-en-bois\\\/\"]}]},{\"@type\":\"ImageObject\",\"inLanguage\":\"en-CA\",\"@id\":\"https:\\\/\\\/perle-in.com\\\/produit\\\/puzzle-bark-en-bois\\\/#primaryimage\",\"url\":\"https:\\\/\\\/perle-in.com\\\/wp-content\\\/uploads\\\/2025\\\/10\\\/10456106-1.jpg\",\"contentUrl\":\"https:\\\/\\\/perle-in.com\\\/wp-content\\\/uploads\\\/2025\\\/10\\\/10456106-1.jpg\",\"width\":1600,\"height\":1600},{\"@type\":\"BreadcrumbList\",\"@id\":\"https:\\\/\\\/perle-in.com\\\/produit\\\/puzzle-bark-en-bois\\\/#breadcrumb\",\"itemListElement\":[{\"@type\":\"ListItem\",\"position\":1,\"name\":\"Accueil\",\"item\":\"https:\\\/\\\/perle-in.com\\\/\"},{\"@type\":\"ListItem\",\"position\":2,\"name\":\"Boutique\",\"item\":\"https:\\\/\\\/perle-in.com\\\/boutique\\\/\"},{\"@type\":\"ListItem\",\"position\":3,\"name\":\"Puzzle Bark en bois\"}]},{\"@type\":\"WebSite\",\"@id\":\"https:\\\/\\\/perle-in.com\\\/#website\",\"url\":\"https:\\\/\\\/perle-in.com\\\/\",\"name\":\"PERLE IN\",\"description\":\"\",\"publisher\":{\"@id\":\"https:\\\/\\\/perle-in.com\\\/#organization\"},\"potentialAction\":[{\"@type\":\"SearchAction\",\"target\":{\"@type\":\"EntryPoint\",\"urlTemplate\":\"https:\\\/\\\/perle-in.com\\\/?s={search_term_string}\"},\"query-input\":{\"@type\":\"PropertyValueSpecification\",\"valueRequired\":true,\"valueName\":\"search_term_string\"}}],\"inLanguage\":\"en-CA\"},{\"@type\":\"Organization\",\"@id\":\"https:\\\/\\\/perle-in.com\\\/#organization\",\"name\":\"PERLE IN\",\"url\":\"https:\\\/\\\/perle-in.com\\\/\",\"logo\":{\"@type\":\"ImageObject\",\"inLanguage\":\"en-CA\",\"@id\":\"https:\\\/\\\/perle-in.com\\\/#\\\/schema\\\/logo\\\/image\\\/\",\"url\":\"https:\\\/\\\/perle-in.com\\\/wp-content\\\/uploads\\\/2022\\\/12\\\/LOGO-PERLE-IN-COULEUR@3x.webp\",\"contentUrl\":\"https:\\\/\\\/perle-in.com\\\/wp-content\\\/uploads\\\/2022\\\/12\\\/LOGO-PERLE-IN-COULEUR@3x.webp\",\"width\":1600,\"height\":490,\"caption\":\"PERLE IN\"},\"image\":{\"@id\":\"https:\\\/\\\/perle-in.com\\\/#\\\/schema\\\/logo\\\/image\\\/\"}}]}<\/script>\n<!-- \/ Yoast SEO plugin. -->","yoast_head_json":{"title":"Puzzle Bark en bois - PERLE IN","robots":{"index":"noindex","follow":"follow","max-snippet":"max-snippet:-1","max-image-preview":"max-image-preview:large","max-video-preview":"max-video-preview:-1"},"og_locale":"en_US","og_type":"article","og_title":"Puzzle Bark en bois - PERLE IN","og_description":"D\u00e9couvrez la joie de r\u00e9soudre des \u00e9nigmes avec le puzzle en bois Bark fabriqu\u00e9 avec du bois de h\u00eatre provenant de sources responsables. Il comporte 14\u00a0pi\u00e8ces de puzzle soigneusement con\u00e7ues qui s'embo\u00eetent pour former une image captivante. Que vous soyez un passionn\u00e9 de puzzle ou \u00e0 la recherche d'une activit\u00e9 amusante et relaxante, le puzzle Bark est le choix parfait. Livr\u00e9 dans un coffret cadeau en papier kraft. Avertissement ! Ne convient pas aux enfants de moins de trois ans. Petites pi\u00e8ces. Risque d'\u00e9touffement.","og_url":"https:\/\/perle-in.com\/en\/product\/puzzle-bark-en-bois\/","og_site_name":"PERLE IN","article_modified_time":"2025-10-19T03:46:29+00:00","og_image":[{"width":1600,"height":1600,"url":"https:\/\/perle-in.com\/wp-content\/uploads\/2025\/10\/10456106-1.jpg","type":"image\/jpeg"}],"twitter_card":"summary_large_image","schema":{"@context":"https:\/\/schema.org","@graph":[{"@type":"WebPage","@id":"https:\/\/perle-in.com\/produit\/puzzle-bark-en-bois\/","url":"https:\/\/perle-in.com\/produit\/puzzle-bark-en-bois\/","name":"Puzzle Bark en bois - PERLE IN","isPartOf":{"@id":"https:\/\/perle-in.com\/#website"},"primaryImageOfPage":{"@id":"https:\/\/perle-in.com\/produit\/puzzle-bark-en-bois\/#primaryimage"},"image":{"@id":"https:\/\/perle-in.com\/produit\/puzzle-bark-en-bois\/#primaryimage"},"thumbnailUrl":"https:\/\/perle-in.com\/wp-content\/uploads\/2025\/10\/10456106-1.jpg","datePublished":"2025-10-14T23:21:47+00:00","dateModified":"2025-10-19T03:46:29+00:00","breadcrumb":{"@id":"https:\/\/perle-in.com\/produit\/puzzle-bark-en-bois\/#breadcrumb"},"inLanguage":"en-CA","potentialAction":[{"@type":"ReadAction","target":["https:\/\/perle-in.com\/produit\/puzzle-bark-en-bois\/"]}]},{"@type":"ImageObject","inLanguage":"en-CA","@id":"https:\/\/perle-in.com\/produit\/puzzle-bark-en-bois\/#primaryimage","url":"https:\/\/perle-in.com\/wp-content\/uploads\/2025\/10\/10456106-1.jpg","contentUrl":"https:\/\/perle-in.com\/wp-content\/uploads\/2025\/10\/10456106-1.jpg","width":1600,"height":1600},{"@type":"BreadcrumbList","@id":"https:\/\/perle-in.com\/produit\/puzzle-bark-en-bois\/#breadcrumb","itemListElement":[{"@type":"ListItem","position":1,"name":"Accueil","item":"https:\/\/perle-in.com\/"},{"@type":"ListItem","position":2,"name":"Boutique","item":"https:\/\/perle-in.com\/boutique\/"},{"@type":"ListItem","position":3,"name":"Puzzle Bark en bois"}]},{"@type":"WebSite","@id":"https:\/\/perle-in.com\/#website","url":"https:\/\/perle-in.com\/","name":"PERLE IN","description":"","publisher":{"@id":"https:\/\/perle-in.com\/#organization"},"potentialAction":[{"@type":"SearchAction","target":{"@type":"EntryPoint","urlTemplate":"https:\/\/perle-in.com\/?s={search_term_string}"},"query-input":{"@type":"PropertyValueSpecification","valueRequired":true,"valueName":"search_term_string"}}],"inLanguage":"en-CA"},{"@type":"Organization","@id":"https:\/\/perle-in.com\/#organization","name":"PERLE IN","url":"https:\/\/perle-in.com\/","logo":{"@type":"ImageObject","inLanguage":"en-CA","@id":"https:\/\/perle-in.com\/#\/schema\/logo\/image\/","url":"https:\/\/perle-in.com\/wp-content\/uploads\/2022\/12\/LOGO-PERLE-IN-COULEUR@3x.webp","contentUrl":"https:\/\/perle-in.com\/wp-content\/uploads\/2022\/12\/LOGO-PERLE-IN-COULEUR@3x.webp","width":1600,"height":490,"caption":"PERLE IN"},"image":{"@id":"https:\/\/perle-in.com\/#\/schema\/logo\/image\/"}}]}},"jetpack_sharing_enabled":true,"_links":{"self":[{"href":"https:\/\/perle-in.com\/en\/wp-json\/wp\/v2\/product\/538941","targetHints":{"allow":["GET"]}}],"collection":[{"href":"https:\/\/perle-in.com\/en\/wp-json\/wp\/v2\/product"}],"about":[{"href":"https:\/\/perle-in.com\/en\/wp-json\/wp\/v2\/types\/product"}],"version-history":[{"count":0,"href":"https:\/\/perle-in.com\/en\/wp-json\/wp\/v2\/product\/538941\/revisions"}],"wp:featuredmedia":[{"embeddable":true,"href":"https:\/\/perle-in.com\/en\/wp-json\/wp\/v2\/media\/538933"}],"wp:attachment":[{"href":"https:\/\/perle-in.com\/en\/wp-json\/wp\/v2\/media?parent=538941"}],"wp:term":[{"taxonomy":"product_brand","embeddable":true,"href":"https:\/\/perle-in.com\/en\/wp-json\/wp\/v2\/product_brand?post=538941"},{"taxonomy":"product_cat","embeddable":true,"href":"https:\/\/perle-in.com\/en\/wp-json\/wp\/v2\/product_cat?post=538941"},{"taxonomy":"product_tag","embeddable":true,"href":"https:\/\/perle-in.com\/en\/wp-json\/wp\/v2\/product_tag?post=538941"}],"curies":[{"name":"wp","href":"https:\/\/api.w.org\/{rel}","templated":true}]}}