{"id":538918,"date":"2025-10-15T01:09:41","date_gmt":"2025-10-14T23:09:41","guid":{"rendered":"https:\/\/perle-in.com\/produit\/serviette-de-hammam-anna-en-coton-150-g-m%c2%b2-100-x-180-cm\/"},"modified":"2025-10-19T05:46:29","modified_gmt":"2025-10-19T03:46:29","slug":"serviette-de-hammam-anna-en-coton-150-g-m%c2%b2-100-x-180-cm","status":"publish","type":"product","link":"https:\/\/perle-in.com\/en\/product\/serviette-de-hammam-anna-en-coton-150-g-m%c2%b2-100-x-180-cm\/","title":{"rendered":"Serviette de hammam Anna en coton 150 g\/m\u00b2 100 x 180\u00a0cm"},"content":{"rendered":"","protected":false},"excerpt":{"rendered":"<p>La serviette de hammam Anna en coton 150\u00a0g\/m\u00b2 faite de 100\u00a0% coton, est douce et absorbante et se pr\u00eate \u00e0 de nombreuses utilisations. La serviette s\u00e8che rapidement et est l\u00e9g\u00e8re, pour un transport facile. Certifi\u00e9 STANDARD 100 par OEKO-TEX\u00ae.<\/p>","protected":false},"featured_media":538910,"template":"","meta":{"_eb_attr":""},"product_brand":[],"product_cat":[390,1243],"product_tag":[1786,3268,3269,1800],"class_list":{"0":"post-538918","1":"product","2":"type-product","3":"status-publish","4":"has-post-thumbnail","6":"product_cat-sant-et-hygine-personnelle","7":"product_cat-serviettes","8":"product_tag-coton","9":"product_tag-hammam","10":"product_tag-sauna","11":"product_tag-serviette","12":"pa_couleurs-beige","13":"pa_couleurs-bleu-clair","14":"pa_couleurs-gris","15":"pa_couleurs-marine","16":"pa_couleurs-rouge","17":"pa_matiere-coton-150-g-m2","18":"pa_pays-d-origine-turquie","20":"first","21":"instock","22":"shipping-taxable","23":"purchasable","24":"product-type-variable"},"yoast_head":"<!-- This site is optimized with the Yoast SEO plugin v27.4 - https:\/\/yoast.com\/product\/yoast-seo-wordpress\/ -->\n<title>Serviette de hammam Anna en coton 150 g\/m\u00b2 100 x 180\u00a0cm - PERLE IN<\/title>\n<meta name=\"robots\" content=\"noindex, follow, max-snippet:-1, max-image-preview:large, max-video-preview:-1\" \/>\n<meta property=\"og:locale\" content=\"en_US\" \/>\n<meta property=\"og:type\" content=\"article\" \/>\n<meta property=\"og:title\" content=\"Serviette de hammam Anna en coton 150 g\/m\u00b2 100 x 180\u00a0cm - PERLE IN\" \/>\n<meta property=\"og:description\" content=\"La serviette de hammam Anna en coton 150\u00a0g\/m\u00b2 faite de 100\u00a0% coton, est douce et absorbante et se pr\u00eate \u00e0 de nombreuses utilisations. La serviette s\u00e8che rapidement et est l\u00e9g\u00e8re, pour un transport facile. Certifi\u00e9 STANDARD 100 par OEKO-TEX\u00ae.\" \/>\n<meta property=\"og:url\" content=\"https:\/\/perle-in.com\/en\/product\/serviette-de-hammam-anna-en-coton-150-g-m\u00b2-100-x-180-cm\/\" \/>\n<meta property=\"og:site_name\" content=\"PERLE IN\" \/>\n<meta property=\"article:modified_time\" content=\"2025-10-19T03:46:29+00:00\" \/>\n<meta property=\"og:image\" content=\"https:\/\/perle-in.com\/wp-content\/uploads\/2025\/10\/11333502-1.jpg\" \/>\n\t<meta property=\"og:image:width\" content=\"1600\" \/>\n\t<meta property=\"og:image:height\" content=\"1600\" \/>\n\t<meta property=\"og:image:type\" content=\"image\/jpeg\" \/>\n<meta name=\"twitter:card\" content=\"summary_large_image\" \/>\n<script type=\"application\/ld+json\" class=\"yoast-schema-graph\">{\"@context\":\"https:\\\/\\\/schema.org\",\"@graph\":[{\"@type\":\"WebPage\",\"@id\":\"https:\\\/\\\/perle-in.com\\\/produit\\\/serviette-de-hammam-anna-en-coton-150-g-m%c2%b2-100-x-180-cm\\\/\",\"url\":\"https:\\\/\\\/perle-in.com\\\/produit\\\/serviette-de-hammam-anna-en-coton-150-g-m%c2%b2-100-x-180-cm\\\/\",\"name\":\"Serviette de hammam Anna en coton 150 g\\\/m\u00b2 100 x 180\u00a0cm - PERLE IN\",\"isPartOf\":{\"@id\":\"https:\\\/\\\/perle-in.com\\\/#website\"},\"primaryImageOfPage\":{\"@id\":\"https:\\\/\\\/perle-in.com\\\/produit\\\/serviette-de-hammam-anna-en-coton-150-g-m%c2%b2-100-x-180-cm\\\/#primaryimage\"},\"image\":{\"@id\":\"https:\\\/\\\/perle-in.com\\\/produit\\\/serviette-de-hammam-anna-en-coton-150-g-m%c2%b2-100-x-180-cm\\\/#primaryimage\"},\"thumbnailUrl\":\"https:\\\/\\\/perle-in.com\\\/wp-content\\\/uploads\\\/2025\\\/10\\\/11333502-1.jpg\",\"datePublished\":\"2025-10-14T23:09:41+00:00\",\"dateModified\":\"2025-10-19T03:46:29+00:00\",\"breadcrumb\":{\"@id\":\"https:\\\/\\\/perle-in.com\\\/produit\\\/serviette-de-hammam-anna-en-coton-150-g-m%c2%b2-100-x-180-cm\\\/#breadcrumb\"},\"inLanguage\":\"en-CA\",\"potentialAction\":[{\"@type\":\"ReadAction\",\"target\":[\"https:\\\/\\\/perle-in.com\\\/produit\\\/serviette-de-hammam-anna-en-coton-150-g-m%c2%b2-100-x-180-cm\\\/\"]}]},{\"@type\":\"ImageObject\",\"inLanguage\":\"en-CA\",\"@id\":\"https:\\\/\\\/perle-in.com\\\/produit\\\/serviette-de-hammam-anna-en-coton-150-g-m%c2%b2-100-x-180-cm\\\/#primaryimage\",\"url\":\"https:\\\/\\\/perle-in.com\\\/wp-content\\\/uploads\\\/2025\\\/10\\\/11333502-1.jpg\",\"contentUrl\":\"https:\\\/\\\/perle-in.com\\\/wp-content\\\/uploads\\\/2025\\\/10\\\/11333502-1.jpg\",\"width\":1600,\"height\":1600},{\"@type\":\"BreadcrumbList\",\"@id\":\"https:\\\/\\\/perle-in.com\\\/produit\\\/serviette-de-hammam-anna-en-coton-150-g-m%c2%b2-100-x-180-cm\\\/#breadcrumb\",\"itemListElement\":[{\"@type\":\"ListItem\",\"position\":1,\"name\":\"Accueil\",\"item\":\"https:\\\/\\\/perle-in.com\\\/\"},{\"@type\":\"ListItem\",\"position\":2,\"name\":\"Boutique\",\"item\":\"https:\\\/\\\/perle-in.com\\\/boutique\\\/\"},{\"@type\":\"ListItem\",\"position\":3,\"name\":\"Serviette de hammam Anna en coton 150 g\\\/m\u00b2 100 x 180\u00a0cm\"}]},{\"@type\":\"WebSite\",\"@id\":\"https:\\\/\\\/perle-in.com\\\/#website\",\"url\":\"https:\\\/\\\/perle-in.com\\\/\",\"name\":\"PERLE IN\",\"description\":\"\",\"publisher\":{\"@id\":\"https:\\\/\\\/perle-in.com\\\/#organization\"},\"potentialAction\":[{\"@type\":\"SearchAction\",\"target\":{\"@type\":\"EntryPoint\",\"urlTemplate\":\"https:\\\/\\\/perle-in.com\\\/?s={search_term_string}\"},\"query-input\":{\"@type\":\"PropertyValueSpecification\",\"valueRequired\":true,\"valueName\":\"search_term_string\"}}],\"inLanguage\":\"en-CA\"},{\"@type\":\"Organization\",\"@id\":\"https:\\\/\\\/perle-in.com\\\/#organization\",\"name\":\"PERLE IN\",\"url\":\"https:\\\/\\\/perle-in.com\\\/\",\"logo\":{\"@type\":\"ImageObject\",\"inLanguage\":\"en-CA\",\"@id\":\"https:\\\/\\\/perle-in.com\\\/#\\\/schema\\\/logo\\\/image\\\/\",\"url\":\"https:\\\/\\\/perle-in.com\\\/wp-content\\\/uploads\\\/2022\\\/12\\\/LOGO-PERLE-IN-COULEUR@3x.webp\",\"contentUrl\":\"https:\\\/\\\/perle-in.com\\\/wp-content\\\/uploads\\\/2022\\\/12\\\/LOGO-PERLE-IN-COULEUR@3x.webp\",\"width\":1600,\"height\":490,\"caption\":\"PERLE IN\"},\"image\":{\"@id\":\"https:\\\/\\\/perle-in.com\\\/#\\\/schema\\\/logo\\\/image\\\/\"}}]}<\/script>\n<!-- \/ Yoast SEO plugin. -->","yoast_head_json":{"title":"Serviette de hammam Anna en coton 150 g\/m\u00b2 100 x 180\u00a0cm - PERLE IN","robots":{"index":"noindex","follow":"follow","max-snippet":"max-snippet:-1","max-image-preview":"max-image-preview:large","max-video-preview":"max-video-preview:-1"},"og_locale":"en_US","og_type":"article","og_title":"Serviette de hammam Anna en coton 150 g\/m\u00b2 100 x 180\u00a0cm - PERLE IN","og_description":"La serviette de hammam Anna en coton 150\u00a0g\/m\u00b2 faite de 100\u00a0% coton, est douce et absorbante et se pr\u00eate \u00e0 de nombreuses utilisations. La serviette s\u00e8che rapidement et est l\u00e9g\u00e8re, pour un transport facile. Certifi\u00e9 STANDARD 100 par OEKO-TEX\u00ae.","og_url":"https:\/\/perle-in.com\/en\/product\/serviette-de-hammam-anna-en-coton-150-g-m\u00b2-100-x-180-cm\/","og_site_name":"PERLE IN","article_modified_time":"2025-10-19T03:46:29+00:00","og_image":[{"width":1600,"height":1600,"url":"https:\/\/perle-in.com\/wp-content\/uploads\/2025\/10\/11333502-1.jpg","type":"image\/jpeg"}],"twitter_card":"summary_large_image","schema":{"@context":"https:\/\/schema.org","@graph":[{"@type":"WebPage","@id":"https:\/\/perle-in.com\/produit\/serviette-de-hammam-anna-en-coton-150-g-m%c2%b2-100-x-180-cm\/","url":"https:\/\/perle-in.com\/produit\/serviette-de-hammam-anna-en-coton-150-g-m%c2%b2-100-x-180-cm\/","name":"Serviette de hammam Anna en coton 150 g\/m\u00b2 100 x 180\u00a0cm - PERLE IN","isPartOf":{"@id":"https:\/\/perle-in.com\/#website"},"primaryImageOfPage":{"@id":"https:\/\/perle-in.com\/produit\/serviette-de-hammam-anna-en-coton-150-g-m%c2%b2-100-x-180-cm\/#primaryimage"},"image":{"@id":"https:\/\/perle-in.com\/produit\/serviette-de-hammam-anna-en-coton-150-g-m%c2%b2-100-x-180-cm\/#primaryimage"},"thumbnailUrl":"https:\/\/perle-in.com\/wp-content\/uploads\/2025\/10\/11333502-1.jpg","datePublished":"2025-10-14T23:09:41+00:00","dateModified":"2025-10-19T03:46:29+00:00","breadcrumb":{"@id":"https:\/\/perle-in.com\/produit\/serviette-de-hammam-anna-en-coton-150-g-m%c2%b2-100-x-180-cm\/#breadcrumb"},"inLanguage":"en-CA","potentialAction":[{"@type":"ReadAction","target":["https:\/\/perle-in.com\/produit\/serviette-de-hammam-anna-en-coton-150-g-m%c2%b2-100-x-180-cm\/"]}]},{"@type":"ImageObject","inLanguage":"en-CA","@id":"https:\/\/perle-in.com\/produit\/serviette-de-hammam-anna-en-coton-150-g-m%c2%b2-100-x-180-cm\/#primaryimage","url":"https:\/\/perle-in.com\/wp-content\/uploads\/2025\/10\/11333502-1.jpg","contentUrl":"https:\/\/perle-in.com\/wp-content\/uploads\/2025\/10\/11333502-1.jpg","width":1600,"height":1600},{"@type":"BreadcrumbList","@id":"https:\/\/perle-in.com\/produit\/serviette-de-hammam-anna-en-coton-150-g-m%c2%b2-100-x-180-cm\/#breadcrumb","itemListElement":[{"@type":"ListItem","position":1,"name":"Accueil","item":"https:\/\/perle-in.com\/"},{"@type":"ListItem","position":2,"name":"Boutique","item":"https:\/\/perle-in.com\/boutique\/"},{"@type":"ListItem","position":3,"name":"Serviette de hammam Anna en coton 150 g\/m\u00b2 100 x 180\u00a0cm"}]},{"@type":"WebSite","@id":"https:\/\/perle-in.com\/#website","url":"https:\/\/perle-in.com\/","name":"PERLE IN","description":"","publisher":{"@id":"https:\/\/perle-in.com\/#organization"},"potentialAction":[{"@type":"SearchAction","target":{"@type":"EntryPoint","urlTemplate":"https:\/\/perle-in.com\/?s={search_term_string}"},"query-input":{"@type":"PropertyValueSpecification","valueRequired":true,"valueName":"search_term_string"}}],"inLanguage":"en-CA"},{"@type":"Organization","@id":"https:\/\/perle-in.com\/#organization","name":"PERLE IN","url":"https:\/\/perle-in.com\/","logo":{"@type":"ImageObject","inLanguage":"en-CA","@id":"https:\/\/perle-in.com\/#\/schema\/logo\/image\/","url":"https:\/\/perle-in.com\/wp-content\/uploads\/2022\/12\/LOGO-PERLE-IN-COULEUR@3x.webp","contentUrl":"https:\/\/perle-in.com\/wp-content\/uploads\/2022\/12\/LOGO-PERLE-IN-COULEUR@3x.webp","width":1600,"height":490,"caption":"PERLE IN"},"image":{"@id":"https:\/\/perle-in.com\/#\/schema\/logo\/image\/"}}]}},"jetpack_sharing_enabled":true,"_links":{"self":[{"href":"https:\/\/perle-in.com\/en\/wp-json\/wp\/v2\/product\/538918","targetHints":{"allow":["GET"]}}],"collection":[{"href":"https:\/\/perle-in.com\/en\/wp-json\/wp\/v2\/product"}],"about":[{"href":"https:\/\/perle-in.com\/en\/wp-json\/wp\/v2\/types\/product"}],"version-history":[{"count":0,"href":"https:\/\/perle-in.com\/en\/wp-json\/wp\/v2\/product\/538918\/revisions"}],"wp:featuredmedia":[{"embeddable":true,"href":"https:\/\/perle-in.com\/en\/wp-json\/wp\/v2\/media\/538910"}],"wp:attachment":[{"href":"https:\/\/perle-in.com\/en\/wp-json\/wp\/v2\/media?parent=538918"}],"wp:term":[{"taxonomy":"product_brand","embeddable":true,"href":"https:\/\/perle-in.com\/en\/wp-json\/wp\/v2\/product_brand?post=538918"},{"taxonomy":"product_cat","embeddable":true,"href":"https:\/\/perle-in.com\/en\/wp-json\/wp\/v2\/product_cat?post=538918"},{"taxonomy":"product_tag","embeddable":true,"href":"https:\/\/perle-in.com\/en\/wp-json\/wp\/v2\/product_tag?post=538918"}],"curies":[{"name":"wp","href":"https:\/\/api.w.org\/{rel}","templated":true}]}}