{"id":538908,"date":"2025-10-15T01:09:10","date_gmt":"2025-10-14T23:09:10","guid":{"rendered":"https:\/\/perle-in.com\/produit\/cable-de-recharge-tecta-6-en-1-en-plastique-recycle-bambou-avec-porte-cles\/"},"modified":"2025-10-19T05:46:28","modified_gmt":"2025-10-19T03:46:28","slug":"cable-de-recharge-tecta-6-en-1-en-plastique-recycle-bambou-avec-porte-cles","status":"publish","type":"product","link":"https:\/\/perle-in.com\/en\/product\/cable-de-recharge-tecta-6-en-1-en-plastique-recycle-bambou-avec-porte-cles\/","title":{"rendered":"C\u00e2ble de recharge Tecta 6-en-1 en plastique recycl\u00e9\/bambou avec porte-cl\u00e9s"},"content":{"rendered":"","protected":false},"excerpt":{"rendered":"<p>Le c\u00e2ble de recharge 6-en-1 en bambou et plastique recycl\u00e9 Tecta combine la durabilit\u00e9 et le style. D&#8217;une longueur de 25\u00a0cm, ce c\u00e2ble RTPE d\u00e9livre une puissance de charge de 2\u00a0A. Entr\u00e9e\u00a0: USB A et Type-C. Sortie\u00a0: Type-C, micro USB et micro USB 2-en-1 et embouts doubles Lightning compatibles avec les appareils iOS et Android. Les embouts USB en aluminium fournissent une connexion s\u00e9curis\u00e9e et stable, assurant une charge fiable \u00e0 chaque fois. Le porte-cl\u00e9s en acier inoxydable argent\u00e9 est un moyen pratique d&#8217;organiser et de transporter le c\u00e2ble. Emball\u00e9 dans une enveloppe en papier Kraft recycl\u00e9.<\/p>","protected":false},"featured_media":538900,"template":"","meta":{"_eb_attr":""},"product_brand":[],"product_cat":[1206,667],"product_tag":[1128,1983,816,814,837,836],"class_list":{"0":"post-538908","1":"product","2":"type-product","3":"status-publish","4":"has-post-thumbnail","6":"product_cat-cables","7":"product_cat-technologie","8":"product_tag-bambou","9":"product_tag-cable","10":"product_tag-charge","11":"product_tag-chargement","12":"product_tag-durable","13":"product_tag-recycle","14":"pa_couleurs-noir","15":"pa_green-points-1501","16":"pa_matiere-plastique-recycle-abs-bambou","18":"first","19":"instock","20":"shipping-taxable","21":"purchasable","22":"product-type-variable"},"yoast_head":"<!-- This site is optimized with the Yoast SEO plugin v27.4 - https:\/\/yoast.com\/product\/yoast-seo-wordpress\/ -->\n<title>C\u00e2ble de recharge Tecta 6-en-1 en plastique recycl\u00e9\/bambou avec porte-cl\u00e9s - PERLE IN<\/title>\n<meta name=\"robots\" content=\"noindex, follow, max-snippet:-1, max-image-preview:large, max-video-preview:-1\" \/>\n<meta property=\"og:locale\" content=\"en_US\" \/>\n<meta property=\"og:type\" content=\"article\" \/>\n<meta property=\"og:title\" content=\"C\u00e2ble de recharge Tecta 6-en-1 en plastique recycl\u00e9\/bambou avec porte-cl\u00e9s - PERLE IN\" \/>\n<meta property=\"og:description\" content=\"Le c\u00e2ble de recharge 6-en-1 en bambou et plastique recycl\u00e9 Tecta combine la durabilit\u00e9 et le style. D&#039;une longueur de 25\u00a0cm, ce c\u00e2ble RTPE d\u00e9livre une puissance de charge de 2\u00a0A. Entr\u00e9e\u00a0: USB A et Type-C. Sortie\u00a0: Type-C, micro USB et micro USB 2-en-1 et embouts doubles Lightning compatibles avec les appareils iOS et Android. Les embouts USB en aluminium fournissent une connexion s\u00e9curis\u00e9e et stable, assurant une charge fiable \u00e0 chaque fois. Le porte-cl\u00e9s en acier inoxydable argent\u00e9 est un moyen pratique d&#039;organiser et de transporter le c\u00e2ble. Emball\u00e9 dans une enveloppe en papier Kraft recycl\u00e9.\" \/>\n<meta property=\"og:url\" content=\"https:\/\/perle-in.com\/en\/product\/cable-de-recharge-tecta-6-en-1-en-plastique-recycle-bambou-avec-porte-cles\/\" \/>\n<meta property=\"og:site_name\" content=\"PERLE IN\" \/>\n<meta property=\"article:modified_time\" content=\"2025-10-19T03:46:28+00:00\" \/>\n<meta property=\"og:image\" content=\"https:\/\/perle-in.com\/wp-content\/uploads\/2025\/10\/12432590-1.jpg\" \/>\n\t<meta property=\"og:image:width\" content=\"1600\" \/>\n\t<meta property=\"og:image:height\" content=\"1600\" \/>\n\t<meta property=\"og:image:type\" content=\"image\/jpeg\" \/>\n<meta name=\"twitter:card\" content=\"summary_large_image\" \/>\n<script type=\"application\/ld+json\" class=\"yoast-schema-graph\">{\"@context\":\"https:\\\/\\\/schema.org\",\"@graph\":[{\"@type\":\"WebPage\",\"@id\":\"https:\\\/\\\/perle-in.com\\\/produit\\\/cable-de-recharge-tecta-6-en-1-en-plastique-recycle-bambou-avec-porte-cles\\\/\",\"url\":\"https:\\\/\\\/perle-in.com\\\/produit\\\/cable-de-recharge-tecta-6-en-1-en-plastique-recycle-bambou-avec-porte-cles\\\/\",\"name\":\"C\u00e2ble de recharge Tecta 6-en-1 en plastique recycl\u00e9\\\/bambou avec porte-cl\u00e9s - PERLE IN\",\"isPartOf\":{\"@id\":\"https:\\\/\\\/perle-in.com\\\/#website\"},\"primaryImageOfPage\":{\"@id\":\"https:\\\/\\\/perle-in.com\\\/produit\\\/cable-de-recharge-tecta-6-en-1-en-plastique-recycle-bambou-avec-porte-cles\\\/#primaryimage\"},\"image\":{\"@id\":\"https:\\\/\\\/perle-in.com\\\/produit\\\/cable-de-recharge-tecta-6-en-1-en-plastique-recycle-bambou-avec-porte-cles\\\/#primaryimage\"},\"thumbnailUrl\":\"https:\\\/\\\/perle-in.com\\\/wp-content\\\/uploads\\\/2025\\\/10\\\/12432590-1.jpg\",\"datePublished\":\"2025-10-14T23:09:10+00:00\",\"dateModified\":\"2025-10-19T03:46:28+00:00\",\"breadcrumb\":{\"@id\":\"https:\\\/\\\/perle-in.com\\\/produit\\\/cable-de-recharge-tecta-6-en-1-en-plastique-recycle-bambou-avec-porte-cles\\\/#breadcrumb\"},\"inLanguage\":\"en-CA\",\"potentialAction\":[{\"@type\":\"ReadAction\",\"target\":[\"https:\\\/\\\/perle-in.com\\\/produit\\\/cable-de-recharge-tecta-6-en-1-en-plastique-recycle-bambou-avec-porte-cles\\\/\"]}]},{\"@type\":\"ImageObject\",\"inLanguage\":\"en-CA\",\"@id\":\"https:\\\/\\\/perle-in.com\\\/produit\\\/cable-de-recharge-tecta-6-en-1-en-plastique-recycle-bambou-avec-porte-cles\\\/#primaryimage\",\"url\":\"https:\\\/\\\/perle-in.com\\\/wp-content\\\/uploads\\\/2025\\\/10\\\/12432590-1.jpg\",\"contentUrl\":\"https:\\\/\\\/perle-in.com\\\/wp-content\\\/uploads\\\/2025\\\/10\\\/12432590-1.jpg\",\"width\":1600,\"height\":1600},{\"@type\":\"BreadcrumbList\",\"@id\":\"https:\\\/\\\/perle-in.com\\\/produit\\\/cable-de-recharge-tecta-6-en-1-en-plastique-recycle-bambou-avec-porte-cles\\\/#breadcrumb\",\"itemListElement\":[{\"@type\":\"ListItem\",\"position\":1,\"name\":\"Accueil\",\"item\":\"https:\\\/\\\/perle-in.com\\\/\"},{\"@type\":\"ListItem\",\"position\":2,\"name\":\"Boutique\",\"item\":\"https:\\\/\\\/perle-in.com\\\/boutique\\\/\"},{\"@type\":\"ListItem\",\"position\":3,\"name\":\"C\u00e2ble de recharge Tecta 6-en-1 en plastique recycl\u00e9\\\/bambou avec porte-cl\u00e9s\"}]},{\"@type\":\"WebSite\",\"@id\":\"https:\\\/\\\/perle-in.com\\\/#website\",\"url\":\"https:\\\/\\\/perle-in.com\\\/\",\"name\":\"PERLE IN\",\"description\":\"\",\"publisher\":{\"@id\":\"https:\\\/\\\/perle-in.com\\\/#organization\"},\"potentialAction\":[{\"@type\":\"SearchAction\",\"target\":{\"@type\":\"EntryPoint\",\"urlTemplate\":\"https:\\\/\\\/perle-in.com\\\/?s={search_term_string}\"},\"query-input\":{\"@type\":\"PropertyValueSpecification\",\"valueRequired\":true,\"valueName\":\"search_term_string\"}}],\"inLanguage\":\"en-CA\"},{\"@type\":\"Organization\",\"@id\":\"https:\\\/\\\/perle-in.com\\\/#organization\",\"name\":\"PERLE IN\",\"url\":\"https:\\\/\\\/perle-in.com\\\/\",\"logo\":{\"@type\":\"ImageObject\",\"inLanguage\":\"en-CA\",\"@id\":\"https:\\\/\\\/perle-in.com\\\/#\\\/schema\\\/logo\\\/image\\\/\",\"url\":\"https:\\\/\\\/perle-in.com\\\/wp-content\\\/uploads\\\/2022\\\/12\\\/LOGO-PERLE-IN-COULEUR@3x.webp\",\"contentUrl\":\"https:\\\/\\\/perle-in.com\\\/wp-content\\\/uploads\\\/2022\\\/12\\\/LOGO-PERLE-IN-COULEUR@3x.webp\",\"width\":1600,\"height\":490,\"caption\":\"PERLE IN\"},\"image\":{\"@id\":\"https:\\\/\\\/perle-in.com\\\/#\\\/schema\\\/logo\\\/image\\\/\"}}]}<\/script>\n<!-- \/ Yoast SEO plugin. -->","yoast_head_json":{"title":"C\u00e2ble de recharge Tecta 6-en-1 en plastique recycl\u00e9\/bambou avec porte-cl\u00e9s - PERLE IN","robots":{"index":"noindex","follow":"follow","max-snippet":"max-snippet:-1","max-image-preview":"max-image-preview:large","max-video-preview":"max-video-preview:-1"},"og_locale":"en_US","og_type":"article","og_title":"C\u00e2ble de recharge Tecta 6-en-1 en plastique recycl\u00e9\/bambou avec porte-cl\u00e9s - PERLE IN","og_description":"Le c\u00e2ble de recharge 6-en-1 en bambou et plastique recycl\u00e9 Tecta combine la durabilit\u00e9 et le style. D'une longueur de 25\u00a0cm, ce c\u00e2ble RTPE d\u00e9livre une puissance de charge de 2\u00a0A. Entr\u00e9e\u00a0: USB A et Type-C. Sortie\u00a0: Type-C, micro USB et micro USB 2-en-1 et embouts doubles Lightning compatibles avec les appareils iOS et Android. Les embouts USB en aluminium fournissent une connexion s\u00e9curis\u00e9e et stable, assurant une charge fiable \u00e0 chaque fois. Le porte-cl\u00e9s en acier inoxydable argent\u00e9 est un moyen pratique d'organiser et de transporter le c\u00e2ble. Emball\u00e9 dans une enveloppe en papier Kraft recycl\u00e9.","og_url":"https:\/\/perle-in.com\/en\/product\/cable-de-recharge-tecta-6-en-1-en-plastique-recycle-bambou-avec-porte-cles\/","og_site_name":"PERLE IN","article_modified_time":"2025-10-19T03:46:28+00:00","og_image":[{"width":1600,"height":1600,"url":"https:\/\/perle-in.com\/wp-content\/uploads\/2025\/10\/12432590-1.jpg","type":"image\/jpeg"}],"twitter_card":"summary_large_image","schema":{"@context":"https:\/\/schema.org","@graph":[{"@type":"WebPage","@id":"https:\/\/perle-in.com\/produit\/cable-de-recharge-tecta-6-en-1-en-plastique-recycle-bambou-avec-porte-cles\/","url":"https:\/\/perle-in.com\/produit\/cable-de-recharge-tecta-6-en-1-en-plastique-recycle-bambou-avec-porte-cles\/","name":"C\u00e2ble de recharge Tecta 6-en-1 en plastique recycl\u00e9\/bambou avec porte-cl\u00e9s - PERLE IN","isPartOf":{"@id":"https:\/\/perle-in.com\/#website"},"primaryImageOfPage":{"@id":"https:\/\/perle-in.com\/produit\/cable-de-recharge-tecta-6-en-1-en-plastique-recycle-bambou-avec-porte-cles\/#primaryimage"},"image":{"@id":"https:\/\/perle-in.com\/produit\/cable-de-recharge-tecta-6-en-1-en-plastique-recycle-bambou-avec-porte-cles\/#primaryimage"},"thumbnailUrl":"https:\/\/perle-in.com\/wp-content\/uploads\/2025\/10\/12432590-1.jpg","datePublished":"2025-10-14T23:09:10+00:00","dateModified":"2025-10-19T03:46:28+00:00","breadcrumb":{"@id":"https:\/\/perle-in.com\/produit\/cable-de-recharge-tecta-6-en-1-en-plastique-recycle-bambou-avec-porte-cles\/#breadcrumb"},"inLanguage":"en-CA","potentialAction":[{"@type":"ReadAction","target":["https:\/\/perle-in.com\/produit\/cable-de-recharge-tecta-6-en-1-en-plastique-recycle-bambou-avec-porte-cles\/"]}]},{"@type":"ImageObject","inLanguage":"en-CA","@id":"https:\/\/perle-in.com\/produit\/cable-de-recharge-tecta-6-en-1-en-plastique-recycle-bambou-avec-porte-cles\/#primaryimage","url":"https:\/\/perle-in.com\/wp-content\/uploads\/2025\/10\/12432590-1.jpg","contentUrl":"https:\/\/perle-in.com\/wp-content\/uploads\/2025\/10\/12432590-1.jpg","width":1600,"height":1600},{"@type":"BreadcrumbList","@id":"https:\/\/perle-in.com\/produit\/cable-de-recharge-tecta-6-en-1-en-plastique-recycle-bambou-avec-porte-cles\/#breadcrumb","itemListElement":[{"@type":"ListItem","position":1,"name":"Accueil","item":"https:\/\/perle-in.com\/"},{"@type":"ListItem","position":2,"name":"Boutique","item":"https:\/\/perle-in.com\/boutique\/"},{"@type":"ListItem","position":3,"name":"C\u00e2ble de recharge Tecta 6-en-1 en plastique recycl\u00e9\/bambou avec porte-cl\u00e9s"}]},{"@type":"WebSite","@id":"https:\/\/perle-in.com\/#website","url":"https:\/\/perle-in.com\/","name":"PERLE IN","description":"","publisher":{"@id":"https:\/\/perle-in.com\/#organization"},"potentialAction":[{"@type":"SearchAction","target":{"@type":"EntryPoint","urlTemplate":"https:\/\/perle-in.com\/?s={search_term_string}"},"query-input":{"@type":"PropertyValueSpecification","valueRequired":true,"valueName":"search_term_string"}}],"inLanguage":"en-CA"},{"@type":"Organization","@id":"https:\/\/perle-in.com\/#organization","name":"PERLE IN","url":"https:\/\/perle-in.com\/","logo":{"@type":"ImageObject","inLanguage":"en-CA","@id":"https:\/\/perle-in.com\/#\/schema\/logo\/image\/","url":"https:\/\/perle-in.com\/wp-content\/uploads\/2022\/12\/LOGO-PERLE-IN-COULEUR@3x.webp","contentUrl":"https:\/\/perle-in.com\/wp-content\/uploads\/2022\/12\/LOGO-PERLE-IN-COULEUR@3x.webp","width":1600,"height":490,"caption":"PERLE IN"},"image":{"@id":"https:\/\/perle-in.com\/#\/schema\/logo\/image\/"}}]}},"jetpack_sharing_enabled":true,"_links":{"self":[{"href":"https:\/\/perle-in.com\/en\/wp-json\/wp\/v2\/product\/538908","targetHints":{"allow":["GET"]}}],"collection":[{"href":"https:\/\/perle-in.com\/en\/wp-json\/wp\/v2\/product"}],"about":[{"href":"https:\/\/perle-in.com\/en\/wp-json\/wp\/v2\/types\/product"}],"version-history":[{"count":0,"href":"https:\/\/perle-in.com\/en\/wp-json\/wp\/v2\/product\/538908\/revisions"}],"wp:featuredmedia":[{"embeddable":true,"href":"https:\/\/perle-in.com\/en\/wp-json\/wp\/v2\/media\/538900"}],"wp:attachment":[{"href":"https:\/\/perle-in.com\/en\/wp-json\/wp\/v2\/media?parent=538908"}],"wp:term":[{"taxonomy":"product_brand","embeddable":true,"href":"https:\/\/perle-in.com\/en\/wp-json\/wp\/v2\/product_brand?post=538908"},{"taxonomy":"product_cat","embeddable":true,"href":"https:\/\/perle-in.com\/en\/wp-json\/wp\/v2\/product_cat?post=538908"},{"taxonomy":"product_tag","embeddable":true,"href":"https:\/\/perle-in.com\/en\/wp-json\/wp\/v2\/product_tag?post=538908"}],"curies":[{"name":"wp","href":"https:\/\/api.w.org\/{rel}","templated":true}]}}