{"id":538886,"date":"2025-10-15T01:08:07","date_gmt":"2025-10-14T23:08:07","guid":{"rendered":"https:\/\/perle-in.com\/produit\/batterie-de-secours-loop-de-20-000-mah-en-plastique-recycle\/"},"modified":"2025-10-19T05:46:28","modified_gmt":"2025-10-19T03:46:28","slug":"batterie-de-secours-loop-de-20-000-mah-en-plastique-recycle","status":"publish","type":"product","link":"https:\/\/perle-in.com\/en\/product\/batterie-de-secours-loop-de-20-000-mah-en-plastique-recycle\/","title":{"rendered":"Batterie de secours Loop de 20\u00a0000\u00a0mAh en plastique recycl\u00e9"},"content":{"rendered":"","protected":false},"excerpt":{"rendered":"<p>Batterie de secours en plastique ABS recycl\u00e9. La batterie de secours contient une batterie au lithium-polym\u00e8re de qualit\u00e9 A de 20\u00a0000\u00a0mAh de longue dur\u00e9e pour une charge rapide. Les indicateurs de puissance montrent le niveau d&#8217;\u00e9nergie restant afin que vous sachiez toujours \u00e0 quel moment recharger. Entr\u00e9e Type-C 5\u00a0V\/2\u00a0A, entr\u00e9e Micro USB 5\u00a0V\/2\u00a0A, sortie double USB-A 5\u00a0V\/2\u00a0A, puissance totale de 10\u00a0W. Livr\u00e9e avec un c\u00e2ble de charge de 30\u00a0cm TPE 2\u00a0A USB-A vers Type-C, un manuel d&#8217;instructions et un coffret cadeau en papier Kraft.<\/p>","protected":false},"featured_media":538876,"template":"","meta":{"_eb_attr":""},"product_brand":[],"product_cat":[811,667],"product_tag":[812,939,814,815,837,948,947,836],"class_list":{"0":"post-538886","1":"product","2":"type-product","3":"status-publish","4":"has-post-thumbnail","6":"product_cat-batteries-externes","7":"product_cat-technologie","8":"product_tag-batterie-de-secours","9":"product_tag-batteries","10":"product_tag-chargement","11":"product_tag-chargeur","12":"product_tag-durable","13":"product_tag-power-bank","14":"product_tag-powerbank","15":"product_tag-recycle","16":"pa_couleurs-noir","17":"pa_green-points-2847","18":"pa_matiere-plastique-recycle-abs","20":"first","21":"instock","22":"shipping-taxable","23":"purchasable","24":"product-type-variable"},"yoast_head":"<!-- This site is optimized with the Yoast SEO plugin v27.4 - https:\/\/yoast.com\/product\/yoast-seo-wordpress\/ -->\n<title>Batterie de secours Loop de 20\u00a0000\u00a0mAh en plastique recycl\u00e9 - PERLE IN<\/title>\n<meta name=\"robots\" content=\"noindex, follow, max-snippet:-1, max-image-preview:large, max-video-preview:-1\" \/>\n<meta property=\"og:locale\" content=\"en_US\" \/>\n<meta property=\"og:type\" content=\"article\" \/>\n<meta property=\"og:title\" content=\"Batterie de secours Loop de 20\u00a0000\u00a0mAh en plastique recycl\u00e9 - PERLE IN\" \/>\n<meta property=\"og:description\" content=\"Batterie de secours en plastique ABS recycl\u00e9. La batterie de secours contient une batterie au lithium-polym\u00e8re de qualit\u00e9 A de 20\u00a0000\u00a0mAh de longue dur\u00e9e pour une charge rapide. Les indicateurs de puissance montrent le niveau d&#039;\u00e9nergie restant afin que vous sachiez toujours \u00e0 quel moment recharger. Entr\u00e9e Type-C 5\u00a0V\/2\u00a0A, entr\u00e9e Micro USB 5\u00a0V\/2\u00a0A, sortie double USB-A 5\u00a0V\/2\u00a0A, puissance totale de 10\u00a0W. Livr\u00e9e avec un c\u00e2ble de charge de 30\u00a0cm TPE 2\u00a0A USB-A vers Type-C, un manuel d&#039;instructions et un coffret cadeau en papier Kraft.\" \/>\n<meta property=\"og:url\" content=\"https:\/\/perle-in.com\/en\/product\/batterie-de-secours-loop-de-20-000-mah-en-plastique-recycle\/\" \/>\n<meta property=\"og:site_name\" content=\"PERLE IN\" \/>\n<meta property=\"article:modified_time\" content=\"2025-10-19T03:46:28+00:00\" \/>\n<meta property=\"og:image\" content=\"https:\/\/perle-in.com\/wp-content\/uploads\/2025\/10\/12432290-1.jpg\" \/>\n\t<meta property=\"og:image:width\" content=\"1600\" \/>\n\t<meta property=\"og:image:height\" content=\"1600\" \/>\n\t<meta property=\"og:image:type\" content=\"image\/jpeg\" \/>\n<meta name=\"twitter:card\" content=\"summary_large_image\" \/>\n<script type=\"application\/ld+json\" class=\"yoast-schema-graph\">{\"@context\":\"https:\\\/\\\/schema.org\",\"@graph\":[{\"@type\":\"WebPage\",\"@id\":\"https:\\\/\\\/perle-in.com\\\/produit\\\/batterie-de-secours-loop-de-20-000-mah-en-plastique-recycle\\\/\",\"url\":\"https:\\\/\\\/perle-in.com\\\/produit\\\/batterie-de-secours-loop-de-20-000-mah-en-plastique-recycle\\\/\",\"name\":\"Batterie de secours Loop de 20\u00a0000\u00a0mAh en plastique recycl\u00e9 - PERLE IN\",\"isPartOf\":{\"@id\":\"https:\\\/\\\/perle-in.com\\\/#website\"},\"primaryImageOfPage\":{\"@id\":\"https:\\\/\\\/perle-in.com\\\/produit\\\/batterie-de-secours-loop-de-20-000-mah-en-plastique-recycle\\\/#primaryimage\"},\"image\":{\"@id\":\"https:\\\/\\\/perle-in.com\\\/produit\\\/batterie-de-secours-loop-de-20-000-mah-en-plastique-recycle\\\/#primaryimage\"},\"thumbnailUrl\":\"https:\\\/\\\/perle-in.com\\\/wp-content\\\/uploads\\\/2025\\\/10\\\/12432290-1.jpg\",\"datePublished\":\"2025-10-14T23:08:07+00:00\",\"dateModified\":\"2025-10-19T03:46:28+00:00\",\"breadcrumb\":{\"@id\":\"https:\\\/\\\/perle-in.com\\\/produit\\\/batterie-de-secours-loop-de-20-000-mah-en-plastique-recycle\\\/#breadcrumb\"},\"inLanguage\":\"en-CA\",\"potentialAction\":[{\"@type\":\"ReadAction\",\"target\":[\"https:\\\/\\\/perle-in.com\\\/produit\\\/batterie-de-secours-loop-de-20-000-mah-en-plastique-recycle\\\/\"]}]},{\"@type\":\"ImageObject\",\"inLanguage\":\"en-CA\",\"@id\":\"https:\\\/\\\/perle-in.com\\\/produit\\\/batterie-de-secours-loop-de-20-000-mah-en-plastique-recycle\\\/#primaryimage\",\"url\":\"https:\\\/\\\/perle-in.com\\\/wp-content\\\/uploads\\\/2025\\\/10\\\/12432290-1.jpg\",\"contentUrl\":\"https:\\\/\\\/perle-in.com\\\/wp-content\\\/uploads\\\/2025\\\/10\\\/12432290-1.jpg\",\"width\":1600,\"height\":1600},{\"@type\":\"BreadcrumbList\",\"@id\":\"https:\\\/\\\/perle-in.com\\\/produit\\\/batterie-de-secours-loop-de-20-000-mah-en-plastique-recycle\\\/#breadcrumb\",\"itemListElement\":[{\"@type\":\"ListItem\",\"position\":1,\"name\":\"Accueil\",\"item\":\"https:\\\/\\\/perle-in.com\\\/\"},{\"@type\":\"ListItem\",\"position\":2,\"name\":\"Boutique\",\"item\":\"https:\\\/\\\/perle-in.com\\\/boutique\\\/\"},{\"@type\":\"ListItem\",\"position\":3,\"name\":\"Batterie de secours Loop de 20\u00a0000\u00a0mAh en plastique recycl\u00e9\"}]},{\"@type\":\"WebSite\",\"@id\":\"https:\\\/\\\/perle-in.com\\\/#website\",\"url\":\"https:\\\/\\\/perle-in.com\\\/\",\"name\":\"PERLE IN\",\"description\":\"\",\"publisher\":{\"@id\":\"https:\\\/\\\/perle-in.com\\\/#organization\"},\"potentialAction\":[{\"@type\":\"SearchAction\",\"target\":{\"@type\":\"EntryPoint\",\"urlTemplate\":\"https:\\\/\\\/perle-in.com\\\/?s={search_term_string}\"},\"query-input\":{\"@type\":\"PropertyValueSpecification\",\"valueRequired\":true,\"valueName\":\"search_term_string\"}}],\"inLanguage\":\"en-CA\"},{\"@type\":\"Organization\",\"@id\":\"https:\\\/\\\/perle-in.com\\\/#organization\",\"name\":\"PERLE IN\",\"url\":\"https:\\\/\\\/perle-in.com\\\/\",\"logo\":{\"@type\":\"ImageObject\",\"inLanguage\":\"en-CA\",\"@id\":\"https:\\\/\\\/perle-in.com\\\/#\\\/schema\\\/logo\\\/image\\\/\",\"url\":\"https:\\\/\\\/perle-in.com\\\/wp-content\\\/uploads\\\/2022\\\/12\\\/LOGO-PERLE-IN-COULEUR@3x.webp\",\"contentUrl\":\"https:\\\/\\\/perle-in.com\\\/wp-content\\\/uploads\\\/2022\\\/12\\\/LOGO-PERLE-IN-COULEUR@3x.webp\",\"width\":1600,\"height\":490,\"caption\":\"PERLE IN\"},\"image\":{\"@id\":\"https:\\\/\\\/perle-in.com\\\/#\\\/schema\\\/logo\\\/image\\\/\"}}]}<\/script>\n<!-- \/ Yoast SEO plugin. -->","yoast_head_json":{"title":"Batterie de secours Loop de 20\u00a0000\u00a0mAh en plastique recycl\u00e9 - PERLE IN","robots":{"index":"noindex","follow":"follow","max-snippet":"max-snippet:-1","max-image-preview":"max-image-preview:large","max-video-preview":"max-video-preview:-1"},"og_locale":"en_US","og_type":"article","og_title":"Batterie de secours Loop de 20\u00a0000\u00a0mAh en plastique recycl\u00e9 - PERLE IN","og_description":"Batterie de secours en plastique ABS recycl\u00e9. La batterie de secours contient une batterie au lithium-polym\u00e8re de qualit\u00e9 A de 20\u00a0000\u00a0mAh de longue dur\u00e9e pour une charge rapide. Les indicateurs de puissance montrent le niveau d'\u00e9nergie restant afin que vous sachiez toujours \u00e0 quel moment recharger. Entr\u00e9e Type-C 5\u00a0V\/2\u00a0A, entr\u00e9e Micro USB 5\u00a0V\/2\u00a0A, sortie double USB-A 5\u00a0V\/2\u00a0A, puissance totale de 10\u00a0W. Livr\u00e9e avec un c\u00e2ble de charge de 30\u00a0cm TPE 2\u00a0A USB-A vers Type-C, un manuel d'instructions et un coffret cadeau en papier Kraft.","og_url":"https:\/\/perle-in.com\/en\/product\/batterie-de-secours-loop-de-20-000-mah-en-plastique-recycle\/","og_site_name":"PERLE IN","article_modified_time":"2025-10-19T03:46:28+00:00","og_image":[{"width":1600,"height":1600,"url":"https:\/\/perle-in.com\/wp-content\/uploads\/2025\/10\/12432290-1.jpg","type":"image\/jpeg"}],"twitter_card":"summary_large_image","schema":{"@context":"https:\/\/schema.org","@graph":[{"@type":"WebPage","@id":"https:\/\/perle-in.com\/produit\/batterie-de-secours-loop-de-20-000-mah-en-plastique-recycle\/","url":"https:\/\/perle-in.com\/produit\/batterie-de-secours-loop-de-20-000-mah-en-plastique-recycle\/","name":"Batterie de secours Loop de 20\u00a0000\u00a0mAh en plastique recycl\u00e9 - PERLE IN","isPartOf":{"@id":"https:\/\/perle-in.com\/#website"},"primaryImageOfPage":{"@id":"https:\/\/perle-in.com\/produit\/batterie-de-secours-loop-de-20-000-mah-en-plastique-recycle\/#primaryimage"},"image":{"@id":"https:\/\/perle-in.com\/produit\/batterie-de-secours-loop-de-20-000-mah-en-plastique-recycle\/#primaryimage"},"thumbnailUrl":"https:\/\/perle-in.com\/wp-content\/uploads\/2025\/10\/12432290-1.jpg","datePublished":"2025-10-14T23:08:07+00:00","dateModified":"2025-10-19T03:46:28+00:00","breadcrumb":{"@id":"https:\/\/perle-in.com\/produit\/batterie-de-secours-loop-de-20-000-mah-en-plastique-recycle\/#breadcrumb"},"inLanguage":"en-CA","potentialAction":[{"@type":"ReadAction","target":["https:\/\/perle-in.com\/produit\/batterie-de-secours-loop-de-20-000-mah-en-plastique-recycle\/"]}]},{"@type":"ImageObject","inLanguage":"en-CA","@id":"https:\/\/perle-in.com\/produit\/batterie-de-secours-loop-de-20-000-mah-en-plastique-recycle\/#primaryimage","url":"https:\/\/perle-in.com\/wp-content\/uploads\/2025\/10\/12432290-1.jpg","contentUrl":"https:\/\/perle-in.com\/wp-content\/uploads\/2025\/10\/12432290-1.jpg","width":1600,"height":1600},{"@type":"BreadcrumbList","@id":"https:\/\/perle-in.com\/produit\/batterie-de-secours-loop-de-20-000-mah-en-plastique-recycle\/#breadcrumb","itemListElement":[{"@type":"ListItem","position":1,"name":"Accueil","item":"https:\/\/perle-in.com\/"},{"@type":"ListItem","position":2,"name":"Boutique","item":"https:\/\/perle-in.com\/boutique\/"},{"@type":"ListItem","position":3,"name":"Batterie de secours Loop de 20\u00a0000\u00a0mAh en plastique recycl\u00e9"}]},{"@type":"WebSite","@id":"https:\/\/perle-in.com\/#website","url":"https:\/\/perle-in.com\/","name":"PERLE IN","description":"","publisher":{"@id":"https:\/\/perle-in.com\/#organization"},"potentialAction":[{"@type":"SearchAction","target":{"@type":"EntryPoint","urlTemplate":"https:\/\/perle-in.com\/?s={search_term_string}"},"query-input":{"@type":"PropertyValueSpecification","valueRequired":true,"valueName":"search_term_string"}}],"inLanguage":"en-CA"},{"@type":"Organization","@id":"https:\/\/perle-in.com\/#organization","name":"PERLE IN","url":"https:\/\/perle-in.com\/","logo":{"@type":"ImageObject","inLanguage":"en-CA","@id":"https:\/\/perle-in.com\/#\/schema\/logo\/image\/","url":"https:\/\/perle-in.com\/wp-content\/uploads\/2022\/12\/LOGO-PERLE-IN-COULEUR@3x.webp","contentUrl":"https:\/\/perle-in.com\/wp-content\/uploads\/2022\/12\/LOGO-PERLE-IN-COULEUR@3x.webp","width":1600,"height":490,"caption":"PERLE IN"},"image":{"@id":"https:\/\/perle-in.com\/#\/schema\/logo\/image\/"}}]}},"jetpack_sharing_enabled":true,"_links":{"self":[{"href":"https:\/\/perle-in.com\/en\/wp-json\/wp\/v2\/product\/538886","targetHints":{"allow":["GET"]}}],"collection":[{"href":"https:\/\/perle-in.com\/en\/wp-json\/wp\/v2\/product"}],"about":[{"href":"https:\/\/perle-in.com\/en\/wp-json\/wp\/v2\/types\/product"}],"version-history":[{"count":0,"href":"https:\/\/perle-in.com\/en\/wp-json\/wp\/v2\/product\/538886\/revisions"}],"wp:featuredmedia":[{"embeddable":true,"href":"https:\/\/perle-in.com\/en\/wp-json\/wp\/v2\/media\/538876"}],"wp:attachment":[{"href":"https:\/\/perle-in.com\/en\/wp-json\/wp\/v2\/media?parent=538886"}],"wp:term":[{"taxonomy":"product_brand","embeddable":true,"href":"https:\/\/perle-in.com\/en\/wp-json\/wp\/v2\/product_brand?post=538886"},{"taxonomy":"product_cat","embeddable":true,"href":"https:\/\/perle-in.com\/en\/wp-json\/wp\/v2\/product_cat?post=538886"},{"taxonomy":"product_tag","embeddable":true,"href":"https:\/\/perle-in.com\/en\/wp-json\/wp\/v2\/product_tag?post=538886"}],"curies":[{"name":"wp","href":"https:\/\/api.w.org\/{rel}","templated":true}]}}