{"id":538809,"date":"2025-10-15T01:04:37","date_gmt":"2025-10-14T23:04:37","guid":{"rendered":"https:\/\/perle-in.com\/produit\/sac-isotherme-aqua-de-22-l-recycle-certifie-grs-resistant-a-leau-pour-20-canettes\/"},"modified":"2025-10-19T05:46:27","modified_gmt":"2025-10-19T03:46:27","slug":"sac-isotherme-aqua-de-22-l-recycle-certifie-grs-resistant-a-leau-pour-20-canettes","status":"publish","type":"product","link":"https:\/\/perle-in.com\/en\/product\/sac-isotherme-aqua-de-22-l-recycle-certifie-grs-resistant-a-leau-pour-20-canettes\/","title":{"rendered":"Sac isotherme Aqua de 22\u00a0L recycl\u00e9 certifi\u00e9 GRS r\u00e9sistant \u00e0 l&#8217;eau pour 20\u00a0canettes"},"content":{"rendered":"","protected":false},"excerpt":{"rendered":"<p>Sac isotherme r\u00e9sistant \u00e0 l&#8217;eau de 20\u00a0canettes fabriqu\u00e9 \u00e0 partir de mat\u00e9riaux recycl\u00e9s certifi\u00e9s GRS, y compris les fermetures \u00e9clair. Comprend un compartiment principal zipp\u00e9 spacieux doubl\u00e9 d&#8217;une isolation en mousse et en PEVA thermique \u00e0 haute densit\u00e9 et sans danger pour les aliments, qui conserve les boissons et les rafra\u00eechissements au froid pendant des heures. Il comporte \u00e9galement 2\u00a0poches en maille et une poche frontale ouverte pour un rangement suppl\u00e9mentaire. La poign\u00e9e de transport en sangle et la bandouli\u00e8re r\u00e9glable et rembourr\u00e9e le rendent confortable \u00e0 transporter. Les mat\u00e9riaux recycl\u00e9s GRS comprennent le tissu principal, la doublure, la sangle et les fermetures \u00e9clair. Capacit\u00e9\u00a0: 22\u00a0litres. Sans PVC.<\/p>","protected":false},"featured_media":538798,"template":"","meta":{"_eb_attr":""},"product_brand":[],"product_cat":[159,160],"product_tag":[837,274,2654,165,836,3264,282],"class_list":{"0":"post-538809","1":"product","2":"type-product","3":"status-publish","4":"has-post-thumbnail","6":"product_cat-sacs","7":"product_cat-sacs-isothermes","8":"product_tag-durable","9":"product_tag-eau","10":"product_tag-grs","11":"product_tag-isotherme","12":"product_tag-recycle","13":"product_tag-resistant","14":"product_tag-sac","15":"pa_couleurs-noir","16":"pa_green-points-2652","17":"pa_matiere-600d-polyester-recycle-certifie-grs","19":"first","20":"instock","21":"shipping-taxable","22":"purchasable","23":"product-type-variable"},"yoast_head":"<!-- This site is optimized with the Yoast SEO plugin v27.4 - https:\/\/yoast.com\/product\/yoast-seo-wordpress\/ -->\n<title>Sac isotherme Aqua de 22\u00a0L recycl\u00e9 certifi\u00e9 GRS r\u00e9sistant \u00e0 l&#039;eau pour 20\u00a0canettes - PERLE IN<\/title>\n<meta name=\"robots\" content=\"noindex, follow, max-snippet:-1, max-image-preview:large, max-video-preview:-1\" \/>\n<meta property=\"og:locale\" content=\"en_US\" \/>\n<meta property=\"og:type\" content=\"article\" \/>\n<meta property=\"og:title\" content=\"Sac isotherme Aqua de 22\u00a0L recycl\u00e9 certifi\u00e9 GRS r\u00e9sistant \u00e0 l&#039;eau pour 20\u00a0canettes - PERLE IN\" \/>\n<meta property=\"og:description\" content=\"Sac isotherme r\u00e9sistant \u00e0 l&#039;eau de 20\u00a0canettes fabriqu\u00e9 \u00e0 partir de mat\u00e9riaux recycl\u00e9s certifi\u00e9s GRS, y compris les fermetures \u00e9clair. Comprend un compartiment principal zipp\u00e9 spacieux doubl\u00e9 d&#039;une isolation en mousse et en PEVA thermique \u00e0 haute densit\u00e9 et sans danger pour les aliments, qui conserve les boissons et les rafra\u00eechissements au froid pendant des heures. Il comporte \u00e9galement 2\u00a0poches en maille et une poche frontale ouverte pour un rangement suppl\u00e9mentaire. La poign\u00e9e de transport en sangle et la bandouli\u00e8re r\u00e9glable et rembourr\u00e9e le rendent confortable \u00e0 transporter. Les mat\u00e9riaux recycl\u00e9s GRS comprennent le tissu principal, la doublure, la sangle et les fermetures \u00e9clair. Capacit\u00e9\u00a0: 22\u00a0litres. Sans PVC.\" \/>\n<meta property=\"og:url\" content=\"https:\/\/perle-in.com\/en\/product\/sac-isotherme-aqua-de-22-l-recycle-certifie-grs-resistant-a-leau-pour-20-canettes\/\" \/>\n<meta property=\"og:site_name\" content=\"PERLE IN\" \/>\n<meta property=\"article:modified_time\" content=\"2025-10-19T03:46:27+00:00\" \/>\n<meta property=\"og:image\" content=\"https:\/\/perle-in.com\/wp-content\/uploads\/2025\/10\/13004590-1.jpg\" \/>\n\t<meta property=\"og:image:width\" content=\"1600\" \/>\n\t<meta property=\"og:image:height\" content=\"1600\" \/>\n\t<meta property=\"og:image:type\" content=\"image\/jpeg\" \/>\n<meta name=\"twitter:card\" content=\"summary_large_image\" \/>\n<script type=\"application\/ld+json\" class=\"yoast-schema-graph\">{\"@context\":\"https:\\\/\\\/schema.org\",\"@graph\":[{\"@type\":\"WebPage\",\"@id\":\"https:\\\/\\\/perle-in.com\\\/produit\\\/sac-isotherme-aqua-de-22-l-recycle-certifie-grs-resistant-a-leau-pour-20-canettes\\\/\",\"url\":\"https:\\\/\\\/perle-in.com\\\/produit\\\/sac-isotherme-aqua-de-22-l-recycle-certifie-grs-resistant-a-leau-pour-20-canettes\\\/\",\"name\":\"Sac isotherme Aqua de 22\u00a0L recycl\u00e9 certifi\u00e9 GRS r\u00e9sistant \u00e0 l'eau pour 20\u00a0canettes - PERLE IN\",\"isPartOf\":{\"@id\":\"https:\\\/\\\/perle-in.com\\\/#website\"},\"primaryImageOfPage\":{\"@id\":\"https:\\\/\\\/perle-in.com\\\/produit\\\/sac-isotherme-aqua-de-22-l-recycle-certifie-grs-resistant-a-leau-pour-20-canettes\\\/#primaryimage\"},\"image\":{\"@id\":\"https:\\\/\\\/perle-in.com\\\/produit\\\/sac-isotherme-aqua-de-22-l-recycle-certifie-grs-resistant-a-leau-pour-20-canettes\\\/#primaryimage\"},\"thumbnailUrl\":\"https:\\\/\\\/perle-in.com\\\/wp-content\\\/uploads\\\/2025\\\/10\\\/13004590-1.jpg\",\"datePublished\":\"2025-10-14T23:04:37+00:00\",\"dateModified\":\"2025-10-19T03:46:27+00:00\",\"breadcrumb\":{\"@id\":\"https:\\\/\\\/perle-in.com\\\/produit\\\/sac-isotherme-aqua-de-22-l-recycle-certifie-grs-resistant-a-leau-pour-20-canettes\\\/#breadcrumb\"},\"inLanguage\":\"en-CA\",\"potentialAction\":[{\"@type\":\"ReadAction\",\"target\":[\"https:\\\/\\\/perle-in.com\\\/produit\\\/sac-isotherme-aqua-de-22-l-recycle-certifie-grs-resistant-a-leau-pour-20-canettes\\\/\"]}]},{\"@type\":\"ImageObject\",\"inLanguage\":\"en-CA\",\"@id\":\"https:\\\/\\\/perle-in.com\\\/produit\\\/sac-isotherme-aqua-de-22-l-recycle-certifie-grs-resistant-a-leau-pour-20-canettes\\\/#primaryimage\",\"url\":\"https:\\\/\\\/perle-in.com\\\/wp-content\\\/uploads\\\/2025\\\/10\\\/13004590-1.jpg\",\"contentUrl\":\"https:\\\/\\\/perle-in.com\\\/wp-content\\\/uploads\\\/2025\\\/10\\\/13004590-1.jpg\",\"width\":1600,\"height\":1600},{\"@type\":\"BreadcrumbList\",\"@id\":\"https:\\\/\\\/perle-in.com\\\/produit\\\/sac-isotherme-aqua-de-22-l-recycle-certifie-grs-resistant-a-leau-pour-20-canettes\\\/#breadcrumb\",\"itemListElement\":[{\"@type\":\"ListItem\",\"position\":1,\"name\":\"Accueil\",\"item\":\"https:\\\/\\\/perle-in.com\\\/\"},{\"@type\":\"ListItem\",\"position\":2,\"name\":\"Boutique\",\"item\":\"https:\\\/\\\/perle-in.com\\\/boutique\\\/\"},{\"@type\":\"ListItem\",\"position\":3,\"name\":\"Sac isotherme Aqua de 22\u00a0L recycl\u00e9 certifi\u00e9 GRS r\u00e9sistant \u00e0 l&#8217;eau pour 20\u00a0canettes\"}]},{\"@type\":\"WebSite\",\"@id\":\"https:\\\/\\\/perle-in.com\\\/#website\",\"url\":\"https:\\\/\\\/perle-in.com\\\/\",\"name\":\"PERLE IN\",\"description\":\"\",\"publisher\":{\"@id\":\"https:\\\/\\\/perle-in.com\\\/#organization\"},\"potentialAction\":[{\"@type\":\"SearchAction\",\"target\":{\"@type\":\"EntryPoint\",\"urlTemplate\":\"https:\\\/\\\/perle-in.com\\\/?s={search_term_string}\"},\"query-input\":{\"@type\":\"PropertyValueSpecification\",\"valueRequired\":true,\"valueName\":\"search_term_string\"}}],\"inLanguage\":\"en-CA\"},{\"@type\":\"Organization\",\"@id\":\"https:\\\/\\\/perle-in.com\\\/#organization\",\"name\":\"PERLE IN\",\"url\":\"https:\\\/\\\/perle-in.com\\\/\",\"logo\":{\"@type\":\"ImageObject\",\"inLanguage\":\"en-CA\",\"@id\":\"https:\\\/\\\/perle-in.com\\\/#\\\/schema\\\/logo\\\/image\\\/\",\"url\":\"https:\\\/\\\/perle-in.com\\\/wp-content\\\/uploads\\\/2022\\\/12\\\/LOGO-PERLE-IN-COULEUR@3x.webp\",\"contentUrl\":\"https:\\\/\\\/perle-in.com\\\/wp-content\\\/uploads\\\/2022\\\/12\\\/LOGO-PERLE-IN-COULEUR@3x.webp\",\"width\":1600,\"height\":490,\"caption\":\"PERLE IN\"},\"image\":{\"@id\":\"https:\\\/\\\/perle-in.com\\\/#\\\/schema\\\/logo\\\/image\\\/\"}}]}<\/script>\n<!-- \/ Yoast SEO plugin. -->","yoast_head_json":{"title":"Sac isotherme Aqua de 22\u00a0L recycl\u00e9 certifi\u00e9 GRS r\u00e9sistant \u00e0 l'eau pour 20\u00a0canettes - PERLE IN","robots":{"index":"noindex","follow":"follow","max-snippet":"max-snippet:-1","max-image-preview":"max-image-preview:large","max-video-preview":"max-video-preview:-1"},"og_locale":"en_US","og_type":"article","og_title":"Sac isotherme Aqua de 22\u00a0L recycl\u00e9 certifi\u00e9 GRS r\u00e9sistant \u00e0 l'eau pour 20\u00a0canettes - PERLE IN","og_description":"Sac isotherme r\u00e9sistant \u00e0 l'eau de 20\u00a0canettes fabriqu\u00e9 \u00e0 partir de mat\u00e9riaux recycl\u00e9s certifi\u00e9s GRS, y compris les fermetures \u00e9clair. Comprend un compartiment principal zipp\u00e9 spacieux doubl\u00e9 d'une isolation en mousse et en PEVA thermique \u00e0 haute densit\u00e9 et sans danger pour les aliments, qui conserve les boissons et les rafra\u00eechissements au froid pendant des heures. Il comporte \u00e9galement 2\u00a0poches en maille et une poche frontale ouverte pour un rangement suppl\u00e9mentaire. La poign\u00e9e de transport en sangle et la bandouli\u00e8re r\u00e9glable et rembourr\u00e9e le rendent confortable \u00e0 transporter. Les mat\u00e9riaux recycl\u00e9s GRS comprennent le tissu principal, la doublure, la sangle et les fermetures \u00e9clair. Capacit\u00e9\u00a0: 22\u00a0litres. Sans PVC.","og_url":"https:\/\/perle-in.com\/en\/product\/sac-isotherme-aqua-de-22-l-recycle-certifie-grs-resistant-a-leau-pour-20-canettes\/","og_site_name":"PERLE IN","article_modified_time":"2025-10-19T03:46:27+00:00","og_image":[{"width":1600,"height":1600,"url":"https:\/\/perle-in.com\/wp-content\/uploads\/2025\/10\/13004590-1.jpg","type":"image\/jpeg"}],"twitter_card":"summary_large_image","schema":{"@context":"https:\/\/schema.org","@graph":[{"@type":"WebPage","@id":"https:\/\/perle-in.com\/produit\/sac-isotherme-aqua-de-22-l-recycle-certifie-grs-resistant-a-leau-pour-20-canettes\/","url":"https:\/\/perle-in.com\/produit\/sac-isotherme-aqua-de-22-l-recycle-certifie-grs-resistant-a-leau-pour-20-canettes\/","name":"Sac isotherme Aqua de 22\u00a0L recycl\u00e9 certifi\u00e9 GRS r\u00e9sistant \u00e0 l'eau pour 20\u00a0canettes - PERLE IN","isPartOf":{"@id":"https:\/\/perle-in.com\/#website"},"primaryImageOfPage":{"@id":"https:\/\/perle-in.com\/produit\/sac-isotherme-aqua-de-22-l-recycle-certifie-grs-resistant-a-leau-pour-20-canettes\/#primaryimage"},"image":{"@id":"https:\/\/perle-in.com\/produit\/sac-isotherme-aqua-de-22-l-recycle-certifie-grs-resistant-a-leau-pour-20-canettes\/#primaryimage"},"thumbnailUrl":"https:\/\/perle-in.com\/wp-content\/uploads\/2025\/10\/13004590-1.jpg","datePublished":"2025-10-14T23:04:37+00:00","dateModified":"2025-10-19T03:46:27+00:00","breadcrumb":{"@id":"https:\/\/perle-in.com\/produit\/sac-isotherme-aqua-de-22-l-recycle-certifie-grs-resistant-a-leau-pour-20-canettes\/#breadcrumb"},"inLanguage":"en-CA","potentialAction":[{"@type":"ReadAction","target":["https:\/\/perle-in.com\/produit\/sac-isotherme-aqua-de-22-l-recycle-certifie-grs-resistant-a-leau-pour-20-canettes\/"]}]},{"@type":"ImageObject","inLanguage":"en-CA","@id":"https:\/\/perle-in.com\/produit\/sac-isotherme-aqua-de-22-l-recycle-certifie-grs-resistant-a-leau-pour-20-canettes\/#primaryimage","url":"https:\/\/perle-in.com\/wp-content\/uploads\/2025\/10\/13004590-1.jpg","contentUrl":"https:\/\/perle-in.com\/wp-content\/uploads\/2025\/10\/13004590-1.jpg","width":1600,"height":1600},{"@type":"BreadcrumbList","@id":"https:\/\/perle-in.com\/produit\/sac-isotherme-aqua-de-22-l-recycle-certifie-grs-resistant-a-leau-pour-20-canettes\/#breadcrumb","itemListElement":[{"@type":"ListItem","position":1,"name":"Accueil","item":"https:\/\/perle-in.com\/"},{"@type":"ListItem","position":2,"name":"Boutique","item":"https:\/\/perle-in.com\/boutique\/"},{"@type":"ListItem","position":3,"name":"Sac isotherme Aqua de 22\u00a0L recycl\u00e9 certifi\u00e9 GRS r\u00e9sistant \u00e0 l&#8217;eau pour 20\u00a0canettes"}]},{"@type":"WebSite","@id":"https:\/\/perle-in.com\/#website","url":"https:\/\/perle-in.com\/","name":"PERLE IN","description":"","publisher":{"@id":"https:\/\/perle-in.com\/#organization"},"potentialAction":[{"@type":"SearchAction","target":{"@type":"EntryPoint","urlTemplate":"https:\/\/perle-in.com\/?s={search_term_string}"},"query-input":{"@type":"PropertyValueSpecification","valueRequired":true,"valueName":"search_term_string"}}],"inLanguage":"en-CA"},{"@type":"Organization","@id":"https:\/\/perle-in.com\/#organization","name":"PERLE IN","url":"https:\/\/perle-in.com\/","logo":{"@type":"ImageObject","inLanguage":"en-CA","@id":"https:\/\/perle-in.com\/#\/schema\/logo\/image\/","url":"https:\/\/perle-in.com\/wp-content\/uploads\/2022\/12\/LOGO-PERLE-IN-COULEUR@3x.webp","contentUrl":"https:\/\/perle-in.com\/wp-content\/uploads\/2022\/12\/LOGO-PERLE-IN-COULEUR@3x.webp","width":1600,"height":490,"caption":"PERLE IN"},"image":{"@id":"https:\/\/perle-in.com\/#\/schema\/logo\/image\/"}}]}},"jetpack_sharing_enabled":true,"_links":{"self":[{"href":"https:\/\/perle-in.com\/en\/wp-json\/wp\/v2\/product\/538809","targetHints":{"allow":["GET"]}}],"collection":[{"href":"https:\/\/perle-in.com\/en\/wp-json\/wp\/v2\/product"}],"about":[{"href":"https:\/\/perle-in.com\/en\/wp-json\/wp\/v2\/types\/product"}],"version-history":[{"count":0,"href":"https:\/\/perle-in.com\/en\/wp-json\/wp\/v2\/product\/538809\/revisions"}],"wp:featuredmedia":[{"embeddable":true,"href":"https:\/\/perle-in.com\/en\/wp-json\/wp\/v2\/media\/538798"}],"wp:attachment":[{"href":"https:\/\/perle-in.com\/en\/wp-json\/wp\/v2\/media?parent=538809"}],"wp:term":[{"taxonomy":"product_brand","embeddable":true,"href":"https:\/\/perle-in.com\/en\/wp-json\/wp\/v2\/product_brand?post=538809"},{"taxonomy":"product_cat","embeddable":true,"href":"https:\/\/perle-in.com\/en\/wp-json\/wp\/v2\/product_cat?post=538809"},{"taxonomy":"product_tag","embeddable":true,"href":"https:\/\/perle-in.com\/en\/wp-json\/wp\/v2\/product_tag?post=538809"}],"curies":[{"name":"wp","href":"https:\/\/api.w.org\/{rel}","templated":true}]}}