{"id":538706,"date":"2025-10-15T00:56:41","date_gmt":"2025-10-14T22:56:41","guid":{"rendered":"https:\/\/perle-in.com\/produit\/pochette-pour-accessoires-de-voyage-joey-de-35-l-en-toile-recyclee-certifiee-grs\/"},"modified":"2025-10-19T05:46:23","modified_gmt":"2025-10-19T03:46:23","slug":"pochette-pour-accessoires-de-voyage-joey-de-35-l-en-toile-recyclee-certifiee-grs","status":"publish","type":"product","link":"https:\/\/perle-in.com\/en\/product\/pochette-pour-accessoires-de-voyage-joey-de-35-l-en-toile-recyclee-certifiee-grs\/","title":{"rendered":"Pochette pour accessoires de voyage Joey de 3,5\u00a0L en toile recycl\u00e9e certifi\u00e9e GRS"},"content":{"rendered":"","protected":false},"excerpt":{"rendered":"<p>Pochette pour accessoires de voyage  en toile recycl\u00e9e certifi\u00e9e GRS et doublure en RPET certifi\u00e9e GRS. Dot\u00e9e d&#8217;une poche frontale zipp\u00e9e et d&#8217;un compartiment principal zipp\u00e9 avec des poches de rangement, et d&#8217;une sangle confortable. La plaque m\u00e9tallique d\u00e9corative peut faire briller un logo gr\u00e2ce \u00e0 sa finition subtile et mate. Capacit\u00e9\u00a0: 3,5\u00a0litres.<\/p>","protected":false},"featured_media":538696,"template":"","meta":{"_eb_attr":""},"product_brand":[],"product_cat":[159,1222],"product_tag":[837,836,1844,398,291],"class_list":{"0":"post-538706","1":"product","2":"type-product","3":"status-publish","4":"has-post-thumbnail","6":"product_cat-sacs","7":"product_cat-trousses-de-toilette","8":"product_tag-durable","9":"product_tag-recycle","10":"product_tag-toilette","11":"product_tag-trousse","12":"product_tag-voyage","13":"pa_couleurs-gris","14":"pa_couleurs-marine","15":"pa_couleurs-noir","16":"pa_couleurs-olive","17":"pa_green-points-2652","18":"pa_matiere-80-coton-recycle-certifie-grs-et-20-coton-330-g-m2","20":"first","21":"instock","22":"shipping-taxable","23":"purchasable","24":"product-type-variable"},"yoast_head":"<!-- This site is optimized with the Yoast SEO plugin v27.4 - https:\/\/yoast.com\/product\/yoast-seo-wordpress\/ -->\n<title>Pochette pour accessoires de voyage Joey de 3,5\u00a0L en toile recycl\u00e9e certifi\u00e9e GRS - PERLE IN<\/title>\n<meta name=\"robots\" content=\"noindex, follow, max-snippet:-1, max-image-preview:large, max-video-preview:-1\" \/>\n<meta property=\"og:locale\" content=\"en_US\" \/>\n<meta property=\"og:type\" content=\"article\" \/>\n<meta property=\"og:title\" content=\"Pochette pour accessoires de voyage Joey de 3,5\u00a0L en toile recycl\u00e9e certifi\u00e9e GRS - PERLE IN\" \/>\n<meta property=\"og:description\" content=\"Pochette pour accessoires de voyage en toile recycl\u00e9e certifi\u00e9e GRS et doublure en RPET certifi\u00e9e GRS. Dot\u00e9e d&#039;une poche frontale zipp\u00e9e et d&#039;un compartiment principal zipp\u00e9 avec des poches de rangement, et d&#039;une sangle confortable. La plaque m\u00e9tallique d\u00e9corative peut faire briller un logo gr\u00e2ce \u00e0 sa finition subtile et mate. Capacit\u00e9\u00a0: 3,5\u00a0litres.\" \/>\n<meta property=\"og:url\" content=\"https:\/\/perle-in.com\/en\/product\/pochette-pour-accessoires-de-voyage-joey-de-35-l-en-toile-recyclee-certifiee-grs\/\" \/>\n<meta property=\"og:site_name\" content=\"PERLE IN\" \/>\n<meta property=\"article:modified_time\" content=\"2025-10-19T03:46:23+00:00\" \/>\n<meta property=\"og:image\" content=\"https:\/\/perle-in.com\/wp-content\/uploads\/2025\/10\/13004155-1.jpg\" \/>\n\t<meta property=\"og:image:width\" content=\"1600\" \/>\n\t<meta property=\"og:image:height\" content=\"1600\" \/>\n\t<meta property=\"og:image:type\" content=\"image\/jpeg\" \/>\n<meta name=\"twitter:card\" content=\"summary_large_image\" \/>\n<script type=\"application\/ld+json\" class=\"yoast-schema-graph\">{\"@context\":\"https:\\\/\\\/schema.org\",\"@graph\":[{\"@type\":\"WebPage\",\"@id\":\"https:\\\/\\\/perle-in.com\\\/produit\\\/pochette-pour-accessoires-de-voyage-joey-de-35-l-en-toile-recyclee-certifiee-grs\\\/\",\"url\":\"https:\\\/\\\/perle-in.com\\\/produit\\\/pochette-pour-accessoires-de-voyage-joey-de-35-l-en-toile-recyclee-certifiee-grs\\\/\",\"name\":\"Pochette pour accessoires de voyage Joey de 3,5\u00a0L en toile recycl\u00e9e certifi\u00e9e GRS - PERLE IN\",\"isPartOf\":{\"@id\":\"https:\\\/\\\/perle-in.com\\\/#website\"},\"primaryImageOfPage\":{\"@id\":\"https:\\\/\\\/perle-in.com\\\/produit\\\/pochette-pour-accessoires-de-voyage-joey-de-35-l-en-toile-recyclee-certifiee-grs\\\/#primaryimage\"},\"image\":{\"@id\":\"https:\\\/\\\/perle-in.com\\\/produit\\\/pochette-pour-accessoires-de-voyage-joey-de-35-l-en-toile-recyclee-certifiee-grs\\\/#primaryimage\"},\"thumbnailUrl\":\"https:\\\/\\\/perle-in.com\\\/wp-content\\\/uploads\\\/2025\\\/10\\\/13004155-1.jpg\",\"datePublished\":\"2025-10-14T22:56:41+00:00\",\"dateModified\":\"2025-10-19T03:46:23+00:00\",\"breadcrumb\":{\"@id\":\"https:\\\/\\\/perle-in.com\\\/produit\\\/pochette-pour-accessoires-de-voyage-joey-de-35-l-en-toile-recyclee-certifiee-grs\\\/#breadcrumb\"},\"inLanguage\":\"en-CA\",\"potentialAction\":[{\"@type\":\"ReadAction\",\"target\":[\"https:\\\/\\\/perle-in.com\\\/produit\\\/pochette-pour-accessoires-de-voyage-joey-de-35-l-en-toile-recyclee-certifiee-grs\\\/\"]}]},{\"@type\":\"ImageObject\",\"inLanguage\":\"en-CA\",\"@id\":\"https:\\\/\\\/perle-in.com\\\/produit\\\/pochette-pour-accessoires-de-voyage-joey-de-35-l-en-toile-recyclee-certifiee-grs\\\/#primaryimage\",\"url\":\"https:\\\/\\\/perle-in.com\\\/wp-content\\\/uploads\\\/2025\\\/10\\\/13004155-1.jpg\",\"contentUrl\":\"https:\\\/\\\/perle-in.com\\\/wp-content\\\/uploads\\\/2025\\\/10\\\/13004155-1.jpg\",\"width\":1600,\"height\":1600},{\"@type\":\"BreadcrumbList\",\"@id\":\"https:\\\/\\\/perle-in.com\\\/produit\\\/pochette-pour-accessoires-de-voyage-joey-de-35-l-en-toile-recyclee-certifiee-grs\\\/#breadcrumb\",\"itemListElement\":[{\"@type\":\"ListItem\",\"position\":1,\"name\":\"Accueil\",\"item\":\"https:\\\/\\\/perle-in.com\\\/\"},{\"@type\":\"ListItem\",\"position\":2,\"name\":\"Boutique\",\"item\":\"https:\\\/\\\/perle-in.com\\\/boutique\\\/\"},{\"@type\":\"ListItem\",\"position\":3,\"name\":\"Pochette pour accessoires de voyage Joey de 3,5\u00a0L en toile recycl\u00e9e certifi\u00e9e GRS\"}]},{\"@type\":\"WebSite\",\"@id\":\"https:\\\/\\\/perle-in.com\\\/#website\",\"url\":\"https:\\\/\\\/perle-in.com\\\/\",\"name\":\"PERLE IN\",\"description\":\"\",\"publisher\":{\"@id\":\"https:\\\/\\\/perle-in.com\\\/#organization\"},\"potentialAction\":[{\"@type\":\"SearchAction\",\"target\":{\"@type\":\"EntryPoint\",\"urlTemplate\":\"https:\\\/\\\/perle-in.com\\\/?s={search_term_string}\"},\"query-input\":{\"@type\":\"PropertyValueSpecification\",\"valueRequired\":true,\"valueName\":\"search_term_string\"}}],\"inLanguage\":\"en-CA\"},{\"@type\":\"Organization\",\"@id\":\"https:\\\/\\\/perle-in.com\\\/#organization\",\"name\":\"PERLE IN\",\"url\":\"https:\\\/\\\/perle-in.com\\\/\",\"logo\":{\"@type\":\"ImageObject\",\"inLanguage\":\"en-CA\",\"@id\":\"https:\\\/\\\/perle-in.com\\\/#\\\/schema\\\/logo\\\/image\\\/\",\"url\":\"https:\\\/\\\/perle-in.com\\\/wp-content\\\/uploads\\\/2022\\\/12\\\/LOGO-PERLE-IN-COULEUR@3x.webp\",\"contentUrl\":\"https:\\\/\\\/perle-in.com\\\/wp-content\\\/uploads\\\/2022\\\/12\\\/LOGO-PERLE-IN-COULEUR@3x.webp\",\"width\":1600,\"height\":490,\"caption\":\"PERLE IN\"},\"image\":{\"@id\":\"https:\\\/\\\/perle-in.com\\\/#\\\/schema\\\/logo\\\/image\\\/\"}}]}<\/script>\n<!-- \/ Yoast SEO plugin. -->","yoast_head_json":{"title":"Pochette pour accessoires de voyage Joey de 3,5\u00a0L en toile recycl\u00e9e certifi\u00e9e GRS - PERLE IN","robots":{"index":"noindex","follow":"follow","max-snippet":"max-snippet:-1","max-image-preview":"max-image-preview:large","max-video-preview":"max-video-preview:-1"},"og_locale":"en_US","og_type":"article","og_title":"Pochette pour accessoires de voyage Joey de 3,5\u00a0L en toile recycl\u00e9e certifi\u00e9e GRS - PERLE IN","og_description":"Pochette pour accessoires de voyage en toile recycl\u00e9e certifi\u00e9e GRS et doublure en RPET certifi\u00e9e GRS. Dot\u00e9e d'une poche frontale zipp\u00e9e et d'un compartiment principal zipp\u00e9 avec des poches de rangement, et d'une sangle confortable. La plaque m\u00e9tallique d\u00e9corative peut faire briller un logo gr\u00e2ce \u00e0 sa finition subtile et mate. Capacit\u00e9\u00a0: 3,5\u00a0litres.","og_url":"https:\/\/perle-in.com\/en\/product\/pochette-pour-accessoires-de-voyage-joey-de-35-l-en-toile-recyclee-certifiee-grs\/","og_site_name":"PERLE IN","article_modified_time":"2025-10-19T03:46:23+00:00","og_image":[{"width":1600,"height":1600,"url":"https:\/\/perle-in.com\/wp-content\/uploads\/2025\/10\/13004155-1.jpg","type":"image\/jpeg"}],"twitter_card":"summary_large_image","schema":{"@context":"https:\/\/schema.org","@graph":[{"@type":"WebPage","@id":"https:\/\/perle-in.com\/produit\/pochette-pour-accessoires-de-voyage-joey-de-35-l-en-toile-recyclee-certifiee-grs\/","url":"https:\/\/perle-in.com\/produit\/pochette-pour-accessoires-de-voyage-joey-de-35-l-en-toile-recyclee-certifiee-grs\/","name":"Pochette pour accessoires de voyage Joey de 3,5\u00a0L en toile recycl\u00e9e certifi\u00e9e GRS - PERLE IN","isPartOf":{"@id":"https:\/\/perle-in.com\/#website"},"primaryImageOfPage":{"@id":"https:\/\/perle-in.com\/produit\/pochette-pour-accessoires-de-voyage-joey-de-35-l-en-toile-recyclee-certifiee-grs\/#primaryimage"},"image":{"@id":"https:\/\/perle-in.com\/produit\/pochette-pour-accessoires-de-voyage-joey-de-35-l-en-toile-recyclee-certifiee-grs\/#primaryimage"},"thumbnailUrl":"https:\/\/perle-in.com\/wp-content\/uploads\/2025\/10\/13004155-1.jpg","datePublished":"2025-10-14T22:56:41+00:00","dateModified":"2025-10-19T03:46:23+00:00","breadcrumb":{"@id":"https:\/\/perle-in.com\/produit\/pochette-pour-accessoires-de-voyage-joey-de-35-l-en-toile-recyclee-certifiee-grs\/#breadcrumb"},"inLanguage":"en-CA","potentialAction":[{"@type":"ReadAction","target":["https:\/\/perle-in.com\/produit\/pochette-pour-accessoires-de-voyage-joey-de-35-l-en-toile-recyclee-certifiee-grs\/"]}]},{"@type":"ImageObject","inLanguage":"en-CA","@id":"https:\/\/perle-in.com\/produit\/pochette-pour-accessoires-de-voyage-joey-de-35-l-en-toile-recyclee-certifiee-grs\/#primaryimage","url":"https:\/\/perle-in.com\/wp-content\/uploads\/2025\/10\/13004155-1.jpg","contentUrl":"https:\/\/perle-in.com\/wp-content\/uploads\/2025\/10\/13004155-1.jpg","width":1600,"height":1600},{"@type":"BreadcrumbList","@id":"https:\/\/perle-in.com\/produit\/pochette-pour-accessoires-de-voyage-joey-de-35-l-en-toile-recyclee-certifiee-grs\/#breadcrumb","itemListElement":[{"@type":"ListItem","position":1,"name":"Accueil","item":"https:\/\/perle-in.com\/"},{"@type":"ListItem","position":2,"name":"Boutique","item":"https:\/\/perle-in.com\/boutique\/"},{"@type":"ListItem","position":3,"name":"Pochette pour accessoires de voyage Joey de 3,5\u00a0L en toile recycl\u00e9e certifi\u00e9e GRS"}]},{"@type":"WebSite","@id":"https:\/\/perle-in.com\/#website","url":"https:\/\/perle-in.com\/","name":"PERLE IN","description":"","publisher":{"@id":"https:\/\/perle-in.com\/#organization"},"potentialAction":[{"@type":"SearchAction","target":{"@type":"EntryPoint","urlTemplate":"https:\/\/perle-in.com\/?s={search_term_string}"},"query-input":{"@type":"PropertyValueSpecification","valueRequired":true,"valueName":"search_term_string"}}],"inLanguage":"en-CA"},{"@type":"Organization","@id":"https:\/\/perle-in.com\/#organization","name":"PERLE IN","url":"https:\/\/perle-in.com\/","logo":{"@type":"ImageObject","inLanguage":"en-CA","@id":"https:\/\/perle-in.com\/#\/schema\/logo\/image\/","url":"https:\/\/perle-in.com\/wp-content\/uploads\/2022\/12\/LOGO-PERLE-IN-COULEUR@3x.webp","contentUrl":"https:\/\/perle-in.com\/wp-content\/uploads\/2022\/12\/LOGO-PERLE-IN-COULEUR@3x.webp","width":1600,"height":490,"caption":"PERLE IN"},"image":{"@id":"https:\/\/perle-in.com\/#\/schema\/logo\/image\/"}}]}},"jetpack_sharing_enabled":true,"_links":{"self":[{"href":"https:\/\/perle-in.com\/en\/wp-json\/wp\/v2\/product\/538706","targetHints":{"allow":["GET"]}}],"collection":[{"href":"https:\/\/perle-in.com\/en\/wp-json\/wp\/v2\/product"}],"about":[{"href":"https:\/\/perle-in.com\/en\/wp-json\/wp\/v2\/types\/product"}],"version-history":[{"count":0,"href":"https:\/\/perle-in.com\/en\/wp-json\/wp\/v2\/product\/538706\/revisions"}],"wp:featuredmedia":[{"embeddable":true,"href":"https:\/\/perle-in.com\/en\/wp-json\/wp\/v2\/media\/538696"}],"wp:attachment":[{"href":"https:\/\/perle-in.com\/en\/wp-json\/wp\/v2\/media?parent=538706"}],"wp:term":[{"taxonomy":"product_brand","embeddable":true,"href":"https:\/\/perle-in.com\/en\/wp-json\/wp\/v2\/product_brand?post=538706"},{"taxonomy":"product_cat","embeddable":true,"href":"https:\/\/perle-in.com\/en\/wp-json\/wp\/v2\/product_cat?post=538706"},{"taxonomy":"product_tag","embeddable":true,"href":"https:\/\/perle-in.com\/en\/wp-json\/wp\/v2\/product_tag?post=538706"}],"curies":[{"name":"wp","href":"https:\/\/api.w.org\/{rel}","templated":true}]}}