{"id":538684,"date":"2025-10-15T00:54:58","date_gmt":"2025-10-14T22:54:58","guid":{"rendered":"https:\/\/perle-in.com\/produit\/sac-a-dos-case-logic-jaunt-recycle-de-156-23-l\/"},"modified":"2025-10-19T05:46:23","modified_gmt":"2025-10-19T03:46:23","slug":"sac-a-dos-case-logic-jaunt-recycle-de-156-23-l","status":"publish","type":"product","link":"https:\/\/perle-in.com\/en\/product\/sac-a-dos-case-logic-jaunt-recycle-de-156-23-l\/","title":{"rendered":"Sac \u00e0 dos Case Logic Jaunt, recycl\u00e9, de 15,6&#8243; 23 L"},"content":{"rendered":"","protected":false},"excerpt":{"rendered":"<p>Sac \u00e0 dos \u00e9l\u00e9gant pour les utilisateurs qui cherchent \u00e0 transporter efficacement leurs appareils \u00e9lectroniques et les indispensables du quotidien. Le compartiment principal peut accueillir un ordinateur portable de 15,6&#8243; et une poche d\u00e9di\u00e9e peut contenir une tablette. Fabriqu\u00e9 avec 100\u00a0% de polyester recycl\u00e9 et des mat\u00e9riaux Dobby recycl\u00e9s. Comprend une poche avant \u00e0 acc\u00e8s rapide pour les petits objets et une poche int\u00e9rieure de rangement des cordons adapt\u00e9e aux chargeurs de t\u00e9l\u00e9phone ou aux petits cordons, pour les garder d\u00e9m\u00eal\u00e9s. Avec des poches lat\u00e9rales en maille filet pratique pour les bouteilles d&#8217;eau.<\/p>","protected":false},"featured_media":538676,"template":"","meta":{"_eb_attr":""},"product_brand":[],"product_cat":[159],"product_tag":[3254,1861,1862,837,784,836,1347,1348,1189],"class_list":{"0":"post-538684","1":"product","2":"type-product","3":"status-publish","4":"has-post-thumbnail","6":"product_cat-sacs","7":"product_tag-cartable","8":"product_tag-case-logic","9":"product_tag-caselogic","10":"product_tag-durable","11":"product_tag-ordinateur-portable","12":"product_tag-recycle","13":"product_tag-sac-a-dos","14":"product_tag-sacs-a-dos","15":"product_tag-tablette","16":"pa_couleurs-noir","17":"pa_green-points-1621","18":"pa_marque-case-logic","20":"first","21":"instock","22":"shipping-taxable","23":"purchasable","24":"product-type-variable"},"yoast_head":"<!-- This site is optimized with the Yoast SEO plugin v27.4 - https:\/\/yoast.com\/product\/yoast-seo-wordpress\/ -->\n<title>Sac \u00e0 dos Case Logic Jaunt, recycl\u00e9, de 15,6&quot; 23 L - PERLE IN<\/title>\n<meta name=\"robots\" content=\"noindex, follow, max-snippet:-1, max-image-preview:large, max-video-preview:-1\" \/>\n<meta property=\"og:locale\" content=\"en_US\" \/>\n<meta property=\"og:type\" content=\"article\" \/>\n<meta property=\"og:title\" content=\"Sac \u00e0 dos Case Logic Jaunt, recycl\u00e9, de 15,6&quot; 23 L - PERLE IN\" \/>\n<meta property=\"og:description\" content=\"Sac \u00e0 dos \u00e9l\u00e9gant pour les utilisateurs qui cherchent \u00e0 transporter efficacement leurs appareils \u00e9lectroniques et les indispensables du quotidien. Le compartiment principal peut accueillir un ordinateur portable de 15,6&quot; et une poche d\u00e9di\u00e9e peut contenir une tablette. Fabriqu\u00e9 avec 100\u00a0% de polyester recycl\u00e9 et des mat\u00e9riaux Dobby recycl\u00e9s. Comprend une poche avant \u00e0 acc\u00e8s rapide pour les petits objets et une poche int\u00e9rieure de rangement des cordons adapt\u00e9e aux chargeurs de t\u00e9l\u00e9phone ou aux petits cordons, pour les garder d\u00e9m\u00eal\u00e9s. Avec des poches lat\u00e9rales en maille filet pratique pour les bouteilles d&#039;eau.\" \/>\n<meta property=\"og:url\" content=\"https:\/\/perle-in.com\/en\/product\/sac-a-dos-case-logic-jaunt-recycle-de-156-23-l\/\" \/>\n<meta property=\"og:site_name\" content=\"PERLE IN\" \/>\n<meta property=\"article:modified_time\" content=\"2025-10-19T03:46:23+00:00\" \/>\n<meta property=\"og:image\" content=\"https:\/\/perle-in.com\/wp-content\/uploads\/2025\/10\/12068990-1.jpg\" \/>\n\t<meta property=\"og:image:width\" content=\"1600\" \/>\n\t<meta property=\"og:image:height\" content=\"1600\" \/>\n\t<meta property=\"og:image:type\" content=\"image\/jpeg\" \/>\n<meta name=\"twitter:card\" content=\"summary_large_image\" \/>\n<script type=\"application\/ld+json\" class=\"yoast-schema-graph\">{\"@context\":\"https:\\\/\\\/schema.org\",\"@graph\":[{\"@type\":\"WebPage\",\"@id\":\"https:\\\/\\\/perle-in.com\\\/produit\\\/sac-a-dos-case-logic-jaunt-recycle-de-156-23-l\\\/\",\"url\":\"https:\\\/\\\/perle-in.com\\\/produit\\\/sac-a-dos-case-logic-jaunt-recycle-de-156-23-l\\\/\",\"name\":\"Sac \u00e0 dos Case Logic Jaunt, recycl\u00e9, de 15,6\\\" 23 L - PERLE IN\",\"isPartOf\":{\"@id\":\"https:\\\/\\\/perle-in.com\\\/#website\"},\"primaryImageOfPage\":{\"@id\":\"https:\\\/\\\/perle-in.com\\\/produit\\\/sac-a-dos-case-logic-jaunt-recycle-de-156-23-l\\\/#primaryimage\"},\"image\":{\"@id\":\"https:\\\/\\\/perle-in.com\\\/produit\\\/sac-a-dos-case-logic-jaunt-recycle-de-156-23-l\\\/#primaryimage\"},\"thumbnailUrl\":\"https:\\\/\\\/perle-in.com\\\/wp-content\\\/uploads\\\/2025\\\/10\\\/12068990-1.jpg\",\"datePublished\":\"2025-10-14T22:54:58+00:00\",\"dateModified\":\"2025-10-19T03:46:23+00:00\",\"breadcrumb\":{\"@id\":\"https:\\\/\\\/perle-in.com\\\/produit\\\/sac-a-dos-case-logic-jaunt-recycle-de-156-23-l\\\/#breadcrumb\"},\"inLanguage\":\"en-CA\",\"potentialAction\":[{\"@type\":\"ReadAction\",\"target\":[\"https:\\\/\\\/perle-in.com\\\/produit\\\/sac-a-dos-case-logic-jaunt-recycle-de-156-23-l\\\/\"]}]},{\"@type\":\"ImageObject\",\"inLanguage\":\"en-CA\",\"@id\":\"https:\\\/\\\/perle-in.com\\\/produit\\\/sac-a-dos-case-logic-jaunt-recycle-de-156-23-l\\\/#primaryimage\",\"url\":\"https:\\\/\\\/perle-in.com\\\/wp-content\\\/uploads\\\/2025\\\/10\\\/12068990-1.jpg\",\"contentUrl\":\"https:\\\/\\\/perle-in.com\\\/wp-content\\\/uploads\\\/2025\\\/10\\\/12068990-1.jpg\",\"width\":1600,\"height\":1600},{\"@type\":\"BreadcrumbList\",\"@id\":\"https:\\\/\\\/perle-in.com\\\/produit\\\/sac-a-dos-case-logic-jaunt-recycle-de-156-23-l\\\/#breadcrumb\",\"itemListElement\":[{\"@type\":\"ListItem\",\"position\":1,\"name\":\"Accueil\",\"item\":\"https:\\\/\\\/perle-in.com\\\/\"},{\"@type\":\"ListItem\",\"position\":2,\"name\":\"Boutique\",\"item\":\"https:\\\/\\\/perle-in.com\\\/boutique\\\/\"},{\"@type\":\"ListItem\",\"position\":3,\"name\":\"Sac \u00e0 dos Case Logic Jaunt, recycl\u00e9, de 15,6&#8243; 23 L\"}]},{\"@type\":\"WebSite\",\"@id\":\"https:\\\/\\\/perle-in.com\\\/#website\",\"url\":\"https:\\\/\\\/perle-in.com\\\/\",\"name\":\"PERLE IN\",\"description\":\"\",\"publisher\":{\"@id\":\"https:\\\/\\\/perle-in.com\\\/#organization\"},\"potentialAction\":[{\"@type\":\"SearchAction\",\"target\":{\"@type\":\"EntryPoint\",\"urlTemplate\":\"https:\\\/\\\/perle-in.com\\\/?s={search_term_string}\"},\"query-input\":{\"@type\":\"PropertyValueSpecification\",\"valueRequired\":true,\"valueName\":\"search_term_string\"}}],\"inLanguage\":\"en-CA\"},{\"@type\":\"Organization\",\"@id\":\"https:\\\/\\\/perle-in.com\\\/#organization\",\"name\":\"PERLE IN\",\"url\":\"https:\\\/\\\/perle-in.com\\\/\",\"logo\":{\"@type\":\"ImageObject\",\"inLanguage\":\"en-CA\",\"@id\":\"https:\\\/\\\/perle-in.com\\\/#\\\/schema\\\/logo\\\/image\\\/\",\"url\":\"https:\\\/\\\/perle-in.com\\\/wp-content\\\/uploads\\\/2022\\\/12\\\/LOGO-PERLE-IN-COULEUR@3x.webp\",\"contentUrl\":\"https:\\\/\\\/perle-in.com\\\/wp-content\\\/uploads\\\/2022\\\/12\\\/LOGO-PERLE-IN-COULEUR@3x.webp\",\"width\":1600,\"height\":490,\"caption\":\"PERLE IN\"},\"image\":{\"@id\":\"https:\\\/\\\/perle-in.com\\\/#\\\/schema\\\/logo\\\/image\\\/\"}}]}<\/script>\n<!-- \/ Yoast SEO plugin. -->","yoast_head_json":{"title":"Sac \u00e0 dos Case Logic Jaunt, recycl\u00e9, de 15,6\" 23 L - PERLE IN","robots":{"index":"noindex","follow":"follow","max-snippet":"max-snippet:-1","max-image-preview":"max-image-preview:large","max-video-preview":"max-video-preview:-1"},"og_locale":"en_US","og_type":"article","og_title":"Sac \u00e0 dos Case Logic Jaunt, recycl\u00e9, de 15,6\" 23 L - PERLE IN","og_description":"Sac \u00e0 dos \u00e9l\u00e9gant pour les utilisateurs qui cherchent \u00e0 transporter efficacement leurs appareils \u00e9lectroniques et les indispensables du quotidien. Le compartiment principal peut accueillir un ordinateur portable de 15,6\" et une poche d\u00e9di\u00e9e peut contenir une tablette. Fabriqu\u00e9 avec 100\u00a0% de polyester recycl\u00e9 et des mat\u00e9riaux Dobby recycl\u00e9s. Comprend une poche avant \u00e0 acc\u00e8s rapide pour les petits objets et une poche int\u00e9rieure de rangement des cordons adapt\u00e9e aux chargeurs de t\u00e9l\u00e9phone ou aux petits cordons, pour les garder d\u00e9m\u00eal\u00e9s. Avec des poches lat\u00e9rales en maille filet pratique pour les bouteilles d'eau.","og_url":"https:\/\/perle-in.com\/en\/product\/sac-a-dos-case-logic-jaunt-recycle-de-156-23-l\/","og_site_name":"PERLE IN","article_modified_time":"2025-10-19T03:46:23+00:00","og_image":[{"width":1600,"height":1600,"url":"https:\/\/perle-in.com\/wp-content\/uploads\/2025\/10\/12068990-1.jpg","type":"image\/jpeg"}],"twitter_card":"summary_large_image","schema":{"@context":"https:\/\/schema.org","@graph":[{"@type":"WebPage","@id":"https:\/\/perle-in.com\/produit\/sac-a-dos-case-logic-jaunt-recycle-de-156-23-l\/","url":"https:\/\/perle-in.com\/produit\/sac-a-dos-case-logic-jaunt-recycle-de-156-23-l\/","name":"Sac \u00e0 dos Case Logic Jaunt, recycl\u00e9, de 15,6\" 23 L - PERLE IN","isPartOf":{"@id":"https:\/\/perle-in.com\/#website"},"primaryImageOfPage":{"@id":"https:\/\/perle-in.com\/produit\/sac-a-dos-case-logic-jaunt-recycle-de-156-23-l\/#primaryimage"},"image":{"@id":"https:\/\/perle-in.com\/produit\/sac-a-dos-case-logic-jaunt-recycle-de-156-23-l\/#primaryimage"},"thumbnailUrl":"https:\/\/perle-in.com\/wp-content\/uploads\/2025\/10\/12068990-1.jpg","datePublished":"2025-10-14T22:54:58+00:00","dateModified":"2025-10-19T03:46:23+00:00","breadcrumb":{"@id":"https:\/\/perle-in.com\/produit\/sac-a-dos-case-logic-jaunt-recycle-de-156-23-l\/#breadcrumb"},"inLanguage":"en-CA","potentialAction":[{"@type":"ReadAction","target":["https:\/\/perle-in.com\/produit\/sac-a-dos-case-logic-jaunt-recycle-de-156-23-l\/"]}]},{"@type":"ImageObject","inLanguage":"en-CA","@id":"https:\/\/perle-in.com\/produit\/sac-a-dos-case-logic-jaunt-recycle-de-156-23-l\/#primaryimage","url":"https:\/\/perle-in.com\/wp-content\/uploads\/2025\/10\/12068990-1.jpg","contentUrl":"https:\/\/perle-in.com\/wp-content\/uploads\/2025\/10\/12068990-1.jpg","width":1600,"height":1600},{"@type":"BreadcrumbList","@id":"https:\/\/perle-in.com\/produit\/sac-a-dos-case-logic-jaunt-recycle-de-156-23-l\/#breadcrumb","itemListElement":[{"@type":"ListItem","position":1,"name":"Accueil","item":"https:\/\/perle-in.com\/"},{"@type":"ListItem","position":2,"name":"Boutique","item":"https:\/\/perle-in.com\/boutique\/"},{"@type":"ListItem","position":3,"name":"Sac \u00e0 dos Case Logic Jaunt, recycl\u00e9, de 15,6&#8243; 23 L"}]},{"@type":"WebSite","@id":"https:\/\/perle-in.com\/#website","url":"https:\/\/perle-in.com\/","name":"PERLE IN","description":"","publisher":{"@id":"https:\/\/perle-in.com\/#organization"},"potentialAction":[{"@type":"SearchAction","target":{"@type":"EntryPoint","urlTemplate":"https:\/\/perle-in.com\/?s={search_term_string}"},"query-input":{"@type":"PropertyValueSpecification","valueRequired":true,"valueName":"search_term_string"}}],"inLanguage":"en-CA"},{"@type":"Organization","@id":"https:\/\/perle-in.com\/#organization","name":"PERLE IN","url":"https:\/\/perle-in.com\/","logo":{"@type":"ImageObject","inLanguage":"en-CA","@id":"https:\/\/perle-in.com\/#\/schema\/logo\/image\/","url":"https:\/\/perle-in.com\/wp-content\/uploads\/2022\/12\/LOGO-PERLE-IN-COULEUR@3x.webp","contentUrl":"https:\/\/perle-in.com\/wp-content\/uploads\/2022\/12\/LOGO-PERLE-IN-COULEUR@3x.webp","width":1600,"height":490,"caption":"PERLE IN"},"image":{"@id":"https:\/\/perle-in.com\/#\/schema\/logo\/image\/"}}]}},"jetpack_sharing_enabled":true,"_links":{"self":[{"href":"https:\/\/perle-in.com\/en\/wp-json\/wp\/v2\/product\/538684","targetHints":{"allow":["GET"]}}],"collection":[{"href":"https:\/\/perle-in.com\/en\/wp-json\/wp\/v2\/product"}],"about":[{"href":"https:\/\/perle-in.com\/en\/wp-json\/wp\/v2\/types\/product"}],"version-history":[{"count":0,"href":"https:\/\/perle-in.com\/en\/wp-json\/wp\/v2\/product\/538684\/revisions"}],"wp:featuredmedia":[{"embeddable":true,"href":"https:\/\/perle-in.com\/en\/wp-json\/wp\/v2\/media\/538676"}],"wp:attachment":[{"href":"https:\/\/perle-in.com\/en\/wp-json\/wp\/v2\/media?parent=538684"}],"wp:term":[{"taxonomy":"product_brand","embeddable":true,"href":"https:\/\/perle-in.com\/en\/wp-json\/wp\/v2\/product_brand?post=538684"},{"taxonomy":"product_cat","embeddable":true,"href":"https:\/\/perle-in.com\/en\/wp-json\/wp\/v2\/product_cat?post=538684"},{"taxonomy":"product_tag","embeddable":true,"href":"https:\/\/perle-in.com\/en\/wp-json\/wp\/v2\/product_tag?post=538684"}],"curies":[{"name":"wp","href":"https:\/\/api.w.org\/{rel}","templated":true}]}}