{"id":538596,"date":"2025-10-15T00:47:38","date_gmt":"2025-10-14T22:47:38","guid":{"rendered":"https:\/\/perle-in.com\/produit\/poncho-jetable-pour-la-pluie-mayan-recycle-certifie-grs-avec-pochette-de-rangement\/"},"modified":"2025-10-19T05:46:35","modified_gmt":"2025-10-19T03:46:35","slug":"poncho-jetable-pour-la-pluie-mayan-recycle-certifie-grs-avec-pochette-de-rangement","status":"publish","type":"product","link":"https:\/\/perle-in.com\/en\/product\/poncho-jetable-pour-la-pluie-mayan-recycle-certifie-grs-avec-pochette-de-rangement\/","title":{"rendered":"Poncho jetable pour la pluie Mayan recycl\u00e9 certifi\u00e9 GRS avec pochette de rangement"},"content":{"rendered":"","protected":false},"excerpt":{"rendered":"<p>Le poncho de pluie Mayan jetable taille unique est fabriqu\u00e9 en plastique 100\u00a0% certifi\u00e9 GRS. Ce poncho \u00e0 capuche transparent est id\u00e9al \u00e0 avoir avec soi quand on est sous une temp\u00eate de pluie lors d&#8217;un festival en plein air ou de tout autre \u00e9v\u00e9nement en plein air. Livr\u00e9 avec une pochette adapt\u00e9e \u00e0 l&#8217;impression. Dimensions\u00a0: 90 x 120 cm.<\/p>","protected":false},"featured_media":538585,"template":"","meta":{"_eb_attr":""},"product_brand":[],"product_cat":[244,245],"product_tag":[737,1661,1663,248,246],"class_list":{"0":"post-538596","1":"product","2":"type-product","3":"status-publish","4":"has-post-thumbnail","6":"product_cat-parapluies","7":"product_cat-ponchos-de-pluie","8":"product_tag-exterieur","9":"product_tag-parapluie","10":"product_tag-pleuvoir","11":"product_tag-pluie","12":"product_tag-poncho","13":"pa_couleurs-blanc","14":"pa_couleurs-bleu-royal","15":"pa_couleurs-citron-vert","16":"pa_couleurs-jaune","17":"pa_couleurs-noir","18":"pa_couleurs-rouge","19":"pa_green-points-1931","20":"pa_matiere-plastique-recycle","22":"first","23":"instock","24":"sale","25":"shipping-taxable","26":"purchasable","27":"product-type-variable"},"yoast_head":"<!-- This site is optimized with the Yoast SEO plugin v27.4 - https:\/\/yoast.com\/product\/yoast-seo-wordpress\/ -->\n<title>Poncho jetable pour la pluie Mayan recycl\u00e9 certifi\u00e9 GRS avec pochette de rangement - PERLE IN<\/title>\n<meta name=\"robots\" content=\"noindex, follow, max-snippet:-1, max-image-preview:large, max-video-preview:-1\" \/>\n<meta property=\"og:locale\" content=\"en_US\" \/>\n<meta property=\"og:type\" content=\"article\" \/>\n<meta property=\"og:title\" content=\"Poncho jetable pour la pluie Mayan recycl\u00e9 certifi\u00e9 GRS avec pochette de rangement - PERLE IN\" \/>\n<meta property=\"og:description\" content=\"Le poncho de pluie Mayan jetable taille unique est fabriqu\u00e9 en plastique 100\u00a0% certifi\u00e9 GRS. Ce poncho \u00e0 capuche transparent est id\u00e9al \u00e0 avoir avec soi quand on est sous une temp\u00eate de pluie lors d&#039;un festival en plein air ou de tout autre \u00e9v\u00e9nement en plein air. Livr\u00e9 avec une pochette adapt\u00e9e \u00e0 l&#039;impression. Dimensions\u00a0: 90 x 120 cm.\" \/>\n<meta property=\"og:url\" content=\"https:\/\/perle-in.com\/en\/product\/poncho-jetable-pour-la-pluie-mayan-recycle-certifie-grs-avec-pochette-de-rangement\/\" \/>\n<meta property=\"og:site_name\" content=\"PERLE IN\" \/>\n<meta property=\"article:modified_time\" content=\"2025-10-19T03:46:35+00:00\" \/>\n<meta property=\"og:image\" content=\"https:\/\/perle-in.com\/wp-content\/uploads\/2025\/10\/10941701-1.jpg\" \/>\n\t<meta property=\"og:image:width\" content=\"1600\" \/>\n\t<meta property=\"og:image:height\" content=\"1600\" \/>\n\t<meta property=\"og:image:type\" content=\"image\/jpeg\" \/>\n<meta name=\"twitter:card\" content=\"summary_large_image\" \/>\n<script type=\"application\/ld+json\" class=\"yoast-schema-graph\">{\"@context\":\"https:\\\/\\\/schema.org\",\"@graph\":[{\"@type\":\"WebPage\",\"@id\":\"https:\\\/\\\/perle-in.com\\\/produit\\\/poncho-jetable-pour-la-pluie-mayan-recycle-certifie-grs-avec-pochette-de-rangement\\\/\",\"url\":\"https:\\\/\\\/perle-in.com\\\/produit\\\/poncho-jetable-pour-la-pluie-mayan-recycle-certifie-grs-avec-pochette-de-rangement\\\/\",\"name\":\"Poncho jetable pour la pluie Mayan recycl\u00e9 certifi\u00e9 GRS avec pochette de rangement - PERLE IN\",\"isPartOf\":{\"@id\":\"https:\\\/\\\/perle-in.com\\\/#website\"},\"primaryImageOfPage\":{\"@id\":\"https:\\\/\\\/perle-in.com\\\/produit\\\/poncho-jetable-pour-la-pluie-mayan-recycle-certifie-grs-avec-pochette-de-rangement\\\/#primaryimage\"},\"image\":{\"@id\":\"https:\\\/\\\/perle-in.com\\\/produit\\\/poncho-jetable-pour-la-pluie-mayan-recycle-certifie-grs-avec-pochette-de-rangement\\\/#primaryimage\"},\"thumbnailUrl\":\"https:\\\/\\\/perle-in.com\\\/wp-content\\\/uploads\\\/2025\\\/10\\\/10941701-1.jpg\",\"datePublished\":\"2025-10-14T22:47:38+00:00\",\"dateModified\":\"2025-10-19T03:46:35+00:00\",\"breadcrumb\":{\"@id\":\"https:\\\/\\\/perle-in.com\\\/produit\\\/poncho-jetable-pour-la-pluie-mayan-recycle-certifie-grs-avec-pochette-de-rangement\\\/#breadcrumb\"},\"inLanguage\":\"en-CA\",\"potentialAction\":[{\"@type\":\"ReadAction\",\"target\":[\"https:\\\/\\\/perle-in.com\\\/produit\\\/poncho-jetable-pour-la-pluie-mayan-recycle-certifie-grs-avec-pochette-de-rangement\\\/\"]}]},{\"@type\":\"ImageObject\",\"inLanguage\":\"en-CA\",\"@id\":\"https:\\\/\\\/perle-in.com\\\/produit\\\/poncho-jetable-pour-la-pluie-mayan-recycle-certifie-grs-avec-pochette-de-rangement\\\/#primaryimage\",\"url\":\"https:\\\/\\\/perle-in.com\\\/wp-content\\\/uploads\\\/2025\\\/10\\\/10941701-1.jpg\",\"contentUrl\":\"https:\\\/\\\/perle-in.com\\\/wp-content\\\/uploads\\\/2025\\\/10\\\/10941701-1.jpg\",\"width\":1600,\"height\":1600},{\"@type\":\"BreadcrumbList\",\"@id\":\"https:\\\/\\\/perle-in.com\\\/produit\\\/poncho-jetable-pour-la-pluie-mayan-recycle-certifie-grs-avec-pochette-de-rangement\\\/#breadcrumb\",\"itemListElement\":[{\"@type\":\"ListItem\",\"position\":1,\"name\":\"Accueil\",\"item\":\"https:\\\/\\\/perle-in.com\\\/\"},{\"@type\":\"ListItem\",\"position\":2,\"name\":\"Boutique\",\"item\":\"https:\\\/\\\/perle-in.com\\\/boutique\\\/\"},{\"@type\":\"ListItem\",\"position\":3,\"name\":\"Poncho jetable pour la pluie Mayan recycl\u00e9 certifi\u00e9 GRS avec pochette de rangement\"}]},{\"@type\":\"WebSite\",\"@id\":\"https:\\\/\\\/perle-in.com\\\/#website\",\"url\":\"https:\\\/\\\/perle-in.com\\\/\",\"name\":\"PERLE IN\",\"description\":\"\",\"publisher\":{\"@id\":\"https:\\\/\\\/perle-in.com\\\/#organization\"},\"potentialAction\":[{\"@type\":\"SearchAction\",\"target\":{\"@type\":\"EntryPoint\",\"urlTemplate\":\"https:\\\/\\\/perle-in.com\\\/?s={search_term_string}\"},\"query-input\":{\"@type\":\"PropertyValueSpecification\",\"valueRequired\":true,\"valueName\":\"search_term_string\"}}],\"inLanguage\":\"en-CA\"},{\"@type\":\"Organization\",\"@id\":\"https:\\\/\\\/perle-in.com\\\/#organization\",\"name\":\"PERLE IN\",\"url\":\"https:\\\/\\\/perle-in.com\\\/\",\"logo\":{\"@type\":\"ImageObject\",\"inLanguage\":\"en-CA\",\"@id\":\"https:\\\/\\\/perle-in.com\\\/#\\\/schema\\\/logo\\\/image\\\/\",\"url\":\"https:\\\/\\\/perle-in.com\\\/wp-content\\\/uploads\\\/2022\\\/12\\\/LOGO-PERLE-IN-COULEUR@3x.webp\",\"contentUrl\":\"https:\\\/\\\/perle-in.com\\\/wp-content\\\/uploads\\\/2022\\\/12\\\/LOGO-PERLE-IN-COULEUR@3x.webp\",\"width\":1600,\"height\":490,\"caption\":\"PERLE IN\"},\"image\":{\"@id\":\"https:\\\/\\\/perle-in.com\\\/#\\\/schema\\\/logo\\\/image\\\/\"}}]}<\/script>\n<!-- \/ Yoast SEO plugin. -->","yoast_head_json":{"title":"Poncho jetable pour la pluie Mayan recycl\u00e9 certifi\u00e9 GRS avec pochette de rangement - PERLE IN","robots":{"index":"noindex","follow":"follow","max-snippet":"max-snippet:-1","max-image-preview":"max-image-preview:large","max-video-preview":"max-video-preview:-1"},"og_locale":"en_US","og_type":"article","og_title":"Poncho jetable pour la pluie Mayan recycl\u00e9 certifi\u00e9 GRS avec pochette de rangement - PERLE IN","og_description":"Le poncho de pluie Mayan jetable taille unique est fabriqu\u00e9 en plastique 100\u00a0% certifi\u00e9 GRS. Ce poncho \u00e0 capuche transparent est id\u00e9al \u00e0 avoir avec soi quand on est sous une temp\u00eate de pluie lors d'un festival en plein air ou de tout autre \u00e9v\u00e9nement en plein air. Livr\u00e9 avec une pochette adapt\u00e9e \u00e0 l'impression. Dimensions\u00a0: 90 x 120 cm.","og_url":"https:\/\/perle-in.com\/en\/product\/poncho-jetable-pour-la-pluie-mayan-recycle-certifie-grs-avec-pochette-de-rangement\/","og_site_name":"PERLE IN","article_modified_time":"2025-10-19T03:46:35+00:00","og_image":[{"width":1600,"height":1600,"url":"https:\/\/perle-in.com\/wp-content\/uploads\/2025\/10\/10941701-1.jpg","type":"image\/jpeg"}],"twitter_card":"summary_large_image","schema":{"@context":"https:\/\/schema.org","@graph":[{"@type":"WebPage","@id":"https:\/\/perle-in.com\/produit\/poncho-jetable-pour-la-pluie-mayan-recycle-certifie-grs-avec-pochette-de-rangement\/","url":"https:\/\/perle-in.com\/produit\/poncho-jetable-pour-la-pluie-mayan-recycle-certifie-grs-avec-pochette-de-rangement\/","name":"Poncho jetable pour la pluie Mayan recycl\u00e9 certifi\u00e9 GRS avec pochette de rangement - PERLE IN","isPartOf":{"@id":"https:\/\/perle-in.com\/#website"},"primaryImageOfPage":{"@id":"https:\/\/perle-in.com\/produit\/poncho-jetable-pour-la-pluie-mayan-recycle-certifie-grs-avec-pochette-de-rangement\/#primaryimage"},"image":{"@id":"https:\/\/perle-in.com\/produit\/poncho-jetable-pour-la-pluie-mayan-recycle-certifie-grs-avec-pochette-de-rangement\/#primaryimage"},"thumbnailUrl":"https:\/\/perle-in.com\/wp-content\/uploads\/2025\/10\/10941701-1.jpg","datePublished":"2025-10-14T22:47:38+00:00","dateModified":"2025-10-19T03:46:35+00:00","breadcrumb":{"@id":"https:\/\/perle-in.com\/produit\/poncho-jetable-pour-la-pluie-mayan-recycle-certifie-grs-avec-pochette-de-rangement\/#breadcrumb"},"inLanguage":"en-CA","potentialAction":[{"@type":"ReadAction","target":["https:\/\/perle-in.com\/produit\/poncho-jetable-pour-la-pluie-mayan-recycle-certifie-grs-avec-pochette-de-rangement\/"]}]},{"@type":"ImageObject","inLanguage":"en-CA","@id":"https:\/\/perle-in.com\/produit\/poncho-jetable-pour-la-pluie-mayan-recycle-certifie-grs-avec-pochette-de-rangement\/#primaryimage","url":"https:\/\/perle-in.com\/wp-content\/uploads\/2025\/10\/10941701-1.jpg","contentUrl":"https:\/\/perle-in.com\/wp-content\/uploads\/2025\/10\/10941701-1.jpg","width":1600,"height":1600},{"@type":"BreadcrumbList","@id":"https:\/\/perle-in.com\/produit\/poncho-jetable-pour-la-pluie-mayan-recycle-certifie-grs-avec-pochette-de-rangement\/#breadcrumb","itemListElement":[{"@type":"ListItem","position":1,"name":"Accueil","item":"https:\/\/perle-in.com\/"},{"@type":"ListItem","position":2,"name":"Boutique","item":"https:\/\/perle-in.com\/boutique\/"},{"@type":"ListItem","position":3,"name":"Poncho jetable pour la pluie Mayan recycl\u00e9 certifi\u00e9 GRS avec pochette de rangement"}]},{"@type":"WebSite","@id":"https:\/\/perle-in.com\/#website","url":"https:\/\/perle-in.com\/","name":"PERLE IN","description":"","publisher":{"@id":"https:\/\/perle-in.com\/#organization"},"potentialAction":[{"@type":"SearchAction","target":{"@type":"EntryPoint","urlTemplate":"https:\/\/perle-in.com\/?s={search_term_string}"},"query-input":{"@type":"PropertyValueSpecification","valueRequired":true,"valueName":"search_term_string"}}],"inLanguage":"en-CA"},{"@type":"Organization","@id":"https:\/\/perle-in.com\/#organization","name":"PERLE IN","url":"https:\/\/perle-in.com\/","logo":{"@type":"ImageObject","inLanguage":"en-CA","@id":"https:\/\/perle-in.com\/#\/schema\/logo\/image\/","url":"https:\/\/perle-in.com\/wp-content\/uploads\/2022\/12\/LOGO-PERLE-IN-COULEUR@3x.webp","contentUrl":"https:\/\/perle-in.com\/wp-content\/uploads\/2022\/12\/LOGO-PERLE-IN-COULEUR@3x.webp","width":1600,"height":490,"caption":"PERLE IN"},"image":{"@id":"https:\/\/perle-in.com\/#\/schema\/logo\/image\/"}}]}},"jetpack_sharing_enabled":true,"_links":{"self":[{"href":"https:\/\/perle-in.com\/en\/wp-json\/wp\/v2\/product\/538596","targetHints":{"allow":["GET"]}}],"collection":[{"href":"https:\/\/perle-in.com\/en\/wp-json\/wp\/v2\/product"}],"about":[{"href":"https:\/\/perle-in.com\/en\/wp-json\/wp\/v2\/types\/product"}],"version-history":[{"count":0,"href":"https:\/\/perle-in.com\/en\/wp-json\/wp\/v2\/product\/538596\/revisions"}],"wp:featuredmedia":[{"embeddable":true,"href":"https:\/\/perle-in.com\/en\/wp-json\/wp\/v2\/media\/538585"}],"wp:attachment":[{"href":"https:\/\/perle-in.com\/en\/wp-json\/wp\/v2\/media?parent=538596"}],"wp:term":[{"taxonomy":"product_brand","embeddable":true,"href":"https:\/\/perle-in.com\/en\/wp-json\/wp\/v2\/product_brand?post=538596"},{"taxonomy":"product_cat","embeddable":true,"href":"https:\/\/perle-in.com\/en\/wp-json\/wp\/v2\/product_cat?post=538596"},{"taxonomy":"product_tag","embeddable":true,"href":"https:\/\/perle-in.com\/en\/wp-json\/wp\/v2\/product_tag?post=538596"}],"curies":[{"name":"wp","href":"https:\/\/api.w.org\/{rel}","templated":true}]}}