{"id":538518,"date":"2025-10-15T00:41:23","date_gmt":"2025-10-14T22:41:23","guid":{"rendered":"https:\/\/perle-in.com\/produit\/bocal-a-dejeuner-doveron-de-500-ml-en-acier-inoxydable-recycle\/"},"modified":"2025-10-19T05:46:21","modified_gmt":"2025-10-19T03:46:21","slug":"bocal-a-dejeuner-doveron-de-500-ml-en-acier-inoxydable-recycle","status":"publish","type":"product","link":"https:\/\/perle-in.com\/en\/product\/bocal-a-dejeuner-doveron-de-500-ml-en-acier-inoxydable-recycle\/","title":{"rendered":"Bocal \u00e0 d\u00e9jeuner Doveron de 500\u00a0ml en acier inoxydable recycl\u00e9"},"content":{"rendered":"","protected":false},"excerpt":{"rendered":"<p>Le bocal \u00e0 d\u00e9jeuner isolant Doveron est fabriqu\u00e9 en acier inoxydable recycl\u00e9, ce qui en fait un choix plus durable que les bo\u00eetes repas jetables et en plastique. Garde les aliments au chaud pendant environ 8 heures ou au froid pendant environ 24 heures. Chaque bo\u00eete \u00e0 lunch est emball\u00e9e dans un sac en poly\u00e9thyl\u00e8ne recycl\u00e9, puis mise dans une bo\u00eete en papier Kraft recycl\u00e9. Cet article ne passe pas au lave-vaisselle ni au micro-ondes. Capacit\u00e9\u00a0: 500\u00a0ml.<\/p>","protected":false},"featured_media":538503,"template":"","meta":{"_eb_attr":""},"product_brand":[],"product_cat":[1232,150],"product_tag":[2826,3110,3012,2827,837,2850,880,836],"class_list":{"0":"post-538518","1":"product","2":"type-product","3":"status-publish","4":"has-post-thumbnail","6":"product_cat-boites-repas","7":"product_cat-maison-et-cuisine","8":"product_tag-bocal","9":"product_tag-boite-a-dejeuner","10":"product_tag-boite-a-lunch","11":"product_tag-dejeuner","12":"product_tag-durable","13":"product_tag-nordic","14":"product_tag-nourriture","15":"product_tag-recycle","16":"pa_couleurs-blanc","17":"pa_couleurs-bleu-glacier","18":"pa_couleurs-noir","19":"pa_couleurs-vert-bruyere","20":"pa_marque-seasons","21":"pa_matiere-acier-inoxydable-recycle-plastique-pp-recycle","23":"first","24":"instock","25":"shipping-taxable","26":"purchasable","27":"product-type-variable"},"yoast_head":"<!-- This site is optimized with the Yoast SEO plugin v27.4 - https:\/\/yoast.com\/product\/yoast-seo-wordpress\/ -->\n<title>Bocal \u00e0 d\u00e9jeuner Doveron de 500\u00a0ml en acier inoxydable recycl\u00e9 - PERLE IN<\/title>\n<meta name=\"robots\" content=\"noindex, follow, max-snippet:-1, max-image-preview:large, max-video-preview:-1\" \/>\n<meta property=\"og:locale\" content=\"en_US\" \/>\n<meta property=\"og:type\" content=\"article\" \/>\n<meta property=\"og:title\" content=\"Bocal \u00e0 d\u00e9jeuner Doveron de 500\u00a0ml en acier inoxydable recycl\u00e9 - PERLE IN\" \/>\n<meta property=\"og:description\" content=\"Le bocal \u00e0 d\u00e9jeuner isolant Doveron est fabriqu\u00e9 en acier inoxydable recycl\u00e9, ce qui en fait un choix plus durable que les bo\u00eetes repas jetables et en plastique. Garde les aliments au chaud pendant environ 8 heures ou au froid pendant environ 24 heures. Chaque bo\u00eete \u00e0 lunch est emball\u00e9e dans un sac en poly\u00e9thyl\u00e8ne recycl\u00e9, puis mise dans une bo\u00eete en papier Kraft recycl\u00e9. Cet article ne passe pas au lave-vaisselle ni au micro-ondes. Capacit\u00e9\u00a0: 500\u00a0ml.\" \/>\n<meta property=\"og:url\" content=\"https:\/\/perle-in.com\/en\/product\/bocal-a-dejeuner-doveron-de-500-ml-en-acier-inoxydable-recycle\/\" \/>\n<meta property=\"og:site_name\" content=\"PERLE IN\" \/>\n<meta property=\"article:modified_time\" content=\"2025-10-19T03:46:21+00:00\" \/>\n<meta property=\"og:image\" content=\"https:\/\/perle-in.com\/wp-content\/uploads\/2025\/10\/11334001-1.jpg\" \/>\n\t<meta property=\"og:image:width\" content=\"1600\" \/>\n\t<meta property=\"og:image:height\" content=\"1600\" \/>\n\t<meta property=\"og:image:type\" content=\"image\/jpeg\" \/>\n<meta name=\"twitter:card\" content=\"summary_large_image\" \/>\n<script type=\"application\/ld+json\" class=\"yoast-schema-graph\">{\"@context\":\"https:\\\/\\\/schema.org\",\"@graph\":[{\"@type\":\"WebPage\",\"@id\":\"https:\\\/\\\/perle-in.com\\\/produit\\\/bocal-a-dejeuner-doveron-de-500-ml-en-acier-inoxydable-recycle\\\/\",\"url\":\"https:\\\/\\\/perle-in.com\\\/produit\\\/bocal-a-dejeuner-doveron-de-500-ml-en-acier-inoxydable-recycle\\\/\",\"name\":\"Bocal \u00e0 d\u00e9jeuner Doveron de 500\u00a0ml en acier inoxydable recycl\u00e9 - PERLE IN\",\"isPartOf\":{\"@id\":\"https:\\\/\\\/perle-in.com\\\/#website\"},\"primaryImageOfPage\":{\"@id\":\"https:\\\/\\\/perle-in.com\\\/produit\\\/bocal-a-dejeuner-doveron-de-500-ml-en-acier-inoxydable-recycle\\\/#primaryimage\"},\"image\":{\"@id\":\"https:\\\/\\\/perle-in.com\\\/produit\\\/bocal-a-dejeuner-doveron-de-500-ml-en-acier-inoxydable-recycle\\\/#primaryimage\"},\"thumbnailUrl\":\"https:\\\/\\\/perle-in.com\\\/wp-content\\\/uploads\\\/2025\\\/10\\\/11334001-1.jpg\",\"datePublished\":\"2025-10-14T22:41:23+00:00\",\"dateModified\":\"2025-10-19T03:46:21+00:00\",\"breadcrumb\":{\"@id\":\"https:\\\/\\\/perle-in.com\\\/produit\\\/bocal-a-dejeuner-doveron-de-500-ml-en-acier-inoxydable-recycle\\\/#breadcrumb\"},\"inLanguage\":\"en-CA\",\"potentialAction\":[{\"@type\":\"ReadAction\",\"target\":[\"https:\\\/\\\/perle-in.com\\\/produit\\\/bocal-a-dejeuner-doveron-de-500-ml-en-acier-inoxydable-recycle\\\/\"]}]},{\"@type\":\"ImageObject\",\"inLanguage\":\"en-CA\",\"@id\":\"https:\\\/\\\/perle-in.com\\\/produit\\\/bocal-a-dejeuner-doveron-de-500-ml-en-acier-inoxydable-recycle\\\/#primaryimage\",\"url\":\"https:\\\/\\\/perle-in.com\\\/wp-content\\\/uploads\\\/2025\\\/10\\\/11334001-1.jpg\",\"contentUrl\":\"https:\\\/\\\/perle-in.com\\\/wp-content\\\/uploads\\\/2025\\\/10\\\/11334001-1.jpg\",\"width\":1600,\"height\":1600},{\"@type\":\"BreadcrumbList\",\"@id\":\"https:\\\/\\\/perle-in.com\\\/produit\\\/bocal-a-dejeuner-doveron-de-500-ml-en-acier-inoxydable-recycle\\\/#breadcrumb\",\"itemListElement\":[{\"@type\":\"ListItem\",\"position\":1,\"name\":\"Accueil\",\"item\":\"https:\\\/\\\/perle-in.com\\\/\"},{\"@type\":\"ListItem\",\"position\":2,\"name\":\"Boutique\",\"item\":\"https:\\\/\\\/perle-in.com\\\/boutique\\\/\"},{\"@type\":\"ListItem\",\"position\":3,\"name\":\"Bocal \u00e0 d\u00e9jeuner Doveron de 500\u00a0ml en acier inoxydable recycl\u00e9\"}]},{\"@type\":\"WebSite\",\"@id\":\"https:\\\/\\\/perle-in.com\\\/#website\",\"url\":\"https:\\\/\\\/perle-in.com\\\/\",\"name\":\"PERLE IN\",\"description\":\"\",\"publisher\":{\"@id\":\"https:\\\/\\\/perle-in.com\\\/#organization\"},\"potentialAction\":[{\"@type\":\"SearchAction\",\"target\":{\"@type\":\"EntryPoint\",\"urlTemplate\":\"https:\\\/\\\/perle-in.com\\\/?s={search_term_string}\"},\"query-input\":{\"@type\":\"PropertyValueSpecification\",\"valueRequired\":true,\"valueName\":\"search_term_string\"}}],\"inLanguage\":\"en-CA\"},{\"@type\":\"Organization\",\"@id\":\"https:\\\/\\\/perle-in.com\\\/#organization\",\"name\":\"PERLE IN\",\"url\":\"https:\\\/\\\/perle-in.com\\\/\",\"logo\":{\"@type\":\"ImageObject\",\"inLanguage\":\"en-CA\",\"@id\":\"https:\\\/\\\/perle-in.com\\\/#\\\/schema\\\/logo\\\/image\\\/\",\"url\":\"https:\\\/\\\/perle-in.com\\\/wp-content\\\/uploads\\\/2022\\\/12\\\/LOGO-PERLE-IN-COULEUR@3x.webp\",\"contentUrl\":\"https:\\\/\\\/perle-in.com\\\/wp-content\\\/uploads\\\/2022\\\/12\\\/LOGO-PERLE-IN-COULEUR@3x.webp\",\"width\":1600,\"height\":490,\"caption\":\"PERLE IN\"},\"image\":{\"@id\":\"https:\\\/\\\/perle-in.com\\\/#\\\/schema\\\/logo\\\/image\\\/\"}}]}<\/script>\n<!-- \/ Yoast SEO plugin. -->","yoast_head_json":{"title":"Bocal \u00e0 d\u00e9jeuner Doveron de 500\u00a0ml en acier inoxydable recycl\u00e9 - PERLE IN","robots":{"index":"noindex","follow":"follow","max-snippet":"max-snippet:-1","max-image-preview":"max-image-preview:large","max-video-preview":"max-video-preview:-1"},"og_locale":"en_US","og_type":"article","og_title":"Bocal \u00e0 d\u00e9jeuner Doveron de 500\u00a0ml en acier inoxydable recycl\u00e9 - PERLE IN","og_description":"Le bocal \u00e0 d\u00e9jeuner isolant Doveron est fabriqu\u00e9 en acier inoxydable recycl\u00e9, ce qui en fait un choix plus durable que les bo\u00eetes repas jetables et en plastique. Garde les aliments au chaud pendant environ 8 heures ou au froid pendant environ 24 heures. Chaque bo\u00eete \u00e0 lunch est emball\u00e9e dans un sac en poly\u00e9thyl\u00e8ne recycl\u00e9, puis mise dans une bo\u00eete en papier Kraft recycl\u00e9. Cet article ne passe pas au lave-vaisselle ni au micro-ondes. Capacit\u00e9\u00a0: 500\u00a0ml.","og_url":"https:\/\/perle-in.com\/en\/product\/bocal-a-dejeuner-doveron-de-500-ml-en-acier-inoxydable-recycle\/","og_site_name":"PERLE IN","article_modified_time":"2025-10-19T03:46:21+00:00","og_image":[{"width":1600,"height":1600,"url":"https:\/\/perle-in.com\/wp-content\/uploads\/2025\/10\/11334001-1.jpg","type":"image\/jpeg"}],"twitter_card":"summary_large_image","schema":{"@context":"https:\/\/schema.org","@graph":[{"@type":"WebPage","@id":"https:\/\/perle-in.com\/produit\/bocal-a-dejeuner-doveron-de-500-ml-en-acier-inoxydable-recycle\/","url":"https:\/\/perle-in.com\/produit\/bocal-a-dejeuner-doveron-de-500-ml-en-acier-inoxydable-recycle\/","name":"Bocal \u00e0 d\u00e9jeuner Doveron de 500\u00a0ml en acier inoxydable recycl\u00e9 - PERLE IN","isPartOf":{"@id":"https:\/\/perle-in.com\/#website"},"primaryImageOfPage":{"@id":"https:\/\/perle-in.com\/produit\/bocal-a-dejeuner-doveron-de-500-ml-en-acier-inoxydable-recycle\/#primaryimage"},"image":{"@id":"https:\/\/perle-in.com\/produit\/bocal-a-dejeuner-doveron-de-500-ml-en-acier-inoxydable-recycle\/#primaryimage"},"thumbnailUrl":"https:\/\/perle-in.com\/wp-content\/uploads\/2025\/10\/11334001-1.jpg","datePublished":"2025-10-14T22:41:23+00:00","dateModified":"2025-10-19T03:46:21+00:00","breadcrumb":{"@id":"https:\/\/perle-in.com\/produit\/bocal-a-dejeuner-doveron-de-500-ml-en-acier-inoxydable-recycle\/#breadcrumb"},"inLanguage":"en-CA","potentialAction":[{"@type":"ReadAction","target":["https:\/\/perle-in.com\/produit\/bocal-a-dejeuner-doveron-de-500-ml-en-acier-inoxydable-recycle\/"]}]},{"@type":"ImageObject","inLanguage":"en-CA","@id":"https:\/\/perle-in.com\/produit\/bocal-a-dejeuner-doveron-de-500-ml-en-acier-inoxydable-recycle\/#primaryimage","url":"https:\/\/perle-in.com\/wp-content\/uploads\/2025\/10\/11334001-1.jpg","contentUrl":"https:\/\/perle-in.com\/wp-content\/uploads\/2025\/10\/11334001-1.jpg","width":1600,"height":1600},{"@type":"BreadcrumbList","@id":"https:\/\/perle-in.com\/produit\/bocal-a-dejeuner-doveron-de-500-ml-en-acier-inoxydable-recycle\/#breadcrumb","itemListElement":[{"@type":"ListItem","position":1,"name":"Accueil","item":"https:\/\/perle-in.com\/"},{"@type":"ListItem","position":2,"name":"Boutique","item":"https:\/\/perle-in.com\/boutique\/"},{"@type":"ListItem","position":3,"name":"Bocal \u00e0 d\u00e9jeuner Doveron de 500\u00a0ml en acier inoxydable recycl\u00e9"}]},{"@type":"WebSite","@id":"https:\/\/perle-in.com\/#website","url":"https:\/\/perle-in.com\/","name":"PERLE IN","description":"","publisher":{"@id":"https:\/\/perle-in.com\/#organization"},"potentialAction":[{"@type":"SearchAction","target":{"@type":"EntryPoint","urlTemplate":"https:\/\/perle-in.com\/?s={search_term_string}"},"query-input":{"@type":"PropertyValueSpecification","valueRequired":true,"valueName":"search_term_string"}}],"inLanguage":"en-CA"},{"@type":"Organization","@id":"https:\/\/perle-in.com\/#organization","name":"PERLE IN","url":"https:\/\/perle-in.com\/","logo":{"@type":"ImageObject","inLanguage":"en-CA","@id":"https:\/\/perle-in.com\/#\/schema\/logo\/image\/","url":"https:\/\/perle-in.com\/wp-content\/uploads\/2022\/12\/LOGO-PERLE-IN-COULEUR@3x.webp","contentUrl":"https:\/\/perle-in.com\/wp-content\/uploads\/2022\/12\/LOGO-PERLE-IN-COULEUR@3x.webp","width":1600,"height":490,"caption":"PERLE IN"},"image":{"@id":"https:\/\/perle-in.com\/#\/schema\/logo\/image\/"}}]}},"jetpack_sharing_enabled":true,"_links":{"self":[{"href":"https:\/\/perle-in.com\/en\/wp-json\/wp\/v2\/product\/538518","targetHints":{"allow":["GET"]}}],"collection":[{"href":"https:\/\/perle-in.com\/en\/wp-json\/wp\/v2\/product"}],"about":[{"href":"https:\/\/perle-in.com\/en\/wp-json\/wp\/v2\/types\/product"}],"version-history":[{"count":0,"href":"https:\/\/perle-in.com\/en\/wp-json\/wp\/v2\/product\/538518\/revisions"}],"wp:featuredmedia":[{"embeddable":true,"href":"https:\/\/perle-in.com\/en\/wp-json\/wp\/v2\/media\/538503"}],"wp:attachment":[{"href":"https:\/\/perle-in.com\/en\/wp-json\/wp\/v2\/media?parent=538518"}],"wp:term":[{"taxonomy":"product_brand","embeddable":true,"href":"https:\/\/perle-in.com\/en\/wp-json\/wp\/v2\/product_brand?post=538518"},{"taxonomy":"product_cat","embeddable":true,"href":"https:\/\/perle-in.com\/en\/wp-json\/wp\/v2\/product_cat?post=538518"},{"taxonomy":"product_tag","embeddable":true,"href":"https:\/\/perle-in.com\/en\/wp-json\/wp\/v2\/product_tag?post=538518"}],"curies":[{"name":"wp","href":"https:\/\/api.w.org\/{rel}","templated":true}]}}