{"id":538501,"date":"2025-10-15T00:39:30","date_gmt":"2025-10-14T22:39:30","guid":{"rendered":"https:\/\/perle-in.com\/produit\/boite-repas-titan-en-acier-inoxydable-recycle-750-ml\/"},"modified":"2025-10-19T05:46:21","modified_gmt":"2025-10-19T03:46:21","slug":"boite-repas-titan-en-acier-inoxydable-recycle-750-ml","status":"publish","type":"product","link":"https:\/\/perle-in.com\/en\/product\/boite-repas-titan-en-acier-inoxydable-recycle-750-ml\/","title":{"rendered":"Bo\u00eete repas Titan en acier inoxydable recycl\u00e9 750 ml"},"content":{"rendered":"","protected":false},"excerpt":{"rendered":"<p>La bo\u00eete \u00e0 lunch Titan est fabriqu\u00e9e en acier inoxydable recycl\u00e9, ce qui en fait un choix plus durable que les bo\u00eetes \u00e0 lunch traditionnelles. Emball\u00e9e dans un sac en poly\u00e9thyl\u00e8ne recycl\u00e9, puis mise dans une bo\u00eete en papier Kraft recycl\u00e9. Capacit\u00e9\u00a0: 750 ml. Passe au lave-vaisselle.<\/p>","protected":false},"featured_media":538493,"template":"","meta":{"_eb_attr":""},"product_brand":[],"product_cat":[1232,150],"product_tag":[3110,3012,2827,837,880,836],"class_list":{"0":"post-538501","1":"product","2":"type-product","3":"status-publish","4":"has-post-thumbnail","6":"product_cat-boites-repas","7":"product_cat-maison-et-cuisine","8":"product_tag-boite-a-dejeuner","9":"product_tag-boite-a-lunch","10":"product_tag-dejeuner","11":"product_tag-durable","12":"product_tag-nourriture","13":"product_tag-recycle","14":"pa_couleurs-argent","15":"pa_marque-seasons","16":"pa_matiere-acier-inoxydable-recycle","18":"first","19":"instock","20":"shipping-taxable","21":"purchasable","22":"product-type-variable"},"yoast_head":"<!-- This site is optimized with the Yoast SEO plugin v27.4 - https:\/\/yoast.com\/product\/yoast-seo-wordpress\/ -->\n<title>Bo\u00eete repas Titan en acier inoxydable recycl\u00e9 750 ml - PERLE IN<\/title>\n<meta name=\"robots\" content=\"noindex, follow, max-snippet:-1, max-image-preview:large, max-video-preview:-1\" \/>\n<meta property=\"og:locale\" content=\"en_US\" \/>\n<meta property=\"og:type\" content=\"article\" \/>\n<meta property=\"og:title\" content=\"Bo\u00eete repas Titan en acier inoxydable recycl\u00e9 750 ml - PERLE IN\" \/>\n<meta property=\"og:description\" content=\"La bo\u00eete \u00e0 lunch Titan est fabriqu\u00e9e en acier inoxydable recycl\u00e9, ce qui en fait un choix plus durable que les bo\u00eetes \u00e0 lunch traditionnelles. Emball\u00e9e dans un sac en poly\u00e9thyl\u00e8ne recycl\u00e9, puis mise dans une bo\u00eete en papier Kraft recycl\u00e9. Capacit\u00e9\u00a0: 750 ml. Passe au lave-vaisselle.\" \/>\n<meta property=\"og:url\" content=\"https:\/\/perle-in.com\/en\/product\/boite-repas-titan-en-acier-inoxydable-recycle-750-ml\/\" \/>\n<meta property=\"og:site_name\" content=\"PERLE IN\" \/>\n<meta property=\"article:modified_time\" content=\"2025-10-19T03:46:21+00:00\" \/>\n<meta property=\"og:image\" content=\"https:\/\/perle-in.com\/wp-content\/uploads\/2025\/10\/11333981-1.jpg\" \/>\n\t<meta property=\"og:image:width\" content=\"1600\" \/>\n\t<meta property=\"og:image:height\" content=\"1600\" \/>\n\t<meta property=\"og:image:type\" content=\"image\/jpeg\" \/>\n<meta name=\"twitter:card\" content=\"summary_large_image\" \/>\n<script type=\"application\/ld+json\" class=\"yoast-schema-graph\">{\"@context\":\"https:\\\/\\\/schema.org\",\"@graph\":[{\"@type\":\"WebPage\",\"@id\":\"https:\\\/\\\/perle-in.com\\\/produit\\\/boite-repas-titan-en-acier-inoxydable-recycle-750-ml\\\/\",\"url\":\"https:\\\/\\\/perle-in.com\\\/produit\\\/boite-repas-titan-en-acier-inoxydable-recycle-750-ml\\\/\",\"name\":\"Bo\u00eete repas Titan en acier inoxydable recycl\u00e9 750 ml - PERLE IN\",\"isPartOf\":{\"@id\":\"https:\\\/\\\/perle-in.com\\\/#website\"},\"primaryImageOfPage\":{\"@id\":\"https:\\\/\\\/perle-in.com\\\/produit\\\/boite-repas-titan-en-acier-inoxydable-recycle-750-ml\\\/#primaryimage\"},\"image\":{\"@id\":\"https:\\\/\\\/perle-in.com\\\/produit\\\/boite-repas-titan-en-acier-inoxydable-recycle-750-ml\\\/#primaryimage\"},\"thumbnailUrl\":\"https:\\\/\\\/perle-in.com\\\/wp-content\\\/uploads\\\/2025\\\/10\\\/11333981-1.jpg\",\"datePublished\":\"2025-10-14T22:39:30+00:00\",\"dateModified\":\"2025-10-19T03:46:21+00:00\",\"breadcrumb\":{\"@id\":\"https:\\\/\\\/perle-in.com\\\/produit\\\/boite-repas-titan-en-acier-inoxydable-recycle-750-ml\\\/#breadcrumb\"},\"inLanguage\":\"en-CA\",\"potentialAction\":[{\"@type\":\"ReadAction\",\"target\":[\"https:\\\/\\\/perle-in.com\\\/produit\\\/boite-repas-titan-en-acier-inoxydable-recycle-750-ml\\\/\"]}]},{\"@type\":\"ImageObject\",\"inLanguage\":\"en-CA\",\"@id\":\"https:\\\/\\\/perle-in.com\\\/produit\\\/boite-repas-titan-en-acier-inoxydable-recycle-750-ml\\\/#primaryimage\",\"url\":\"https:\\\/\\\/perle-in.com\\\/wp-content\\\/uploads\\\/2025\\\/10\\\/11333981-1.jpg\",\"contentUrl\":\"https:\\\/\\\/perle-in.com\\\/wp-content\\\/uploads\\\/2025\\\/10\\\/11333981-1.jpg\",\"width\":1600,\"height\":1600},{\"@type\":\"BreadcrumbList\",\"@id\":\"https:\\\/\\\/perle-in.com\\\/produit\\\/boite-repas-titan-en-acier-inoxydable-recycle-750-ml\\\/#breadcrumb\",\"itemListElement\":[{\"@type\":\"ListItem\",\"position\":1,\"name\":\"Accueil\",\"item\":\"https:\\\/\\\/perle-in.com\\\/\"},{\"@type\":\"ListItem\",\"position\":2,\"name\":\"Boutique\",\"item\":\"https:\\\/\\\/perle-in.com\\\/boutique\\\/\"},{\"@type\":\"ListItem\",\"position\":3,\"name\":\"Bo\u00eete repas Titan en acier inoxydable recycl\u00e9 750 ml\"}]},{\"@type\":\"WebSite\",\"@id\":\"https:\\\/\\\/perle-in.com\\\/#website\",\"url\":\"https:\\\/\\\/perle-in.com\\\/\",\"name\":\"PERLE IN\",\"description\":\"\",\"publisher\":{\"@id\":\"https:\\\/\\\/perle-in.com\\\/#organization\"},\"potentialAction\":[{\"@type\":\"SearchAction\",\"target\":{\"@type\":\"EntryPoint\",\"urlTemplate\":\"https:\\\/\\\/perle-in.com\\\/?s={search_term_string}\"},\"query-input\":{\"@type\":\"PropertyValueSpecification\",\"valueRequired\":true,\"valueName\":\"search_term_string\"}}],\"inLanguage\":\"en-CA\"},{\"@type\":\"Organization\",\"@id\":\"https:\\\/\\\/perle-in.com\\\/#organization\",\"name\":\"PERLE IN\",\"url\":\"https:\\\/\\\/perle-in.com\\\/\",\"logo\":{\"@type\":\"ImageObject\",\"inLanguage\":\"en-CA\",\"@id\":\"https:\\\/\\\/perle-in.com\\\/#\\\/schema\\\/logo\\\/image\\\/\",\"url\":\"https:\\\/\\\/perle-in.com\\\/wp-content\\\/uploads\\\/2022\\\/12\\\/LOGO-PERLE-IN-COULEUR@3x.webp\",\"contentUrl\":\"https:\\\/\\\/perle-in.com\\\/wp-content\\\/uploads\\\/2022\\\/12\\\/LOGO-PERLE-IN-COULEUR@3x.webp\",\"width\":1600,\"height\":490,\"caption\":\"PERLE IN\"},\"image\":{\"@id\":\"https:\\\/\\\/perle-in.com\\\/#\\\/schema\\\/logo\\\/image\\\/\"}}]}<\/script>\n<!-- \/ Yoast SEO plugin. -->","yoast_head_json":{"title":"Bo\u00eete repas Titan en acier inoxydable recycl\u00e9 750 ml - PERLE IN","robots":{"index":"noindex","follow":"follow","max-snippet":"max-snippet:-1","max-image-preview":"max-image-preview:large","max-video-preview":"max-video-preview:-1"},"og_locale":"en_US","og_type":"article","og_title":"Bo\u00eete repas Titan en acier inoxydable recycl\u00e9 750 ml - PERLE IN","og_description":"La bo\u00eete \u00e0 lunch Titan est fabriqu\u00e9e en acier inoxydable recycl\u00e9, ce qui en fait un choix plus durable que les bo\u00eetes \u00e0 lunch traditionnelles. Emball\u00e9e dans un sac en poly\u00e9thyl\u00e8ne recycl\u00e9, puis mise dans une bo\u00eete en papier Kraft recycl\u00e9. Capacit\u00e9\u00a0: 750 ml. Passe au lave-vaisselle.","og_url":"https:\/\/perle-in.com\/en\/product\/boite-repas-titan-en-acier-inoxydable-recycle-750-ml\/","og_site_name":"PERLE IN","article_modified_time":"2025-10-19T03:46:21+00:00","og_image":[{"width":1600,"height":1600,"url":"https:\/\/perle-in.com\/wp-content\/uploads\/2025\/10\/11333981-1.jpg","type":"image\/jpeg"}],"twitter_card":"summary_large_image","schema":{"@context":"https:\/\/schema.org","@graph":[{"@type":"WebPage","@id":"https:\/\/perle-in.com\/produit\/boite-repas-titan-en-acier-inoxydable-recycle-750-ml\/","url":"https:\/\/perle-in.com\/produit\/boite-repas-titan-en-acier-inoxydable-recycle-750-ml\/","name":"Bo\u00eete repas Titan en acier inoxydable recycl\u00e9 750 ml - PERLE IN","isPartOf":{"@id":"https:\/\/perle-in.com\/#website"},"primaryImageOfPage":{"@id":"https:\/\/perle-in.com\/produit\/boite-repas-titan-en-acier-inoxydable-recycle-750-ml\/#primaryimage"},"image":{"@id":"https:\/\/perle-in.com\/produit\/boite-repas-titan-en-acier-inoxydable-recycle-750-ml\/#primaryimage"},"thumbnailUrl":"https:\/\/perle-in.com\/wp-content\/uploads\/2025\/10\/11333981-1.jpg","datePublished":"2025-10-14T22:39:30+00:00","dateModified":"2025-10-19T03:46:21+00:00","breadcrumb":{"@id":"https:\/\/perle-in.com\/produit\/boite-repas-titan-en-acier-inoxydable-recycle-750-ml\/#breadcrumb"},"inLanguage":"en-CA","potentialAction":[{"@type":"ReadAction","target":["https:\/\/perle-in.com\/produit\/boite-repas-titan-en-acier-inoxydable-recycle-750-ml\/"]}]},{"@type":"ImageObject","inLanguage":"en-CA","@id":"https:\/\/perle-in.com\/produit\/boite-repas-titan-en-acier-inoxydable-recycle-750-ml\/#primaryimage","url":"https:\/\/perle-in.com\/wp-content\/uploads\/2025\/10\/11333981-1.jpg","contentUrl":"https:\/\/perle-in.com\/wp-content\/uploads\/2025\/10\/11333981-1.jpg","width":1600,"height":1600},{"@type":"BreadcrumbList","@id":"https:\/\/perle-in.com\/produit\/boite-repas-titan-en-acier-inoxydable-recycle-750-ml\/#breadcrumb","itemListElement":[{"@type":"ListItem","position":1,"name":"Accueil","item":"https:\/\/perle-in.com\/"},{"@type":"ListItem","position":2,"name":"Boutique","item":"https:\/\/perle-in.com\/boutique\/"},{"@type":"ListItem","position":3,"name":"Bo\u00eete repas Titan en acier inoxydable recycl\u00e9 750 ml"}]},{"@type":"WebSite","@id":"https:\/\/perle-in.com\/#website","url":"https:\/\/perle-in.com\/","name":"PERLE IN","description":"","publisher":{"@id":"https:\/\/perle-in.com\/#organization"},"potentialAction":[{"@type":"SearchAction","target":{"@type":"EntryPoint","urlTemplate":"https:\/\/perle-in.com\/?s={search_term_string}"},"query-input":{"@type":"PropertyValueSpecification","valueRequired":true,"valueName":"search_term_string"}}],"inLanguage":"en-CA"},{"@type":"Organization","@id":"https:\/\/perle-in.com\/#organization","name":"PERLE IN","url":"https:\/\/perle-in.com\/","logo":{"@type":"ImageObject","inLanguage":"en-CA","@id":"https:\/\/perle-in.com\/#\/schema\/logo\/image\/","url":"https:\/\/perle-in.com\/wp-content\/uploads\/2022\/12\/LOGO-PERLE-IN-COULEUR@3x.webp","contentUrl":"https:\/\/perle-in.com\/wp-content\/uploads\/2022\/12\/LOGO-PERLE-IN-COULEUR@3x.webp","width":1600,"height":490,"caption":"PERLE IN"},"image":{"@id":"https:\/\/perle-in.com\/#\/schema\/logo\/image\/"}}]}},"jetpack_sharing_enabled":true,"_links":{"self":[{"href":"https:\/\/perle-in.com\/en\/wp-json\/wp\/v2\/product\/538501","targetHints":{"allow":["GET"]}}],"collection":[{"href":"https:\/\/perle-in.com\/en\/wp-json\/wp\/v2\/product"}],"about":[{"href":"https:\/\/perle-in.com\/en\/wp-json\/wp\/v2\/types\/product"}],"version-history":[{"count":0,"href":"https:\/\/perle-in.com\/en\/wp-json\/wp\/v2\/product\/538501\/revisions"}],"wp:featuredmedia":[{"embeddable":true,"href":"https:\/\/perle-in.com\/en\/wp-json\/wp\/v2\/media\/538493"}],"wp:attachment":[{"href":"https:\/\/perle-in.com\/en\/wp-json\/wp\/v2\/media?parent=538501"}],"wp:term":[{"taxonomy":"product_brand","embeddable":true,"href":"https:\/\/perle-in.com\/en\/wp-json\/wp\/v2\/product_brand?post=538501"},{"taxonomy":"product_cat","embeddable":true,"href":"https:\/\/perle-in.com\/en\/wp-json\/wp\/v2\/product_cat?post=538501"},{"taxonomy":"product_tag","embeddable":true,"href":"https:\/\/perle-in.com\/en\/wp-json\/wp\/v2\/product_tag?post=538501"}],"curies":[{"name":"wp","href":"https:\/\/api.w.org\/{rel}","templated":true}]}}