{"id":538454,"date":"2025-10-15T00:35:23","date_gmt":"2025-10-14T22:35:23","guid":{"rendered":"https:\/\/perle-in.com\/produit\/ensemble-cadeau-stylo-bille-et-stylo-roller-lucetto-en-aluminium-recycle-encre-noire\/"},"modified":"2025-10-19T05:46:21","modified_gmt":"2025-10-19T03:46:21","slug":"ensemble-cadeau-stylo-bille-et-stylo-roller-lucetto-en-aluminium-recycle-encre-noire","status":"publish","type":"product","link":"https:\/\/perle-in.com\/en\/product\/ensemble-cadeau-stylo-bille-et-stylo-roller-lucetto-en-aluminium-recycle-encre-noire\/","title":{"rendered":"Ensemble-cadeau stylo bille et stylo roller Lucetto en aluminium recycl\u00e9 (encre noire)"},"content":{"rendered":"","protected":false},"excerpt":{"rendered":"<p>Les corps de stylo de cet ensemble de stylo bille et stylo roller sont fabriqu\u00e9s en aluminium recycl\u00e9 anodis\u00e9 de couleur mate avec des accessoires chrom\u00e9s brillants. L&#8217;aluminium est un mat\u00e9riau hautement recyclable et en choisissant cet ensemble de stylos, vous pouvez soutenir des pratiques plus durables et donner une nouvelle vie aux mat\u00e9riaux en aluminium mis au rebut. Ces stylos sont une option pratique et plus durable pour les personnes et les organisations \u00e0 la recherche d&#8217;instruments d&#8217;\u00e9criture respectueux de l&#8217;environnement. Couleur d&#8217;encre du stylo\u00a0: Noire. Taille de la plume\u00a0: 1,0\u00a0mm. Longueur d&#8217;\u00e9criture\u00a0: 800\u00a0m\u00e8tres. Livr\u00e9 dans un coffret cadeau noir avec un ruban de soie noir. Taille de la bo\u00eete\u00a0: 16,2 x 5,1 x 2,7 cm.<\/p>","protected":false},"featured_media":538445,"template":"","meta":{"_eb_attr":""},"product_brand":[],"product_cat":[1246,552],"product_tag":[837,1573,836,1457,561],"class_list":{"0":"post-538454","1":"product","2":"type-product","3":"status-publish","4":"has-post-thumbnail","6":"product_cat-parure-de-stylos","7":"product_cat-stylos-et-ecriture","8":"product_tag-durable","9":"product_tag-ensemble","10":"product_tag-recycle","11":"product_tag-roller","12":"product_tag-stylo","13":"pa_couleurs-argent","14":"pa_couleurs-gris","15":"pa_couleurs-noir","16":"pa_marque-luxe","17":"pa_matiere-aluminium-recycle","19":"first","20":"instock","21":"shipping-taxable","22":"purchasable","23":"product-type-variable"},"yoast_head":"<!-- This site is optimized with the Yoast SEO plugin v27.4 - https:\/\/yoast.com\/product\/yoast-seo-wordpress\/ -->\n<title>Ensemble-cadeau stylo bille et stylo roller Lucetto en aluminium recycl\u00e9 (encre noire) - PERLE IN<\/title>\n<meta name=\"robots\" content=\"noindex, follow, max-snippet:-1, max-image-preview:large, max-video-preview:-1\" \/>\n<meta property=\"og:locale\" content=\"en_US\" \/>\n<meta property=\"og:type\" content=\"article\" \/>\n<meta property=\"og:title\" content=\"Ensemble-cadeau stylo bille et stylo roller Lucetto en aluminium recycl\u00e9 (encre noire) - PERLE IN\" \/>\n<meta property=\"og:description\" content=\"Les corps de stylo de cet ensemble de stylo bille et stylo roller sont fabriqu\u00e9s en aluminium recycl\u00e9 anodis\u00e9 de couleur mate avec des accessoires chrom\u00e9s brillants. L&#039;aluminium est un mat\u00e9riau hautement recyclable et en choisissant cet ensemble de stylos, vous pouvez soutenir des pratiques plus durables et donner une nouvelle vie aux mat\u00e9riaux en aluminium mis au rebut. Ces stylos sont une option pratique et plus durable pour les personnes et les organisations \u00e0 la recherche d&#039;instruments d&#039;\u00e9criture respectueux de l&#039;environnement. Couleur d&#039;encre du stylo\u00a0: Noire. Taille de la plume\u00a0: 1,0\u00a0mm. Longueur d&#039;\u00e9criture\u00a0: 800\u00a0m\u00e8tres. Livr\u00e9 dans un coffret cadeau noir avec un ruban de soie noir. Taille de la bo\u00eete\u00a0: 16,2 x 5,1 x 2,7 cm.\" \/>\n<meta property=\"og:url\" content=\"https:\/\/perle-in.com\/en\/product\/ensemble-cadeau-stylo-bille-et-stylo-roller-lucetto-en-aluminium-recycle-encre-noire\/\" \/>\n<meta property=\"og:site_name\" content=\"PERLE IN\" \/>\n<meta property=\"article:modified_time\" content=\"2025-10-19T03:46:21+00:00\" \/>\n<meta property=\"og:image\" content=\"https:\/\/perle-in.com\/wp-content\/uploads\/2025\/10\/10783881-1.jpg\" \/>\n\t<meta property=\"og:image:width\" content=\"1600\" \/>\n\t<meta property=\"og:image:height\" content=\"1600\" \/>\n\t<meta property=\"og:image:type\" content=\"image\/jpeg\" \/>\n<meta name=\"twitter:card\" content=\"summary_large_image\" \/>\n<script type=\"application\/ld+json\" class=\"yoast-schema-graph\">{\"@context\":\"https:\\\/\\\/schema.org\",\"@graph\":[{\"@type\":\"WebPage\",\"@id\":\"https:\\\/\\\/perle-in.com\\\/produit\\\/ensemble-cadeau-stylo-bille-et-stylo-roller-lucetto-en-aluminium-recycle-encre-noire\\\/\",\"url\":\"https:\\\/\\\/perle-in.com\\\/produit\\\/ensemble-cadeau-stylo-bille-et-stylo-roller-lucetto-en-aluminium-recycle-encre-noire\\\/\",\"name\":\"Ensemble-cadeau stylo bille et stylo roller Lucetto en aluminium recycl\u00e9 (encre noire) - PERLE IN\",\"isPartOf\":{\"@id\":\"https:\\\/\\\/perle-in.com\\\/#website\"},\"primaryImageOfPage\":{\"@id\":\"https:\\\/\\\/perle-in.com\\\/produit\\\/ensemble-cadeau-stylo-bille-et-stylo-roller-lucetto-en-aluminium-recycle-encre-noire\\\/#primaryimage\"},\"image\":{\"@id\":\"https:\\\/\\\/perle-in.com\\\/produit\\\/ensemble-cadeau-stylo-bille-et-stylo-roller-lucetto-en-aluminium-recycle-encre-noire\\\/#primaryimage\"},\"thumbnailUrl\":\"https:\\\/\\\/perle-in.com\\\/wp-content\\\/uploads\\\/2025\\\/10\\\/10783881-1.jpg\",\"datePublished\":\"2025-10-14T22:35:23+00:00\",\"dateModified\":\"2025-10-19T03:46:21+00:00\",\"breadcrumb\":{\"@id\":\"https:\\\/\\\/perle-in.com\\\/produit\\\/ensemble-cadeau-stylo-bille-et-stylo-roller-lucetto-en-aluminium-recycle-encre-noire\\\/#breadcrumb\"},\"inLanguage\":\"en-CA\",\"potentialAction\":[{\"@type\":\"ReadAction\",\"target\":[\"https:\\\/\\\/perle-in.com\\\/produit\\\/ensemble-cadeau-stylo-bille-et-stylo-roller-lucetto-en-aluminium-recycle-encre-noire\\\/\"]}]},{\"@type\":\"ImageObject\",\"inLanguage\":\"en-CA\",\"@id\":\"https:\\\/\\\/perle-in.com\\\/produit\\\/ensemble-cadeau-stylo-bille-et-stylo-roller-lucetto-en-aluminium-recycle-encre-noire\\\/#primaryimage\",\"url\":\"https:\\\/\\\/perle-in.com\\\/wp-content\\\/uploads\\\/2025\\\/10\\\/10783881-1.jpg\",\"contentUrl\":\"https:\\\/\\\/perle-in.com\\\/wp-content\\\/uploads\\\/2025\\\/10\\\/10783881-1.jpg\",\"width\":1600,\"height\":1600},{\"@type\":\"BreadcrumbList\",\"@id\":\"https:\\\/\\\/perle-in.com\\\/produit\\\/ensemble-cadeau-stylo-bille-et-stylo-roller-lucetto-en-aluminium-recycle-encre-noire\\\/#breadcrumb\",\"itemListElement\":[{\"@type\":\"ListItem\",\"position\":1,\"name\":\"Accueil\",\"item\":\"https:\\\/\\\/perle-in.com\\\/\"},{\"@type\":\"ListItem\",\"position\":2,\"name\":\"Boutique\",\"item\":\"https:\\\/\\\/perle-in.com\\\/boutique\\\/\"},{\"@type\":\"ListItem\",\"position\":3,\"name\":\"Ensemble-cadeau stylo bille et stylo roller Lucetto en aluminium recycl\u00e9 (encre noire)\"}]},{\"@type\":\"WebSite\",\"@id\":\"https:\\\/\\\/perle-in.com\\\/#website\",\"url\":\"https:\\\/\\\/perle-in.com\\\/\",\"name\":\"PERLE IN\",\"description\":\"\",\"publisher\":{\"@id\":\"https:\\\/\\\/perle-in.com\\\/#organization\"},\"potentialAction\":[{\"@type\":\"SearchAction\",\"target\":{\"@type\":\"EntryPoint\",\"urlTemplate\":\"https:\\\/\\\/perle-in.com\\\/?s={search_term_string}\"},\"query-input\":{\"@type\":\"PropertyValueSpecification\",\"valueRequired\":true,\"valueName\":\"search_term_string\"}}],\"inLanguage\":\"en-CA\"},{\"@type\":\"Organization\",\"@id\":\"https:\\\/\\\/perle-in.com\\\/#organization\",\"name\":\"PERLE IN\",\"url\":\"https:\\\/\\\/perle-in.com\\\/\",\"logo\":{\"@type\":\"ImageObject\",\"inLanguage\":\"en-CA\",\"@id\":\"https:\\\/\\\/perle-in.com\\\/#\\\/schema\\\/logo\\\/image\\\/\",\"url\":\"https:\\\/\\\/perle-in.com\\\/wp-content\\\/uploads\\\/2022\\\/12\\\/LOGO-PERLE-IN-COULEUR@3x.webp\",\"contentUrl\":\"https:\\\/\\\/perle-in.com\\\/wp-content\\\/uploads\\\/2022\\\/12\\\/LOGO-PERLE-IN-COULEUR@3x.webp\",\"width\":1600,\"height\":490,\"caption\":\"PERLE IN\"},\"image\":{\"@id\":\"https:\\\/\\\/perle-in.com\\\/#\\\/schema\\\/logo\\\/image\\\/\"}}]}<\/script>\n<!-- \/ Yoast SEO plugin. -->","yoast_head_json":{"title":"Ensemble-cadeau stylo bille et stylo roller Lucetto en aluminium recycl\u00e9 (encre noire) - PERLE IN","robots":{"index":"noindex","follow":"follow","max-snippet":"max-snippet:-1","max-image-preview":"max-image-preview:large","max-video-preview":"max-video-preview:-1"},"og_locale":"en_US","og_type":"article","og_title":"Ensemble-cadeau stylo bille et stylo roller Lucetto en aluminium recycl\u00e9 (encre noire) - PERLE IN","og_description":"Les corps de stylo de cet ensemble de stylo bille et stylo roller sont fabriqu\u00e9s en aluminium recycl\u00e9 anodis\u00e9 de couleur mate avec des accessoires chrom\u00e9s brillants. L'aluminium est un mat\u00e9riau hautement recyclable et en choisissant cet ensemble de stylos, vous pouvez soutenir des pratiques plus durables et donner une nouvelle vie aux mat\u00e9riaux en aluminium mis au rebut. Ces stylos sont une option pratique et plus durable pour les personnes et les organisations \u00e0 la recherche d'instruments d'\u00e9criture respectueux de l'environnement. Couleur d'encre du stylo\u00a0: Noire. Taille de la plume\u00a0: 1,0\u00a0mm. Longueur d'\u00e9criture\u00a0: 800\u00a0m\u00e8tres. Livr\u00e9 dans un coffret cadeau noir avec un ruban de soie noir. Taille de la bo\u00eete\u00a0: 16,2 x 5,1 x 2,7 cm.","og_url":"https:\/\/perle-in.com\/en\/product\/ensemble-cadeau-stylo-bille-et-stylo-roller-lucetto-en-aluminium-recycle-encre-noire\/","og_site_name":"PERLE IN","article_modified_time":"2025-10-19T03:46:21+00:00","og_image":[{"width":1600,"height":1600,"url":"https:\/\/perle-in.com\/wp-content\/uploads\/2025\/10\/10783881-1.jpg","type":"image\/jpeg"}],"twitter_card":"summary_large_image","schema":{"@context":"https:\/\/schema.org","@graph":[{"@type":"WebPage","@id":"https:\/\/perle-in.com\/produit\/ensemble-cadeau-stylo-bille-et-stylo-roller-lucetto-en-aluminium-recycle-encre-noire\/","url":"https:\/\/perle-in.com\/produit\/ensemble-cadeau-stylo-bille-et-stylo-roller-lucetto-en-aluminium-recycle-encre-noire\/","name":"Ensemble-cadeau stylo bille et stylo roller Lucetto en aluminium recycl\u00e9 (encre noire) - PERLE IN","isPartOf":{"@id":"https:\/\/perle-in.com\/#website"},"primaryImageOfPage":{"@id":"https:\/\/perle-in.com\/produit\/ensemble-cadeau-stylo-bille-et-stylo-roller-lucetto-en-aluminium-recycle-encre-noire\/#primaryimage"},"image":{"@id":"https:\/\/perle-in.com\/produit\/ensemble-cadeau-stylo-bille-et-stylo-roller-lucetto-en-aluminium-recycle-encre-noire\/#primaryimage"},"thumbnailUrl":"https:\/\/perle-in.com\/wp-content\/uploads\/2025\/10\/10783881-1.jpg","datePublished":"2025-10-14T22:35:23+00:00","dateModified":"2025-10-19T03:46:21+00:00","breadcrumb":{"@id":"https:\/\/perle-in.com\/produit\/ensemble-cadeau-stylo-bille-et-stylo-roller-lucetto-en-aluminium-recycle-encre-noire\/#breadcrumb"},"inLanguage":"en-CA","potentialAction":[{"@type":"ReadAction","target":["https:\/\/perle-in.com\/produit\/ensemble-cadeau-stylo-bille-et-stylo-roller-lucetto-en-aluminium-recycle-encre-noire\/"]}]},{"@type":"ImageObject","inLanguage":"en-CA","@id":"https:\/\/perle-in.com\/produit\/ensemble-cadeau-stylo-bille-et-stylo-roller-lucetto-en-aluminium-recycle-encre-noire\/#primaryimage","url":"https:\/\/perle-in.com\/wp-content\/uploads\/2025\/10\/10783881-1.jpg","contentUrl":"https:\/\/perle-in.com\/wp-content\/uploads\/2025\/10\/10783881-1.jpg","width":1600,"height":1600},{"@type":"BreadcrumbList","@id":"https:\/\/perle-in.com\/produit\/ensemble-cadeau-stylo-bille-et-stylo-roller-lucetto-en-aluminium-recycle-encre-noire\/#breadcrumb","itemListElement":[{"@type":"ListItem","position":1,"name":"Accueil","item":"https:\/\/perle-in.com\/"},{"@type":"ListItem","position":2,"name":"Boutique","item":"https:\/\/perle-in.com\/boutique\/"},{"@type":"ListItem","position":3,"name":"Ensemble-cadeau stylo bille et stylo roller Lucetto en aluminium recycl\u00e9 (encre noire)"}]},{"@type":"WebSite","@id":"https:\/\/perle-in.com\/#website","url":"https:\/\/perle-in.com\/","name":"PERLE IN","description":"","publisher":{"@id":"https:\/\/perle-in.com\/#organization"},"potentialAction":[{"@type":"SearchAction","target":{"@type":"EntryPoint","urlTemplate":"https:\/\/perle-in.com\/?s={search_term_string}"},"query-input":{"@type":"PropertyValueSpecification","valueRequired":true,"valueName":"search_term_string"}}],"inLanguage":"en-CA"},{"@type":"Organization","@id":"https:\/\/perle-in.com\/#organization","name":"PERLE IN","url":"https:\/\/perle-in.com\/","logo":{"@type":"ImageObject","inLanguage":"en-CA","@id":"https:\/\/perle-in.com\/#\/schema\/logo\/image\/","url":"https:\/\/perle-in.com\/wp-content\/uploads\/2022\/12\/LOGO-PERLE-IN-COULEUR@3x.webp","contentUrl":"https:\/\/perle-in.com\/wp-content\/uploads\/2022\/12\/LOGO-PERLE-IN-COULEUR@3x.webp","width":1600,"height":490,"caption":"PERLE IN"},"image":{"@id":"https:\/\/perle-in.com\/#\/schema\/logo\/image\/"}}]}},"jetpack_sharing_enabled":true,"_links":{"self":[{"href":"https:\/\/perle-in.com\/en\/wp-json\/wp\/v2\/product\/538454","targetHints":{"allow":["GET"]}}],"collection":[{"href":"https:\/\/perle-in.com\/en\/wp-json\/wp\/v2\/product"}],"about":[{"href":"https:\/\/perle-in.com\/en\/wp-json\/wp\/v2\/types\/product"}],"version-history":[{"count":0,"href":"https:\/\/perle-in.com\/en\/wp-json\/wp\/v2\/product\/538454\/revisions"}],"wp:featuredmedia":[{"embeddable":true,"href":"https:\/\/perle-in.com\/en\/wp-json\/wp\/v2\/media\/538445"}],"wp:attachment":[{"href":"https:\/\/perle-in.com\/en\/wp-json\/wp\/v2\/media?parent=538454"}],"wp:term":[{"taxonomy":"product_brand","embeddable":true,"href":"https:\/\/perle-in.com\/en\/wp-json\/wp\/v2\/product_brand?post=538454"},{"taxonomy":"product_cat","embeddable":true,"href":"https:\/\/perle-in.com\/en\/wp-json\/wp\/v2\/product_cat?post=538454"},{"taxonomy":"product_tag","embeddable":true,"href":"https:\/\/perle-in.com\/en\/wp-json\/wp\/v2\/product_tag?post=538454"}],"curies":[{"name":"wp","href":"https:\/\/api.w.org\/{rel}","templated":true}]}}