{"id":538395,"date":"2025-10-15T00:29:46","date_gmt":"2025-10-14T22:29:46","guid":{"rendered":"https:\/\/perle-in.com\/produit\/stylo-bille-chartik-monochromatique-en-papier-recycle-avec-finition-mate-encre-noire\/"},"modified":"2025-10-19T05:46:15","modified_gmt":"2025-10-19T03:46:15","slug":"stylo-bille-chartik-monochromatique-en-papier-recycle-avec-finition-mate-encre-noire","status":"publish","type":"product","link":"https:\/\/perle-in.com\/en\/product\/stylo-bille-chartik-monochromatique-en-papier-recycle-avec-finition-mate-encre-noire\/","title":{"rendered":"Stylo bille Chartik monochromatique en papier recycl\u00e9 avec finition mate (encre noire)"},"content":{"rendered":"","protected":false},"excerpt":{"rendered":"<p>Stylo bille mat monochrome en papier recycl\u00e9. En choisissant un stylo mat monochrome en papier recycl\u00e9, vous soutenez un sourcing plus durable et des pratiques foresti\u00e8res responsables. Ce stylo associe un look sophistiqu\u00e9 \u00e0 une approche respectueuse de l&#8217;environnement, car il utilise du papier provenant de for\u00eats g\u00e9r\u00e9es de mani\u00e8re responsable. Couleur d&#8217;encre du stylo\u00a0: Noire. Taille de la plume\u00a0: 1,00\u00a0mm. Longueur d&#8217;\u00e9criture\u00a0: 500\u00a0m\u00e8tres.<\/p>","protected":false},"featured_media":538386,"template":"","meta":{"_eb_attr":""},"product_brand":[],"product_cat":[552,568],"product_tag":[837,836,561,562],"class_list":{"0":"post-538395","1":"product","2":"type-product","3":"status-publish","4":"has-post-thumbnail","6":"product_cat-stylos-et-ecriture","7":"product_cat-stylos-bille","8":"product_tag-durable","9":"product_tag-recycle","10":"product_tag-stylo","11":"product_tag-stylos","12":"pa_couleurs-blanc","13":"pa_couleurs-bleu","14":"pa_couleurs-noir","15":"pa_couleurs-rouge","16":"pa_couleurs-vert","17":"pa_green-points-1501","18":"pa_matiere-papier-recycle","20":"first","21":"instock","22":"sale","23":"shipping-taxable","24":"purchasable","25":"product-type-variable"},"yoast_head":"<!-- This site is optimized with the Yoast SEO plugin v27.4 - https:\/\/yoast.com\/product\/yoast-seo-wordpress\/ -->\n<title>Stylo bille Chartik monochromatique en papier recycl\u00e9 avec finition mate (encre noire) - PERLE IN<\/title>\n<meta name=\"robots\" content=\"noindex, follow, max-snippet:-1, max-image-preview:large, max-video-preview:-1\" \/>\n<meta property=\"og:locale\" content=\"en_US\" \/>\n<meta property=\"og:type\" content=\"article\" \/>\n<meta property=\"og:title\" content=\"Stylo bille Chartik monochromatique en papier recycl\u00e9 avec finition mate (encre noire) - PERLE IN\" \/>\n<meta property=\"og:description\" content=\"Stylo bille mat monochrome en papier recycl\u00e9. En choisissant un stylo mat monochrome en papier recycl\u00e9, vous soutenez un sourcing plus durable et des pratiques foresti\u00e8res responsables. Ce stylo associe un look sophistiqu\u00e9 \u00e0 une approche respectueuse de l&#039;environnement, car il utilise du papier provenant de for\u00eats g\u00e9r\u00e9es de mani\u00e8re responsable. Couleur d&#039;encre du stylo\u00a0: Noire. Taille de la plume\u00a0: 1,00\u00a0mm. Longueur d&#039;\u00e9criture\u00a0: 500\u00a0m\u00e8tres.\" \/>\n<meta property=\"og:url\" content=\"https:\/\/perle-in.com\/en\/product\/stylo-bille-chartik-monochromatique-en-papier-recycle-avec-finition-mate-encre-noire\/\" \/>\n<meta property=\"og:site_name\" content=\"PERLE IN\" \/>\n<meta property=\"article:modified_time\" content=\"2025-10-19T03:46:15+00:00\" \/>\n<meta property=\"og:image\" content=\"https:\/\/perle-in.com\/wp-content\/uploads\/2025\/10\/10783901-1.jpg\" \/>\n\t<meta property=\"og:image:width\" content=\"1600\" \/>\n\t<meta property=\"og:image:height\" content=\"1600\" \/>\n\t<meta property=\"og:image:type\" content=\"image\/jpeg\" \/>\n<meta name=\"twitter:card\" content=\"summary_large_image\" \/>\n<script type=\"application\/ld+json\" class=\"yoast-schema-graph\">{\"@context\":\"https:\\\/\\\/schema.org\",\"@graph\":[{\"@type\":\"WebPage\",\"@id\":\"https:\\\/\\\/perle-in.com\\\/produit\\\/stylo-bille-chartik-monochromatique-en-papier-recycle-avec-finition-mate-encre-noire\\\/\",\"url\":\"https:\\\/\\\/perle-in.com\\\/produit\\\/stylo-bille-chartik-monochromatique-en-papier-recycle-avec-finition-mate-encre-noire\\\/\",\"name\":\"Stylo bille Chartik monochromatique en papier recycl\u00e9 avec finition mate (encre noire) - PERLE IN\",\"isPartOf\":{\"@id\":\"https:\\\/\\\/perle-in.com\\\/#website\"},\"primaryImageOfPage\":{\"@id\":\"https:\\\/\\\/perle-in.com\\\/produit\\\/stylo-bille-chartik-monochromatique-en-papier-recycle-avec-finition-mate-encre-noire\\\/#primaryimage\"},\"image\":{\"@id\":\"https:\\\/\\\/perle-in.com\\\/produit\\\/stylo-bille-chartik-monochromatique-en-papier-recycle-avec-finition-mate-encre-noire\\\/#primaryimage\"},\"thumbnailUrl\":\"https:\\\/\\\/perle-in.com\\\/wp-content\\\/uploads\\\/2025\\\/10\\\/10783901-1.jpg\",\"datePublished\":\"2025-10-14T22:29:46+00:00\",\"dateModified\":\"2025-10-19T03:46:15+00:00\",\"breadcrumb\":{\"@id\":\"https:\\\/\\\/perle-in.com\\\/produit\\\/stylo-bille-chartik-monochromatique-en-papier-recycle-avec-finition-mate-encre-noire\\\/#breadcrumb\"},\"inLanguage\":\"en-CA\",\"potentialAction\":[{\"@type\":\"ReadAction\",\"target\":[\"https:\\\/\\\/perle-in.com\\\/produit\\\/stylo-bille-chartik-monochromatique-en-papier-recycle-avec-finition-mate-encre-noire\\\/\"]}]},{\"@type\":\"ImageObject\",\"inLanguage\":\"en-CA\",\"@id\":\"https:\\\/\\\/perle-in.com\\\/produit\\\/stylo-bille-chartik-monochromatique-en-papier-recycle-avec-finition-mate-encre-noire\\\/#primaryimage\",\"url\":\"https:\\\/\\\/perle-in.com\\\/wp-content\\\/uploads\\\/2025\\\/10\\\/10783901-1.jpg\",\"contentUrl\":\"https:\\\/\\\/perle-in.com\\\/wp-content\\\/uploads\\\/2025\\\/10\\\/10783901-1.jpg\",\"width\":1600,\"height\":1600},{\"@type\":\"BreadcrumbList\",\"@id\":\"https:\\\/\\\/perle-in.com\\\/produit\\\/stylo-bille-chartik-monochromatique-en-papier-recycle-avec-finition-mate-encre-noire\\\/#breadcrumb\",\"itemListElement\":[{\"@type\":\"ListItem\",\"position\":1,\"name\":\"Accueil\",\"item\":\"https:\\\/\\\/perle-in.com\\\/\"},{\"@type\":\"ListItem\",\"position\":2,\"name\":\"Boutique\",\"item\":\"https:\\\/\\\/perle-in.com\\\/boutique\\\/\"},{\"@type\":\"ListItem\",\"position\":3,\"name\":\"Stylo bille Chartik monochromatique en papier recycl\u00e9 avec finition mate (encre noire)\"}]},{\"@type\":\"WebSite\",\"@id\":\"https:\\\/\\\/perle-in.com\\\/#website\",\"url\":\"https:\\\/\\\/perle-in.com\\\/\",\"name\":\"PERLE IN\",\"description\":\"\",\"publisher\":{\"@id\":\"https:\\\/\\\/perle-in.com\\\/#organization\"},\"potentialAction\":[{\"@type\":\"SearchAction\",\"target\":{\"@type\":\"EntryPoint\",\"urlTemplate\":\"https:\\\/\\\/perle-in.com\\\/?s={search_term_string}\"},\"query-input\":{\"@type\":\"PropertyValueSpecification\",\"valueRequired\":true,\"valueName\":\"search_term_string\"}}],\"inLanguage\":\"en-CA\"},{\"@type\":\"Organization\",\"@id\":\"https:\\\/\\\/perle-in.com\\\/#organization\",\"name\":\"PERLE IN\",\"url\":\"https:\\\/\\\/perle-in.com\\\/\",\"logo\":{\"@type\":\"ImageObject\",\"inLanguage\":\"en-CA\",\"@id\":\"https:\\\/\\\/perle-in.com\\\/#\\\/schema\\\/logo\\\/image\\\/\",\"url\":\"https:\\\/\\\/perle-in.com\\\/wp-content\\\/uploads\\\/2022\\\/12\\\/LOGO-PERLE-IN-COULEUR@3x.webp\",\"contentUrl\":\"https:\\\/\\\/perle-in.com\\\/wp-content\\\/uploads\\\/2022\\\/12\\\/LOGO-PERLE-IN-COULEUR@3x.webp\",\"width\":1600,\"height\":490,\"caption\":\"PERLE IN\"},\"image\":{\"@id\":\"https:\\\/\\\/perle-in.com\\\/#\\\/schema\\\/logo\\\/image\\\/\"}}]}<\/script>\n<!-- \/ Yoast SEO plugin. -->","yoast_head_json":{"title":"Stylo bille Chartik monochromatique en papier recycl\u00e9 avec finition mate (encre noire) - PERLE IN","robots":{"index":"noindex","follow":"follow","max-snippet":"max-snippet:-1","max-image-preview":"max-image-preview:large","max-video-preview":"max-video-preview:-1"},"og_locale":"en_US","og_type":"article","og_title":"Stylo bille Chartik monochromatique en papier recycl\u00e9 avec finition mate (encre noire) - PERLE IN","og_description":"Stylo bille mat monochrome en papier recycl\u00e9. En choisissant un stylo mat monochrome en papier recycl\u00e9, vous soutenez un sourcing plus durable et des pratiques foresti\u00e8res responsables. Ce stylo associe un look sophistiqu\u00e9 \u00e0 une approche respectueuse de l'environnement, car il utilise du papier provenant de for\u00eats g\u00e9r\u00e9es de mani\u00e8re responsable. Couleur d'encre du stylo\u00a0: Noire. Taille de la plume\u00a0: 1,00\u00a0mm. Longueur d'\u00e9criture\u00a0: 500\u00a0m\u00e8tres.","og_url":"https:\/\/perle-in.com\/en\/product\/stylo-bille-chartik-monochromatique-en-papier-recycle-avec-finition-mate-encre-noire\/","og_site_name":"PERLE IN","article_modified_time":"2025-10-19T03:46:15+00:00","og_image":[{"width":1600,"height":1600,"url":"https:\/\/perle-in.com\/wp-content\/uploads\/2025\/10\/10783901-1.jpg","type":"image\/jpeg"}],"twitter_card":"summary_large_image","schema":{"@context":"https:\/\/schema.org","@graph":[{"@type":"WebPage","@id":"https:\/\/perle-in.com\/produit\/stylo-bille-chartik-monochromatique-en-papier-recycle-avec-finition-mate-encre-noire\/","url":"https:\/\/perle-in.com\/produit\/stylo-bille-chartik-monochromatique-en-papier-recycle-avec-finition-mate-encre-noire\/","name":"Stylo bille Chartik monochromatique en papier recycl\u00e9 avec finition mate (encre noire) - PERLE IN","isPartOf":{"@id":"https:\/\/perle-in.com\/#website"},"primaryImageOfPage":{"@id":"https:\/\/perle-in.com\/produit\/stylo-bille-chartik-monochromatique-en-papier-recycle-avec-finition-mate-encre-noire\/#primaryimage"},"image":{"@id":"https:\/\/perle-in.com\/produit\/stylo-bille-chartik-monochromatique-en-papier-recycle-avec-finition-mate-encre-noire\/#primaryimage"},"thumbnailUrl":"https:\/\/perle-in.com\/wp-content\/uploads\/2025\/10\/10783901-1.jpg","datePublished":"2025-10-14T22:29:46+00:00","dateModified":"2025-10-19T03:46:15+00:00","breadcrumb":{"@id":"https:\/\/perle-in.com\/produit\/stylo-bille-chartik-monochromatique-en-papier-recycle-avec-finition-mate-encre-noire\/#breadcrumb"},"inLanguage":"en-CA","potentialAction":[{"@type":"ReadAction","target":["https:\/\/perle-in.com\/produit\/stylo-bille-chartik-monochromatique-en-papier-recycle-avec-finition-mate-encre-noire\/"]}]},{"@type":"ImageObject","inLanguage":"en-CA","@id":"https:\/\/perle-in.com\/produit\/stylo-bille-chartik-monochromatique-en-papier-recycle-avec-finition-mate-encre-noire\/#primaryimage","url":"https:\/\/perle-in.com\/wp-content\/uploads\/2025\/10\/10783901-1.jpg","contentUrl":"https:\/\/perle-in.com\/wp-content\/uploads\/2025\/10\/10783901-1.jpg","width":1600,"height":1600},{"@type":"BreadcrumbList","@id":"https:\/\/perle-in.com\/produit\/stylo-bille-chartik-monochromatique-en-papier-recycle-avec-finition-mate-encre-noire\/#breadcrumb","itemListElement":[{"@type":"ListItem","position":1,"name":"Accueil","item":"https:\/\/perle-in.com\/"},{"@type":"ListItem","position":2,"name":"Boutique","item":"https:\/\/perle-in.com\/boutique\/"},{"@type":"ListItem","position":3,"name":"Stylo bille Chartik monochromatique en papier recycl\u00e9 avec finition mate (encre noire)"}]},{"@type":"WebSite","@id":"https:\/\/perle-in.com\/#website","url":"https:\/\/perle-in.com\/","name":"PERLE IN","description":"","publisher":{"@id":"https:\/\/perle-in.com\/#organization"},"potentialAction":[{"@type":"SearchAction","target":{"@type":"EntryPoint","urlTemplate":"https:\/\/perle-in.com\/?s={search_term_string}"},"query-input":{"@type":"PropertyValueSpecification","valueRequired":true,"valueName":"search_term_string"}}],"inLanguage":"en-CA"},{"@type":"Organization","@id":"https:\/\/perle-in.com\/#organization","name":"PERLE IN","url":"https:\/\/perle-in.com\/","logo":{"@type":"ImageObject","inLanguage":"en-CA","@id":"https:\/\/perle-in.com\/#\/schema\/logo\/image\/","url":"https:\/\/perle-in.com\/wp-content\/uploads\/2022\/12\/LOGO-PERLE-IN-COULEUR@3x.webp","contentUrl":"https:\/\/perle-in.com\/wp-content\/uploads\/2022\/12\/LOGO-PERLE-IN-COULEUR@3x.webp","width":1600,"height":490,"caption":"PERLE IN"},"image":{"@id":"https:\/\/perle-in.com\/#\/schema\/logo\/image\/"}}]}},"jetpack_sharing_enabled":true,"_links":{"self":[{"href":"https:\/\/perle-in.com\/en\/wp-json\/wp\/v2\/product\/538395","targetHints":{"allow":["GET"]}}],"collection":[{"href":"https:\/\/perle-in.com\/en\/wp-json\/wp\/v2\/product"}],"about":[{"href":"https:\/\/perle-in.com\/en\/wp-json\/wp\/v2\/types\/product"}],"version-history":[{"count":0,"href":"https:\/\/perle-in.com\/en\/wp-json\/wp\/v2\/product\/538395\/revisions"}],"wp:featuredmedia":[{"embeddable":true,"href":"https:\/\/perle-in.com\/en\/wp-json\/wp\/v2\/media\/538386"}],"wp:attachment":[{"href":"https:\/\/perle-in.com\/en\/wp-json\/wp\/v2\/media?parent=538395"}],"wp:term":[{"taxonomy":"product_brand","embeddable":true,"href":"https:\/\/perle-in.com\/en\/wp-json\/wp\/v2\/product_brand?post=538395"},{"taxonomy":"product_cat","embeddable":true,"href":"https:\/\/perle-in.com\/en\/wp-json\/wp\/v2\/product_cat?post=538395"},{"taxonomy":"product_tag","embeddable":true,"href":"https:\/\/perle-in.com\/en\/wp-json\/wp\/v2\/product_tag?post=538395"}],"curies":[{"name":"wp","href":"https:\/\/api.w.org\/{rel}","templated":true}]}}