{"id":538344,"date":"2025-10-15T00:20:31","date_gmt":"2025-10-14T22:20:31","guid":{"rendered":"https:\/\/perle-in.com\/produit\/set-de-coloriage-artemaa-avec-6-crayons\/"},"modified":"2025-10-19T05:46:10","modified_gmt":"2025-10-19T03:46:10","slug":"set-de-coloriage-artemaa-avec-6-crayons","status":"publish","type":"product","link":"https:\/\/perle-in.com\/en\/product\/set-de-coloriage-artemaa-avec-6-crayons\/","title":{"rendered":"Set de coloriage Artemaa avec 6\u00a0crayons"},"content":{"rendered":"","protected":false},"excerpt":{"rendered":"<p>Set de coloriage avec 6\u00a0crayons en bois de peuplier. En optant pour un set de coloriage en bois provenant de for\u00eats g\u00e9r\u00e9es de mani\u00e8re responsable, vous pouvez soutenir des pratiques plus durables et \u00e9thiques dans la production de fournitures artistiques. Livr\u00e9 avec un manuel dans une bo\u00eete en papier Kraft. Dimensions du crayon\u00a0: 87 x 7 mm. Avertissement ! Ne convient pas aux enfants de moins de trois ans. Petites pi\u00e8ces. Risque d&#8217;\u00e9touffement.<\/p>","protected":false},"featured_media":538339,"template":"","meta":{"_eb_attr":""},"product_brand":[],"product_cat":[553,552],"product_tag":[3238,3237,554,555,3052,837,3162],"class_list":{"0":"post-538344","1":"product","2":"type-product","3":"status-publish","4":"has-post-thumbnail","6":"product_cat-sets-de-coloriage","7":"product_cat-stylos-et-ecriture","8":"product_tag-art","9":"product_tag-coloriage","10":"product_tag-crayon","11":"product_tag-crayons","12":"product_tag-dessin","13":"product_tag-durable","14":"product_tag-set","15":"pa_couleurs-naturel","17":"first","18":"instock","19":"sale","20":"shipping-taxable","21":"purchasable","22":"product-type-variable"},"yoast_head":"<!-- This site is optimized with the Yoast SEO plugin v27.4 - https:\/\/yoast.com\/product\/yoast-seo-wordpress\/ -->\n<title>Set de coloriage Artemaa avec 6\u00a0crayons - PERLE IN<\/title>\n<meta name=\"robots\" content=\"noindex, follow, max-snippet:-1, max-image-preview:large, max-video-preview:-1\" \/>\n<meta property=\"og:locale\" content=\"en_US\" \/>\n<meta property=\"og:type\" content=\"article\" \/>\n<meta property=\"og:title\" content=\"Set de coloriage Artemaa avec 6\u00a0crayons - PERLE IN\" \/>\n<meta property=\"og:description\" content=\"Set de coloriage avec 6\u00a0crayons en bois de peuplier. En optant pour un set de coloriage en bois provenant de for\u00eats g\u00e9r\u00e9es de mani\u00e8re responsable, vous pouvez soutenir des pratiques plus durables et \u00e9thiques dans la production de fournitures artistiques. Livr\u00e9 avec un manuel dans une bo\u00eete en papier Kraft. Dimensions du crayon\u00a0: 87 x 7 mm. Avertissement ! Ne convient pas aux enfants de moins de trois ans. Petites pi\u00e8ces. Risque d&#039;\u00e9touffement.\" \/>\n<meta property=\"og:url\" content=\"https:\/\/perle-in.com\/en\/product\/set-de-coloriage-artemaa-avec-6-crayons\/\" \/>\n<meta property=\"og:site_name\" content=\"PERLE IN\" \/>\n<meta property=\"article:modified_time\" content=\"2025-10-19T03:46:10+00:00\" \/>\n<meta property=\"og:image\" content=\"https:\/\/perle-in.com\/wp-content\/uploads\/2025\/10\/10783006-1.jpg\" \/>\n\t<meta property=\"og:image:width\" content=\"1600\" \/>\n\t<meta property=\"og:image:height\" content=\"1600\" \/>\n\t<meta property=\"og:image:type\" content=\"image\/jpeg\" \/>\n<meta name=\"twitter:card\" content=\"summary_large_image\" \/>\n<script type=\"application\/ld+json\" class=\"yoast-schema-graph\">{\"@context\":\"https:\\\/\\\/schema.org\",\"@graph\":[{\"@type\":\"WebPage\",\"@id\":\"https:\\\/\\\/perle-in.com\\\/produit\\\/set-de-coloriage-artemaa-avec-6-crayons\\\/\",\"url\":\"https:\\\/\\\/perle-in.com\\\/produit\\\/set-de-coloriage-artemaa-avec-6-crayons\\\/\",\"name\":\"Set de coloriage Artemaa avec 6\u00a0crayons - PERLE IN\",\"isPartOf\":{\"@id\":\"https:\\\/\\\/perle-in.com\\\/#website\"},\"primaryImageOfPage\":{\"@id\":\"https:\\\/\\\/perle-in.com\\\/produit\\\/set-de-coloriage-artemaa-avec-6-crayons\\\/#primaryimage\"},\"image\":{\"@id\":\"https:\\\/\\\/perle-in.com\\\/produit\\\/set-de-coloriage-artemaa-avec-6-crayons\\\/#primaryimage\"},\"thumbnailUrl\":\"https:\\\/\\\/perle-in.com\\\/wp-content\\\/uploads\\\/2025\\\/10\\\/10783006-1.jpg\",\"datePublished\":\"2025-10-14T22:20:31+00:00\",\"dateModified\":\"2025-10-19T03:46:10+00:00\",\"breadcrumb\":{\"@id\":\"https:\\\/\\\/perle-in.com\\\/produit\\\/set-de-coloriage-artemaa-avec-6-crayons\\\/#breadcrumb\"},\"inLanguage\":\"en-CA\",\"potentialAction\":[{\"@type\":\"ReadAction\",\"target\":[\"https:\\\/\\\/perle-in.com\\\/produit\\\/set-de-coloriage-artemaa-avec-6-crayons\\\/\"]}]},{\"@type\":\"ImageObject\",\"inLanguage\":\"en-CA\",\"@id\":\"https:\\\/\\\/perle-in.com\\\/produit\\\/set-de-coloriage-artemaa-avec-6-crayons\\\/#primaryimage\",\"url\":\"https:\\\/\\\/perle-in.com\\\/wp-content\\\/uploads\\\/2025\\\/10\\\/10783006-1.jpg\",\"contentUrl\":\"https:\\\/\\\/perle-in.com\\\/wp-content\\\/uploads\\\/2025\\\/10\\\/10783006-1.jpg\",\"width\":1600,\"height\":1600},{\"@type\":\"BreadcrumbList\",\"@id\":\"https:\\\/\\\/perle-in.com\\\/produit\\\/set-de-coloriage-artemaa-avec-6-crayons\\\/#breadcrumb\",\"itemListElement\":[{\"@type\":\"ListItem\",\"position\":1,\"name\":\"Accueil\",\"item\":\"https:\\\/\\\/perle-in.com\\\/\"},{\"@type\":\"ListItem\",\"position\":2,\"name\":\"Boutique\",\"item\":\"https:\\\/\\\/perle-in.com\\\/boutique\\\/\"},{\"@type\":\"ListItem\",\"position\":3,\"name\":\"Set de coloriage Artemaa avec 6\u00a0crayons\"}]},{\"@type\":\"WebSite\",\"@id\":\"https:\\\/\\\/perle-in.com\\\/#website\",\"url\":\"https:\\\/\\\/perle-in.com\\\/\",\"name\":\"PERLE IN\",\"description\":\"\",\"publisher\":{\"@id\":\"https:\\\/\\\/perle-in.com\\\/#organization\"},\"potentialAction\":[{\"@type\":\"SearchAction\",\"target\":{\"@type\":\"EntryPoint\",\"urlTemplate\":\"https:\\\/\\\/perle-in.com\\\/?s={search_term_string}\"},\"query-input\":{\"@type\":\"PropertyValueSpecification\",\"valueRequired\":true,\"valueName\":\"search_term_string\"}}],\"inLanguage\":\"en-CA\"},{\"@type\":\"Organization\",\"@id\":\"https:\\\/\\\/perle-in.com\\\/#organization\",\"name\":\"PERLE IN\",\"url\":\"https:\\\/\\\/perle-in.com\\\/\",\"logo\":{\"@type\":\"ImageObject\",\"inLanguage\":\"en-CA\",\"@id\":\"https:\\\/\\\/perle-in.com\\\/#\\\/schema\\\/logo\\\/image\\\/\",\"url\":\"https:\\\/\\\/perle-in.com\\\/wp-content\\\/uploads\\\/2022\\\/12\\\/LOGO-PERLE-IN-COULEUR@3x.webp\",\"contentUrl\":\"https:\\\/\\\/perle-in.com\\\/wp-content\\\/uploads\\\/2022\\\/12\\\/LOGO-PERLE-IN-COULEUR@3x.webp\",\"width\":1600,\"height\":490,\"caption\":\"PERLE IN\"},\"image\":{\"@id\":\"https:\\\/\\\/perle-in.com\\\/#\\\/schema\\\/logo\\\/image\\\/\"}}]}<\/script>\n<!-- \/ Yoast SEO plugin. -->","yoast_head_json":{"title":"Set de coloriage Artemaa avec 6\u00a0crayons - PERLE IN","robots":{"index":"noindex","follow":"follow","max-snippet":"max-snippet:-1","max-image-preview":"max-image-preview:large","max-video-preview":"max-video-preview:-1"},"og_locale":"en_US","og_type":"article","og_title":"Set de coloriage Artemaa avec 6\u00a0crayons - PERLE IN","og_description":"Set de coloriage avec 6\u00a0crayons en bois de peuplier. En optant pour un set de coloriage en bois provenant de for\u00eats g\u00e9r\u00e9es de mani\u00e8re responsable, vous pouvez soutenir des pratiques plus durables et \u00e9thiques dans la production de fournitures artistiques. Livr\u00e9 avec un manuel dans une bo\u00eete en papier Kraft. Dimensions du crayon\u00a0: 87 x 7 mm. Avertissement ! Ne convient pas aux enfants de moins de trois ans. Petites pi\u00e8ces. Risque d'\u00e9touffement.","og_url":"https:\/\/perle-in.com\/en\/product\/set-de-coloriage-artemaa-avec-6-crayons\/","og_site_name":"PERLE IN","article_modified_time":"2025-10-19T03:46:10+00:00","og_image":[{"width":1600,"height":1600,"url":"https:\/\/perle-in.com\/wp-content\/uploads\/2025\/10\/10783006-1.jpg","type":"image\/jpeg"}],"twitter_card":"summary_large_image","schema":{"@context":"https:\/\/schema.org","@graph":[{"@type":"WebPage","@id":"https:\/\/perle-in.com\/produit\/set-de-coloriage-artemaa-avec-6-crayons\/","url":"https:\/\/perle-in.com\/produit\/set-de-coloriage-artemaa-avec-6-crayons\/","name":"Set de coloriage Artemaa avec 6\u00a0crayons - PERLE IN","isPartOf":{"@id":"https:\/\/perle-in.com\/#website"},"primaryImageOfPage":{"@id":"https:\/\/perle-in.com\/produit\/set-de-coloriage-artemaa-avec-6-crayons\/#primaryimage"},"image":{"@id":"https:\/\/perle-in.com\/produit\/set-de-coloriage-artemaa-avec-6-crayons\/#primaryimage"},"thumbnailUrl":"https:\/\/perle-in.com\/wp-content\/uploads\/2025\/10\/10783006-1.jpg","datePublished":"2025-10-14T22:20:31+00:00","dateModified":"2025-10-19T03:46:10+00:00","breadcrumb":{"@id":"https:\/\/perle-in.com\/produit\/set-de-coloriage-artemaa-avec-6-crayons\/#breadcrumb"},"inLanguage":"en-CA","potentialAction":[{"@type":"ReadAction","target":["https:\/\/perle-in.com\/produit\/set-de-coloriage-artemaa-avec-6-crayons\/"]}]},{"@type":"ImageObject","inLanguage":"en-CA","@id":"https:\/\/perle-in.com\/produit\/set-de-coloriage-artemaa-avec-6-crayons\/#primaryimage","url":"https:\/\/perle-in.com\/wp-content\/uploads\/2025\/10\/10783006-1.jpg","contentUrl":"https:\/\/perle-in.com\/wp-content\/uploads\/2025\/10\/10783006-1.jpg","width":1600,"height":1600},{"@type":"BreadcrumbList","@id":"https:\/\/perle-in.com\/produit\/set-de-coloriage-artemaa-avec-6-crayons\/#breadcrumb","itemListElement":[{"@type":"ListItem","position":1,"name":"Accueil","item":"https:\/\/perle-in.com\/"},{"@type":"ListItem","position":2,"name":"Boutique","item":"https:\/\/perle-in.com\/boutique\/"},{"@type":"ListItem","position":3,"name":"Set de coloriage Artemaa avec 6\u00a0crayons"}]},{"@type":"WebSite","@id":"https:\/\/perle-in.com\/#website","url":"https:\/\/perle-in.com\/","name":"PERLE IN","description":"","publisher":{"@id":"https:\/\/perle-in.com\/#organization"},"potentialAction":[{"@type":"SearchAction","target":{"@type":"EntryPoint","urlTemplate":"https:\/\/perle-in.com\/?s={search_term_string}"},"query-input":{"@type":"PropertyValueSpecification","valueRequired":true,"valueName":"search_term_string"}}],"inLanguage":"en-CA"},{"@type":"Organization","@id":"https:\/\/perle-in.com\/#organization","name":"PERLE IN","url":"https:\/\/perle-in.com\/","logo":{"@type":"ImageObject","inLanguage":"en-CA","@id":"https:\/\/perle-in.com\/#\/schema\/logo\/image\/","url":"https:\/\/perle-in.com\/wp-content\/uploads\/2022\/12\/LOGO-PERLE-IN-COULEUR@3x.webp","contentUrl":"https:\/\/perle-in.com\/wp-content\/uploads\/2022\/12\/LOGO-PERLE-IN-COULEUR@3x.webp","width":1600,"height":490,"caption":"PERLE IN"},"image":{"@id":"https:\/\/perle-in.com\/#\/schema\/logo\/image\/"}}]}},"jetpack_sharing_enabled":true,"_links":{"self":[{"href":"https:\/\/perle-in.com\/en\/wp-json\/wp\/v2\/product\/538344","targetHints":{"allow":["GET"]}}],"collection":[{"href":"https:\/\/perle-in.com\/en\/wp-json\/wp\/v2\/product"}],"about":[{"href":"https:\/\/perle-in.com\/en\/wp-json\/wp\/v2\/types\/product"}],"version-history":[{"count":0,"href":"https:\/\/perle-in.com\/en\/wp-json\/wp\/v2\/product\/538344\/revisions"}],"wp:featuredmedia":[{"embeddable":true,"href":"https:\/\/perle-in.com\/en\/wp-json\/wp\/v2\/media\/538339"}],"wp:attachment":[{"href":"https:\/\/perle-in.com\/en\/wp-json\/wp\/v2\/media?parent=538344"}],"wp:term":[{"taxonomy":"product_brand","embeddable":true,"href":"https:\/\/perle-in.com\/en\/wp-json\/wp\/v2\/product_brand?post=538344"},{"taxonomy":"product_cat","embeddable":true,"href":"https:\/\/perle-in.com\/en\/wp-json\/wp\/v2\/product_cat?post=538344"},{"taxonomy":"product_tag","embeddable":true,"href":"https:\/\/perle-in.com\/en\/wp-json\/wp\/v2\/product_tag?post=538344"}],"curies":[{"name":"wp","href":"https:\/\/api.w.org\/{rel}","templated":true}]}}